{"id":10575,"date":"2024-09-26T09:03:30","date_gmt":"2024-09-26T07:03:30","guid":{"rendered":"https:\/\/balteschwiler.ch\/?page_id=10575"},"modified":"2024-10-09T08:25:10","modified_gmt":"2024-10-09T06:25:10","slug":"magnumboard-efh-brugg","status":"publish","type":"page","link":"https:\/\/balteschwiler.ch\/fr\/references\/magnumboard-efh-brugg\/","title":{"rendered":"Magnumboard EFH Br\u00fcgg &#8211; FR"},"content":{"rendered":"<div class=\"gb-container gb-container-6ec57639 loadondesktop\"><div class=\"gb-inside-container\">\n<div class=\"gb-grid-wrapper gb-grid-wrapper-d212ffc2\">\n<div class=\"gb-grid-column gb-grid-column-6290146c\"><div class=\"gb-container gb-container-6290146c\"><div class=\"gb-inside-container\">\n\n<p class=\"gb-headline gb-headline-a9091560 gb-headline-text\"><strong>Produits constructifs<\/strong><\/p>\n\n\n\n<h1 class=\"gb-headline gb-headline-ae3932be gb-headline-text\">MAGNUMBOARD\u00ae OSB\r\nSur\u00e9l\u00e9vation, maison individuelle \u00e0 Br\u00fcgg<\/h1>\n\n<\/div><\/div><\/div>\n<\/div>\n<\/div><\/div><div class=\"gb-container gb-container-0f7de636\"><div class=\"gb-inside-container\">\n\n<div class=\"wp-block-uagb-slider uagb-block-fcd85a6a uagb-slider-container\"><div class=\"uagb-slides uagb-swiper\"><div class=\"swiper-wrapper\">\n<div class=\"wp-block-uagb-slider-child uagb-slider-child-wrap swiper-slide uagb-block-44148da8\"><div class=\"swiper-content\">\n<figure class=\"wp-block-image size-full\"><img loading=\"lazy\" decoding=\"async\" width=\"2560\" height=\"1707\" src=\"https:\/\/balteschwiler.ch\/wp-content\/uploads\/2024\/09\/F4A7196low-3-scaled.jpg\" alt=\"\" class=\"wp-image-10598\" srcset=\"https:\/\/balteschwiler.ch\/wp-content\/uploads\/2024\/09\/F4A7196low-3-scaled.jpg 2560w, https:\/\/balteschwiler.ch\/wp-content\/uploads\/2024\/09\/F4A7196low-3-300x200.jpg 300w, https:\/\/balteschwiler.ch\/wp-content\/uploads\/2024\/09\/F4A7196low-3-1024x683.jpg 1024w, https:\/\/balteschwiler.ch\/wp-content\/uploads\/2024\/09\/F4A7196low-3-768x512.jpg 768w, https:\/\/balteschwiler.ch\/wp-content\/uploads\/2024\/09\/F4A7196low-3-50x33.jpg 50w\" sizes=\"auto, (max-width: 2560px) 100vw, 2560px\" \/><\/figure>\n<\/div><\/div>\n\n\n\n<div class=\"wp-block-uagb-slider-child uagb-slider-child-wrap swiper-slide uagb-block-6bb11d49\"><div class=\"swiper-content\">\n<figure class=\"wp-block-image size-full\"><img loading=\"lazy\" decoding=\"async\" width=\"2560\" height=\"1920\" src=\"https:\/\/balteschwiler.ch\/wp-content\/uploads\/2024\/09\/IMG_3792low-scaled.jpg\" alt=\"\" class=\"wp-image-10577\" srcset=\"https:\/\/balteschwiler.ch\/wp-content\/uploads\/2024\/09\/IMG_3792low-scaled.jpg 2560w, https:\/\/balteschwiler.ch\/wp-content\/uploads\/2024\/09\/IMG_3792low-300x225.jpg 300w, https:\/\/balteschwiler.ch\/wp-content\/uploads\/2024\/09\/IMG_3792low-1024x768.jpg 1024w, https:\/\/balteschwiler.ch\/wp-content\/uploads\/2024\/09\/IMG_3792low-768x576.jpg 768w, https:\/\/balteschwiler.ch\/wp-content\/uploads\/2024\/09\/IMG_3792low-50x38.jpg 50w, https:\/\/balteschwiler.ch\/wp-content\/uploads\/2024\/09\/IMG_3792low-1600x1200.jpg 1600w, https:\/\/balteschwiler.ch\/wp-content\/uploads\/2024\/09\/IMG_3792low-1536x1152.jpg 1536w, https:\/\/balteschwiler.ch\/wp-content\/uploads\/2024\/09\/IMG_3792low-2048x1536.jpg 2048w\" sizes=\"auto, (max-width: 2560px) 100vw, 2560px\" \/><\/figure>\n<\/div><\/div>\n\n\n\n<div class=\"wp-block-uagb-slider-child uagb-slider-child-wrap swiper-slide uagb-block-d680947f\"><div class=\"swiper-content\">\n<figure class=\"wp-block-image size-full\"><img loading=\"lazy\" decoding=\"async\" width=\"2560\" height=\"1920\" src=\"https:\/\/balteschwiler.ch\/wp-content\/uploads\/2024\/09\/IMG_3800low-scaled.jpg\" alt=\"\" class=\"wp-image-10587\" srcset=\"https:\/\/balteschwiler.ch\/wp-content\/uploads\/2024\/09\/IMG_3800low-scaled.jpg 2560w, https:\/\/balteschwiler.ch\/wp-content\/uploads\/2024\/09\/IMG_3800low-300x225.jpg 300w, https:\/\/balteschwiler.ch\/wp-content\/uploads\/2024\/09\/IMG_3800low-1024x768.jpg 1024w, https:\/\/balteschwiler.ch\/wp-content\/uploads\/2024\/09\/IMG_3800low-768x576.jpg 768w, https:\/\/balteschwiler.ch\/wp-content\/uploads\/2024\/09\/IMG_3800low-50x38.jpg 50w, https:\/\/balteschwiler.ch\/wp-content\/uploads\/2024\/09\/IMG_3800low-1600x1200.jpg 1600w, https:\/\/balteschwiler.ch\/wp-content\/uploads\/2024\/09\/IMG_3800low-1536x1152.jpg 1536w, https:\/\/balteschwiler.ch\/wp-content\/uploads\/2024\/09\/IMG_3800low-2048x1536.jpg 2048w\" sizes=\"auto, (max-width: 2560px) 100vw, 2560px\" \/><\/figure>\n<\/div><\/div>\n\n\n\n<div class=\"wp-block-uagb-slider-child uagb-slider-child-wrap swiper-slide uagb-block-2128fd97\"><div class=\"swiper-content\">\n<figure class=\"wp-block-image size-full\"><img loading=\"lazy\" decoding=\"async\" width=\"2560\" height=\"1920\" src=\"https:\/\/balteschwiler.ch\/wp-content\/uploads\/2024\/09\/IMG_3799low-scaled.jpg\" alt=\"\" class=\"wp-image-10583\" srcset=\"https:\/\/balteschwiler.ch\/wp-content\/uploads\/2024\/09\/IMG_3799low-scaled.jpg 2560w, https:\/\/balteschwiler.ch\/wp-content\/uploads\/2024\/09\/IMG_3799low-300x225.jpg 300w, https:\/\/balteschwiler.ch\/wp-content\/uploads\/2024\/09\/IMG_3799low-1024x768.jpg 1024w, https:\/\/balteschwiler.ch\/wp-content\/uploads\/2024\/09\/IMG_3799low-768x576.jpg 768w, https:\/\/balteschwiler.ch\/wp-content\/uploads\/2024\/09\/IMG_3799low-50x38.jpg 50w, https:\/\/balteschwiler.ch\/wp-content\/uploads\/2024\/09\/IMG_3799low-1600x1200.jpg 1600w, https:\/\/balteschwiler.ch\/wp-content\/uploads\/2024\/09\/IMG_3799low-1536x1152.jpg 1536w, https:\/\/balteschwiler.ch\/wp-content\/uploads\/2024\/09\/IMG_3799low-2048x1536.jpg 2048w\" sizes=\"auto, (max-width: 2560px) 100vw, 2560px\" \/><\/figure>\n<\/div><\/div>\n\n\n\n<div class=\"wp-block-uagb-slider-child uagb-slider-child-wrap swiper-slide uagb-block-c203a9fe\"><div class=\"swiper-content\">\n<figure class=\"wp-block-image size-full\"><img loading=\"lazy\" decoding=\"async\" width=\"2560\" height=\"1707\" src=\"https:\/\/balteschwiler.ch\/wp-content\/uploads\/2024\/09\/F4A7242low-scaled.jpg\" alt=\"\" class=\"wp-image-10602\" srcset=\"https:\/\/balteschwiler.ch\/wp-content\/uploads\/2024\/09\/F4A7242low-scaled.jpg 2560w, https:\/\/balteschwiler.ch\/wp-content\/uploads\/2024\/09\/F4A7242low-300x200.jpg 300w, https:\/\/balteschwiler.ch\/wp-content\/uploads\/2024\/09\/F4A7242low-1024x683.jpg 1024w, https:\/\/balteschwiler.ch\/wp-content\/uploads\/2024\/09\/F4A7242low-768x512.jpg 768w, https:\/\/balteschwiler.ch\/wp-content\/uploads\/2024\/09\/F4A7242low-50x33.jpg 50w\" sizes=\"auto, (max-width: 2560px) 100vw, 2560px\" \/><\/figure>\n<\/div><\/div>\n\n\n\n<div class=\"wp-block-uagb-slider-child uagb-slider-child-wrap swiper-slide uagb-block-800202bf\"><div class=\"swiper-content\">\n<figure class=\"wp-block-image size-full\"><img loading=\"lazy\" decoding=\"async\" width=\"2560\" height=\"1707\" src=\"https:\/\/balteschwiler.ch\/wp-content\/uploads\/2024\/09\/F4A7200low-scaled.jpg\" alt=\"\" class=\"wp-image-10595\" srcset=\"https:\/\/balteschwiler.ch\/wp-content\/uploads\/2024\/09\/F4A7200low-scaled.jpg 2560w, https:\/\/balteschwiler.ch\/wp-content\/uploads\/2024\/09\/F4A7200low-300x200.jpg 300w, https:\/\/balteschwiler.ch\/wp-content\/uploads\/2024\/09\/F4A7200low-1024x683.jpg 1024w, https:\/\/balteschwiler.ch\/wp-content\/uploads\/2024\/09\/F4A7200low-768x512.jpg 768w, https:\/\/balteschwiler.ch\/wp-content\/uploads\/2024\/09\/F4A7200low-50x33.jpg 50w\" sizes=\"auto, (max-width: 2560px) 100vw, 2560px\" \/><\/figure>\n<\/div><\/div>\n<\/div><\/div><div class=\"swiper-button-prev\"><\/div><div class=\"swiper-button-next\"><\/div><\/div>\n\n\n\n<div style=\"height:50px\" aria-hidden=\"true\" class=\"wp-block-spacer\"><\/div>\n\n\n\n<div class=\"wp-block-columns is-layout-flex wp-container-core-columns-is-layout-9d6595d7 wp-block-columns-is-layout-flex\">\n<div class=\"wp-block-column is-layout-flow wp-block-column-is-layout-flow\" style=\"flex-basis:66.66%\">\n<hr class=\"wp-block-separator has-text-color has-contrast-color has-alpha-channel-opacity has-contrast-background-color has-background\"\/>\n\n\n\n<h2 class=\"wp-block-heading\">Construction d\u2019une maison en MAGNUMBOARD\u00ae \u00e0 Br\u00fcgg<\/h2>\n\n\n\n<p class=\"has-medium-font-size\">L&rsquo;un des premiers projets de construction en MAGNUMBOARD\u00ae en Suisse est cette maison individuelle \u00e0 Br\u00fcgg, r\u00e9sultant de la transformation et sur\u00e9l\u00e9vation d&rsquo;une maison existante. Les fondations et murs du rez-de-chauss\u00e9e ont \u00e9t\u00e9 conserv\u00e9s et renforc\u00e9s, sur lesquels deux \u00e9tages en MAGNUMBOARD\u00ae OSB ont \u00e9t\u00e9 ajout\u00e9s. Le r\u00e9sultat est une maison moderne, spacieuse et \u00e9conome en \u00e9nergie. Le montage de la structure en OSB MAGNUMBOARD\u00ae a pris trois jours avec une \u00e9quipe de trois personnes, rendant la maison hors d\u2019eau rapidement. M\u00eame sous la pluie, l\u2019OSB a montr\u00e9 sa r\u00e9sistance \u00e0 l\u2019eau.&#13;\n&#13;\n<strong>Pourquoi <\/strong><strong>MAGNUMBOARD\u00ae OSB\u00a0<\/strong><strong>? <\/strong>Les ma\u00eetres d\u2019oeuvre l\u2019ont choisi pour ses nombreux avantages : simplicit\u00e9 de planification et de montage, isolation acoustique et thermique, et son impact \u00e9cologique r\u00e9duit.&#13;\n&#13;\n<strong>Notre r\u00f4le ?<\/strong> Contribuer \u00e0 la planification, coller et usiner les panneaux, les trier, stocker, puis livrer just-in-time sur le chantier. Ce projet illustre parfaitement l\u2019\u00e9tendue des services de Balteschwiler SA.<\/p>\n\n\n\n<p class=\"has-medium-font-size\"><\/p>\n\n\n<div class=\"gb-button-wrapper gb-button-wrapper-7c34dbc8\">\n\n<a class=\"gb-button gb-button-b8c1b8eb gb-button-text smooth-scroll button-border-none\" href=\"https:\/\/balteschwiler.ch\/wp-content\/uploads\/2024\/10\/rohbau-magnumboard-efh-Weyeneth-bruegg-fr-low.pdf\" target=\"_blank\" rel=\"noopener noreferrer\">Feuille de r\u00e9f\u00e9rence<\/a>\n\n<\/div><\/div>\n\n\n\n<div class=\"wp-block-column spalte-custom-space-left is-layout-flow wp-block-column-is-layout-flow\" style=\"flex-basis:33.33%\">\n<hr class=\"wp-block-separator has-text-color has-contrast-color has-alpha-channel-opacity has-contrast-background-color has-background\"\/>\n\n\n\n<p><strong>Ann\u00e9e de construction<\/strong>&#13;\n2024<\/p>\n\n\n\n<p><strong>Type de b\u00e2timent \/ usage\u00a0<\/strong>&#13;\nSur\u00e9l\u00e9vation, maison individuelle<\/p>\n\n\n\n<p><strong>Architecture\u00a0<\/strong>&#13;\nStr\u00e4ssler Architektur AG, Biel<\/p>\n\n\n\n<p><strong>Partenaire d\u2018ex\u00e9cution\u00a0<\/strong>&#13;\nRumbau GmbH, Aegerten<\/p>\n\n\n\n<p><strong>Produits et services Balteschwiler utilis\u00e9s<\/strong><\/p>\n\n\n\n<ul class=\"wp-block-list\">\n<li>Conseil et assistance \u00e0 la planification<\/li>\n<\/ul>\n\n\n\n<ul class=\"wp-block-list\">\n<li>Collage, usinage 5 axes et travaux de finition des \u00e9l\u00e9ments MAGNUMBOARD\u00ae OSB<\/li>\n<\/ul>\n\n\n\n<ul class=\"wp-block-list\">\n<li>Pr\u00e9paration des \u00e9l\u00e9ments dans l\u2019ordre d\u00e9sir\u00e9 et stockage jusqu\u2019\u00e0 la livraison<\/li>\n<\/ul>\n\n\n\n<ul class=\"wp-block-list\">\n<li>Livraison just-in-time sur le chantier<\/li>\n<\/ul>\n<\/div>\n<\/div>\n\n<\/div><\/div>","protected":false},"excerpt":{"rendered":"<p>Construction d\u2019une maison en MAGNUMBOARD\u00ae \u00e0 Br\u00fcgg L&rsquo;un des premiers projets de construction en MAGNUMBOARD\u00ae en Suisse est cette maison individuelle \u00e0 Br\u00fcgg, r\u00e9sultant de la transformation et sur\u00e9l\u00e9vation d&rsquo;une &#8230; <a title=\"Magnumboard EFH Br\u00fcgg &#8211; FR\" class=\"read-more\" href=\"https:\/\/balteschwiler.ch\/fr\/references\/magnumboard-efh-brugg\/\" aria-label=\"En savoir plus sur Magnumboard EFH Br\u00fcgg &#8211; FR\">Mehr<\/a><\/p>\n","protected":false},"author":2,"featured_media":0,"parent":8941,"menu_order":0,"comment_status":"closed","ping_status":"closed","template":"","meta":{"_acf_changed":false,"inline_featured_image":false,"_uag_custom_page_level_css":"","footnotes":""},"class_list":["post-10575","page","type-page","status-publish"],"acf":[],"yoast_head":"<!-- This site is optimized with the Yoast SEO plugin v27.5 - https:\/\/yoast.com\/product\/yoast-seo-wordpress\/ -->\n<title>Magnumboard EFH Br\u00fcgg - FR - Balteschwiler AG<\/title>\n<meta name=\"description\" content=\"Nous sommes sp\u00e9cialis\u00e9s dans l&#039;usinage CNC de panneaux en bois massif de grand format, un usinage pr\u00e9cis et une livraison juste \u00e0 temps.\" \/>\n<meta name=\"robots\" content=\"index, follow, max-snippet:-1, max-image-preview:large, max-video-preview:-1\" \/>\n<link rel=\"canonical\" href=\"https:\/\/balteschwiler.ch\/fr\/references\/holzbearbeitung-brettsperrholz\/\" \/>\n<meta property=\"og:locale\" content=\"fr_FR\" \/>\n<meta property=\"og:type\" content=\"article\" \/>\n<meta property=\"og:title\" content=\"Magnumboard EFH Br\u00fcgg - FR - Balteschwiler AG\" \/>\n<meta property=\"og:description\" content=\"Nous sommes sp\u00e9cialis\u00e9s dans l&#039;usinage CNC de panneaux en bois massif de grand format, un usinage pr\u00e9cis et une livraison juste \u00e0 temps.\" \/>\n<meta property=\"og:url\" content=\"https:\/\/balteschwiler.ch\/fr\/references\/holzbearbeitung-brettsperrholz\/\" \/>\n<meta property=\"og:site_name\" content=\"Balteschwiler AG\" \/>\n<meta property=\"article:publisher\" content=\"https:\/\/www.facebook.com\/balteschwiler\" \/>\n<meta property=\"article:modified_time\" content=\"2024-10-09T06:25:10+00:00\" \/>\n<meta property=\"og:image\" content=\"https:\/\/balteschwiler.ch\/wp-content\/uploads\/2024\/09\/F4A7196low-3-scaled.jpg\" \/>\n<meta name=\"twitter:card\" content=\"summary_large_image\" \/>\n<meta name=\"twitter:label1\" content=\"Dur\u00e9e de lecture estim\u00e9e\" \/>\n\t<meta name=\"twitter:data1\" content=\"3 minutes\" \/>\n<script type=\"application\/ld+json\" class=\"yoast-schema-graph\">{\"@context\":\"https:\\\/\\\/schema.org\",\"@graph\":[{\"@type\":\"WebPage\",\"@id\":\"https:\\\/\\\/balteschwiler.ch\\\/fr\\\/references\\\/magnumboard-efh-brugg\\\/\",\"url\":\"https:\\\/\\\/balteschwiler.ch\\\/fr\\\/references\\\/holzbearbeitung-brettsperrholz\\\/\",\"name\":\"Magnumboard EFH Br\u00fcgg - FR - Balteschwiler AG\",\"isPartOf\":{\"@id\":\"https:\\\/\\\/balteschwiler.ch\\\/#website\"},\"primaryImageOfPage\":{\"@id\":\"https:\\\/\\\/balteschwiler.ch\\\/fr\\\/references\\\/holzbearbeitung-brettsperrholz\\\/#primaryimage\"},\"image\":{\"@id\":\"https:\\\/\\\/balteschwiler.ch\\\/fr\\\/references\\\/holzbearbeitung-brettsperrholz\\\/#primaryimage\"},\"thumbnailUrl\":\"https:\\\/\\\/balteschwiler.ch\\\/wp-content\\\/uploads\\\/2024\\\/09\\\/F4A7196low-3-scaled.jpg\",\"datePublished\":\"2024-09-26T07:03:30+00:00\",\"dateModified\":\"2024-10-09T06:25:10+00:00\",\"description\":\"Nous sommes sp\u00e9cialis\u00e9s dans l'usinage CNC de panneaux en bois massif de grand format, un usinage pr\u00e9cis et une livraison juste \u00e0 temps.\",\"breadcrumb\":{\"@id\":\"https:\\\/\\\/balteschwiler.ch\\\/fr\\\/references\\\/holzbearbeitung-brettsperrholz\\\/#breadcrumb\"},\"inLanguage\":\"fr-FR\",\"potentialAction\":[{\"@type\":\"ReadAction\",\"target\":[\"https:\\\/\\\/balteschwiler.ch\\\/fr\\\/references\\\/holzbearbeitung-brettsperrholz\\\/\"]}]},{\"@type\":\"ImageObject\",\"inLanguage\":\"fr-FR\",\"@id\":\"https:\\\/\\\/balteschwiler.ch\\\/fr\\\/references\\\/holzbearbeitung-brettsperrholz\\\/#primaryimage\",\"url\":\"https:\\\/\\\/balteschwiler.ch\\\/wp-content\\\/uploads\\\/2024\\\/09\\\/F4A7196low-3-scaled.jpg\",\"contentUrl\":\"https:\\\/\\\/balteschwiler.ch\\\/wp-content\\\/uploads\\\/2024\\\/09\\\/F4A7196low-3-scaled.jpg\"},{\"@type\":\"BreadcrumbList\",\"@id\":\"https:\\\/\\\/balteschwiler.ch\\\/fr\\\/references\\\/holzbearbeitung-brettsperrholz\\\/#breadcrumb\",\"itemListElement\":[{\"@type\":\"ListItem\",\"position\":1,\"name\":\"R\u00e9f\u00e9rences\",\"item\":\"https:\\\/\\\/balteschwiler.ch\\\/fr\\\/references\\\/\"},{\"@type\":\"ListItem\",\"position\":2,\"name\":\"Magnumboard EFH Br\u00fcgg &#8211; FR\"}]},{\"@type\":\"WebSite\",\"@id\":\"https:\\\/\\\/balteschwiler.ch\\\/#website\",\"url\":\"https:\\\/\\\/balteschwiler.ch\\\/\",\"name\":\"Balteschwiler AG\",\"description\":\"\",\"publisher\":{\"@id\":\"https:\\\/\\\/balteschwiler.ch\\\/#organization\"},\"potentialAction\":[{\"@type\":\"SearchAction\",\"target\":{\"@type\":\"EntryPoint\",\"urlTemplate\":\"https:\\\/\\\/balteschwiler.ch\\\/?s={search_term_string}\"},\"query-input\":{\"@type\":\"PropertyValueSpecification\",\"valueRequired\":true,\"valueName\":\"search_term_string\"}}],\"inLanguage\":\"fr-FR\"},{\"@type\":\"Organization\",\"@id\":\"https:\\\/\\\/balteschwiler.ch\\\/#organization\",\"name\":\"Balteschwiler AG\",\"url\":\"https:\\\/\\\/balteschwiler.ch\\\/\",\"logo\":{\"@type\":\"ImageObject\",\"inLanguage\":\"fr-FR\",\"@id\":\"https:\\\/\\\/balteschwiler.ch\\\/#\\\/schema\\\/logo\\\/image\\\/\",\"url\":\"https:\\\/\\\/balteschwiler.ch\\\/wp-content\\\/uploads\\\/2022\\\/09\\\/rz_BAL_Logo_d_rgb.png\",\"contentUrl\":\"https:\\\/\\\/balteschwiler.ch\\\/wp-content\\\/uploads\\\/2022\\\/09\\\/rz_BAL_Logo_d_rgb.png\",\"width\":1182,\"height\":224,\"caption\":\"Balteschwiler AG\"},\"image\":{\"@id\":\"https:\\\/\\\/balteschwiler.ch\\\/#\\\/schema\\\/logo\\\/image\\\/\"},\"sameAs\":[\"https:\\\/\\\/www.facebook.com\\\/balteschwiler\"]}]}<\/script>\n<!-- \/ Yoast SEO plugin. -->","yoast_head_json":{"title":"Magnumboard EFH Br\u00fcgg - FR - Balteschwiler AG","description":"Nous sommes sp\u00e9cialis\u00e9s dans l'usinage CNC de panneaux en bois massif de grand format, un usinage pr\u00e9cis et une livraison juste \u00e0 temps.","robots":{"index":"index","follow":"follow","max-snippet":"max-snippet:-1","max-image-preview":"max-image-preview:large","max-video-preview":"max-video-preview:-1"},"canonical":"https:\/\/balteschwiler.ch\/fr\/references\/holzbearbeitung-brettsperrholz\/","og_locale":"fr_FR","og_type":"article","og_title":"Magnumboard EFH Br\u00fcgg - FR - Balteschwiler AG","og_description":"Nous sommes sp\u00e9cialis\u00e9s dans l'usinage CNC de panneaux en bois massif de grand format, un usinage pr\u00e9cis et une livraison juste \u00e0 temps.","og_url":"https:\/\/balteschwiler.ch\/fr\/references\/holzbearbeitung-brettsperrholz\/","og_site_name":"Balteschwiler AG","article_publisher":"https:\/\/www.facebook.com\/balteschwiler","article_modified_time":"2024-10-09T06:25:10+00:00","og_image":[{"url":"https:\/\/balteschwiler.ch\/wp-content\/uploads\/2024\/09\/F4A7196low-3-scaled.jpg","type":"","width":"","height":""}],"twitter_card":"summary_large_image","twitter_misc":{"Dur\u00e9e de lecture estim\u00e9e":"3 minutes"},"schema":{"@context":"https:\/\/schema.org","@graph":[{"@type":"WebPage","@id":"https:\/\/balteschwiler.ch\/fr\/references\/magnumboard-efh-brugg\/","url":"https:\/\/balteschwiler.ch\/fr\/references\/holzbearbeitung-brettsperrholz\/","name":"Magnumboard EFH Br\u00fcgg - FR - Balteschwiler AG","isPartOf":{"@id":"https:\/\/balteschwiler.ch\/#website"},"primaryImageOfPage":{"@id":"https:\/\/balteschwiler.ch\/fr\/references\/holzbearbeitung-brettsperrholz\/#primaryimage"},"image":{"@id":"https:\/\/balteschwiler.ch\/fr\/references\/holzbearbeitung-brettsperrholz\/#primaryimage"},"thumbnailUrl":"https:\/\/balteschwiler.ch\/wp-content\/uploads\/2024\/09\/F4A7196low-3-scaled.jpg","datePublished":"2024-09-26T07:03:30+00:00","dateModified":"2024-10-09T06:25:10+00:00","description":"Nous sommes sp\u00e9cialis\u00e9s dans l'usinage CNC de panneaux en bois massif de grand format, un usinage pr\u00e9cis et une livraison juste \u00e0 temps.","breadcrumb":{"@id":"https:\/\/balteschwiler.ch\/fr\/references\/holzbearbeitung-brettsperrholz\/#breadcrumb"},"inLanguage":"fr-FR","potentialAction":[{"@type":"ReadAction","target":["https:\/\/balteschwiler.ch\/fr\/references\/holzbearbeitung-brettsperrholz\/"]}]},{"@type":"ImageObject","inLanguage":"fr-FR","@id":"https:\/\/balteschwiler.ch\/fr\/references\/holzbearbeitung-brettsperrholz\/#primaryimage","url":"https:\/\/balteschwiler.ch\/wp-content\/uploads\/2024\/09\/F4A7196low-3-scaled.jpg","contentUrl":"https:\/\/balteschwiler.ch\/wp-content\/uploads\/2024\/09\/F4A7196low-3-scaled.jpg"},{"@type":"BreadcrumbList","@id":"https:\/\/balteschwiler.ch\/fr\/references\/holzbearbeitung-brettsperrholz\/#breadcrumb","itemListElement":[{"@type":"ListItem","position":1,"name":"R\u00e9f\u00e9rences","item":"https:\/\/balteschwiler.ch\/fr\/references\/"},{"@type":"ListItem","position":2,"name":"Magnumboard EFH Br\u00fcgg &#8211; FR"}]},{"@type":"WebSite","@id":"https:\/\/balteschwiler.ch\/#website","url":"https:\/\/balteschwiler.ch\/","name":"Balteschwiler AG","description":"","publisher":{"@id":"https:\/\/balteschwiler.ch\/#organization"},"potentialAction":[{"@type":"SearchAction","target":{"@type":"EntryPoint","urlTemplate":"https:\/\/balteschwiler.ch\/?s={search_term_string}"},"query-input":{"@type":"PropertyValueSpecification","valueRequired":true,"valueName":"search_term_string"}}],"inLanguage":"fr-FR"},{"@type":"Organization","@id":"https:\/\/balteschwiler.ch\/#organization","name":"Balteschwiler AG","url":"https:\/\/balteschwiler.ch\/","logo":{"@type":"ImageObject","inLanguage":"fr-FR","@id":"https:\/\/balteschwiler.ch\/#\/schema\/logo\/image\/","url":"https:\/\/balteschwiler.ch\/wp-content\/uploads\/2022\/09\/rz_BAL_Logo_d_rgb.png","contentUrl":"https:\/\/balteschwiler.ch\/wp-content\/uploads\/2022\/09\/rz_BAL_Logo_d_rgb.png","width":1182,"height":224,"caption":"Balteschwiler AG"},"image":{"@id":"https:\/\/balteschwiler.ch\/#\/schema\/logo\/image\/"},"sameAs":["https:\/\/www.facebook.com\/balteschwiler"]}]}},"uagb_featured_image_src":{"full":false,"thumbnail":false,"medium":false,"medium_large":false,"large":false,"1536x1536":false,"2048x2048":false,"gform-image-choice-sm":false,"gform-image-choice-md":false,"gform-image-choice-lg":false},"uagb_author_info":{"display_name":"Balteschwiler Marketing","author_link":"https:\/\/balteschwiler.ch\/fr\/author\/infobalteschwiler-ch\/"},"uagb_comment_info":0,"uagb_excerpt":"Construction d\u2019une maison en MAGNUMBOARD\u00ae \u00e0 Br\u00fcgg L&rsquo;un des premiers projets de construction en MAGNUMBOARD\u00ae en Suisse est cette maison individuelle \u00e0 Br\u00fcgg, r\u00e9sultant de la transformation et sur\u00e9l\u00e9vation d&rsquo;une ... Mehr","_links":{"self":[{"href":"https:\/\/balteschwiler.ch\/fr\/wp-json\/wp\/v2\/pages\/10575","targetHints":{"allow":["GET"]}}],"collection":[{"href":"https:\/\/balteschwiler.ch\/fr\/wp-json\/wp\/v2\/pages"}],"about":[{"href":"https:\/\/balteschwiler.ch\/fr\/wp-json\/wp\/v2\/types\/page"}],"author":[{"embeddable":true,"href":"https:\/\/balteschwiler.ch\/fr\/wp-json\/wp\/v2\/users\/2"}],"replies":[{"embeddable":true,"href":"https:\/\/balteschwiler.ch\/fr\/wp-json\/wp\/v2\/comments?post=10575"}],"version-history":[{"count":4,"href":"https:\/\/balteschwiler.ch\/fr\/wp-json\/wp\/v2\/pages\/10575\/revisions"}],"predecessor-version":[{"id":10711,"href":"https:\/\/balteschwiler.ch\/fr\/wp-json\/wp\/v2\/pages\/10575\/revisions\/10711"}],"up":[{"embeddable":true,"href":"https:\/\/balteschwiler.ch\/fr\/wp-json\/wp\/v2\/pages\/8941"}],"wp:attachment":[{"href":"https:\/\/balteschwiler.ch\/fr\/wp-json\/wp\/v2\/media?parent=10575"}],"curies":[{"name":"wp","href":"https:\/\/api.w.org\/{rel}","templated":true}]}}