{"id":10647,"date":"2024-09-26T10:43:03","date_gmt":"2024-09-26T08:43:03","guid":{"rendered":"https:\/\/balteschwiler.ch\/?page_id=10647"},"modified":"2024-10-29T10:12:28","modified_gmt":"2024-10-29T09:12:28","slug":"facade-en-panneaux-de-meleze-wellness-centre","status":"publish","type":"page","link":"https:\/\/balteschwiler.ch\/fr\/references\/facade-en-panneaux-de-meleze-wellness-centre\/","title":{"rendered":"Fa\u00e7ade en panneaux de m\u00e9l\u00e8ze Wellness Centre"},"content":{"rendered":"<div class=\"gb-container gb-container-6ec57639 loadondesktop\"><div class=\"gb-inside-container\">\n<div class=\"gb-grid-wrapper gb-grid-wrapper-d212ffc2\">\n<div class=\"gb-grid-column gb-grid-column-6290146c\"><div class=\"gb-container gb-container-6290146c\"><div class=\"gb-inside-container\">\n\n<p class=\"gb-headline gb-headline-a9091560 gb-headline-text\"><strong>Centre d&rsquo;usinage &#8211; Fa\u00e7ade<\/strong><\/p>\n\n\n\n<h1 class=\"gb-headline gb-headline-ae3932be gb-headline-text\">Fa\u00e7ade usin\u00e9e sur mesure en panneaux de m\u00e9l\u00e8ze pour le nouveau\r\ncentre de bien-\u00eatre du New City College<\/h1>\n\n<\/div><\/div><\/div>\n<\/div>\n<\/div><\/div><div class=\"gb-container gb-container-0f7de636\"><div class=\"gb-inside-container\">\n\n<div class=\"wp-block-uagb-slider uagb-block-fcd85a6a uagb-slider-container\"><div class=\"uagb-slides uagb-swiper\"><div class=\"swiper-wrapper\">\n<div class=\"wp-block-uagb-slider-child uagb-slider-child-wrap swiper-slide uagb-block-44148da8\"><div class=\"swiper-content\">\n<figure class=\"wp-block-image size-full\"><img loading=\"lazy\" decoding=\"async\" width=\"2560\" height=\"2119\" src=\"https:\/\/balteschwiler.ch\/wp-content\/uploads\/2024\/09\/eurban-wellness-centre-1-low-scaled.jpg\" alt=\"\" class=\"wp-image-10658\" style=\"aspect-ratio:4\/3;object-fit:cover\" srcset=\"https:\/\/balteschwiler.ch\/wp-content\/uploads\/2024\/09\/eurban-wellness-centre-1-low-scaled.jpg 2560w, https:\/\/balteschwiler.ch\/wp-content\/uploads\/2024\/09\/eurban-wellness-centre-1-low-300x248.jpg 300w, https:\/\/balteschwiler.ch\/wp-content\/uploads\/2024\/09\/eurban-wellness-centre-1-low-1024x848.jpg 1024w, https:\/\/balteschwiler.ch\/wp-content\/uploads\/2024\/09\/eurban-wellness-centre-1-low-768x636.jpg 768w, https:\/\/balteschwiler.ch\/wp-content\/uploads\/2024\/09\/eurban-wellness-centre-1-low-50x41.jpg 50w, https:\/\/balteschwiler.ch\/wp-content\/uploads\/2024\/09\/eurban-wellness-centre-1-low-1600x1324.jpg 1600w, https:\/\/balteschwiler.ch\/wp-content\/uploads\/2024\/09\/eurban-wellness-centre-1-low-1536x1271.jpg 1536w, https:\/\/balteschwiler.ch\/wp-content\/uploads\/2024\/09\/eurban-wellness-centre-1-low-2048x1695.jpg 2048w\" sizes=\"auto, (max-width: 2560px) 100vw, 2560px\" \/><\/figure>\n<\/div><\/div>\n\n\n\n<div class=\"wp-block-uagb-slider-child uagb-slider-child-wrap swiper-slide uagb-block-800202bf\"><div class=\"swiper-content\">\n<figure class=\"wp-block-image size-full\"><img loading=\"lazy\" decoding=\"async\" width=\"1736\" height=\"1312\" src=\"https:\/\/balteschwiler.ch\/wp-content\/uploads\/2024\/09\/Screenshot-2024-09-24-114312.png\" alt=\"\" class=\"wp-image-10672\" srcset=\"https:\/\/balteschwiler.ch\/wp-content\/uploads\/2024\/09\/Screenshot-2024-09-24-114312.png 1736w, https:\/\/balteschwiler.ch\/wp-content\/uploads\/2024\/09\/Screenshot-2024-09-24-114312-300x227.png 300w, https:\/\/balteschwiler.ch\/wp-content\/uploads\/2024\/09\/Screenshot-2024-09-24-114312-1024x774.png 1024w, https:\/\/balteschwiler.ch\/wp-content\/uploads\/2024\/09\/Screenshot-2024-09-24-114312-768x580.png 768w, https:\/\/balteschwiler.ch\/wp-content\/uploads\/2024\/09\/Screenshot-2024-09-24-114312-50x38.png 50w, https:\/\/balteschwiler.ch\/wp-content\/uploads\/2024\/09\/Screenshot-2024-09-24-114312-1600x1209.png 1600w, https:\/\/balteschwiler.ch\/wp-content\/uploads\/2024\/09\/Screenshot-2024-09-24-114312-1536x1161.png 1536w\" sizes=\"auto, (max-width: 1736px) 100vw, 1736px\" \/><\/figure>\n<\/div><\/div>\n\n\n\n<div class=\"wp-block-uagb-slider-child uagb-slider-child-wrap swiper-slide uagb-block-6bb11d49\"><div class=\"swiper-content\">\n<figure class=\"wp-block-image size-full\"><img loading=\"lazy\" decoding=\"async\" width=\"2560\" height=\"1920\" src=\"https:\/\/balteschwiler.ch\/wp-content\/uploads\/2024\/09\/eurban-wellness-centre-5-low-scaled.jpg\" alt=\"\" class=\"wp-image-10666\" srcset=\"https:\/\/balteschwiler.ch\/wp-content\/uploads\/2024\/09\/eurban-wellness-centre-5-low-scaled.jpg 2560w, https:\/\/balteschwiler.ch\/wp-content\/uploads\/2024\/09\/eurban-wellness-centre-5-low-300x225.jpg 300w, https:\/\/balteschwiler.ch\/wp-content\/uploads\/2024\/09\/eurban-wellness-centre-5-low-1024x768.jpg 1024w, https:\/\/balteschwiler.ch\/wp-content\/uploads\/2024\/09\/eurban-wellness-centre-5-low-768x576.jpg 768w, https:\/\/balteschwiler.ch\/wp-content\/uploads\/2024\/09\/eurban-wellness-centre-5-low-50x38.jpg 50w, https:\/\/balteschwiler.ch\/wp-content\/uploads\/2024\/09\/eurban-wellness-centre-5-low-1600x1200.jpg 1600w, https:\/\/balteschwiler.ch\/wp-content\/uploads\/2024\/09\/eurban-wellness-centre-5-low-1536x1152.jpg 1536w, https:\/\/balteschwiler.ch\/wp-content\/uploads\/2024\/09\/eurban-wellness-centre-5-low-2048x1536.jpg 2048w\" sizes=\"auto, (max-width: 2560px) 100vw, 2560px\" \/><\/figure>\n<\/div><\/div>\n\n\n\n<div class=\"wp-block-uagb-slider-child uagb-slider-child-wrap swiper-slide uagb-block-d680947f\"><div class=\"swiper-content\">\n<figure class=\"wp-block-image size-full\"><img loading=\"lazy\" decoding=\"async\" width=\"2560\" height=\"1920\" src=\"https:\/\/balteschwiler.ch\/wp-content\/uploads\/2024\/09\/eurban-wellness-centre-2-low-scaled.jpg\" alt=\"\" class=\"wp-image-10660\" srcset=\"https:\/\/balteschwiler.ch\/wp-content\/uploads\/2024\/09\/eurban-wellness-centre-2-low-scaled.jpg 2560w, https:\/\/balteschwiler.ch\/wp-content\/uploads\/2024\/09\/eurban-wellness-centre-2-low-300x225.jpg 300w, https:\/\/balteschwiler.ch\/wp-content\/uploads\/2024\/09\/eurban-wellness-centre-2-low-1024x768.jpg 1024w, https:\/\/balteschwiler.ch\/wp-content\/uploads\/2024\/09\/eurban-wellness-centre-2-low-768x576.jpg 768w, https:\/\/balteschwiler.ch\/wp-content\/uploads\/2024\/09\/eurban-wellness-centre-2-low-50x38.jpg 50w, https:\/\/balteschwiler.ch\/wp-content\/uploads\/2024\/09\/eurban-wellness-centre-2-low-1600x1200.jpg 1600w, https:\/\/balteschwiler.ch\/wp-content\/uploads\/2024\/09\/eurban-wellness-centre-2-low-1536x1152.jpg 1536w, https:\/\/balteschwiler.ch\/wp-content\/uploads\/2024\/09\/eurban-wellness-centre-2-low-2048x1536.jpg 2048w\" sizes=\"auto, (max-width: 2560px) 100vw, 2560px\" \/><\/figure>\n<\/div><\/div>\n\n\n\n<div class=\"wp-block-uagb-slider-child uagb-slider-child-wrap swiper-slide uagb-block-2128fd97\"><div class=\"swiper-content\">\n<figure class=\"wp-block-image size-full\"><img loading=\"lazy\" decoding=\"async\" width=\"2014\" height=\"2560\" src=\"https:\/\/balteschwiler.ch\/wp-content\/uploads\/2024\/09\/eurban-wellness-centre-6-low-scaled.jpg\" alt=\"\" class=\"wp-image-10668\" style=\"aspect-ratio:4\/3;object-fit:cover\" srcset=\"https:\/\/balteschwiler.ch\/wp-content\/uploads\/2024\/09\/eurban-wellness-centre-6-low-scaled.jpg 2014w, https:\/\/balteschwiler.ch\/wp-content\/uploads\/2024\/09\/eurban-wellness-centre-6-low-236x300.jpg 236w, https:\/\/balteschwiler.ch\/wp-content\/uploads\/2024\/09\/eurban-wellness-centre-6-low-806x1024.jpg 806w, https:\/\/balteschwiler.ch\/wp-content\/uploads\/2024\/09\/eurban-wellness-centre-6-low-768x976.jpg 768w, https:\/\/balteschwiler.ch\/wp-content\/uploads\/2024\/09\/eurban-wellness-centre-6-low-50x64.jpg 50w, https:\/\/balteschwiler.ch\/wp-content\/uploads\/2024\/09\/eurban-wellness-centre-6-low-1600x2034.jpg 1600w, https:\/\/balteschwiler.ch\/wp-content\/uploads\/2024\/09\/eurban-wellness-centre-6-low-1208x1536.jpg 1208w, https:\/\/balteschwiler.ch\/wp-content\/uploads\/2024\/09\/eurban-wellness-centre-6-low-1611x2048.jpg 1611w\" sizes=\"auto, (max-width: 2014px) 100vw, 2014px\" \/><\/figure>\n<\/div><\/div>\n\n\n\n<div class=\"wp-block-uagb-slider-child uagb-slider-child-wrap swiper-slide uagb-block-c203a9fe\"><div class=\"swiper-content\">\n<figure class=\"wp-block-image size-full\"><img loading=\"lazy\" decoding=\"async\" width=\"1920\" height=\"2560\" src=\"https:\/\/balteschwiler.ch\/wp-content\/uploads\/2024\/09\/eurban-wellness-centre-7-low-scaled.jpg\" alt=\"\" class=\"wp-image-10670\" style=\"aspect-ratio:4\/3;object-fit:cover\" srcset=\"https:\/\/balteschwiler.ch\/wp-content\/uploads\/2024\/09\/eurban-wellness-centre-7-low-scaled.jpg 1920w, https:\/\/balteschwiler.ch\/wp-content\/uploads\/2024\/09\/eurban-wellness-centre-7-low-225x300.jpg 225w, https:\/\/balteschwiler.ch\/wp-content\/uploads\/2024\/09\/eurban-wellness-centre-7-low-768x1024.jpg 768w, https:\/\/balteschwiler.ch\/wp-content\/uploads\/2024\/09\/eurban-wellness-centre-7-low-50x67.jpg 50w, https:\/\/balteschwiler.ch\/wp-content\/uploads\/2024\/09\/eurban-wellness-centre-7-low-1600x2134.jpg 1600w, https:\/\/balteschwiler.ch\/wp-content\/uploads\/2024\/09\/eurban-wellness-centre-7-low-1152x1536.jpg 1152w, https:\/\/balteschwiler.ch\/wp-content\/uploads\/2024\/09\/eurban-wellness-centre-7-low-1536x2048.jpg 1536w\" sizes=\"auto, (max-width: 1920px) 100vw, 1920px\" \/><\/figure>\n<\/div><\/div>\n<\/div><\/div><div class=\"swiper-button-prev\"><\/div><div class=\"swiper-button-next\"><\/div><\/div>\n\n\n\n<div class=\"wp-block-columns is-layout-flex wp-container-core-columns-is-layout-9d6595d7 wp-block-columns-is-layout-flex\">\n<div class=\"wp-block-column is-layout-flow wp-block-column-is-layout-flow\" style=\"flex-basis:66.66%\">\n<hr class=\"wp-block-separator has-text-color has-contrast-color has-alpha-channel-opacity has-contrast-background-color has-background\"\/>\n\n\n\n<h2 class=\"wp-block-heading\">Fa\u00e7ade usin\u00e9e sur mesure en panneaux de m\u00e9l\u00e8ze<\/h2>\n\n\n\n<p class=\"has-medium-font-size\">Le New Community Sport and Wellness Centre, un projet de \u00a37 millions situ\u00e9 \u00e0 Loughton, au nord de Londres, fait partie du New City College et a r\u00e9cemment ouvert ses portes pour offrir des installations sportives et de bien-\u00eatre de haute qualit\u00e9 \u00e0 la communaut\u00e9 locale. Ce centre vise \u00e0 promouvoir la sant\u00e9 et le bien\u00eatre tout en renfor\u00e7ant les liens communautaires. Les \u00e9tudiants de l&rsquo;universit\u00e9 y travailleront et int\u00e9greront la gestion du centre dans leurs \u00e9tudes, acqu\u00e9rant ainsi une exp\u00e9rience pratique pr\u00e9cieuse.&#13;\nAvec une salle de sport comprenant un terrain de basket-ball, trois terrains de badminton et la possibilit\u00e9 d&rsquo;accueillir d&rsquo;autres sports d&rsquo;\u00e9quipe, des studios de danse et de fitness et un caf\u00e9 ouvert \u00e0 tous, ce lieu devient une r\u00e9f\u00e9rence pour le sport et la remise en forme.&#13;\n&#13;\nPour ce projet, nous avons usin\u00e9 et fourni les \u00e9l\u00e9ments de parements de la fa\u00e7ade en m\u00e9l\u00e8ze. Ce sont des panneaux trois-plis, usin\u00e9s sur mesure avec des angles \u00e0 45\u00b0, pour venir habiller cette fa\u00e7ade et lui donner une belle structure. Au total, plus de 700m2 ont \u00e9t\u00e9 fournis, en 543 pi\u00e8ces.<\/p>\n\n\n\n<p class=\"has-medium-font-size\"><\/p>\n\n\n\n<p class=\"has-medium-font-size\"><\/p>\n\n\n<div class=\"gb-button-wrapper gb-button-wrapper-7c34dbc8\">\n\n<a class=\"gb-button gb-button-b8c1b8eb gb-button-text smooth-scroll button-border-none\" href=\"https:\/\/balteschwiler.ch\/wp-content\/uploads\/2024\/09\/fassade-abbundcenter-wellness-centre-eurban-fr.pdf\" target=\"_blank\" rel=\"noopener noreferrer\">Feuille de r\u00e9f\u00e9rence<\/a>\n\n<\/div><\/div>\n\n\n\n<div class=\"wp-block-column spalte-custom-space-left is-layout-flow wp-block-column-is-layout-flow\" style=\"flex-basis:33.33%\">\n<hr class=\"wp-block-separator has-text-color has-contrast-color has-alpha-channel-opacity has-contrast-background-color has-background\"\/>\n\n\n\n<p><strong>Ann\u00e9e de construction&#13;\n<\/strong>2023<\/p>\n\n\n\n<p><strong>Type de b\u00e2timent \/ usage&#13;\n<\/strong>Salle multisports, centre de Wellness<\/p>\n\n\n\n<p><strong>Ma\u00eetre d\u2018ouvrage&#13;\n<\/strong>New City College<\/p>\n\n\n\n<p><strong>Architecture&#13;\n<\/strong>Scott Brownrigg, London UK<\/p>\n\n\n\n<p><strong>Partenaire d\u2018ex\u00e9cution&#13;\n<\/strong>Eurban, London UK<\/p>\n\n\n\n<p><strong>Produits et services Balteschwiler utilis\u00e9s\u00a0<\/strong><\/p>\n\n\n\n<ul class=\"wp-block-list\">\n<li>717m2 de panneaux trois plis en m\u00e9l\u00e8ze, 19mm, B\/C+<\/li>\n\n\n\n<li>D\u00e9coupe et usinage des 543 pi\u00e8ces<\/li>\n\n\n\n<li>Tri, \u00e9tiquetage et emballage de toutes les pi\u00e8ces<\/li>\n<\/ul>\n<\/div>\n<\/div>\n\n<\/div><\/div>","protected":false},"excerpt":{"rendered":"<p>Fa\u00e7ade usin\u00e9e sur mesure en panneaux de m\u00e9l\u00e8ze Le New Community Sport and Wellness Centre, un projet de \u00a37 millions situ\u00e9 \u00e0 Loughton, au nord de Londres, fait partie du &#8230; <a title=\"Fa\u00e7ade en panneaux de m\u00e9l\u00e8ze Wellness Centre\" class=\"read-more\" href=\"https:\/\/balteschwiler.ch\/fr\/references\/facade-en-panneaux-de-meleze-wellness-centre\/\" aria-label=\"En savoir plus sur Fa\u00e7ade en panneaux de m\u00e9l\u00e8ze Wellness Centre\">Mehr<\/a><\/p>\n","protected":false},"author":2,"featured_media":0,"parent":8941,"menu_order":0,"comment_status":"closed","ping_status":"closed","template":"","meta":{"_acf_changed":false,"inline_featured_image":false,"_uag_custom_page_level_css":"","footnotes":""},"class_list":["post-10647","page","type-page","status-publish"],"acf":[],"yoast_head":"<!-- This site is optimized with the Yoast SEO plugin v27.3 - https:\/\/yoast.com\/product\/yoast-seo-wordpress\/ -->\n<title>Fa\u00e7ade en panneaux de m\u00e9l\u00e8ze Wellness Centre - Balteschwiler AG<\/title>\n<meta name=\"description\" content=\"Nous sommes sp\u00e9cialis\u00e9s dans l&#039;usinage CNC de panneaux en bois massif de grand format. Usinage pr\u00e9cis et livraison juste \u00e0 temps.\" \/>\n<meta name=\"robots\" content=\"index, follow, max-snippet:-1, max-image-preview:large, max-video-preview:-1\" \/>\n<link rel=\"canonical\" href=\"https:\/\/balteschwiler.ch\/fr\/references\/holzbearbeitung-brettsperrholz\/\" \/>\n<meta property=\"og:locale\" content=\"fr_FR\" \/>\n<meta property=\"og:type\" content=\"article\" \/>\n<meta property=\"og:title\" content=\"Fa\u00e7ade en panneaux de m\u00e9l\u00e8ze Wellness Centre - Balteschwiler AG\" \/>\n<meta property=\"og:description\" content=\"Nous sommes sp\u00e9cialis\u00e9s dans l&#039;usinage CNC de panneaux en bois massif de grand format. Usinage pr\u00e9cis et livraison juste \u00e0 temps.\" \/>\n<meta property=\"og:url\" content=\"https:\/\/balteschwiler.ch\/fr\/references\/holzbearbeitung-brettsperrholz\/\" \/>\n<meta property=\"og:site_name\" content=\"Balteschwiler AG\" \/>\n<meta property=\"article:publisher\" content=\"https:\/\/www.facebook.com\/balteschwiler\" \/>\n<meta property=\"article:modified_time\" content=\"2024-10-29T09:12:28+00:00\" \/>\n<meta property=\"og:image\" content=\"https:\/\/balteschwiler.ch\/wp-content\/uploads\/2024\/09\/eurban-wellness-centre-1-low-scaled.jpg\" \/>\n\t<meta property=\"og:image:width\" content=\"2560\" \/>\n\t<meta property=\"og:image:height\" content=\"2119\" \/>\n\t<meta property=\"og:image:type\" content=\"image\/jpeg\" \/>\n<meta name=\"twitter:card\" content=\"summary_large_image\" \/>\n<meta name=\"twitter:label1\" content=\"Dur\u00e9e de lecture estim\u00e9e\" \/>\n\t<meta name=\"twitter:data1\" content=\"3 minutes\" \/>\n<script type=\"application\/ld+json\" class=\"yoast-schema-graph\">{\"@context\":\"https:\\\/\\\/schema.org\",\"@graph\":[{\"@type\":\"WebPage\",\"@id\":\"https:\\\/\\\/balteschwiler.ch\\\/fr\\\/references\\\/facade-en-panneaux-de-meleze-wellness-centre\\\/\",\"url\":\"https:\\\/\\\/balteschwiler.ch\\\/fr\\\/references\\\/holzbearbeitung-brettsperrholz\\\/\",\"name\":\"Fa\u00e7ade en panneaux de m\u00e9l\u00e8ze Wellness Centre - Balteschwiler AG\",\"isPartOf\":{\"@id\":\"https:\\\/\\\/balteschwiler.ch\\\/#website\"},\"primaryImageOfPage\":{\"@id\":\"https:\\\/\\\/balteschwiler.ch\\\/fr\\\/references\\\/holzbearbeitung-brettsperrholz\\\/#primaryimage\"},\"image\":{\"@id\":\"https:\\\/\\\/balteschwiler.ch\\\/fr\\\/references\\\/holzbearbeitung-brettsperrholz\\\/#primaryimage\"},\"thumbnailUrl\":\"https:\\\/\\\/balteschwiler.ch\\\/wp-content\\\/uploads\\\/2024\\\/09\\\/eurban-wellness-centre-1-low-scaled.jpg\",\"datePublished\":\"2024-09-26T08:43:03+00:00\",\"dateModified\":\"2024-10-29T09:12:28+00:00\",\"description\":\"Nous sommes sp\u00e9cialis\u00e9s dans l'usinage CNC de panneaux en bois massif de grand format. Usinage pr\u00e9cis et livraison juste \u00e0 temps.\",\"breadcrumb\":{\"@id\":\"https:\\\/\\\/balteschwiler.ch\\\/fr\\\/references\\\/holzbearbeitung-brettsperrholz\\\/#breadcrumb\"},\"inLanguage\":\"fr-FR\",\"potentialAction\":[{\"@type\":\"ReadAction\",\"target\":[\"https:\\\/\\\/balteschwiler.ch\\\/fr\\\/references\\\/holzbearbeitung-brettsperrholz\\\/\"]}]},{\"@type\":\"ImageObject\",\"inLanguage\":\"fr-FR\",\"@id\":\"https:\\\/\\\/balteschwiler.ch\\\/fr\\\/references\\\/holzbearbeitung-brettsperrholz\\\/#primaryimage\",\"url\":\"https:\\\/\\\/balteschwiler.ch\\\/wp-content\\\/uploads\\\/2024\\\/09\\\/eurban-wellness-centre-1-low-scaled.jpg\",\"contentUrl\":\"https:\\\/\\\/balteschwiler.ch\\\/wp-content\\\/uploads\\\/2024\\\/09\\\/eurban-wellness-centre-1-low-scaled.jpg\"},{\"@type\":\"BreadcrumbList\",\"@id\":\"https:\\\/\\\/balteschwiler.ch\\\/fr\\\/references\\\/holzbearbeitung-brettsperrholz\\\/#breadcrumb\",\"itemListElement\":[{\"@type\":\"ListItem\",\"position\":1,\"name\":\"R\u00e9f\u00e9rences\",\"item\":\"https:\\\/\\\/balteschwiler.ch\\\/fr\\\/references\\\/\"},{\"@type\":\"ListItem\",\"position\":2,\"name\":\"Fa\u00e7ade en panneaux de m\u00e9l\u00e8ze Wellness Centre\"}]},{\"@type\":\"WebSite\",\"@id\":\"https:\\\/\\\/balteschwiler.ch\\\/#website\",\"url\":\"https:\\\/\\\/balteschwiler.ch\\\/\",\"name\":\"Balteschwiler AG\",\"description\":\"\",\"publisher\":{\"@id\":\"https:\\\/\\\/balteschwiler.ch\\\/#organization\"},\"potentialAction\":[{\"@type\":\"SearchAction\",\"target\":{\"@type\":\"EntryPoint\",\"urlTemplate\":\"https:\\\/\\\/balteschwiler.ch\\\/?s={search_term_string}\"},\"query-input\":{\"@type\":\"PropertyValueSpecification\",\"valueRequired\":true,\"valueName\":\"search_term_string\"}}],\"inLanguage\":\"fr-FR\"},{\"@type\":\"Organization\",\"@id\":\"https:\\\/\\\/balteschwiler.ch\\\/#organization\",\"name\":\"Balteschwiler AG\",\"url\":\"https:\\\/\\\/balteschwiler.ch\\\/\",\"logo\":{\"@type\":\"ImageObject\",\"inLanguage\":\"fr-FR\",\"@id\":\"https:\\\/\\\/balteschwiler.ch\\\/#\\\/schema\\\/logo\\\/image\\\/\",\"url\":\"https:\\\/\\\/balteschwiler.ch\\\/wp-content\\\/uploads\\\/2022\\\/09\\\/rz_BAL_Logo_d_rgb.png\",\"contentUrl\":\"https:\\\/\\\/balteschwiler.ch\\\/wp-content\\\/uploads\\\/2022\\\/09\\\/rz_BAL_Logo_d_rgb.png\",\"width\":1182,\"height\":224,\"caption\":\"Balteschwiler AG\"},\"image\":{\"@id\":\"https:\\\/\\\/balteschwiler.ch\\\/#\\\/schema\\\/logo\\\/image\\\/\"},\"sameAs\":[\"https:\\\/\\\/www.facebook.com\\\/balteschwiler\"]}]}<\/script>\n<!-- \/ Yoast SEO plugin. -->","yoast_head_json":{"title":"Fa\u00e7ade en panneaux de m\u00e9l\u00e8ze Wellness Centre - Balteschwiler AG","description":"Nous sommes sp\u00e9cialis\u00e9s dans l'usinage CNC de panneaux en bois massif de grand format. Usinage pr\u00e9cis et livraison juste \u00e0 temps.","robots":{"index":"index","follow":"follow","max-snippet":"max-snippet:-1","max-image-preview":"max-image-preview:large","max-video-preview":"max-video-preview:-1"},"canonical":"https:\/\/balteschwiler.ch\/fr\/references\/holzbearbeitung-brettsperrholz\/","og_locale":"fr_FR","og_type":"article","og_title":"Fa\u00e7ade en panneaux de m\u00e9l\u00e8ze Wellness Centre - Balteschwiler AG","og_description":"Nous sommes sp\u00e9cialis\u00e9s dans l'usinage CNC de panneaux en bois massif de grand format. Usinage pr\u00e9cis et livraison juste \u00e0 temps.","og_url":"https:\/\/balteschwiler.ch\/fr\/references\/holzbearbeitung-brettsperrholz\/","og_site_name":"Balteschwiler AG","article_publisher":"https:\/\/www.facebook.com\/balteschwiler","article_modified_time":"2024-10-29T09:12:28+00:00","og_image":[{"width":2560,"height":2119,"url":"https:\/\/balteschwiler.ch\/wp-content\/uploads\/2024\/09\/eurban-wellness-centre-1-low-scaled.jpg","type":"image\/jpeg"}],"twitter_card":"summary_large_image","twitter_misc":{"Dur\u00e9e de lecture estim\u00e9e":"3 minutes"},"schema":{"@context":"https:\/\/schema.org","@graph":[{"@type":"WebPage","@id":"https:\/\/balteschwiler.ch\/fr\/references\/facade-en-panneaux-de-meleze-wellness-centre\/","url":"https:\/\/balteschwiler.ch\/fr\/references\/holzbearbeitung-brettsperrholz\/","name":"Fa\u00e7ade en panneaux de m\u00e9l\u00e8ze Wellness Centre - Balteschwiler AG","isPartOf":{"@id":"https:\/\/balteschwiler.ch\/#website"},"primaryImageOfPage":{"@id":"https:\/\/balteschwiler.ch\/fr\/references\/holzbearbeitung-brettsperrholz\/#primaryimage"},"image":{"@id":"https:\/\/balteschwiler.ch\/fr\/references\/holzbearbeitung-brettsperrholz\/#primaryimage"},"thumbnailUrl":"https:\/\/balteschwiler.ch\/wp-content\/uploads\/2024\/09\/eurban-wellness-centre-1-low-scaled.jpg","datePublished":"2024-09-26T08:43:03+00:00","dateModified":"2024-10-29T09:12:28+00:00","description":"Nous sommes sp\u00e9cialis\u00e9s dans l'usinage CNC de panneaux en bois massif de grand format. Usinage pr\u00e9cis et livraison juste \u00e0 temps.","breadcrumb":{"@id":"https:\/\/balteschwiler.ch\/fr\/references\/holzbearbeitung-brettsperrholz\/#breadcrumb"},"inLanguage":"fr-FR","potentialAction":[{"@type":"ReadAction","target":["https:\/\/balteschwiler.ch\/fr\/references\/holzbearbeitung-brettsperrholz\/"]}]},{"@type":"ImageObject","inLanguage":"fr-FR","@id":"https:\/\/balteschwiler.ch\/fr\/references\/holzbearbeitung-brettsperrholz\/#primaryimage","url":"https:\/\/balteschwiler.ch\/wp-content\/uploads\/2024\/09\/eurban-wellness-centre-1-low-scaled.jpg","contentUrl":"https:\/\/balteschwiler.ch\/wp-content\/uploads\/2024\/09\/eurban-wellness-centre-1-low-scaled.jpg"},{"@type":"BreadcrumbList","@id":"https:\/\/balteschwiler.ch\/fr\/references\/holzbearbeitung-brettsperrholz\/#breadcrumb","itemListElement":[{"@type":"ListItem","position":1,"name":"R\u00e9f\u00e9rences","item":"https:\/\/balteschwiler.ch\/fr\/references\/"},{"@type":"ListItem","position":2,"name":"Fa\u00e7ade en panneaux de m\u00e9l\u00e8ze Wellness Centre"}]},{"@type":"WebSite","@id":"https:\/\/balteschwiler.ch\/#website","url":"https:\/\/balteschwiler.ch\/","name":"Balteschwiler AG","description":"","publisher":{"@id":"https:\/\/balteschwiler.ch\/#organization"},"potentialAction":[{"@type":"SearchAction","target":{"@type":"EntryPoint","urlTemplate":"https:\/\/balteschwiler.ch\/?s={search_term_string}"},"query-input":{"@type":"PropertyValueSpecification","valueRequired":true,"valueName":"search_term_string"}}],"inLanguage":"fr-FR"},{"@type":"Organization","@id":"https:\/\/balteschwiler.ch\/#organization","name":"Balteschwiler AG","url":"https:\/\/balteschwiler.ch\/","logo":{"@type":"ImageObject","inLanguage":"fr-FR","@id":"https:\/\/balteschwiler.ch\/#\/schema\/logo\/image\/","url":"https:\/\/balteschwiler.ch\/wp-content\/uploads\/2022\/09\/rz_BAL_Logo_d_rgb.png","contentUrl":"https:\/\/balteschwiler.ch\/wp-content\/uploads\/2022\/09\/rz_BAL_Logo_d_rgb.png","width":1182,"height":224,"caption":"Balteschwiler AG"},"image":{"@id":"https:\/\/balteschwiler.ch\/#\/schema\/logo\/image\/"},"sameAs":["https:\/\/www.facebook.com\/balteschwiler"]}]}},"uagb_featured_image_src":{"full":false,"thumbnail":false,"medium":false,"medium_large":false,"large":false,"1536x1536":false,"2048x2048":false,"gform-image-choice-sm":false,"gform-image-choice-md":false,"gform-image-choice-lg":false},"uagb_author_info":{"display_name":"Balteschwiler Marketing","author_link":"https:\/\/balteschwiler.ch\/fr\/author\/infobalteschwiler-ch\/"},"uagb_comment_info":0,"uagb_excerpt":"Fa\u00e7ade usin\u00e9e sur mesure en panneaux de m\u00e9l\u00e8ze Le New Community Sport and Wellness Centre, un projet de \u00a37 millions situ\u00e9 \u00e0 Loughton, au nord de Londres, fait partie du ... Mehr","_links":{"self":[{"href":"https:\/\/balteschwiler.ch\/fr\/wp-json\/wp\/v2\/pages\/10647","targetHints":{"allow":["GET"]}}],"collection":[{"href":"https:\/\/balteschwiler.ch\/fr\/wp-json\/wp\/v2\/pages"}],"about":[{"href":"https:\/\/balteschwiler.ch\/fr\/wp-json\/wp\/v2\/types\/page"}],"author":[{"embeddable":true,"href":"https:\/\/balteschwiler.ch\/fr\/wp-json\/wp\/v2\/users\/2"}],"replies":[{"embeddable":true,"href":"https:\/\/balteschwiler.ch\/fr\/wp-json\/wp\/v2\/comments?post=10647"}],"version-history":[{"count":11,"href":"https:\/\/balteschwiler.ch\/fr\/wp-json\/wp\/v2\/pages\/10647\/revisions"}],"predecessor-version":[{"id":10824,"href":"https:\/\/balteschwiler.ch\/fr\/wp-json\/wp\/v2\/pages\/10647\/revisions\/10824"}],"up":[{"embeddable":true,"href":"https:\/\/balteschwiler.ch\/fr\/wp-json\/wp\/v2\/pages\/8941"}],"wp:attachment":[{"href":"https:\/\/balteschwiler.ch\/fr\/wp-json\/wp\/v2\/media?parent=10647"}],"curies":[{"name":"wp","href":"https:\/\/api.w.org\/{rel}","templated":true}]}}