{"id":11384,"date":"2025-02-19T15:39:11","date_gmt":"2025-02-19T14:39:11","guid":{"rendered":"https:\/\/balteschwiler.ch\/?page_id=11384"},"modified":"2025-02-25T16:30:40","modified_gmt":"2025-02-25T15:30:40","slug":"easydec-delemont-ramseyer","status":"publish","type":"page","link":"https:\/\/balteschwiler.ch\/fr\/references\/easydec-delemont-ramseyer\/","title":{"rendered":"EasyDec Del\u00e9mont Ramseyer"},"content":{"rendered":"<div class=\"gb-container gb-container-6ec57639 loadondesktop\"><div class=\"gb-inside-container\">\n<div class=\"gb-grid-wrapper gb-grid-wrapper-d212ffc2\">\n<div class=\"gb-grid-column gb-grid-column-6290146c\"><div class=\"gb-container gb-container-6290146c\"><div class=\"gb-inside-container\">\n\n<p class=\"gb-headline gb-headline-a9091560 gb-headline-text\">Produits constructifs<\/p>\n\n\n\n<h1 class=\"gb-headline gb-headline-ae3932be gb-headline-text\">Une structure bois sur mesure pour l\u2019expansion d\u2019easyDec<\/h1>\n\n<\/div><\/div><\/div>\n<\/div>\n<\/div><\/div><div class=\"gb-container gb-container-0f7de636\"><div class=\"gb-inside-container\">\n\n<div class=\"wp-block-uagb-slider uagb-block-fcd85a6a uagb-slider-container\"><div class=\"uagb-slides uagb-swiper\"><div class=\"swiper-wrapper\">\n<div class=\"wp-block-uagb-slider-child uagb-slider-child-wrap swiper-slide uagb-block-73cf9880\"><div class=\"swiper-content\">\n<figure class=\"wp-block-image size-full\"><img loading=\"lazy\" decoding=\"async\" width=\"1373\" height=\"915\" src=\"https:\/\/balteschwiler.ch\/wp-content\/uploads\/2025\/02\/balteschwiler-easydec-delemont-2.png\" alt=\"\" class=\"wp-image-11386\" srcset=\"https:\/\/balteschwiler.ch\/wp-content\/uploads\/2025\/02\/balteschwiler-easydec-delemont-2.png 1373w, https:\/\/balteschwiler.ch\/wp-content\/uploads\/2025\/02\/balteschwiler-easydec-delemont-2-300x200.png 300w, https:\/\/balteschwiler.ch\/wp-content\/uploads\/2025\/02\/balteschwiler-easydec-delemont-2-1024x682.png 1024w, https:\/\/balteschwiler.ch\/wp-content\/uploads\/2025\/02\/balteschwiler-easydec-delemont-2-768x512.png 768w, https:\/\/balteschwiler.ch\/wp-content\/uploads\/2025\/02\/balteschwiler-easydec-delemont-2-50x33.png 50w\" sizes=\"auto, (max-width: 1373px) 100vw, 1373px\" \/><\/figure>\n<\/div><\/div>\n\n\n\n<div class=\"wp-block-uagb-slider-child uagb-slider-child-wrap swiper-slide uagb-block-297ab518\"><div class=\"swiper-content\">\n<figure class=\"wp-block-image size-full\"><img loading=\"lazy\" decoding=\"async\" width=\"1373\" height=\"917\" src=\"https:\/\/balteschwiler.ch\/wp-content\/uploads\/2025\/02\/balteschwiler-easydec-delemont-3.png\" alt=\"\" class=\"wp-image-11388\" srcset=\"https:\/\/balteschwiler.ch\/wp-content\/uploads\/2025\/02\/balteschwiler-easydec-delemont-3.png 1373w, https:\/\/balteschwiler.ch\/wp-content\/uploads\/2025\/02\/balteschwiler-easydec-delemont-3-300x200.png 300w, https:\/\/balteschwiler.ch\/wp-content\/uploads\/2025\/02\/balteschwiler-easydec-delemont-3-1024x684.png 1024w, https:\/\/balteschwiler.ch\/wp-content\/uploads\/2025\/02\/balteschwiler-easydec-delemont-3-768x513.png 768w, https:\/\/balteschwiler.ch\/wp-content\/uploads\/2025\/02\/balteschwiler-easydec-delemont-3-50x33.png 50w\" sizes=\"auto, (max-width: 1373px) 100vw, 1373px\" \/><\/figure>\n<\/div><\/div>\n\n\n\n<div class=\"wp-block-uagb-slider-child uagb-slider-child-wrap swiper-slide uagb-block-2128fd97\"><div class=\"swiper-content\">\n<figure class=\"wp-block-image size-full\"><img loading=\"lazy\" decoding=\"async\" width=\"1374\" height=\"916\" src=\"https:\/\/balteschwiler.ch\/wp-content\/uploads\/2025\/02\/balteschwiler-easydec-delemont-4.png\" alt=\"\" class=\"wp-image-11390\" srcset=\"https:\/\/balteschwiler.ch\/wp-content\/uploads\/2025\/02\/balteschwiler-easydec-delemont-4.png 1374w, https:\/\/balteschwiler.ch\/wp-content\/uploads\/2025\/02\/balteschwiler-easydec-delemont-4-300x200.png 300w, https:\/\/balteschwiler.ch\/wp-content\/uploads\/2025\/02\/balteschwiler-easydec-delemont-4-1024x683.png 1024w, https:\/\/balteschwiler.ch\/wp-content\/uploads\/2025\/02\/balteschwiler-easydec-delemont-4-768x512.png 768w, https:\/\/balteschwiler.ch\/wp-content\/uploads\/2025\/02\/balteschwiler-easydec-delemont-4-50x33.png 50w\" sizes=\"auto, (max-width: 1374px) 100vw, 1374px\" \/><\/figure>\n<\/div><\/div>\n\n\n\n<div class=\"wp-block-uagb-slider-child uagb-slider-child-wrap swiper-slide uagb-block-d680947f\"><div class=\"swiper-content\">\n<figure class=\"wp-block-image size-full\"><img loading=\"lazy\" decoding=\"async\" width=\"1372\" height=\"917\" src=\"https:\/\/balteschwiler.ch\/wp-content\/uploads\/2025\/02\/balteschwiler-easydec-delemont-6.png\" alt=\"\" class=\"wp-image-11392\" srcset=\"https:\/\/balteschwiler.ch\/wp-content\/uploads\/2025\/02\/balteschwiler-easydec-delemont-6.png 1372w, https:\/\/balteschwiler.ch\/wp-content\/uploads\/2025\/02\/balteschwiler-easydec-delemont-6-300x201.png 300w, https:\/\/balteschwiler.ch\/wp-content\/uploads\/2025\/02\/balteschwiler-easydec-delemont-6-1024x684.png 1024w, https:\/\/balteschwiler.ch\/wp-content\/uploads\/2025\/02\/balteschwiler-easydec-delemont-6-768x513.png 768w, https:\/\/balteschwiler.ch\/wp-content\/uploads\/2025\/02\/balteschwiler-easydec-delemont-6-50x33.png 50w\" sizes=\"auto, (max-width: 1372px) 100vw, 1372px\" \/><\/figure>\n<\/div><\/div>\n\n\n\n<div class=\"wp-block-uagb-slider-child uagb-slider-child-wrap swiper-slide uagb-block-2977e9fc\"><div class=\"swiper-content\">\n<figure class=\"wp-block-image size-full\"><img loading=\"lazy\" decoding=\"async\" width=\"1372\" height=\"919\" src=\"https:\/\/balteschwiler.ch\/wp-content\/uploads\/2025\/02\/balteschwiler-easydec-delemont-5.png\" alt=\"\" class=\"wp-image-11394\" srcset=\"https:\/\/balteschwiler.ch\/wp-content\/uploads\/2025\/02\/balteschwiler-easydec-delemont-5.png 1372w, https:\/\/balteschwiler.ch\/wp-content\/uploads\/2025\/02\/balteschwiler-easydec-delemont-5-300x201.png 300w, https:\/\/balteschwiler.ch\/wp-content\/uploads\/2025\/02\/balteschwiler-easydec-delemont-5-1024x686.png 1024w, https:\/\/balteschwiler.ch\/wp-content\/uploads\/2025\/02\/balteschwiler-easydec-delemont-5-768x514.png 768w, https:\/\/balteschwiler.ch\/wp-content\/uploads\/2025\/02\/balteschwiler-easydec-delemont-5-50x33.png 50w\" sizes=\"auto, (max-width: 1372px) 100vw, 1372px\" \/><\/figure>\n<\/div><\/div>\n\n\n\n<div class=\"wp-block-uagb-slider-child uagb-slider-child-wrap swiper-slide uagb-block-692daf65\"><div class=\"swiper-content\">\n<figure class=\"wp-block-image size-full\"><img loading=\"lazy\" decoding=\"async\" width=\"1377\" height=\"917\" src=\"https:\/\/balteschwiler.ch\/wp-content\/uploads\/2025\/02\/balteschwiler-easydec-delemont-7.png\" alt=\"\" class=\"wp-image-11396\" srcset=\"https:\/\/balteschwiler.ch\/wp-content\/uploads\/2025\/02\/balteschwiler-easydec-delemont-7.png 1377w, https:\/\/balteschwiler.ch\/wp-content\/uploads\/2025\/02\/balteschwiler-easydec-delemont-7-300x200.png 300w, https:\/\/balteschwiler.ch\/wp-content\/uploads\/2025\/02\/balteschwiler-easydec-delemont-7-1024x682.png 1024w, https:\/\/balteschwiler.ch\/wp-content\/uploads\/2025\/02\/balteschwiler-easydec-delemont-7-768x511.png 768w, https:\/\/balteschwiler.ch\/wp-content\/uploads\/2025\/02\/balteschwiler-easydec-delemont-7-50x33.png 50w\" sizes=\"auto, (max-width: 1377px) 100vw, 1377px\" \/><\/figure>\n<\/div><\/div>\n\n\n\n<div class=\"wp-block-uagb-slider-child uagb-slider-child-wrap swiper-slide uagb-block-466e157a\"><div class=\"swiper-content\">\n<figure class=\"wp-block-image size-full\"><img loading=\"lazy\" decoding=\"async\" width=\"1372\" height=\"916\" src=\"https:\/\/balteschwiler.ch\/wp-content\/uploads\/2025\/02\/balteschwiler-easydec-delemont-8.png\" alt=\"\" class=\"wp-image-11398\" srcset=\"https:\/\/balteschwiler.ch\/wp-content\/uploads\/2025\/02\/balteschwiler-easydec-delemont-8.png 1372w, https:\/\/balteschwiler.ch\/wp-content\/uploads\/2025\/02\/balteschwiler-easydec-delemont-8-300x200.png 300w, https:\/\/balteschwiler.ch\/wp-content\/uploads\/2025\/02\/balteschwiler-easydec-delemont-8-1024x684.png 1024w, https:\/\/balteschwiler.ch\/wp-content\/uploads\/2025\/02\/balteschwiler-easydec-delemont-8-768x513.png 768w, https:\/\/balteschwiler.ch\/wp-content\/uploads\/2025\/02\/balteschwiler-easydec-delemont-8-50x33.png 50w\" sizes=\"auto, (max-width: 1372px) 100vw, 1372px\" \/><\/figure>\n<\/div><\/div>\n\n\n\n<div class=\"wp-block-uagb-slider-child uagb-slider-child-wrap swiper-slide uagb-block-dfb877ac\"><div class=\"swiper-content\">\n<figure class=\"wp-block-image size-full\"><img loading=\"lazy\" decoding=\"async\" width=\"1369\" height=\"917\" src=\"https:\/\/balteschwiler.ch\/wp-content\/uploads\/2025\/02\/balteschwiler-easydec-delemont-9.png\" alt=\"\" class=\"wp-image-11400\" srcset=\"https:\/\/balteschwiler.ch\/wp-content\/uploads\/2025\/02\/balteschwiler-easydec-delemont-9.png 1369w, https:\/\/balteschwiler.ch\/wp-content\/uploads\/2025\/02\/balteschwiler-easydec-delemont-9-300x201.png 300w, https:\/\/balteschwiler.ch\/wp-content\/uploads\/2025\/02\/balteschwiler-easydec-delemont-9-1024x686.png 1024w, https:\/\/balteschwiler.ch\/wp-content\/uploads\/2025\/02\/balteschwiler-easydec-delemont-9-768x514.png 768w, https:\/\/balteschwiler.ch\/wp-content\/uploads\/2025\/02\/balteschwiler-easydec-delemont-9-50x33.png 50w\" sizes=\"auto, (max-width: 1369px) 100vw, 1369px\" \/><\/figure>\n<\/div><\/div>\n\n\n\n<div class=\"wp-block-uagb-slider-child uagb-slider-child-wrap swiper-slide uagb-block-7fa2c87b\"><div class=\"swiper-content\">\n<figure class=\"wp-block-image size-full\"><img loading=\"lazy\" decoding=\"async\" width=\"1374\" height=\"915\" src=\"https:\/\/balteschwiler.ch\/wp-content\/uploads\/2025\/02\/balteschwiler-easydec-delemont-10.png\" alt=\"\" class=\"wp-image-11402\" srcset=\"https:\/\/balteschwiler.ch\/wp-content\/uploads\/2025\/02\/balteschwiler-easydec-delemont-10.png 1374w, https:\/\/balteschwiler.ch\/wp-content\/uploads\/2025\/02\/balteschwiler-easydec-delemont-10-300x200.png 300w, https:\/\/balteschwiler.ch\/wp-content\/uploads\/2025\/02\/balteschwiler-easydec-delemont-10-1024x682.png 1024w, https:\/\/balteschwiler.ch\/wp-content\/uploads\/2025\/02\/balteschwiler-easydec-delemont-10-768x511.png 768w, https:\/\/balteschwiler.ch\/wp-content\/uploads\/2025\/02\/balteschwiler-easydec-delemont-10-50x33.png 50w\" sizes=\"auto, (max-width: 1374px) 100vw, 1374px\" \/><\/figure>\n<\/div><\/div>\n<\/div><\/div><div class=\"swiper-button-prev\"><\/div><div class=\"swiper-button-next\"><\/div><\/div>\n\n\n\n<div style=\"height:50px\" aria-hidden=\"true\" class=\"wp-block-spacer\"><\/div>\n\n\n\n<div class=\"wp-block-columns is-layout-flex wp-container-core-columns-is-layout-9d6595d7 wp-block-columns-is-layout-flex\">\n<div class=\"wp-block-column is-layout-flow wp-block-column-is-layout-flow\" style=\"flex-basis:66.66%\">\n<hr class=\"wp-block-separator has-text-color has-contrast-color has-alpha-channel-opacity has-contrast-background-color has-background\"\/>\n\n\n\n<h2 class=\"wp-block-heading\">Pr\u00e9cision et qualit\u00e9 pour une structure porteuse performante<\/h2>\n\n\n\n<p>Pour accompagner l\u2019expansion d\u2019easyDec, l\u2019entreprise Ramseyer a r\u00e9alis\u00e9 la structure en bois du nouveau b\u00e2timent de 2500 m\u00b2. Nous avons pris en charge l\u2019usinage et la livraison des \u00e9l\u00e9ments structurels, incluant poteaux, poutres et panneaux sur mesure.<\/p>\n\n\n\n<p>Les poutres porteuses en BauBuche ont \u00e9t\u00e9 coll\u00e9es \u00e0 partir de plusieurs panneaux pour remplir le cahier des charges de la statique. Sur la poutraison, un travail pr\u00e9cis a \u00e9t\u00e9 r\u00e9alis\u00e9 avec des milliers de per\u00e7ages destin\u00e9s \u00e0 l\u2019int\u00e9gration de tiges m\u00e9talliques, assurant la connexion bois-b\u00e9ton pour une dalle mixte. De plus, des battues ont \u00e9t\u00e9 usin\u00e9es sur ces poutres pour accueillir des panneaux entre elles, garantissant un assemblage parfait.<\/p>\n\n\n\n<p>Ce projet illustre notre expertise dans la fabrication et l\u2019usinage de structures en bois complexes, o\u00f9 pr\u00e9cision et qualit\u00e9 sont essentielles. Gr\u00e2ce \u00e0 cette collaboration, le nouveau site de production d\u2019easyDec pourra r\u00e9pondre aux exigences industrielles modernes tout en s\u2019appuyant sur une ossature bois performante et durable.<\/p>\n\n\n<div class=\"gb-button-wrapper gb-button-wrapper-7c34dbc8\">\n\n<a class=\"gb-button gb-button-b8c1b8eb gb-button-text smooth-scroll button-border-none\" href=\"\/wp-content\/uploads\/2023\/04\/Referenzobjekt_BSH-Deckenelemente_Elefant.pdf\" target=\"_blank\" rel=\"noopener noreferrer\">Feuille de r\u00e9f\u00e9rence<\/a>\n\n<\/div><\/div>\n\n\n\n<div class=\"wp-block-column spalte-custom-space-left is-layout-flow wp-block-column-is-layout-flow\" style=\"flex-basis:33.33%\">\n<hr class=\"wp-block-separator has-text-color has-contrast-color has-alpha-channel-opacity has-contrast-background-color has-background\"\/>\n\n\n\n<p><strong>Ann\u00e9e de construction<\/strong>&#13;\n2024<\/p>\n\n\n\n<p><strong>Type de b\u00e2timent \/ usage&#13;\n<\/strong>Nouvelle construction de b\u00e2timents commerciaux<\/p>\n\n\n\n<p><strong>Ma\u00eetre d\u2018ouvrage&#13;\n<\/strong>EasyDec SA, Del\u00e9mont<\/p>\n\n\n\n<p><strong>Partenaire d\u2018ex\u00e9cution<\/strong>&#13;\nRamseyer Jean-Denis SA, Courtema\u00eeche<\/p>\n\n\n\n<p><strong>Produits et services Balteschwiler utilis\u00e9s\u00a0<\/strong>&#13;\nCollage de 67m3 de panneaux BauBuche en poutres de 480x900mm, puis usinage sur mesure<\/p>\n\n\n\n<p>150 m3 de poteaux et poutraison en lamell\u00e9-coll\u00e9, usin\u00e9 sur mesure avec rainures et per\u00e7ages pour renforcement des dalles mixtes bois-b\u00e9ton<\/p>\n\n\n\n<p>100 m3 de dalles BLC avec rainures acoustiques pour optimiser l&rsquo;acoustique dans le b\u00e2timent<\/p>\n\n\n\n<p>Livraison just-in-time sur le chantier<\/p>\n<\/div>\n<\/div>\n\n<\/div><\/div>","protected":false},"excerpt":{"rendered":"<p>Pr\u00e9cision et qualit\u00e9 pour une structure porteuse performante Pour accompagner l\u2019expansion d\u2019easyDec, l\u2019entreprise Ramseyer a r\u00e9alis\u00e9 la structure en bois du nouveau b\u00e2timent de 2500 m\u00b2. Nous avons pris en &#8230; <a title=\"EasyDec Del\u00e9mont Ramseyer\" class=\"read-more\" href=\"https:\/\/balteschwiler.ch\/fr\/references\/easydec-delemont-ramseyer\/\" aria-label=\"En savoir plus sur EasyDec Del\u00e9mont Ramseyer\">Mehr<\/a><\/p>\n","protected":false},"author":2,"featured_media":0,"parent":8941,"menu_order":0,"comment_status":"closed","ping_status":"closed","template":"","meta":{"_acf_changed":false,"inline_featured_image":false,"_uag_custom_page_level_css":"","footnotes":""},"class_list":["post-11384","page","type-page","status-publish"],"acf":[],"yoast_head":"<!-- This site is optimized with the Yoast SEO plugin v27.5 - https:\/\/yoast.com\/product\/yoast-seo-wordpress\/ -->\n<title>Usinage all-inclusive pour l&#039;expansion d&#039;easyDec<\/title>\n<meta name=\"description\" content=\"Pour le nouveau batiment d&#039;easyDec \u00e0 Del\u00e9mont, Balteschwiler a usin\u00e9 sur mesure et livr\u00e9 juste \u00e0 temps tous les \u00e9l\u00e9ments en bois\" \/>\n<meta name=\"robots\" content=\"index, follow, max-snippet:-1, max-image-preview:large, max-video-preview:-1\" \/>\n<link rel=\"canonical\" href=\"https:\/\/balteschwiler.ch\/fr\/references\/easydec-delemont-ramseyer\/\" \/>\n<meta property=\"og:locale\" content=\"fr_FR\" \/>\n<meta property=\"og:type\" content=\"article\" \/>\n<meta property=\"og:title\" content=\"Usinage all-inclusive pour l&#039;expansion d&#039;easyDec\" \/>\n<meta property=\"og:description\" content=\"Pour le nouveau batiment d&#039;easyDec \u00e0 Del\u00e9mont, Balteschwiler a usin\u00e9 sur mesure et livr\u00e9 juste \u00e0 temps tous les \u00e9l\u00e9ments en bois\" \/>\n<meta property=\"og:url\" content=\"https:\/\/balteschwiler.ch\/fr\/references\/easydec-delemont-ramseyer\/\" \/>\n<meta property=\"og:site_name\" content=\"Balteschwiler AG\" \/>\n<meta property=\"article:publisher\" content=\"https:\/\/www.facebook.com\/balteschwiler\" \/>\n<meta property=\"article:modified_time\" content=\"2025-02-25T15:30:40+00:00\" \/>\n<meta property=\"og:image\" content=\"https:\/\/balteschwiler.ch\/wp-content\/uploads\/2025\/02\/balteschwiler-easydec-delemont-2.png\" \/>\n\t<meta property=\"og:image:width\" content=\"1373\" \/>\n\t<meta property=\"og:image:height\" content=\"915\" \/>\n\t<meta property=\"og:image:type\" content=\"image\/png\" \/>\n<meta name=\"twitter:card\" content=\"summary_large_image\" \/>\n<meta name=\"twitter:label1\" content=\"Dur\u00e9e de lecture estim\u00e9e\" \/>\n\t<meta name=\"twitter:data1\" content=\"4 minutes\" \/>\n<script type=\"application\/ld+json\" class=\"yoast-schema-graph\">{\"@context\":\"https:\\\/\\\/schema.org\",\"@graph\":[{\"@type\":\"WebPage\",\"@id\":\"https:\\\/\\\/balteschwiler.ch\\\/fr\\\/references\\\/easydec-delemont-ramseyer\\\/\",\"url\":\"https:\\\/\\\/balteschwiler.ch\\\/fr\\\/references\\\/easydec-delemont-ramseyer\\\/\",\"name\":\"Usinage all-inclusive pour l'expansion d'easyDec\",\"isPartOf\":{\"@id\":\"https:\\\/\\\/balteschwiler.ch\\\/#website\"},\"primaryImageOfPage\":{\"@id\":\"https:\\\/\\\/balteschwiler.ch\\\/fr\\\/references\\\/easydec-delemont-ramseyer\\\/#primaryimage\"},\"image\":{\"@id\":\"https:\\\/\\\/balteschwiler.ch\\\/fr\\\/references\\\/easydec-delemont-ramseyer\\\/#primaryimage\"},\"thumbnailUrl\":\"https:\\\/\\\/balteschwiler.ch\\\/wp-content\\\/uploads\\\/2025\\\/02\\\/balteschwiler-easydec-delemont-2.png\",\"datePublished\":\"2025-02-19T14:39:11+00:00\",\"dateModified\":\"2025-02-25T15:30:40+00:00\",\"description\":\"Pour le nouveau batiment d'easyDec \u00e0 Del\u00e9mont, Balteschwiler a usin\u00e9 sur mesure et livr\u00e9 juste \u00e0 temps tous les \u00e9l\u00e9ments en bois\",\"breadcrumb\":{\"@id\":\"https:\\\/\\\/balteschwiler.ch\\\/fr\\\/references\\\/easydec-delemont-ramseyer\\\/#breadcrumb\"},\"inLanguage\":\"fr-FR\",\"potentialAction\":[{\"@type\":\"ReadAction\",\"target\":[\"https:\\\/\\\/balteschwiler.ch\\\/fr\\\/references\\\/easydec-delemont-ramseyer\\\/\"]}]},{\"@type\":\"ImageObject\",\"inLanguage\":\"fr-FR\",\"@id\":\"https:\\\/\\\/balteschwiler.ch\\\/fr\\\/references\\\/easydec-delemont-ramseyer\\\/#primaryimage\",\"url\":\"https:\\\/\\\/balteschwiler.ch\\\/wp-content\\\/uploads\\\/2025\\\/02\\\/balteschwiler-easydec-delemont-2.png\",\"contentUrl\":\"https:\\\/\\\/balteschwiler.ch\\\/wp-content\\\/uploads\\\/2025\\\/02\\\/balteschwiler-easydec-delemont-2.png\"},{\"@type\":\"BreadcrumbList\",\"@id\":\"https:\\\/\\\/balteschwiler.ch\\\/fr\\\/references\\\/easydec-delemont-ramseyer\\\/#breadcrumb\",\"itemListElement\":[{\"@type\":\"ListItem\",\"position\":1,\"name\":\"R\u00e9f\u00e9rences\",\"item\":\"https:\\\/\\\/balteschwiler.ch\\\/fr\\\/references\\\/\"},{\"@type\":\"ListItem\",\"position\":2,\"name\":\"EasyDec Del\u00e9mont Ramseyer\"}]},{\"@type\":\"WebSite\",\"@id\":\"https:\\\/\\\/balteschwiler.ch\\\/#website\",\"url\":\"https:\\\/\\\/balteschwiler.ch\\\/\",\"name\":\"Balteschwiler AG\",\"description\":\"\",\"publisher\":{\"@id\":\"https:\\\/\\\/balteschwiler.ch\\\/#organization\"},\"potentialAction\":[{\"@type\":\"SearchAction\",\"target\":{\"@type\":\"EntryPoint\",\"urlTemplate\":\"https:\\\/\\\/balteschwiler.ch\\\/?s={search_term_string}\"},\"query-input\":{\"@type\":\"PropertyValueSpecification\",\"valueRequired\":true,\"valueName\":\"search_term_string\"}}],\"inLanguage\":\"fr-FR\"},{\"@type\":\"Organization\",\"@id\":\"https:\\\/\\\/balteschwiler.ch\\\/#organization\",\"name\":\"Balteschwiler AG\",\"url\":\"https:\\\/\\\/balteschwiler.ch\\\/\",\"logo\":{\"@type\":\"ImageObject\",\"inLanguage\":\"fr-FR\",\"@id\":\"https:\\\/\\\/balteschwiler.ch\\\/#\\\/schema\\\/logo\\\/image\\\/\",\"url\":\"https:\\\/\\\/balteschwiler.ch\\\/wp-content\\\/uploads\\\/2022\\\/09\\\/rz_BAL_Logo_d_rgb.png\",\"contentUrl\":\"https:\\\/\\\/balteschwiler.ch\\\/wp-content\\\/uploads\\\/2022\\\/09\\\/rz_BAL_Logo_d_rgb.png\",\"width\":1182,\"height\":224,\"caption\":\"Balteschwiler AG\"},\"image\":{\"@id\":\"https:\\\/\\\/balteschwiler.ch\\\/#\\\/schema\\\/logo\\\/image\\\/\"},\"sameAs\":[\"https:\\\/\\\/www.facebook.com\\\/balteschwiler\"]}]}<\/script>\n<!-- \/ Yoast SEO plugin. -->","yoast_head_json":{"title":"Usinage all-inclusive pour l'expansion d'easyDec","description":"Pour le nouveau batiment d'easyDec \u00e0 Del\u00e9mont, Balteschwiler a usin\u00e9 sur mesure et livr\u00e9 juste \u00e0 temps tous les \u00e9l\u00e9ments en bois","robots":{"index":"index","follow":"follow","max-snippet":"max-snippet:-1","max-image-preview":"max-image-preview:large","max-video-preview":"max-video-preview:-1"},"canonical":"https:\/\/balteschwiler.ch\/fr\/references\/easydec-delemont-ramseyer\/","og_locale":"fr_FR","og_type":"article","og_title":"Usinage all-inclusive pour l'expansion d'easyDec","og_description":"Pour le nouveau batiment d'easyDec \u00e0 Del\u00e9mont, Balteschwiler a usin\u00e9 sur mesure et livr\u00e9 juste \u00e0 temps tous les \u00e9l\u00e9ments en bois","og_url":"https:\/\/balteschwiler.ch\/fr\/references\/easydec-delemont-ramseyer\/","og_site_name":"Balteschwiler AG","article_publisher":"https:\/\/www.facebook.com\/balteschwiler","article_modified_time":"2025-02-25T15:30:40+00:00","og_image":[{"width":1373,"height":915,"url":"https:\/\/balteschwiler.ch\/wp-content\/uploads\/2025\/02\/balteschwiler-easydec-delemont-2.png","type":"image\/png"}],"twitter_card":"summary_large_image","twitter_misc":{"Dur\u00e9e de lecture estim\u00e9e":"4 minutes"},"schema":{"@context":"https:\/\/schema.org","@graph":[{"@type":"WebPage","@id":"https:\/\/balteschwiler.ch\/fr\/references\/easydec-delemont-ramseyer\/","url":"https:\/\/balteschwiler.ch\/fr\/references\/easydec-delemont-ramseyer\/","name":"Usinage all-inclusive pour l'expansion d'easyDec","isPartOf":{"@id":"https:\/\/balteschwiler.ch\/#website"},"primaryImageOfPage":{"@id":"https:\/\/balteschwiler.ch\/fr\/references\/easydec-delemont-ramseyer\/#primaryimage"},"image":{"@id":"https:\/\/balteschwiler.ch\/fr\/references\/easydec-delemont-ramseyer\/#primaryimage"},"thumbnailUrl":"https:\/\/balteschwiler.ch\/wp-content\/uploads\/2025\/02\/balteschwiler-easydec-delemont-2.png","datePublished":"2025-02-19T14:39:11+00:00","dateModified":"2025-02-25T15:30:40+00:00","description":"Pour le nouveau batiment d'easyDec \u00e0 Del\u00e9mont, Balteschwiler a usin\u00e9 sur mesure et livr\u00e9 juste \u00e0 temps tous les \u00e9l\u00e9ments en bois","breadcrumb":{"@id":"https:\/\/balteschwiler.ch\/fr\/references\/easydec-delemont-ramseyer\/#breadcrumb"},"inLanguage":"fr-FR","potentialAction":[{"@type":"ReadAction","target":["https:\/\/balteschwiler.ch\/fr\/references\/easydec-delemont-ramseyer\/"]}]},{"@type":"ImageObject","inLanguage":"fr-FR","@id":"https:\/\/balteschwiler.ch\/fr\/references\/easydec-delemont-ramseyer\/#primaryimage","url":"https:\/\/balteschwiler.ch\/wp-content\/uploads\/2025\/02\/balteschwiler-easydec-delemont-2.png","contentUrl":"https:\/\/balteschwiler.ch\/wp-content\/uploads\/2025\/02\/balteschwiler-easydec-delemont-2.png"},{"@type":"BreadcrumbList","@id":"https:\/\/balteschwiler.ch\/fr\/references\/easydec-delemont-ramseyer\/#breadcrumb","itemListElement":[{"@type":"ListItem","position":1,"name":"R\u00e9f\u00e9rences","item":"https:\/\/balteschwiler.ch\/fr\/references\/"},{"@type":"ListItem","position":2,"name":"EasyDec Del\u00e9mont Ramseyer"}]},{"@type":"WebSite","@id":"https:\/\/balteschwiler.ch\/#website","url":"https:\/\/balteschwiler.ch\/","name":"Balteschwiler AG","description":"","publisher":{"@id":"https:\/\/balteschwiler.ch\/#organization"},"potentialAction":[{"@type":"SearchAction","target":{"@type":"EntryPoint","urlTemplate":"https:\/\/balteschwiler.ch\/?s={search_term_string}"},"query-input":{"@type":"PropertyValueSpecification","valueRequired":true,"valueName":"search_term_string"}}],"inLanguage":"fr-FR"},{"@type":"Organization","@id":"https:\/\/balteschwiler.ch\/#organization","name":"Balteschwiler AG","url":"https:\/\/balteschwiler.ch\/","logo":{"@type":"ImageObject","inLanguage":"fr-FR","@id":"https:\/\/balteschwiler.ch\/#\/schema\/logo\/image\/","url":"https:\/\/balteschwiler.ch\/wp-content\/uploads\/2022\/09\/rz_BAL_Logo_d_rgb.png","contentUrl":"https:\/\/balteschwiler.ch\/wp-content\/uploads\/2022\/09\/rz_BAL_Logo_d_rgb.png","width":1182,"height":224,"caption":"Balteschwiler AG"},"image":{"@id":"https:\/\/balteschwiler.ch\/#\/schema\/logo\/image\/"},"sameAs":["https:\/\/www.facebook.com\/balteschwiler"]}]}},"uagb_featured_image_src":{"full":false,"thumbnail":false,"medium":false,"medium_large":false,"large":false,"1536x1536":false,"2048x2048":false,"gform-image-choice-sm":false,"gform-image-choice-md":false,"gform-image-choice-lg":false},"uagb_author_info":{"display_name":"Balteschwiler Marketing","author_link":"https:\/\/balteschwiler.ch\/fr\/author\/infobalteschwiler-ch\/"},"uagb_comment_info":0,"uagb_excerpt":"Pr\u00e9cision et qualit\u00e9 pour une structure porteuse performante Pour accompagner l\u2019expansion d\u2019easyDec, l\u2019entreprise Ramseyer a r\u00e9alis\u00e9 la structure en bois du nouveau b\u00e2timent de 2500 m\u00b2. Nous avons pris en ... Mehr","_links":{"self":[{"href":"https:\/\/balteschwiler.ch\/fr\/wp-json\/wp\/v2\/pages\/11384","targetHints":{"allow":["GET"]}}],"collection":[{"href":"https:\/\/balteschwiler.ch\/fr\/wp-json\/wp\/v2\/pages"}],"about":[{"href":"https:\/\/balteschwiler.ch\/fr\/wp-json\/wp\/v2\/types\/page"}],"author":[{"embeddable":true,"href":"https:\/\/balteschwiler.ch\/fr\/wp-json\/wp\/v2\/users\/2"}],"replies":[{"embeddable":true,"href":"https:\/\/balteschwiler.ch\/fr\/wp-json\/wp\/v2\/comments?post=11384"}],"version-history":[{"count":3,"href":"https:\/\/balteschwiler.ch\/fr\/wp-json\/wp\/v2\/pages\/11384\/revisions"}],"predecessor-version":[{"id":11424,"href":"https:\/\/balteschwiler.ch\/fr\/wp-json\/wp\/v2\/pages\/11384\/revisions\/11424"}],"up":[{"embeddable":true,"href":"https:\/\/balteschwiler.ch\/fr\/wp-json\/wp\/v2\/pages\/8941"}],"wp:attachment":[{"href":"https:\/\/balteschwiler.ch\/fr\/wp-json\/wp\/v2\/media?parent=11384"}],"curies":[{"name":"wp","href":"https:\/\/api.w.org\/{rel}","templated":true}]}}