{"id":11943,"date":"2025-05-02T10:56:53","date_gmt":"2025-05-02T08:56:53","guid":{"rendered":"https:\/\/balteschwiler.ch\/?page_id=11943"},"modified":"2025-05-06T11:02:49","modified_gmt":"2025-05-06T09:02:49","slug":"kebony-clear-region-bienne","status":"publish","type":"page","link":"https:\/\/balteschwiler.ch\/fr\/references\/kebony-clear-region-bienne\/","title":{"rendered":"Kebony Clear R\u00e9gion Bienne"},"content":{"rendered":"<div class=\"gb-container gb-container-6ec57639 loadondesktop\"><div class=\"gb-inside-container\">\n<div class=\"gb-grid-wrapper gb-grid-wrapper-d212ffc2\">\n<div class=\"gb-grid-column gb-grid-column-6290146c\"><div class=\"gb-container gb-container-6290146c\"><div class=\"gb-inside-container\">\n\n<p class=\"gb-headline gb-headline-a9091560 gb-headline-text\"><strong><strong>Syst\u00e8mes de terrasses<\/strong><\/strong><\/p>\n\n\n\n<h1 class=\"gb-headline gb-headline-ae3932be gb-headline-text\">Kebony Clear : R\u00e9novation de terrasse<\/h1>\n\n<\/div><\/div><\/div>\n<\/div>\n<\/div><\/div>\n\n<div class=\"gb-container gb-container-0f7de636\"><div class=\"gb-inside-container\">\n\n<div class=\"wp-block-uagb-slider uagb-block-fcd85a6a uagb-slider-container\"><div class=\"uagb-slides uagb-swiper\"><div class=\"swiper-wrapper\">\n<div class=\"wp-block-uagb-slider-child uagb-slider-child-wrap swiper-slide uagb-block-6bb11d49\"><div class=\"swiper-content\">\n<figure class=\"wp-block-image size-large\"><img decoding=\"async\" src=\"https:\/\/balteschwiler.ch\/wp-content\/uploads\/2025\/05\/F4A7462-HDR.jpg\" alt=\"Kebony Clear Terrassenboden verlegt mit geschweiftem Rand um einen Koi Teich\"\/><\/figure>\n<\/div><\/div>\n\n\n\n<div class=\"wp-block-uagb-slider-child uagb-slider-child-wrap swiper-slide uagb-block-297ab518\"><div class=\"swiper-content\">\n<figure class=\"wp-block-image size-large\"><img decoding=\"async\" src=\"https:\/\/balteschwiler.ch\/wp-content\/uploads\/2025\/05\/F4A7439.jpg\" alt=\"koi-teich mit kebony clear terrassendielen\"\/><\/figure>\n<\/div><\/div>\n\n\n\n<div class=\"wp-block-uagb-slider-child uagb-slider-child-wrap swiper-slide uagb-block-2128fd97\"><div class=\"swiper-content\">\n<figure class=\"wp-block-image size-large\"><img decoding=\"async\" src=\"https:\/\/balteschwiler.ch\/wp-content\/uploads\/2025\/05\/F4A7446.jpg\" alt=\"koi-teich mit kebony clear terrassendielen\"\/><\/figure>\n<\/div><\/div>\n\n\n\n<div class=\"wp-block-uagb-slider-child uagb-slider-child-wrap swiper-slide uagb-block-d680947f\"><div class=\"swiper-content\">\n<figure class=\"wp-block-image size-large\"><img decoding=\"async\" src=\"https:\/\/balteschwiler.ch\/wp-content\/uploads\/2025\/05\/F4A7408.jpg\" alt=\"koi-teich mit kebony clear terrassendielen\"\/><\/figure>\n<\/div><\/div>\n\n\n\n<div class=\"wp-block-uagb-slider-child uagb-slider-child-wrap swiper-slide uagb-block-2977e9fc\"><div class=\"swiper-content\">\n<figure class=\"wp-block-image size-large\"><img decoding=\"async\" src=\"https:\/\/balteschwiler.ch\/wp-content\/uploads\/2025\/05\/F4A7498.jpg\" alt=\"koi-teich mit kebony clear terrassendielen\"\/><\/figure>\n<\/div><\/div>\n\n\n\n<div class=\"wp-block-uagb-slider-child uagb-slider-child-wrap swiper-slide uagb-block-ff635d85\"><div class=\"swiper-content\">\n<figure class=\"wp-block-image size-large\"><img decoding=\"async\" src=\"https:\/\/balteschwiler.ch\/wp-content\/uploads\/2025\/05\/F4A7505.jpg\" alt=\"koi-teich mit kebony clear terrassendielen\"\/><\/figure>\n<\/div><\/div>\n\n\n\n<div class=\"wp-block-uagb-slider-child uagb-slider-child-wrap swiper-slide uagb-block-7e9c14e2\"><div class=\"swiper-content\">\n<figure class=\"wp-block-image size-large\"><img decoding=\"async\" src=\"https:\/\/balteschwiler.ch\/wp-content\/uploads\/2025\/05\/F4A7421.jpg\" alt=\"koi-teich mit kebony clear terrassendielen\"\/><\/figure>\n<\/div><\/div>\n<\/div><\/div><div class=\"swiper-button-prev\"><\/div><div class=\"swiper-button-next\"><\/div><\/div>\n\n\n\n<div style=\"height:50px\" aria-hidden=\"true\" class=\"wp-block-spacer\"><\/div>\n\n\n\n<div class=\"wp-block-columns is-layout-flex wp-container-core-columns-is-layout-9d6595d7 wp-block-columns-is-layout-flex\">\n<div class=\"wp-block-column is-layout-flow wp-block-column-is-layout-flow\" style=\"flex-basis:66.66%\">\n<hr class=\"wp-block-separator has-text-color has-contrast-color has-alpha-channel-opacity has-contrast-background-color has-background\"\/>\n\n\n\n<h2 class=\"wp-block-heading\">Une terrasse transform\u00e9e gr\u00e2ce<br>au bois Kebony Clear<\/h2>\n\n\n\n<p>Cette propri\u00e9t\u00e9 situ\u00e9e au-dessus du lac de Bienne profite aujourd\u2019hui pleinement de ses deux grandes terrasses, qui n\u2019\u00e9taient gu\u00e8re utilis\u00e9es auparavant. La faute \u00e0 l\u2019ancien rev\u00eatement en c\u00e9ramique, souvent froid et glissant \u00e0 l\u2019entre-saisons et chaud en \u00e9t\u00e9 &#8211; bref, peu accueillant au quotidien.<\/p>\n\n\n\n<p>Avec l\u2019installation d\u2019un nouveau rev\u00eatement de terrasse en Kebony Clear, la situation a radicalement chang\u00e9. Le confort se fait imm\u00e9diatement sentir : Marcher pieds nus devient un plaisir, la surface est enfin chaleureuse, pratique et durable. De plus, la terrasse s\u00e8che beaucoup plus vite que quand elle \u00e9tait en c\u00e9ramique, ce qui la rend bien plus souvent et rapidement praticable.<\/p>\n\n\n\n<p>Pour ce projet, nous avons fourni les lames et la sous-construction en Kebony Clear, ainsi que les clips invisibles RASK, pour une finition soign\u00e9e sans vis apparentes.<\/p>\n\n\n\n<p>Un investissement bien pens\u00e9 pour une transformation r\u00e9ussie : cette terrasse est d\u00e9sormais un v\u00e9ritable espace de vie, utilis\u00e9 quotidiennement et parfaitement int\u00e9gr\u00e9 \u00e0 son environnement.<\/p>\n\n\n<div class=\"gb-button-wrapper gb-button-wrapper-7c34dbc8\">\n\n<a class=\"gb-button gb-button-b8c1b8eb gb-button-text smooth-scroll button-border-none\" href=\"https:\/\/balteschwiler.ch\/wp-content\/uploads\/2025\/05\/bal-terrasse-2024-kebony-clear-efh-gerber-region-biel-fr.pdf\" target=\"_blank\" rel=\"noopener noreferrer\">Fiche de r\u00e9f\u00e9rence<\/a>\n\n<\/div><\/div>\n\n\n\n<div class=\"wp-block-column spalte-custom-space-left is-layout-flow wp-block-column-is-layout-flow\" style=\"flex-basis:33.33%\">\n<hr class=\"wp-block-separator has-text-color has-contrast-color has-alpha-channel-opacity has-contrast-background-color has-background\"\/>\n\n\n\n<p><strong><strong>Ann\u00e9e de construction<\/strong><br><\/strong> 2024<\/p>\n\n\n\n<p><strong><strong>Type de b\u00e2timent \/ usage<\/strong><br><\/strong>R\u00e9novation de terrasse, Maison Individuelle<\/p>\n\n\n\n<p><strong><strong>Ma\u00eetre d\u2018ouvrage<\/strong><br><\/strong>Famille Gerber<\/p>\n\n\n\n<p><strong><strong>Produits et services Balteschwiler utilis\u00e9s<\/strong><br><\/strong>Kebony Clear<\/p>\n<\/div>\n<\/div>\n\n<\/div><\/div>\n\n\n<p><\/p>\n","protected":false},"excerpt":{"rendered":"<p>Une terrasse transform\u00e9e gr\u00e2ceau bois Kebony Clear Cette propri\u00e9t\u00e9 situ\u00e9e au-dessus du lac de Bienne profite aujourd\u2019hui pleinement de ses deux grandes terrasses, qui n\u2019\u00e9taient gu\u00e8re utilis\u00e9es auparavant. La faute &#8230; <a title=\"Kebony Clear R\u00e9gion Bienne\" class=\"read-more\" href=\"https:\/\/balteschwiler.ch\/fr\/references\/kebony-clear-region-bienne\/\" aria-label=\"En savoir plus sur Kebony Clear R\u00e9gion Bienne\">Mehr<\/a><\/p>\n","protected":false},"author":3,"featured_media":0,"parent":8941,"menu_order":0,"comment_status":"closed","ping_status":"closed","template":"","meta":{"_acf_changed":false,"inline_featured_image":false,"_uag_custom_page_level_css":"","footnotes":""},"class_list":["post-11943","page","type-page","status-publish"],"acf":[],"yoast_head":"<!-- This site is optimized with the Yoast SEO plugin v27.3 - https:\/\/yoast.com\/product\/yoast-seo-wordpress\/ -->\n<title>Kebony Clear R\u00e9gion Bienne - Balteschwiler AG<\/title>\n<meta name=\"robots\" content=\"index, follow, max-snippet:-1, max-image-preview:large, max-video-preview:-1\" \/>\n<link rel=\"canonical\" href=\"https:\/\/balteschwiler.ch\/fr\/references\/kebony-clear-region-bienne\/\" \/>\n<meta property=\"og:locale\" content=\"fr_FR\" \/>\n<meta property=\"og:type\" content=\"article\" \/>\n<meta property=\"og:title\" content=\"Kebony Clear R\u00e9gion Bienne - Balteschwiler AG\" \/>\n<meta property=\"og:description\" content=\"Une terrasse transform\u00e9e gr\u00e2ceau bois Kebony Clear Cette propri\u00e9t\u00e9 situ\u00e9e au-dessus du lac de Bienne profite aujourd\u2019hui pleinement de ses deux grandes terrasses, qui n\u2019\u00e9taient gu\u00e8re utilis\u00e9es auparavant. La faute ... Mehr\" \/>\n<meta property=\"og:url\" content=\"https:\/\/balteschwiler.ch\/fr\/references\/kebony-clear-region-bienne\/\" \/>\n<meta property=\"og:site_name\" content=\"Balteschwiler AG\" \/>\n<meta property=\"article:publisher\" content=\"https:\/\/www.facebook.com\/balteschwiler\" \/>\n<meta property=\"article:modified_time\" content=\"2025-05-06T09:02:49+00:00\" \/>\n<meta property=\"og:image\" content=\"https:\/\/balteschwiler.ch\/wp-content\/uploads\/2025\/05\/F4A7462-HDR.jpg\" \/>\n<meta name=\"twitter:card\" content=\"summary_large_image\" \/>\n<meta name=\"twitter:label1\" content=\"Dur\u00e9e de lecture estim\u00e9e\" \/>\n\t<meta name=\"twitter:data1\" content=\"3 minutes\" \/>\n<script type=\"application\/ld+json\" class=\"yoast-schema-graph\">{\"@context\":\"https:\\\/\\\/schema.org\",\"@graph\":[{\"@type\":\"WebPage\",\"@id\":\"https:\\\/\\\/balteschwiler.ch\\\/fr\\\/references\\\/kebony-clear-region-bienne\\\/\",\"url\":\"https:\\\/\\\/balteschwiler.ch\\\/fr\\\/references\\\/kebony-clear-region-bienne\\\/\",\"name\":\"Kebony Clear R\u00e9gion Bienne - Balteschwiler AG\",\"isPartOf\":{\"@id\":\"https:\\\/\\\/balteschwiler.ch\\\/#website\"},\"primaryImageOfPage\":{\"@id\":\"https:\\\/\\\/balteschwiler.ch\\\/fr\\\/references\\\/kebony-clear-region-bienne\\\/#primaryimage\"},\"image\":{\"@id\":\"https:\\\/\\\/balteschwiler.ch\\\/fr\\\/references\\\/kebony-clear-region-bienne\\\/#primaryimage\"},\"thumbnailUrl\":\"https:\\\/\\\/balteschwiler.ch\\\/wp-content\\\/uploads\\\/2025\\\/05\\\/F4A7462-HDR.jpg\",\"datePublished\":\"2025-05-02T08:56:53+00:00\",\"dateModified\":\"2025-05-06T09:02:49+00:00\",\"breadcrumb\":{\"@id\":\"https:\\\/\\\/balteschwiler.ch\\\/fr\\\/references\\\/kebony-clear-region-bienne\\\/#breadcrumb\"},\"inLanguage\":\"fr-FR\",\"potentialAction\":[{\"@type\":\"ReadAction\",\"target\":[\"https:\\\/\\\/balteschwiler.ch\\\/fr\\\/references\\\/kebony-clear-region-bienne\\\/\"]}]},{\"@type\":\"ImageObject\",\"inLanguage\":\"fr-FR\",\"@id\":\"https:\\\/\\\/balteschwiler.ch\\\/fr\\\/references\\\/kebony-clear-region-bienne\\\/#primaryimage\",\"url\":\"https:\\\/\\\/balteschwiler.ch\\\/wp-content\\\/uploads\\\/2025\\\/05\\\/F4A7462-HDR.jpg\",\"contentUrl\":\"https:\\\/\\\/balteschwiler.ch\\\/wp-content\\\/uploads\\\/2025\\\/05\\\/F4A7462-HDR.jpg\"},{\"@type\":\"BreadcrumbList\",\"@id\":\"https:\\\/\\\/balteschwiler.ch\\\/fr\\\/references\\\/kebony-clear-region-bienne\\\/#breadcrumb\",\"itemListElement\":[{\"@type\":\"ListItem\",\"position\":1,\"name\":\"R\u00e9f\u00e9rences\",\"item\":\"https:\\\/\\\/balteschwiler.ch\\\/fr\\\/references\\\/\"},{\"@type\":\"ListItem\",\"position\":2,\"name\":\"Kebony Clear R\u00e9gion Bienne\"}]},{\"@type\":\"WebSite\",\"@id\":\"https:\\\/\\\/balteschwiler.ch\\\/#website\",\"url\":\"https:\\\/\\\/balteschwiler.ch\\\/\",\"name\":\"Balteschwiler AG\",\"description\":\"\",\"publisher\":{\"@id\":\"https:\\\/\\\/balteschwiler.ch\\\/#organization\"},\"potentialAction\":[{\"@type\":\"SearchAction\",\"target\":{\"@type\":\"EntryPoint\",\"urlTemplate\":\"https:\\\/\\\/balteschwiler.ch\\\/?s={search_term_string}\"},\"query-input\":{\"@type\":\"PropertyValueSpecification\",\"valueRequired\":true,\"valueName\":\"search_term_string\"}}],\"inLanguage\":\"fr-FR\"},{\"@type\":\"Organization\",\"@id\":\"https:\\\/\\\/balteschwiler.ch\\\/#organization\",\"name\":\"Balteschwiler AG\",\"url\":\"https:\\\/\\\/balteschwiler.ch\\\/\",\"logo\":{\"@type\":\"ImageObject\",\"inLanguage\":\"fr-FR\",\"@id\":\"https:\\\/\\\/balteschwiler.ch\\\/#\\\/schema\\\/logo\\\/image\\\/\",\"url\":\"https:\\\/\\\/balteschwiler.ch\\\/wp-content\\\/uploads\\\/2022\\\/09\\\/rz_BAL_Logo_d_rgb.png\",\"contentUrl\":\"https:\\\/\\\/balteschwiler.ch\\\/wp-content\\\/uploads\\\/2022\\\/09\\\/rz_BAL_Logo_d_rgb.png\",\"width\":1182,\"height\":224,\"caption\":\"Balteschwiler AG\"},\"image\":{\"@id\":\"https:\\\/\\\/balteschwiler.ch\\\/#\\\/schema\\\/logo\\\/image\\\/\"},\"sameAs\":[\"https:\\\/\\\/www.facebook.com\\\/balteschwiler\"]}]}<\/script>\n<!-- \/ Yoast SEO plugin. -->","yoast_head_json":{"title":"Kebony Clear R\u00e9gion Bienne - Balteschwiler AG","robots":{"index":"index","follow":"follow","max-snippet":"max-snippet:-1","max-image-preview":"max-image-preview:large","max-video-preview":"max-video-preview:-1"},"canonical":"https:\/\/balteschwiler.ch\/fr\/references\/kebony-clear-region-bienne\/","og_locale":"fr_FR","og_type":"article","og_title":"Kebony Clear R\u00e9gion Bienne - Balteschwiler AG","og_description":"Une terrasse transform\u00e9e gr\u00e2ceau bois Kebony Clear Cette propri\u00e9t\u00e9 situ\u00e9e au-dessus du lac de Bienne profite aujourd\u2019hui pleinement de ses deux grandes terrasses, qui n\u2019\u00e9taient gu\u00e8re utilis\u00e9es auparavant. La faute ... Mehr","og_url":"https:\/\/balteschwiler.ch\/fr\/references\/kebony-clear-region-bienne\/","og_site_name":"Balteschwiler AG","article_publisher":"https:\/\/www.facebook.com\/balteschwiler","article_modified_time":"2025-05-06T09:02:49+00:00","og_image":[{"url":"https:\/\/balteschwiler.ch\/wp-content\/uploads\/2025\/05\/F4A7462-HDR.jpg","type":"","width":"","height":""}],"twitter_card":"summary_large_image","twitter_misc":{"Dur\u00e9e de lecture estim\u00e9e":"3 minutes"},"schema":{"@context":"https:\/\/schema.org","@graph":[{"@type":"WebPage","@id":"https:\/\/balteschwiler.ch\/fr\/references\/kebony-clear-region-bienne\/","url":"https:\/\/balteschwiler.ch\/fr\/references\/kebony-clear-region-bienne\/","name":"Kebony Clear R\u00e9gion Bienne - Balteschwiler AG","isPartOf":{"@id":"https:\/\/balteschwiler.ch\/#website"},"primaryImageOfPage":{"@id":"https:\/\/balteschwiler.ch\/fr\/references\/kebony-clear-region-bienne\/#primaryimage"},"image":{"@id":"https:\/\/balteschwiler.ch\/fr\/references\/kebony-clear-region-bienne\/#primaryimage"},"thumbnailUrl":"https:\/\/balteschwiler.ch\/wp-content\/uploads\/2025\/05\/F4A7462-HDR.jpg","datePublished":"2025-05-02T08:56:53+00:00","dateModified":"2025-05-06T09:02:49+00:00","breadcrumb":{"@id":"https:\/\/balteschwiler.ch\/fr\/references\/kebony-clear-region-bienne\/#breadcrumb"},"inLanguage":"fr-FR","potentialAction":[{"@type":"ReadAction","target":["https:\/\/balteschwiler.ch\/fr\/references\/kebony-clear-region-bienne\/"]}]},{"@type":"ImageObject","inLanguage":"fr-FR","@id":"https:\/\/balteschwiler.ch\/fr\/references\/kebony-clear-region-bienne\/#primaryimage","url":"https:\/\/balteschwiler.ch\/wp-content\/uploads\/2025\/05\/F4A7462-HDR.jpg","contentUrl":"https:\/\/balteschwiler.ch\/wp-content\/uploads\/2025\/05\/F4A7462-HDR.jpg"},{"@type":"BreadcrumbList","@id":"https:\/\/balteschwiler.ch\/fr\/references\/kebony-clear-region-bienne\/#breadcrumb","itemListElement":[{"@type":"ListItem","position":1,"name":"R\u00e9f\u00e9rences","item":"https:\/\/balteschwiler.ch\/fr\/references\/"},{"@type":"ListItem","position":2,"name":"Kebony Clear R\u00e9gion Bienne"}]},{"@type":"WebSite","@id":"https:\/\/balteschwiler.ch\/#website","url":"https:\/\/balteschwiler.ch\/","name":"Balteschwiler AG","description":"","publisher":{"@id":"https:\/\/balteschwiler.ch\/#organization"},"potentialAction":[{"@type":"SearchAction","target":{"@type":"EntryPoint","urlTemplate":"https:\/\/balteschwiler.ch\/?s={search_term_string}"},"query-input":{"@type":"PropertyValueSpecification","valueRequired":true,"valueName":"search_term_string"}}],"inLanguage":"fr-FR"},{"@type":"Organization","@id":"https:\/\/balteschwiler.ch\/#organization","name":"Balteschwiler AG","url":"https:\/\/balteschwiler.ch\/","logo":{"@type":"ImageObject","inLanguage":"fr-FR","@id":"https:\/\/balteschwiler.ch\/#\/schema\/logo\/image\/","url":"https:\/\/balteschwiler.ch\/wp-content\/uploads\/2022\/09\/rz_BAL_Logo_d_rgb.png","contentUrl":"https:\/\/balteschwiler.ch\/wp-content\/uploads\/2022\/09\/rz_BAL_Logo_d_rgb.png","width":1182,"height":224,"caption":"Balteschwiler AG"},"image":{"@id":"https:\/\/balteschwiler.ch\/#\/schema\/logo\/image\/"},"sameAs":["https:\/\/www.facebook.com\/balteschwiler"]}]}},"uagb_featured_image_src":{"full":false,"thumbnail":false,"medium":false,"medium_large":false,"large":false,"1536x1536":false,"2048x2048":false,"gform-image-choice-sm":false,"gform-image-choice-md":false,"gform-image-choice-lg":false},"uagb_author_info":{"display_name":"Franziska H\u00e4nni","author_link":"https:\/\/balteschwiler.ch\/fr\/author\/f-haenni\/"},"uagb_comment_info":0,"uagb_excerpt":"Une terrasse transform\u00e9e gr\u00e2ceau bois Kebony Clear Cette propri\u00e9t\u00e9 situ\u00e9e au-dessus du lac de Bienne profite aujourd\u2019hui pleinement de ses deux grandes terrasses, qui n\u2019\u00e9taient gu\u00e8re utilis\u00e9es auparavant. La faute ... Mehr","_links":{"self":[{"href":"https:\/\/balteschwiler.ch\/fr\/wp-json\/wp\/v2\/pages\/11943","targetHints":{"allow":["GET"]}}],"collection":[{"href":"https:\/\/balteschwiler.ch\/fr\/wp-json\/wp\/v2\/pages"}],"about":[{"href":"https:\/\/balteschwiler.ch\/fr\/wp-json\/wp\/v2\/types\/page"}],"author":[{"embeddable":true,"href":"https:\/\/balteschwiler.ch\/fr\/wp-json\/wp\/v2\/users\/3"}],"replies":[{"embeddable":true,"href":"https:\/\/balteschwiler.ch\/fr\/wp-json\/wp\/v2\/comments?post=11943"}],"version-history":[{"count":3,"href":"https:\/\/balteschwiler.ch\/fr\/wp-json\/wp\/v2\/pages\/11943\/revisions"}],"predecessor-version":[{"id":12030,"href":"https:\/\/balteschwiler.ch\/fr\/wp-json\/wp\/v2\/pages\/11943\/revisions\/12030"}],"up":[{"embeddable":true,"href":"https:\/\/balteschwiler.ch\/fr\/wp-json\/wp\/v2\/pages\/8941"}],"wp:attachment":[{"href":"https:\/\/balteschwiler.ch\/fr\/wp-json\/wp\/v2\/media?parent=11943"}],"curies":[{"name":"wp","href":"https:\/\/api.w.org\/{rel}","templated":true}]}}