{"id":12731,"date":"2025-07-31T09:58:10","date_gmt":"2025-07-31T07:58:10","guid":{"rendered":"https:\/\/balteschwiler.ch\/?page_id=12731"},"modified":"2025-07-31T11:21:51","modified_gmt":"2025-07-31T09:21:51","slug":"kebony-clear-twins-villa-wetzikon","status":"publish","type":"page","link":"https:\/\/balteschwiler.ch\/fr\/references\/kebony-clear-twins-villa-wetzikon\/","title":{"rendered":"Kebony Clear Twins Villa Wetzikon"},"content":{"rendered":"<div class=\"gb-container gb-container-6ec57639 loadondesktop\"><div class=\"gb-inside-container\">\n<div class=\"gb-grid-wrapper gb-grid-wrapper-d212ffc2\">\n<div class=\"gb-grid-column gb-grid-column-6290146c\"><div class=\"gb-container gb-container-6290146c\"><div class=\"gb-inside-container\">\n\n<p class=\"gb-headline gb-headline-a9091560 gb-headline-text\">Syst\u00e8mes de terrasses<\/p>\n\n\n\n<h1 class=\"gb-headline gb-headline-ae3932be gb-headline-text\">Kebony Clear, Twin Villas \u00e0 Wetzikon<\/h1>\n\n<\/div><\/div><\/div>\n<\/div>\n<\/div><\/div>\n\n<div class=\"gb-container gb-container-0f7de636\"><div class=\"gb-inside-container\">\n\n<div class=\"wp-block-uagb-slider uagb-block-fcd85a6a uagb-slider-container\"><div class=\"uagb-slides uagb-swiper\"><div class=\"swiper-wrapper\">\n<div class=\"wp-block-uagb-slider-child uagb-slider-child-wrap swiper-slide uagb-block-6bb11d49\"><div class=\"swiper-content\"><div class=\"wp-block-image\">\n<figure class=\"aligncenter size-large\"><img loading=\"lazy\" decoding=\"async\" width=\"1024\" height=\"683\" src=\"https:\/\/balteschwiler.ch\/wp-content\/uploads\/2025\/07\/DSC3251-1024x683.jpg\" alt=\"\" class=\"wp-image-12674\" srcset=\"https:\/\/balteschwiler.ch\/wp-content\/uploads\/2025\/07\/DSC3251-1024x683.jpg 1024w, https:\/\/balteschwiler.ch\/wp-content\/uploads\/2025\/07\/DSC3251-300x200.jpg 300w, https:\/\/balteschwiler.ch\/wp-content\/uploads\/2025\/07\/DSC3251-768x512.jpg 768w, https:\/\/balteschwiler.ch\/wp-content\/uploads\/2025\/07\/DSC3251-50x33.jpg 50w, https:\/\/balteschwiler.ch\/wp-content\/uploads\/2025\/07\/DSC3251-1600x1067.jpg 1600w, https:\/\/balteschwiler.ch\/wp-content\/uploads\/2025\/07\/DSC3251-1536x1024.jpg 1536w, https:\/\/balteschwiler.ch\/wp-content\/uploads\/2025\/07\/DSC3251-2048x1366.jpg 2048w\" sizes=\"auto, (max-width: 1024px) 100vw, 1024px\" \/><\/figure>\n<\/div><\/div><\/div>\n\n\n\n<div class=\"wp-block-uagb-slider-child uagb-slider-child-wrap swiper-slide uagb-block-297ab518\"><div class=\"swiper-content\"><div class=\"wp-block-image\">\n<figure class=\"aligncenter size-large\"><img loading=\"lazy\" decoding=\"async\" width=\"683\" height=\"1024\" src=\"https:\/\/balteschwiler.ch\/wp-content\/uploads\/2025\/07\/DSC1798-683x1024.jpg\" alt=\"\" class=\"wp-image-12650\" srcset=\"https:\/\/balteschwiler.ch\/wp-content\/uploads\/2025\/07\/DSC1798-683x1024.jpg 683w, https:\/\/balteschwiler.ch\/wp-content\/uploads\/2025\/07\/DSC1798-200x300.jpg 200w, https:\/\/balteschwiler.ch\/wp-content\/uploads\/2025\/07\/DSC1798-768x1152.jpg 768w, https:\/\/balteschwiler.ch\/wp-content\/uploads\/2025\/07\/DSC1798-50x75.jpg 50w, https:\/\/balteschwiler.ch\/wp-content\/uploads\/2025\/07\/DSC1798-1600x2400.jpg 1600w, https:\/\/balteschwiler.ch\/wp-content\/uploads\/2025\/07\/DSC1798-1024x1536.jpg 1024w, https:\/\/balteschwiler.ch\/wp-content\/uploads\/2025\/07\/DSC1798-1366x2048.jpg 1366w, https:\/\/balteschwiler.ch\/wp-content\/uploads\/2025\/07\/DSC1798-scaled.jpg 1707w\" sizes=\"auto, (max-width: 683px) 100vw, 683px\" \/><\/figure>\n<\/div><\/div><\/div>\n\n\n\n<div class=\"wp-block-uagb-slider-child uagb-slider-child-wrap swiper-slide uagb-block-2128fd97\"><div class=\"swiper-content\"><div class=\"wp-block-image\">\n<figure class=\"aligncenter size-large\"><img loading=\"lazy\" decoding=\"async\" width=\"1024\" height=\"683\" src=\"https:\/\/balteschwiler.ch\/wp-content\/uploads\/2025\/07\/DSC3920-1024x683.jpg\" alt=\"\" class=\"wp-image-12684\" srcset=\"https:\/\/balteschwiler.ch\/wp-content\/uploads\/2025\/07\/DSC3920-1024x683.jpg 1024w, https:\/\/balteschwiler.ch\/wp-content\/uploads\/2025\/07\/DSC3920-300x200.jpg 300w, https:\/\/balteschwiler.ch\/wp-content\/uploads\/2025\/07\/DSC3920-768x512.jpg 768w, https:\/\/balteschwiler.ch\/wp-content\/uploads\/2025\/07\/DSC3920-50x33.jpg 50w, https:\/\/balteschwiler.ch\/wp-content\/uploads\/2025\/07\/DSC3920-1600x1067.jpg 1600w, https:\/\/balteschwiler.ch\/wp-content\/uploads\/2025\/07\/DSC3920-1536x1024.jpg 1536w, https:\/\/balteschwiler.ch\/wp-content\/uploads\/2025\/07\/DSC3920-2048x1366.jpg 2048w\" sizes=\"auto, (max-width: 1024px) 100vw, 1024px\" \/><\/figure>\n<\/div><\/div><\/div>\n\n\n\n<div class=\"wp-block-uagb-slider-child uagb-slider-child-wrap swiper-slide uagb-block-d680947f\"><div class=\"swiper-content\"><div class=\"wp-block-image\">\n<figure class=\"aligncenter size-large\"><img loading=\"lazy\" decoding=\"async\" width=\"1024\" height=\"683\" src=\"https:\/\/balteschwiler.ch\/wp-content\/uploads\/2025\/07\/DSC4057-1024x683.jpg\" alt=\"\" class=\"wp-image-12688\" srcset=\"https:\/\/balteschwiler.ch\/wp-content\/uploads\/2025\/07\/DSC4057-1024x683.jpg 1024w, https:\/\/balteschwiler.ch\/wp-content\/uploads\/2025\/07\/DSC4057-300x200.jpg 300w, https:\/\/balteschwiler.ch\/wp-content\/uploads\/2025\/07\/DSC4057-768x512.jpg 768w, https:\/\/balteschwiler.ch\/wp-content\/uploads\/2025\/07\/DSC4057-50x33.jpg 50w, https:\/\/balteschwiler.ch\/wp-content\/uploads\/2025\/07\/DSC4057-1600x1067.jpg 1600w, https:\/\/balteschwiler.ch\/wp-content\/uploads\/2025\/07\/DSC4057-1536x1024.jpg 1536w, https:\/\/balteschwiler.ch\/wp-content\/uploads\/2025\/07\/DSC4057-2048x1366.jpg 2048w\" sizes=\"auto, (max-width: 1024px) 100vw, 1024px\" \/><\/figure>\n<\/div><\/div><\/div>\n\n\n\n<div class=\"wp-block-uagb-slider-child uagb-slider-child-wrap swiper-slide uagb-block-2977e9fc\"><div class=\"swiper-content\"><div class=\"wp-block-image\">\n<figure class=\"aligncenter size-large\"><img loading=\"lazy\" decoding=\"async\" width=\"1024\" height=\"683\" src=\"https:\/\/balteschwiler.ch\/wp-content\/uploads\/2025\/07\/DSC3728-1024x683.jpg\" alt=\"\" class=\"wp-image-12680\" srcset=\"https:\/\/balteschwiler.ch\/wp-content\/uploads\/2025\/07\/DSC3728-1024x683.jpg 1024w, https:\/\/balteschwiler.ch\/wp-content\/uploads\/2025\/07\/DSC3728-300x200.jpg 300w, https:\/\/balteschwiler.ch\/wp-content\/uploads\/2025\/07\/DSC3728-768x512.jpg 768w, https:\/\/balteschwiler.ch\/wp-content\/uploads\/2025\/07\/DSC3728-50x33.jpg 50w, https:\/\/balteschwiler.ch\/wp-content\/uploads\/2025\/07\/DSC3728-1600x1067.jpg 1600w, https:\/\/balteschwiler.ch\/wp-content\/uploads\/2025\/07\/DSC3728-1536x1024.jpg 1536w, https:\/\/balteschwiler.ch\/wp-content\/uploads\/2025\/07\/DSC3728-2048x1366.jpg 2048w\" sizes=\"auto, (max-width: 1024px) 100vw, 1024px\" \/><\/figure>\n<\/div><\/div><\/div>\n\n\n\n<div class=\"wp-block-uagb-slider-child uagb-slider-child-wrap swiper-slide uagb-block-7e9c14e2\"><div class=\"swiper-content\"><div class=\"wp-block-image\">\n<figure class=\"aligncenter size-large\"><img loading=\"lazy\" decoding=\"async\" width=\"1024\" height=\"683\" src=\"https:\/\/balteschwiler.ch\/wp-content\/uploads\/2025\/07\/DSC4228-1024x683.jpg\" alt=\"\" class=\"wp-image-12690\" srcset=\"https:\/\/balteschwiler.ch\/wp-content\/uploads\/2025\/07\/DSC4228-1024x683.jpg 1024w, https:\/\/balteschwiler.ch\/wp-content\/uploads\/2025\/07\/DSC4228-300x200.jpg 300w, https:\/\/balteschwiler.ch\/wp-content\/uploads\/2025\/07\/DSC4228-768x512.jpg 768w, https:\/\/balteschwiler.ch\/wp-content\/uploads\/2025\/07\/DSC4228-50x33.jpg 50w, https:\/\/balteschwiler.ch\/wp-content\/uploads\/2025\/07\/DSC4228-1600x1067.jpg 1600w, https:\/\/balteschwiler.ch\/wp-content\/uploads\/2025\/07\/DSC4228-1536x1024.jpg 1536w, https:\/\/balteschwiler.ch\/wp-content\/uploads\/2025\/07\/DSC4228-2048x1366.jpg 2048w\" sizes=\"auto, (max-width: 1024px) 100vw, 1024px\" \/><\/figure>\n<\/div><\/div><\/div>\n<\/div><\/div><div class=\"swiper-button-prev\"><\/div><div class=\"swiper-button-next\"><\/div><\/div>\n\n\n\n<div style=\"height:50px\" aria-hidden=\"true\" class=\"wp-block-spacer\"><\/div>\n\n\n\n<div class=\"wp-block-columns is-layout-flex wp-container-core-columns-is-layout-9d6595d7 wp-block-columns-is-layout-flex\">\n<div class=\"wp-block-column is-layout-flow wp-block-column-is-layout-flow\" style=\"flex-basis:66.66%\">\n<hr class=\"wp-block-separator has-text-color has-contrast-color has-alpha-channel-opacity has-contrast-background-color has-background\"\/>\n\n\n\n<h2 class=\"wp-block-heading\">Twin Villas \u00e0 Wetzikon \u2013 Une construction en bois en harmonie avec la nature<\/h2>\n\n\n\n<p>Un projet d\u203aavenir a vu le jour en 2023 \u00e0 Wetzikon : deux maisons individuelles en bois, harmonieusement int\u00e9gr\u00e9es dans le paysage naturel entourant la r\u00e9serve naturelle du lac de Pf\u00e4ffikon. Pour ce projet durable Minergie-P, nous avons pu fournir diff\u00e9rentes solutions &#8211; dont des produits de rabotage pour les fa\u00e7ades, des carrelets verticaux ainsi que des lames de terrasse et une sous-construction en Kebony Clear.<\/p>\n\n\n\n<p>Nos prestations comprenaient en outre le conseil sur les finitions des murs, des sols et des plafonds, la mise en relation avec des partenaires artisans avec le soutien de Woodness.ch.<\/p>\n\n\n\n<p>L&rsquo;alliance de la nature, de l&rsquo;architecture et de la technique se manifeste dans chaque d\u00e9tail : des mat\u00e9riaux durables, un bilan \u00e9nerg\u00e9tique positif pour le chauffage et des terrasses qui invitent \u00e0 la d\u00e9tente &#8211; chaudes, robustes et adapt\u00e9es aux pieds nus. Un projet qui construit l&rsquo;avenir &#8211; \u00e9cologique, de haute qualit\u00e9 et dans le respect du lieu.<\/p>\n\n\n<div class=\"gb-button-wrapper gb-button-wrapper-7c34dbc8\">\n\n<a class=\"gb-button gb-button-b8c1b8eb gb-button-text smooth-scroll button-border-none\" href=\"https:\/\/balteschwiler.ch\/wp-content\/uploads\/2025\/07\/terrasse-2024-kebony-clear-2-efh-vollrath-wetzikon-fr.pdf\" target=\"_blank\" rel=\"noopener noreferrer\">Fiche de r\u00e9f\u00e9rence<\/a>\n\n<\/div><\/div>\n\n\n\n<div class=\"wp-block-column spalte-custom-space-left is-layout-flow wp-block-column-is-layout-flow\" style=\"flex-basis:33.33%\">\n<hr class=\"wp-block-separator has-text-color has-contrast-color has-alpha-channel-opacity has-contrast-background-color has-background\"\/>\n\n\n\n<p><strong><strong>Ann\u00e9e de construction<\/strong><br><\/strong> 2023<\/p>\n\n\n\n<p><strong><strong>Type de b\u00e2timent \/ usage<\/strong><br><\/strong>Deux Maisons individuelles<\/p>\n\n\n\n<p><strong><strong><strong>Architecte<\/strong><br><\/strong><\/strong>K\u00e4mpfen Zinke + Partner AG, Zurich<\/p>\n\n\n\n<p><strong><strong>Produits et services Balteschwiler utilis\u00e9s<\/strong><br><\/strong>Syst\u00e8me de fa\u00e7ade\u2009: m\u00e9l\u00e8ze rabot\u00e9, bardage de fa\u00e7ade avec profil Chanfrein en V, lattes de fa\u00e7ade, panneaux 1 pli en m\u00e9l\u00e8ze&nbsp;<\/p>\n\n\n\n<p>Syst\u00e8me de terrasse\u2009: Kebony Clear Radiata Pine<\/p>\n<\/div>\n<\/div>\n\n<\/div><\/div>\n\n\n<p><\/p>\n","protected":false},"excerpt":{"rendered":"<p>Twin Villas \u00e0 Wetzikon \u2013 Une construction en bois en harmonie avec la nature Un projet d\u203aavenir a vu le jour en 2023 \u00e0 Wetzikon : deux maisons individuelles en &#8230; <a title=\"Kebony Clear Twins Villa Wetzikon\" class=\"read-more\" href=\"https:\/\/balteschwiler.ch\/fr\/references\/kebony-clear-twins-villa-wetzikon\/\" aria-label=\"En savoir plus sur Kebony Clear Twins Villa Wetzikon\">Mehr<\/a><\/p>\n","protected":false},"author":3,"featured_media":0,"parent":8941,"menu_order":0,"comment_status":"closed","ping_status":"closed","template":"","meta":{"_acf_changed":false,"inline_featured_image":false,"_uag_custom_page_level_css":"","footnotes":""},"class_list":["post-12731","page","type-page","status-publish"],"acf":[],"yoast_head":"<!-- This site is optimized with the Yoast SEO plugin v27.3 - https:\/\/yoast.com\/product\/yoast-seo-wordpress\/ -->\n<title>Kebony Clear Twins Villa Wetzikon - Balteschwiler AG<\/title>\n<meta name=\"robots\" content=\"index, follow, max-snippet:-1, max-image-preview:large, max-video-preview:-1\" \/>\n<link rel=\"canonical\" href=\"https:\/\/balteschwiler.ch\/fr\/references\/kebony-clear-twins-villa-wetzikon\/\" \/>\n<meta property=\"og:locale\" content=\"fr_FR\" \/>\n<meta property=\"og:type\" content=\"article\" \/>\n<meta property=\"og:title\" content=\"Kebony Clear Twins Villa Wetzikon - Balteschwiler AG\" \/>\n<meta property=\"og:description\" content=\"Twin Villas \u00e0 Wetzikon \u2013 Une construction en bois en harmonie avec la nature Un projet d\u203aavenir a vu le jour en 2023 \u00e0 Wetzikon : deux maisons individuelles en ... Mehr\" \/>\n<meta property=\"og:url\" content=\"https:\/\/balteschwiler.ch\/fr\/references\/kebony-clear-twins-villa-wetzikon\/\" \/>\n<meta property=\"og:site_name\" content=\"Balteschwiler AG\" \/>\n<meta property=\"article:publisher\" content=\"https:\/\/www.facebook.com\/balteschwiler\" \/>\n<meta property=\"article:modified_time\" content=\"2025-07-31T09:21:51+00:00\" \/>\n<meta property=\"og:image\" content=\"https:\/\/balteschwiler.ch\/wp-content\/uploads\/2025\/07\/DSC3251-scaled.jpg\" \/>\n\t<meta property=\"og:image:width\" content=\"2560\" \/>\n\t<meta property=\"og:image:height\" content=\"1707\" \/>\n\t<meta property=\"og:image:type\" content=\"image\/jpeg\" \/>\n<meta name=\"twitter:card\" content=\"summary_large_image\" \/>\n<meta name=\"twitter:label1\" content=\"Dur\u00e9e de lecture estim\u00e9e\" \/>\n\t<meta name=\"twitter:data1\" content=\"3 minutes\" \/>\n<script type=\"application\/ld+json\" class=\"yoast-schema-graph\">{\"@context\":\"https:\\\/\\\/schema.org\",\"@graph\":[{\"@type\":\"WebPage\",\"@id\":\"https:\\\/\\\/balteschwiler.ch\\\/fr\\\/references\\\/kebony-clear-twins-villa-wetzikon\\\/\",\"url\":\"https:\\\/\\\/balteschwiler.ch\\\/fr\\\/references\\\/kebony-clear-twins-villa-wetzikon\\\/\",\"name\":\"Kebony Clear Twins Villa Wetzikon - Balteschwiler AG\",\"isPartOf\":{\"@id\":\"https:\\\/\\\/balteschwiler.ch\\\/#website\"},\"primaryImageOfPage\":{\"@id\":\"https:\\\/\\\/balteschwiler.ch\\\/fr\\\/references\\\/kebony-clear-twins-villa-wetzikon\\\/#primaryimage\"},\"image\":{\"@id\":\"https:\\\/\\\/balteschwiler.ch\\\/fr\\\/references\\\/kebony-clear-twins-villa-wetzikon\\\/#primaryimage\"},\"thumbnailUrl\":\"https:\\\/\\\/balteschwiler.ch\\\/wp-content\\\/uploads\\\/2025\\\/07\\\/DSC3251-1024x683.jpg\",\"datePublished\":\"2025-07-31T07:58:10+00:00\",\"dateModified\":\"2025-07-31T09:21:51+00:00\",\"breadcrumb\":{\"@id\":\"https:\\\/\\\/balteschwiler.ch\\\/fr\\\/references\\\/kebony-clear-twins-villa-wetzikon\\\/#breadcrumb\"},\"inLanguage\":\"fr-FR\",\"potentialAction\":[{\"@type\":\"ReadAction\",\"target\":[\"https:\\\/\\\/balteschwiler.ch\\\/fr\\\/references\\\/kebony-clear-twins-villa-wetzikon\\\/\"]}]},{\"@type\":\"ImageObject\",\"inLanguage\":\"fr-FR\",\"@id\":\"https:\\\/\\\/balteschwiler.ch\\\/fr\\\/references\\\/kebony-clear-twins-villa-wetzikon\\\/#primaryimage\",\"url\":\"https:\\\/\\\/balteschwiler.ch\\\/wp-content\\\/uploads\\\/2025\\\/07\\\/DSC3251-1024x683.jpg\",\"contentUrl\":\"https:\\\/\\\/balteschwiler.ch\\\/wp-content\\\/uploads\\\/2025\\\/07\\\/DSC3251-1024x683.jpg\"},{\"@type\":\"BreadcrumbList\",\"@id\":\"https:\\\/\\\/balteschwiler.ch\\\/fr\\\/references\\\/kebony-clear-twins-villa-wetzikon\\\/#breadcrumb\",\"itemListElement\":[{\"@type\":\"ListItem\",\"position\":1,\"name\":\"R\u00e9f\u00e9rences\",\"item\":\"https:\\\/\\\/balteschwiler.ch\\\/fr\\\/references\\\/\"},{\"@type\":\"ListItem\",\"position\":2,\"name\":\"Kebony Clear Twins Villa Wetzikon\"}]},{\"@type\":\"WebSite\",\"@id\":\"https:\\\/\\\/balteschwiler.ch\\\/#website\",\"url\":\"https:\\\/\\\/balteschwiler.ch\\\/\",\"name\":\"Balteschwiler AG\",\"description\":\"\",\"publisher\":{\"@id\":\"https:\\\/\\\/balteschwiler.ch\\\/#organization\"},\"potentialAction\":[{\"@type\":\"SearchAction\",\"target\":{\"@type\":\"EntryPoint\",\"urlTemplate\":\"https:\\\/\\\/balteschwiler.ch\\\/?s={search_term_string}\"},\"query-input\":{\"@type\":\"PropertyValueSpecification\",\"valueRequired\":true,\"valueName\":\"search_term_string\"}}],\"inLanguage\":\"fr-FR\"},{\"@type\":\"Organization\",\"@id\":\"https:\\\/\\\/balteschwiler.ch\\\/#organization\",\"name\":\"Balteschwiler AG\",\"url\":\"https:\\\/\\\/balteschwiler.ch\\\/\",\"logo\":{\"@type\":\"ImageObject\",\"inLanguage\":\"fr-FR\",\"@id\":\"https:\\\/\\\/balteschwiler.ch\\\/#\\\/schema\\\/logo\\\/image\\\/\",\"url\":\"https:\\\/\\\/balteschwiler.ch\\\/wp-content\\\/uploads\\\/2022\\\/09\\\/rz_BAL_Logo_d_rgb.png\",\"contentUrl\":\"https:\\\/\\\/balteschwiler.ch\\\/wp-content\\\/uploads\\\/2022\\\/09\\\/rz_BAL_Logo_d_rgb.png\",\"width\":1182,\"height\":224,\"caption\":\"Balteschwiler AG\"},\"image\":{\"@id\":\"https:\\\/\\\/balteschwiler.ch\\\/#\\\/schema\\\/logo\\\/image\\\/\"},\"sameAs\":[\"https:\\\/\\\/www.facebook.com\\\/balteschwiler\"]}]}<\/script>\n<!-- \/ Yoast SEO plugin. -->","yoast_head_json":{"title":"Kebony Clear Twins Villa Wetzikon - Balteschwiler AG","robots":{"index":"index","follow":"follow","max-snippet":"max-snippet:-1","max-image-preview":"max-image-preview:large","max-video-preview":"max-video-preview:-1"},"canonical":"https:\/\/balteschwiler.ch\/fr\/references\/kebony-clear-twins-villa-wetzikon\/","og_locale":"fr_FR","og_type":"article","og_title":"Kebony Clear Twins Villa Wetzikon - Balteschwiler AG","og_description":"Twin Villas \u00e0 Wetzikon \u2013 Une construction en bois en harmonie avec la nature Un projet d\u203aavenir a vu le jour en 2023 \u00e0 Wetzikon : deux maisons individuelles en ... Mehr","og_url":"https:\/\/balteschwiler.ch\/fr\/references\/kebony-clear-twins-villa-wetzikon\/","og_site_name":"Balteschwiler AG","article_publisher":"https:\/\/www.facebook.com\/balteschwiler","article_modified_time":"2025-07-31T09:21:51+00:00","og_image":[{"width":2560,"height":1707,"url":"https:\/\/balteschwiler.ch\/wp-content\/uploads\/2025\/07\/DSC3251-scaled.jpg","type":"image\/jpeg"}],"twitter_card":"summary_large_image","twitter_misc":{"Dur\u00e9e de lecture estim\u00e9e":"3 minutes"},"schema":{"@context":"https:\/\/schema.org","@graph":[{"@type":"WebPage","@id":"https:\/\/balteschwiler.ch\/fr\/references\/kebony-clear-twins-villa-wetzikon\/","url":"https:\/\/balteschwiler.ch\/fr\/references\/kebony-clear-twins-villa-wetzikon\/","name":"Kebony Clear Twins Villa Wetzikon - Balteschwiler AG","isPartOf":{"@id":"https:\/\/balteschwiler.ch\/#website"},"primaryImageOfPage":{"@id":"https:\/\/balteschwiler.ch\/fr\/references\/kebony-clear-twins-villa-wetzikon\/#primaryimage"},"image":{"@id":"https:\/\/balteschwiler.ch\/fr\/references\/kebony-clear-twins-villa-wetzikon\/#primaryimage"},"thumbnailUrl":"https:\/\/balteschwiler.ch\/wp-content\/uploads\/2025\/07\/DSC3251-1024x683.jpg","datePublished":"2025-07-31T07:58:10+00:00","dateModified":"2025-07-31T09:21:51+00:00","breadcrumb":{"@id":"https:\/\/balteschwiler.ch\/fr\/references\/kebony-clear-twins-villa-wetzikon\/#breadcrumb"},"inLanguage":"fr-FR","potentialAction":[{"@type":"ReadAction","target":["https:\/\/balteschwiler.ch\/fr\/references\/kebony-clear-twins-villa-wetzikon\/"]}]},{"@type":"ImageObject","inLanguage":"fr-FR","@id":"https:\/\/balteschwiler.ch\/fr\/references\/kebony-clear-twins-villa-wetzikon\/#primaryimage","url":"https:\/\/balteschwiler.ch\/wp-content\/uploads\/2025\/07\/DSC3251-1024x683.jpg","contentUrl":"https:\/\/balteschwiler.ch\/wp-content\/uploads\/2025\/07\/DSC3251-1024x683.jpg"},{"@type":"BreadcrumbList","@id":"https:\/\/balteschwiler.ch\/fr\/references\/kebony-clear-twins-villa-wetzikon\/#breadcrumb","itemListElement":[{"@type":"ListItem","position":1,"name":"R\u00e9f\u00e9rences","item":"https:\/\/balteschwiler.ch\/fr\/references\/"},{"@type":"ListItem","position":2,"name":"Kebony Clear Twins Villa Wetzikon"}]},{"@type":"WebSite","@id":"https:\/\/balteschwiler.ch\/#website","url":"https:\/\/balteschwiler.ch\/","name":"Balteschwiler AG","description":"","publisher":{"@id":"https:\/\/balteschwiler.ch\/#organization"},"potentialAction":[{"@type":"SearchAction","target":{"@type":"EntryPoint","urlTemplate":"https:\/\/balteschwiler.ch\/?s={search_term_string}"},"query-input":{"@type":"PropertyValueSpecification","valueRequired":true,"valueName":"search_term_string"}}],"inLanguage":"fr-FR"},{"@type":"Organization","@id":"https:\/\/balteschwiler.ch\/#organization","name":"Balteschwiler AG","url":"https:\/\/balteschwiler.ch\/","logo":{"@type":"ImageObject","inLanguage":"fr-FR","@id":"https:\/\/balteschwiler.ch\/#\/schema\/logo\/image\/","url":"https:\/\/balteschwiler.ch\/wp-content\/uploads\/2022\/09\/rz_BAL_Logo_d_rgb.png","contentUrl":"https:\/\/balteschwiler.ch\/wp-content\/uploads\/2022\/09\/rz_BAL_Logo_d_rgb.png","width":1182,"height":224,"caption":"Balteschwiler AG"},"image":{"@id":"https:\/\/balteschwiler.ch\/#\/schema\/logo\/image\/"},"sameAs":["https:\/\/www.facebook.com\/balteschwiler"]}]}},"uagb_featured_image_src":{"full":false,"thumbnail":false,"medium":false,"medium_large":false,"large":false,"1536x1536":false,"2048x2048":false,"gform-image-choice-sm":false,"gform-image-choice-md":false,"gform-image-choice-lg":false},"uagb_author_info":{"display_name":"Franziska H\u00e4nni","author_link":"https:\/\/balteschwiler.ch\/fr\/author\/f-haenni\/"},"uagb_comment_info":0,"uagb_excerpt":"Twin Villas \u00e0 Wetzikon \u2013 Une construction en bois en harmonie avec la nature Un projet d\u203aavenir a vu le jour en 2023 \u00e0 Wetzikon : deux maisons individuelles en ... Mehr","_links":{"self":[{"href":"https:\/\/balteschwiler.ch\/fr\/wp-json\/wp\/v2\/pages\/12731","targetHints":{"allow":["GET"]}}],"collection":[{"href":"https:\/\/balteschwiler.ch\/fr\/wp-json\/wp\/v2\/pages"}],"about":[{"href":"https:\/\/balteschwiler.ch\/fr\/wp-json\/wp\/v2\/types\/page"}],"author":[{"embeddable":true,"href":"https:\/\/balteschwiler.ch\/fr\/wp-json\/wp\/v2\/users\/3"}],"replies":[{"embeddable":true,"href":"https:\/\/balteschwiler.ch\/fr\/wp-json\/wp\/v2\/comments?post=12731"}],"version-history":[{"count":2,"href":"https:\/\/balteschwiler.ch\/fr\/wp-json\/wp\/v2\/pages\/12731\/revisions"}],"predecessor-version":[{"id":12833,"href":"https:\/\/balteschwiler.ch\/fr\/wp-json\/wp\/v2\/pages\/12731\/revisions\/12833"}],"up":[{"embeddable":true,"href":"https:\/\/balteschwiler.ch\/fr\/wp-json\/wp\/v2\/pages\/8941"}],"wp:attachment":[{"href":"https:\/\/balteschwiler.ch\/fr\/wp-json\/wp\/v2\/media?parent=12731"}],"curies":[{"name":"wp","href":"https:\/\/api.w.org\/{rel}","templated":true}]}}