{"id":12734,"date":"2025-07-30T10:45:19","date_gmt":"2025-07-30T08:45:19","guid":{"rendered":"https:\/\/balteschwiler.ch\/?page_id=12734"},"modified":"2025-07-31T09:23:29","modified_gmt":"2025-07-31T07:23:29","slug":"kebony-clear-terrasse-toit-zurich","status":"publish","type":"page","link":"https:\/\/balteschwiler.ch\/fr\/references\/kebony-clear-terrasse-toit-zurich\/","title":{"rendered":"Kebony Clear terrasse toit Zurich"},"content":{"rendered":"<div class=\"gb-container gb-container-6ec57639 loadondesktop\"><div class=\"gb-inside-container\">\n<div class=\"gb-grid-wrapper gb-grid-wrapper-d212ffc2\">\n<div class=\"gb-grid-column gb-grid-column-6290146c\"><div class=\"gb-container gb-container-6290146c\"><div class=\"gb-inside-container\">\n\n<p class=\"gb-headline gb-headline-a9091560 gb-headline-text\"><strong><strong>Syst\u00e8mes de terrasses<\/strong><\/strong><\/p>\n\n\n\n<h1 class=\"gb-headline gb-headline-ae3932be gb-headline-text\"><strong>R\u00e9novation d&rsquo;une terrasse de toit en ville de Zurich<\/strong><\/h1>\n\n<\/div><\/div><\/div>\n<\/div>\n<\/div><\/div>\n\n<div class=\"gb-container gb-container-0f7de636\"><div class=\"gb-inside-container\">\n\n<div class=\"wp-block-uagb-slider uagb-block-fcd85a6a uagb-slider-container\"><div class=\"uagb-slides uagb-swiper\"><div class=\"swiper-wrapper\">\n<div class=\"wp-block-uagb-slider-child uagb-slider-child-wrap swiper-slide uagb-block-6bb11d49\"><div class=\"swiper-content\"><div class=\"wp-block-image\">\n<figure class=\"aligncenter size-large\"><img loading=\"lazy\" decoding=\"async\" width=\"1024\" height=\"682\" src=\"https:\/\/balteschwiler.ch\/wp-content\/uploads\/2025\/07\/kebony_bhfstr-4-1024x682.jpg\" alt=\"\" class=\"wp-image-12594\" srcset=\"https:\/\/balteschwiler.ch\/wp-content\/uploads\/2025\/07\/kebony_bhfstr-4-1024x682.jpg 1024w, https:\/\/balteschwiler.ch\/wp-content\/uploads\/2025\/07\/kebony_bhfstr-4-300x200.jpg 300w, https:\/\/balteschwiler.ch\/wp-content\/uploads\/2025\/07\/kebony_bhfstr-4-768x512.jpg 768w, https:\/\/balteschwiler.ch\/wp-content\/uploads\/2025\/07\/kebony_bhfstr-4-50x33.jpg 50w\" sizes=\"auto, (max-width: 1024px) 100vw, 1024px\" \/><\/figure>\n<\/div><\/div><\/div>\n\n\n\n<div class=\"wp-block-uagb-slider-child uagb-slider-child-wrap swiper-slide uagb-block-297ab518\"><div class=\"swiper-content\">\n<figure class=\"wp-block-image size-large\"><img loading=\"lazy\" decoding=\"async\" width=\"1024\" height=\"682\" src=\"https:\/\/balteschwiler.ch\/wp-content\/uploads\/2025\/07\/kebony_bhfstr-5-1024x682.jpg\" alt=\"\" class=\"wp-image-12596\" srcset=\"https:\/\/balteschwiler.ch\/wp-content\/uploads\/2025\/07\/kebony_bhfstr-5-1024x682.jpg 1024w, https:\/\/balteschwiler.ch\/wp-content\/uploads\/2025\/07\/kebony_bhfstr-5-300x200.jpg 300w, https:\/\/balteschwiler.ch\/wp-content\/uploads\/2025\/07\/kebony_bhfstr-5-768x512.jpg 768w, https:\/\/balteschwiler.ch\/wp-content\/uploads\/2025\/07\/kebony_bhfstr-5-50x33.jpg 50w\" sizes=\"auto, (max-width: 1024px) 100vw, 1024px\" \/><\/figure>\n<\/div><\/div>\n\n\n\n<div class=\"wp-block-uagb-slider-child uagb-slider-child-wrap swiper-slide uagb-block-2128fd97\"><div class=\"swiper-content\"><div class=\"wp-block-image\">\n<figure class=\"aligncenter size-large\"><img loading=\"lazy\" decoding=\"async\" width=\"1024\" height=\"682\" src=\"https:\/\/balteschwiler.ch\/wp-content\/uploads\/2025\/07\/kebony_bhfstr-7-1024x682.jpg\" alt=\"\" class=\"wp-image-12600\" srcset=\"https:\/\/balteschwiler.ch\/wp-content\/uploads\/2025\/07\/kebony_bhfstr-7-1024x682.jpg 1024w, https:\/\/balteschwiler.ch\/wp-content\/uploads\/2025\/07\/kebony_bhfstr-7-300x200.jpg 300w, https:\/\/balteschwiler.ch\/wp-content\/uploads\/2025\/07\/kebony_bhfstr-7-768x512.jpg 768w, https:\/\/balteschwiler.ch\/wp-content\/uploads\/2025\/07\/kebony_bhfstr-7-50x33.jpg 50w\" sizes=\"auto, (max-width: 1024px) 100vw, 1024px\" \/><\/figure>\n<\/div><\/div><\/div>\n\n\n\n<div class=\"wp-block-uagb-slider-child uagb-slider-child-wrap swiper-slide uagb-block-d680947f\"><div class=\"swiper-content\"><div class=\"wp-block-image\">\n<figure class=\"aligncenter size-large\"><img loading=\"lazy\" decoding=\"async\" width=\"1024\" height=\"682\" src=\"https:\/\/balteschwiler.ch\/wp-content\/uploads\/2025\/07\/kebony_bhfstr-8-1024x682.jpg\" alt=\"\" class=\"wp-image-12602\" srcset=\"https:\/\/balteschwiler.ch\/wp-content\/uploads\/2025\/07\/kebony_bhfstr-8-1024x682.jpg 1024w, https:\/\/balteschwiler.ch\/wp-content\/uploads\/2025\/07\/kebony_bhfstr-8-300x200.jpg 300w, https:\/\/balteschwiler.ch\/wp-content\/uploads\/2025\/07\/kebony_bhfstr-8-768x512.jpg 768w, https:\/\/balteschwiler.ch\/wp-content\/uploads\/2025\/07\/kebony_bhfstr-8-50x33.jpg 50w\" sizes=\"auto, (max-width: 1024px) 100vw, 1024px\" \/><\/figure>\n<\/div><\/div><\/div>\n\n\n\n<div class=\"wp-block-uagb-slider-child uagb-slider-child-wrap swiper-slide uagb-block-2977e9fc\"><div class=\"swiper-content\"><div class=\"wp-block-image\">\n<figure class=\"aligncenter size-large\"><img loading=\"lazy\" decoding=\"async\" width=\"1024\" height=\"682\" src=\"https:\/\/balteschwiler.ch\/wp-content\/uploads\/2025\/07\/kebony_bhfstr-2-1024x682.jpg\" alt=\"\" class=\"wp-image-12590\" srcset=\"https:\/\/balteschwiler.ch\/wp-content\/uploads\/2025\/07\/kebony_bhfstr-2-1024x682.jpg 1024w, https:\/\/balteschwiler.ch\/wp-content\/uploads\/2025\/07\/kebony_bhfstr-2-300x200.jpg 300w, https:\/\/balteschwiler.ch\/wp-content\/uploads\/2025\/07\/kebony_bhfstr-2-768x512.jpg 768w, https:\/\/balteschwiler.ch\/wp-content\/uploads\/2025\/07\/kebony_bhfstr-2-50x33.jpg 50w\" sizes=\"auto, (max-width: 1024px) 100vw, 1024px\" \/><\/figure>\n<\/div><\/div><\/div>\n\n\n\n<div class=\"wp-block-uagb-slider-child uagb-slider-child-wrap swiper-slide uagb-block-7e9c14e2\"><div class=\"swiper-content\"><div class=\"wp-block-image\">\n<figure class=\"aligncenter size-large\"><img loading=\"lazy\" decoding=\"async\" width=\"1024\" height=\"682\" src=\"https:\/\/balteschwiler.ch\/wp-content\/uploads\/2025\/07\/kebony_bhfstr-1-1024x682.jpg\" alt=\"\" class=\"wp-image-12588\" srcset=\"https:\/\/balteschwiler.ch\/wp-content\/uploads\/2025\/07\/kebony_bhfstr-1-1024x682.jpg 1024w, https:\/\/balteschwiler.ch\/wp-content\/uploads\/2025\/07\/kebony_bhfstr-1-300x200.jpg 300w, https:\/\/balteschwiler.ch\/wp-content\/uploads\/2025\/07\/kebony_bhfstr-1-768x512.jpg 768w, https:\/\/balteschwiler.ch\/wp-content\/uploads\/2025\/07\/kebony_bhfstr-1-50x33.jpg 50w\" sizes=\"auto, (max-width: 1024px) 100vw, 1024px\" \/><\/figure>\n<\/div><\/div><\/div>\n<\/div><\/div><div class=\"swiper-button-prev\"><\/div><div class=\"swiper-button-next\"><\/div><\/div>\n\n\n\n<div style=\"height:50px\" aria-hidden=\"true\" class=\"wp-block-spacer\"><\/div>\n\n\n\n<div class=\"wp-block-columns is-layout-flex wp-container-core-columns-is-layout-9d6595d7 wp-block-columns-is-layout-flex\">\n<div class=\"wp-block-column is-layout-flow wp-block-column-is-layout-flow\" style=\"flex-basis:66.66%\">\n<hr class=\"wp-block-separator has-text-color has-contrast-color has-alpha-channel-opacity has-contrast-background-color has-background\"\/>\n\n\n\n<h2 class=\"wp-block-heading\">R\u00e9novation d&rsquo;une terrasse de toit en ville de Zurich<\/h2>\n\n\n\n<p>Dans le cadre de la r\u00e9novation d&rsquo;une barri\u00e8re de terrasse sur un rooftop au centre de Zurich, le rev\u00eatement de terrasse existant a \u00e9galement \u00e9t\u00e9 enti\u00e8rement remplac\u00e9.<br><br>Le ma\u00eetre d&rsquo;ouvrage a opt\u00e9 pour les lames Kebony Clear, qui s\u00e9duisent par leur grande qualit\u00e9 et leur esth\u00e9tique. Les lames de bois trait\u00e9es avec la technologie innovante Kebony se distinguent par leur long\u00e9vit\u00e9, leur facilit\u00e9 d&rsquo;entretien et leur surface \u00e9l\u00e9gante et lisse. Avec le temps, le bois d\u00e9veloppe une noble patine gris argent\u00e9 &#8211; tout en restant durablement r\u00e9sistant aux intemp\u00e9ries.<\/p>\n\n\n<div class=\"gb-button-wrapper gb-button-wrapper-7c34dbc8\">\n\n<a class=\"gb-button gb-button-b8c1b8eb gb-button-text smooth-scroll button-border-none\" href=\"https:\/\/balteschwiler.ch\/wp-content\/uploads\/2025\/07\/bal-terrasse-2023-kebony-clear-dachterrasse-zuerich-fr.pdf\" target=\"_blank\" rel=\"noopener noreferrer\">Fiche de r\u00e9f\u00e9rence<\/a>\n\n<\/div><\/div>\n\n\n\n<div class=\"wp-block-column spalte-custom-space-left is-layout-flow wp-block-column-is-layout-flow\" style=\"flex-basis:33.33%\">\n<hr class=\"wp-block-separator has-text-color has-contrast-color has-alpha-channel-opacity has-contrast-background-color has-background\"\/>\n\n\n\n<p><strong><strong>Ann\u00e9e de construction<\/strong><br><\/strong> 2023<\/p>\n\n\n\n<p><strong><strong>Type de b\u00e2timent \/ usage<\/strong><br><\/strong>Terrasse de toit, r\u00e9novation<\/p>\n\n\n\n<p><strong><strong>Ma\u00eetre d\u2018ouvrage<\/strong><br><\/strong>Priv\u00e9<\/p>\n\n\n\n<p><strong><strong>Produits et services Balteschwiler utilis\u00e9s<\/strong><br><\/strong>Kebony Clear<\/p>\n<\/div>\n<\/div>\n\n<\/div><\/div>\n\n\n<p><\/p>\n","protected":false},"excerpt":{"rendered":"<p>R\u00e9novation d&rsquo;une terrasse de toit en ville de Zurich Dans le cadre de la r\u00e9novation d&rsquo;une barri\u00e8re de terrasse sur un rooftop au centre de Zurich, le rev\u00eatement de terrasse &#8230; <a title=\"Kebony Clear terrasse toit Zurich\" class=\"read-more\" href=\"https:\/\/balteschwiler.ch\/fr\/references\/kebony-clear-terrasse-toit-zurich\/\" aria-label=\"En savoir plus sur Kebony Clear terrasse toit Zurich\">Mehr<\/a><\/p>\n","protected":false},"author":3,"featured_media":0,"parent":8941,"menu_order":0,"comment_status":"closed","ping_status":"closed","template":"","meta":{"_acf_changed":false,"inline_featured_image":false,"_uag_custom_page_level_css":"","footnotes":""},"class_list":["post-12734","page","type-page","status-publish"],"acf":[],"yoast_head":"<!-- This site is optimized with the Yoast SEO plugin v27.3 - https:\/\/yoast.com\/product\/yoast-seo-wordpress\/ -->\n<title>Kebony Clear terrasse toit Zurich - Balteschwiler AG<\/title>\n<meta name=\"robots\" content=\"index, follow, max-snippet:-1, max-image-preview:large, max-video-preview:-1\" \/>\n<link rel=\"canonical\" href=\"https:\/\/balteschwiler.ch\/fr\/references\/kebony-clear-terrasse-toit-zurich\/\" \/>\n<meta property=\"og:locale\" content=\"fr_FR\" \/>\n<meta property=\"og:type\" content=\"article\" \/>\n<meta property=\"og:title\" content=\"Kebony Clear terrasse toit Zurich - Balteschwiler AG\" \/>\n<meta property=\"og:description\" content=\"R\u00e9novation d&rsquo;une terrasse de toit en ville de Zurich Dans le cadre de la r\u00e9novation d&rsquo;une barri\u00e8re de terrasse sur un rooftop au centre de Zurich, le rev\u00eatement de terrasse ... Mehr\" \/>\n<meta property=\"og:url\" content=\"https:\/\/balteschwiler.ch\/fr\/references\/kebony-clear-terrasse-toit-zurich\/\" \/>\n<meta property=\"og:site_name\" content=\"Balteschwiler AG\" \/>\n<meta property=\"article:publisher\" content=\"https:\/\/www.facebook.com\/balteschwiler\" \/>\n<meta property=\"article:modified_time\" content=\"2025-07-31T07:23:29+00:00\" \/>\n<meta property=\"og:image\" content=\"https:\/\/balteschwiler.ch\/wp-content\/uploads\/2025\/07\/kebony_bhfstr-4-scaled.jpg\" \/>\n\t<meta property=\"og:image:width\" content=\"2560\" \/>\n\t<meta property=\"og:image:height\" content=\"1705\" \/>\n\t<meta property=\"og:image:type\" content=\"image\/jpeg\" \/>\n<meta name=\"twitter:card\" content=\"summary_large_image\" \/>\n<meta name=\"twitter:label1\" content=\"Dur\u00e9e de lecture estim\u00e9e\" \/>\n\t<meta name=\"twitter:data1\" content=\"2 minutes\" \/>\n<script type=\"application\/ld+json\" class=\"yoast-schema-graph\">{\"@context\":\"https:\\\/\\\/schema.org\",\"@graph\":[{\"@type\":\"WebPage\",\"@id\":\"https:\\\/\\\/balteschwiler.ch\\\/fr\\\/references\\\/kebony-clear-terrasse-toit-zurich\\\/\",\"url\":\"https:\\\/\\\/balteschwiler.ch\\\/fr\\\/references\\\/kebony-clear-terrasse-toit-zurich\\\/\",\"name\":\"Kebony Clear terrasse toit Zurich - Balteschwiler AG\",\"isPartOf\":{\"@id\":\"https:\\\/\\\/balteschwiler.ch\\\/#website\"},\"primaryImageOfPage\":{\"@id\":\"https:\\\/\\\/balteschwiler.ch\\\/fr\\\/references\\\/kebony-clear-terrasse-toit-zurich\\\/#primaryimage\"},\"image\":{\"@id\":\"https:\\\/\\\/balteschwiler.ch\\\/fr\\\/references\\\/kebony-clear-terrasse-toit-zurich\\\/#primaryimage\"},\"thumbnailUrl\":\"https:\\\/\\\/balteschwiler.ch\\\/wp-content\\\/uploads\\\/2025\\\/07\\\/kebony_bhfstr-4-1024x682.jpg\",\"datePublished\":\"2025-07-30T08:45:19+00:00\",\"dateModified\":\"2025-07-31T07:23:29+00:00\",\"breadcrumb\":{\"@id\":\"https:\\\/\\\/balteschwiler.ch\\\/fr\\\/references\\\/kebony-clear-terrasse-toit-zurich\\\/#breadcrumb\"},\"inLanguage\":\"fr-FR\",\"potentialAction\":[{\"@type\":\"ReadAction\",\"target\":[\"https:\\\/\\\/balteschwiler.ch\\\/fr\\\/references\\\/kebony-clear-terrasse-toit-zurich\\\/\"]}]},{\"@type\":\"ImageObject\",\"inLanguage\":\"fr-FR\",\"@id\":\"https:\\\/\\\/balteschwiler.ch\\\/fr\\\/references\\\/kebony-clear-terrasse-toit-zurich\\\/#primaryimage\",\"url\":\"https:\\\/\\\/balteschwiler.ch\\\/wp-content\\\/uploads\\\/2025\\\/07\\\/kebony_bhfstr-4-1024x682.jpg\",\"contentUrl\":\"https:\\\/\\\/balteschwiler.ch\\\/wp-content\\\/uploads\\\/2025\\\/07\\\/kebony_bhfstr-4-1024x682.jpg\"},{\"@type\":\"BreadcrumbList\",\"@id\":\"https:\\\/\\\/balteschwiler.ch\\\/fr\\\/references\\\/kebony-clear-terrasse-toit-zurich\\\/#breadcrumb\",\"itemListElement\":[{\"@type\":\"ListItem\",\"position\":1,\"name\":\"R\u00e9f\u00e9rences\",\"item\":\"https:\\\/\\\/balteschwiler.ch\\\/fr\\\/references\\\/\"},{\"@type\":\"ListItem\",\"position\":2,\"name\":\"Kebony Clear terrasse toit Zurich\"}]},{\"@type\":\"WebSite\",\"@id\":\"https:\\\/\\\/balteschwiler.ch\\\/#website\",\"url\":\"https:\\\/\\\/balteschwiler.ch\\\/\",\"name\":\"Balteschwiler AG\",\"description\":\"\",\"publisher\":{\"@id\":\"https:\\\/\\\/balteschwiler.ch\\\/#organization\"},\"potentialAction\":[{\"@type\":\"SearchAction\",\"target\":{\"@type\":\"EntryPoint\",\"urlTemplate\":\"https:\\\/\\\/balteschwiler.ch\\\/?s={search_term_string}\"},\"query-input\":{\"@type\":\"PropertyValueSpecification\",\"valueRequired\":true,\"valueName\":\"search_term_string\"}}],\"inLanguage\":\"fr-FR\"},{\"@type\":\"Organization\",\"@id\":\"https:\\\/\\\/balteschwiler.ch\\\/#organization\",\"name\":\"Balteschwiler AG\",\"url\":\"https:\\\/\\\/balteschwiler.ch\\\/\",\"logo\":{\"@type\":\"ImageObject\",\"inLanguage\":\"fr-FR\",\"@id\":\"https:\\\/\\\/balteschwiler.ch\\\/#\\\/schema\\\/logo\\\/image\\\/\",\"url\":\"https:\\\/\\\/balteschwiler.ch\\\/wp-content\\\/uploads\\\/2022\\\/09\\\/rz_BAL_Logo_d_rgb.png\",\"contentUrl\":\"https:\\\/\\\/balteschwiler.ch\\\/wp-content\\\/uploads\\\/2022\\\/09\\\/rz_BAL_Logo_d_rgb.png\",\"width\":1182,\"height\":224,\"caption\":\"Balteschwiler AG\"},\"image\":{\"@id\":\"https:\\\/\\\/balteschwiler.ch\\\/#\\\/schema\\\/logo\\\/image\\\/\"},\"sameAs\":[\"https:\\\/\\\/www.facebook.com\\\/balteschwiler\"]}]}<\/script>\n<!-- \/ Yoast SEO plugin. -->","yoast_head_json":{"title":"Kebony Clear terrasse toit Zurich - Balteschwiler AG","robots":{"index":"index","follow":"follow","max-snippet":"max-snippet:-1","max-image-preview":"max-image-preview:large","max-video-preview":"max-video-preview:-1"},"canonical":"https:\/\/balteschwiler.ch\/fr\/references\/kebony-clear-terrasse-toit-zurich\/","og_locale":"fr_FR","og_type":"article","og_title":"Kebony Clear terrasse toit Zurich - Balteschwiler AG","og_description":"R\u00e9novation d&rsquo;une terrasse de toit en ville de Zurich Dans le cadre de la r\u00e9novation d&rsquo;une barri\u00e8re de terrasse sur un rooftop au centre de Zurich, le rev\u00eatement de terrasse ... Mehr","og_url":"https:\/\/balteschwiler.ch\/fr\/references\/kebony-clear-terrasse-toit-zurich\/","og_site_name":"Balteschwiler AG","article_publisher":"https:\/\/www.facebook.com\/balteschwiler","article_modified_time":"2025-07-31T07:23:29+00:00","og_image":[{"width":2560,"height":1705,"url":"https:\/\/balteschwiler.ch\/wp-content\/uploads\/2025\/07\/kebony_bhfstr-4-scaled.jpg","type":"image\/jpeg"}],"twitter_card":"summary_large_image","twitter_misc":{"Dur\u00e9e de lecture estim\u00e9e":"2 minutes"},"schema":{"@context":"https:\/\/schema.org","@graph":[{"@type":"WebPage","@id":"https:\/\/balteschwiler.ch\/fr\/references\/kebony-clear-terrasse-toit-zurich\/","url":"https:\/\/balteschwiler.ch\/fr\/references\/kebony-clear-terrasse-toit-zurich\/","name":"Kebony Clear terrasse toit Zurich - Balteschwiler AG","isPartOf":{"@id":"https:\/\/balteschwiler.ch\/#website"},"primaryImageOfPage":{"@id":"https:\/\/balteschwiler.ch\/fr\/references\/kebony-clear-terrasse-toit-zurich\/#primaryimage"},"image":{"@id":"https:\/\/balteschwiler.ch\/fr\/references\/kebony-clear-terrasse-toit-zurich\/#primaryimage"},"thumbnailUrl":"https:\/\/balteschwiler.ch\/wp-content\/uploads\/2025\/07\/kebony_bhfstr-4-1024x682.jpg","datePublished":"2025-07-30T08:45:19+00:00","dateModified":"2025-07-31T07:23:29+00:00","breadcrumb":{"@id":"https:\/\/balteschwiler.ch\/fr\/references\/kebony-clear-terrasse-toit-zurich\/#breadcrumb"},"inLanguage":"fr-FR","potentialAction":[{"@type":"ReadAction","target":["https:\/\/balteschwiler.ch\/fr\/references\/kebony-clear-terrasse-toit-zurich\/"]}]},{"@type":"ImageObject","inLanguage":"fr-FR","@id":"https:\/\/balteschwiler.ch\/fr\/references\/kebony-clear-terrasse-toit-zurich\/#primaryimage","url":"https:\/\/balteschwiler.ch\/wp-content\/uploads\/2025\/07\/kebony_bhfstr-4-1024x682.jpg","contentUrl":"https:\/\/balteschwiler.ch\/wp-content\/uploads\/2025\/07\/kebony_bhfstr-4-1024x682.jpg"},{"@type":"BreadcrumbList","@id":"https:\/\/balteschwiler.ch\/fr\/references\/kebony-clear-terrasse-toit-zurich\/#breadcrumb","itemListElement":[{"@type":"ListItem","position":1,"name":"R\u00e9f\u00e9rences","item":"https:\/\/balteschwiler.ch\/fr\/references\/"},{"@type":"ListItem","position":2,"name":"Kebony Clear terrasse toit Zurich"}]},{"@type":"WebSite","@id":"https:\/\/balteschwiler.ch\/#website","url":"https:\/\/balteschwiler.ch\/","name":"Balteschwiler AG","description":"","publisher":{"@id":"https:\/\/balteschwiler.ch\/#organization"},"potentialAction":[{"@type":"SearchAction","target":{"@type":"EntryPoint","urlTemplate":"https:\/\/balteschwiler.ch\/?s={search_term_string}"},"query-input":{"@type":"PropertyValueSpecification","valueRequired":true,"valueName":"search_term_string"}}],"inLanguage":"fr-FR"},{"@type":"Organization","@id":"https:\/\/balteschwiler.ch\/#organization","name":"Balteschwiler AG","url":"https:\/\/balteschwiler.ch\/","logo":{"@type":"ImageObject","inLanguage":"fr-FR","@id":"https:\/\/balteschwiler.ch\/#\/schema\/logo\/image\/","url":"https:\/\/balteschwiler.ch\/wp-content\/uploads\/2022\/09\/rz_BAL_Logo_d_rgb.png","contentUrl":"https:\/\/balteschwiler.ch\/wp-content\/uploads\/2022\/09\/rz_BAL_Logo_d_rgb.png","width":1182,"height":224,"caption":"Balteschwiler AG"},"image":{"@id":"https:\/\/balteschwiler.ch\/#\/schema\/logo\/image\/"},"sameAs":["https:\/\/www.facebook.com\/balteschwiler"]}]}},"uagb_featured_image_src":{"full":false,"thumbnail":false,"medium":false,"medium_large":false,"large":false,"1536x1536":false,"2048x2048":false,"gform-image-choice-sm":false,"gform-image-choice-md":false,"gform-image-choice-lg":false},"uagb_author_info":{"display_name":"Franziska H\u00e4nni","author_link":"https:\/\/balteschwiler.ch\/fr\/author\/f-haenni\/"},"uagb_comment_info":0,"uagb_excerpt":"R\u00e9novation d&rsquo;une terrasse de toit en ville de Zurich Dans le cadre de la r\u00e9novation d&rsquo;une barri\u00e8re de terrasse sur un rooftop au centre de Zurich, le rev\u00eatement de terrasse ... Mehr","_links":{"self":[{"href":"https:\/\/balteschwiler.ch\/fr\/wp-json\/wp\/v2\/pages\/12734","targetHints":{"allow":["GET"]}}],"collection":[{"href":"https:\/\/balteschwiler.ch\/fr\/wp-json\/wp\/v2\/pages"}],"about":[{"href":"https:\/\/balteschwiler.ch\/fr\/wp-json\/wp\/v2\/types\/page"}],"author":[{"embeddable":true,"href":"https:\/\/balteschwiler.ch\/fr\/wp-json\/wp\/v2\/users\/3"}],"replies":[{"embeddable":true,"href":"https:\/\/balteschwiler.ch\/fr\/wp-json\/wp\/v2\/comments?post=12734"}],"version-history":[{"count":1,"href":"https:\/\/balteschwiler.ch\/fr\/wp-json\/wp\/v2\/pages\/12734\/revisions"}],"predecessor-version":[{"id":12804,"href":"https:\/\/balteschwiler.ch\/fr\/wp-json\/wp\/v2\/pages\/12734\/revisions\/12804"}],"up":[{"embeddable":true,"href":"https:\/\/balteschwiler.ch\/fr\/wp-json\/wp\/v2\/pages\/8941"}],"wp:attachment":[{"href":"https:\/\/balteschwiler.ch\/fr\/wp-json\/wp\/v2\/media?parent=12734"}],"curies":[{"name":"wp","href":"https:\/\/api.w.org\/{rel}","templated":true}]}}