{"id":12737,"date":"2025-07-31T10:41:36","date_gmt":"2025-07-31T08:41:36","guid":{"rendered":"https:\/\/balteschwiler.ch\/?page_id=12737"},"modified":"2025-07-31T10:53:36","modified_gmt":"2025-07-31T08:53:36","slug":"peintures-pour-bois-maison-de-douane-ossingen","status":"publish","type":"page","link":"https:\/\/balteschwiler.ch\/fr\/references\/peintures-pour-bois-maison-de-douane-ossingen\/","title":{"rendered":"Peintures pour bois maison de douane Ossingen"},"content":{"rendered":"<div class=\"gb-container gb-container-6ec57639 loadondesktop\"><div class=\"gb-inside-container\">\n<div class=\"gb-grid-wrapper gb-grid-wrapper-d212ffc2\">\n<div class=\"gb-grid-column gb-grid-column-6290146c\"><div class=\"gb-container gb-container-6290146c\"><div class=\"gb-inside-container\">\n\n<p class=\"gb-headline gb-headline-a9091560 gb-headline-text\">Peintures pour bois<\/p>\n\n\n\n<h1 class=\"gb-headline gb-headline-ae3932be gb-headline-text\">Saicos, huile-cire dure EcoLine<\/h1>\n\n<\/div><\/div><\/div>\n<\/div>\n<\/div><\/div>\n\n<div class=\"gb-container gb-container-0f7de636\"><div class=\"gb-inside-container\">\n\n<div class=\"wp-block-uagb-slider uagb-block-fcd85a6a uagb-slider-container\"><div class=\"uagb-slides uagb-swiper\"><div class=\"swiper-wrapper\">\n<div class=\"wp-block-uagb-slider-child uagb-slider-child-wrap swiper-slide uagb-block-6bb11d49\"><div class=\"swiper-content\"><div class=\"wp-block-image\">\n<figure class=\"aligncenter size-large\"><img loading=\"lazy\" decoding=\"async\" width=\"1024\" height=\"670\" src=\"https:\/\/balteschwiler.ch\/wp-content\/uploads\/2025\/07\/ossingen_13_03_23_selektion_-41_bearbeitet_media_-1024x670.jpg\" alt=\"\" class=\"wp-image-12630\" srcset=\"https:\/\/balteschwiler.ch\/wp-content\/uploads\/2025\/07\/ossingen_13_03_23_selektion_-41_bearbeitet_media_-1024x670.jpg 1024w, https:\/\/balteschwiler.ch\/wp-content\/uploads\/2025\/07\/ossingen_13_03_23_selektion_-41_bearbeitet_media_-300x196.jpg 300w, https:\/\/balteschwiler.ch\/wp-content\/uploads\/2025\/07\/ossingen_13_03_23_selektion_-41_bearbeitet_media_-768x502.jpg 768w, https:\/\/balteschwiler.ch\/wp-content\/uploads\/2025\/07\/ossingen_13_03_23_selektion_-41_bearbeitet_media_-50x33.jpg 50w, https:\/\/balteschwiler.ch\/wp-content\/uploads\/2025\/07\/ossingen_13_03_23_selektion_-41_bearbeitet_media_-1600x1047.jpg 1600w, https:\/\/balteschwiler.ch\/wp-content\/uploads\/2025\/07\/ossingen_13_03_23_selektion_-41_bearbeitet_media_-1536x1005.jpg 1536w, https:\/\/balteschwiler.ch\/wp-content\/uploads\/2025\/07\/ossingen_13_03_23_selektion_-41_bearbeitet_media_.jpg 1651w\" sizes=\"auto, (max-width: 1024px) 100vw, 1024px\" \/><\/figure>\n<\/div><\/div><\/div>\n\n\n\n<div class=\"wp-block-uagb-slider-child uagb-slider-child-wrap swiper-slide uagb-block-297ab518\"><div class=\"swiper-content\"><div class=\"wp-block-image\">\n<figure class=\"aligncenter size-large\"><img loading=\"lazy\" decoding=\"async\" width=\"1024\" height=\"665\" src=\"https:\/\/balteschwiler.ch\/wp-content\/uploads\/2025\/07\/ossingen_13_03_23_selektion_-44_bearbeitet_media_-1024x665.jpg\" alt=\"\" class=\"wp-image-12632\" srcset=\"https:\/\/balteschwiler.ch\/wp-content\/uploads\/2025\/07\/ossingen_13_03_23_selektion_-44_bearbeitet_media_-1024x665.jpg 1024w, https:\/\/balteschwiler.ch\/wp-content\/uploads\/2025\/07\/ossingen_13_03_23_selektion_-44_bearbeitet_media_-300x195.jpg 300w, https:\/\/balteschwiler.ch\/wp-content\/uploads\/2025\/07\/ossingen_13_03_23_selektion_-44_bearbeitet_media_-768x498.jpg 768w, https:\/\/balteschwiler.ch\/wp-content\/uploads\/2025\/07\/ossingen_13_03_23_selektion_-44_bearbeitet_media_-50x32.jpg 50w, https:\/\/balteschwiler.ch\/wp-content\/uploads\/2025\/07\/ossingen_13_03_23_selektion_-44_bearbeitet_media_-1600x1038.jpg 1600w, https:\/\/balteschwiler.ch\/wp-content\/uploads\/2025\/07\/ossingen_13_03_23_selektion_-44_bearbeitet_media_-1536x997.jpg 1536w, https:\/\/balteschwiler.ch\/wp-content\/uploads\/2025\/07\/ossingen_13_03_23_selektion_-44_bearbeitet_media_.jpg 1664w\" sizes=\"auto, (max-width: 1024px) 100vw, 1024px\" \/><\/figure>\n<\/div><\/div><\/div>\n\n\n\n<div class=\"wp-block-uagb-slider-child uagb-slider-child-wrap swiper-slide uagb-block-2128fd97\"><div class=\"swiper-content\"><div class=\"wp-block-image\">\n<figure class=\"aligncenter size-large\"><img loading=\"lazy\" decoding=\"async\" width=\"1024\" height=\"663\" src=\"https:\/\/balteschwiler.ch\/wp-content\/uploads\/2025\/07\/ossingen_13_03_23_selektion_-7_bearbeitet_media_-1024x663.jpg\" alt=\"\" class=\"wp-image-12614\" srcset=\"https:\/\/balteschwiler.ch\/wp-content\/uploads\/2025\/07\/ossingen_13_03_23_selektion_-7_bearbeitet_media_-1024x663.jpg 1024w, https:\/\/balteschwiler.ch\/wp-content\/uploads\/2025\/07\/ossingen_13_03_23_selektion_-7_bearbeitet_media_-300x194.jpg 300w, https:\/\/balteschwiler.ch\/wp-content\/uploads\/2025\/07\/ossingen_13_03_23_selektion_-7_bearbeitet_media_-768x497.jpg 768w, https:\/\/balteschwiler.ch\/wp-content\/uploads\/2025\/07\/ossingen_13_03_23_selektion_-7_bearbeitet_media_-50x32.jpg 50w, https:\/\/balteschwiler.ch\/wp-content\/uploads\/2025\/07\/ossingen_13_03_23_selektion_-7_bearbeitet_media_-1600x1035.jpg 1600w, https:\/\/balteschwiler.ch\/wp-content\/uploads\/2025\/07\/ossingen_13_03_23_selektion_-7_bearbeitet_media_-1536x994.jpg 1536w, https:\/\/balteschwiler.ch\/wp-content\/uploads\/2025\/07\/ossingen_13_03_23_selektion_-7_bearbeitet_media_.jpg 1669w\" sizes=\"auto, (max-width: 1024px) 100vw, 1024px\" \/><\/figure>\n<\/div><\/div><\/div>\n\n\n\n<div class=\"wp-block-uagb-slider-child uagb-slider-child-wrap swiper-slide uagb-block-d680947f\"><div class=\"swiper-content\"><div class=\"wp-block-image\">\n<figure class=\"aligncenter size-large\"><img loading=\"lazy\" decoding=\"async\" width=\"1024\" height=\"652\" src=\"https:\/\/balteschwiler.ch\/wp-content\/uploads\/2025\/07\/ossingen_13_03_23_selektion_-11_bearbeitet_media_-1024x652.jpg\" alt=\"\" class=\"wp-image-12618\" srcset=\"https:\/\/balteschwiler.ch\/wp-content\/uploads\/2025\/07\/ossingen_13_03_23_selektion_-11_bearbeitet_media_-1024x652.jpg 1024w, https:\/\/balteschwiler.ch\/wp-content\/uploads\/2025\/07\/ossingen_13_03_23_selektion_-11_bearbeitet_media_-300x191.jpg 300w, https:\/\/balteschwiler.ch\/wp-content\/uploads\/2025\/07\/ossingen_13_03_23_selektion_-11_bearbeitet_media_-768x489.jpg 768w, https:\/\/balteschwiler.ch\/wp-content\/uploads\/2025\/07\/ossingen_13_03_23_selektion_-11_bearbeitet_media_-50x32.jpg 50w, https:\/\/balteschwiler.ch\/wp-content\/uploads\/2025\/07\/ossingen_13_03_23_selektion_-11_bearbeitet_media_-1600x1019.jpg 1600w, https:\/\/balteschwiler.ch\/wp-content\/uploads\/2025\/07\/ossingen_13_03_23_selektion_-11_bearbeitet_media_-1536x979.jpg 1536w, https:\/\/balteschwiler.ch\/wp-content\/uploads\/2025\/07\/ossingen_13_03_23_selektion_-11_bearbeitet_media_.jpg 1695w\" sizes=\"auto, (max-width: 1024px) 100vw, 1024px\" \/><\/figure>\n<\/div><\/div><\/div>\n\n\n\n<div class=\"wp-block-uagb-slider-child uagb-slider-child-wrap swiper-slide uagb-block-2977e9fc\"><div class=\"swiper-content\"><div class=\"wp-block-image\">\n<figure class=\"aligncenter size-large\"><img loading=\"lazy\" decoding=\"async\" width=\"1024\" height=\"668\" src=\"https:\/\/balteschwiler.ch\/wp-content\/uploads\/2025\/07\/ossingen_13_03_23_selektion_-18_bearbeitet_media_-1024x668.jpg\" alt=\"\" class=\"wp-image-12622\" srcset=\"https:\/\/balteschwiler.ch\/wp-content\/uploads\/2025\/07\/ossingen_13_03_23_selektion_-18_bearbeitet_media_-1024x668.jpg 1024w, https:\/\/balteschwiler.ch\/wp-content\/uploads\/2025\/07\/ossingen_13_03_23_selektion_-18_bearbeitet_media_-300x196.jpg 300w, https:\/\/balteschwiler.ch\/wp-content\/uploads\/2025\/07\/ossingen_13_03_23_selektion_-18_bearbeitet_media_-768x501.jpg 768w, https:\/\/balteschwiler.ch\/wp-content\/uploads\/2025\/07\/ossingen_13_03_23_selektion_-18_bearbeitet_media_-50x33.jpg 50w, https:\/\/balteschwiler.ch\/wp-content\/uploads\/2025\/07\/ossingen_13_03_23_selektion_-18_bearbeitet_media_-1600x1043.jpg 1600w, https:\/\/balteschwiler.ch\/wp-content\/uploads\/2025\/07\/ossingen_13_03_23_selektion_-18_bearbeitet_media_-1536x1002.jpg 1536w, https:\/\/balteschwiler.ch\/wp-content\/uploads\/2025\/07\/ossingen_13_03_23_selektion_-18_bearbeitet_media_.jpg 1656w\" sizes=\"auto, (max-width: 1024px) 100vw, 1024px\" \/><\/figure>\n<\/div><\/div><\/div>\n\n\n\n<div class=\"wp-block-uagb-slider-child uagb-slider-child-wrap swiper-slide uagb-block-7e9c14e2\"><div class=\"swiper-content\"><div class=\"wp-block-image\">\n<figure class=\"aligncenter size-large\"><img loading=\"lazy\" decoding=\"async\" width=\"1024\" height=\"670\" src=\"https:\/\/balteschwiler.ch\/wp-content\/uploads\/2025\/07\/ossingen_13_03_23_selektion_-4_bearbeitet_media_-1024x670.jpg\" alt=\"\" class=\"wp-image-12612\" srcset=\"https:\/\/balteschwiler.ch\/wp-content\/uploads\/2025\/07\/ossingen_13_03_23_selektion_-4_bearbeitet_media_-1024x670.jpg 1024w, https:\/\/balteschwiler.ch\/wp-content\/uploads\/2025\/07\/ossingen_13_03_23_selektion_-4_bearbeitet_media_-300x196.jpg 300w, https:\/\/balteschwiler.ch\/wp-content\/uploads\/2025\/07\/ossingen_13_03_23_selektion_-4_bearbeitet_media_-768x503.jpg 768w, https:\/\/balteschwiler.ch\/wp-content\/uploads\/2025\/07\/ossingen_13_03_23_selektion_-4_bearbeitet_media_-50x33.jpg 50w, https:\/\/balteschwiler.ch\/wp-content\/uploads\/2025\/07\/ossingen_13_03_23_selektion_-4_bearbeitet_media_-1600x1047.jpg 1600w, https:\/\/balteschwiler.ch\/wp-content\/uploads\/2025\/07\/ossingen_13_03_23_selektion_-4_bearbeitet_media_-1536x1005.jpg 1536w, https:\/\/balteschwiler.ch\/wp-content\/uploads\/2025\/07\/ossingen_13_03_23_selektion_-4_bearbeitet_media_.jpg 1650w\" sizes=\"auto, (max-width: 1024px) 100vw, 1024px\" \/><\/figure>\n<\/div><\/div><\/div>\n\n\n\n<div class=\"wp-block-uagb-slider-child uagb-slider-child-wrap swiper-slide uagb-block-1ac9c7c9\"><div class=\"swiper-content\"><div class=\"wp-block-image\">\n<figure class=\"aligncenter size-large\"><img loading=\"lazy\" decoding=\"async\" width=\"1024\" height=\"680\" src=\"https:\/\/balteschwiler.ch\/wp-content\/uploads\/2025\/07\/ossingen_13_03_23_selektion_-56_bearbeitet_media_-1024x680.jpg\" alt=\"\" class=\"wp-image-12636\" srcset=\"https:\/\/balteschwiler.ch\/wp-content\/uploads\/2025\/07\/ossingen_13_03_23_selektion_-56_bearbeitet_media_-1024x680.jpg 1024w, https:\/\/balteschwiler.ch\/wp-content\/uploads\/2025\/07\/ossingen_13_03_23_selektion_-56_bearbeitet_media_-300x199.jpg 300w, https:\/\/balteschwiler.ch\/wp-content\/uploads\/2025\/07\/ossingen_13_03_23_selektion_-56_bearbeitet_media_-768x510.jpg 768w, https:\/\/balteschwiler.ch\/wp-content\/uploads\/2025\/07\/ossingen_13_03_23_selektion_-56_bearbeitet_media_-50x33.jpg 50w, https:\/\/balteschwiler.ch\/wp-content\/uploads\/2025\/07\/ossingen_13_03_23_selektion_-56_bearbeitet_media_-1600x1062.jpg 1600w, https:\/\/balteschwiler.ch\/wp-content\/uploads\/2025\/07\/ossingen_13_03_23_selektion_-56_bearbeitet_media_-1536x1020.jpg 1536w, https:\/\/balteschwiler.ch\/wp-content\/uploads\/2025\/07\/ossingen_13_03_23_selektion_-56_bearbeitet_media_.jpg 1627w\" sizes=\"auto, (max-width: 1024px) 100vw, 1024px\" \/><\/figure>\n<\/div><\/div><\/div>\n<\/div><\/div><div class=\"swiper-button-prev\"><\/div><div class=\"swiper-button-next\"><\/div><\/div>\n\n\n\n<div style=\"height:50px\" aria-hidden=\"true\" class=\"wp-block-spacer\"><\/div>\n\n\n\n<div class=\"wp-block-columns is-layout-flex wp-container-core-columns-is-layout-9d6595d7 wp-block-columns-is-layout-flex\">\n<div class=\"wp-block-column is-layout-flow wp-block-column-is-layout-flow\" style=\"flex-basis:66.66%\">\n<hr class=\"wp-block-separator has-text-color has-contrast-color has-alpha-channel-opacity has-contrast-background-color has-background\"\/>\n\n\n\n<h2 class=\"wp-block-heading\">Ancienne maison de douane, Ossingen<\/h2>\n\n\n\n<p>Cette maison \u00e0 deux logements de style baroque datant du 16e si\u00e8cle se trouve dans le village rural d&rsquo;Ossingen.<\/p>\n\n\n\n<p>Le b\u00e2timent est class\u00e9 monument historique et a \u00e9t\u00e9 r\u00e9nov\u00e9 en 2022 afin de pr\u00e9server sa valeur. La rare colonie de chauves-souris qui vit dans les combles de cette maison est \u00e9galement prot\u00e9g\u00e9e.<\/p>\n\n\n\n<p>Lors de la r\u00e9novation, seuls des produits respectueux de l&rsquo;environnement ont \u00e9t\u00e9 utilis\u00e9s, dont la pr\u00e9sence de substances nocives a \u00e9t\u00e9 pr\u00e9alablement contr\u00f4l\u00e9e. Les surfaces en pierre et en bois ont \u00e9t\u00e9 nettoy\u00e9es en profondeur avec le Sacios Magic-Cleaner et enduites d&rsquo;huile-cire dure Saicos Ecoline.<\/p>\n\n\n<div class=\"gb-button-wrapper gb-button-wrapper-7c34dbc8\">\n\n<a class=\"gb-button gb-button-b8c1b8eb gb-button-text smooth-scroll button-border-none\" href=\"https:\/\/balteschwiler.ch\/wp-content\/uploads\/2025\/07\/bal-farben-2023-saicos-altes-zollhaus-sonne-ossingen-fr.pdf\" target=\"_blank\" rel=\"noopener noreferrer\">Fiche de r\u00e9f\u00e9rence<\/a>\n\n<\/div><\/div>\n\n\n\n<div class=\"wp-block-column spalte-custom-space-left is-layout-flow wp-block-column-is-layout-flow\" style=\"flex-basis:33.33%\">\n<hr class=\"wp-block-separator has-text-color has-contrast-color has-alpha-channel-opacity has-contrast-background-color has-background\"\/>\n\n\n\n<p><strong><strong>Ann\u00e9e de construction<\/strong><br><\/strong> 2022<\/p>\n\n\n\n<p><strong><strong>Type de b\u00e2timent \/ usage<\/strong><br><\/strong>R\u00e9novation d&rsquo;un b\u00e2timent ancien, maison \u00e0 deux logements<\/p>\n\n\n\n<p><strong><strong>Ma\u00eetre d\u2018ouvrage<\/strong><br><\/strong>priv\u00e9<\/p>\n\n\n\n<p><strong><strong>Produits et services Balteschwiler utilis\u00e9s<\/strong><br><\/strong>Saicos Magic Cleaner Ecoline<br>Saicos Huile de fond extra-fine<br>Saicos Huile-cire dure Ecoline\u00a0<\/p>\n<\/div>\n<\/div>\n\n<\/div><\/div>\n\n\n<p><\/p>\n","protected":false},"excerpt":{"rendered":"<p>Ancienne maison de douane, Ossingen Cette maison \u00e0 deux logements de style baroque datant du 16e si\u00e8cle se trouve dans le village rural d&rsquo;Ossingen. Le b\u00e2timent est class\u00e9 monument historique &#8230; <a title=\"Peintures pour bois maison de douane Ossingen\" class=\"read-more\" href=\"https:\/\/balteschwiler.ch\/fr\/references\/peintures-pour-bois-maison-de-douane-ossingen\/\" aria-label=\"En savoir plus sur Peintures pour bois maison de douane Ossingen\">Mehr<\/a><\/p>\n","protected":false},"author":3,"featured_media":0,"parent":8941,"menu_order":0,"comment_status":"closed","ping_status":"closed","template":"","meta":{"_acf_changed":false,"inline_featured_image":false,"_uag_custom_page_level_css":"","footnotes":""},"class_list":["post-12737","page","type-page","status-publish"],"acf":[],"yoast_head":"<!-- This site is optimized with the Yoast SEO plugin v27.3 - https:\/\/yoast.com\/product\/yoast-seo-wordpress\/ -->\n<title>Peintures pour bois maison de douane Ossingen - Balteschwiler AG<\/title>\n<meta name=\"robots\" content=\"index, follow, max-snippet:-1, max-image-preview:large, max-video-preview:-1\" \/>\n<link rel=\"canonical\" href=\"https:\/\/balteschwiler.ch\/fr\/references\/peintures-pour-bois-maison-de-douane-ossingen\/\" \/>\n<meta property=\"og:locale\" content=\"fr_FR\" \/>\n<meta property=\"og:type\" content=\"article\" \/>\n<meta property=\"og:title\" content=\"Peintures pour bois maison de douane Ossingen - Balteschwiler AG\" \/>\n<meta property=\"og:description\" content=\"Ancienne maison de douane, Ossingen Cette maison \u00e0 deux logements de style baroque datant du 16e si\u00e8cle se trouve dans le village rural d&rsquo;Ossingen. Le b\u00e2timent est class\u00e9 monument historique ... Mehr\" \/>\n<meta property=\"og:url\" content=\"https:\/\/balteschwiler.ch\/fr\/references\/peintures-pour-bois-maison-de-douane-ossingen\/\" \/>\n<meta property=\"og:site_name\" content=\"Balteschwiler AG\" \/>\n<meta property=\"article:publisher\" content=\"https:\/\/www.facebook.com\/balteschwiler\" \/>\n<meta property=\"article:modified_time\" content=\"2025-07-31T08:53:36+00:00\" \/>\n<meta property=\"og:image\" content=\"https:\/\/balteschwiler.ch\/wp-content\/uploads\/2025\/07\/ossingen_13_03_23_selektion_-41_bearbeitet_media_.jpg\" \/>\n\t<meta property=\"og:image:width\" content=\"1651\" \/>\n\t<meta property=\"og:image:height\" content=\"1080\" \/>\n\t<meta property=\"og:image:type\" content=\"image\/jpeg\" \/>\n<meta name=\"twitter:card\" content=\"summary_large_image\" \/>\n<meta name=\"twitter:label1\" content=\"Dur\u00e9e de lecture estim\u00e9e\" \/>\n\t<meta name=\"twitter:data1\" content=\"3 minutes\" \/>\n<script type=\"application\/ld+json\" class=\"yoast-schema-graph\">{\"@context\":\"https:\\\/\\\/schema.org\",\"@graph\":[{\"@type\":\"WebPage\",\"@id\":\"https:\\\/\\\/balteschwiler.ch\\\/fr\\\/references\\\/peintures-pour-bois-maison-de-douane-ossingen\\\/\",\"url\":\"https:\\\/\\\/balteschwiler.ch\\\/fr\\\/references\\\/peintures-pour-bois-maison-de-douane-ossingen\\\/\",\"name\":\"Peintures pour bois maison de douane Ossingen - Balteschwiler AG\",\"isPartOf\":{\"@id\":\"https:\\\/\\\/balteschwiler.ch\\\/#website\"},\"primaryImageOfPage\":{\"@id\":\"https:\\\/\\\/balteschwiler.ch\\\/fr\\\/references\\\/peintures-pour-bois-maison-de-douane-ossingen\\\/#primaryimage\"},\"image\":{\"@id\":\"https:\\\/\\\/balteschwiler.ch\\\/fr\\\/references\\\/peintures-pour-bois-maison-de-douane-ossingen\\\/#primaryimage\"},\"thumbnailUrl\":\"https:\\\/\\\/balteschwiler.ch\\\/wp-content\\\/uploads\\\/2025\\\/07\\\/ossingen_13_03_23_selektion_-41_bearbeitet_media_-1024x670.jpg\",\"datePublished\":\"2025-07-31T08:41:36+00:00\",\"dateModified\":\"2025-07-31T08:53:36+00:00\",\"breadcrumb\":{\"@id\":\"https:\\\/\\\/balteschwiler.ch\\\/fr\\\/references\\\/peintures-pour-bois-maison-de-douane-ossingen\\\/#breadcrumb\"},\"inLanguage\":\"fr-FR\",\"potentialAction\":[{\"@type\":\"ReadAction\",\"target\":[\"https:\\\/\\\/balteschwiler.ch\\\/fr\\\/references\\\/peintures-pour-bois-maison-de-douane-ossingen\\\/\"]}]},{\"@type\":\"ImageObject\",\"inLanguage\":\"fr-FR\",\"@id\":\"https:\\\/\\\/balteschwiler.ch\\\/fr\\\/references\\\/peintures-pour-bois-maison-de-douane-ossingen\\\/#primaryimage\",\"url\":\"https:\\\/\\\/balteschwiler.ch\\\/wp-content\\\/uploads\\\/2025\\\/07\\\/ossingen_13_03_23_selektion_-41_bearbeitet_media_-1024x670.jpg\",\"contentUrl\":\"https:\\\/\\\/balteschwiler.ch\\\/wp-content\\\/uploads\\\/2025\\\/07\\\/ossingen_13_03_23_selektion_-41_bearbeitet_media_-1024x670.jpg\"},{\"@type\":\"BreadcrumbList\",\"@id\":\"https:\\\/\\\/balteschwiler.ch\\\/fr\\\/references\\\/peintures-pour-bois-maison-de-douane-ossingen\\\/#breadcrumb\",\"itemListElement\":[{\"@type\":\"ListItem\",\"position\":1,\"name\":\"R\u00e9f\u00e9rences\",\"item\":\"https:\\\/\\\/balteschwiler.ch\\\/fr\\\/references\\\/\"},{\"@type\":\"ListItem\",\"position\":2,\"name\":\"Peintures pour bois maison de douane Ossingen\"}]},{\"@type\":\"WebSite\",\"@id\":\"https:\\\/\\\/balteschwiler.ch\\\/#website\",\"url\":\"https:\\\/\\\/balteschwiler.ch\\\/\",\"name\":\"Balteschwiler AG\",\"description\":\"\",\"publisher\":{\"@id\":\"https:\\\/\\\/balteschwiler.ch\\\/#organization\"},\"potentialAction\":[{\"@type\":\"SearchAction\",\"target\":{\"@type\":\"EntryPoint\",\"urlTemplate\":\"https:\\\/\\\/balteschwiler.ch\\\/?s={search_term_string}\"},\"query-input\":{\"@type\":\"PropertyValueSpecification\",\"valueRequired\":true,\"valueName\":\"search_term_string\"}}],\"inLanguage\":\"fr-FR\"},{\"@type\":\"Organization\",\"@id\":\"https:\\\/\\\/balteschwiler.ch\\\/#organization\",\"name\":\"Balteschwiler AG\",\"url\":\"https:\\\/\\\/balteschwiler.ch\\\/\",\"logo\":{\"@type\":\"ImageObject\",\"inLanguage\":\"fr-FR\",\"@id\":\"https:\\\/\\\/balteschwiler.ch\\\/#\\\/schema\\\/logo\\\/image\\\/\",\"url\":\"https:\\\/\\\/balteschwiler.ch\\\/wp-content\\\/uploads\\\/2022\\\/09\\\/rz_BAL_Logo_d_rgb.png\",\"contentUrl\":\"https:\\\/\\\/balteschwiler.ch\\\/wp-content\\\/uploads\\\/2022\\\/09\\\/rz_BAL_Logo_d_rgb.png\",\"width\":1182,\"height\":224,\"caption\":\"Balteschwiler AG\"},\"image\":{\"@id\":\"https:\\\/\\\/balteschwiler.ch\\\/#\\\/schema\\\/logo\\\/image\\\/\"},\"sameAs\":[\"https:\\\/\\\/www.facebook.com\\\/balteschwiler\"]}]}<\/script>\n<!-- \/ Yoast SEO plugin. -->","yoast_head_json":{"title":"Peintures pour bois maison de douane Ossingen - Balteschwiler AG","robots":{"index":"index","follow":"follow","max-snippet":"max-snippet:-1","max-image-preview":"max-image-preview:large","max-video-preview":"max-video-preview:-1"},"canonical":"https:\/\/balteschwiler.ch\/fr\/references\/peintures-pour-bois-maison-de-douane-ossingen\/","og_locale":"fr_FR","og_type":"article","og_title":"Peintures pour bois maison de douane Ossingen - Balteschwiler AG","og_description":"Ancienne maison de douane, Ossingen Cette maison \u00e0 deux logements de style baroque datant du 16e si\u00e8cle se trouve dans le village rural d&rsquo;Ossingen. Le b\u00e2timent est class\u00e9 monument historique ... Mehr","og_url":"https:\/\/balteschwiler.ch\/fr\/references\/peintures-pour-bois-maison-de-douane-ossingen\/","og_site_name":"Balteschwiler AG","article_publisher":"https:\/\/www.facebook.com\/balteschwiler","article_modified_time":"2025-07-31T08:53:36+00:00","og_image":[{"width":1651,"height":1080,"url":"https:\/\/balteschwiler.ch\/wp-content\/uploads\/2025\/07\/ossingen_13_03_23_selektion_-41_bearbeitet_media_.jpg","type":"image\/jpeg"}],"twitter_card":"summary_large_image","twitter_misc":{"Dur\u00e9e de lecture estim\u00e9e":"3 minutes"},"schema":{"@context":"https:\/\/schema.org","@graph":[{"@type":"WebPage","@id":"https:\/\/balteschwiler.ch\/fr\/references\/peintures-pour-bois-maison-de-douane-ossingen\/","url":"https:\/\/balteschwiler.ch\/fr\/references\/peintures-pour-bois-maison-de-douane-ossingen\/","name":"Peintures pour bois maison de douane Ossingen - Balteschwiler AG","isPartOf":{"@id":"https:\/\/balteschwiler.ch\/#website"},"primaryImageOfPage":{"@id":"https:\/\/balteschwiler.ch\/fr\/references\/peintures-pour-bois-maison-de-douane-ossingen\/#primaryimage"},"image":{"@id":"https:\/\/balteschwiler.ch\/fr\/references\/peintures-pour-bois-maison-de-douane-ossingen\/#primaryimage"},"thumbnailUrl":"https:\/\/balteschwiler.ch\/wp-content\/uploads\/2025\/07\/ossingen_13_03_23_selektion_-41_bearbeitet_media_-1024x670.jpg","datePublished":"2025-07-31T08:41:36+00:00","dateModified":"2025-07-31T08:53:36+00:00","breadcrumb":{"@id":"https:\/\/balteschwiler.ch\/fr\/references\/peintures-pour-bois-maison-de-douane-ossingen\/#breadcrumb"},"inLanguage":"fr-FR","potentialAction":[{"@type":"ReadAction","target":["https:\/\/balteschwiler.ch\/fr\/references\/peintures-pour-bois-maison-de-douane-ossingen\/"]}]},{"@type":"ImageObject","inLanguage":"fr-FR","@id":"https:\/\/balteschwiler.ch\/fr\/references\/peintures-pour-bois-maison-de-douane-ossingen\/#primaryimage","url":"https:\/\/balteschwiler.ch\/wp-content\/uploads\/2025\/07\/ossingen_13_03_23_selektion_-41_bearbeitet_media_-1024x670.jpg","contentUrl":"https:\/\/balteschwiler.ch\/wp-content\/uploads\/2025\/07\/ossingen_13_03_23_selektion_-41_bearbeitet_media_-1024x670.jpg"},{"@type":"BreadcrumbList","@id":"https:\/\/balteschwiler.ch\/fr\/references\/peintures-pour-bois-maison-de-douane-ossingen\/#breadcrumb","itemListElement":[{"@type":"ListItem","position":1,"name":"R\u00e9f\u00e9rences","item":"https:\/\/balteschwiler.ch\/fr\/references\/"},{"@type":"ListItem","position":2,"name":"Peintures pour bois maison de douane Ossingen"}]},{"@type":"WebSite","@id":"https:\/\/balteschwiler.ch\/#website","url":"https:\/\/balteschwiler.ch\/","name":"Balteschwiler AG","description":"","publisher":{"@id":"https:\/\/balteschwiler.ch\/#organization"},"potentialAction":[{"@type":"SearchAction","target":{"@type":"EntryPoint","urlTemplate":"https:\/\/balteschwiler.ch\/?s={search_term_string}"},"query-input":{"@type":"PropertyValueSpecification","valueRequired":true,"valueName":"search_term_string"}}],"inLanguage":"fr-FR"},{"@type":"Organization","@id":"https:\/\/balteschwiler.ch\/#organization","name":"Balteschwiler AG","url":"https:\/\/balteschwiler.ch\/","logo":{"@type":"ImageObject","inLanguage":"fr-FR","@id":"https:\/\/balteschwiler.ch\/#\/schema\/logo\/image\/","url":"https:\/\/balteschwiler.ch\/wp-content\/uploads\/2022\/09\/rz_BAL_Logo_d_rgb.png","contentUrl":"https:\/\/balteschwiler.ch\/wp-content\/uploads\/2022\/09\/rz_BAL_Logo_d_rgb.png","width":1182,"height":224,"caption":"Balteschwiler AG"},"image":{"@id":"https:\/\/balteschwiler.ch\/#\/schema\/logo\/image\/"},"sameAs":["https:\/\/www.facebook.com\/balteschwiler"]}]}},"uagb_featured_image_src":{"full":false,"thumbnail":false,"medium":false,"medium_large":false,"large":false,"1536x1536":false,"2048x2048":false,"gform-image-choice-sm":false,"gform-image-choice-md":false,"gform-image-choice-lg":false},"uagb_author_info":{"display_name":"Franziska H\u00e4nni","author_link":"https:\/\/balteschwiler.ch\/fr\/author\/f-haenni\/"},"uagb_comment_info":0,"uagb_excerpt":"Ancienne maison de douane, Ossingen Cette maison \u00e0 deux logements de style baroque datant du 16e si\u00e8cle se trouve dans le village rural d&rsquo;Ossingen. Le b\u00e2timent est class\u00e9 monument historique ... Mehr","_links":{"self":[{"href":"https:\/\/balteschwiler.ch\/fr\/wp-json\/wp\/v2\/pages\/12737","targetHints":{"allow":["GET"]}}],"collection":[{"href":"https:\/\/balteschwiler.ch\/fr\/wp-json\/wp\/v2\/pages"}],"about":[{"href":"https:\/\/balteschwiler.ch\/fr\/wp-json\/wp\/v2\/types\/page"}],"author":[{"embeddable":true,"href":"https:\/\/balteschwiler.ch\/fr\/wp-json\/wp\/v2\/users\/3"}],"replies":[{"embeddable":true,"href":"https:\/\/balteschwiler.ch\/fr\/wp-json\/wp\/v2\/comments?post=12737"}],"version-history":[{"count":1,"href":"https:\/\/balteschwiler.ch\/fr\/wp-json\/wp\/v2\/pages\/12737\/revisions"}],"predecessor-version":[{"id":12825,"href":"https:\/\/balteschwiler.ch\/fr\/wp-json\/wp\/v2\/pages\/12737\/revisions\/12825"}],"up":[{"embeddable":true,"href":"https:\/\/balteschwiler.ch\/fr\/wp-json\/wp\/v2\/pages\/8941"}],"wp:attachment":[{"href":"https:\/\/balteschwiler.ch\/fr\/wp-json\/wp\/v2\/media?parent=12737"}],"curies":[{"name":"wp","href":"https:\/\/api.w.org\/{rel}","templated":true}]}}