{"id":24358,"date":"2026-03-13T09:52:12","date_gmt":"2026-03-13T08:52:12","guid":{"rendered":"https:\/\/balteschwiler.ch\/?page_id=24358"},"modified":"2026-03-13T09:59:38","modified_gmt":"2026-03-13T08:59:38","slug":"centre-dusinage-modules-de-cages-dascenseur-en-clt-halles-multisports-de-bienne","status":"publish","type":"page","link":"https:\/\/balteschwiler.ch\/fr\/references\/centre-dusinage-modules-de-cages-dascenseur-en-clt-halles-multisports-de-bienne\/","title":{"rendered":"Centre d&rsquo;usinage, Modules de cages d&rsquo;ascenseur en CLT, Halles multisports de Bienne"},"content":{"rendered":"<div class=\"gb-container gb-container-6ec57639 loadondesktop\"><div class=\"gb-inside-container\">\n<div class=\"gb-grid-wrapper gb-grid-wrapper-d212ffc2\">\n<div class=\"gb-grid-column gb-grid-column-6290146c\"><div class=\"gb-container gb-container-6290146c\"><div class=\"gb-inside-container\">\n\n<p class=\"gb-headline gb-headline-a9091560 gb-headline-text\"><strong>Centre d\u2019usinage<\/strong><\/p>\n\n\n\n<h1 class=\"gb-headline gb-headline-ae3932be gb-headline-text\"><strong><strong><strong><strong><strong>Modules de cages d\u2019ascenseur en CLT<\/strong><\/strong>, Halles multisports de Bienne<\/strong><\/strong><\/strong><\/h1>\n\n<\/div><\/div><\/div>\n<\/div>\n<\/div><\/div>\n\n<div class=\"gb-container gb-container-0f7de636\"><div class=\"gb-inside-container\">\n\n<div class=\"wp-block-uagb-slider uagb-block-fcd85a6a uagb-slider-container\"><div class=\"uagb-slides uagb-swiper\"><div class=\"swiper-wrapper\">\n<div class=\"wp-block-uagb-slider-child uagb-slider-child-wrap swiper-slide uagb-block-73cf9880\"><div class=\"swiper-content\">\n<figure class=\"wp-block-image size-full\"><img loading=\"lazy\" decoding=\"async\" width=\"2000\" height=\"1333\" src=\"https:\/\/balteschwiler.ch\/wp-content\/uploads\/2026\/03\/abbund-2024-liftschacht-multisporthalle-biel-8.jpg\" alt=\"\" class=\"wp-image-24350\" style=\"aspect-ratio:4\/3;object-fit:cover\" srcset=\"https:\/\/balteschwiler.ch\/wp-content\/uploads\/2026\/03\/abbund-2024-liftschacht-multisporthalle-biel-8.jpg 2000w, https:\/\/balteschwiler.ch\/wp-content\/uploads\/2026\/03\/abbund-2024-liftschacht-multisporthalle-biel-8-300x200.jpg 300w, https:\/\/balteschwiler.ch\/wp-content\/uploads\/2026\/03\/abbund-2024-liftschacht-multisporthalle-biel-8-1024x682.jpg 1024w, https:\/\/balteschwiler.ch\/wp-content\/uploads\/2026\/03\/abbund-2024-liftschacht-multisporthalle-biel-8-768x512.jpg 768w, https:\/\/balteschwiler.ch\/wp-content\/uploads\/2026\/03\/abbund-2024-liftschacht-multisporthalle-biel-8-1536x1024.jpg 1536w\" sizes=\"auto, (max-width: 2000px) 100vw, 2000px\" \/><\/figure>\n<\/div><\/div>\n\n\n\n<div class=\"wp-block-uagb-slider-child uagb-slider-child-wrap swiper-slide uagb-block-297ab518\"><div class=\"swiper-content\">\n<figure class=\"wp-block-image size-full\"><img loading=\"lazy\" decoding=\"async\" width=\"1334\" height=\"2000\" src=\"https:\/\/balteschwiler.ch\/wp-content\/uploads\/2026\/03\/abbund-2024-liftschacht-multisporthalle-biel-7.jpg\" alt=\"\" class=\"wp-image-24348\" style=\"aspect-ratio:4\/3;object-fit:cover\" srcset=\"https:\/\/balteschwiler.ch\/wp-content\/uploads\/2026\/03\/abbund-2024-liftschacht-multisporthalle-biel-7.jpg 1334w, https:\/\/balteschwiler.ch\/wp-content\/uploads\/2026\/03\/abbund-2024-liftschacht-multisporthalle-biel-7-200x300.jpg 200w, https:\/\/balteschwiler.ch\/wp-content\/uploads\/2026\/03\/abbund-2024-liftschacht-multisporthalle-biel-7-683x1024.jpg 683w, https:\/\/balteschwiler.ch\/wp-content\/uploads\/2026\/03\/abbund-2024-liftschacht-multisporthalle-biel-7-768x1151.jpg 768w, https:\/\/balteschwiler.ch\/wp-content\/uploads\/2026\/03\/abbund-2024-liftschacht-multisporthalle-biel-7-1025x1536.jpg 1025w\" sizes=\"auto, (max-width: 1334px) 100vw, 1334px\" \/><\/figure>\n<\/div><\/div>\n\n\n\n<div class=\"wp-block-uagb-slider-child uagb-slider-child-wrap swiper-slide uagb-block-2128fd97\"><div class=\"swiper-content\">\n<figure class=\"wp-block-image size-full\"><img loading=\"lazy\" decoding=\"async\" width=\"2000\" height=\"1333\" src=\"https:\/\/balteschwiler.ch\/wp-content\/uploads\/2026\/03\/abbund-2024-liftschacht-multisporthalle-biel-6.jpg\" alt=\"\" class=\"wp-image-24346\" style=\"aspect-ratio:4\/3;object-fit:cover\" srcset=\"https:\/\/balteschwiler.ch\/wp-content\/uploads\/2026\/03\/abbund-2024-liftschacht-multisporthalle-biel-6.jpg 2000w, https:\/\/balteschwiler.ch\/wp-content\/uploads\/2026\/03\/abbund-2024-liftschacht-multisporthalle-biel-6-300x200.jpg 300w, https:\/\/balteschwiler.ch\/wp-content\/uploads\/2026\/03\/abbund-2024-liftschacht-multisporthalle-biel-6-1024x682.jpg 1024w, https:\/\/balteschwiler.ch\/wp-content\/uploads\/2026\/03\/abbund-2024-liftschacht-multisporthalle-biel-6-768x512.jpg 768w, https:\/\/balteschwiler.ch\/wp-content\/uploads\/2026\/03\/abbund-2024-liftschacht-multisporthalle-biel-6-1536x1024.jpg 1536w\" sizes=\"auto, (max-width: 2000px) 100vw, 2000px\" \/><\/figure>\n<\/div><\/div>\n\n\n\n<div class=\"wp-block-uagb-slider-child uagb-slider-child-wrap swiper-slide uagb-block-d680947f\"><div class=\"swiper-content\">\n<figure class=\"wp-block-image size-full\"><img loading=\"lazy\" decoding=\"async\" width=\"2000\" height=\"1333\" src=\"https:\/\/balteschwiler.ch\/wp-content\/uploads\/2026\/03\/abbund-2024-liftschacht-multisporthalle-biel-5.jpg\" alt=\"\" class=\"wp-image-24344\" style=\"aspect-ratio:4\/3;object-fit:cover\" srcset=\"https:\/\/balteschwiler.ch\/wp-content\/uploads\/2026\/03\/abbund-2024-liftschacht-multisporthalle-biel-5.jpg 2000w, https:\/\/balteschwiler.ch\/wp-content\/uploads\/2026\/03\/abbund-2024-liftschacht-multisporthalle-biel-5-300x200.jpg 300w, https:\/\/balteschwiler.ch\/wp-content\/uploads\/2026\/03\/abbund-2024-liftschacht-multisporthalle-biel-5-1024x682.jpg 1024w, https:\/\/balteschwiler.ch\/wp-content\/uploads\/2026\/03\/abbund-2024-liftschacht-multisporthalle-biel-5-768x512.jpg 768w, https:\/\/balteschwiler.ch\/wp-content\/uploads\/2026\/03\/abbund-2024-liftschacht-multisporthalle-biel-5-1536x1024.jpg 1536w\" sizes=\"auto, (max-width: 2000px) 100vw, 2000px\" \/><\/figure>\n<\/div><\/div>\n\n\n\n<div class=\"wp-block-uagb-slider-child uagb-slider-child-wrap swiper-slide uagb-block-2977e9fc\"><div class=\"swiper-content\">\n<figure class=\"wp-block-image size-full\"><img loading=\"lazy\" decoding=\"async\" width=\"2000\" height=\"1334\" src=\"https:\/\/balteschwiler.ch\/wp-content\/uploads\/2026\/03\/abbund-2024-liftschacht-multisporthalle-biel-2.jpg\" alt=\"\" class=\"wp-image-24338\" style=\"aspect-ratio:4\/3;object-fit:cover\" srcset=\"https:\/\/balteschwiler.ch\/wp-content\/uploads\/2026\/03\/abbund-2024-liftschacht-multisporthalle-biel-2.jpg 2000w, https:\/\/balteschwiler.ch\/wp-content\/uploads\/2026\/03\/abbund-2024-liftschacht-multisporthalle-biel-2-300x200.jpg 300w, https:\/\/balteschwiler.ch\/wp-content\/uploads\/2026\/03\/abbund-2024-liftschacht-multisporthalle-biel-2-1024x683.jpg 1024w, https:\/\/balteschwiler.ch\/wp-content\/uploads\/2026\/03\/abbund-2024-liftschacht-multisporthalle-biel-2-768x512.jpg 768w, https:\/\/balteschwiler.ch\/wp-content\/uploads\/2026\/03\/abbund-2024-liftschacht-multisporthalle-biel-2-1536x1025.jpg 1536w\" sizes=\"auto, (max-width: 2000px) 100vw, 2000px\" \/><\/figure>\n<\/div><\/div>\n\n\n\n<div class=\"wp-block-uagb-slider-child uagb-slider-child-wrap swiper-slide uagb-block-06b71c9a\"><div class=\"swiper-content\">\n<figure class=\"wp-block-image size-full\"><img loading=\"lazy\" decoding=\"async\" width=\"2000\" height=\"1333\" src=\"https:\/\/balteschwiler.ch\/wp-content\/uploads\/2026\/03\/abbund-2024-liftschacht-multisporthalle-biel-1.jpg\" alt=\"\" class=\"wp-image-24336\" style=\"aspect-ratio:4\/3;object-fit:cover\" srcset=\"https:\/\/balteschwiler.ch\/wp-content\/uploads\/2026\/03\/abbund-2024-liftschacht-multisporthalle-biel-1.jpg 2000w, https:\/\/balteschwiler.ch\/wp-content\/uploads\/2026\/03\/abbund-2024-liftschacht-multisporthalle-biel-1-300x200.jpg 300w, https:\/\/balteschwiler.ch\/wp-content\/uploads\/2026\/03\/abbund-2024-liftschacht-multisporthalle-biel-1-1024x682.jpg 1024w, https:\/\/balteschwiler.ch\/wp-content\/uploads\/2026\/03\/abbund-2024-liftschacht-multisporthalle-biel-1-768x512.jpg 768w, https:\/\/balteschwiler.ch\/wp-content\/uploads\/2026\/03\/abbund-2024-liftschacht-multisporthalle-biel-1-1536x1024.jpg 1536w\" sizes=\"auto, (max-width: 2000px) 100vw, 2000px\" \/><\/figure>\n<\/div><\/div>\n<\/div><\/div><div class=\"swiper-button-prev\"><\/div><div class=\"swiper-button-next\"><\/div><\/div>\n\n\n\n<div style=\"height:50px\" aria-hidden=\"true\" class=\"wp-block-spacer\"><\/div>\n\n\n\n<div class=\"wp-block-columns is-layout-flex wp-container-core-columns-is-layout-9d6595d7 wp-block-columns-is-layout-flex\">\n<div class=\"wp-block-column is-layout-flow wp-block-column-is-layout-flow\" style=\"flex-basis:66.66%\">\n<hr class=\"wp-block-separator has-text-color has-contrast-color has-alpha-channel-opacity has-contrast-background-color has-background\"\/>\n\n\n\n<h2 class=\"wp-block-heading\"><strong>\u00c9l\u00e9ments modulaires en bois pour le complexe sportif \u00abSportfabrique\u00bb<\/strong><\/h2>\n\n\n\n<p>Les nouvelles halles multisports du quartier de Boujean \u00e0 Bienne ont \u00e9t\u00e9 achev\u00e9es en 2025 et constituent aujourd\u2019hui un complexe sportif moderne destin\u00e9 \u00e0 diff\u00e9rentes disciplines. L\u2019installation comprend notamment un centre national d\u2019entra\u00eenement pour l\u2019escalade sportive, des infrastructures pour la gymnastique ainsi que plusieurs halles destin\u00e9es au sport scolaire et une halle de inline hockey. L\u2019ensemble du complexe, r\u00e9alis\u00e9 en construction bois, est une r\u00e9f\u00e9rence importante en mati\u00e8re d\u2019infrastructures sportives durables et efficientes sur le plan \u00e9nerg\u00e9tique.<\/p>\n\n\n\n<p>Pour le compte de <strong>schaerholzbau&nbsp;SA, Balteschwiler&nbsp;SA<\/strong> a fourni des <strong>modules de cages d\u2019ascenseur pr\u00e9fabriqu\u00e9s en CLT (bois lamell\u00e9-crois\u00e9).<\/strong> Les \u00e9l\u00e9ments ont \u00e9t\u00e9 rev\u00eatues en atelier d\u2019un <strong>parement en plaques Fermacell <\/strong>et con\u00e7us de mani\u00e8re \u00e0 ce que chaque module corresponde \u00e0 la hauteur d\u2019un \u00e9tage. Sur le chantier, les modules ont \u00e9t\u00e9 <strong>assembl\u00e9s par empilement<\/strong>, permettant de r\u00e9aliser rapidement la cage d\u2019ascenseur compl\u00e8te.<\/p>\n\n\n\n<p>Outre la pr\u00e9fabrication pr\u00e9cise, Balteschwiler a \u00e9galement assur\u00e9 la <strong>logistique avec la livraison just-in-time<\/strong> sur le chantier.&nbsp;<\/p>\n\n\n<div class=\"gb-button-wrapper gb-button-wrapper-7c34dbc8\">\n\n<a class=\"gb-button gb-button-b8c1b8eb gb-button-text smooth-scroll button-border-none\" href=\"https:\/\/balteschwiler.ch\/wp-content\/uploads\/2026\/03\/abbund-2024-liftschacht-multisporthalle-biel-fr-low.pdf\" target=\"_blank\" rel=\"noopener noreferrer\">Fiche de r\u00e9f\u00e9rence<\/a>\n\n<\/div><\/div>\n\n\n\n<div class=\"wp-block-column spalte-custom-space-left is-layout-flow wp-block-column-is-layout-flow\" style=\"flex-basis:33.33%\">\n<hr class=\"wp-block-separator has-text-color has-contrast-color has-alpha-channel-opacity has-contrast-background-color has-background\"\/>\n\n\n\n<p><strong>Baujahr: <\/strong>2023-2024<\/p>\n\n\n\n<p><strong>Ann\u00e9e de construction : <\/strong>2023-2024<\/p>\n\n\n\n<p><strong>Type de b\u00e2timent \/ usage :<br><\/strong>B\u00e2timent public, halles multisports<\/p>\n\n\n\n<p><strong>Ma\u00eetre d\u2018ouvrage : <\/strong>Ville de Bienne<\/p>\n\n\n\n<p><strong>Architecture : <\/strong>studio WOW, Bienne<\/p>\n\n\n\n<p><strong>Partenaire d\u2018ex\u00e9cution : <\/strong>schaerholzbau ag, Altb\u00fcron<\/p>\n\n\n\n<p><strong>Produits et services Balteschwiler utilis\u00e9s :<\/strong><br>Modules de cages d\u2019ascenseur en CLT (bois lamell\u00e9-crois\u00e9), avec rev\u00eatement Fermacell.<br>Livraison just-in-time sur le chantier.<\/p>\n<\/div>\n<\/div>\n\n\n\n<div style=\"height:50px\" aria-hidden=\"true\" class=\"wp-block-spacer\"><\/div>\n\n<\/div><\/div>","protected":false},"excerpt":{"rendered":"<p>\u00c9l\u00e9ments modulaires en bois pour le complexe sportif \u00abSportfabrique\u00bb Les nouvelles halles multisports du quartier de Boujean \u00e0 Bienne ont \u00e9t\u00e9 achev\u00e9es en 2025 et constituent aujourd\u2019hui un complexe sportif &#8230; <a title=\"Centre d&rsquo;usinage, Modules de cages d&rsquo;ascenseur en CLT, Halles multisports de Bienne\" class=\"read-more\" href=\"https:\/\/balteschwiler.ch\/fr\/references\/centre-dusinage-modules-de-cages-dascenseur-en-clt-halles-multisports-de-bienne\/\" aria-label=\"En savoir plus sur Centre d&rsquo;usinage, Modules de cages d&rsquo;ascenseur en CLT, Halles multisports de Bienne\">Mehr<\/a><\/p>\n","protected":false},"author":3,"featured_media":0,"parent":8941,"menu_order":0,"comment_status":"closed","ping_status":"closed","template":"","meta":{"_acf_changed":false,"inline_featured_image":false,"_uag_custom_page_level_css":"","footnotes":""},"class_list":["post-24358","page","type-page","status-publish"],"acf":[],"yoast_head":"<!-- This site is optimized with the Yoast SEO plugin v27.4 - https:\/\/yoast.com\/product\/yoast-seo-wordpress\/ -->\n<title>Centre d&#039;usinage, Modules de cages d&#039;ascenseur en CLT, Halles multisports de Bienne - Balteschwiler AG<\/title>\n<meta name=\"robots\" content=\"index, follow, max-snippet:-1, max-image-preview:large, max-video-preview:-1\" \/>\n<link rel=\"canonical\" href=\"https:\/\/balteschwiler.ch\/fr\/references\/centre-dusinage-modules-de-cages-dascenseur-en-clt-halles-multisports-de-bienne\/\" \/>\n<meta property=\"og:locale\" content=\"fr_FR\" \/>\n<meta property=\"og:type\" content=\"article\" \/>\n<meta property=\"og:title\" content=\"Centre d&#039;usinage, Modules de cages d&#039;ascenseur en CLT, Halles multisports de Bienne - Balteschwiler AG\" \/>\n<meta property=\"og:description\" content=\"\u00c9l\u00e9ments modulaires en bois pour le complexe sportif \u00abSportfabrique\u00bb Les nouvelles halles multisports du quartier de Boujean \u00e0 Bienne ont \u00e9t\u00e9 achev\u00e9es en 2025 et constituent aujourd\u2019hui un complexe sportif ... Mehr\" \/>\n<meta property=\"og:url\" content=\"https:\/\/balteschwiler.ch\/fr\/references\/centre-dusinage-modules-de-cages-dascenseur-en-clt-halles-multisports-de-bienne\/\" \/>\n<meta property=\"og:site_name\" content=\"Balteschwiler AG\" \/>\n<meta property=\"article:publisher\" content=\"https:\/\/www.facebook.com\/balteschwiler\" \/>\n<meta property=\"article:modified_time\" content=\"2026-03-13T08:59:38+00:00\" \/>\n<meta property=\"og:image\" content=\"https:\/\/balteschwiler.ch\/wp-content\/uploads\/2026\/03\/abbund-2024-liftschacht-multisporthalle-biel-8.jpg\" \/>\n\t<meta property=\"og:image:width\" content=\"2000\" \/>\n\t<meta property=\"og:image:height\" content=\"1333\" \/>\n\t<meta property=\"og:image:type\" content=\"image\/jpeg\" \/>\n<meta name=\"twitter:card\" content=\"summary_large_image\" \/>\n<meta name=\"twitter:label1\" content=\"Dur\u00e9e de lecture estim\u00e9e\" \/>\n\t<meta name=\"twitter:data1\" content=\"3 minutes\" \/>\n<script type=\"application\/ld+json\" class=\"yoast-schema-graph\">{\"@context\":\"https:\\\/\\\/schema.org\",\"@graph\":[{\"@type\":\"WebPage\",\"@id\":\"https:\\\/\\\/balteschwiler.ch\\\/fr\\\/references\\\/centre-dusinage-modules-de-cages-dascenseur-en-clt-halles-multisports-de-bienne\\\/\",\"url\":\"https:\\\/\\\/balteschwiler.ch\\\/fr\\\/references\\\/centre-dusinage-modules-de-cages-dascenseur-en-clt-halles-multisports-de-bienne\\\/\",\"name\":\"Centre d'usinage, Modules de cages d'ascenseur en CLT, Halles multisports de Bienne - Balteschwiler AG\",\"isPartOf\":{\"@id\":\"https:\\\/\\\/balteschwiler.ch\\\/#website\"},\"primaryImageOfPage\":{\"@id\":\"https:\\\/\\\/balteschwiler.ch\\\/fr\\\/references\\\/centre-dusinage-modules-de-cages-dascenseur-en-clt-halles-multisports-de-bienne\\\/#primaryimage\"},\"image\":{\"@id\":\"https:\\\/\\\/balteschwiler.ch\\\/fr\\\/references\\\/centre-dusinage-modules-de-cages-dascenseur-en-clt-halles-multisports-de-bienne\\\/#primaryimage\"},\"thumbnailUrl\":\"https:\\\/\\\/balteschwiler.ch\\\/wp-content\\\/uploads\\\/2026\\\/03\\\/abbund-2024-liftschacht-multisporthalle-biel-8.jpg\",\"datePublished\":\"2026-03-13T08:52:12+00:00\",\"dateModified\":\"2026-03-13T08:59:38+00:00\",\"breadcrumb\":{\"@id\":\"https:\\\/\\\/balteschwiler.ch\\\/fr\\\/references\\\/centre-dusinage-modules-de-cages-dascenseur-en-clt-halles-multisports-de-bienne\\\/#breadcrumb\"},\"inLanguage\":\"fr-FR\",\"potentialAction\":[{\"@type\":\"ReadAction\",\"target\":[\"https:\\\/\\\/balteschwiler.ch\\\/fr\\\/references\\\/centre-dusinage-modules-de-cages-dascenseur-en-clt-halles-multisports-de-bienne\\\/\"]}]},{\"@type\":\"ImageObject\",\"inLanguage\":\"fr-FR\",\"@id\":\"https:\\\/\\\/balteschwiler.ch\\\/fr\\\/references\\\/centre-dusinage-modules-de-cages-dascenseur-en-clt-halles-multisports-de-bienne\\\/#primaryimage\",\"url\":\"https:\\\/\\\/balteschwiler.ch\\\/wp-content\\\/uploads\\\/2026\\\/03\\\/abbund-2024-liftschacht-multisporthalle-biel-8.jpg\",\"contentUrl\":\"https:\\\/\\\/balteschwiler.ch\\\/wp-content\\\/uploads\\\/2026\\\/03\\\/abbund-2024-liftschacht-multisporthalle-biel-8.jpg\"},{\"@type\":\"BreadcrumbList\",\"@id\":\"https:\\\/\\\/balteschwiler.ch\\\/fr\\\/references\\\/centre-dusinage-modules-de-cages-dascenseur-en-clt-halles-multisports-de-bienne\\\/#breadcrumb\",\"itemListElement\":[{\"@type\":\"ListItem\",\"position\":1,\"name\":\"R\u00e9f\u00e9rences\",\"item\":\"https:\\\/\\\/balteschwiler.ch\\\/fr\\\/references\\\/\"},{\"@type\":\"ListItem\",\"position\":2,\"name\":\"Centre d&#8217;usinage, Modules de cages d&#8217;ascenseur en CLT, Halles multisports de Bienne\"}]},{\"@type\":\"WebSite\",\"@id\":\"https:\\\/\\\/balteschwiler.ch\\\/#website\",\"url\":\"https:\\\/\\\/balteschwiler.ch\\\/\",\"name\":\"Balteschwiler AG\",\"description\":\"\",\"publisher\":{\"@id\":\"https:\\\/\\\/balteschwiler.ch\\\/#organization\"},\"potentialAction\":[{\"@type\":\"SearchAction\",\"target\":{\"@type\":\"EntryPoint\",\"urlTemplate\":\"https:\\\/\\\/balteschwiler.ch\\\/?s={search_term_string}\"},\"query-input\":{\"@type\":\"PropertyValueSpecification\",\"valueRequired\":true,\"valueName\":\"search_term_string\"}}],\"inLanguage\":\"fr-FR\"},{\"@type\":\"Organization\",\"@id\":\"https:\\\/\\\/balteschwiler.ch\\\/#organization\",\"name\":\"Balteschwiler AG\",\"url\":\"https:\\\/\\\/balteschwiler.ch\\\/\",\"logo\":{\"@type\":\"ImageObject\",\"inLanguage\":\"fr-FR\",\"@id\":\"https:\\\/\\\/balteschwiler.ch\\\/#\\\/schema\\\/logo\\\/image\\\/\",\"url\":\"https:\\\/\\\/balteschwiler.ch\\\/wp-content\\\/uploads\\\/2022\\\/09\\\/rz_BAL_Logo_d_rgb.png\",\"contentUrl\":\"https:\\\/\\\/balteschwiler.ch\\\/wp-content\\\/uploads\\\/2022\\\/09\\\/rz_BAL_Logo_d_rgb.png\",\"width\":1182,\"height\":224,\"caption\":\"Balteschwiler AG\"},\"image\":{\"@id\":\"https:\\\/\\\/balteschwiler.ch\\\/#\\\/schema\\\/logo\\\/image\\\/\"},\"sameAs\":[\"https:\\\/\\\/www.facebook.com\\\/balteschwiler\"]}]}<\/script>\n<!-- \/ Yoast SEO plugin. -->","yoast_head_json":{"title":"Centre d'usinage, Modules de cages d'ascenseur en CLT, Halles multisports de Bienne - Balteschwiler AG","robots":{"index":"index","follow":"follow","max-snippet":"max-snippet:-1","max-image-preview":"max-image-preview:large","max-video-preview":"max-video-preview:-1"},"canonical":"https:\/\/balteschwiler.ch\/fr\/references\/centre-dusinage-modules-de-cages-dascenseur-en-clt-halles-multisports-de-bienne\/","og_locale":"fr_FR","og_type":"article","og_title":"Centre d'usinage, Modules de cages d'ascenseur en CLT, Halles multisports de Bienne - Balteschwiler AG","og_description":"\u00c9l\u00e9ments modulaires en bois pour le complexe sportif \u00abSportfabrique\u00bb Les nouvelles halles multisports du quartier de Boujean \u00e0 Bienne ont \u00e9t\u00e9 achev\u00e9es en 2025 et constituent aujourd\u2019hui un complexe sportif ... Mehr","og_url":"https:\/\/balteschwiler.ch\/fr\/references\/centre-dusinage-modules-de-cages-dascenseur-en-clt-halles-multisports-de-bienne\/","og_site_name":"Balteschwiler AG","article_publisher":"https:\/\/www.facebook.com\/balteschwiler","article_modified_time":"2026-03-13T08:59:38+00:00","og_image":[{"width":2000,"height":1333,"url":"https:\/\/balteschwiler.ch\/wp-content\/uploads\/2026\/03\/abbund-2024-liftschacht-multisporthalle-biel-8.jpg","type":"image\/jpeg"}],"twitter_card":"summary_large_image","twitter_misc":{"Dur\u00e9e de lecture estim\u00e9e":"3 minutes"},"schema":{"@context":"https:\/\/schema.org","@graph":[{"@type":"WebPage","@id":"https:\/\/balteschwiler.ch\/fr\/references\/centre-dusinage-modules-de-cages-dascenseur-en-clt-halles-multisports-de-bienne\/","url":"https:\/\/balteschwiler.ch\/fr\/references\/centre-dusinage-modules-de-cages-dascenseur-en-clt-halles-multisports-de-bienne\/","name":"Centre d'usinage, Modules de cages d'ascenseur en CLT, Halles multisports de Bienne - Balteschwiler AG","isPartOf":{"@id":"https:\/\/balteschwiler.ch\/#website"},"primaryImageOfPage":{"@id":"https:\/\/balteschwiler.ch\/fr\/references\/centre-dusinage-modules-de-cages-dascenseur-en-clt-halles-multisports-de-bienne\/#primaryimage"},"image":{"@id":"https:\/\/balteschwiler.ch\/fr\/references\/centre-dusinage-modules-de-cages-dascenseur-en-clt-halles-multisports-de-bienne\/#primaryimage"},"thumbnailUrl":"https:\/\/balteschwiler.ch\/wp-content\/uploads\/2026\/03\/abbund-2024-liftschacht-multisporthalle-biel-8.jpg","datePublished":"2026-03-13T08:52:12+00:00","dateModified":"2026-03-13T08:59:38+00:00","breadcrumb":{"@id":"https:\/\/balteschwiler.ch\/fr\/references\/centre-dusinage-modules-de-cages-dascenseur-en-clt-halles-multisports-de-bienne\/#breadcrumb"},"inLanguage":"fr-FR","potentialAction":[{"@type":"ReadAction","target":["https:\/\/balteschwiler.ch\/fr\/references\/centre-dusinage-modules-de-cages-dascenseur-en-clt-halles-multisports-de-bienne\/"]}]},{"@type":"ImageObject","inLanguage":"fr-FR","@id":"https:\/\/balteschwiler.ch\/fr\/references\/centre-dusinage-modules-de-cages-dascenseur-en-clt-halles-multisports-de-bienne\/#primaryimage","url":"https:\/\/balteschwiler.ch\/wp-content\/uploads\/2026\/03\/abbund-2024-liftschacht-multisporthalle-biel-8.jpg","contentUrl":"https:\/\/balteschwiler.ch\/wp-content\/uploads\/2026\/03\/abbund-2024-liftschacht-multisporthalle-biel-8.jpg"},{"@type":"BreadcrumbList","@id":"https:\/\/balteschwiler.ch\/fr\/references\/centre-dusinage-modules-de-cages-dascenseur-en-clt-halles-multisports-de-bienne\/#breadcrumb","itemListElement":[{"@type":"ListItem","position":1,"name":"R\u00e9f\u00e9rences","item":"https:\/\/balteschwiler.ch\/fr\/references\/"},{"@type":"ListItem","position":2,"name":"Centre d&#8217;usinage, Modules de cages d&#8217;ascenseur en CLT, Halles multisports de Bienne"}]},{"@type":"WebSite","@id":"https:\/\/balteschwiler.ch\/#website","url":"https:\/\/balteschwiler.ch\/","name":"Balteschwiler AG","description":"","publisher":{"@id":"https:\/\/balteschwiler.ch\/#organization"},"potentialAction":[{"@type":"SearchAction","target":{"@type":"EntryPoint","urlTemplate":"https:\/\/balteschwiler.ch\/?s={search_term_string}"},"query-input":{"@type":"PropertyValueSpecification","valueRequired":true,"valueName":"search_term_string"}}],"inLanguage":"fr-FR"},{"@type":"Organization","@id":"https:\/\/balteschwiler.ch\/#organization","name":"Balteschwiler AG","url":"https:\/\/balteschwiler.ch\/","logo":{"@type":"ImageObject","inLanguage":"fr-FR","@id":"https:\/\/balteschwiler.ch\/#\/schema\/logo\/image\/","url":"https:\/\/balteschwiler.ch\/wp-content\/uploads\/2022\/09\/rz_BAL_Logo_d_rgb.png","contentUrl":"https:\/\/balteschwiler.ch\/wp-content\/uploads\/2022\/09\/rz_BAL_Logo_d_rgb.png","width":1182,"height":224,"caption":"Balteschwiler AG"},"image":{"@id":"https:\/\/balteschwiler.ch\/#\/schema\/logo\/image\/"},"sameAs":["https:\/\/www.facebook.com\/balteschwiler"]}]}},"uagb_featured_image_src":{"full":false,"thumbnail":false,"medium":false,"medium_large":false,"large":false,"1536x1536":false,"2048x2048":false,"gform-image-choice-sm":false,"gform-image-choice-md":false,"gform-image-choice-lg":false},"uagb_author_info":{"display_name":"Franziska H\u00e4nni","author_link":"https:\/\/balteschwiler.ch\/fr\/author\/f-haenni\/"},"uagb_comment_info":0,"uagb_excerpt":"\u00c9l\u00e9ments modulaires en bois pour le complexe sportif \u00abSportfabrique\u00bb Les nouvelles halles multisports du quartier de Boujean \u00e0 Bienne ont \u00e9t\u00e9 achev\u00e9es en 2025 et constituent aujourd\u2019hui un complexe sportif ... Mehr","_links":{"self":[{"href":"https:\/\/balteschwiler.ch\/fr\/wp-json\/wp\/v2\/pages\/24358","targetHints":{"allow":["GET"]}}],"collection":[{"href":"https:\/\/balteschwiler.ch\/fr\/wp-json\/wp\/v2\/pages"}],"about":[{"href":"https:\/\/balteschwiler.ch\/fr\/wp-json\/wp\/v2\/types\/page"}],"author":[{"embeddable":true,"href":"https:\/\/balteschwiler.ch\/fr\/wp-json\/wp\/v2\/users\/3"}],"replies":[{"embeddable":true,"href":"https:\/\/balteschwiler.ch\/fr\/wp-json\/wp\/v2\/comments?post=24358"}],"version-history":[{"count":1,"href":"https:\/\/balteschwiler.ch\/fr\/wp-json\/wp\/v2\/pages\/24358\/revisions"}],"predecessor-version":[{"id":24364,"href":"https:\/\/balteschwiler.ch\/fr\/wp-json\/wp\/v2\/pages\/24358\/revisions\/24364"}],"up":[{"embeddable":true,"href":"https:\/\/balteschwiler.ch\/fr\/wp-json\/wp\/v2\/pages\/8941"}],"wp:attachment":[{"href":"https:\/\/balteschwiler.ch\/fr\/wp-json\/wp\/v2\/media?parent=24358"}],"curies":[{"name":"wp","href":"https:\/\/api.w.org\/{rel}","templated":true}]}}