{"id":5338,"date":"2022-09-15T09:43:48","date_gmt":"2022-09-15T07:43:48","guid":{"rendered":"https:\/\/balteschwiler.ch\/just-in-time-lieferung\/"},"modified":"2023-08-17T16:56:35","modified_gmt":"2023-08-17T14:56:35","slug":"just-in-time-lieferung","status":"publish","type":"page","link":"https:\/\/balteschwiler.ch\/fr\/usinage-du-bois\/just-in-time-lieferung\/","title":{"rendered":"Livraison juste-\u00e0-temps"},"content":{"rendered":"<div class=\"gb-container gb-container-6ec57639 loadondesktop keyvisual-jit\"><div class=\"gb-inside-container\">\n<div class=\"gb-grid-wrapper gb-grid-wrapper-d212ffc2\">\n<div class=\"gb-grid-column gb-grid-column-6290146c\"><div class=\"gb-container gb-container-6290146c\"><div class=\"gb-inside-container\">\n\n<h2 class=\"gb-headline gb-headline-ae3932be gb-headline-text\">Livraison juste-\u00e0-temps<\/h2>\n\n<\/div><\/div><\/div>\n<\/div>\n<\/div><\/div>\n\n<div class=\"gb-container gb-container-ce06048c loadondesktop\"><div class=\"gb-inside-container\">\n\n<p class=\"has-large-font-size\">Vous souhaitez planifier en toute s\u00e9curit\u00e9, ind\u00e9pendamment des cha\u00eenes de valeur de production complexes? Ou vous manquez tout simplement de place sur le chantier pour stocker temporairement les mat\u00e9riaux en bois que vous avez command\u00e9s? Avec la livraison juste-\u00e0-temps de Balteschwiler SA, vous profitez de notre r\u00e9seau de livraison BALA sans avoir besoin de ressources internes et pouvez ainsi optimiser consid\u00e9rablement votre cha\u00eene de livraison.<\/p>\n\n<\/div><\/div>\n\n<div class=\"gb-container gb-container-296cc19d loadonmobile\"><div class=\"gb-inside-container\">\n\n<h1 class=\"wp-block-heading\">Livraison juste-\u00e0-temps <\/h1>\n\n\n\n<figure class=\"wp-block-image alignfull size-full\"><img loading=\"lazy\" decoding=\"async\" width=\"1500\" height=\"856\" src=\"https:\/\/balteschwiler.ch\/wp-content\/uploads\/2023\/04\/Just-in_Time_Header_Teaser_v2.jpg\" alt=\"Livraison juste-\u00e0-temps \" class=\"wp-image-4595\" srcset=\"https:\/\/balteschwiler.ch\/wp-content\/uploads\/2023\/04\/Just-in_Time_Header_Teaser_v2.jpg 1500w, https:\/\/balteschwiler.ch\/wp-content\/uploads\/2023\/04\/Just-in_Time_Header_Teaser_v2-300x171.jpg 300w, https:\/\/balteschwiler.ch\/wp-content\/uploads\/2023\/04\/Just-in_Time_Header_Teaser_v2-1024x584.jpg 1024w, https:\/\/balteschwiler.ch\/wp-content\/uploads\/2023\/04\/Just-in_Time_Header_Teaser_v2-768x438.jpg 768w\" sizes=\"auto, (max-width: 1500px) 100vw, 1500px\" \/><\/figure>\n\n\n\n<p class=\"team-space has-medium-font-size\">Vous souhaitez planifier en toute s\u00e9curit\u00e9, ind\u00e9pendamment des cha\u00eenes de valeur de production complexes? Ou vous manquez tout simplement de place sur le chantier pour stocker temporairement les mat\u00e9riaux en bois que vous avez command\u00e9s? Avec la livraison juste-\u00e0-temps de Balteschwiler SA, vous profitez de notre r\u00e9seau de livraison BALA sans avoir besoin de ressources internes et pouvez ainsi optimiser consid\u00e9rablement votre cha\u00eene de livraison.<\/p>\n\n<\/div><\/div>\n\n<div class=\"gb-container gb-container-c1702dd7\"><div class=\"gb-inside-container\">\n\n<h2 class=\"wp-block-heading\">Comment fonctionne la livraison \u00a0\u00bb juste-\u00e0-temps \u00ab\u00a0?<\/h2>\n\n\n\n<p class=\"has-medium-font-size\">Le principe du juste-\u00e0-temps consiste \u00e0 livrer les mat\u00e9riaux dans la quantit\u00e9 exacte et au moment exact o\u00f9 ils sont n\u00e9cessaires. Dans certains cas, l&rsquo;ordre de livraison est \u00e9galement d\u00e9cisif. Ce concept est appel\u00e9 \u00ab\u00a0just-in-sequence\u00a0\u00bb.<\/p>\n\n\n\n<p class=\"has-medium-font-size\">Les avantages d&rsquo;une livraison juste-\u00e0-temps sont \u00e9vidents: en tant que client, vous b\u00e9n\u00e9ficiez d&rsquo;une grande s\u00e9curit\u00e9 de planification et vous pouvez compter sur des d\u00e9lais. En revanche, lors de livraisons depuis l&rsquo;\u00e9tranger, vous courez toujours le risque de ne pas recevoir votre marchandise au bon moment en raison de retards douaniers. En r\u00e9duisant les temps de passage et les co\u00fbts de stockage en collaboration avec Balteschwiler SA, vous augmentez le succ\u00e8s \u00e9conomique de votre projet de construction.<\/p>\n\n<\/div><\/div>\n\n<div class=\"gb-container gb-container-9dc28d90 loadondesktop keyvisual-jit-content\"><div class=\"gb-inside-container\">\n<div class=\"gb-grid-wrapper gb-grid-wrapper-7c41aabf\">\n<div class=\"gb-grid-column gb-grid-column-c62e0aea\"><div class=\"gb-container gb-container-c62e0aea\"><div class=\"gb-inside-container\"><\/div><\/div><\/div>\n<\/div>\n<\/div><\/div>\n\n<div class=\"gb-container gb-container-0f7de636\"><div class=\"gb-inside-container\">\n\n<h2 class=\"gb-headline gb-headline-054f3294 gb-headline-text\">Logistique moderne et service de livraison en 24 heures chez Balteschwiler SA<\/h2>\n\n\n\n<p class=\"has-medium-font-size\">Gr\u00e2ce \u00e0 notre centre de stockage et de logistique moderne, construit en 2016, nous pouvons garantir la livraison de vos mat\u00e9riaux en bois en fonction de vos besoins. En effet, sur une surface d&rsquo;environ 60&rsquo;000 m2, de nouvelles dimensions s&rsquo;ouvrent en termes de disponibilit\u00e9 et de livraison. Ainsi, quelque 12&rsquo;000 articles en stock sont rapidement disponibles en cas de besoin \u00e0 court terme. <\/p>\n\n\n\n<p class=\"has-medium-font-size\">La surface de stockage g\u00e9n\u00e9reuse nous offre \u00e9galement une flexibilit\u00e9 maximale pour le service de livraison en 24 heures: gr\u00e2ce \u00e0 la livraison juste \u00e0 temps, nous pouvons pr\u00e9parer votre mat\u00e9riel sur demande pour les grands comme les petits projets de construction ou, si n\u00e9cessaire, le livrer par \u00e9tapes &#8211; que ce soit sur des plateaux interchangeables ou par d\u00e9chargement direct. Et ce, m\u00eame si votre projet de construction devait subir des modifications de plan. Plus rien ne s&rsquo;oppose donc \u00e0 un montage ou \u00e0 un traitement efficace. <\/p>\n\n\n\n<p class=\"has-medium-font-size\">Qu&rsquo;il s&rsquo;agisse de modules pr\u00e9fabriqu\u00e9s, de panneaux en bois de grand format, de syst\u00e8mes de fa\u00e7ades ou de plafonds: vous planifiez vous aussi un projet de construction en bois et souhaitez profiter de nos infrastructures et de la livraison juste \u00e0 temps? Nous vous soutenons volontiers dans votre projet.<\/p>\n\n\n<div class=\"gb-button-wrapper gb-button-wrapper-6c9c6b5f\">\n\n<a class=\"gb-button gb-button-0b6f8297 gb-button-text button-border-none-vielfalt\" href=\"https:\/\/balteschwiler.ch\/fr\/entreprise\/fr-kontakt\/\">Contact<\/a>\n\n<\/div>\n<\/div><\/div>","protected":false},"excerpt":{"rendered":"<p>Vous souhaitez planifier en toute s\u00e9curit\u00e9, ind\u00e9pendamment des cha\u00eenes de valeur de production complexes? Ou vous manquez tout simplement de place sur le chantier pour stocker temporairement les mat\u00e9riaux en &#8230; <a title=\"Livraison juste-\u00e0-temps\" class=\"read-more\" href=\"https:\/\/balteschwiler.ch\/fr\/usinage-du-bois\/just-in-time-lieferung\/\" aria-label=\"En savoir plus sur Livraison juste-\u00e0-temps\">Mehr<\/a><\/p>\n","protected":false},"author":1,"featured_media":0,"parent":5417,"menu_order":0,"comment_status":"closed","ping_status":"closed","template":"","meta":{"_acf_changed":false,"inline_featured_image":false,"_uag_custom_page_level_css":"","footnotes":""},"class_list":["post-5338","page","type-page","status-publish"],"acf":[],"yoast_head":"<!-- This site is optimized with the Yoast SEO plugin v27.3 - https:\/\/yoast.com\/product\/yoast-seo-wordpress\/ -->\n<title>Livraison juste-\u00e0-temps de mat\u00e9riaux en bois chez Balteschwiler SA<\/title>\n<meta name=\"description\" content=\"Le respect des d\u00e9lais et l&#039;efficacit\u00e9 sont particuli\u00e8rement importants pour votre projet de construction en bois ? D\u00e9couvrez ici tout ce qu&#039;il faut savoir sur nos livraisons juste \u00e0 temps.\" \/>\n<meta name=\"robots\" content=\"index, follow, max-snippet:-1, max-image-preview:large, max-video-preview:-1\" \/>\n<link rel=\"canonical\" href=\"https:\/\/balteschwiler.ch\/fr\/usinage-du-bois\/just-in-time-lieferung\/\" \/>\n<meta property=\"og:locale\" content=\"fr_FR\" \/>\n<meta property=\"og:type\" content=\"article\" \/>\n<meta property=\"og:title\" content=\"Livraison juste-\u00e0-temps de mat\u00e9riaux en bois chez Balteschwiler SA\" \/>\n<meta property=\"og:description\" content=\"Le respect des d\u00e9lais et l&#039;efficacit\u00e9 sont particuli\u00e8rement importants pour votre projet de construction en bois ? D\u00e9couvrez ici tout ce qu&#039;il faut savoir sur nos livraisons juste \u00e0 temps.\" \/>\n<meta property=\"og:url\" content=\"https:\/\/balteschwiler.ch\/fr\/usinage-du-bois\/just-in-time-lieferung\/\" \/>\n<meta property=\"og:site_name\" content=\"Balteschwiler AG\" \/>\n<meta property=\"article:publisher\" content=\"https:\/\/www.facebook.com\/balteschwiler\" \/>\n<meta property=\"article:modified_time\" content=\"2023-08-17T14:56:35+00:00\" \/>\n<meta property=\"og:image\" content=\"https:\/\/balteschwiler.ch\/wp-content\/uploads\/2023\/04\/Just-in_Time_Header_Teaser_v2.jpg\" \/>\n<meta name=\"twitter:card\" content=\"summary_large_image\" \/>\n<meta name=\"twitter:label1\" content=\"Dur\u00e9e de lecture estim\u00e9e\" \/>\n\t<meta name=\"twitter:data1\" content=\"3 minutes\" \/>\n<script type=\"application\/ld+json\" class=\"yoast-schema-graph\">{\"@context\":\"https:\\\/\\\/schema.org\",\"@graph\":[{\"@type\":\"WebPage\",\"@id\":\"https:\\\/\\\/balteschwiler.ch\\\/fr\\\/usinage-du-bois\\\/just-in-time-lieferung\\\/\",\"url\":\"https:\\\/\\\/balteschwiler.ch\\\/fr\\\/usinage-du-bois\\\/just-in-time-lieferung\\\/\",\"name\":\"Livraison juste-\u00e0-temps de mat\u00e9riaux en bois chez Balteschwiler SA\",\"isPartOf\":{\"@id\":\"https:\\\/\\\/balteschwiler.ch\\\/#website\"},\"primaryImageOfPage\":{\"@id\":\"https:\\\/\\\/balteschwiler.ch\\\/fr\\\/usinage-du-bois\\\/just-in-time-lieferung\\\/#primaryimage\"},\"image\":{\"@id\":\"https:\\\/\\\/balteschwiler.ch\\\/fr\\\/usinage-du-bois\\\/just-in-time-lieferung\\\/#primaryimage\"},\"thumbnailUrl\":\"https:\\\/\\\/balteschwiler.ch\\\/wp-content\\\/uploads\\\/2023\\\/04\\\/Just-in_Time_Header_Teaser_v2.jpg\",\"datePublished\":\"2022-09-15T07:43:48+00:00\",\"dateModified\":\"2023-08-17T14:56:35+00:00\",\"description\":\"Le respect des d\u00e9lais et l'efficacit\u00e9 sont particuli\u00e8rement importants pour votre projet de construction en bois ? D\u00e9couvrez ici tout ce qu'il faut savoir sur nos livraisons juste \u00e0 temps.\",\"breadcrumb\":{\"@id\":\"https:\\\/\\\/balteschwiler.ch\\\/fr\\\/usinage-du-bois\\\/just-in-time-lieferung\\\/#breadcrumb\"},\"inLanguage\":\"fr-FR\",\"potentialAction\":[{\"@type\":\"ReadAction\",\"target\":[\"https:\\\/\\\/balteschwiler.ch\\\/fr\\\/usinage-du-bois\\\/just-in-time-lieferung\\\/\"]}]},{\"@type\":\"ImageObject\",\"inLanguage\":\"fr-FR\",\"@id\":\"https:\\\/\\\/balteschwiler.ch\\\/fr\\\/usinage-du-bois\\\/just-in-time-lieferung\\\/#primaryimage\",\"url\":\"https:\\\/\\\/balteschwiler.ch\\\/wp-content\\\/uploads\\\/2023\\\/04\\\/Just-in_Time_Header_Teaser_v2.jpg\",\"contentUrl\":\"https:\\\/\\\/balteschwiler.ch\\\/wp-content\\\/uploads\\\/2023\\\/04\\\/Just-in_Time_Header_Teaser_v2.jpg\"},{\"@type\":\"BreadcrumbList\",\"@id\":\"https:\\\/\\\/balteschwiler.ch\\\/fr\\\/usinage-du-bois\\\/just-in-time-lieferung\\\/#breadcrumb\",\"itemListElement\":[{\"@type\":\"ListItem\",\"position\":1,\"name\":\"Usinage du bois\",\"item\":\"https:\\\/\\\/balteschwiler.ch\\\/fr\\\/usinage-du-bois\\\/\"},{\"@type\":\"ListItem\",\"position\":2,\"name\":\"Livraison juste-\u00e0-temps\"}]},{\"@type\":\"WebSite\",\"@id\":\"https:\\\/\\\/balteschwiler.ch\\\/#website\",\"url\":\"https:\\\/\\\/balteschwiler.ch\\\/\",\"name\":\"Balteschwiler AG\",\"description\":\"\",\"publisher\":{\"@id\":\"https:\\\/\\\/balteschwiler.ch\\\/#organization\"},\"potentialAction\":[{\"@type\":\"SearchAction\",\"target\":{\"@type\":\"EntryPoint\",\"urlTemplate\":\"https:\\\/\\\/balteschwiler.ch\\\/?s={search_term_string}\"},\"query-input\":{\"@type\":\"PropertyValueSpecification\",\"valueRequired\":true,\"valueName\":\"search_term_string\"}}],\"inLanguage\":\"fr-FR\"},{\"@type\":\"Organization\",\"@id\":\"https:\\\/\\\/balteschwiler.ch\\\/#organization\",\"name\":\"Balteschwiler AG\",\"url\":\"https:\\\/\\\/balteschwiler.ch\\\/\",\"logo\":{\"@type\":\"ImageObject\",\"inLanguage\":\"fr-FR\",\"@id\":\"https:\\\/\\\/balteschwiler.ch\\\/#\\\/schema\\\/logo\\\/image\\\/\",\"url\":\"https:\\\/\\\/balteschwiler.ch\\\/wp-content\\\/uploads\\\/2022\\\/09\\\/rz_BAL_Logo_d_rgb.png\",\"contentUrl\":\"https:\\\/\\\/balteschwiler.ch\\\/wp-content\\\/uploads\\\/2022\\\/09\\\/rz_BAL_Logo_d_rgb.png\",\"width\":1182,\"height\":224,\"caption\":\"Balteschwiler AG\"},\"image\":{\"@id\":\"https:\\\/\\\/balteschwiler.ch\\\/#\\\/schema\\\/logo\\\/image\\\/\"},\"sameAs\":[\"https:\\\/\\\/www.facebook.com\\\/balteschwiler\"]}]}<\/script>\n<!-- \/ Yoast SEO plugin. -->","yoast_head_json":{"title":"Livraison juste-\u00e0-temps de mat\u00e9riaux en bois chez Balteschwiler SA","description":"Le respect des d\u00e9lais et l'efficacit\u00e9 sont particuli\u00e8rement importants pour votre projet de construction en bois ? D\u00e9couvrez ici tout ce qu'il faut savoir sur nos livraisons juste \u00e0 temps.","robots":{"index":"index","follow":"follow","max-snippet":"max-snippet:-1","max-image-preview":"max-image-preview:large","max-video-preview":"max-video-preview:-1"},"canonical":"https:\/\/balteschwiler.ch\/fr\/usinage-du-bois\/just-in-time-lieferung\/","og_locale":"fr_FR","og_type":"article","og_title":"Livraison juste-\u00e0-temps de mat\u00e9riaux en bois chez Balteschwiler SA","og_description":"Le respect des d\u00e9lais et l'efficacit\u00e9 sont particuli\u00e8rement importants pour votre projet de construction en bois ? D\u00e9couvrez ici tout ce qu'il faut savoir sur nos livraisons juste \u00e0 temps.","og_url":"https:\/\/balteschwiler.ch\/fr\/usinage-du-bois\/just-in-time-lieferung\/","og_site_name":"Balteschwiler AG","article_publisher":"https:\/\/www.facebook.com\/balteschwiler","article_modified_time":"2023-08-17T14:56:35+00:00","og_image":[{"url":"https:\/\/balteschwiler.ch\/wp-content\/uploads\/2023\/04\/Just-in_Time_Header_Teaser_v2.jpg","type":"","width":"","height":""}],"twitter_card":"summary_large_image","twitter_misc":{"Dur\u00e9e de lecture estim\u00e9e":"3 minutes"},"schema":{"@context":"https:\/\/schema.org","@graph":[{"@type":"WebPage","@id":"https:\/\/balteschwiler.ch\/fr\/usinage-du-bois\/just-in-time-lieferung\/","url":"https:\/\/balteschwiler.ch\/fr\/usinage-du-bois\/just-in-time-lieferung\/","name":"Livraison juste-\u00e0-temps de mat\u00e9riaux en bois chez Balteschwiler SA","isPartOf":{"@id":"https:\/\/balteschwiler.ch\/#website"},"primaryImageOfPage":{"@id":"https:\/\/balteschwiler.ch\/fr\/usinage-du-bois\/just-in-time-lieferung\/#primaryimage"},"image":{"@id":"https:\/\/balteschwiler.ch\/fr\/usinage-du-bois\/just-in-time-lieferung\/#primaryimage"},"thumbnailUrl":"https:\/\/balteschwiler.ch\/wp-content\/uploads\/2023\/04\/Just-in_Time_Header_Teaser_v2.jpg","datePublished":"2022-09-15T07:43:48+00:00","dateModified":"2023-08-17T14:56:35+00:00","description":"Le respect des d\u00e9lais et l'efficacit\u00e9 sont particuli\u00e8rement importants pour votre projet de construction en bois ? D\u00e9couvrez ici tout ce qu'il faut savoir sur nos livraisons juste \u00e0 temps.","breadcrumb":{"@id":"https:\/\/balteschwiler.ch\/fr\/usinage-du-bois\/just-in-time-lieferung\/#breadcrumb"},"inLanguage":"fr-FR","potentialAction":[{"@type":"ReadAction","target":["https:\/\/balteschwiler.ch\/fr\/usinage-du-bois\/just-in-time-lieferung\/"]}]},{"@type":"ImageObject","inLanguage":"fr-FR","@id":"https:\/\/balteschwiler.ch\/fr\/usinage-du-bois\/just-in-time-lieferung\/#primaryimage","url":"https:\/\/balteschwiler.ch\/wp-content\/uploads\/2023\/04\/Just-in_Time_Header_Teaser_v2.jpg","contentUrl":"https:\/\/balteschwiler.ch\/wp-content\/uploads\/2023\/04\/Just-in_Time_Header_Teaser_v2.jpg"},{"@type":"BreadcrumbList","@id":"https:\/\/balteschwiler.ch\/fr\/usinage-du-bois\/just-in-time-lieferung\/#breadcrumb","itemListElement":[{"@type":"ListItem","position":1,"name":"Usinage du bois","item":"https:\/\/balteschwiler.ch\/fr\/usinage-du-bois\/"},{"@type":"ListItem","position":2,"name":"Livraison juste-\u00e0-temps"}]},{"@type":"WebSite","@id":"https:\/\/balteschwiler.ch\/#website","url":"https:\/\/balteschwiler.ch\/","name":"Balteschwiler AG","description":"","publisher":{"@id":"https:\/\/balteschwiler.ch\/#organization"},"potentialAction":[{"@type":"SearchAction","target":{"@type":"EntryPoint","urlTemplate":"https:\/\/balteschwiler.ch\/?s={search_term_string}"},"query-input":{"@type":"PropertyValueSpecification","valueRequired":true,"valueName":"search_term_string"}}],"inLanguage":"fr-FR"},{"@type":"Organization","@id":"https:\/\/balteschwiler.ch\/#organization","name":"Balteschwiler AG","url":"https:\/\/balteschwiler.ch\/","logo":{"@type":"ImageObject","inLanguage":"fr-FR","@id":"https:\/\/balteschwiler.ch\/#\/schema\/logo\/image\/","url":"https:\/\/balteschwiler.ch\/wp-content\/uploads\/2022\/09\/rz_BAL_Logo_d_rgb.png","contentUrl":"https:\/\/balteschwiler.ch\/wp-content\/uploads\/2022\/09\/rz_BAL_Logo_d_rgb.png","width":1182,"height":224,"caption":"Balteschwiler AG"},"image":{"@id":"https:\/\/balteschwiler.ch\/#\/schema\/logo\/image\/"},"sameAs":["https:\/\/www.facebook.com\/balteschwiler"]}]}},"uagb_featured_image_src":{"full":false,"thumbnail":false,"medium":false,"medium_large":false,"large":false,"1536x1536":false,"2048x2048":false,"gform-image-choice-sm":false,"gform-image-choice-md":false,"gform-image-choice-lg":false},"uagb_author_info":{"display_name":"Michael Sutter","author_link":"https:\/\/balteschwiler.ch\/fr\/author\/m-hoernlimannmichaelh-ch\/"},"uagb_comment_info":0,"uagb_excerpt":"Vous souhaitez planifier en toute s\u00e9curit\u00e9, ind\u00e9pendamment des cha\u00eenes de valeur de production complexes? Ou vous manquez tout simplement de place sur le chantier pour stocker temporairement les mat\u00e9riaux en ... Mehr","_links":{"self":[{"href":"https:\/\/balteschwiler.ch\/fr\/wp-json\/wp\/v2\/pages\/5338","targetHints":{"allow":["GET"]}}],"collection":[{"href":"https:\/\/balteschwiler.ch\/fr\/wp-json\/wp\/v2\/pages"}],"about":[{"href":"https:\/\/balteschwiler.ch\/fr\/wp-json\/wp\/v2\/types\/page"}],"author":[{"embeddable":true,"href":"https:\/\/balteschwiler.ch\/fr\/wp-json\/wp\/v2\/users\/1"}],"replies":[{"embeddable":true,"href":"https:\/\/balteschwiler.ch\/fr\/wp-json\/wp\/v2\/comments?post=5338"}],"version-history":[{"count":9,"href":"https:\/\/balteschwiler.ch\/fr\/wp-json\/wp\/v2\/pages\/5338\/revisions"}],"predecessor-version":[{"id":7452,"href":"https:\/\/balteschwiler.ch\/fr\/wp-json\/wp\/v2\/pages\/5338\/revisions\/7452"}],"up":[{"embeddable":true,"href":"https:\/\/balteschwiler.ch\/fr\/wp-json\/wp\/v2\/pages\/5417"}],"wp:attachment":[{"href":"https:\/\/balteschwiler.ch\/fr\/wp-json\/wp\/v2\/media?parent=5338"}],"curies":[{"name":"wp","href":"https:\/\/api.w.org\/{rel}","templated":true}]}}