{"id":5434,"date":"2022-09-15T09:39:35","date_gmt":"2022-09-15T07:39:35","guid":{"rendered":"https:\/\/balteschwiler.ch\/usinage-du-bois\/construction-de-modules\/"},"modified":"2023-08-17T16:53:46","modified_gmt":"2023-08-17T14:53:46","slug":"construction-de-modules","status":"publish","type":"page","link":"https:\/\/balteschwiler.ch\/fr\/usinage-du-bois\/construction-de-modules\/","title":{"rendered":"Construction de modules"},"content":{"rendered":"<div class=\"gb-container gb-container-6ec57639 loadondesktop keyvisual-modulbau\"><div class=\"gb-inside-container\">\n<div class=\"gb-grid-wrapper gb-grid-wrapper-d212ffc2\">\n<div class=\"gb-grid-column gb-grid-column-6290146c\"><div class=\"gb-container gb-container-6290146c\"><div class=\"gb-inside-container\">\n\n<h2 class=\"gb-headline gb-headline-ae3932be gb-headline-text\">Construction de modules : la plus grande efficacit\u00e9 pour vos projets de construction en bois<\/h2>\n\n<\/div><\/div><\/div>\n<\/div>\n<\/div><\/div>\n\n<div class=\"gb-container gb-container-fde21122\"><div class=\"gb-inside-container\">\n\n<figure class=\"wp-block-gallery has-nested-images columns-5 gallery-2icons has-base-3-background-color has-background wp-block-gallery-1 is-layout-flex wp-block-gallery-is-layout-flex\">\n<figure class=\"wp-block-image size-large teaser-icons-desktop\"><a href=\"https:\/\/balteschwiler.ch\/fr\/usinage-du-bois\/construction-de-modules\/prefabrication-construction-en-bois\/\"><img decoding=\"async\" data-id=\"6047\" src=\"https:\/\/balteschwiler.ch\/wp-content\/uploads\/2023\/04\/BAL-Icon_FR_Vorfertigung_Holzbau.svg\" alt=\"\" class=\"wp-image-6047\"\/><\/a><\/figure>\n\n\n\n<figure class=\"wp-block-image size-large teaser-icons-desktop\"><a href=\"https:\/\/balteschwiler.ch\/fr\/usinage-du-bois\/construction-de-modules\/cage-dascenseur\/\"><img decoding=\"async\" data-id=\"6050\" src=\"https:\/\/balteschwiler.ch\/wp-content\/uploads\/2023\/04\/BAL-Icon_FR_Liftschacht.svg\" alt=\"\" class=\"wp-image-6050\"\/><\/a><\/figure>\n<\/figure>\n\n<\/div><\/div>\n\n<div class=\"gb-container gb-container-296cc19d loadonmobile\"><div class=\"gb-inside-container\">\n\n<div style=\"height:100px\" aria-hidden=\"true\" class=\"wp-block-spacer\"><\/div>\n\n\n\n<h1 class=\"wp-block-heading\">Construction de modules : la plus grande efficacit\u00e9 pour vos projets de construction en bois <\/h1>\n\n\n\n<figure class=\"wp-block-image alignfull size-full\"><img loading=\"lazy\" decoding=\"async\" width=\"1500\" height=\"985\" src=\"https:\/\/balteschwiler.ch\/wp-content\/uploads\/2023\/03\/Modulbau_Header_Teaser.jpg\" alt=\"\" class=\"wp-image-3413\" srcset=\"https:\/\/balteschwiler.ch\/wp-content\/uploads\/2023\/03\/Modulbau_Header_Teaser.jpg 1500w, https:\/\/balteschwiler.ch\/wp-content\/uploads\/2023\/03\/Modulbau_Header_Teaser-300x197.jpg 300w, https:\/\/balteschwiler.ch\/wp-content\/uploads\/2023\/03\/Modulbau_Header_Teaser-1024x672.jpg 1024w, https:\/\/balteschwiler.ch\/wp-content\/uploads\/2023\/03\/Modulbau_Header_Teaser-768x504.jpg 768w\" sizes=\"auto, (max-width: 1500px) 100vw, 1500px\" \/><\/figure>\n\n\n\n<p class=\"team-space has-medium-font-size\">La construction de modules offre \u00e0 de nombreuses entreprises de construction en bois l&rsquo;avantage d\u00e9cisif de pouvoir r\u00e9duire encore une fois drastiquement les d\u00e9lais de construction. C&rsquo;est un avantage concurrentiel important, notamment par rapport \u00e0 la construction massive.<\/p>\n\n\n\n<p class=\"has-medium-font-size\">Il est toutefois \u00e9vident que toutes les entreprises de construction en bois ne misent pas encore sur la construction modulaire pure : la plupart du temps, l&rsquo;infrastructure n\u00e9cessaire fait d\u00e9faut. Pour pouvoir fabriquer des modules en bois, il faut des installations d&rsquo;usinage CNC massives pour les panneaux, dont l&rsquo;achat doit \u00e9galement \u00eatre rentable. De plus, l&rsquo;espace n\u00e9cessaire au stockage temporaire des modules finis est bien plus important que pour les produits semi-finis. Et pourtant, il vaut la peine d&rsquo;envisager la construction modulaire pour les entreprises de construction en bois.<\/p>\n\n<\/div><\/div>\n\n<div class=\"gb-container gb-container-ce06048c loadondesktop\"><div class=\"gb-inside-container\">\n\n<p class=\"has-large-font-size\">La construction de modules offre \u00e0 de nombreuses entreprises de construction en bois l&rsquo;avantage d\u00e9cisif de pouvoir r\u00e9duire encore une fois drastiquement les d\u00e9lais de construction. C&rsquo;est un avantage concurrentiel important, notamment par rapport \u00e0 la construction massive.<\/p>\n\n\n\n<p class=\"has-medium-font-size\">Il est toutefois \u00e9vident que toutes les entreprises de construction en bois ne misent pas encore sur la construction modulaire pure : la plupart du temps, l&rsquo;infrastructure n\u00e9cessaire fait d\u00e9faut. Pour pouvoir fabriquer des modules en bois, il faut des installations d&rsquo;usinage CNC massives pour les panneaux, dont l&rsquo;achat doit \u00e9galement \u00eatre rentable. De plus, l&rsquo;espace n\u00e9cessaire au stockage temporaire des modules finis est bien plus important que pour les produits semi-finis. Et pourtant, il vaut la peine d&rsquo;envisager la construction modulaire pour les entreprises de construction en bois.<\/p>\n\n<\/div><\/div>\n\n<div class=\"gb-container gb-container-c1702dd7\"><div class=\"gb-inside-container\">\n\n<h2 class=\"wp-block-heading\">Quels sont les avantages de la construction modulaire en bois?<\/h2>\n\n\n\n<p class=\"has-medium-font-size\">Une construction modulaire est pr\u00e9fabriqu\u00e9e en usine et ensuite livr\u00e9e sur le chantier. Cela pr\u00e9sente plusieurs avantages:<\/p>\n\n<\/div><\/div>\n\n<div class=\"gb-container gb-container-ff74ca42\"><div class=\"gb-inside-container\">\n\n<div class=\"wp-block-columns is-layout-flex wp-container-core-columns-is-layout-9d6595d7 wp-block-columns-is-layout-flex\">\n<div class=\"wp-block-column is-layout-flow wp-block-column-is-layout-flow\">\n<figure class=\"wp-block-image size-full\"><img loading=\"lazy\" decoding=\"async\" width=\"700\" height=\"467\" src=\"https:\/\/balteschwiler.ch\/wp-content\/uploads\/2023\/03\/Faktor_Zeit.jpg\" alt=\"Le facteur temps \" class=\"wp-image-3421\" srcset=\"https:\/\/balteschwiler.ch\/wp-content\/uploads\/2023\/03\/Faktor_Zeit.jpg 700w, https:\/\/balteschwiler.ch\/wp-content\/uploads\/2023\/03\/Faktor_Zeit-300x200.jpg 300w\" sizes=\"auto, (max-width: 700px) 100vw, 700px\" \/><\/figure>\n<\/div>\n\n\n\n<div class=\"wp-block-column is-layout-flow wp-block-column-is-layout-flow\">\n<h3 class=\"gb-headline gb-headline-bef47d2b gb-headline-text column-custom-margin column-custom-margin top-column-title-space no-bottom-space-holzbauprodukte\">Le facteur temps<\/h3>\n\n\n\n<p class=\"column-custom-margin font-size-small-custom column-custom-margin-right has-medium-font-size\">Le temps de construction effectif d&rsquo;une construction modulaire sur le chantier est consid\u00e9rablement plus court que celui d&rsquo;une construction traditionnelle, ce qui rend le b\u00e2timent directement utilisable. Le temps de planification peut \u00e9galement \u00eatre consid\u00e9rablement r\u00e9duit avec une production en s\u00e9rie.<\/p>\n<\/div>\n<\/div>\n\n\n\n<div class=\"wp-block-columns is-layout-flex wp-container-core-columns-is-layout-9d6595d7 wp-block-columns-is-layout-flex\">\n<div class=\"wp-block-column has-background is-layout-flow wp-block-column-is-layout-flow\" style=\"background-color:#d4cec2\">\n<h3 class=\"gb-headline gb-headline-5cfc019d gb-headline-text column-custom-margin column-custom-margin top-column-title-space no-bottom-space-holzbauprodukte\"><strong>Facteurs environnementaux:&nbsp;<\/strong><\/h3>\n\n\n\n<p class=\"column-custom-margin font-size-small-custom column-custom-margin-right has-medium-font-size\">Lors de la construction de b\u00e2timents modulaires, il n&rsquo;y a pratiquement aucune d\u00e9pendance vis-\u00e0-vis des conditions m\u00e9t\u00e9orologiques ou d&rsquo;autres facteurs environnementaux, car les modules en bois sont produits en usine. Cela vous offre une flexibilit\u00e9 maximale lors de la construction d&rsquo;un b\u00e2timent. <\/p>\n<\/div>\n\n\n\n<div class=\"wp-block-column has-background is-layout-flow wp-block-column-is-layout-flow\" style=\"background-color:#d4cec2\">\n<figure class=\"wp-block-image size-full\"><img loading=\"lazy\" decoding=\"async\" width=\"700\" height=\"467\" src=\"https:\/\/balteschwiler.ch\/wp-content\/uploads\/2023\/03\/Umweltfaktoren.jpg\" alt=\"Facteurs environnementaux\" class=\"wp-image-3424\" srcset=\"https:\/\/balteschwiler.ch\/wp-content\/uploads\/2023\/03\/Umweltfaktoren.jpg 700w, https:\/\/balteschwiler.ch\/wp-content\/uploads\/2023\/03\/Umweltfaktoren-300x200.jpg 300w\" sizes=\"auto, (max-width: 700px) 100vw, 700px\" \/><\/figure>\n<\/div>\n<\/div>\n\n\n\n<div class=\"wp-block-columns is-layout-flex wp-container-core-columns-is-layout-9d6595d7 wp-block-columns-is-layout-flex\">\n<div class=\"wp-block-column has-background is-layout-flow wp-block-column-is-layout-flow\" style=\"background-color:#f6f5f3\">\n<figure class=\"wp-block-image size-full\"><img loading=\"lazy\" decoding=\"async\" width=\"700\" height=\"303\" src=\"https:\/\/balteschwiler.ch\/wp-content\/uploads\/2023\/03\/Hoechste_Effizienz.jpg\" alt=\"\" class=\"wp-image-3427\" srcset=\"https:\/\/balteschwiler.ch\/wp-content\/uploads\/2023\/03\/Hoechste_Effizienz.jpg 700w, https:\/\/balteschwiler.ch\/wp-content\/uploads\/2023\/03\/Hoechste_Effizienz-300x130.jpg 300w\" sizes=\"auto, (max-width: 700px) 100vw, 700px\" \/><\/figure>\n<\/div>\n\n\n\n<div class=\"wp-block-column has-background is-layout-flow wp-block-column-is-layout-flow\" style=\"background-color:#f6f5f3\">\n<h3 class=\"gb-headline gb-headline-29f6e922 gb-headline-text column-custom-margin column-custom-margin top-column-title-space no-bottom-space-holzbauprodukte\"><strong>Efficacit\u00e9 maximale:<\/strong><\/h3>\n\n\n\n<p class=\"column-custom-margin font-size-small-custom column-custom-margin-right has-medium-font-size\">Plusieurs corps de m\u00e9tier travaillent main dans la main d\u00e8s la fabrication des modules. Gr\u00e2ce au haut degr\u00e9 de pr\u00e9fabrication ainsi qu&rsquo;\u00e0 la pr\u00e9cision avec des \u00e9carts maximum de +- 0,1 mm, vous \u00e9conomisez de pr\u00e9cieuses ressources humaines sur le chantier.  <\/p>\n<\/div>\n<\/div>\n\n\n\n<div class=\"wp-block-columns is-layout-flex wp-container-core-columns-is-layout-9d6595d7 wp-block-columns-is-layout-flex\">\n<div class=\"wp-block-column has-background is-layout-flow wp-block-column-is-layout-flow\" style=\"background-color:#d4cec2\">\n<h3 class=\"gb-headline gb-headline-d61a2995 gb-headline-text column-custom-margin column-custom-margin top-column-title-space no-bottom-space-holzbauprodukte\">Durabilit\u00e9<\/h3>\n\n\n\n<p class=\"column-custom-margin font-size-small-custom column-custom-margin-right has-medium-font-size\">La construction modulaire en bois n&rsquo;est pas seulement extr\u00eamement \u00e9cologique en raison de l&rsquo;utilisation de la mati\u00e8re premi\u00e8re renouvelable qu&rsquo;est le bois. Elle est \u00e9galement id\u00e9ale pour densifier les habitations existantes et les modules peuvent \u00eatre facilement r\u00e9utilis\u00e9s ou d\u00e9plac\u00e9s en cas de besoin. <\/p>\n<\/div>\n\n\n\n<div class=\"wp-block-column has-background is-layout-flow wp-block-column-is-layout-flow\" style=\"background-color:#d4cec2\">\n<figure class=\"wp-block-image size-full\"><img loading=\"lazy\" decoding=\"async\" width=\"700\" height=\"350\" src=\"https:\/\/balteschwiler.ch\/wp-content\/uploads\/2023\/03\/Nachhaltigkeit.jpg\" alt=\"Durabilit\u00e9 \" class=\"wp-image-3430\" srcset=\"https:\/\/balteschwiler.ch\/wp-content\/uploads\/2023\/03\/Nachhaltigkeit.jpg 700w, https:\/\/balteschwiler.ch\/wp-content\/uploads\/2023\/03\/Nachhaltigkeit-300x150.jpg 300w\" sizes=\"auto, (max-width: 700px) 100vw, 700px\" \/><\/figure>\n<\/div>\n<\/div>\n\n<\/div><\/div>\n\n<div class=\"gb-container gb-container-fef73cfe\"><div class=\"gb-inside-container\">\n\n<h2 class=\"gb-headline gb-headline-9eb88e75 gb-headline-text\">Vous souhaitez vous aussi proposer des constructions modulaires \u00e0 vos clients ?<\/h2>\n\n\n\n<p>Chez Balteschwiler SA, vous ne vous contentez pas d&rsquo;acheter des modules pr\u00e9d\u00e9finis. Gr\u00e2ce \u00e0 nos installations d&rsquo;usinage CNC, nous vous offrons une flexibilit\u00e9 maximale dans la construction et la conception de vos modules. Vous choisissez le degr\u00e9 de pr\u00e9fabrication en fonction de vos besoins : De <a href=\"https:\/\/balteschwiler.ch\/fr\/usinage-du-bois\/usinage-cnc\/\">l&rsquo;usinage CNC <\/a> pur de panneaux de grand format, en passant par <a href=\"https:\/\/balteschwiler.ch\/fr\/usinage-du-bois\/construction-de-modules\/prefabrication-construction-en-bois\/\">des produits semi-finis <\/a> pr\u00e9mont\u00e9s, tels que des murs d\u00e9j\u00e0 isol\u00e9s ou recouverts de plaques de pl\u00e2tre, jusqu&rsquo;\u00e0 des modules fabriqu\u00e9s individuellement et dont la surface est rev\u00eatue, comme par exemple <a href=\"https:\/\/balteschwiler.ch\/fr\/usinage-du-bois\/construction-de-modules\/cage-dascenseur\/\">nos cages d&rsquo;ascenseur <\/a>.<\/p>\n\n\n\n<p>Profitez d&rsquo;un rapport co\u00fbt-efficacit\u00e9 optimal gr\u00e2ce aux possibilit\u00e9s de conception individuelles et au savoir-faire de nos collaborateurs exp\u00e9riment\u00e9s. Nous mettons volontiers \u00e0 votre disposition \u00e0 Laufenburg de l&rsquo;espace pour le stockage temporaire des modules produits chez nous et <a href=\"https:\/\/balteschwiler.ch\/fr\/usinage-du-bois\/just-in-time-lieferung\/\">les livrons juste \u00e0 temps <\/a> sur votre chantier.<\/p>\n\n\n<div class=\"gb-button-wrapper gb-button-wrapper-2ff3b59d\">\n\n<a class=\"gb-button gb-button-4f99c9e3 gb-button-text button-border-none-vielfalt\" href=\"https:\/\/balteschwiler.ch\/fr\/entreprise\/fr-kontakt\/\">Contact<\/a>\n\n<\/div>\n<\/div><\/div>","protected":false},"excerpt":{"rendered":"<p>Construction de modules : la plus grande efficacit\u00e9 pour vos projets de construction en bois La construction de modules offre \u00e0 de nombreuses entreprises de construction en bois l&rsquo;avantage d\u00e9cisif &#8230; <a title=\"Construction de modules\" class=\"read-more\" href=\"https:\/\/balteschwiler.ch\/fr\/usinage-du-bois\/construction-de-modules\/\" aria-label=\"En savoir plus sur Construction de modules\">Mehr<\/a><\/p>\n","protected":false},"author":1,"featured_media":0,"parent":5417,"menu_order":0,"comment_status":"closed","ping_status":"closed","template":"","meta":{"_acf_changed":false,"inline_featured_image":false,"_uag_custom_page_level_css":"","footnotes":""},"class_list":["post-5434","page","type-page","status-publish"],"acf":[],"yoast_head":"<!-- This site is optimized with the Yoast SEO plugin v27.5 - https:\/\/yoast.com\/product\/yoast-seo-wordpress\/ -->\n<title>Construction de modules : pr\u00e9fabrication pr\u00e9cise pour la construction en bois chez Balteschwiler SA<\/title>\n<meta name=\"description\" content=\"Construction de modules : de l&#039;usinage CNC \u00e0 la finition en passant par le pr\u00e9montage - chez Balteschwiler SA, vous choisissez vous-m\u00eame le type de construction et le degr\u00e9 de pr\u00e9fabrication de vos modules de construction en bois.\" \/>\n<meta name=\"robots\" content=\"index, follow, max-snippet:-1, max-image-preview:large, max-video-preview:-1\" \/>\n<link rel=\"canonical\" href=\"https:\/\/balteschwiler.ch\/fr\/usinage-du-bois\/construction-de-modules\/\" \/>\n<meta property=\"og:locale\" content=\"fr_FR\" \/>\n<meta property=\"og:type\" content=\"article\" \/>\n<meta property=\"og:title\" content=\"Construction de modules : pr\u00e9fabrication pr\u00e9cise pour la construction en bois chez Balteschwiler SA\" \/>\n<meta property=\"og:description\" content=\"Construction de modules : de l&#039;usinage CNC \u00e0 la finition en passant par le pr\u00e9montage - chez Balteschwiler SA, vous choisissez vous-m\u00eame le type de construction et le degr\u00e9 de pr\u00e9fabrication de vos modules de construction en bois.\" \/>\n<meta property=\"og:url\" content=\"https:\/\/balteschwiler.ch\/fr\/usinage-du-bois\/construction-de-modules\/\" \/>\n<meta property=\"og:site_name\" content=\"Balteschwiler AG\" \/>\n<meta property=\"article:publisher\" content=\"https:\/\/www.facebook.com\/balteschwiler\" \/>\n<meta property=\"article:modified_time\" content=\"2023-08-17T14:53:46+00:00\" \/>\n<meta property=\"og:image\" content=\"https:\/\/balteschwiler.ch\/wp-content\/uploads\/2023\/04\/BAL-Icon_FR_Vorfertigung_Holzbau.svg\" \/>\n<meta name=\"twitter:card\" content=\"summary_large_image\" \/>\n<meta name=\"twitter:label1\" content=\"Dur\u00e9e de lecture estim\u00e9e\" \/>\n\t<meta name=\"twitter:data1\" content=\"5 minutes\" \/>\n<script type=\"application\/ld+json\" class=\"yoast-schema-graph\">{\"@context\":\"https:\\\/\\\/schema.org\",\"@graph\":[{\"@type\":\"WebPage\",\"@id\":\"https:\\\/\\\/balteschwiler.ch\\\/fr\\\/usinage-du-bois\\\/construction-de-modules\\\/\",\"url\":\"https:\\\/\\\/balteschwiler.ch\\\/fr\\\/usinage-du-bois\\\/construction-de-modules\\\/\",\"name\":\"Construction de modules : pr\u00e9fabrication pr\u00e9cise pour la construction en bois chez Balteschwiler SA\",\"isPartOf\":{\"@id\":\"https:\\\/\\\/balteschwiler.ch\\\/#website\"},\"primaryImageOfPage\":{\"@id\":\"https:\\\/\\\/balteschwiler.ch\\\/fr\\\/usinage-du-bois\\\/construction-de-modules\\\/#primaryimage\"},\"image\":{\"@id\":\"https:\\\/\\\/balteschwiler.ch\\\/fr\\\/usinage-du-bois\\\/construction-de-modules\\\/#primaryimage\"},\"thumbnailUrl\":\"https:\\\/\\\/balteschwiler.ch\\\/wp-content\\\/uploads\\\/2023\\\/04\\\/BAL-Icon_FR_Vorfertigung_Holzbau.svg\",\"datePublished\":\"2022-09-15T07:39:35+00:00\",\"dateModified\":\"2023-08-17T14:53:46+00:00\",\"description\":\"Construction de modules : de l'usinage CNC \u00e0 la finition en passant par le pr\u00e9montage - chez Balteschwiler SA, vous choisissez vous-m\u00eame le type de construction et le degr\u00e9 de pr\u00e9fabrication de vos modules de construction en bois.\",\"breadcrumb\":{\"@id\":\"https:\\\/\\\/balteschwiler.ch\\\/fr\\\/usinage-du-bois\\\/construction-de-modules\\\/#breadcrumb\"},\"inLanguage\":\"fr-FR\",\"potentialAction\":[{\"@type\":\"ReadAction\",\"target\":[\"https:\\\/\\\/balteschwiler.ch\\\/fr\\\/usinage-du-bois\\\/construction-de-modules\\\/\"]}]},{\"@type\":\"ImageObject\",\"inLanguage\":\"fr-FR\",\"@id\":\"https:\\\/\\\/balteschwiler.ch\\\/fr\\\/usinage-du-bois\\\/construction-de-modules\\\/#primaryimage\",\"url\":\"https:\\\/\\\/balteschwiler.ch\\\/wp-content\\\/uploads\\\/2023\\\/04\\\/BAL-Icon_FR_Vorfertigung_Holzbau.svg\",\"contentUrl\":\"https:\\\/\\\/balteschwiler.ch\\\/wp-content\\\/uploads\\\/2023\\\/04\\\/BAL-Icon_FR_Vorfertigung_Holzbau.svg\"},{\"@type\":\"BreadcrumbList\",\"@id\":\"https:\\\/\\\/balteschwiler.ch\\\/fr\\\/usinage-du-bois\\\/construction-de-modules\\\/#breadcrumb\",\"itemListElement\":[{\"@type\":\"ListItem\",\"position\":1,\"name\":\"Usinage du bois\",\"item\":\"https:\\\/\\\/balteschwiler.ch\\\/fr\\\/usinage-du-bois\\\/\"},{\"@type\":\"ListItem\",\"position\":2,\"name\":\"Construction de modules\"}]},{\"@type\":\"WebSite\",\"@id\":\"https:\\\/\\\/balteschwiler.ch\\\/#website\",\"url\":\"https:\\\/\\\/balteschwiler.ch\\\/\",\"name\":\"Balteschwiler AG\",\"description\":\"\",\"publisher\":{\"@id\":\"https:\\\/\\\/balteschwiler.ch\\\/#organization\"},\"potentialAction\":[{\"@type\":\"SearchAction\",\"target\":{\"@type\":\"EntryPoint\",\"urlTemplate\":\"https:\\\/\\\/balteschwiler.ch\\\/?s={search_term_string}\"},\"query-input\":{\"@type\":\"PropertyValueSpecification\",\"valueRequired\":true,\"valueName\":\"search_term_string\"}}],\"inLanguage\":\"fr-FR\"},{\"@type\":\"Organization\",\"@id\":\"https:\\\/\\\/balteschwiler.ch\\\/#organization\",\"name\":\"Balteschwiler AG\",\"url\":\"https:\\\/\\\/balteschwiler.ch\\\/\",\"logo\":{\"@type\":\"ImageObject\",\"inLanguage\":\"fr-FR\",\"@id\":\"https:\\\/\\\/balteschwiler.ch\\\/#\\\/schema\\\/logo\\\/image\\\/\",\"url\":\"https:\\\/\\\/balteschwiler.ch\\\/wp-content\\\/uploads\\\/2022\\\/09\\\/rz_BAL_Logo_d_rgb.png\",\"contentUrl\":\"https:\\\/\\\/balteschwiler.ch\\\/wp-content\\\/uploads\\\/2022\\\/09\\\/rz_BAL_Logo_d_rgb.png\",\"width\":1182,\"height\":224,\"caption\":\"Balteschwiler AG\"},\"image\":{\"@id\":\"https:\\\/\\\/balteschwiler.ch\\\/#\\\/schema\\\/logo\\\/image\\\/\"},\"sameAs\":[\"https:\\\/\\\/www.facebook.com\\\/balteschwiler\"]}]}<\/script>\n<!-- \/ Yoast SEO plugin. -->","yoast_head_json":{"title":"Construction de modules : pr\u00e9fabrication pr\u00e9cise pour la construction en bois chez Balteschwiler SA","description":"Construction de modules : de l'usinage CNC \u00e0 la finition en passant par le pr\u00e9montage - chez Balteschwiler SA, vous choisissez vous-m\u00eame le type de construction et le degr\u00e9 de pr\u00e9fabrication de vos modules de construction en bois.","robots":{"index":"index","follow":"follow","max-snippet":"max-snippet:-1","max-image-preview":"max-image-preview:large","max-video-preview":"max-video-preview:-1"},"canonical":"https:\/\/balteschwiler.ch\/fr\/usinage-du-bois\/construction-de-modules\/","og_locale":"fr_FR","og_type":"article","og_title":"Construction de modules : pr\u00e9fabrication pr\u00e9cise pour la construction en bois chez Balteschwiler SA","og_description":"Construction de modules : de l'usinage CNC \u00e0 la finition en passant par le pr\u00e9montage - chez Balteschwiler SA, vous choisissez vous-m\u00eame le type de construction et le degr\u00e9 de pr\u00e9fabrication de vos modules de construction en bois.","og_url":"https:\/\/balteschwiler.ch\/fr\/usinage-du-bois\/construction-de-modules\/","og_site_name":"Balteschwiler AG","article_publisher":"https:\/\/www.facebook.com\/balteschwiler","article_modified_time":"2023-08-17T14:53:46+00:00","og_image":[{"url":"https:\/\/balteschwiler.ch\/wp-content\/uploads\/2023\/04\/BAL-Icon_FR_Vorfertigung_Holzbau.svg","type":"","width":"","height":""}],"twitter_card":"summary_large_image","twitter_misc":{"Dur\u00e9e de lecture estim\u00e9e":"5 minutes"},"schema":{"@context":"https:\/\/schema.org","@graph":[{"@type":"WebPage","@id":"https:\/\/balteschwiler.ch\/fr\/usinage-du-bois\/construction-de-modules\/","url":"https:\/\/balteschwiler.ch\/fr\/usinage-du-bois\/construction-de-modules\/","name":"Construction de modules : pr\u00e9fabrication pr\u00e9cise pour la construction en bois chez Balteschwiler SA","isPartOf":{"@id":"https:\/\/balteschwiler.ch\/#website"},"primaryImageOfPage":{"@id":"https:\/\/balteschwiler.ch\/fr\/usinage-du-bois\/construction-de-modules\/#primaryimage"},"image":{"@id":"https:\/\/balteschwiler.ch\/fr\/usinage-du-bois\/construction-de-modules\/#primaryimage"},"thumbnailUrl":"https:\/\/balteschwiler.ch\/wp-content\/uploads\/2023\/04\/BAL-Icon_FR_Vorfertigung_Holzbau.svg","datePublished":"2022-09-15T07:39:35+00:00","dateModified":"2023-08-17T14:53:46+00:00","description":"Construction de modules : de l'usinage CNC \u00e0 la finition en passant par le pr\u00e9montage - chez Balteschwiler SA, vous choisissez vous-m\u00eame le type de construction et le degr\u00e9 de pr\u00e9fabrication de vos modules de construction en bois.","breadcrumb":{"@id":"https:\/\/balteschwiler.ch\/fr\/usinage-du-bois\/construction-de-modules\/#breadcrumb"},"inLanguage":"fr-FR","potentialAction":[{"@type":"ReadAction","target":["https:\/\/balteschwiler.ch\/fr\/usinage-du-bois\/construction-de-modules\/"]}]},{"@type":"ImageObject","inLanguage":"fr-FR","@id":"https:\/\/balteschwiler.ch\/fr\/usinage-du-bois\/construction-de-modules\/#primaryimage","url":"https:\/\/balteschwiler.ch\/wp-content\/uploads\/2023\/04\/BAL-Icon_FR_Vorfertigung_Holzbau.svg","contentUrl":"https:\/\/balteschwiler.ch\/wp-content\/uploads\/2023\/04\/BAL-Icon_FR_Vorfertigung_Holzbau.svg"},{"@type":"BreadcrumbList","@id":"https:\/\/balteschwiler.ch\/fr\/usinage-du-bois\/construction-de-modules\/#breadcrumb","itemListElement":[{"@type":"ListItem","position":1,"name":"Usinage du bois","item":"https:\/\/balteschwiler.ch\/fr\/usinage-du-bois\/"},{"@type":"ListItem","position":2,"name":"Construction de modules"}]},{"@type":"WebSite","@id":"https:\/\/balteschwiler.ch\/#website","url":"https:\/\/balteschwiler.ch\/","name":"Balteschwiler AG","description":"","publisher":{"@id":"https:\/\/balteschwiler.ch\/#organization"},"potentialAction":[{"@type":"SearchAction","target":{"@type":"EntryPoint","urlTemplate":"https:\/\/balteschwiler.ch\/?s={search_term_string}"},"query-input":{"@type":"PropertyValueSpecification","valueRequired":true,"valueName":"search_term_string"}}],"inLanguage":"fr-FR"},{"@type":"Organization","@id":"https:\/\/balteschwiler.ch\/#organization","name":"Balteschwiler AG","url":"https:\/\/balteschwiler.ch\/","logo":{"@type":"ImageObject","inLanguage":"fr-FR","@id":"https:\/\/balteschwiler.ch\/#\/schema\/logo\/image\/","url":"https:\/\/balteschwiler.ch\/wp-content\/uploads\/2022\/09\/rz_BAL_Logo_d_rgb.png","contentUrl":"https:\/\/balteschwiler.ch\/wp-content\/uploads\/2022\/09\/rz_BAL_Logo_d_rgb.png","width":1182,"height":224,"caption":"Balteschwiler AG"},"image":{"@id":"https:\/\/balteschwiler.ch\/#\/schema\/logo\/image\/"},"sameAs":["https:\/\/www.facebook.com\/balteschwiler"]}]}},"uagb_featured_image_src":{"full":false,"thumbnail":false,"medium":false,"medium_large":false,"large":false,"1536x1536":false,"2048x2048":false,"gform-image-choice-sm":false,"gform-image-choice-md":false,"gform-image-choice-lg":false},"uagb_author_info":{"display_name":"Michael Sutter","author_link":"https:\/\/balteschwiler.ch\/fr\/author\/m-hoernlimannmichaelh-ch\/"},"uagb_comment_info":0,"uagb_excerpt":"Construction de modules : la plus grande efficacit\u00e9 pour vos projets de construction en bois La construction de modules offre \u00e0 de nombreuses entreprises de construction en bois l&rsquo;avantage d\u00e9cisif ... Mehr","_links":{"self":[{"href":"https:\/\/balteschwiler.ch\/fr\/wp-json\/wp\/v2\/pages\/5434","targetHints":{"allow":["GET"]}}],"collection":[{"href":"https:\/\/balteschwiler.ch\/fr\/wp-json\/wp\/v2\/pages"}],"about":[{"href":"https:\/\/balteschwiler.ch\/fr\/wp-json\/wp\/v2\/types\/page"}],"author":[{"embeddable":true,"href":"https:\/\/balteschwiler.ch\/fr\/wp-json\/wp\/v2\/users\/1"}],"replies":[{"embeddable":true,"href":"https:\/\/balteschwiler.ch\/fr\/wp-json\/wp\/v2\/comments?post=5434"}],"version-history":[{"count":4,"href":"https:\/\/balteschwiler.ch\/fr\/wp-json\/wp\/v2\/pages\/5434\/revisions"}],"predecessor-version":[{"id":7448,"href":"https:\/\/balteschwiler.ch\/fr\/wp-json\/wp\/v2\/pages\/5434\/revisions\/7448"}],"up":[{"embeddable":true,"href":"https:\/\/balteschwiler.ch\/fr\/wp-json\/wp\/v2\/pages\/5417"}],"wp:attachment":[{"href":"https:\/\/balteschwiler.ch\/fr\/wp-json\/wp\/v2\/media?parent=5434"}],"curies":[{"name":"wp","href":"https:\/\/api.w.org\/{rel}","templated":true}]}}