{"id":5448,"date":"2022-10-06T14:38:57","date_gmt":"2022-10-06T12:38:57","guid":{"rendered":"https:\/\/balteschwiler.ch\/usinage-du-bois\/construction-de-modules\/cage-dascenseur\/"},"modified":"2023-08-17T16:56:14","modified_gmt":"2023-08-17T14:56:14","slug":"cage-dascenseur","status":"publish","type":"page","link":"https:\/\/balteschwiler.ch\/fr\/usinage-du-bois\/construction-de-modules\/cage-dascenseur\/","title":{"rendered":"Cage d&rsquo;ascenseur"},"content":{"rendered":"<div class=\"gb-container gb-container-6ec57639 loadondesktop keyvisual-liftschacht\"><div class=\"gb-inside-container\">\n<div class=\"gb-grid-wrapper gb-grid-wrapper-d212ffc2\">\n<div class=\"gb-grid-column gb-grid-column-6290146c\"><div class=\"gb-container gb-container-6290146c\"><div class=\"gb-inside-container\">\n\n<h2 class=\"gb-headline gb-headline-ae3932be gb-headline-text\">Cage d&rsquo;ascenseur en bois: pr\u00e9cise et efficace<\/h2>\n\n<\/div><\/div><\/div>\n<\/div>\n<\/div><\/div>\n\n<div class=\"gb-container gb-container-ce06048c loadondesktop\"><div class=\"gb-inside-container\">\n\n<p class=\"has-large-font-size\">Une cage d&rsquo;ascenseur augmente le degr\u00e9 de complexit\u00e9 lors de la construction ou de la transformation d&rsquo;un b\u00e2timent \u00e0 plusieurs \u00e9tages. La cage d&rsquo;ascenseur doit r\u00e9pondre \u00e0 des exigences importantes en mati\u00e8re de statique et de protection incendie, tandis que pendant la construction sur place, elle ralentit l&rsquo;avancement des travaux, augmente les exigences en mati\u00e8re de tol\u00e9rances avec diff\u00e9rents mat\u00e9riaux et entrave les autres corps de m\u00e9tier. Vous pouvez facilement \u00e9viter ces difficult\u00e9s en utilisant une cage d&rsquo;ascenseur pr\u00e9fabriqu\u00e9e en bois. <\/p>\n\n<\/div><\/div>\n\n<div class=\"gb-container gb-container-296cc19d loadonmobile\"><div class=\"gb-inside-container\">\n\n<h1 class=\"wp-block-heading\">Cage d&rsquo;ascenseur en bois: pr\u00e9cise et efficace <\/h1>\n\n\n\n<figure class=\"wp-block-image alignfull size-large\"><img loading=\"lazy\" decoding=\"async\" width=\"1024\" height=\"681\" src=\"https:\/\/balteschwiler.ch\/wp-content\/uploads\/2023\/03\/Liftschacht_Header_Teaser-1024x681.jpg\" alt=\"Cage d'ascenseur Teaser\" class=\"wp-image-3454\" srcset=\"https:\/\/balteschwiler.ch\/wp-content\/uploads\/2023\/03\/Liftschacht_Header_Teaser-1024x681.jpg 1024w, https:\/\/balteschwiler.ch\/wp-content\/uploads\/2023\/03\/Liftschacht_Header_Teaser-300x199.jpg 300w, https:\/\/balteschwiler.ch\/wp-content\/uploads\/2023\/03\/Liftschacht_Header_Teaser-768x510.jpg 768w, https:\/\/balteschwiler.ch\/wp-content\/uploads\/2023\/03\/Liftschacht_Header_Teaser.jpg 1500w\" sizes=\"auto, (max-width: 1024px) 100vw, 1024px\" \/><\/figure>\n\n\n\n<p class=\"team-space has-medium-font-size\">Une cage d&rsquo;ascenseur augmente le degr\u00e9 de complexit\u00e9 lors de la construction ou de la transformation d&rsquo;un b\u00e2timent \u00e0 plusieurs \u00e9tages. La cage d&rsquo;ascenseur doit r\u00e9pondre \u00e0 des exigences importantes en mati\u00e8re de statique et de protection incendie, tandis que pendant la construction sur place, elle ralentit l&rsquo;avancement des travaux, augmente les exigences en mati\u00e8re de tol\u00e9rances avec diff\u00e9rents mat\u00e9riaux et entrave les autres corps de m\u00e9tier. Vous pouvez facilement \u00e9viter ces difficult\u00e9s en utilisant une cage d&rsquo;ascenseur pr\u00e9fabriqu\u00e9e en bois. <\/p>\n\n<\/div><\/div>\n\n<div class=\"gb-container gb-container-c1702dd7\"><div class=\"gb-inside-container\">\n\n<h2 class=\"wp-block-heading\">Les cages d&rsquo;ascenseur pr\u00e9fabriqu\u00e9es pr\u00e9sentent de nombreux avantages <\/h2>\n\n\n\n<p class=\"has-medium-font-size\">Par rapport \u00e0 la construction conventionnelle d&rsquo;une cage d&rsquo;ascenseur directement sur le chantier, une cage d&rsquo;ascenseur pr\u00e9fabriqu\u00e9e en bois pr\u00e9sente de nombreux avantages:<\/p>\n\n<\/div><\/div>\n\n<div class=\"gb-container gb-container-ff74ca42\"><div class=\"gb-inside-container\">\n\n<div class=\"wp-block-columns is-layout-flex wp-container-core-columns-is-layout-9d6595d7 wp-block-columns-is-layout-flex\">\n<div class=\"wp-block-column is-layout-flow wp-block-column-is-layout-flow\">\n<figure class=\"wp-block-image size-full\"><img loading=\"lazy\" decoding=\"async\" width=\"700\" height=\"453\" src=\"https:\/\/balteschwiler.ch\/wp-content\/uploads\/2023\/03\/Verkuerzte_Bauzeit.jpg\" alt=\"\" class=\"wp-image-3458\" srcset=\"https:\/\/balteschwiler.ch\/wp-content\/uploads\/2023\/03\/Verkuerzte_Bauzeit.jpg 700w, https:\/\/balteschwiler.ch\/wp-content\/uploads\/2023\/03\/Verkuerzte_Bauzeit-300x194.jpg 300w\" sizes=\"auto, (max-width: 700px) 100vw, 700px\" \/><\/figure>\n<\/div>\n\n\n\n<div class=\"wp-block-column is-layout-flow wp-block-column-is-layout-flow\">\n<h3 class=\"gb-headline gb-headline-366183b7 gb-headline-text column-custom-margin column-custom-margin top-column-title-space no-bottom-space-holzbauprodukte\"><strong>Temps de construction r\u00e9duit <\/strong><\/h3>\n\n\n\n<p class=\"column-custom-margin font-size-small-custom column-custom-margin-right has-medium-font-size\">Alors que la construction d&rsquo;une cage d&rsquo;ascenseur en b\u00e9ton peut prendre plusieurs semaines, y compris les temps de s\u00e9chage et en fonction des conditions m\u00e9t\u00e9orologiques sur le chantier, une cage d&rsquo;ascenseur en bois pr\u00e9fabriqu\u00e9e est mont\u00e9e en quelques heures. Le rev\u00eatement avec des plaques de fibres-gypse, des plaques d&rsquo;insonorisation ou des plaques coupe-feu peut \u00eatre r\u00e9alis\u00e9 en usine. Ainsi, si n\u00e9cessaire, une cage d&rsquo;ascenseur de Balteschwiler est pr\u00eate pour le montage de l&rsquo;ascenseur directement apr\u00e8s l&rsquo;installation. <\/p>\n<\/div>\n<\/div>\n\n\n\n<div class=\"wp-block-columns is-layout-flex wp-container-core-columns-is-layout-9d6595d7 wp-block-columns-is-layout-flex\">\n<div class=\"wp-block-column has-background is-layout-flow wp-block-column-is-layout-flow\" style=\"background-color:#d4cec2\">\n<h3 class=\"gb-headline gb-headline-5cfc019d gb-headline-text column-custom-margin column-custom-margin top-column-title-space no-bottom-space-holzbauprodukte\"><strong>Flexibilit\u00e9 et rentabilit\u00e9 <\/strong><\/h3>\n\n\n\n<p class=\"column-custom-margin font-size-small-custom column-custom-margin-right has-medium-font-size\">Notre livraison juste-\u00e0-temps vous permet une flexibilit\u00e9 maximale lors de la planification de la construction. Comme les temps de d\u00e9calage sont r\u00e9duits et que les autres corps de m\u00e9tier peuvent effectuer leurs travaux selon le plan sans \u00eatre d\u00e9rang\u00e9s, l&rsquo;efficacit\u00e9 des co\u00fbts du projet de construction augmente \u00e9galement. <\/p>\n<\/div>\n\n\n\n<div class=\"wp-block-column has-background is-layout-flow wp-block-column-is-layout-flow\" style=\"background-color:#d4cec2\">\n<figure class=\"wp-block-image size-full\"><img loading=\"lazy\" decoding=\"async\" width=\"700\" height=\"572\" src=\"https:\/\/balteschwiler.ch\/wp-content\/uploads\/2023\/03\/Flexibilitaet.jpg\" alt=\"\" class=\"wp-image-3461\" srcset=\"https:\/\/balteschwiler.ch\/wp-content\/uploads\/2023\/03\/Flexibilitaet.jpg 700w, https:\/\/balteschwiler.ch\/wp-content\/uploads\/2023\/03\/Flexibilitaet-300x245.jpg 300w\" sizes=\"auto, (max-width: 700px) 100vw, 700px\" \/><\/figure>\n<\/div>\n<\/div>\n\n\n\n<div class=\"wp-block-columns is-layout-flex wp-container-core-columns-is-layout-9d6595d7 wp-block-columns-is-layout-flex\">\n<div class=\"wp-block-column has-background is-layout-flow wp-block-column-is-layout-flow\" style=\"background-color:#f6f5f3\">\n<figure class=\"wp-block-image size-full\"><img loading=\"lazy\" decoding=\"async\" width=\"700\" height=\"591\" src=\"https:\/\/balteschwiler.ch\/wp-content\/uploads\/2023\/03\/Maximale_Praezision.jpg\" alt=\"\" class=\"wp-image-3464\" srcset=\"https:\/\/balteschwiler.ch\/wp-content\/uploads\/2023\/03\/Maximale_Praezision.jpg 700w, https:\/\/balteschwiler.ch\/wp-content\/uploads\/2023\/03\/Maximale_Praezision-300x253.jpg 300w\" sizes=\"auto, (max-width: 700px) 100vw, 700px\" \/><\/figure>\n<\/div>\n\n\n\n<div class=\"wp-block-column has-background is-layout-flow wp-block-column-is-layout-flow\" style=\"background-color:#f6f5f3\">\n<h3 class=\"gb-headline gb-headline-29f6e922 gb-headline-text column-custom-margin column-custom-margin top-column-title-space no-bottom-space-holzbauprodukte\"><strong>Pr\u00e9cision maximale <\/strong><\/h3>\n\n\n\n<p class=\"column-custom-margin font-size-small-custom column-custom-margin-right has-medium-font-size\">Lors de l&rsquo;installation d&rsquo;une cage d&rsquo;ascenseur pr\u00e9fabriqu\u00e9e en bois, vous b\u00e9n\u00e9ficiez de tol\u00e9rances dimensionnelles nettement plus faibles que pour une construction en b\u00e9ton. Gr\u00e2ce \u00e0 la grande pr\u00e9cision de nos installations CNC, les dimensions des diff\u00e9rents \u00e9l\u00e9ments d&rsquo;une cage d&rsquo;ascenseur ne diff\u00e8rent pas de plus de +-0,1 mm des dessins CAO. De plus, il n&rsquo;est pas n\u00e9cessaire de tenir compte des diff\u00e9rences de dilatation ou de tassement des mat\u00e9riaux utilis\u00e9s sur l&rsquo;objet. <\/p>\n<\/div>\n<\/div>\n\n\n\n<div class=\"wp-block-columns is-layout-flex wp-container-core-columns-is-layout-9d6595d7 wp-block-columns-is-layout-flex\">\n<div class=\"wp-block-column has-background is-layout-flow wp-block-column-is-layout-flow\" style=\"background-color:#d4cec2\">\n<h3 class=\"gb-headline gb-headline-cc1c3cd1 gb-headline-text column-custom-margin column-custom-margin top-column-title-space no-bottom-space-holzbauprodukte\"><strong>Un montage d&rsquo;ascenseur plus simple et plus s\u00fbr <\/strong><\/h3>\n\n\n\n<p class=\"column-custom-margin font-size-small-custom column-custom-margin-right has-medium-font-size\">La grande pr\u00e9cision de nos cages d&rsquo;ascenseur n&rsquo;est pas seulement un atout pour le montage d&rsquo;un ascenseur. Alors que pour les cages en b\u00e9ton, il faut d&rsquo;abord poser des chevilles en b\u00e9ton pour la fixation, le monteur d&rsquo;ascenseur peut visser la fixation de l&rsquo;ascenseur directement dans le bois de la cage d&rsquo;ascenseur. La s\u00e9curit\u00e9 du travail est en outre am\u00e9lior\u00e9e, car le monteur d&rsquo;ascenseurs peut travailler sur des plates-formes de cages d&rsquo;ascenseur qui ont \u00e9t\u00e9 r\u00e9alis\u00e9es proprement dans les ateliers.\r\n<\/p>\n<\/div>\n\n\n\n<div class=\"wp-block-column has-background is-layout-flow wp-block-column-is-layout-flow\" style=\"background-color:#d4cec2\">\n<figure class=\"wp-block-image size-full\"><img loading=\"lazy\" decoding=\"async\" width=\"700\" height=\"463\" src=\"https:\/\/balteschwiler.ch\/wp-content\/uploads\/2023\/03\/Einfache_Lift_Montage.jpg\" alt=\"\" class=\"wp-image-3467\" srcset=\"https:\/\/balteschwiler.ch\/wp-content\/uploads\/2023\/03\/Einfache_Lift_Montage.jpg 700w, https:\/\/balteschwiler.ch\/wp-content\/uploads\/2023\/03\/Einfache_Lift_Montage-300x198.jpg 300w\" sizes=\"auto, (max-width: 700px) 100vw, 700px\" \/><\/figure>\n<\/div>\n<\/div>\n\n\n\n<div class=\"wp-block-columns is-layout-flex wp-container-core-columns-is-layout-9d6595d7 wp-block-columns-is-layout-flex\">\n<div class=\"wp-block-column has-background is-layout-flow wp-block-column-is-layout-flow\" style=\"background-color:#f6f5f3\">\n<figure class=\"wp-block-image size-full\"><img loading=\"lazy\" decoding=\"async\" width=\"700\" height=\"419\" src=\"https:\/\/balteschwiler.ch\/wp-content\/uploads\/2023\/03\/Einsparung_Gewicht.jpg\" alt=\"\" class=\"wp-image-3470\" srcset=\"https:\/\/balteschwiler.ch\/wp-content\/uploads\/2023\/03\/Einsparung_Gewicht.jpg 700w, https:\/\/balteschwiler.ch\/wp-content\/uploads\/2023\/03\/Einsparung_Gewicht-300x180.jpg 300w\" sizes=\"auto, (max-width: 700px) 100vw, 700px\" \/><\/figure>\n<\/div>\n\n\n\n<div class=\"wp-block-column has-background is-layout-flow wp-block-column-is-layout-flow\" style=\"background-color:#f6f5f3\">\n<h3 class=\"gb-headline gb-headline-107caa25 gb-headline-text column-custom-margin column-custom-margin top-column-title-space no-bottom-space-holzbauprodukte\"><strong>\u00c9conomie de poids <\/strong><\/h3>\n\n\n\n<p class=\"column-custom-margin font-size-small-custom column-custom-margin-right has-medium-font-size\">Par rapport \u00e0 une cage d&rsquo;ascenseur en b\u00e9ton, qu&rsquo;elle soit livr\u00e9e sous forme d&rsquo;\u00e9l\u00e9ments ou construite sur le chantier, une cage d&rsquo;ascenseur en bois est nettement plus l\u00e9g\u00e8re. Cela facilite le transport lors de la construction par \u00e9l\u00e9ments et apporte, selon le sous-sol, des avantages importants lors de la construction statique d&rsquo;un b\u00e2timent.<\/p>\n<\/div>\n<\/div>\n\n<\/div><\/div>\n\n<div class=\"gb-container gb-container-0f7de636\"><div class=\"gb-inside-container\">\n\n<h2 class=\"wp-block-heading\">Vous avez des questions sur nos modules de cages d&rsquo;ascenseur pr\u00e9fabriqu\u00e9es en bois?<\/h2>\n\n\n\n<p>Les cages d&rsquo;ascenseur de Balteschwiler SA ne r\u00e9pondent pas seulement aux normes de protection incendie en vigueur, elles r\u00e9sistent durablement aux sollicitations, sont extr\u00eamement pr\u00e9cises et rapides \u00e0 monter. Du point de vue de la construction, vous n&rsquo;avez aucune limite quant aux dimensions de la cage d&rsquo;ascenseur dans notre production. Vous souhaitez installer une cage d&rsquo;ascenseur en bois dans une nouvelle construction en bois ou hybride ou profiter d&rsquo;une efficacit\u00e9 maximale lors de la transformation d&rsquo;un b\u00e2timent gr\u00e2ce au positionnement rapide de la cage d&rsquo;ascenseur sur un mur ext\u00e9rieur ? N&rsquo;h\u00e9sitez pas \u00e0 nous contacter si vous avez des questions sur les possibilit\u00e9s techniques.<\/p>\n\n\n<div class=\"gb-button-wrapper gb-button-wrapper-6c9c6b5f\">\n\n<a class=\"gb-button gb-button-0b6f8297 gb-button-text button-border-none-vielfalt\" href=\"https:\/\/balteschwiler.ch\/fr\/entreprise\/fr-kontakt\/\">Contact<\/a>\n\n<\/div>\n<\/div><\/div>","protected":false},"excerpt":{"rendered":"<p>Une cage d&rsquo;ascenseur augmente le degr\u00e9 de complexit\u00e9 lors de la construction ou de la transformation d&rsquo;un b\u00e2timent \u00e0 plusieurs \u00e9tages. La cage d&rsquo;ascenseur doit r\u00e9pondre \u00e0 des exigences importantes &#8230; <a title=\"Cage d&rsquo;ascenseur\" class=\"read-more\" href=\"https:\/\/balteschwiler.ch\/fr\/usinage-du-bois\/construction-de-modules\/cage-dascenseur\/\" aria-label=\"En savoir plus sur Cage d&rsquo;ascenseur\">Mehr<\/a><\/p>\n","protected":false},"author":1,"featured_media":0,"parent":5434,"menu_order":0,"comment_status":"closed","ping_status":"closed","template":"","meta":{"_acf_changed":false,"inline_featured_image":false,"_uag_custom_page_level_css":"","footnotes":""},"class_list":["post-5448","page","type-page","status-publish"],"acf":[],"yoast_head":"<!-- This site is optimized with the Yoast SEO plugin v27.3 - https:\/\/yoast.com\/product\/yoast-seo-wordpress\/ -->\n<title>Cage d&#039;ascenseur en bois : pr\u00e9cise et efficace. Balteschwiler SA<\/title>\n<meta name=\"description\" content=\"Une cage d&#039;ascenseur pr\u00e9fabriqu\u00e9e en bois vous permet non seulement de gagner du temps, mais aussi d&#039;augmenter l&#039;efficacit\u00e9 des co\u00fbts lors d&#039;une nouvelle construction ou d&#039;une transformation. En savoir plus.\" \/>\n<meta name=\"robots\" content=\"index, follow, max-snippet:-1, max-image-preview:large, max-video-preview:-1\" \/>\n<link rel=\"canonical\" href=\"https:\/\/balteschwiler.ch\/fr\/usinage-du-bois\/construction-de-modules\/cage-dascenseur\/\" \/>\n<meta property=\"og:locale\" content=\"fr_FR\" \/>\n<meta property=\"og:type\" content=\"article\" \/>\n<meta property=\"og:title\" content=\"Cage d&#039;ascenseur en bois : pr\u00e9cise et efficace. Balteschwiler SA\" \/>\n<meta property=\"og:description\" content=\"Une cage d&#039;ascenseur pr\u00e9fabriqu\u00e9e en bois vous permet non seulement de gagner du temps, mais aussi d&#039;augmenter l&#039;efficacit\u00e9 des co\u00fbts lors d&#039;une nouvelle construction ou d&#039;une transformation. En savoir plus.\" \/>\n<meta property=\"og:url\" content=\"https:\/\/balteschwiler.ch\/fr\/usinage-du-bois\/construction-de-modules\/cage-dascenseur\/\" \/>\n<meta property=\"og:site_name\" content=\"Balteschwiler AG\" \/>\n<meta property=\"article:publisher\" content=\"https:\/\/www.facebook.com\/balteschwiler\" \/>\n<meta property=\"article:modified_time\" content=\"2023-08-17T14:56:14+00:00\" \/>\n<meta property=\"og:image\" content=\"https:\/\/balteschwiler.ch\/wp-content\/uploads\/2023\/03\/Liftschacht_Header_Teaser-1024x681.jpg\" \/>\n<meta name=\"twitter:card\" content=\"summary_large_image\" \/>\n<script type=\"application\/ld+json\" class=\"yoast-schema-graph\">{\"@context\":\"https:\\\/\\\/schema.org\",\"@graph\":[{\"@type\":\"WebPage\",\"@id\":\"https:\\\/\\\/balteschwiler.ch\\\/fr\\\/usinage-du-bois\\\/construction-de-modules\\\/cage-dascenseur\\\/\",\"url\":\"https:\\\/\\\/balteschwiler.ch\\\/fr\\\/usinage-du-bois\\\/construction-de-modules\\\/cage-dascenseur\\\/\",\"name\":\"Cage d'ascenseur en bois : pr\u00e9cise et efficace. Balteschwiler SA\",\"isPartOf\":{\"@id\":\"https:\\\/\\\/balteschwiler.ch\\\/#website\"},\"primaryImageOfPage\":{\"@id\":\"https:\\\/\\\/balteschwiler.ch\\\/fr\\\/usinage-du-bois\\\/construction-de-modules\\\/cage-dascenseur\\\/#primaryimage\"},\"image\":{\"@id\":\"https:\\\/\\\/balteschwiler.ch\\\/fr\\\/usinage-du-bois\\\/construction-de-modules\\\/cage-dascenseur\\\/#primaryimage\"},\"thumbnailUrl\":\"https:\\\/\\\/balteschwiler.ch\\\/wp-content\\\/uploads\\\/2023\\\/03\\\/Liftschacht_Header_Teaser-1024x681.jpg\",\"datePublished\":\"2022-10-06T12:38:57+00:00\",\"dateModified\":\"2023-08-17T14:56:14+00:00\",\"description\":\"Une cage d'ascenseur pr\u00e9fabriqu\u00e9e en bois vous permet non seulement de gagner du temps, mais aussi d'augmenter l'efficacit\u00e9 des co\u00fbts lors d'une nouvelle construction ou d'une transformation. En savoir plus.\",\"breadcrumb\":{\"@id\":\"https:\\\/\\\/balteschwiler.ch\\\/fr\\\/usinage-du-bois\\\/construction-de-modules\\\/cage-dascenseur\\\/#breadcrumb\"},\"inLanguage\":\"fr-FR\",\"potentialAction\":[{\"@type\":\"ReadAction\",\"target\":[\"https:\\\/\\\/balteschwiler.ch\\\/fr\\\/usinage-du-bois\\\/construction-de-modules\\\/cage-dascenseur\\\/\"]}]},{\"@type\":\"ImageObject\",\"inLanguage\":\"fr-FR\",\"@id\":\"https:\\\/\\\/balteschwiler.ch\\\/fr\\\/usinage-du-bois\\\/construction-de-modules\\\/cage-dascenseur\\\/#primaryimage\",\"url\":\"https:\\\/\\\/balteschwiler.ch\\\/wp-content\\\/uploads\\\/2023\\\/03\\\/Liftschacht_Header_Teaser-1024x681.jpg\",\"contentUrl\":\"https:\\\/\\\/balteschwiler.ch\\\/wp-content\\\/uploads\\\/2023\\\/03\\\/Liftschacht_Header_Teaser-1024x681.jpg\"},{\"@type\":\"BreadcrumbList\",\"@id\":\"https:\\\/\\\/balteschwiler.ch\\\/fr\\\/usinage-du-bois\\\/construction-de-modules\\\/cage-dascenseur\\\/#breadcrumb\",\"itemListElement\":[{\"@type\":\"ListItem\",\"position\":1,\"name\":\"Usinage du bois\",\"item\":\"https:\\\/\\\/balteschwiler.ch\\\/fr\\\/usinage-du-bois\\\/\"},{\"@type\":\"ListItem\",\"position\":2,\"name\":\"Construction de modules\",\"item\":\"https:\\\/\\\/balteschwiler.ch\\\/fr\\\/usinage-du-bois\\\/construction-de-modules\\\/\"},{\"@type\":\"ListItem\",\"position\":3,\"name\":\"Cage d&#8217;ascenseur\"}]},{\"@type\":\"WebSite\",\"@id\":\"https:\\\/\\\/balteschwiler.ch\\\/#website\",\"url\":\"https:\\\/\\\/balteschwiler.ch\\\/\",\"name\":\"Balteschwiler AG\",\"description\":\"\",\"publisher\":{\"@id\":\"https:\\\/\\\/balteschwiler.ch\\\/#organization\"},\"potentialAction\":[{\"@type\":\"SearchAction\",\"target\":{\"@type\":\"EntryPoint\",\"urlTemplate\":\"https:\\\/\\\/balteschwiler.ch\\\/?s={search_term_string}\"},\"query-input\":{\"@type\":\"PropertyValueSpecification\",\"valueRequired\":true,\"valueName\":\"search_term_string\"}}],\"inLanguage\":\"fr-FR\"},{\"@type\":\"Organization\",\"@id\":\"https:\\\/\\\/balteschwiler.ch\\\/#organization\",\"name\":\"Balteschwiler AG\",\"url\":\"https:\\\/\\\/balteschwiler.ch\\\/\",\"logo\":{\"@type\":\"ImageObject\",\"inLanguage\":\"fr-FR\",\"@id\":\"https:\\\/\\\/balteschwiler.ch\\\/#\\\/schema\\\/logo\\\/image\\\/\",\"url\":\"https:\\\/\\\/balteschwiler.ch\\\/wp-content\\\/uploads\\\/2022\\\/09\\\/rz_BAL_Logo_d_rgb.png\",\"contentUrl\":\"https:\\\/\\\/balteschwiler.ch\\\/wp-content\\\/uploads\\\/2022\\\/09\\\/rz_BAL_Logo_d_rgb.png\",\"width\":1182,\"height\":224,\"caption\":\"Balteschwiler AG\"},\"image\":{\"@id\":\"https:\\\/\\\/balteschwiler.ch\\\/#\\\/schema\\\/logo\\\/image\\\/\"},\"sameAs\":[\"https:\\\/\\\/www.facebook.com\\\/balteschwiler\"]}]}<\/script>\n<!-- \/ Yoast SEO plugin. -->","yoast_head_json":{"title":"Cage d'ascenseur en bois : pr\u00e9cise et efficace. Balteschwiler SA","description":"Une cage d'ascenseur pr\u00e9fabriqu\u00e9e en bois vous permet non seulement de gagner du temps, mais aussi d'augmenter l'efficacit\u00e9 des co\u00fbts lors d'une nouvelle construction ou d'une transformation. En savoir plus.","robots":{"index":"index","follow":"follow","max-snippet":"max-snippet:-1","max-image-preview":"max-image-preview:large","max-video-preview":"max-video-preview:-1"},"canonical":"https:\/\/balteschwiler.ch\/fr\/usinage-du-bois\/construction-de-modules\/cage-dascenseur\/","og_locale":"fr_FR","og_type":"article","og_title":"Cage d'ascenseur en bois : pr\u00e9cise et efficace. Balteschwiler SA","og_description":"Une cage d'ascenseur pr\u00e9fabriqu\u00e9e en bois vous permet non seulement de gagner du temps, mais aussi d'augmenter l'efficacit\u00e9 des co\u00fbts lors d'une nouvelle construction ou d'une transformation. En savoir plus.","og_url":"https:\/\/balteschwiler.ch\/fr\/usinage-du-bois\/construction-de-modules\/cage-dascenseur\/","og_site_name":"Balteschwiler AG","article_publisher":"https:\/\/www.facebook.com\/balteschwiler","article_modified_time":"2023-08-17T14:56:14+00:00","og_image":[{"url":"https:\/\/balteschwiler.ch\/wp-content\/uploads\/2023\/03\/Liftschacht_Header_Teaser-1024x681.jpg","type":"","width":"","height":""}],"twitter_card":"summary_large_image","schema":{"@context":"https:\/\/schema.org","@graph":[{"@type":"WebPage","@id":"https:\/\/balteschwiler.ch\/fr\/usinage-du-bois\/construction-de-modules\/cage-dascenseur\/","url":"https:\/\/balteschwiler.ch\/fr\/usinage-du-bois\/construction-de-modules\/cage-dascenseur\/","name":"Cage d'ascenseur en bois : pr\u00e9cise et efficace. Balteschwiler SA","isPartOf":{"@id":"https:\/\/balteschwiler.ch\/#website"},"primaryImageOfPage":{"@id":"https:\/\/balteschwiler.ch\/fr\/usinage-du-bois\/construction-de-modules\/cage-dascenseur\/#primaryimage"},"image":{"@id":"https:\/\/balteschwiler.ch\/fr\/usinage-du-bois\/construction-de-modules\/cage-dascenseur\/#primaryimage"},"thumbnailUrl":"https:\/\/balteschwiler.ch\/wp-content\/uploads\/2023\/03\/Liftschacht_Header_Teaser-1024x681.jpg","datePublished":"2022-10-06T12:38:57+00:00","dateModified":"2023-08-17T14:56:14+00:00","description":"Une cage d'ascenseur pr\u00e9fabriqu\u00e9e en bois vous permet non seulement de gagner du temps, mais aussi d'augmenter l'efficacit\u00e9 des co\u00fbts lors d'une nouvelle construction ou d'une transformation. En savoir plus.","breadcrumb":{"@id":"https:\/\/balteschwiler.ch\/fr\/usinage-du-bois\/construction-de-modules\/cage-dascenseur\/#breadcrumb"},"inLanguage":"fr-FR","potentialAction":[{"@type":"ReadAction","target":["https:\/\/balteschwiler.ch\/fr\/usinage-du-bois\/construction-de-modules\/cage-dascenseur\/"]}]},{"@type":"ImageObject","inLanguage":"fr-FR","@id":"https:\/\/balteschwiler.ch\/fr\/usinage-du-bois\/construction-de-modules\/cage-dascenseur\/#primaryimage","url":"https:\/\/balteschwiler.ch\/wp-content\/uploads\/2023\/03\/Liftschacht_Header_Teaser-1024x681.jpg","contentUrl":"https:\/\/balteschwiler.ch\/wp-content\/uploads\/2023\/03\/Liftschacht_Header_Teaser-1024x681.jpg"},{"@type":"BreadcrumbList","@id":"https:\/\/balteschwiler.ch\/fr\/usinage-du-bois\/construction-de-modules\/cage-dascenseur\/#breadcrumb","itemListElement":[{"@type":"ListItem","position":1,"name":"Usinage du bois","item":"https:\/\/balteschwiler.ch\/fr\/usinage-du-bois\/"},{"@type":"ListItem","position":2,"name":"Construction de modules","item":"https:\/\/balteschwiler.ch\/fr\/usinage-du-bois\/construction-de-modules\/"},{"@type":"ListItem","position":3,"name":"Cage d&#8217;ascenseur"}]},{"@type":"WebSite","@id":"https:\/\/balteschwiler.ch\/#website","url":"https:\/\/balteschwiler.ch\/","name":"Balteschwiler AG","description":"","publisher":{"@id":"https:\/\/balteschwiler.ch\/#organization"},"potentialAction":[{"@type":"SearchAction","target":{"@type":"EntryPoint","urlTemplate":"https:\/\/balteschwiler.ch\/?s={search_term_string}"},"query-input":{"@type":"PropertyValueSpecification","valueRequired":true,"valueName":"search_term_string"}}],"inLanguage":"fr-FR"},{"@type":"Organization","@id":"https:\/\/balteschwiler.ch\/#organization","name":"Balteschwiler AG","url":"https:\/\/balteschwiler.ch\/","logo":{"@type":"ImageObject","inLanguage":"fr-FR","@id":"https:\/\/balteschwiler.ch\/#\/schema\/logo\/image\/","url":"https:\/\/balteschwiler.ch\/wp-content\/uploads\/2022\/09\/rz_BAL_Logo_d_rgb.png","contentUrl":"https:\/\/balteschwiler.ch\/wp-content\/uploads\/2022\/09\/rz_BAL_Logo_d_rgb.png","width":1182,"height":224,"caption":"Balteschwiler AG"},"image":{"@id":"https:\/\/balteschwiler.ch\/#\/schema\/logo\/image\/"},"sameAs":["https:\/\/www.facebook.com\/balteschwiler"]}]}},"uagb_featured_image_src":{"full":false,"thumbnail":false,"medium":false,"medium_large":false,"large":false,"1536x1536":false,"2048x2048":false,"gform-image-choice-sm":false,"gform-image-choice-md":false,"gform-image-choice-lg":false},"uagb_author_info":{"display_name":"Michael Sutter","author_link":"https:\/\/balteschwiler.ch\/fr\/author\/m-hoernlimannmichaelh-ch\/"},"uagb_comment_info":0,"uagb_excerpt":"Une cage d&rsquo;ascenseur augmente le degr\u00e9 de complexit\u00e9 lors de la construction ou de la transformation d&rsquo;un b\u00e2timent \u00e0 plusieurs \u00e9tages. La cage d&rsquo;ascenseur doit r\u00e9pondre \u00e0 des exigences importantes ... Mehr","_links":{"self":[{"href":"https:\/\/balteschwiler.ch\/fr\/wp-json\/wp\/v2\/pages\/5448","targetHints":{"allow":["GET"]}}],"collection":[{"href":"https:\/\/balteschwiler.ch\/fr\/wp-json\/wp\/v2\/pages"}],"about":[{"href":"https:\/\/balteschwiler.ch\/fr\/wp-json\/wp\/v2\/types\/page"}],"author":[{"embeddable":true,"href":"https:\/\/balteschwiler.ch\/fr\/wp-json\/wp\/v2\/users\/1"}],"replies":[{"embeddable":true,"href":"https:\/\/balteschwiler.ch\/fr\/wp-json\/wp\/v2\/comments?post=5448"}],"version-history":[{"count":2,"href":"https:\/\/balteschwiler.ch\/fr\/wp-json\/wp\/v2\/pages\/5448\/revisions"}],"predecessor-version":[{"id":7451,"href":"https:\/\/balteschwiler.ch\/fr\/wp-json\/wp\/v2\/pages\/5448\/revisions\/7451"}],"up":[{"embeddable":true,"href":"https:\/\/balteschwiler.ch\/fr\/wp-json\/wp\/v2\/pages\/5434"}],"wp:attachment":[{"href":"https:\/\/balteschwiler.ch\/fr\/wp-json\/wp\/v2\/media?parent=5448"}],"curies":[{"name":"wp","href":"https:\/\/api.w.org\/{rel}","templated":true}]}}