{"id":5454,"date":"2022-09-15T09:41:00","date_gmt":"2022-09-15T07:41:00","guid":{"rendered":"https:\/\/balteschwiler.ch\/usinage-du-bois\/raboterie\/"},"modified":"2023-08-17T16:57:33","modified_gmt":"2023-08-17T14:57:33","slug":"raboterie","status":"publish","type":"page","link":"https:\/\/balteschwiler.ch\/fr\/usinage-du-bois\/raboterie\/","title":{"rendered":"Raboterie"},"content":{"rendered":"<div class=\"gb-container gb-container-6ec57639 loadondesktop keyvisual-hobelwerk\"><div class=\"gb-inside-container\">\n<div class=\"gb-grid-wrapper gb-grid-wrapper-d212ffc2\">\n<div class=\"gb-grid-column gb-grid-column-6290146c\"><div class=\"gb-container gb-container-6290146c\"><div class=\"gb-inside-container\">\n\n<h2 class=\"gb-headline gb-headline-ae3932be gb-headline-text\">Raboterie<\/h2>\n\n<\/div><\/div><\/div>\n<\/div>\n<\/div><\/div>\n\n<div class=\"gb-container gb-container-ce06048c loadondesktop\"><div class=\"gb-inside-container\">\n\n<p class=\"has-large-font-size\">Vous \u00eates \u00e0 la recherche d&rsquo;une raboterie qui r\u00e9pond \u00e0 vos souhaits en mati\u00e8re de traitement et de finition de vos produits de rabotage? Vous avez besoin de produits de rabotage disponibles rapidement et livr\u00e9s de mani\u00e8re fiable avec une qualit\u00e9 constante? En tant que raboterie suisse de premier plan, nous vous proposons des solutions parfaitement adapt\u00e9es, tant en termes de qualit\u00e9 que de prix. Car votre satisfaction est pour nous le plus grand moteur de notre d\u00e9veloppement.<\/p>\n\n<\/div><\/div>\n\n<div class=\"gb-container gb-container-296cc19d loadonmobile\"><div class=\"gb-inside-container\">\n\n<h1 class=\"wp-block-heading\">Raboterie<\/h1>\n\n\n\n<figure class=\"wp-block-image alignfull size-full\"><img loading=\"lazy\" decoding=\"async\" width=\"1500\" height=\"810\" src=\"https:\/\/balteschwiler.ch\/wp-content\/uploads\/2023\/04\/Hobelwerk_Fichte_Header_Teaser_v2.jpg\" alt=\"Raboterie \u00e9pic\u00e9a\" class=\"wp-image-4605\" srcset=\"https:\/\/balteschwiler.ch\/wp-content\/uploads\/2023\/04\/Hobelwerk_Fichte_Header_Teaser_v2.jpg 1500w, https:\/\/balteschwiler.ch\/wp-content\/uploads\/2023\/04\/Hobelwerk_Fichte_Header_Teaser_v2-300x162.jpg 300w, https:\/\/balteschwiler.ch\/wp-content\/uploads\/2023\/04\/Hobelwerk_Fichte_Header_Teaser_v2-1024x553.jpg 1024w, https:\/\/balteschwiler.ch\/wp-content\/uploads\/2023\/04\/Hobelwerk_Fichte_Header_Teaser_v2-768x415.jpg 768w\" sizes=\"auto, (max-width: 1500px) 100vw, 1500px\" \/><\/figure>\n\n\n\n<p class=\"team-space has-medium-font-size\">Vous \u00eates \u00e0 la recherche d&rsquo;une raboterie qui r\u00e9pond \u00e0 vos souhaits en mati\u00e8re de traitement et de finition de vos produits de rabotage? Vous avez besoin de produits de rabotage disponibles rapidement et livr\u00e9s de mani\u00e8re fiable avec une qualit\u00e9 constante? En tant que raboterie suisse de premier plan, nous vous proposons des solutions parfaitement adapt\u00e9es, tant en termes de qualit\u00e9 que de prix. Car votre satisfaction est pour nous le plus grand moteur de notre d\u00e9veloppement.<\/p>\n\n<\/div><\/div>\n\n<div class=\"gb-container gb-container-c1702dd7\"><div class=\"gb-inside-container\">\n\n<h2 class=\"wp-block-heading\">Production et finition des produits de rabotage \u00e0 Laufenburg (Suisse) <\/h2>\n\n\n\n<p class=\"has-medium-font-size\">Sur le site de Laufenburg, nous exploitons l&rsquo;une des usines de rabotage les plus riches en traditions, qui produit chaque ann\u00e9e plus de 800&rsquo;000 m<sup>2<\/sup> de produits de rabotage. Balteschwiler SA compte ainsi parmi les entreprises leaders du march\u00e9 suisse, et m\u00eame parmi les leaders du march\u00e9 europ\u00e9en pour les produits de rabotage avec traitement final en couleur.  <\/p>\n\n<\/div><\/div>\n\n<div class=\"gb-container gb-container-ff74ca42\"><div class=\"gb-inside-container\">\n\n<div class=\"wp-block-columns is-layout-flex wp-container-core-columns-is-layout-9d6595d7 wp-block-columns-is-layout-flex\">\n<div class=\"wp-block-column is-layout-flow wp-block-column-is-layout-flow\">\n<figure class=\"wp-block-image size-full\"><img loading=\"lazy\" decoding=\"async\" width=\"1000\" height=\"530\" src=\"https:\/\/balteschwiler.ch\/wp-content\/uploads\/2023\/04\/Hobelwerk_Veredelung_v2.jpg\" alt=\"\" class=\"wp-image-4609\" srcset=\"https:\/\/balteschwiler.ch\/wp-content\/uploads\/2023\/04\/Hobelwerk_Veredelung_v2.jpg 1000w, https:\/\/balteschwiler.ch\/wp-content\/uploads\/2023\/04\/Hobelwerk_Veredelung_v2-300x159.jpg 300w, https:\/\/balteschwiler.ch\/wp-content\/uploads\/2023\/04\/Hobelwerk_Veredelung_v2-768x407.jpg 768w\" sizes=\"auto, (max-width: 1000px) 100vw, 1000px\" \/><\/figure>\n<\/div>\n\n\n\n<div class=\"wp-block-column is-layout-flow wp-block-column-is-layout-flow\">\n<h3 class=\"gb-headline gb-headline-366183b7 gb-headline-text column-custom-margin column-custom-margin top-column-title-space no-bottom-space-holzbauprodukte\"><strong>Diversit\u00e9 des produits gr\u00e2ce \u00e0 des lignes de rabotage modernes<\/strong><\/h3>\n\n\n\n<p class=\"column-custom-margin font-size-small-custom column-custom-margin-right has-medium-font-size\">L&rsquo;infrastructure de notre raboterie comprend trois lignes de rabotage, chacune \u00e9quip\u00e9e de neuf arbres ou plus et de dispositifs de pon\u00e7age modernes. Nous sommes ainsi en mesure de produire une grande vari\u00e9t\u00e9 de surfaces pour la fabrication de lambris pour l&rsquo;int\u00e9rieur et de bardages pour les fa\u00e7ades : Du brut de sciage au bross\u00e9, en passant par la structure fine et le rabot\u00e9\/ponc\u00e9.<\/p>\n\n\n\n<p class=\"column-custom-margin font-size-small-custom column-custom-margin-right has-medium-font-size\">Notre syst\u00e8me interne de gestion de la qualit\u00e9 constitue la base d&rsquo;un tri et d&rsquo;un traitement durables et minutieux du bois &#8211; afin de toujours pouvoir vous fournir la meilleure qualit\u00e9 pour votre application.\r\n\r\n<\/p>\n<\/div>\n<\/div>\n\n\n\n<div class=\"wp-block-columns is-layout-flex wp-container-core-columns-is-layout-9d6595d7 wp-block-columns-is-layout-flex\">\n<div class=\"wp-block-column has-background is-layout-flow wp-block-column-is-layout-flow\" style=\"background-color:#d4cec2\">\n<h3 class=\"gb-headline gb-headline-5cfc019d gb-headline-text column-custom-margin column-custom-margin top-column-title-space no-bottom-space-holzbauprodukte\"><strong>Un traitement perfectionn\u00e9<\/strong><\/h3>\n\n\n\n<p class=\"column-custom-margin font-size-small-custom column-custom-margin-right has-medium-font-size\">De plus, nos installations industrielles modernes sont utilis\u00e9es pour la finition directe avec<a href=\"https:\/\/balteschwiler.ch\/fr\/usinage-du-bois\/traitement-de-surface\/\"> des produits de protection du bois et des traitements de surface color\u00e9s.<\/a> Sur trois lignes de rev\u00eatement, nous traitons aussi bien des syst\u00e8mes de couleurs \u00e0 l&rsquo;eau, hybrides ou \u00e0 l&rsquo;huile pour l&rsquo;application sur des produits en bois pour l&rsquo;int\u00e9rieur et l&rsquo;ext\u00e9rieur. De plus, avec notre soci\u00e9t\u00e9 s\u0153ur Saicos Color GmbH, sp\u00e9cialis\u00e9e dans la fabrication et la recherche de peintures pour bois, nous disposons du plus grand savoir-faire professionnel possible en interne. Que nous traitions votre bois rabot\u00e9 avec des produits Saicos tels que Polaris, Cristal-UV, Trend ou Reinweiss, ou que vous choisissiez la peinture pour bois d&rsquo;un autre fabricant de peinture, vous b\u00e9n\u00e9ficiez chez nous d&rsquo;une qualit\u00e9 de surface maximale.<\/p>\n<\/div>\n\n\n\n<div class=\"wp-block-column has-background is-layout-flow wp-block-column-is-layout-flow\" style=\"background-color:#d4cec2\">\n<figure class=\"wp-block-image size-full\"><img loading=\"lazy\" decoding=\"async\" width=\"1000\" height=\"530\" src=\"https:\/\/balteschwiler.ch\/wp-content\/uploads\/2023\/04\/Hobelwerk_Produktvielfalt_v2.jpg\" alt=\"\" class=\"wp-image-4612\" srcset=\"https:\/\/balteschwiler.ch\/wp-content\/uploads\/2023\/04\/Hobelwerk_Produktvielfalt_v2.jpg 1000w, https:\/\/balteschwiler.ch\/wp-content\/uploads\/2023\/04\/Hobelwerk_Produktvielfalt_v2-300x159.jpg 300w, https:\/\/balteschwiler.ch\/wp-content\/uploads\/2023\/04\/Hobelwerk_Produktvielfalt_v2-768x407.jpg 768w\" sizes=\"auto, (max-width: 1000px) 100vw, 1000px\" \/><\/figure>\n<\/div>\n<\/div>\n\n<\/div><\/div>\n\n<div class=\"gb-container gb-container-c28a7bf5 loadondesktop\"><div class=\"gb-inside-container\">\n\n<h2 class=\"wp-block-heading\">Des exigences de qualit\u00e9 tr\u00e8s \u00e9lev\u00e9es et une grande motivation<\/h2>\n\n\n\n<p class=\"has-medium-font-size\">Ce n&rsquo;est qu&rsquo;en combinant nos infrastructures modernes avec le soin apport\u00e9 aux d\u00e9tails par nos collaborateurs que nous parvenons \u00e0 faire ressortir tous les avantages des mat\u00e9riaux. L&rsquo;exigence constante de nos collaborateurs hautement qualifi\u00e9s et de longue date est de fabriquer des produits de rabotage de la meilleure qualit\u00e9 possible avec un rapport qualit\u00e9-prix optimis\u00e9. <\/p>\n\n\n\n<p class=\"has-medium-font-size\">Pour ce faire, ils respectent non seulement les standards suisses \u00e9lev\u00e9s, mais aussi les propres standards de Balteschwiler SA, qui vont au-del\u00e0. Manuel Lustenberger, responsable de la production, d\u00e9clare : \u00ab\u00a0Le bois est l&rsquo;un des mat\u00e9riaux les plus polyvalents au monde. Le travailler et l&rsquo;ennoblir selon les souhaits de nos clients est ma source d&rsquo;inspiration quotidienne\u00a0\u00bb.<\/p>\n\n<\/div><\/div>\n\n<div class=\"gb-container gb-container-397d2f18\"><div class=\"gb-inside-container\">\n\n<h2 class=\"wp-block-heading\">Notre raboterie correspond-elle \u00e0 votre projet?  <\/h2>\n\n\n\n<p class=\"has-medium-font-size\">Dans la raboterie de Balteschwiler SA \u00e0 Laufenburg, l&rsquo;amour du bois en tant que mati\u00e8re premi\u00e8re et la fiert\u00e9 du m\u00e9tier se conjuguent avec des installations de production modernes. Gr\u00e2ce \u00e0 des surfaces de stockage g\u00e9n\u00e9reuses, il y a toujours une grande disponibilit\u00e9 des produits et la possibilit\u00e9 de <a href=\"https:\/\/balteschwiler.ch\/fr\/usinage-du-bois\/just-in-time-lieferung\/\">livraison just-in-time.<\/a> Vous souhaitez vous aussi profiter de produits de rabotage d&rsquo;une tr\u00e8s grande qualit\u00e9 de bois et de surface ? Vous souhaitez en outre une livraison fiable et rapide ? N&rsquo;h\u00e9sitez pas \u00e0 nous contacter. <\/p>\n\n\n<div class=\"gb-button-wrapper gb-button-wrapper-6c9c6b5f\">\n\n<a class=\"gb-button gb-button-0b6f8297 gb-button-text button-border-none-vielfalt\" href=\"https:\/\/balteschwiler.ch\/fr\/entreprise\/fr-kontakt\/\">Contact<\/a>\n\n<\/div>\n<\/div><\/div>","protected":false},"excerpt":{"rendered":"<p>Vous \u00eates \u00e0 la recherche d&rsquo;une raboterie qui r\u00e9pond \u00e0 vos souhaits en mati\u00e8re de traitement et de finition de vos produits de rabotage? Vous avez besoin de produits de &#8230; <a title=\"Raboterie\" class=\"read-more\" href=\"https:\/\/balteschwiler.ch\/fr\/usinage-du-bois\/raboterie\/\" aria-label=\"En savoir plus sur Raboterie\">Mehr<\/a><\/p>\n","protected":false},"author":1,"featured_media":0,"parent":5417,"menu_order":0,"comment_status":"closed","ping_status":"closed","template":"","meta":{"_acf_changed":false,"inline_featured_image":false,"_uag_custom_page_level_css":"","footnotes":""},"class_list":["post-5454","page","type-page","status-publish"],"acf":[],"yoast_head":"<!-- This site is optimized with the Yoast SEO plugin v27.3 - https:\/\/yoast.com\/product\/yoast-seo-wordpress\/ -->\n<title>Raboterie Balteschwiler SA : des produits de rabotage de la plus haute qualit\u00e9<\/title>\n<meta name=\"description\" content=\"En tant que raboterie la plus exp\u00e9riment\u00e9e de Suisse, nous produisons et transformons une grande vari\u00e9t\u00e9 de produits de rabotage. En savoir plus sur nos services.\" \/>\n<meta name=\"robots\" content=\"index, follow, max-snippet:-1, max-image-preview:large, max-video-preview:-1\" \/>\n<link rel=\"canonical\" href=\"https:\/\/balteschwiler.ch\/fr\/usinage-du-bois\/raboterie\/\" \/>\n<meta property=\"og:locale\" content=\"fr_FR\" \/>\n<meta property=\"og:type\" content=\"article\" \/>\n<meta property=\"og:title\" content=\"Raboterie Balteschwiler SA : des produits de rabotage de la plus haute qualit\u00e9\" \/>\n<meta property=\"og:description\" content=\"En tant que raboterie la plus exp\u00e9riment\u00e9e de Suisse, nous produisons et transformons une grande vari\u00e9t\u00e9 de produits de rabotage. En savoir plus sur nos services.\" \/>\n<meta property=\"og:url\" content=\"https:\/\/balteschwiler.ch\/fr\/usinage-du-bois\/raboterie\/\" \/>\n<meta property=\"og:site_name\" content=\"Balteschwiler AG\" \/>\n<meta property=\"article:publisher\" content=\"https:\/\/www.facebook.com\/balteschwiler\" \/>\n<meta property=\"article:modified_time\" content=\"2023-08-17T14:57:33+00:00\" \/>\n<meta property=\"og:image\" content=\"https:\/\/balteschwiler.ch\/wp-content\/uploads\/2023\/04\/Hobelwerk_Fichte_Header_Teaser_v2.jpg\" \/>\n<meta name=\"twitter:card\" content=\"summary_large_image\" \/>\n<meta name=\"twitter:label1\" content=\"Dur\u00e9e de lecture estim\u00e9e\" \/>\n\t<meta name=\"twitter:data1\" content=\"5 minutes\" \/>\n<script type=\"application\/ld+json\" class=\"yoast-schema-graph\">{\"@context\":\"https:\\\/\\\/schema.org\",\"@graph\":[{\"@type\":\"WebPage\",\"@id\":\"https:\\\/\\\/balteschwiler.ch\\\/fr\\\/usinage-du-bois\\\/raboterie\\\/\",\"url\":\"https:\\\/\\\/balteschwiler.ch\\\/fr\\\/usinage-du-bois\\\/raboterie\\\/\",\"name\":\"Raboterie Balteschwiler SA : des produits de rabotage de la plus haute qualit\u00e9\",\"isPartOf\":{\"@id\":\"https:\\\/\\\/balteschwiler.ch\\\/#website\"},\"primaryImageOfPage\":{\"@id\":\"https:\\\/\\\/balteschwiler.ch\\\/fr\\\/usinage-du-bois\\\/raboterie\\\/#primaryimage\"},\"image\":{\"@id\":\"https:\\\/\\\/balteschwiler.ch\\\/fr\\\/usinage-du-bois\\\/raboterie\\\/#primaryimage\"},\"thumbnailUrl\":\"https:\\\/\\\/balteschwiler.ch\\\/wp-content\\\/uploads\\\/2023\\\/04\\\/Hobelwerk_Fichte_Header_Teaser_v2.jpg\",\"datePublished\":\"2022-09-15T07:41:00+00:00\",\"dateModified\":\"2023-08-17T14:57:33+00:00\",\"description\":\"En tant que raboterie la plus exp\u00e9riment\u00e9e de Suisse, nous produisons et transformons une grande vari\u00e9t\u00e9 de produits de rabotage. En savoir plus sur nos services.\",\"breadcrumb\":{\"@id\":\"https:\\\/\\\/balteschwiler.ch\\\/fr\\\/usinage-du-bois\\\/raboterie\\\/#breadcrumb\"},\"inLanguage\":\"fr-FR\",\"potentialAction\":[{\"@type\":\"ReadAction\",\"target\":[\"https:\\\/\\\/balteschwiler.ch\\\/fr\\\/usinage-du-bois\\\/raboterie\\\/\"]}]},{\"@type\":\"ImageObject\",\"inLanguage\":\"fr-FR\",\"@id\":\"https:\\\/\\\/balteschwiler.ch\\\/fr\\\/usinage-du-bois\\\/raboterie\\\/#primaryimage\",\"url\":\"https:\\\/\\\/balteschwiler.ch\\\/wp-content\\\/uploads\\\/2023\\\/04\\\/Hobelwerk_Fichte_Header_Teaser_v2.jpg\",\"contentUrl\":\"https:\\\/\\\/balteschwiler.ch\\\/wp-content\\\/uploads\\\/2023\\\/04\\\/Hobelwerk_Fichte_Header_Teaser_v2.jpg\"},{\"@type\":\"BreadcrumbList\",\"@id\":\"https:\\\/\\\/balteschwiler.ch\\\/fr\\\/usinage-du-bois\\\/raboterie\\\/#breadcrumb\",\"itemListElement\":[{\"@type\":\"ListItem\",\"position\":1,\"name\":\"Usinage du bois\",\"item\":\"https:\\\/\\\/balteschwiler.ch\\\/fr\\\/usinage-du-bois\\\/\"},{\"@type\":\"ListItem\",\"position\":2,\"name\":\"Raboterie\"}]},{\"@type\":\"WebSite\",\"@id\":\"https:\\\/\\\/balteschwiler.ch\\\/#website\",\"url\":\"https:\\\/\\\/balteschwiler.ch\\\/\",\"name\":\"Balteschwiler AG\",\"description\":\"\",\"publisher\":{\"@id\":\"https:\\\/\\\/balteschwiler.ch\\\/#organization\"},\"potentialAction\":[{\"@type\":\"SearchAction\",\"target\":{\"@type\":\"EntryPoint\",\"urlTemplate\":\"https:\\\/\\\/balteschwiler.ch\\\/?s={search_term_string}\"},\"query-input\":{\"@type\":\"PropertyValueSpecification\",\"valueRequired\":true,\"valueName\":\"search_term_string\"}}],\"inLanguage\":\"fr-FR\"},{\"@type\":\"Organization\",\"@id\":\"https:\\\/\\\/balteschwiler.ch\\\/#organization\",\"name\":\"Balteschwiler AG\",\"url\":\"https:\\\/\\\/balteschwiler.ch\\\/\",\"logo\":{\"@type\":\"ImageObject\",\"inLanguage\":\"fr-FR\",\"@id\":\"https:\\\/\\\/balteschwiler.ch\\\/#\\\/schema\\\/logo\\\/image\\\/\",\"url\":\"https:\\\/\\\/balteschwiler.ch\\\/wp-content\\\/uploads\\\/2022\\\/09\\\/rz_BAL_Logo_d_rgb.png\",\"contentUrl\":\"https:\\\/\\\/balteschwiler.ch\\\/wp-content\\\/uploads\\\/2022\\\/09\\\/rz_BAL_Logo_d_rgb.png\",\"width\":1182,\"height\":224,\"caption\":\"Balteschwiler AG\"},\"image\":{\"@id\":\"https:\\\/\\\/balteschwiler.ch\\\/#\\\/schema\\\/logo\\\/image\\\/\"},\"sameAs\":[\"https:\\\/\\\/www.facebook.com\\\/balteschwiler\"]}]}<\/script>\n<!-- \/ Yoast SEO plugin. -->","yoast_head_json":{"title":"Raboterie Balteschwiler SA : des produits de rabotage de la plus haute qualit\u00e9","description":"En tant que raboterie la plus exp\u00e9riment\u00e9e de Suisse, nous produisons et transformons une grande vari\u00e9t\u00e9 de produits de rabotage. En savoir plus sur nos services.","robots":{"index":"index","follow":"follow","max-snippet":"max-snippet:-1","max-image-preview":"max-image-preview:large","max-video-preview":"max-video-preview:-1"},"canonical":"https:\/\/balteschwiler.ch\/fr\/usinage-du-bois\/raboterie\/","og_locale":"fr_FR","og_type":"article","og_title":"Raboterie Balteschwiler SA : des produits de rabotage de la plus haute qualit\u00e9","og_description":"En tant que raboterie la plus exp\u00e9riment\u00e9e de Suisse, nous produisons et transformons une grande vari\u00e9t\u00e9 de produits de rabotage. En savoir plus sur nos services.","og_url":"https:\/\/balteschwiler.ch\/fr\/usinage-du-bois\/raboterie\/","og_site_name":"Balteschwiler AG","article_publisher":"https:\/\/www.facebook.com\/balteschwiler","article_modified_time":"2023-08-17T14:57:33+00:00","og_image":[{"url":"https:\/\/balteschwiler.ch\/wp-content\/uploads\/2023\/04\/Hobelwerk_Fichte_Header_Teaser_v2.jpg","type":"","width":"","height":""}],"twitter_card":"summary_large_image","twitter_misc":{"Dur\u00e9e de lecture estim\u00e9e":"5 minutes"},"schema":{"@context":"https:\/\/schema.org","@graph":[{"@type":"WebPage","@id":"https:\/\/balteschwiler.ch\/fr\/usinage-du-bois\/raboterie\/","url":"https:\/\/balteschwiler.ch\/fr\/usinage-du-bois\/raboterie\/","name":"Raboterie Balteschwiler SA : des produits de rabotage de la plus haute qualit\u00e9","isPartOf":{"@id":"https:\/\/balteschwiler.ch\/#website"},"primaryImageOfPage":{"@id":"https:\/\/balteschwiler.ch\/fr\/usinage-du-bois\/raboterie\/#primaryimage"},"image":{"@id":"https:\/\/balteschwiler.ch\/fr\/usinage-du-bois\/raboterie\/#primaryimage"},"thumbnailUrl":"https:\/\/balteschwiler.ch\/wp-content\/uploads\/2023\/04\/Hobelwerk_Fichte_Header_Teaser_v2.jpg","datePublished":"2022-09-15T07:41:00+00:00","dateModified":"2023-08-17T14:57:33+00:00","description":"En tant que raboterie la plus exp\u00e9riment\u00e9e de Suisse, nous produisons et transformons une grande vari\u00e9t\u00e9 de produits de rabotage. En savoir plus sur nos services.","breadcrumb":{"@id":"https:\/\/balteschwiler.ch\/fr\/usinage-du-bois\/raboterie\/#breadcrumb"},"inLanguage":"fr-FR","potentialAction":[{"@type":"ReadAction","target":["https:\/\/balteschwiler.ch\/fr\/usinage-du-bois\/raboterie\/"]}]},{"@type":"ImageObject","inLanguage":"fr-FR","@id":"https:\/\/balteschwiler.ch\/fr\/usinage-du-bois\/raboterie\/#primaryimage","url":"https:\/\/balteschwiler.ch\/wp-content\/uploads\/2023\/04\/Hobelwerk_Fichte_Header_Teaser_v2.jpg","contentUrl":"https:\/\/balteschwiler.ch\/wp-content\/uploads\/2023\/04\/Hobelwerk_Fichte_Header_Teaser_v2.jpg"},{"@type":"BreadcrumbList","@id":"https:\/\/balteschwiler.ch\/fr\/usinage-du-bois\/raboterie\/#breadcrumb","itemListElement":[{"@type":"ListItem","position":1,"name":"Usinage du bois","item":"https:\/\/balteschwiler.ch\/fr\/usinage-du-bois\/"},{"@type":"ListItem","position":2,"name":"Raboterie"}]},{"@type":"WebSite","@id":"https:\/\/balteschwiler.ch\/#website","url":"https:\/\/balteschwiler.ch\/","name":"Balteschwiler AG","description":"","publisher":{"@id":"https:\/\/balteschwiler.ch\/#organization"},"potentialAction":[{"@type":"SearchAction","target":{"@type":"EntryPoint","urlTemplate":"https:\/\/balteschwiler.ch\/?s={search_term_string}"},"query-input":{"@type":"PropertyValueSpecification","valueRequired":true,"valueName":"search_term_string"}}],"inLanguage":"fr-FR"},{"@type":"Organization","@id":"https:\/\/balteschwiler.ch\/#organization","name":"Balteschwiler AG","url":"https:\/\/balteschwiler.ch\/","logo":{"@type":"ImageObject","inLanguage":"fr-FR","@id":"https:\/\/balteschwiler.ch\/#\/schema\/logo\/image\/","url":"https:\/\/balteschwiler.ch\/wp-content\/uploads\/2022\/09\/rz_BAL_Logo_d_rgb.png","contentUrl":"https:\/\/balteschwiler.ch\/wp-content\/uploads\/2022\/09\/rz_BAL_Logo_d_rgb.png","width":1182,"height":224,"caption":"Balteschwiler AG"},"image":{"@id":"https:\/\/balteschwiler.ch\/#\/schema\/logo\/image\/"},"sameAs":["https:\/\/www.facebook.com\/balteschwiler"]}]}},"uagb_featured_image_src":{"full":false,"thumbnail":false,"medium":false,"medium_large":false,"large":false,"1536x1536":false,"2048x2048":false,"gform-image-choice-sm":false,"gform-image-choice-md":false,"gform-image-choice-lg":false},"uagb_author_info":{"display_name":"Michael Sutter","author_link":"https:\/\/balteschwiler.ch\/fr\/author\/m-hoernlimannmichaelh-ch\/"},"uagb_comment_info":0,"uagb_excerpt":"Vous \u00eates \u00e0 la recherche d&rsquo;une raboterie qui r\u00e9pond \u00e0 vos souhaits en mati\u00e8re de traitement et de finition de vos produits de rabotage? Vous avez besoin de produits de ... Mehr","_links":{"self":[{"href":"https:\/\/balteschwiler.ch\/fr\/wp-json\/wp\/v2\/pages\/5454","targetHints":{"allow":["GET"]}}],"collection":[{"href":"https:\/\/balteschwiler.ch\/fr\/wp-json\/wp\/v2\/pages"}],"about":[{"href":"https:\/\/balteschwiler.ch\/fr\/wp-json\/wp\/v2\/types\/page"}],"author":[{"embeddable":true,"href":"https:\/\/balteschwiler.ch\/fr\/wp-json\/wp\/v2\/users\/1"}],"replies":[{"embeddable":true,"href":"https:\/\/balteschwiler.ch\/fr\/wp-json\/wp\/v2\/comments?post=5454"}],"version-history":[{"count":8,"href":"https:\/\/balteschwiler.ch\/fr\/wp-json\/wp\/v2\/pages\/5454\/revisions"}],"predecessor-version":[{"id":7455,"href":"https:\/\/balteschwiler.ch\/fr\/wp-json\/wp\/v2\/pages\/5454\/revisions\/7455"}],"up":[{"embeddable":true,"href":"https:\/\/balteschwiler.ch\/fr\/wp-json\/wp\/v2\/pages\/5417"}],"wp:attachment":[{"href":"https:\/\/balteschwiler.ch\/fr\/wp-json\/wp\/v2\/media?parent=5454"}],"curies":[{"name":"wp","href":"https:\/\/api.w.org\/{rel}","templated":true}]}}