{"id":5469,"date":"2022-10-06T15:18:11","date_gmt":"2022-10-06T13:18:11","guid":{"rendered":"https:\/\/balteschwiler.ch\/produits-de-construction-en-bois\/systemes-de-facades-en-bois\/systemes-de-facades-en-bois\/"},"modified":"2023-12-12T14:16:25","modified_gmt":"2023-12-12T13:16:25","slug":"systemes-de-facades-en-bois","status":"publish","type":"page","link":"https:\/\/balteschwiler.ch\/fr\/produits-de-construction-en-bois\/systemes-de-facades-en-bois\/systemes-de-facades-en-bois\/","title":{"rendered":"Syst\u00e8mes de fa\u00e7ades en bois"},"content":{"rendered":"<div class=\"gb-container gb-container-6ec57639 loadondesktop keyvisual-fassadensysteme-holz\"><div class=\"gb-inside-container\">\n<div class=\"gb-grid-wrapper gb-grid-wrapper-d212ffc2\">\n<div class=\"gb-grid-column gb-grid-column-6290146c\"><div class=\"gb-container gb-container-6290146c\"><div class=\"gb-inside-container\">\n\n<h2 class=\"gb-headline gb-headline-ae3932be gb-headline-text\">Syst\u00e8mes de fa\u00e7ades en bois<\/h2>\n\n<\/div><\/div><\/div>\n<\/div>\n<\/div><\/div>\n\n<div class=\"gb-container gb-container-296cc19d loadonmobile\"><div class=\"gb-inside-container\">\n\n<h1 class=\"wp-block-heading\">Syst\u00e8mes de fa\u00e7ades en bois<\/h1>\n\n\n\n<figure class=\"wp-block-image alignfull size-full\"><img loading=\"lazy\" decoding=\"async\" width=\"1500\" height=\"769\" src=\"https:\/\/balteschwiler.ch\/wp-content\/uploads\/2023\/04\/Fassadensysteme_Holz_Header_Teaser_v2.jpg\" alt=\"Syst\u00e8mes de fa\u00e7ades bois\" class=\"wp-image-4664\" srcset=\"https:\/\/balteschwiler.ch\/wp-content\/uploads\/2023\/04\/Fassadensysteme_Holz_Header_Teaser_v2.jpg 1500w, https:\/\/balteschwiler.ch\/wp-content\/uploads\/2023\/04\/Fassadensysteme_Holz_Header_Teaser_v2-300x154.jpg 300w, https:\/\/balteschwiler.ch\/wp-content\/uploads\/2023\/04\/Fassadensysteme_Holz_Header_Teaser_v2-1024x525.jpg 1024w, https:\/\/balteschwiler.ch\/wp-content\/uploads\/2023\/04\/Fassadensysteme_Holz_Header_Teaser_v2-768x394.jpg 768w\" sizes=\"auto, (max-width: 1500px) 100vw, 1500px\" \/><\/figure>\n\n<\/div><\/div>\n\n<div class=\"gb-container gb-container-ce06048c\"><div class=\"gb-inside-container\">\n\n<p class=\"intro-text has-medium-font-size\">Le caract\u00e8re naturel des syst\u00e8mes de fa\u00e7ades en bois vous convainc? Balteschwiler SA propose une grande vari\u00e9t\u00e9 de bardages en bois et de panneaux de fa\u00e7ade, ainsi que des traitements de surface appropri\u00e9s pour ces derniers. Apprenez-en plus sur notre assortiment ici. <\/p>\n\n\n<div class=\"gb-button-wrapper gb-button-wrapper-29e3d1bf column-custom-margin\">\n\n<a class=\"gb-button gb-button-5271d03d gb-button-text smooth-scroll button-border-none\" href=\"https:\/\/balteschwiler.ch\/wp-content\/uploads\/2023\/07\/bal-Fassaden-bestseller-2026-interaktiv-fr.pdf\" target=\"_blank\" rel=\"noopener noreferrer\">Liste de prix et brochure <br>syst\u00e8mes de fa\u00e7ades<\/a>\n\n<\/div>\n<\/div><\/div>\n\n<div class=\"gb-container gb-container-30a012d6 custom-container-gelb\"><div class=\"gb-inside-container\">\n\n<h2 class=\"wp-block-heading\">Syst\u00e8mes de fa\u00e7ade \u00e0 Balteschwiler<\/h2>\n\n\n\n<p class=\"has-medium-font-size\">Nos syst\u00e8mes de fa\u00e7ade se distinguent par une tr\u00e8s haute qualit\u00e9. Jusqu&rsquo;au bardage final dont la surface a \u00e9t\u00e9 trait\u00e9e, les fa\u00e7ades sont soumises \u00e0 un syst\u00e8me de gestion de la qualit\u00e9 lors de la fabrication, avec au moins cinq points de contr\u00f4le et de tri. Nous vous proposons diff\u00e9rentes surfaces et diff\u00e9rents profils. Vous avez le choix entre des surfaces brutes de sciage, bross\u00e9es, \u00e0 structure fine ou rabot\u00e9es\/ponc\u00e9es, ainsi qu&rsquo;entre diff\u00e9rents profils tels que Rhombo, rainure visible arrondie, bardage \u00e0 clin, rainure altern\u00e9e ou rainure large. Ainsi, et gr\u00e2ce aux nombreuses possibilit\u00e9s de <a href=\"https:\/\/balteschwiler.ch\/fr\/usinage-du-bois\/traitement-de-surface\/\">traitement de surface<\/a> \u2013 vous obtenez exactement le bois de fa\u00e7ade que vous souhaitez pour votre projet de construction.<\/p>\n\n<\/div><\/div>\n\n<div class=\"gb-container gb-container-ff74ca42\"><div class=\"gb-inside-container\">\n\n<div class=\"wp-block-columns is-layout-flex wp-container-core-columns-is-layout-9d6595d7 wp-block-columns-is-layout-flex\">\n<div class=\"wp-block-column is-layout-flow wp-block-column-is-layout-flow\">\n<figure class=\"wp-block-image size-full\"><img loading=\"lazy\" decoding=\"async\" width=\"700\" height=\"467\" src=\"https:\/\/balteschwiler.ch\/wp-content\/uploads\/2023\/04\/Fassade_Doppelturnhalle_Steinmaur.jpg\" alt=\"\" class=\"wp-image-5940\" srcset=\"https:\/\/balteschwiler.ch\/wp-content\/uploads\/2023\/04\/Fassade_Doppelturnhalle_Steinmaur.jpg 700w, https:\/\/balteschwiler.ch\/wp-content\/uploads\/2023\/04\/Fassade_Doppelturnhalle_Steinmaur-300x200.jpg 300w\" sizes=\"auto, (max-width: 700px) 100vw, 700px\" \/><\/figure>\n<\/div>\n\n\n\n<div class=\"wp-block-column is-layout-flow wp-block-column-is-layout-flow\">\n<h3 class=\"wp-block-heading column-custom-margin top-column-title-space no-bottom-space-holzbauprodukte\">Profils de fa\u00e7ade en bois<\/h3>\n\n\n\n<p class=\"column-custom-margin font-size-small-custom column-custom-margin-right no-margin-bottom has-medium-font-size\">Notre assortiment de bardages de fa\u00e7ade comprend diff\u00e9rentes essences de bois. Dans notre boutique, vous trouverez entre autres des bois suisses, comme:<\/p>\n\n\n\n<ul class=\"column-custom-margin font-size-small-custom wp-block-list\">\n<li>Sapin blanc (Label Bois Suisse)<\/li>\n\n\n\n<li>\u00c9pic\u00e9a, m\u00e9l\u00e8ze, douglas (Label Bois Suisse, approvisionnement sp\u00e9cifique au projet)<\/li>\n<\/ul>\n\n\n\n<p class=\"column-custom-margin font-size-small-custom column-custom-margin-right no-margin-bottom has-medium-font-size\">Bois indig\u00e8nes, comme: <\/p>\n\n\n\n<ul class=\"column-custom-margin font-size-small-custom wp-block-list\">\n<li>M\u00e9l\u00e8ze<\/li>\n\n\n\n<li>Sapin de Douglas <\/li>\n<\/ul>\n\n\n\n<p class=\"column-custom-margin font-size-small-custom column-custom-margin-right no-margin-bottom has-medium-font-size\">Mais aussi des bois d&rsquo;origine certifi\u00e9e, comme:<\/p>\n\n\n\n<ul class=\"column-custom-margin font-size-small-custom wp-block-list\">\n<li>\u00c9pic\u00e9a nordique<\/li>\n\n\n\n<li>C\u00e8dre rouge occidental<\/li>\n\n\n\n<li>Pin thermo-trait\u00e9 &amp; \u00e9pic\u00e9a thermo-trait\u00e9<\/li>\n\n\n\n<li>Kebony Clear &amp; Character<\/li>\n<\/ul>\n<\/div>\n<\/div>\n\n\n\n<div class=\"wp-block-columns is-layout-flex wp-container-core-columns-is-layout-9d6595d7 wp-block-columns-is-layout-flex\">\n<div class=\"wp-block-column has-background is-layout-flow wp-block-column-is-layout-flow\" style=\"background-color:#dfdab2\">\n<h3 class=\"gb-headline gb-headline-5cfc019d gb-headline-text column-custom-margin column-custom-margin top-column-title-space no-bottom-space-holzbauprodukte\"><strong>Panneaux de fa\u00e7ade<\/strong><\/h3>\n\n\n\n<p class=\"column-custom-margin font-size-small-custom column-custom-margin-right has-medium-font-size\">Vous pr\u00e9f\u00e9rez travailler avec des panneaux de fa\u00e7ade? Vous trouverez dans notre assortiment des panneaux HPL \u00e0 \u00e2me pleine ainsi que des panneaux de fa\u00e7ade de Kronoart.<\/p>\n<\/div>\n\n\n\n<div class=\"wp-block-column has-background is-layout-flow wp-block-column-is-layout-flow\" style=\"background-color:#dfdab2\">\n<figure class=\"wp-block-image size-full\"><img loading=\"lazy\" decoding=\"async\" width=\"700\" height=\"467\" src=\"https:\/\/balteschwiler.ch\/wp-content\/uploads\/2023\/04\/Fassadenplatten_Holz_Teaser_v2.jpg\" alt=\"\" class=\"wp-image-4667\" srcset=\"https:\/\/balteschwiler.ch\/wp-content\/uploads\/2023\/04\/Fassadenplatten_Holz_Teaser_v2.jpg 700w, https:\/\/balteschwiler.ch\/wp-content\/uploads\/2023\/04\/Fassadenplatten_Holz_Teaser_v2-300x200.jpg 300w\" sizes=\"auto, (max-width: 700px) 100vw, 700px\" \/><\/figure>\n<\/div>\n<\/div>\n\n\n\n<div class=\"wp-block-columns is-layout-flex wp-container-core-columns-is-layout-9d6595d7 wp-block-columns-is-layout-flex\">\n<div class=\"wp-block-column has-background is-layout-flow wp-block-column-is-layout-flow\" style=\"background-color:#f6f4e8\">\n<figure class=\"wp-block-image size-full\"><img loading=\"lazy\" decoding=\"async\" width=\"700\" height=\"467\" src=\"https:\/\/balteschwiler.ch\/wp-content\/uploads\/2023\/04\/Fassade_Tiga_Kebony.jpg\" alt=\"\" class=\"wp-image-5935\" srcset=\"https:\/\/balteschwiler.ch\/wp-content\/uploads\/2023\/04\/Fassade_Tiga_Kebony.jpg 700w, https:\/\/balteschwiler.ch\/wp-content\/uploads\/2023\/04\/Fassade_Tiga_Kebony-300x200.jpg 300w\" sizes=\"auto, (max-width: 700px) 100vw, 700px\" \/><\/figure>\n<\/div>\n\n\n\n<div class=\"wp-block-column has-background is-layout-flow wp-block-column-is-layout-flow\" style=\"background-color:#f6f4e8\">\n<h3 class=\"gb-headline gb-headline-29f6e922 gb-headline-text column-custom-margin column-custom-margin top-column-title-space no-bottom-space-holzbauprodukte\"><strong>Un montage \u00e9conomique gr\u00e2ce au syst\u00e8me <\/strong><\/h3>\n\n\n\n<p class=\"column-custom-margin font-size-small-custom column-custom-margin-right has-medium-font-size\">Gr\u00e2ce \u00e0 la grande pr\u00e9cision de la fabrication des \u00e9l\u00e9ments de fa\u00e7ade, associ\u00e9e au connecteur de fa\u00e7ade brevet\u00e9 TIGA, le montage de nos syst\u00e8mes de fa\u00e7ade est rapide et simple. Gr\u00e2ce au montage invisible avec TIGA, la surface de la fa\u00e7ade reste intacte et est ainsi encore mieux prot\u00e9g\u00e9e contre les intemp\u00e9ries. Et m\u00eame pour une fixation visible et viss\u00e9e, vous pouvez vous procurer les moyens de fixation ainsi que l&rsquo;isolation et le l\u00e9 de fa\u00e7ade, etc. aupr\u00e8s de Balteschwiler SA. Retrouvez tout notre mat\u00e9riel d&rsquo;ossature et d&rsquo;accessoires dans notre boutique en ligne.<\/p>\n<\/div>\n<\/div>\n\n<\/div><\/div>\n\n<div class=\"gb-container gb-container-0f7de636\"><div class=\"gb-inside-container\">\n\n<h2 class=\"wp-block-heading\">Vous souhaitez d&rsquo;autres services pour les syst\u00e8mes de fa\u00e7ade en bois?<\/h2>\n\n\n\n<p class=\"has-medium-font-size\">Vous avez besoin de conseils pour choisir votre fa\u00e7ade en bois? Vous souhaitez un bardage de fa\u00e7ade fabriqu\u00e9 et trait\u00e9 de mani\u00e8re individuelle ou vous souhaitez profiter de notre <a href=\"https:\/\/balteschwiler.ch\/fr\/usinage-du-bois\/just-in-time-lieferung\/\">livraison juste-\u00e0-temps<\/a>? Prenez contact avec nous et nous vous accompagnerons volontiers du premier entretien jusqu&rsquo;\u00e0 la fa\u00e7ade termin\u00e9e.<\/p>\n\n\n<div class=\"gb-button-wrapper gb-button-wrapper-f593acea\">\n\n<a class=\"gb-button gb-button-fcec3e87 gb-button-text button-border-none\" href=\"https:\/\/balteschwiler.ch\/fr\/entreprise\/fr-kontakt\/\">Contact<\/a>\n\n<\/div>\n<\/div><\/div>","protected":false},"excerpt":{"rendered":"<p>Syst\u00e8mes de fa\u00e7ades en bois Le caract\u00e8re naturel des syst\u00e8mes de fa\u00e7ades en bois vous convainc? Balteschwiler SA propose une grande vari\u00e9t\u00e9 de bardages en bois et de panneaux de &#8230; <a title=\"Syst\u00e8mes de fa\u00e7ades en bois\" class=\"read-more\" href=\"https:\/\/balteschwiler.ch\/fr\/produits-de-construction-en-bois\/systemes-de-facades-en-bois\/systemes-de-facades-en-bois\/\" aria-label=\"En savoir plus sur Syst\u00e8mes de fa\u00e7ades en bois\">Mehr<\/a><\/p>\n","protected":false},"author":1,"featured_media":0,"parent":5467,"menu_order":0,"comment_status":"closed","ping_status":"closed","template":"","meta":{"_acf_changed":false,"inline_featured_image":false,"_uag_custom_page_level_css":"","footnotes":""},"class_list":["post-5469","page","type-page","status-publish"],"acf":[],"yoast_head":"<!-- This site is optimized with the Yoast SEO plugin v27.5 - https:\/\/yoast.com\/product\/yoast-seo-wordpress\/ -->\n<title>Syst\u00e8mes de fa\u00e7ades en bois: Tout d\u2019un seul tenant chez Balteschwiler SA<\/title>\n<meta name=\"description\" content=\"Nos syst\u00e8mes de fa\u00e7ade durables sont faciles \u00e0 installer et offrent la plus grande diversit\u00e9 visuelle. Tout savoir sur les bardages de fa\u00e7ade.\" \/>\n<meta name=\"robots\" content=\"index, follow, max-snippet:-1, max-image-preview:large, max-video-preview:-1\" \/>\n<link rel=\"canonical\" href=\"https:\/\/balteschwiler.ch\/fr\/produits-de-construction-en-bois\/systemes-de-facades-en-bois\/systemes-de-facades-en-bois\/\" \/>\n<meta property=\"og:locale\" content=\"fr_FR\" \/>\n<meta property=\"og:type\" content=\"article\" \/>\n<meta property=\"og:title\" content=\"Syst\u00e8mes de fa\u00e7ades en bois: Tout d\u2019un seul tenant chez Balteschwiler SA\" \/>\n<meta property=\"og:description\" content=\"Nos syst\u00e8mes de fa\u00e7ade durables sont faciles \u00e0 installer et offrent la plus grande diversit\u00e9 visuelle. Tout savoir sur les bardages de fa\u00e7ade.\" \/>\n<meta property=\"og:url\" content=\"https:\/\/balteschwiler.ch\/fr\/produits-de-construction-en-bois\/systemes-de-facades-en-bois\/systemes-de-facades-en-bois\/\" \/>\n<meta property=\"og:site_name\" content=\"Balteschwiler AG\" \/>\n<meta property=\"article:publisher\" content=\"https:\/\/www.facebook.com\/balteschwiler\" \/>\n<meta property=\"article:modified_time\" content=\"2023-12-12T13:16:25+00:00\" \/>\n<meta property=\"og:image\" content=\"https:\/\/balteschwiler.ch\/wp-content\/uploads\/2023\/04\/Fassadensysteme_Holz_Header_Teaser_v2.jpg\" \/>\n<meta name=\"twitter:card\" content=\"summary_large_image\" \/>\n<meta name=\"twitter:label1\" content=\"Dur\u00e9e de lecture estim\u00e9e\" \/>\n\t<meta name=\"twitter:data1\" content=\"4 minutes\" \/>\n<script type=\"application\/ld+json\" class=\"yoast-schema-graph\">{\"@context\":\"https:\\\/\\\/schema.org\",\"@graph\":[{\"@type\":\"WebPage\",\"@id\":\"https:\\\/\\\/balteschwiler.ch\\\/fr\\\/produits-de-construction-en-bois\\\/systemes-de-facades-en-bois\\\/systemes-de-facades-en-bois\\\/\",\"url\":\"https:\\\/\\\/balteschwiler.ch\\\/fr\\\/produits-de-construction-en-bois\\\/systemes-de-facades-en-bois\\\/systemes-de-facades-en-bois\\\/\",\"name\":\"Syst\u00e8mes de fa\u00e7ades en bois: Tout d\u2019un seul tenant chez Balteschwiler SA\",\"isPartOf\":{\"@id\":\"https:\\\/\\\/balteschwiler.ch\\\/#website\"},\"primaryImageOfPage\":{\"@id\":\"https:\\\/\\\/balteschwiler.ch\\\/fr\\\/produits-de-construction-en-bois\\\/systemes-de-facades-en-bois\\\/systemes-de-facades-en-bois\\\/#primaryimage\"},\"image\":{\"@id\":\"https:\\\/\\\/balteschwiler.ch\\\/fr\\\/produits-de-construction-en-bois\\\/systemes-de-facades-en-bois\\\/systemes-de-facades-en-bois\\\/#primaryimage\"},\"thumbnailUrl\":\"https:\\\/\\\/balteschwiler.ch\\\/wp-content\\\/uploads\\\/2023\\\/04\\\/Fassadensysteme_Holz_Header_Teaser_v2.jpg\",\"datePublished\":\"2022-10-06T13:18:11+00:00\",\"dateModified\":\"2023-12-12T13:16:25+00:00\",\"description\":\"Nos syst\u00e8mes de fa\u00e7ade durables sont faciles \u00e0 installer et offrent la plus grande diversit\u00e9 visuelle. Tout savoir sur les bardages de fa\u00e7ade.\",\"breadcrumb\":{\"@id\":\"https:\\\/\\\/balteschwiler.ch\\\/fr\\\/produits-de-construction-en-bois\\\/systemes-de-facades-en-bois\\\/systemes-de-facades-en-bois\\\/#breadcrumb\"},\"inLanguage\":\"fr-FR\",\"potentialAction\":[{\"@type\":\"ReadAction\",\"target\":[\"https:\\\/\\\/balteschwiler.ch\\\/fr\\\/produits-de-construction-en-bois\\\/systemes-de-facades-en-bois\\\/systemes-de-facades-en-bois\\\/\"]}]},{\"@type\":\"ImageObject\",\"inLanguage\":\"fr-FR\",\"@id\":\"https:\\\/\\\/balteschwiler.ch\\\/fr\\\/produits-de-construction-en-bois\\\/systemes-de-facades-en-bois\\\/systemes-de-facades-en-bois\\\/#primaryimage\",\"url\":\"https:\\\/\\\/balteschwiler.ch\\\/wp-content\\\/uploads\\\/2023\\\/04\\\/Fassadensysteme_Holz_Header_Teaser_v2.jpg\",\"contentUrl\":\"https:\\\/\\\/balteschwiler.ch\\\/wp-content\\\/uploads\\\/2023\\\/04\\\/Fassadensysteme_Holz_Header_Teaser_v2.jpg\"},{\"@type\":\"BreadcrumbList\",\"@id\":\"https:\\\/\\\/balteschwiler.ch\\\/fr\\\/produits-de-construction-en-bois\\\/systemes-de-facades-en-bois\\\/systemes-de-facades-en-bois\\\/#breadcrumb\",\"itemListElement\":[{\"@type\":\"ListItem\",\"position\":1,\"name\":\"Produits de construction en bois\",\"item\":\"https:\\\/\\\/balteschwiler.ch\\\/fr\\\/produits-de-construction-en-bois\\\/\"},{\"@type\":\"ListItem\",\"position\":2,\"name\":\"Syst\u00e8mes de fa\u00e7ades en bois\",\"item\":\"https:\\\/\\\/balteschwiler.ch\\\/fr\\\/produits-de-construction-en-bois\\\/systemes-de-facades-en-bois\\\/\"},{\"@type\":\"ListItem\",\"position\":3,\"name\":\"Syst\u00e8mes de fa\u00e7ades en bois\"}]},{\"@type\":\"WebSite\",\"@id\":\"https:\\\/\\\/balteschwiler.ch\\\/#website\",\"url\":\"https:\\\/\\\/balteschwiler.ch\\\/\",\"name\":\"Balteschwiler AG\",\"description\":\"\",\"publisher\":{\"@id\":\"https:\\\/\\\/balteschwiler.ch\\\/#organization\"},\"potentialAction\":[{\"@type\":\"SearchAction\",\"target\":{\"@type\":\"EntryPoint\",\"urlTemplate\":\"https:\\\/\\\/balteschwiler.ch\\\/?s={search_term_string}\"},\"query-input\":{\"@type\":\"PropertyValueSpecification\",\"valueRequired\":true,\"valueName\":\"search_term_string\"}}],\"inLanguage\":\"fr-FR\"},{\"@type\":\"Organization\",\"@id\":\"https:\\\/\\\/balteschwiler.ch\\\/#organization\",\"name\":\"Balteschwiler AG\",\"url\":\"https:\\\/\\\/balteschwiler.ch\\\/\",\"logo\":{\"@type\":\"ImageObject\",\"inLanguage\":\"fr-FR\",\"@id\":\"https:\\\/\\\/balteschwiler.ch\\\/#\\\/schema\\\/logo\\\/image\\\/\",\"url\":\"https:\\\/\\\/balteschwiler.ch\\\/wp-content\\\/uploads\\\/2022\\\/09\\\/rz_BAL_Logo_d_rgb.png\",\"contentUrl\":\"https:\\\/\\\/balteschwiler.ch\\\/wp-content\\\/uploads\\\/2022\\\/09\\\/rz_BAL_Logo_d_rgb.png\",\"width\":1182,\"height\":224,\"caption\":\"Balteschwiler AG\"},\"image\":{\"@id\":\"https:\\\/\\\/balteschwiler.ch\\\/#\\\/schema\\\/logo\\\/image\\\/\"},\"sameAs\":[\"https:\\\/\\\/www.facebook.com\\\/balteschwiler\"]}]}<\/script>\n<!-- \/ Yoast SEO plugin. -->","yoast_head_json":{"title":"Syst\u00e8mes de fa\u00e7ades en bois: Tout d\u2019un seul tenant chez Balteschwiler SA","description":"Nos syst\u00e8mes de fa\u00e7ade durables sont faciles \u00e0 installer et offrent la plus grande diversit\u00e9 visuelle. Tout savoir sur les bardages de fa\u00e7ade.","robots":{"index":"index","follow":"follow","max-snippet":"max-snippet:-1","max-image-preview":"max-image-preview:large","max-video-preview":"max-video-preview:-1"},"canonical":"https:\/\/balteschwiler.ch\/fr\/produits-de-construction-en-bois\/systemes-de-facades-en-bois\/systemes-de-facades-en-bois\/","og_locale":"fr_FR","og_type":"article","og_title":"Syst\u00e8mes de fa\u00e7ades en bois: Tout d\u2019un seul tenant chez Balteschwiler SA","og_description":"Nos syst\u00e8mes de fa\u00e7ade durables sont faciles \u00e0 installer et offrent la plus grande diversit\u00e9 visuelle. Tout savoir sur les bardages de fa\u00e7ade.","og_url":"https:\/\/balteschwiler.ch\/fr\/produits-de-construction-en-bois\/systemes-de-facades-en-bois\/systemes-de-facades-en-bois\/","og_site_name":"Balteschwiler AG","article_publisher":"https:\/\/www.facebook.com\/balteschwiler","article_modified_time":"2023-12-12T13:16:25+00:00","og_image":[{"url":"https:\/\/balteschwiler.ch\/wp-content\/uploads\/2023\/04\/Fassadensysteme_Holz_Header_Teaser_v2.jpg","type":"","width":"","height":""}],"twitter_card":"summary_large_image","twitter_misc":{"Dur\u00e9e de lecture estim\u00e9e":"4 minutes"},"schema":{"@context":"https:\/\/schema.org","@graph":[{"@type":"WebPage","@id":"https:\/\/balteschwiler.ch\/fr\/produits-de-construction-en-bois\/systemes-de-facades-en-bois\/systemes-de-facades-en-bois\/","url":"https:\/\/balteschwiler.ch\/fr\/produits-de-construction-en-bois\/systemes-de-facades-en-bois\/systemes-de-facades-en-bois\/","name":"Syst\u00e8mes de fa\u00e7ades en bois: Tout d\u2019un seul tenant chez Balteschwiler SA","isPartOf":{"@id":"https:\/\/balteschwiler.ch\/#website"},"primaryImageOfPage":{"@id":"https:\/\/balteschwiler.ch\/fr\/produits-de-construction-en-bois\/systemes-de-facades-en-bois\/systemes-de-facades-en-bois\/#primaryimage"},"image":{"@id":"https:\/\/balteschwiler.ch\/fr\/produits-de-construction-en-bois\/systemes-de-facades-en-bois\/systemes-de-facades-en-bois\/#primaryimage"},"thumbnailUrl":"https:\/\/balteschwiler.ch\/wp-content\/uploads\/2023\/04\/Fassadensysteme_Holz_Header_Teaser_v2.jpg","datePublished":"2022-10-06T13:18:11+00:00","dateModified":"2023-12-12T13:16:25+00:00","description":"Nos syst\u00e8mes de fa\u00e7ade durables sont faciles \u00e0 installer et offrent la plus grande diversit\u00e9 visuelle. Tout savoir sur les bardages de fa\u00e7ade.","breadcrumb":{"@id":"https:\/\/balteschwiler.ch\/fr\/produits-de-construction-en-bois\/systemes-de-facades-en-bois\/systemes-de-facades-en-bois\/#breadcrumb"},"inLanguage":"fr-FR","potentialAction":[{"@type":"ReadAction","target":["https:\/\/balteschwiler.ch\/fr\/produits-de-construction-en-bois\/systemes-de-facades-en-bois\/systemes-de-facades-en-bois\/"]}]},{"@type":"ImageObject","inLanguage":"fr-FR","@id":"https:\/\/balteschwiler.ch\/fr\/produits-de-construction-en-bois\/systemes-de-facades-en-bois\/systemes-de-facades-en-bois\/#primaryimage","url":"https:\/\/balteschwiler.ch\/wp-content\/uploads\/2023\/04\/Fassadensysteme_Holz_Header_Teaser_v2.jpg","contentUrl":"https:\/\/balteschwiler.ch\/wp-content\/uploads\/2023\/04\/Fassadensysteme_Holz_Header_Teaser_v2.jpg"},{"@type":"BreadcrumbList","@id":"https:\/\/balteschwiler.ch\/fr\/produits-de-construction-en-bois\/systemes-de-facades-en-bois\/systemes-de-facades-en-bois\/#breadcrumb","itemListElement":[{"@type":"ListItem","position":1,"name":"Produits de construction en bois","item":"https:\/\/balteschwiler.ch\/fr\/produits-de-construction-en-bois\/"},{"@type":"ListItem","position":2,"name":"Syst\u00e8mes de fa\u00e7ades en bois","item":"https:\/\/balteschwiler.ch\/fr\/produits-de-construction-en-bois\/systemes-de-facades-en-bois\/"},{"@type":"ListItem","position":3,"name":"Syst\u00e8mes de fa\u00e7ades en bois"}]},{"@type":"WebSite","@id":"https:\/\/balteschwiler.ch\/#website","url":"https:\/\/balteschwiler.ch\/","name":"Balteschwiler AG","description":"","publisher":{"@id":"https:\/\/balteschwiler.ch\/#organization"},"potentialAction":[{"@type":"SearchAction","target":{"@type":"EntryPoint","urlTemplate":"https:\/\/balteschwiler.ch\/?s={search_term_string}"},"query-input":{"@type":"PropertyValueSpecification","valueRequired":true,"valueName":"search_term_string"}}],"inLanguage":"fr-FR"},{"@type":"Organization","@id":"https:\/\/balteschwiler.ch\/#organization","name":"Balteschwiler AG","url":"https:\/\/balteschwiler.ch\/","logo":{"@type":"ImageObject","inLanguage":"fr-FR","@id":"https:\/\/balteschwiler.ch\/#\/schema\/logo\/image\/","url":"https:\/\/balteschwiler.ch\/wp-content\/uploads\/2022\/09\/rz_BAL_Logo_d_rgb.png","contentUrl":"https:\/\/balteschwiler.ch\/wp-content\/uploads\/2022\/09\/rz_BAL_Logo_d_rgb.png","width":1182,"height":224,"caption":"Balteschwiler AG"},"image":{"@id":"https:\/\/balteschwiler.ch\/#\/schema\/logo\/image\/"},"sameAs":["https:\/\/www.facebook.com\/balteschwiler"]}]}},"uagb_featured_image_src":{"full":false,"thumbnail":false,"medium":false,"medium_large":false,"large":false,"1536x1536":false,"2048x2048":false,"gform-image-choice-sm":false,"gform-image-choice-md":false,"gform-image-choice-lg":false},"uagb_author_info":{"display_name":"Michael Sutter","author_link":"https:\/\/balteschwiler.ch\/fr\/author\/m-hoernlimannmichaelh-ch\/"},"uagb_comment_info":0,"uagb_excerpt":"Syst\u00e8mes de fa\u00e7ades en bois Le caract\u00e8re naturel des syst\u00e8mes de fa\u00e7ades en bois vous convainc? Balteschwiler SA propose une grande vari\u00e9t\u00e9 de bardages en bois et de panneaux de ... Mehr","_links":{"self":[{"href":"https:\/\/balteschwiler.ch\/fr\/wp-json\/wp\/v2\/pages\/5469","targetHints":{"allow":["GET"]}}],"collection":[{"href":"https:\/\/balteschwiler.ch\/fr\/wp-json\/wp\/v2\/pages"}],"about":[{"href":"https:\/\/balteschwiler.ch\/fr\/wp-json\/wp\/v2\/types\/page"}],"author":[{"embeddable":true,"href":"https:\/\/balteschwiler.ch\/fr\/wp-json\/wp\/v2\/users\/1"}],"replies":[{"embeddable":true,"href":"https:\/\/balteschwiler.ch\/fr\/wp-json\/wp\/v2\/comments?post=5469"}],"version-history":[{"count":12,"href":"https:\/\/balteschwiler.ch\/fr\/wp-json\/wp\/v2\/pages\/5469\/revisions"}],"predecessor-version":[{"id":8792,"href":"https:\/\/balteschwiler.ch\/fr\/wp-json\/wp\/v2\/pages\/5469\/revisions\/8792"}],"up":[{"embeddable":true,"href":"https:\/\/balteschwiler.ch\/fr\/wp-json\/wp\/v2\/pages\/5467"}],"wp:attachment":[{"href":"https:\/\/balteschwiler.ch\/fr\/wp-json\/wp\/v2\/media?parent=5469"}],"curies":[{"name":"wp","href":"https:\/\/api.w.org\/{rel}","templated":true}]}}