{"id":5473,"date":"2022-09-15T09:50:17","date_gmt":"2022-09-15T07:50:17","guid":{"rendered":"https:\/\/balteschwiler.ch\/produits-de-construction-en-bois\/peintures-pour-bois\/"},"modified":"2023-04-19T09:59:04","modified_gmt":"2023-04-19T07:59:04","slug":"peintures-pour-bois","status":"publish","type":"page","link":"https:\/\/balteschwiler.ch\/fr\/produits-de-construction-en-bois\/peintures-pour-bois\/","title":{"rendered":"Peintures pour bois"},"content":{"rendered":"<div class=\"gb-container gb-container-6ec57639 loadondesktop keyvisual-holzanstriche\"><div class=\"gb-inside-container\">\n<div class=\"gb-grid-wrapper gb-grid-wrapper-d212ffc2\">\n<div class=\"gb-grid-column gb-grid-column-6290146c\"><div class=\"gb-container gb-container-6290146c\"><div class=\"gb-inside-container\">\n\n<h2 class=\"gb-headline gb-headline-ae3932be gb-headline-text\">Peintures pour bois pour l&rsquo;int\u00e9rieur et l&rsquo;ext\u00e9rieur<\/h2>\n\n<\/div><\/div><\/div>\n<\/div>\n<\/div><\/div>\n\n<div class=\"gb-container gb-container-fde21122\"><div class=\"gb-inside-container\">\n\n<figure class=\"wp-block-gallery has-nested-images columns-5 gallery-2icons has-base-3-background-color has-background wp-block-gallery-1 is-layout-flex wp-block-gallery-is-layout-flex\">\n<figure class=\"wp-block-image size-large teaser-icons-desktop\"><a href=\"https:\/\/balteschwiler.ch\/fr\/produits-de-construction-en-bois\/peintures-pour-bois\/peintures-pour-bois-saicos\/\"><img decoding=\"async\" data-id=\"6128\" src=\"https:\/\/balteschwiler.ch\/wp-content\/uploads\/2023\/04\/BAL-Icon_FR_Saicos_Holzanstriche.svg\" alt=\"\" class=\"wp-image-6128\"\/><\/a><\/figure>\n\n\n\n<figure class=\"wp-block-image size-large teaser-icons-desktop\"><a href=\"https:\/\/balteschwiler.ch\/fr\/usinage-du-bois\/traitement-de-surface\/\"><img decoding=\"async\" data-id=\"6038\" src=\"https:\/\/balteschwiler.ch\/wp-content\/uploads\/2023\/04\/BAL-Icon_FR_oberflaechenbehandlung.svg\" alt=\"\" class=\"wp-image-6038\"\/><\/a><\/figure>\n<\/figure>\n\n<\/div><\/div>\n\n<div class=\"gb-container gb-container-ce06048c loadondesktop\"><div class=\"gb-inside-container\">\n\n<p class=\"intro-text has-medium-font-size\">Les peintures pour bois permettent de prot\u00e9ger les \u00e9l\u00e9ments de construction en bois contre les influences environnementales, tant \u00e0 l&rsquo;int\u00e9rieur qu&rsquo;\u00e0 l&rsquo;ext\u00e9rieur, et de conserver plus longtemps leur aspect et leurs propri\u00e9t\u00e9s d&rsquo;origine. Pour prot\u00e9ger le bois contre les rayons UV, l&rsquo;humidit\u00e9, les parasites ou le grisonnement, Balteschwiler propose une multitude de syst\u00e8mes de protection et de peinture. Vos produits en bois peuvent \u00e9galement \u00eatre trait\u00e9s sur place \u00e0 Laufenburg, pr\u00eats \u00e0 \u00eatre mont\u00e9s, sur trois installations industrielles modernes. <\/p>\n\n<\/div><\/div>\n\n<div class=\"gb-container gb-container-296cc19d loadonmobile\"><div class=\"gb-inside-container\">\n\n<div style=\"height:100px\" aria-hidden=\"true\" class=\"wp-block-spacer\"><\/div>\n\n\n\n<h1 class=\"wp-block-heading\">Peintures pour bois pour l&rsquo;int\u00e9rieur et l&rsquo;ext\u00e9rieur<\/h1>\n\n\n\n<figure class=\"wp-block-image alignfull size-full\"><img loading=\"lazy\" decoding=\"async\" width=\"1500\" height=\"840\" src=\"https:\/\/balteschwiler.ch\/wp-content\/uploads\/2023\/03\/Holzanstriche_Header_Teaser.jpg\" alt=\"Peintures pour bois Header\" class=\"wp-image-3647\" srcset=\"https:\/\/balteschwiler.ch\/wp-content\/uploads\/2023\/03\/Holzanstriche_Header_Teaser.jpg 1500w, https:\/\/balteschwiler.ch\/wp-content\/uploads\/2023\/03\/Holzanstriche_Header_Teaser-300x168.jpg 300w, https:\/\/balteschwiler.ch\/wp-content\/uploads\/2023\/03\/Holzanstriche_Header_Teaser-1024x573.jpg 1024w, https:\/\/balteschwiler.ch\/wp-content\/uploads\/2023\/03\/Holzanstriche_Header_Teaser-768x430.jpg 768w\" sizes=\"auto, (max-width: 1500px) 100vw, 1500px\" \/><\/figure>\n\n\n\n<p class=\"team-space has-medium-font-size\">Les peintures pour bois permettent de prot\u00e9ger les \u00e9l\u00e9ments de construction en bois contre les influences environnementales, tant \u00e0 l&rsquo;int\u00e9rieur qu&rsquo;\u00e0 l&rsquo;ext\u00e9rieur, et de conserver plus longtemps leur aspect et leurs propri\u00e9t\u00e9s d&rsquo;origine. Pour prot\u00e9ger le bois contre les rayons UV, l&rsquo;humidit\u00e9, les parasites ou le grisonnement, Balteschwiler propose une multitude de syst\u00e8mes de protection et de peinture. Vos produits en bois peuvent \u00e9galement \u00eatre trait\u00e9s sur place \u00e0 Laufenburg, pr\u00eats \u00e0 \u00eatre mont\u00e9s, sur trois installations industrielles modernes. <\/p>\n\n<\/div><\/div>\n\n<div class=\"gb-container gb-container-c1702dd7 custom-container-beige\"><div class=\"gb-inside-container\">\n\n<h2 class=\"wp-block-heading\">Les peintures pour bois et leurs propri\u00e9t\u00e9s<\/h2>\n\n\n\n<p class=\"has-medium-font-size\">Selon le domaine d&rsquo;application et l&rsquo;effet de protection \u00e0 obtenir, il existe des peintures pour bois adapt\u00e9es avec des propri\u00e9t\u00e9s et des composants diff\u00e9rents.<\/p>\n\n<\/div><\/div>\n\n<div class=\"gb-container gb-container-ff74ca42\"><div class=\"gb-inside-container\">\n\n<div class=\"wp-block-columns is-layout-flex wp-container-core-columns-is-layout-9d6595d7 wp-block-columns-is-layout-flex\">\n<div class=\"wp-block-column has-background is-layout-flow wp-block-column-is-layout-flow\" style=\"background-color:#d1ccd3\">\n<figure class=\"wp-block-image size-full\"><img loading=\"lazy\" decoding=\"async\" width=\"700\" height=\"457\" src=\"https:\/\/balteschwiler.ch\/wp-content\/uploads\/2023\/03\/Holzlacke_Holzlasuren.jpg\" alt=\"Vernis lasures pour bois\" class=\"wp-image-3653\" srcset=\"https:\/\/balteschwiler.ch\/wp-content\/uploads\/2023\/03\/Holzlacke_Holzlasuren.jpg 700w, https:\/\/balteschwiler.ch\/wp-content\/uploads\/2023\/03\/Holzlacke_Holzlasuren-300x196.jpg 300w\" sizes=\"auto, (max-width: 700px) 100vw, 700px\" \/><\/figure>\n<\/div>\n\n\n\n<div class=\"wp-block-column has-background is-layout-flow wp-block-column-is-layout-flow\" style=\"background-color:#d1ccd3\">\n<h3 class=\"gb-headline gb-headline-366183b7 gb-headline-text column-custom-margin column-custom-margin top-column-title-space no-bottom-space-holzbauprodukte\"><strong>Vernis et lasures pour bois<\/strong><\/h3>\n\n\n\n<p class=\"column-custom-margin font-size-small-custom column-custom-margin-right has-medium-font-size\">Qu&rsquo;il s&rsquo;agisse d&rsquo;une protection contre le vent, les intemp\u00e9ries, les parasites et les rayures ou contre le jaunissement et les d\u00e9g\u00e2ts d&rsquo;eau, les vernis et les lasures pour bois conf\u00e8rent aux produits en bois d&rsquo;int\u00e9rieur et d&rsquo;ext\u00e9rieur une longue dur\u00e9e de vie et un aspect constant de grande qualit\u00e9. L&rsquo;application de vernis, de lasures ou de cires sur toute la surface prot\u00e8ge le bois au maximum.<\/p>\n\n\n\n<p class=\"column-custom-margin font-size-small-custom column-custom-margin-right has-medium-font-size\">En quoi les lasures et les vernis pour bois se diff\u00e9rencient-ils? Les lasures p\u00e9n\u00e8trent particuli\u00e8rement profond\u00e9ment dans le bois et sont g\u00e9n\u00e9ralement translucides, de sorte que les veines du bois transparaissent. Les vernis, en revanche, forment une couche color\u00e9e \u00e0 la surface du bois, qui peut m\u00eame recouvrir enti\u00e8rement les veines du bois. Tous les syst\u00e8mes de peinture se composent principalement de quatre \u00e9l\u00e9ments de base : Solvants, liants, pigments et additifs. Dans notre assortiment, vous trouverez un large choix de vernis et de lasures de haute qualit\u00e9 pour la maison et le jardin , la terrasse  ou l&rsquo;int\u00e9rieur.<\/p>\n<\/div>\n<\/div>\n\n\n\n<div class=\"wp-block-columns is-layout-flex wp-container-core-columns-is-layout-9d6595d7 wp-block-columns-is-layout-flex\">\n<div class=\"wp-block-column has-background is-layout-flow wp-block-column-is-layout-flow\" style=\"background-color:#edebed\">\n<h3 class=\"gb-headline gb-headline-5cfc019d gb-headline-text column-custom-margin column-custom-margin top-column-title-space no-bottom-space-holzbauprodukte\"><strong>Huiles pour bois<\/strong><\/h3>\n\n\n\n<p class=\"column-custom-margin font-size-small-custom column-custom-margin-right has-medium-font-size\">Les huiles pour bois sont utilis\u00e9es aussi bien \u00e0 l&rsquo;int\u00e9rieur qu&rsquo;\u00e0 l&rsquo;ext\u00e9rieur. Les huiles pour bois utilisent de l&rsquo;huile au lieu de l&rsquo;eau comme solvant. La particularit\u00e9 des huiles est qu&rsquo;elles p\u00e9n\u00e8trent tr\u00e8s profond\u00e9ment dans le bois et le prot\u00e8gent de l&rsquo;int\u00e9rieur. Les surfaces trait\u00e9es \u00e0 l&rsquo;huile repoussent l&rsquo;eau sans former de couches fortes et rigides, ce qui permet au bois de respirer et de rester tr\u00e8s souple. Souvent, les huiles en int\u00e9rieur sont combin\u00e9es avec des cires. Ces huile-cires dures, \u00e9galement disponibles en couleur, combinent l&rsquo;effet conservateur en profondeur de l&rsquo;huile avec une fine couche de cire protectrice qui reste \u00e0 la surface du bois. Il en r\u00e9sulte une surface robuste qui est \u00e9lastique, ouverte \u00e0 la diffusion et respirante, tout en prot\u00e9geant la surface du bois de mani\u00e8re optimale. Les huiles-cires dures permettent d&rsquo;obtenir des surfaces mates \u00e0 brillantes. <\/p>\n\n\n\n<p class=\"column-custom-margin font-size-small-custom column-custom-margin-right has-medium-font-size\">Pour renouveler p\u00e9riodiquement l&rsquo;effet protecteur, l&rsquo;utilisation d&rsquo;une huile pour bois ne n\u00e9cessite pas de poncer le bois au pr\u00e9alable comme c&rsquo;est le cas avec de nombreux syst\u00e8mes de vernis. Un nettoyage en profondeur de la surface du bois suffit pour appliquer ensuite, par exemple, l&rsquo;huile sp\u00e9ciale bois \u00e0 l&rsquo;ext\u00e9rieur ou l&rsquo;huile-cire dure \u00e0 l&rsquo;int\u00e9rieur &#8211; et voil\u00e0 une surface de bois toujours aussi prot\u00e9g\u00e9e et visuellement parfaite. <\/p>\n\n\n\n<p class=\"column-custom-margin font-size-small-custom column-custom-margin-right has-medium-font-size\">D\u00e9couvrez notre gamme d&rsquo;huiles pour bois et d&rsquo;huiles-cires dures pour le rev\u00eatement des sols , les peintures int\u00e9rieures pour bois  et les applications ext\u00e9rieures . <\/p>\n<\/div>\n\n\n\n<div class=\"wp-block-column has-background is-layout-flow wp-block-column-is-layout-flow\" style=\"background-color:#edebed\">\n<figure class=\"wp-block-image size-full\"><img decoding=\"async\" src=\"https:\/\/balteschwiler.ch\/wp-content\/uploads\/2023\/03\/Holzoele.jpg\" alt=\"Huiles pour bois\" class=\"wp-image-3644\"\/><\/figure>\n<\/div>\n<\/div>\n\n\n\n<div class=\"wp-block-columns is-layout-flex wp-container-core-columns-is-layout-9d6595d7 wp-block-columns-is-layout-flex\">\n<div class=\"wp-block-column has-background is-layout-flow wp-block-column-is-layout-flow\" style=\"background-color:#bfb8c1\">\n<figure class=\"wp-block-image size-full\"><img decoding=\"async\" src=\"https:\/\/balteschwiler.ch\/wp-content\/uploads\/2023\/04\/Holzfassaden_nachhaltig_v2.jpg\" alt=\"\" class=\"wp-image-4651\"\/><\/figure>\n<\/div>\n\n\n\n<div class=\"wp-block-column has-background is-layout-flow wp-block-column-is-layout-flow\" style=\"background-color:#bfb8c1\">\n<h3 class=\"gb-headline gb-headline-29f6e922 gb-headline-text column-custom-margin column-custom-margin top-column-title-space no-bottom-space-holzbauprodukte\"><strong>Impr\u00e9gnation du bois<\/strong><\/h3>\n\n\n\n<p class=\"column-custom-margin font-size-small-custom column-custom-margin-right has-medium-font-size\">Les impr\u00e9gnations du bois sont principalement utilis\u00e9es lorsqu&rsquo;il s&rsquo;agit de cr\u00e9er une protection particuli\u00e8re contre les d\u00e9colorations ou les destructions dues aux champignons ou aux insectes. L&rsquo;impr\u00e9gnation du bois est particuli\u00e8rement utilis\u00e9e pour prot\u00e9ger le bois en profondeur et c&rsquo;est pourquoi elle est g\u00e9n\u00e9ralement utilis\u00e9e comme couche de fond avant le syst\u00e8me de peinture \u00e0 appliquer. <\/p>\n<\/div>\n<\/div>\n\n<\/div><\/div>\n\n<div class=\"gb-container gb-container-862f7ab3 loadondesktop\"><div class=\"gb-inside-container\">\n\n<h2 class=\"wp-block-heading\">Balteschwiler SA &#8211; Votre partenaire pour le rev\u00eatement professionnel du bois<\/h2>\n\n\n\n<p class=\"has-medium-font-size\">Qu&rsquo;il s&rsquo;agisse de peinture en bo\u00eete de diff\u00e9rentes tailles de notre boutique en ligne  ou du traitement du bois de vos produits de rabotage sur nos installations industrielles, Balteschwiler vous aide \u00e0 choisir le bon syst\u00e8me de protection du bois. Gr\u00e2ce \u00e0 notre vaste savoir-faire et \u00e0 notre grand assortiment, nous trouvons pour chaque domaine d&rsquo;application une solution de protection et d&rsquo;entretien du bois parfaitement adapt\u00e9e \u00e0 vos besoins. Pour que vos \u00e9l\u00e9ments en bois soient prot\u00e9g\u00e9s \u00e0 long terme contre les contraintes environnementales, l&rsquo;humidit\u00e9 et les parasites<\/p>\n\n\n<div class=\"gb-button-wrapper gb-button-wrapper-6c9c6b5f\">\n\n<a class=\"gb-button gb-button-0b6f8297 gb-button-text button-border-none-vielfalt\" href=\"https:\/\/balteschwiler.ch\/holzbau-produkte\/holzanstriche\/saicos-holzanstriche\/\">Peintures en pot Saicos<\/a>\n\n\n\n<a class=\"gb-button gb-button-0e05d0eb gb-button-text button-border-none-vielfalt\" href=\"https:\/\/balteschwiler.ch\/fr\/usinage-du-bois\/traitement-de-surface\/\">Traitement de surface en atelier<\/a>\n\n<\/div>\n<\/div><\/div>","protected":false},"excerpt":{"rendered":"<p>Les peintures pour bois permettent de prot\u00e9ger les \u00e9l\u00e9ments de construction en bois contre les influences environnementales, tant \u00e0 l&rsquo;int\u00e9rieur qu&rsquo;\u00e0 l&rsquo;ext\u00e9rieur, et de conserver plus longtemps leur aspect et &#8230; <a title=\"Peintures pour bois\" class=\"read-more\" href=\"https:\/\/balteschwiler.ch\/fr\/produits-de-construction-en-bois\/peintures-pour-bois\/\" aria-label=\"En savoir plus sur Peintures pour bois\">Mehr<\/a><\/p>\n","protected":false},"author":1,"featured_media":0,"parent":5465,"menu_order":0,"comment_status":"closed","ping_status":"closed","template":"","meta":{"_acf_changed":false,"inline_featured_image":false,"_uag_custom_page_level_css":"","footnotes":""},"class_list":["post-5473","page","type-page","status-publish"],"acf":[],"yoast_head":"<!-- This site is optimized with the Yoast SEO plugin v27.3 - https:\/\/yoast.com\/product\/yoast-seo-wordpress\/ -->\n<title>Peintures pour bois Balteschwiler: huiles sp\u00e9ciales pour bois, cires, syst\u00e8mes de peinture<\/title>\n<meta name=\"description\" content=\"La peinture id\u00e9ale pour le bois assure une longue dur\u00e9e de vie. En savoir plus sur les produits de protection et d&#039;entretien du bois de haute qualit\u00e9.\" \/>\n<meta name=\"robots\" content=\"index, follow, max-snippet:-1, max-image-preview:large, max-video-preview:-1\" \/>\n<link rel=\"canonical\" href=\"https:\/\/balteschwiler.ch\/fr\/produits-de-construction-en-bois\/peintures-pour-bois\/\" \/>\n<meta property=\"og:locale\" content=\"fr_FR\" \/>\n<meta property=\"og:type\" content=\"article\" \/>\n<meta property=\"og:title\" content=\"Peintures pour bois Balteschwiler: huiles sp\u00e9ciales pour bois, cires, syst\u00e8mes de peinture\" \/>\n<meta property=\"og:description\" content=\"La peinture id\u00e9ale pour le bois assure une longue dur\u00e9e de vie. En savoir plus sur les produits de protection et d&#039;entretien du bois de haute qualit\u00e9.\" \/>\n<meta property=\"og:url\" content=\"https:\/\/balteschwiler.ch\/fr\/produits-de-construction-en-bois\/peintures-pour-bois\/\" \/>\n<meta property=\"og:site_name\" content=\"Balteschwiler AG\" \/>\n<meta property=\"article:publisher\" content=\"https:\/\/www.facebook.com\/balteschwiler\" \/>\n<meta property=\"article:modified_time\" content=\"2023-04-19T07:59:04+00:00\" \/>\n<meta property=\"og:image\" content=\"https:\/\/balteschwiler.ch\/wp-content\/uploads\/2023\/04\/BAL-Icon_FR_Saicos_Holzanstriche.svg\" \/>\n<meta name=\"twitter:card\" content=\"summary_large_image\" \/>\n<meta name=\"twitter:label1\" content=\"Dur\u00e9e de lecture estim\u00e9e\" \/>\n\t<meta name=\"twitter:data1\" content=\"6 minutes\" \/>\n<script type=\"application\/ld+json\" class=\"yoast-schema-graph\">{\"@context\":\"https:\\\/\\\/schema.org\",\"@graph\":[{\"@type\":\"WebPage\",\"@id\":\"https:\\\/\\\/balteschwiler.ch\\\/fr\\\/produits-de-construction-en-bois\\\/peintures-pour-bois\\\/\",\"url\":\"https:\\\/\\\/balteschwiler.ch\\\/fr\\\/produits-de-construction-en-bois\\\/peintures-pour-bois\\\/\",\"name\":\"Peintures pour bois Balteschwiler: huiles sp\u00e9ciales pour bois, cires, syst\u00e8mes de peinture\",\"isPartOf\":{\"@id\":\"https:\\\/\\\/balteschwiler.ch\\\/#website\"},\"primaryImageOfPage\":{\"@id\":\"https:\\\/\\\/balteschwiler.ch\\\/fr\\\/produits-de-construction-en-bois\\\/peintures-pour-bois\\\/#primaryimage\"},\"image\":{\"@id\":\"https:\\\/\\\/balteschwiler.ch\\\/fr\\\/produits-de-construction-en-bois\\\/peintures-pour-bois\\\/#primaryimage\"},\"thumbnailUrl\":\"https:\\\/\\\/balteschwiler.ch\\\/wp-content\\\/uploads\\\/2023\\\/04\\\/BAL-Icon_FR_Saicos_Holzanstriche.svg\",\"datePublished\":\"2022-09-15T07:50:17+00:00\",\"dateModified\":\"2023-04-19T07:59:04+00:00\",\"description\":\"La peinture id\u00e9ale pour le bois assure une longue dur\u00e9e de vie. En savoir plus sur les produits de protection et d'entretien du bois de haute qualit\u00e9.\",\"breadcrumb\":{\"@id\":\"https:\\\/\\\/balteschwiler.ch\\\/fr\\\/produits-de-construction-en-bois\\\/peintures-pour-bois\\\/#breadcrumb\"},\"inLanguage\":\"fr-FR\",\"potentialAction\":[{\"@type\":\"ReadAction\",\"target\":[\"https:\\\/\\\/balteschwiler.ch\\\/fr\\\/produits-de-construction-en-bois\\\/peintures-pour-bois\\\/\"]}]},{\"@type\":\"ImageObject\",\"inLanguage\":\"fr-FR\",\"@id\":\"https:\\\/\\\/balteschwiler.ch\\\/fr\\\/produits-de-construction-en-bois\\\/peintures-pour-bois\\\/#primaryimage\",\"url\":\"https:\\\/\\\/balteschwiler.ch\\\/wp-content\\\/uploads\\\/2023\\\/04\\\/BAL-Icon_FR_Saicos_Holzanstriche.svg\",\"contentUrl\":\"https:\\\/\\\/balteschwiler.ch\\\/wp-content\\\/uploads\\\/2023\\\/04\\\/BAL-Icon_FR_Saicos_Holzanstriche.svg\"},{\"@type\":\"BreadcrumbList\",\"@id\":\"https:\\\/\\\/balteschwiler.ch\\\/fr\\\/produits-de-construction-en-bois\\\/peintures-pour-bois\\\/#breadcrumb\",\"itemListElement\":[{\"@type\":\"ListItem\",\"position\":1,\"name\":\"Produits de construction en bois\",\"item\":\"https:\\\/\\\/balteschwiler.ch\\\/fr\\\/produits-de-construction-en-bois\\\/\"},{\"@type\":\"ListItem\",\"position\":2,\"name\":\"Peintures pour bois\"}]},{\"@type\":\"WebSite\",\"@id\":\"https:\\\/\\\/balteschwiler.ch\\\/#website\",\"url\":\"https:\\\/\\\/balteschwiler.ch\\\/\",\"name\":\"Balteschwiler AG\",\"description\":\"\",\"publisher\":{\"@id\":\"https:\\\/\\\/balteschwiler.ch\\\/#organization\"},\"potentialAction\":[{\"@type\":\"SearchAction\",\"target\":{\"@type\":\"EntryPoint\",\"urlTemplate\":\"https:\\\/\\\/balteschwiler.ch\\\/?s={search_term_string}\"},\"query-input\":{\"@type\":\"PropertyValueSpecification\",\"valueRequired\":true,\"valueName\":\"search_term_string\"}}],\"inLanguage\":\"fr-FR\"},{\"@type\":\"Organization\",\"@id\":\"https:\\\/\\\/balteschwiler.ch\\\/#organization\",\"name\":\"Balteschwiler AG\",\"url\":\"https:\\\/\\\/balteschwiler.ch\\\/\",\"logo\":{\"@type\":\"ImageObject\",\"inLanguage\":\"fr-FR\",\"@id\":\"https:\\\/\\\/balteschwiler.ch\\\/#\\\/schema\\\/logo\\\/image\\\/\",\"url\":\"https:\\\/\\\/balteschwiler.ch\\\/wp-content\\\/uploads\\\/2022\\\/09\\\/rz_BAL_Logo_d_rgb.png\",\"contentUrl\":\"https:\\\/\\\/balteschwiler.ch\\\/wp-content\\\/uploads\\\/2022\\\/09\\\/rz_BAL_Logo_d_rgb.png\",\"width\":1182,\"height\":224,\"caption\":\"Balteschwiler AG\"},\"image\":{\"@id\":\"https:\\\/\\\/balteschwiler.ch\\\/#\\\/schema\\\/logo\\\/image\\\/\"},\"sameAs\":[\"https:\\\/\\\/www.facebook.com\\\/balteschwiler\"]}]}<\/script>\n<!-- \/ Yoast SEO plugin. -->","yoast_head_json":{"title":"Peintures pour bois Balteschwiler: huiles sp\u00e9ciales pour bois, cires, syst\u00e8mes de peinture","description":"La peinture id\u00e9ale pour le bois assure une longue dur\u00e9e de vie. En savoir plus sur les produits de protection et d'entretien du bois de haute qualit\u00e9.","robots":{"index":"index","follow":"follow","max-snippet":"max-snippet:-1","max-image-preview":"max-image-preview:large","max-video-preview":"max-video-preview:-1"},"canonical":"https:\/\/balteschwiler.ch\/fr\/produits-de-construction-en-bois\/peintures-pour-bois\/","og_locale":"fr_FR","og_type":"article","og_title":"Peintures pour bois Balteschwiler: huiles sp\u00e9ciales pour bois, cires, syst\u00e8mes de peinture","og_description":"La peinture id\u00e9ale pour le bois assure une longue dur\u00e9e de vie. En savoir plus sur les produits de protection et d'entretien du bois de haute qualit\u00e9.","og_url":"https:\/\/balteschwiler.ch\/fr\/produits-de-construction-en-bois\/peintures-pour-bois\/","og_site_name":"Balteschwiler AG","article_publisher":"https:\/\/www.facebook.com\/balteschwiler","article_modified_time":"2023-04-19T07:59:04+00:00","og_image":[{"url":"https:\/\/balteschwiler.ch\/wp-content\/uploads\/2023\/04\/BAL-Icon_FR_Saicos_Holzanstriche.svg","type":"","width":"","height":""}],"twitter_card":"summary_large_image","twitter_misc":{"Dur\u00e9e de lecture estim\u00e9e":"6 minutes"},"schema":{"@context":"https:\/\/schema.org","@graph":[{"@type":"WebPage","@id":"https:\/\/balteschwiler.ch\/fr\/produits-de-construction-en-bois\/peintures-pour-bois\/","url":"https:\/\/balteschwiler.ch\/fr\/produits-de-construction-en-bois\/peintures-pour-bois\/","name":"Peintures pour bois Balteschwiler: huiles sp\u00e9ciales pour bois, cires, syst\u00e8mes de peinture","isPartOf":{"@id":"https:\/\/balteschwiler.ch\/#website"},"primaryImageOfPage":{"@id":"https:\/\/balteschwiler.ch\/fr\/produits-de-construction-en-bois\/peintures-pour-bois\/#primaryimage"},"image":{"@id":"https:\/\/balteschwiler.ch\/fr\/produits-de-construction-en-bois\/peintures-pour-bois\/#primaryimage"},"thumbnailUrl":"https:\/\/balteschwiler.ch\/wp-content\/uploads\/2023\/04\/BAL-Icon_FR_Saicos_Holzanstriche.svg","datePublished":"2022-09-15T07:50:17+00:00","dateModified":"2023-04-19T07:59:04+00:00","description":"La peinture id\u00e9ale pour le bois assure une longue dur\u00e9e de vie. En savoir plus sur les produits de protection et d'entretien du bois de haute qualit\u00e9.","breadcrumb":{"@id":"https:\/\/balteschwiler.ch\/fr\/produits-de-construction-en-bois\/peintures-pour-bois\/#breadcrumb"},"inLanguage":"fr-FR","potentialAction":[{"@type":"ReadAction","target":["https:\/\/balteschwiler.ch\/fr\/produits-de-construction-en-bois\/peintures-pour-bois\/"]}]},{"@type":"ImageObject","inLanguage":"fr-FR","@id":"https:\/\/balteschwiler.ch\/fr\/produits-de-construction-en-bois\/peintures-pour-bois\/#primaryimage","url":"https:\/\/balteschwiler.ch\/wp-content\/uploads\/2023\/04\/BAL-Icon_FR_Saicos_Holzanstriche.svg","contentUrl":"https:\/\/balteschwiler.ch\/wp-content\/uploads\/2023\/04\/BAL-Icon_FR_Saicos_Holzanstriche.svg"},{"@type":"BreadcrumbList","@id":"https:\/\/balteschwiler.ch\/fr\/produits-de-construction-en-bois\/peintures-pour-bois\/#breadcrumb","itemListElement":[{"@type":"ListItem","position":1,"name":"Produits de construction en bois","item":"https:\/\/balteschwiler.ch\/fr\/produits-de-construction-en-bois\/"},{"@type":"ListItem","position":2,"name":"Peintures pour bois"}]},{"@type":"WebSite","@id":"https:\/\/balteschwiler.ch\/#website","url":"https:\/\/balteschwiler.ch\/","name":"Balteschwiler AG","description":"","publisher":{"@id":"https:\/\/balteschwiler.ch\/#organization"},"potentialAction":[{"@type":"SearchAction","target":{"@type":"EntryPoint","urlTemplate":"https:\/\/balteschwiler.ch\/?s={search_term_string}"},"query-input":{"@type":"PropertyValueSpecification","valueRequired":true,"valueName":"search_term_string"}}],"inLanguage":"fr-FR"},{"@type":"Organization","@id":"https:\/\/balteschwiler.ch\/#organization","name":"Balteschwiler AG","url":"https:\/\/balteschwiler.ch\/","logo":{"@type":"ImageObject","inLanguage":"fr-FR","@id":"https:\/\/balteschwiler.ch\/#\/schema\/logo\/image\/","url":"https:\/\/balteschwiler.ch\/wp-content\/uploads\/2022\/09\/rz_BAL_Logo_d_rgb.png","contentUrl":"https:\/\/balteschwiler.ch\/wp-content\/uploads\/2022\/09\/rz_BAL_Logo_d_rgb.png","width":1182,"height":224,"caption":"Balteschwiler AG"},"image":{"@id":"https:\/\/balteschwiler.ch\/#\/schema\/logo\/image\/"},"sameAs":["https:\/\/www.facebook.com\/balteschwiler"]}]}},"uagb_featured_image_src":{"full":false,"thumbnail":false,"medium":false,"medium_large":false,"large":false,"1536x1536":false,"2048x2048":false,"gform-image-choice-sm":false,"gform-image-choice-md":false,"gform-image-choice-lg":false},"uagb_author_info":{"display_name":"Michael Sutter","author_link":"https:\/\/balteschwiler.ch\/fr\/author\/m-hoernlimannmichaelh-ch\/"},"uagb_comment_info":0,"uagb_excerpt":"Les peintures pour bois permettent de prot\u00e9ger les \u00e9l\u00e9ments de construction en bois contre les influences environnementales, tant \u00e0 l&rsquo;int\u00e9rieur qu&rsquo;\u00e0 l&rsquo;ext\u00e9rieur, et de conserver plus longtemps leur aspect et ... Mehr","_links":{"self":[{"href":"https:\/\/balteschwiler.ch\/fr\/wp-json\/wp\/v2\/pages\/5473","targetHints":{"allow":["GET"]}}],"collection":[{"href":"https:\/\/balteschwiler.ch\/fr\/wp-json\/wp\/v2\/pages"}],"about":[{"href":"https:\/\/balteschwiler.ch\/fr\/wp-json\/wp\/v2\/types\/page"}],"author":[{"embeddable":true,"href":"https:\/\/balteschwiler.ch\/fr\/wp-json\/wp\/v2\/users\/1"}],"replies":[{"embeddable":true,"href":"https:\/\/balteschwiler.ch\/fr\/wp-json\/wp\/v2\/comments?post=5473"}],"version-history":[{"count":4,"href":"https:\/\/balteschwiler.ch\/fr\/wp-json\/wp\/v2\/pages\/5473\/revisions"}],"predecessor-version":[{"id":6132,"href":"https:\/\/balteschwiler.ch\/fr\/wp-json\/wp\/v2\/pages\/5473\/revisions\/6132"}],"up":[{"embeddable":true,"href":"https:\/\/balteschwiler.ch\/fr\/wp-json\/wp\/v2\/pages\/5465"}],"wp:attachment":[{"href":"https:\/\/balteschwiler.ch\/fr\/wp-json\/wp\/v2\/media?parent=5473"}],"curies":[{"name":"wp","href":"https:\/\/api.w.org\/{rel}","templated":true}]}}