{"id":5485,"date":"2022-09-15T09:49:30","date_gmt":"2022-09-15T07:49:30","guid":{"rendered":"https:\/\/balteschwiler.ch\/produits-de-construction-en-bois\/materiaux-en-panneaux\/"},"modified":"2025-03-17T09:35:17","modified_gmt":"2025-03-17T08:35:17","slug":"materiaux-en-panneaux","status":"publish","type":"page","link":"https:\/\/balteschwiler.ch\/fr\/produits-de-construction-en-bois\/materiaux-en-panneaux\/","title":{"rendered":"Mat\u00e9riaux en panneaux"},"content":{"rendered":"<div class=\"gb-container gb-container-6ec57639 loadondesktop keyvisual-plattenwerkstoffe\"><div class=\"gb-inside-container\">\n<div class=\"gb-grid-wrapper gb-grid-wrapper-d212ffc2\">\n<div class=\"gb-grid-column gb-grid-column-6290146c\"><div class=\"gb-container gb-container-6290146c\"><div class=\"gb-inside-container\">\n\n<h2 class=\"gb-headline gb-headline-ae3932be gb-headline-text\">Mat\u00e9riaux en panneaux<\/h2>\n\n<\/div><\/div><\/div>\n<\/div>\n<\/div><\/div>\n\n<div class=\"gb-container gb-container-fc185105 loadondesktop\"><div class=\"gb-inside-container\">\n<div class=\"gb-grid-wrapper gb-grid-wrapper-980b647c\">\n<div class=\"gb-grid-column gb-grid-column-fde21122\"><div class=\"gb-container gb-container-fde21122\"><div class=\"gb-inside-container\">\n\n<figure class=\"wp-block-gallery has-nested-images columns-5 gallery-5icons has-base-3-background-color has-background wp-block-gallery-1 is-layout-flex wp-block-gallery-is-layout-flex\">\n<figure class=\"wp-block-image size-full teaser-icons-desktop\"><a href=\"https:\/\/balteschwiler.ch\/fr\/produits-de-construction-en-bois\/materiaux-en-panneaux\/clt-bois-lamelle-croise\/\"><img decoding=\"async\" data-id=\"11589\" src=\"https:\/\/balteschwiler.ch\/wp-content\/uploads\/2025\/03\/bois-lamelle-croise-clt_v2.svg\" alt=\"\" class=\"wp-image-11589\"\/><\/a><\/figure>\n\n\n\n<figure class=\"wp-block-image size-large teaser-icons-desktop\"><a href=\"https:\/\/balteschwiler.ch\/fr\/produits-de-construction-en-bois\/materiaux-en-panneaux\/lvl-furnierschichtholz\/\"><img decoding=\"async\" data-id=\"11591\" src=\"https:\/\/balteschwiler.ch\/wp-content\/uploads\/2025\/03\/lamibois-lvl_v2.svg\" alt=\"\" class=\"wp-image-11591\"\/><\/a><\/figure>\n\n\n\n<figure class=\"wp-block-image size-large teaser-icons-desktop\"><a href=\"https:\/\/balteschwiler.ch\/fr\/produits-de-construction-en-bois\/materiaux-en-panneaux\/panneaux-trois-plis-autres-materiaux-en-panneaux\/\"><img decoding=\"async\" data-id=\"11593\" src=\"https:\/\/balteschwiler.ch\/wp-content\/uploads\/2025\/03\/panneaux-trois-plis-etc_v2.svg\" alt=\"\" class=\"wp-image-11593\"\/><\/a><\/figure>\n\n\n\n<figure class=\"wp-block-image size-full teaser-icons-desktop\"><img decoding=\"async\" data-id=\"11571\" src=\"https:\/\/balteschwiler.ch\/wp-content\/uploads\/2025\/03\/BAL-icon-magnumboard-osb.svg\" alt=\"Swiss Krono Magnumboard\" class=\"wp-image-11571\"\/><\/figure>\n\n\n\n<figure class=\"wp-block-image size-full teaser-icons-desktop\"><a href=\"https:\/\/balteschwiler.ch\/fr\/produits-de-construction-en-bois\/materiaux-en-panneaux\/elements-en-planches-juxtaposees-strattura\/\"><img decoding=\"async\" data-id=\"11574\" src=\"https:\/\/balteschwiler.ch\/wp-content\/uploads\/2025\/03\/BAL-Icon_strattura-brettstapel-fr.svg\" alt=\"Elements strattura\" class=\"wp-image-11574\"\/><\/a><\/figure>\n<\/figure>\n\n<\/div><\/div><\/div>\n<\/div>\n<\/div><\/div>\n\n<div class=\"gb-container gb-container-ce06048c loadondesktop\"><div class=\"gb-inside-container\">\n\n<p class=\"intro-text has-medium-font-size\">Balteschwiler SA propose un large choix de mat\u00e9riaux de panneaux pour la r\u00e9alisation de nombreux projets de construction en bois. Notre offre couvre les besoins de tous les mat\u00e9riaux de panneaux pour la r\u00e9alisation de gros \u0153uvre, d&rsquo;enveloppes de b\u00e2timents et d&rsquo;am\u00e9nagements int\u00e9rieurs. Qu&rsquo;il s&rsquo;agisse de bois lamell\u00e9-crois\u00e9, de bois de placage stratifi\u00e9, de panneaux 1 ou 3 plis coll\u00e9s, nous proposons un large assortiment de mat\u00e9riaux en bois ainsi que leurs finitions. <\/p>\n\n<\/div><\/div>\n\n<div class=\"gb-container gb-container-296cc19d loadonmobile\"><div class=\"gb-inside-container\">\n\n<h1 class=\"wp-block-heading\">Mat\u00e9riaux en panneaux<\/h1>\n\n\n\n<figure class=\"wp-block-image alignfull size-full\"><img loading=\"lazy\" decoding=\"async\" width=\"1500\" height=\"761\" src=\"https:\/\/balteschwiler.ch\/wp-content\/uploads\/2023\/04\/Plattenwerkstoffe_Header_Teaser_v2.jpg\" alt=\"Mat\u00e9riaux en panneaux\" class=\"wp-image-4714\" srcset=\"https:\/\/balteschwiler.ch\/wp-content\/uploads\/2023\/04\/Plattenwerkstoffe_Header_Teaser_v2.jpg 1500w, https:\/\/balteschwiler.ch\/wp-content\/uploads\/2023\/04\/Plattenwerkstoffe_Header_Teaser_v2-300x152.jpg 300w, https:\/\/balteschwiler.ch\/wp-content\/uploads\/2023\/04\/Plattenwerkstoffe_Header_Teaser_v2-1024x520.jpg 1024w, https:\/\/balteschwiler.ch\/wp-content\/uploads\/2023\/04\/Plattenwerkstoffe_Header_Teaser_v2-768x390.jpg 768w\" sizes=\"auto, (max-width: 1500px) 100vw, 1500px\" \/><\/figure>\n\n\n\n<div style=\"height:50px\" aria-hidden=\"true\" class=\"wp-block-spacer\"><\/div>\n\n\n\n<p class=\"team-space has-medium-font-size\">Balteschwiler SA propose un large choix de mat\u00e9riaux de panneaux pour la r\u00e9alisation de nombreux projets de construction en bois. Notre offre couvre les besoins de tous les mat\u00e9riaux de panneaux pour la r\u00e9alisation de gros \u0153uvre, d&rsquo;enveloppes de b\u00e2timents et d&rsquo;am\u00e9nagements int\u00e9rieurs. Qu&rsquo;il s&rsquo;agisse de bois lamell\u00e9-crois\u00e9, de bois de placage stratifi\u00e9, de panneaux 1 ou 3 plis coll\u00e9s, nous proposons un large assortiment de mat\u00e9riaux en bois ainsi que leurs finitions. <\/p>\n\n<\/div><\/div>\n\n<div class=\"gb-container gb-container-c1702dd7 custom-container-blau\"><div class=\"gb-inside-container\">\n\n<h2 class=\"wp-block-heading\">Nos mat\u00e9riaux en bois &#8211; sous forme de panneaux et de barres<\/h2>\n\n\n\n<p class=\"has-medium-font-size\">Faites votre choix parmi notre offre en ligne de mat\u00e9riaux en bois sous forme de panneaux et de barres ou demandez conseil \u00e0 nos experts pour des d\u00e9coupes individuelles, des tailles, des quantit\u00e9s importantes et des traitements sp\u00e9ciaux.<\/p>\n\n<\/div><\/div>\n\n<div class=\"gb-container gb-container-ff74ca42\"><div class=\"gb-inside-container\">\n\n<div class=\"wp-block-columns is-layout-flex wp-container-core-columns-is-layout-9d6595d7 wp-block-columns-is-layout-flex\">\n<div class=\"wp-block-column is-layout-flow wp-block-column-is-layout-flow\">\n<figure class=\"wp-block-image size-full\"><img loading=\"lazy\" decoding=\"async\" width=\"700\" height=\"752\" src=\"https:\/\/balteschwiler.ch\/wp-content\/uploads\/2023\/03\/Plattenfoermige_Produkte.jpg\" alt=\"\" class=\"wp-image-3958\" srcset=\"https:\/\/balteschwiler.ch\/wp-content\/uploads\/2023\/03\/Plattenfoermige_Produkte.jpg 700w, https:\/\/balteschwiler.ch\/wp-content\/uploads\/2023\/03\/Plattenfoermige_Produkte-279x300.jpg 279w\" sizes=\"auto, (max-width: 700px) 100vw, 700px\" \/><\/figure>\n<\/div>\n\n\n\n<div class=\"wp-block-column is-layout-flow wp-block-column-is-layout-flow\">\n<h3 class=\"gb-headline gb-headline-366183b7 gb-headline-text column-custom-margin column-custom-margin top-column-title-space no-bottom-space-holzbauprodukte\"><strong>Produits en forme de panneaux<\/strong><\/h3>\n\n\n\n<p class=\"column-custom-margin font-size-small-custom column-custom-margin-right has-medium-font-size\">Gr\u00e2ce \u00e0 notre vaste assortiment en stock, nous pouvons proposer un large choix de mat\u00e9riaux de panneaux. Notre assortiment de panneaux comprend les types de produits suivants:<\/p>\n\n\n\n<ul class=\"wp-block-list column-custom-margin font-size-small-custom column-custom-margin-right\">\n<li>Lamibois (Kerto)<\/li>\n\n\n\n<li>Panneaux 3 plis en bois r\u00e9sineux<\/li>\n\n\n\n<li>Panneaux 1 pli en bois r\u00e9sineux<\/li>\n\n\n\n<li>Contreplaqu\u00e9<\/li>\n\n\n\n<li>OSB<\/li>\n\n\n\n<li>Fermacell<\/li>\n\n\n\n<li>HPL<\/li>\n<\/ul>\n\n\n\n<p class=\"column-custom-margin font-size-small-custom column-custom-margin-right has-medium-font-size\">Vous avez besoin de panneaux de grand format pour votre projet? Outre le produit standard en lamibois (Kerto), nous proposons \u00e9galement des panneaux de grand format en bois lamell\u00e9-crois\u00e9 (CLT) en fonction du projet.  <\/p>\n\n\n<div class=\"gb-button-wrapper gb-button-wrapper-7c34dbc8 column-custom-margin\">\n\n<a class=\"gb-button gb-button-b8c1b8eb gb-button-text smooth-scroll button-border-none\" href=\"https:\/\/balteschwiler.ch\/fr\/produits-de-construction-en-bois\/materiaux-en-panneaux\/clt-bois-lamelle-croise\/\">Bois lamelle croise (CLT)<\/a>\n\n<\/div>\n\n<div class=\"gb-button-wrapper gb-button-wrapper-94dceebf column-custom-margin\">\n\n<a class=\"gb-button gb-button-af30348e gb-button-text smooth-scroll button-border-none\" href=\"https:\/\/balteschwiler.ch\/fr\/produits-de-construction-en-bois\/materiaux-en-panneaux\/lvl-furnierschichtholz\/\"> Lamibois (LVL)<\/a>\n\n<\/div>\n\n<div class=\"gb-button-wrapper gb-button-wrapper-638e1332 column-custom-margin\">\n\n<a class=\"gb-button gb-button-4b0df5ce gb-button-text smooth-scroll button-border-none\" href=\"https:\/\/balteschwiler.ch\/fr\/produits-de-construction-en-bois\/materiaux-en-panneaux\/swiss-krono-magnumboard-osb\/\">Swiss Krono <strong>MAGNUMBOARD\u00ae<\/strong>\n<strong>OSB<\/strong><\/a>\n\n<\/div>\n\n<div class=\"gb-button-wrapper gb-button-wrapper-08cd9f13 column-custom-margin\">\n\n<a class=\"gb-button gb-button-4b0df5ce gb-button-text smooth-scroll button-border-none\" href=\"https:\/\/balteschwiler.ch\/fr\/produits-de-construction-en-bois\/materiaux-en-panneaux\/panneaux-trois-plis-autres-materiaux-en-panneaux\/\">Panneau trois plis &amp; autres<\/a>\n\n<\/div>\n\n\n<div class=\"wp-block-stackable-spacer stk-block-spacer stk--no-padding stk-block stk-1bc1580\" data-block-id=\"1bc1580\"><\/div>\n<\/div>\n<\/div>\n\n\n\n<div class=\"wp-block-columns is-layout-flex wp-container-core-columns-is-layout-9d6595d7 wp-block-columns-is-layout-flex\">\n<div class=\"wp-block-column has-base-3-background-color has-background is-layout-flow wp-block-column-is-layout-flow\">\n<h3 class=\"gb-headline gb-headline-5cfc019d gb-headline-text column-custom-margin column-custom-margin top-column-title-space no-bottom-space-holzbauprodukte\"><strong>Produits en forme de barre <\/strong><\/h3>\n\n\n\n<p class=\"column-custom-margin font-size-small-custom column-custom-margin-right has-medium-font-size\">Dans notre boutique en ligne, vous trouverez non seulement des panneaux, mais aussi une s\u00e9lection de mat\u00e9riaux en bois en forme de barre:<\/p>\n\n\n\n<ul class=\"wp-block-list column-custom-margin font-size-small-custom column-custom-margin-right\">\n<li>Poutres Duo, Trio<\/li>\n\n\n\n<li>Bois lamell\u00e9-coll\u00e9<\/li>\n\n\n\n<li>Lattes<\/li>\n\n\n\n<li>Bois massif de construction<\/li>\n<\/ul>\n<\/div>\n\n\n\n<div class=\"wp-block-column has-base-3-background-color has-background is-layout-flow wp-block-column-is-layout-flow\">\n<figure class=\"wp-block-image size-full\"><img loading=\"lazy\" decoding=\"async\" width=\"700\" height=\"658\" src=\"https:\/\/balteschwiler.ch\/wp-content\/uploads\/2023\/03\/Stabfoermige_Produkte.jpg\" alt=\"\" class=\"wp-image-3961\" srcset=\"https:\/\/balteschwiler.ch\/wp-content\/uploads\/2023\/03\/Stabfoermige_Produkte.jpg 700w, https:\/\/balteschwiler.ch\/wp-content\/uploads\/2023\/03\/Stabfoermige_Produkte-300x282.jpg 300w\" sizes=\"auto, (max-width: 700px) 100vw, 700px\" \/><\/figure>\n<\/div>\n<\/div>\n\n<\/div><\/div>\n\n<div class=\"gb-container gb-container-7b08be2c\"><div class=\"gb-inside-container\">\n\n<h2 class=\"wp-block-heading\">Balteschwiler SA &#8211; Votre sp\u00e9cialiste des mat\u00e9riaux en panneaux<\/h2>\n\n\n\n<p class=\"has-medium-font-size\">Balteschwiler SA est sp\u00e9cialiste des mat\u00e9riaux en panneaux et donc le partenaire id\u00e9al pour vos projets de construction en bois. Gr\u00e2ce \u00e0 notre infrastructure sp\u00e9cialis\u00e9e dans le taillage, le stockage et la logistique, nous pouvons non seulement vous proposer un large assortiment, mais aussi vous garantir une grande disponibilit\u00e9. Nous avons les plus hautes exigences de qualit\u00e9 pour nos produits et garantissons une livraison rapide. Vous n&rsquo;avez pas encore trouv\u00e9 dans notre boutique en ligne le panneau qui convient \u00e0 la r\u00e9alisation de votre projet ou vous avez besoin d&rsquo;autres services? Balteschwiler SA propose une multitude de possibilit\u00e9s de traitement: de la d\u00e9coupe adapt\u00e9e au collage sp\u00e9cial en passant par les traitements de surface et de couleur. Ensemble, nous voulons concr\u00e9tiser vos id\u00e9es.<\/p>\n\n\n<div class=\"gb-button-wrapper gb-button-wrapper-b603e309\">\n\n<a class=\"gb-button gb-button-56d25594 gb-button-text smooth-scroll button-border-none\" href=\"https:\/\/balteschwiler.ch\/fr\/entreprise\/fr-kontakt\/\">Contact<\/a>\n\n<\/div>\n<\/div><\/div>","protected":false},"excerpt":{"rendered":"<p>Balteschwiler SA propose un large choix de mat\u00e9riaux de panneaux pour la r\u00e9alisation de nombreux projets de construction en bois. Notre offre couvre les besoins de tous les mat\u00e9riaux de &#8230; <a title=\"Mat\u00e9riaux en panneaux\" class=\"read-more\" href=\"https:\/\/balteschwiler.ch\/fr\/produits-de-construction-en-bois\/materiaux-en-panneaux\/\" aria-label=\"En savoir plus sur Mat\u00e9riaux en panneaux\">Mehr<\/a><\/p>\n","protected":false},"author":1,"featured_media":0,"parent":5465,"menu_order":0,"comment_status":"closed","ping_status":"closed","template":"","meta":{"_acf_changed":false,"inline_featured_image":false,"_uag_custom_page_level_css":"","footnotes":""},"class_list":["post-5485","page","type-page","status-publish"],"acf":[],"yoast_head":"<!-- This site is optimized with the Yoast SEO plugin v27.3 - https:\/\/yoast.com\/product\/yoast-seo-wordpress\/ -->\n<title>Mat\u00e9riaux en panneauxl de professionnels pour professionnels |\u00a0Balteschwiler SA<\/title>\n<meta name=\"description\" content=\"Les mat\u00e9riaux de panneaux pour professionnels sont la sp\u00e9cialit\u00e9 de Balteschwiler SA. D\u00e9couvrez notre large gamme de panneaux CLT, LVL, OSB, trois couches &amp; Co.\" \/>\n<meta name=\"robots\" content=\"index, follow, max-snippet:-1, max-image-preview:large, max-video-preview:-1\" \/>\n<link rel=\"canonical\" href=\"https:\/\/balteschwiler.ch\/fr\/produits-de-construction-en-bois\/materiaux-en-panneaux\/\" \/>\n<meta property=\"og:locale\" content=\"fr_FR\" \/>\n<meta property=\"og:type\" content=\"article\" \/>\n<meta property=\"og:title\" content=\"Mat\u00e9riaux en panneauxl de professionnels pour professionnels |\u00a0Balteschwiler SA\" \/>\n<meta property=\"og:description\" content=\"Les mat\u00e9riaux de panneaux pour professionnels sont la sp\u00e9cialit\u00e9 de Balteschwiler SA. D\u00e9couvrez notre large gamme de panneaux CLT, LVL, OSB, trois couches &amp; Co.\" \/>\n<meta property=\"og:url\" content=\"https:\/\/balteschwiler.ch\/fr\/produits-de-construction-en-bois\/materiaux-en-panneaux\/\" \/>\n<meta property=\"og:site_name\" content=\"Balteschwiler AG\" \/>\n<meta property=\"article:publisher\" content=\"https:\/\/www.facebook.com\/balteschwiler\" \/>\n<meta property=\"article:modified_time\" content=\"2025-03-17T08:35:17+00:00\" \/>\n<meta name=\"twitter:card\" content=\"summary_large_image\" \/>\n<meta name=\"twitter:label1\" content=\"Dur\u00e9e de lecture estim\u00e9e\" \/>\n\t<meta name=\"twitter:data1\" content=\"5 minutes\" \/>\n<script type=\"application\/ld+json\" class=\"yoast-schema-graph\">{\"@context\":\"https:\\\/\\\/schema.org\",\"@graph\":[{\"@type\":\"WebPage\",\"@id\":\"https:\\\/\\\/balteschwiler.ch\\\/fr\\\/produits-de-construction-en-bois\\\/materiaux-en-panneaux\\\/\",\"url\":\"https:\\\/\\\/balteschwiler.ch\\\/fr\\\/produits-de-construction-en-bois\\\/materiaux-en-panneaux\\\/\",\"name\":\"Mat\u00e9riaux en panneauxl de professionnels pour professionnels |\u00a0Balteschwiler SA\",\"isPartOf\":{\"@id\":\"https:\\\/\\\/balteschwiler.ch\\\/#website\"},\"primaryImageOfPage\":{\"@id\":\"https:\\\/\\\/balteschwiler.ch\\\/fr\\\/produits-de-construction-en-bois\\\/materiaux-en-panneaux\\\/#primaryimage\"},\"image\":{\"@id\":\"https:\\\/\\\/balteschwiler.ch\\\/fr\\\/produits-de-construction-en-bois\\\/materiaux-en-panneaux\\\/#primaryimage\"},\"thumbnailUrl\":\"https:\\\/\\\/balteschwiler.ch\\\/wp-content\\\/uploads\\\/2025\\\/03\\\/bois-lamelle-croise-clt_v2.svg\",\"datePublished\":\"2022-09-15T07:49:30+00:00\",\"dateModified\":\"2025-03-17T08:35:17+00:00\",\"description\":\"Les mat\u00e9riaux de panneaux pour professionnels sont la sp\u00e9cialit\u00e9 de Balteschwiler SA. D\u00e9couvrez notre large gamme de panneaux CLT, LVL, OSB, trois couches & Co.\",\"breadcrumb\":{\"@id\":\"https:\\\/\\\/balteschwiler.ch\\\/fr\\\/produits-de-construction-en-bois\\\/materiaux-en-panneaux\\\/#breadcrumb\"},\"inLanguage\":\"fr-FR\",\"potentialAction\":[{\"@type\":\"ReadAction\",\"target\":[\"https:\\\/\\\/balteschwiler.ch\\\/fr\\\/produits-de-construction-en-bois\\\/materiaux-en-panneaux\\\/\"]}]},{\"@type\":\"ImageObject\",\"inLanguage\":\"fr-FR\",\"@id\":\"https:\\\/\\\/balteschwiler.ch\\\/fr\\\/produits-de-construction-en-bois\\\/materiaux-en-panneaux\\\/#primaryimage\",\"url\":\"https:\\\/\\\/balteschwiler.ch\\\/wp-content\\\/uploads\\\/2025\\\/03\\\/bois-lamelle-croise-clt_v2.svg\",\"contentUrl\":\"https:\\\/\\\/balteschwiler.ch\\\/wp-content\\\/uploads\\\/2025\\\/03\\\/bois-lamelle-croise-clt_v2.svg\"},{\"@type\":\"BreadcrumbList\",\"@id\":\"https:\\\/\\\/balteschwiler.ch\\\/fr\\\/produits-de-construction-en-bois\\\/materiaux-en-panneaux\\\/#breadcrumb\",\"itemListElement\":[{\"@type\":\"ListItem\",\"position\":1,\"name\":\"Produits de construction en bois\",\"item\":\"https:\\\/\\\/balteschwiler.ch\\\/fr\\\/produits-de-construction-en-bois\\\/\"},{\"@type\":\"ListItem\",\"position\":2,\"name\":\"Mat\u00e9riaux en panneaux\"}]},{\"@type\":\"WebSite\",\"@id\":\"https:\\\/\\\/balteschwiler.ch\\\/#website\",\"url\":\"https:\\\/\\\/balteschwiler.ch\\\/\",\"name\":\"Balteschwiler AG\",\"description\":\"\",\"publisher\":{\"@id\":\"https:\\\/\\\/balteschwiler.ch\\\/#organization\"},\"potentialAction\":[{\"@type\":\"SearchAction\",\"target\":{\"@type\":\"EntryPoint\",\"urlTemplate\":\"https:\\\/\\\/balteschwiler.ch\\\/?s={search_term_string}\"},\"query-input\":{\"@type\":\"PropertyValueSpecification\",\"valueRequired\":true,\"valueName\":\"search_term_string\"}}],\"inLanguage\":\"fr-FR\"},{\"@type\":\"Organization\",\"@id\":\"https:\\\/\\\/balteschwiler.ch\\\/#organization\",\"name\":\"Balteschwiler AG\",\"url\":\"https:\\\/\\\/balteschwiler.ch\\\/\",\"logo\":{\"@type\":\"ImageObject\",\"inLanguage\":\"fr-FR\",\"@id\":\"https:\\\/\\\/balteschwiler.ch\\\/#\\\/schema\\\/logo\\\/image\\\/\",\"url\":\"https:\\\/\\\/balteschwiler.ch\\\/wp-content\\\/uploads\\\/2022\\\/09\\\/rz_BAL_Logo_d_rgb.png\",\"contentUrl\":\"https:\\\/\\\/balteschwiler.ch\\\/wp-content\\\/uploads\\\/2022\\\/09\\\/rz_BAL_Logo_d_rgb.png\",\"width\":1182,\"height\":224,\"caption\":\"Balteschwiler AG\"},\"image\":{\"@id\":\"https:\\\/\\\/balteschwiler.ch\\\/#\\\/schema\\\/logo\\\/image\\\/\"},\"sameAs\":[\"https:\\\/\\\/www.facebook.com\\\/balteschwiler\"]}]}<\/script>\n<!-- \/ Yoast SEO plugin. -->","yoast_head_json":{"title":"Mat\u00e9riaux en panneauxl de professionnels pour professionnels |\u00a0Balteschwiler SA","description":"Les mat\u00e9riaux de panneaux pour professionnels sont la sp\u00e9cialit\u00e9 de Balteschwiler SA. D\u00e9couvrez notre large gamme de panneaux CLT, LVL, OSB, trois couches & Co.","robots":{"index":"index","follow":"follow","max-snippet":"max-snippet:-1","max-image-preview":"max-image-preview:large","max-video-preview":"max-video-preview:-1"},"canonical":"https:\/\/balteschwiler.ch\/fr\/produits-de-construction-en-bois\/materiaux-en-panneaux\/","og_locale":"fr_FR","og_type":"article","og_title":"Mat\u00e9riaux en panneauxl de professionnels pour professionnels |\u00a0Balteschwiler SA","og_description":"Les mat\u00e9riaux de panneaux pour professionnels sont la sp\u00e9cialit\u00e9 de Balteschwiler SA. D\u00e9couvrez notre large gamme de panneaux CLT, LVL, OSB, trois couches & Co.","og_url":"https:\/\/balteschwiler.ch\/fr\/produits-de-construction-en-bois\/materiaux-en-panneaux\/","og_site_name":"Balteschwiler AG","article_publisher":"https:\/\/www.facebook.com\/balteschwiler","article_modified_time":"2025-03-17T08:35:17+00:00","twitter_card":"summary_large_image","twitter_misc":{"Dur\u00e9e de lecture estim\u00e9e":"5 minutes"},"schema":{"@context":"https:\/\/schema.org","@graph":[{"@type":"WebPage","@id":"https:\/\/balteschwiler.ch\/fr\/produits-de-construction-en-bois\/materiaux-en-panneaux\/","url":"https:\/\/balteschwiler.ch\/fr\/produits-de-construction-en-bois\/materiaux-en-panneaux\/","name":"Mat\u00e9riaux en panneauxl de professionnels pour professionnels |\u00a0Balteschwiler SA","isPartOf":{"@id":"https:\/\/balteschwiler.ch\/#website"},"primaryImageOfPage":{"@id":"https:\/\/balteschwiler.ch\/fr\/produits-de-construction-en-bois\/materiaux-en-panneaux\/#primaryimage"},"image":{"@id":"https:\/\/balteschwiler.ch\/fr\/produits-de-construction-en-bois\/materiaux-en-panneaux\/#primaryimage"},"thumbnailUrl":"https:\/\/balteschwiler.ch\/wp-content\/uploads\/2025\/03\/bois-lamelle-croise-clt_v2.svg","datePublished":"2022-09-15T07:49:30+00:00","dateModified":"2025-03-17T08:35:17+00:00","description":"Les mat\u00e9riaux de panneaux pour professionnels sont la sp\u00e9cialit\u00e9 de Balteschwiler SA. D\u00e9couvrez notre large gamme de panneaux CLT, LVL, OSB, trois couches & Co.","breadcrumb":{"@id":"https:\/\/balteschwiler.ch\/fr\/produits-de-construction-en-bois\/materiaux-en-panneaux\/#breadcrumb"},"inLanguage":"fr-FR","potentialAction":[{"@type":"ReadAction","target":["https:\/\/balteschwiler.ch\/fr\/produits-de-construction-en-bois\/materiaux-en-panneaux\/"]}]},{"@type":"ImageObject","inLanguage":"fr-FR","@id":"https:\/\/balteschwiler.ch\/fr\/produits-de-construction-en-bois\/materiaux-en-panneaux\/#primaryimage","url":"https:\/\/balteschwiler.ch\/wp-content\/uploads\/2025\/03\/bois-lamelle-croise-clt_v2.svg","contentUrl":"https:\/\/balteschwiler.ch\/wp-content\/uploads\/2025\/03\/bois-lamelle-croise-clt_v2.svg"},{"@type":"BreadcrumbList","@id":"https:\/\/balteschwiler.ch\/fr\/produits-de-construction-en-bois\/materiaux-en-panneaux\/#breadcrumb","itemListElement":[{"@type":"ListItem","position":1,"name":"Produits de construction en bois","item":"https:\/\/balteschwiler.ch\/fr\/produits-de-construction-en-bois\/"},{"@type":"ListItem","position":2,"name":"Mat\u00e9riaux en panneaux"}]},{"@type":"WebSite","@id":"https:\/\/balteschwiler.ch\/#website","url":"https:\/\/balteschwiler.ch\/","name":"Balteschwiler AG","description":"","publisher":{"@id":"https:\/\/balteschwiler.ch\/#organization"},"potentialAction":[{"@type":"SearchAction","target":{"@type":"EntryPoint","urlTemplate":"https:\/\/balteschwiler.ch\/?s={search_term_string}"},"query-input":{"@type":"PropertyValueSpecification","valueRequired":true,"valueName":"search_term_string"}}],"inLanguage":"fr-FR"},{"@type":"Organization","@id":"https:\/\/balteschwiler.ch\/#organization","name":"Balteschwiler AG","url":"https:\/\/balteschwiler.ch\/","logo":{"@type":"ImageObject","inLanguage":"fr-FR","@id":"https:\/\/balteschwiler.ch\/#\/schema\/logo\/image\/","url":"https:\/\/balteschwiler.ch\/wp-content\/uploads\/2022\/09\/rz_BAL_Logo_d_rgb.png","contentUrl":"https:\/\/balteschwiler.ch\/wp-content\/uploads\/2022\/09\/rz_BAL_Logo_d_rgb.png","width":1182,"height":224,"caption":"Balteschwiler AG"},"image":{"@id":"https:\/\/balteschwiler.ch\/#\/schema\/logo\/image\/"},"sameAs":["https:\/\/www.facebook.com\/balteschwiler"]}]}},"uagb_featured_image_src":{"full":false,"thumbnail":false,"medium":false,"medium_large":false,"large":false,"1536x1536":false,"2048x2048":false,"gform-image-choice-sm":false,"gform-image-choice-md":false,"gform-image-choice-lg":false},"uagb_author_info":{"display_name":"Michael Sutter","author_link":"https:\/\/balteschwiler.ch\/fr\/author\/m-hoernlimannmichaelh-ch\/"},"uagb_comment_info":0,"uagb_excerpt":"Balteschwiler SA propose un large choix de mat\u00e9riaux de panneaux pour la r\u00e9alisation de nombreux projets de construction en bois. Notre offre couvre les besoins de tous les mat\u00e9riaux de ... Mehr","_links":{"self":[{"href":"https:\/\/balteschwiler.ch\/fr\/wp-json\/wp\/v2\/pages\/5485","targetHints":{"allow":["GET"]}}],"collection":[{"href":"https:\/\/balteschwiler.ch\/fr\/wp-json\/wp\/v2\/pages"}],"about":[{"href":"https:\/\/balteschwiler.ch\/fr\/wp-json\/wp\/v2\/types\/page"}],"author":[{"embeddable":true,"href":"https:\/\/balteschwiler.ch\/fr\/wp-json\/wp\/v2\/users\/1"}],"replies":[{"embeddable":true,"href":"https:\/\/balteschwiler.ch\/fr\/wp-json\/wp\/v2\/comments?post=5485"}],"version-history":[{"count":33,"href":"https:\/\/balteschwiler.ch\/fr\/wp-json\/wp\/v2\/pages\/5485\/revisions"}],"predecessor-version":[{"id":11596,"href":"https:\/\/balteschwiler.ch\/fr\/wp-json\/wp\/v2\/pages\/5485\/revisions\/11596"}],"up":[{"embeddable":true,"href":"https:\/\/balteschwiler.ch\/fr\/wp-json\/wp\/v2\/pages\/5465"}],"wp:attachment":[{"href":"https:\/\/balteschwiler.ch\/fr\/wp-json\/wp\/v2\/media?parent=5485"}],"curies":[{"name":"wp","href":"https:\/\/api.w.org\/{rel}","templated":true}]}}