{"id":5523,"date":"2022-10-06T15:21:38","date_gmt":"2022-10-06T13:21:38","guid":{"rendered":"https:\/\/balteschwiler.ch\/produits-de-construction-en-bois\/systemes-de-facades-en-bois\/burnblock\/"},"modified":"2023-04-14T08:00:36","modified_gmt":"2023-04-14T06:00:36","slug":"burnblock","status":"publish","type":"page","link":"https:\/\/balteschwiler.ch\/fr\/produits-de-construction-en-bois\/systemes-de-facades-en-bois\/burnblock\/","title":{"rendered":"Burnblock"},"content":{"rendered":"<div class=\"gb-container gb-container-6ec57639 loadondesktop keyvisual-burnblock\"><div class=\"gb-inside-container\">\n<div class=\"gb-grid-wrapper gb-grid-wrapper-d212ffc2\">\n<div class=\"gb-grid-column gb-grid-column-6290146c\"><div class=\"gb-container gb-container-6290146c\"><div class=\"gb-inside-container\">\n\n<h2 class=\"gb-headline gb-headline-ae3932be gb-headline-text\">Burnblock: Produits de rabotage anti-feu<\/h2>\n\n<\/div><\/div><\/div>\n<\/div>\n<\/div><\/div><div class=\"gb-container gb-container-296cc19d loadonmobile\"><div class=\"gb-inside-container\">\n\n<h1 class=\"wp-block-heading\">Burnblock: Produits de rabotage anti-feu<\/h1>\n\n\n\n<figure class=\"wp-block-image alignfull size-large\"><img loading=\"lazy\" decoding=\"async\" width=\"1024\" height=\"467\" src=\"https:\/\/balteschwiler.ch\/wp-content\/uploads\/2023\/03\/Burnblock_Header_Teaser-1024x467.jpg\" alt=\"Burnblock Teaser\" class=\"wp-image-3564\" srcset=\"https:\/\/balteschwiler.ch\/wp-content\/uploads\/2023\/03\/Burnblock_Header_Teaser-1024x467.jpg 1024w, https:\/\/balteschwiler.ch\/wp-content\/uploads\/2023\/03\/Burnblock_Header_Teaser-300x137.jpg 300w, https:\/\/balteschwiler.ch\/wp-content\/uploads\/2023\/03\/Burnblock_Header_Teaser-768x350.jpg 768w, https:\/\/balteschwiler.ch\/wp-content\/uploads\/2023\/03\/Burnblock_Header_Teaser.jpg 1500w\" sizes=\"auto, (max-width: 1024px) 100vw, 1024px\" \/><\/figure>\n\n\n\n<div style=\"height:50px\" aria-hidden=\"true\" class=\"wp-block-spacer\"><\/div>\n\n\n\n<p class=\"has-medium-font-size\">L&rsquo;impr\u00e9gnation ignifuge Burnblock ouvre des possibilit\u00e9s enti\u00e8rement nouvelles pour l&rsquo;utilisation de bardages et de lambris en bois. Burnblock est le premier syst\u00e8me absolument naturel \u00e0 disposer de l&rsquo;homologation suisse AEAI RF2 &#8211; difficilement inflammable. Les produits Burnblock peuvent ainsi \u00eatre utilis\u00e9s par exemple comme bardage de fa\u00e7ade de b\u00e2timents de \u00ab\u00a0hauteur moyenne\u00a0\u00bb et comme rev\u00eatement int\u00e9rieur de voies d&rsquo;\u00e9vacuation horizontales avec concept d&rsquo;installation d&rsquo;extinction.<\/p>\n\n<\/div><\/div><div class=\"gb-container gb-container-ce06048c loadondesktop\"><div class=\"gb-inside-container\">\n\n<p class=\"intro-text has-medium-font-size\">L&rsquo;impr\u00e9gnation ignifuge Burnblock ouvre des possibilit\u00e9s enti\u00e8rement nouvelles pour l&rsquo;utilisation de bardages et de lambris en bois. Burnblock est le premier syst\u00e8me absolument naturel \u00e0 disposer de l&rsquo;homologation suisse AEAI RF2 &#8211; difficilement inflammable. Les produits Burnblock peuvent ainsi \u00eatre utilis\u00e9s par exemple comme bardage de fa\u00e7ade de b\u00e2timents de \u00ab\u00a0hauteur moyenne\u00a0\u00bb et comme rev\u00eatement int\u00e9rieur de voies d&rsquo;\u00e9vacuation horizontales avec concept d&rsquo;installation d&rsquo;extinction.<\/p>\n\n<\/div><\/div><div class=\"gb-container gb-container-c1702dd7\"><div class=\"gb-inside-container\">\n\n<h2 class=\"wp-block-heading\">Protection incendie naturelle et tr\u00e8s efficace<\/h2>\n\n\n\n<p class=\"has-medium-font-size\">Burnblock emp\u00eache efficacement l&rsquo;oxyg\u00e8ne d&rsquo;atteindre l&rsquo;objet trait\u00e9 &#8211; et sans oxyg\u00e8ne: pas de feu. Sous l&rsquo;effet de la chaleur, la surface se carbonise et lib\u00e8re de l&rsquo;eau. Une partie de la chaleur est ainsi absorb\u00e9e, ce qui emp\u00eache le feu de se d\u00e9velopper et de se propager.&#13;\nL&rsquo;impr\u00e9gnation ignifuge brevet\u00e9e est compos\u00e9e d&rsquo;ingr\u00e9dients purement naturels. Elle est donc biod\u00e9gradable \u00e0 100 % et absolument inoffensive pour la sant\u00e9. Si un peu de liquide p\u00e9n\u00e8tre dans les yeux, ce n&rsquo;est pas pire que du jus d&rsquo;orange. Burnblock est \u00e9galement parfaitement adapt\u00e9 aux espaces int\u00e9rieurs, car il n&rsquo;\u00e9met pas de COV.<\/p>\n\n\n\n<p class=\"has-medium-font-size\">Burnblock peut \u00eatre utilis\u00e9 sur diff\u00e9rentes essences de bois, comme l&rsquo;\u00e9pic\u00e9a, le m\u00e9l\u00e8ze, le pin thermique et le ch\u00eane. Comme l&rsquo;impr\u00e9gnation est incolore, l&rsquo;aspect du bois reste inchang\u00e9.&#13;\n De plus, un traitement de surface dans la teinte de votre choix est \u00e9galement en cours de d\u00e9veloppement. Un syst\u00e8me de rev\u00eatement sp\u00e9cial de Teknos, actuellement en cours d&rsquo;homologation par l&rsquo;AEAI, est utilis\u00e9 \u00e0 cet effet.&#13;\nLa mise en \u0153uvre du rev\u00eatement de surface pour la Suisse est d\u00e9velopp\u00e9e dans le cadre d&rsquo;un partenariat avec Teknos Feyco AG, Holzimpr\u00e4gnierwerk AG et Burnblock. Ce partenariat \u00e9prouv\u00e9 et le contr\u00f4le externe pour la certification CE et AEAI garantissent un maximum de s\u00e9curit\u00e9. <\/p>\n\n<\/div><\/div><div class=\"gb-container gb-container-822f8ea8 loadondesktop keyvisual-burnblock-inhalt\"><div class=\"gb-inside-container\">\n<div class=\"gb-grid-wrapper gb-grid-wrapper-51b731f5\">\n<div class=\"gb-grid-column gb-grid-column-c9111e26\"><div class=\"gb-container gb-container-c9111e26\"><div class=\"gb-inside-container\"><\/div><\/div><\/div>\n<\/div>\n<\/div><\/div><div class=\"gb-container gb-container-7fd0ab1a loadondesktop\"><div class=\"gb-inside-container\">\n\n<h2 class=\"wp-block-heading\">Les avantages de l&rsquo;impr\u00e9gnation anti-feu Burnblock<\/h2>\n\n\n\n<h3 class=\"wp-block-heading\">Contenu 100% naturel<\/h3>\n\n\n\n<p class=\"has-medium-font-size\">Les ingr\u00e9dients de Burnblock sont naturellement pr\u00e9sents dans les aliments ou peuvent \u00eatre trouv\u00e9s dans la nature sous leur forme \u00e9l\u00e9mentaire. <\/p>\n\n\n\n<h3 class=\"wp-block-heading\">100% biod\u00e9gradable<\/h3>\n\n\n\n<p class=\"has-medium-font-size\">Se d\u00e9grade naturellement \u00e0 100 %, sans effet n\u00e9gatif sur l&rsquo;environnement.<\/p>\n\n\n\n<h3 class=\"wp-block-heading\">Non toxique<\/h3>\n\n\n\n<p class=\"has-medium-font-size\">Aucun (0%) des composants ne figure dans la liste des substances extr\u00eamement pr\u00e9occupantes &#8211; SVHC &#8211; selon le r\u00e8glement REACH. Les d\u00e9chets de bois ne posent pas de probl\u00e8me.<\/p>\n\n\n\n<h3 class=\"wp-block-heading\">PH neutre<\/h3>\n\n\n\n<p class=\"has-medium-font-size\">PH neutre de 7,2. pas d&rsquo;irritation de la peau &#8211; pas d&rsquo;\u00e9quipement de protection requis.<\/p>\n\n\n\n<h3 class=\"wp-block-heading\">Non corrosif<\/h3>\n\n\n\n<p class=\"has-medium-font-size\">Aucun effet n\u00e9gatif sur la r\u00e9sistance des m\u00e9taux. Pas de vis inoxydables n\u00e9cessaires.<\/p>\n\n\n\n<h3 class=\"wp-block-heading\">Cradle to Cradle: Gold<\/h3>\n\n\n\n<p class=\"has-medium-font-size\">Burnblock porte le certificat de durabilit\u00e9 Cradle to Cradle Gold.<\/p>\n\n<\/div><\/div><div class=\"gb-container gb-container-56e6be70\"><div class=\"gb-inside-container\">\n\n<h2 class=\"wp-block-heading\">Plus d&rsquo;informations sur les possibilit\u00e9s qu&rsquo;offrent les bardages de fa\u00e7ade et les lambris Burnblock<\/h2>\n\n\n\n<p>Plus d&rsquo;informations sur les possibilit\u00e9s qu&rsquo;offrent les bardages de fa\u00e7ade et les lambris Burnblock<\/p>\n\n\n\n<p>Prenez contact avec nous &#8211; nous vous conseillerons avec plaisir.<\/p>\n\n\n<div class=\"gb-button-wrapper gb-button-wrapper-5e83d71d\">\n\n<a class=\"gb-button gb-button-1c0684f2 gb-button-text button-border-none-vielfalt\" href=\"https:\/\/balteschwiler.ch\/fr\/fr-kontakt\/\">Contact<\/a>\n\n<\/div>\n<\/div><\/div>","protected":false},"excerpt":{"rendered":"<p>Burnblock: Produits de rabotage anti-feu L&rsquo;impr\u00e9gnation ignifuge Burnblock ouvre des possibilit\u00e9s enti\u00e8rement nouvelles pour l&rsquo;utilisation de bardages et de lambris en bois. Burnblock est le premier syst\u00e8me absolument naturel \u00e0 &#8230; <a title=\"Burnblock\" class=\"read-more\" href=\"https:\/\/balteschwiler.ch\/fr\/produits-de-construction-en-bois\/systemes-de-facades-en-bois\/burnblock\/\" aria-label=\"En savoir plus sur Burnblock\">Mehr<\/a><\/p>\n","protected":false},"author":1,"featured_media":0,"parent":5467,"menu_order":0,"comment_status":"closed","ping_status":"closed","template":"","meta":{"_acf_changed":false,"inline_featured_image":false,"_uag_custom_page_level_css":"","footnotes":""},"class_list":["post-5523","page","type-page","status-publish"],"acf":[],"yoast_head":"<!-- This site is optimized with the Yoast SEO plugin v27.5 - https:\/\/yoast.com\/product\/yoast-seo-wordpress\/ -->\n<title>Burnblock | Bardage de fa\u00e7ade anti-feu et lambris anti-feu<\/title>\n<meta name=\"description\" content=\"La solution pour les fa\u00e7ades et les int\u00e9rieurs avec des exigences de protection incendie: Burnblock bardage de fa\u00e7ade et lambris impr\u00e9gn\u00e9s\" \/>\n<meta name=\"robots\" content=\"index, follow, max-snippet:-1, max-image-preview:large, max-video-preview:-1\" \/>\n<link rel=\"canonical\" href=\"https:\/\/balteschwiler.ch\/fr\/produits-de-construction-en-bois\/systemes-de-facades-en-bois\/burnblock\/\" \/>\n<meta property=\"og:locale\" content=\"fr_FR\" \/>\n<meta property=\"og:type\" content=\"article\" \/>\n<meta property=\"og:title\" content=\"Burnblock | Bardage de fa\u00e7ade anti-feu et lambris anti-feu\" \/>\n<meta property=\"og:description\" content=\"La solution pour les fa\u00e7ades et les int\u00e9rieurs avec des exigences de protection incendie: Burnblock bardage de fa\u00e7ade et lambris impr\u00e9gn\u00e9s\" \/>\n<meta property=\"og:url\" content=\"https:\/\/balteschwiler.ch\/fr\/produits-de-construction-en-bois\/systemes-de-facades-en-bois\/burnblock\/\" \/>\n<meta property=\"og:site_name\" content=\"Balteschwiler AG\" \/>\n<meta property=\"article:publisher\" content=\"https:\/\/www.facebook.com\/balteschwiler\" \/>\n<meta property=\"article:modified_time\" content=\"2023-04-14T06:00:36+00:00\" \/>\n<meta property=\"og:image\" content=\"https:\/\/balteschwiler.ch\/wp-content\/uploads\/2023\/03\/Burnblock_Header_Teaser-1024x467.jpg\" \/>\n<meta name=\"twitter:card\" content=\"summary_large_image\" \/>\n<meta name=\"twitter:label1\" content=\"Dur\u00e9e de lecture estim\u00e9e\" \/>\n\t<meta name=\"twitter:data1\" content=\"3 minutes\" \/>\n<script type=\"application\/ld+json\" class=\"yoast-schema-graph\">{\"@context\":\"https:\\\/\\\/schema.org\",\"@graph\":[{\"@type\":\"WebPage\",\"@id\":\"https:\\\/\\\/balteschwiler.ch\\\/fr\\\/produits-de-construction-en-bois\\\/systemes-de-facades-en-bois\\\/burnblock\\\/\",\"url\":\"https:\\\/\\\/balteschwiler.ch\\\/fr\\\/produits-de-construction-en-bois\\\/systemes-de-facades-en-bois\\\/burnblock\\\/\",\"name\":\"Burnblock | Bardage de fa\u00e7ade anti-feu et lambris anti-feu\",\"isPartOf\":{\"@id\":\"https:\\\/\\\/balteschwiler.ch\\\/#website\"},\"primaryImageOfPage\":{\"@id\":\"https:\\\/\\\/balteschwiler.ch\\\/fr\\\/produits-de-construction-en-bois\\\/systemes-de-facades-en-bois\\\/burnblock\\\/#primaryimage\"},\"image\":{\"@id\":\"https:\\\/\\\/balteschwiler.ch\\\/fr\\\/produits-de-construction-en-bois\\\/systemes-de-facades-en-bois\\\/burnblock\\\/#primaryimage\"},\"thumbnailUrl\":\"https:\\\/\\\/balteschwiler.ch\\\/wp-content\\\/uploads\\\/2023\\\/03\\\/Burnblock_Header_Teaser-1024x467.jpg\",\"datePublished\":\"2022-10-06T13:21:38+00:00\",\"dateModified\":\"2023-04-14T06:00:36+00:00\",\"description\":\"La solution pour les fa\u00e7ades et les int\u00e9rieurs avec des exigences de protection incendie: Burnblock bardage de fa\u00e7ade et lambris impr\u00e9gn\u00e9s\",\"breadcrumb\":{\"@id\":\"https:\\\/\\\/balteschwiler.ch\\\/fr\\\/produits-de-construction-en-bois\\\/systemes-de-facades-en-bois\\\/burnblock\\\/#breadcrumb\"},\"inLanguage\":\"fr-FR\",\"potentialAction\":[{\"@type\":\"ReadAction\",\"target\":[\"https:\\\/\\\/balteschwiler.ch\\\/fr\\\/produits-de-construction-en-bois\\\/systemes-de-facades-en-bois\\\/burnblock\\\/\"]}]},{\"@type\":\"ImageObject\",\"inLanguage\":\"fr-FR\",\"@id\":\"https:\\\/\\\/balteschwiler.ch\\\/fr\\\/produits-de-construction-en-bois\\\/systemes-de-facades-en-bois\\\/burnblock\\\/#primaryimage\",\"url\":\"https:\\\/\\\/balteschwiler.ch\\\/wp-content\\\/uploads\\\/2023\\\/03\\\/Burnblock_Header_Teaser-1024x467.jpg\",\"contentUrl\":\"https:\\\/\\\/balteschwiler.ch\\\/wp-content\\\/uploads\\\/2023\\\/03\\\/Burnblock_Header_Teaser-1024x467.jpg\"},{\"@type\":\"BreadcrumbList\",\"@id\":\"https:\\\/\\\/balteschwiler.ch\\\/fr\\\/produits-de-construction-en-bois\\\/systemes-de-facades-en-bois\\\/burnblock\\\/#breadcrumb\",\"itemListElement\":[{\"@type\":\"ListItem\",\"position\":1,\"name\":\"Produits de construction en bois\",\"item\":\"https:\\\/\\\/balteschwiler.ch\\\/fr\\\/produits-de-construction-en-bois\\\/\"},{\"@type\":\"ListItem\",\"position\":2,\"name\":\"Syst\u00e8mes de fa\u00e7ades en bois\",\"item\":\"https:\\\/\\\/balteschwiler.ch\\\/fr\\\/produits-de-construction-en-bois\\\/systemes-de-facades-en-bois\\\/\"},{\"@type\":\"ListItem\",\"position\":3,\"name\":\"Burnblock\"}]},{\"@type\":\"WebSite\",\"@id\":\"https:\\\/\\\/balteschwiler.ch\\\/#website\",\"url\":\"https:\\\/\\\/balteschwiler.ch\\\/\",\"name\":\"Balteschwiler AG\",\"description\":\"\",\"publisher\":{\"@id\":\"https:\\\/\\\/balteschwiler.ch\\\/#organization\"},\"potentialAction\":[{\"@type\":\"SearchAction\",\"target\":{\"@type\":\"EntryPoint\",\"urlTemplate\":\"https:\\\/\\\/balteschwiler.ch\\\/?s={search_term_string}\"},\"query-input\":{\"@type\":\"PropertyValueSpecification\",\"valueRequired\":true,\"valueName\":\"search_term_string\"}}],\"inLanguage\":\"fr-FR\"},{\"@type\":\"Organization\",\"@id\":\"https:\\\/\\\/balteschwiler.ch\\\/#organization\",\"name\":\"Balteschwiler AG\",\"url\":\"https:\\\/\\\/balteschwiler.ch\\\/\",\"logo\":{\"@type\":\"ImageObject\",\"inLanguage\":\"fr-FR\",\"@id\":\"https:\\\/\\\/balteschwiler.ch\\\/#\\\/schema\\\/logo\\\/image\\\/\",\"url\":\"https:\\\/\\\/balteschwiler.ch\\\/wp-content\\\/uploads\\\/2022\\\/09\\\/rz_BAL_Logo_d_rgb.png\",\"contentUrl\":\"https:\\\/\\\/balteschwiler.ch\\\/wp-content\\\/uploads\\\/2022\\\/09\\\/rz_BAL_Logo_d_rgb.png\",\"width\":1182,\"height\":224,\"caption\":\"Balteschwiler AG\"},\"image\":{\"@id\":\"https:\\\/\\\/balteschwiler.ch\\\/#\\\/schema\\\/logo\\\/image\\\/\"},\"sameAs\":[\"https:\\\/\\\/www.facebook.com\\\/balteschwiler\"]}]}<\/script>\n<!-- \/ Yoast SEO plugin. -->","yoast_head_json":{"title":"Burnblock | Bardage de fa\u00e7ade anti-feu et lambris anti-feu","description":"La solution pour les fa\u00e7ades et les int\u00e9rieurs avec des exigences de protection incendie: Burnblock bardage de fa\u00e7ade et lambris impr\u00e9gn\u00e9s","robots":{"index":"index","follow":"follow","max-snippet":"max-snippet:-1","max-image-preview":"max-image-preview:large","max-video-preview":"max-video-preview:-1"},"canonical":"https:\/\/balteschwiler.ch\/fr\/produits-de-construction-en-bois\/systemes-de-facades-en-bois\/burnblock\/","og_locale":"fr_FR","og_type":"article","og_title":"Burnblock | Bardage de fa\u00e7ade anti-feu et lambris anti-feu","og_description":"La solution pour les fa\u00e7ades et les int\u00e9rieurs avec des exigences de protection incendie: Burnblock bardage de fa\u00e7ade et lambris impr\u00e9gn\u00e9s","og_url":"https:\/\/balteschwiler.ch\/fr\/produits-de-construction-en-bois\/systemes-de-facades-en-bois\/burnblock\/","og_site_name":"Balteschwiler AG","article_publisher":"https:\/\/www.facebook.com\/balteschwiler","article_modified_time":"2023-04-14T06:00:36+00:00","og_image":[{"url":"https:\/\/balteschwiler.ch\/wp-content\/uploads\/2023\/03\/Burnblock_Header_Teaser-1024x467.jpg","type":"","width":"","height":""}],"twitter_card":"summary_large_image","twitter_misc":{"Dur\u00e9e de lecture estim\u00e9e":"3 minutes"},"schema":{"@context":"https:\/\/schema.org","@graph":[{"@type":"WebPage","@id":"https:\/\/balteschwiler.ch\/fr\/produits-de-construction-en-bois\/systemes-de-facades-en-bois\/burnblock\/","url":"https:\/\/balteschwiler.ch\/fr\/produits-de-construction-en-bois\/systemes-de-facades-en-bois\/burnblock\/","name":"Burnblock | Bardage de fa\u00e7ade anti-feu et lambris anti-feu","isPartOf":{"@id":"https:\/\/balteschwiler.ch\/#website"},"primaryImageOfPage":{"@id":"https:\/\/balteschwiler.ch\/fr\/produits-de-construction-en-bois\/systemes-de-facades-en-bois\/burnblock\/#primaryimage"},"image":{"@id":"https:\/\/balteschwiler.ch\/fr\/produits-de-construction-en-bois\/systemes-de-facades-en-bois\/burnblock\/#primaryimage"},"thumbnailUrl":"https:\/\/balteschwiler.ch\/wp-content\/uploads\/2023\/03\/Burnblock_Header_Teaser-1024x467.jpg","datePublished":"2022-10-06T13:21:38+00:00","dateModified":"2023-04-14T06:00:36+00:00","description":"La solution pour les fa\u00e7ades et les int\u00e9rieurs avec des exigences de protection incendie: Burnblock bardage de fa\u00e7ade et lambris impr\u00e9gn\u00e9s","breadcrumb":{"@id":"https:\/\/balteschwiler.ch\/fr\/produits-de-construction-en-bois\/systemes-de-facades-en-bois\/burnblock\/#breadcrumb"},"inLanguage":"fr-FR","potentialAction":[{"@type":"ReadAction","target":["https:\/\/balteschwiler.ch\/fr\/produits-de-construction-en-bois\/systemes-de-facades-en-bois\/burnblock\/"]}]},{"@type":"ImageObject","inLanguage":"fr-FR","@id":"https:\/\/balteschwiler.ch\/fr\/produits-de-construction-en-bois\/systemes-de-facades-en-bois\/burnblock\/#primaryimage","url":"https:\/\/balteschwiler.ch\/wp-content\/uploads\/2023\/03\/Burnblock_Header_Teaser-1024x467.jpg","contentUrl":"https:\/\/balteschwiler.ch\/wp-content\/uploads\/2023\/03\/Burnblock_Header_Teaser-1024x467.jpg"},{"@type":"BreadcrumbList","@id":"https:\/\/balteschwiler.ch\/fr\/produits-de-construction-en-bois\/systemes-de-facades-en-bois\/burnblock\/#breadcrumb","itemListElement":[{"@type":"ListItem","position":1,"name":"Produits de construction en bois","item":"https:\/\/balteschwiler.ch\/fr\/produits-de-construction-en-bois\/"},{"@type":"ListItem","position":2,"name":"Syst\u00e8mes de fa\u00e7ades en bois","item":"https:\/\/balteschwiler.ch\/fr\/produits-de-construction-en-bois\/systemes-de-facades-en-bois\/"},{"@type":"ListItem","position":3,"name":"Burnblock"}]},{"@type":"WebSite","@id":"https:\/\/balteschwiler.ch\/#website","url":"https:\/\/balteschwiler.ch\/","name":"Balteschwiler AG","description":"","publisher":{"@id":"https:\/\/balteschwiler.ch\/#organization"},"potentialAction":[{"@type":"SearchAction","target":{"@type":"EntryPoint","urlTemplate":"https:\/\/balteschwiler.ch\/?s={search_term_string}"},"query-input":{"@type":"PropertyValueSpecification","valueRequired":true,"valueName":"search_term_string"}}],"inLanguage":"fr-FR"},{"@type":"Organization","@id":"https:\/\/balteschwiler.ch\/#organization","name":"Balteschwiler AG","url":"https:\/\/balteschwiler.ch\/","logo":{"@type":"ImageObject","inLanguage":"fr-FR","@id":"https:\/\/balteschwiler.ch\/#\/schema\/logo\/image\/","url":"https:\/\/balteschwiler.ch\/wp-content\/uploads\/2022\/09\/rz_BAL_Logo_d_rgb.png","contentUrl":"https:\/\/balteschwiler.ch\/wp-content\/uploads\/2022\/09\/rz_BAL_Logo_d_rgb.png","width":1182,"height":224,"caption":"Balteschwiler AG"},"image":{"@id":"https:\/\/balteschwiler.ch\/#\/schema\/logo\/image\/"},"sameAs":["https:\/\/www.facebook.com\/balteschwiler"]}]}},"uagb_featured_image_src":{"full":false,"thumbnail":false,"medium":false,"medium_large":false,"large":false,"1536x1536":false,"2048x2048":false,"gform-image-choice-sm":false,"gform-image-choice-md":false,"gform-image-choice-lg":false},"uagb_author_info":{"display_name":"Michael Sutter","author_link":"https:\/\/balteschwiler.ch\/fr\/author\/m-hoernlimannmichaelh-ch\/"},"uagb_comment_info":0,"uagb_excerpt":"Burnblock: Produits de rabotage anti-feu L&rsquo;impr\u00e9gnation ignifuge Burnblock ouvre des possibilit\u00e9s enti\u00e8rement nouvelles pour l&rsquo;utilisation de bardages et de lambris en bois. Burnblock est le premier syst\u00e8me absolument naturel \u00e0 ... Mehr","_links":{"self":[{"href":"https:\/\/balteschwiler.ch\/fr\/wp-json\/wp\/v2\/pages\/5523","targetHints":{"allow":["GET"]}}],"collection":[{"href":"https:\/\/balteschwiler.ch\/fr\/wp-json\/wp\/v2\/pages"}],"about":[{"href":"https:\/\/balteschwiler.ch\/fr\/wp-json\/wp\/v2\/types\/page"}],"author":[{"embeddable":true,"href":"https:\/\/balteschwiler.ch\/fr\/wp-json\/wp\/v2\/users\/1"}],"replies":[{"embeddable":true,"href":"https:\/\/balteschwiler.ch\/fr\/wp-json\/wp\/v2\/comments?post=5523"}],"version-history":[{"count":1,"href":"https:\/\/balteschwiler.ch\/fr\/wp-json\/wp\/v2\/pages\/5523\/revisions"}],"predecessor-version":[{"id":5524,"href":"https:\/\/balteschwiler.ch\/fr\/wp-json\/wp\/v2\/pages\/5523\/revisions\/5524"}],"up":[{"embeddable":true,"href":"https:\/\/balteschwiler.ch\/fr\/wp-json\/wp\/v2\/pages\/5467"}],"wp:attachment":[{"href":"https:\/\/balteschwiler.ch\/fr\/wp-json\/wp\/v2\/media?parent=5523"}],"curies":[{"name":"wp","href":"https:\/\/api.w.org\/{rel}","templated":true}]}}