{"id":5571,"date":"2022-09-15T10:02:33","date_gmt":"2022-09-15T08:02:33","guid":{"rendered":"https:\/\/balteschwiler.ch\/entreprise\/certificats-bois\/"},"modified":"2025-12-09T14:17:53","modified_gmt":"2025-12-09T13:17:53","slug":"certificats-bois","status":"publish","type":"page","link":"https:\/\/balteschwiler.ch\/fr\/entreprise\/certificats-bois\/","title":{"rendered":"Certificats bois"},"content":{"rendered":"<div class=\"gb-container gb-container-63836849\"><div class=\"gb-inside-container\">\n<div class=\"gb-container gb-container-7c36fc81 loadondesktop\"><div class=\"gb-inside-container\">\n<div class=\"gb-grid-wrapper gb-grid-wrapper-bc07d650\">\n<div class=\"gb-grid-column gb-grid-column-a88ae227\"><div class=\"gb-container gb-container-a88ae227\"><div class=\"gb-inside-container\">\n\n<h2 class=\"gb-headline gb-headline-3bd06d79 gb-headline-text\">Certificats bois<\/h2>\n\n<\/div><\/div><\/div>\n<\/div>\n<\/div><\/div>\n<\/div><\/div>\n\n<div class=\"gb-container gb-container-ce06048c loadondesktop\"><div class=\"gb-inside-container\">\n\n<p class=\"intro-text has-medium-font-size\">Le bois est l\u2019un des mat\u00e9riaux de construction les plus\nr\u00e9pandus qui existe. \u00c9prouv\u00e9 depuis des si\u00e8cles et confort\u00e9\npar de nombreuses exp\u00e9riences, le bois vit actuellement\nune v\u00e9ritable renaissance dans de nombreux secteurs de la\nconstruction.<\/p>\n\n<\/div><\/div>\n\n<div class=\"gb-container gb-container-296cc19d loadonmobile\"><div class=\"gb-inside-container\">\n\n<h1 class=\"wp-block-heading\">Certificats bois <\/h1>\n\n\n\n<p class=\"team-space has-medium-font-size\">Le bois est l\u2019un des mat\u00e9riaux de construction les plus\nr\u00e9pandus qui existe. \u00c9prouv\u00e9 depuis des si\u00e8cles et confort\u00e9\npar de nombreuses exp\u00e9riences, le bois vit actuellement\nune v\u00e9ritable renaissance dans de nombreux secteurs de la\nconstruction.<\/p>\n\n<\/div><\/div>\n\n<div class=\"gb-container gb-container-724e0c83\"><div class=\"gb-inside-container\">\n\n<div class=\"wp-block-columns is-layout-flex wp-container-core-columns-is-layout-9d6595d7 wp-block-columns-is-layout-flex\">\n<div class=\"wp-block-column has-background is-layout-flow wp-block-column-is-layout-flow\" style=\"background-color:#e0ddd5d6\">\n<h3 class=\"gb-headline gb-headline-4561ce45 gb-headline-text column-custom-margin column-custom-margin top-column-title-space no-bottom-space-holzbauprodukte\">Label Q-VSH<\/h3>\n\n\n\n<p class=\"column-custom-margin font-size-small-custom column-custom-margin-right has-medium-font-size\">Le\u00a0label Q-VSH\u00a0distingue les rev\u00eatements de fa\u00e7ade en bois rabot\u00e9, trait\u00e9s industriellement, qui sont test\u00e9s et reconnus comme adapt\u00e9s \u00e0 leur usage pr\u00e9vu. Il garantit que des crit\u00e8res de qualit\u00e9 d\u00e9finis dans les domaines du\u00a0bois, du rev\u00eatementet de l\u2019application\u00a0sont respect\u00e9s tout au long de la cha\u00eene de valeur.<br>L\u2019objectif du label est de promouvoir des fa\u00e7ades en bois de haute qualit\u00e9, fabriqu\u00e9es selon des\u00a0normes v\u00e9rifiables\u00a0et fond\u00e9es sur les connaissances techniques actuelles.<br>La Balteschwiler AG est l&rsquo;une des deux seules entreprises de rabotage certifi\u00e9es selon le Label Q-VSH et disposant de syst\u00e8mes de peinture certifi\u00e9s, r\u00e9pondant aux exigences du label.<\/p>\n\n\n<div class=\"gb-button-wrapper gb-button-wrapper-5be4539d column-custom-margin\">\n\n<a class=\"gb-button gb-button-63ff1bd1 gb-button-text smooth-scroll button-border-none\" href=\"https:\/\/vsh.ch\/fr\/q-vsh\/\" target=\"_blank\" rel=\"noopener noreferrer\">En savoir plus<\/a>\n\n<\/div>\n\n\n<div style=\"height:50px\" aria-hidden=\"true\" class=\"wp-block-spacer\"><\/div>\n<\/div>\n\n\n\n<div class=\"wp-block-column has-base-3-background-color has-background is-layout-flow wp-block-column-is-layout-flow\">\n<div style=\"height:100px\" aria-hidden=\"true\" class=\"wp-block-spacer\"><\/div>\n\n\n<div class=\"wp-block-image\">\n<figure class=\"aligncenter size-full is-resized\"><img loading=\"lazy\" decoding=\"async\" width=\"2108\" height=\"2392\" src=\"https:\/\/balteschwiler.ch\/wp-content\/uploads\/2025\/12\/VSH_Logo.jpg\" alt=\"\" class=\"wp-image-23913\" style=\"width:200px\" srcset=\"https:\/\/balteschwiler.ch\/wp-content\/uploads\/2025\/12\/VSH_Logo.jpg 2108w, https:\/\/balteschwiler.ch\/wp-content\/uploads\/2025\/12\/VSH_Logo-264x300.jpg 264w, https:\/\/balteschwiler.ch\/wp-content\/uploads\/2025\/12\/VSH_Logo-902x1024.jpg 902w, https:\/\/balteschwiler.ch\/wp-content\/uploads\/2025\/12\/VSH_Logo-768x871.jpg 768w, https:\/\/balteschwiler.ch\/wp-content\/uploads\/2025\/12\/VSH_Logo-1354x1536.jpg 1354w, https:\/\/balteschwiler.ch\/wp-content\/uploads\/2025\/12\/VSH_Logo-1805x2048.jpg 1805w\" sizes=\"auto, (max-width: 2108px) 100vw, 2108px\" \/><\/figure>\n<\/div><\/div>\n<\/div>\n\n\n\n<div class=\"wp-block-columns is-layout-flex wp-container-core-columns-is-layout-9d6595d7 wp-block-columns-is-layout-flex\">\n<div class=\"wp-block-column has-base-3-background-color has-background is-layout-flow wp-block-column-is-layout-flow\">\n<div style=\"height:100px\" aria-hidden=\"true\" class=\"wp-block-spacer\"><\/div>\n\n\n<div class=\"wp-block-image\">\n<figure class=\"aligncenter size-full is-resized\"><img loading=\"lazy\" decoding=\"async\" width=\"700\" height=\"221\" src=\"https:\/\/balteschwiler.ch\/wp-content\/uploads\/2023\/04\/label-schweizer-holz-de.png\" alt=\"\" class=\"wp-image-5197\" style=\"width:302px;height:95px\" srcset=\"https:\/\/balteschwiler.ch\/wp-content\/uploads\/2023\/04\/label-schweizer-holz-de.png 700w, https:\/\/balteschwiler.ch\/wp-content\/uploads\/2023\/04\/label-schweizer-holz-de-300x95.png 300w\" sizes=\"auto, (max-width: 700px) 100vw, 700px\" \/><\/figure>\n<\/div><\/div>\n\n\n\n<div class=\"wp-block-column has-background is-layout-flow wp-block-column-is-layout-flow\" style=\"background-color:#f5f5f5\">\n<h3 class=\"gb-headline gb-headline-e7f4513a gb-headline-text column-custom-margin column-custom-margin top-column-title-space no-bottom-space-holzbauprodukte\">Label Bois Suisse<\/h3>\n\n\n\n<p class=\"column-custom-margin font-size-small-custom column-custom-margin-right has-medium-font-size\">Les produits issus de for\u00eats suisses portent le Label Bois\nSuisse et constituent le meilleur choix, tant sur le plan\n\u00e9cologique qu&rsquo;\u00e9conomique. Le bois suisse est la mati\u00e8re\nnaturelle et renouvelable de notre pays. Le Label Bois Suisse\nest le signe fiable d&rsquo;un bois d&rsquo;origine suisse, d&rsquo;une cr\u00e9ation\nde valeur totale en Suisse &#8211; et d&rsquo;une utilisation responsable\net durable du bois et de la for\u00eat.<\/p>\n\n\n<div class=\"gb-button-wrapper gb-button-wrapper-13c8d353 column-custom-margin\">\n\n<a class=\"gb-button gb-button-14c3eec6 gb-button-text smooth-scroll button-border-none\" href=\"https:\/\/balteschwiler.ch\/wp-content\/uploads\/2023\/04\/Certificat-Label-Bois-Suisse.pdf\" target=\"_blank\" rel=\"noopener noreferrer\">Certificat Label Bois Suisse<\/a>\n\n<\/div>\n\n\n<div style=\"height:50px\" aria-hidden=\"true\" class=\"wp-block-spacer\"><\/div>\n<\/div>\n<\/div>\n\n\n\n<div class=\"wp-block-columns is-layout-flex wp-container-core-columns-is-layout-9d6595d7 wp-block-columns-is-layout-flex\">\n<div class=\"wp-block-column has-background is-layout-flow wp-block-column-is-layout-flow\" style=\"background-color:#e0ddd5\">\n<h3 class=\"gb-headline gb-headline-498e65b5 gb-headline-text column-custom-margin column-custom-margin top-column-title-space no-bottom-space-holzbauprodukte\">Programme for the Endorsement of Forest Certi\ufb01cation Schemes (PEFC)<\/h3>\n\n\n\n<p class=\"column-custom-margin font-size-small-custom column-custom-margin-right has-medium-font-size\">Le PEFC (Programme for the Endorsement of Forest Certification)\nest un label internationalement reconnu pour la\ngestion durable des for\u00eats.\nLe PEFC se distingue par des normes \u00e9cologiques, \u00e9conomiques\net sociales \u00e9lev\u00e9es, qui sont contr\u00f4l\u00e9es par des\ncertificateurs ind\u00e9pendants.\nLe label PEFC donne aux consommateurs l\u2018assurance que\nles produits du bois qu\u2018ils ach\u00e8tent proviennent d\u2018une sylviculture\nresponsable sur le plan environnemental et social.\nMais ce n\u2018est pas tout, de la for\u00eat certifi\u00e9e, en passant par\nles op\u00e9rations de transformation du bois, jusqu\u2018au produit\nfinal en rayon, le PEFC garantit une cha\u00eene de transformation\nparfaitement tra\u00e7able.<\/p>\n\n\n<div class=\"gb-button-wrapper gb-button-wrapper-29a05276 column-custom-margin\">\n\n<a class=\"gb-button gb-button-89a87224 gb-button-text smooth-scroll button-border-none\" href=\"https:\/\/balteschwiler.ch\/wp-content\/uploads\/2023\/04\/Certificat-PEFC.pdf\" target=\"_blank\" rel=\"noopener noreferrer\">Certificat PEFC<\/a>\n\n<\/div>\n\n\n<div style=\"height:50px\" aria-hidden=\"true\" class=\"wp-block-spacer\"><\/div>\n<\/div>\n\n\n\n<div class=\"wp-block-column has-base-3-background-color has-background is-layout-flow wp-block-column-is-layout-flow\">\n<div style=\"height:50px\" aria-hidden=\"true\" class=\"wp-block-spacer\"><\/div>\n\n\n<div class=\"wp-block-image\">\n<figure class=\"aligncenter size-full is-resized\"><img loading=\"lazy\" decoding=\"async\" width=\"500\" height=\"887\" src=\"https:\/\/balteschwiler.ch\/wp-content\/uploads\/2023\/04\/pefc-label-de.png\" alt=\"\" class=\"wp-image-5200\" style=\"width:202px;height:357px\" srcset=\"https:\/\/balteschwiler.ch\/wp-content\/uploads\/2023\/04\/pefc-label-de.png 500w, https:\/\/balteschwiler.ch\/wp-content\/uploads\/2023\/04\/pefc-label-de-169x300.png 169w\" sizes=\"auto, (max-width: 500px) 100vw, 500px\" \/><\/figure>\n<\/div><\/div>\n<\/div>\n\n\n\n<div class=\"wp-block-columns is-layout-flex wp-container-core-columns-is-layout-9d6595d7 wp-block-columns-is-layout-flex\">\n<div class=\"wp-block-column has-base-3-background-color has-background is-layout-flow wp-block-column-is-layout-flow\">\n<div style=\"height:50px\" aria-hidden=\"true\" class=\"wp-block-spacer\"><\/div>\n\n\n<div class=\"wp-block-image\">\n<figure class=\"aligncenter size-full is-resized\"><img loading=\"lazy\" decoding=\"async\" width=\"500\" height=\"792\" src=\"https:\/\/balteschwiler.ch\/wp-content\/uploads\/2023\/04\/fsc-label-de.png\" alt=\"\" class=\"wp-image-5203\" style=\"width:201px;height:319px\" srcset=\"https:\/\/balteschwiler.ch\/wp-content\/uploads\/2023\/04\/fsc-label-de.png 500w, https:\/\/balteschwiler.ch\/wp-content\/uploads\/2023\/04\/fsc-label-de-189x300.png 189w\" sizes=\"auto, (max-width: 500px) 100vw, 500px\" \/><\/figure>\n<\/div><\/div>\n\n\n\n<div class=\"wp-block-column has-background is-layout-flow wp-block-column-is-layout-flow\" style=\"background-color:#edebe7\">\n<h3 class=\"gb-headline gb-headline-61228506 gb-headline-text column-custom-margin column-custom-margin top-column-title-space no-bottom-space-holzbauprodukte\">Forest Stewardship Council (FSC\u00ae)<\/h3>\n\n\n\n<p class=\"column-custom-margin font-size-small-custom column-custom-margin-right has-medium-font-size\">Le PEFC (Programme for the Endorsement of Forest Certification)\nest un label internationalement reconnu pour la\ngestion durable des for\u00eats.\nLe PEFC se distingue par des normes \u00e9cologiques, \u00e9conomiques\net sociales \u00e9lev\u00e9es, qui sont contr\u00f4l\u00e9es par des\ncertificateurs ind\u00e9pendants.\nLe label PEFC donne aux consommateurs l\u2018assurance que\nles produits du bois qu\u2018ils ach\u00e8tent proviennent d\u2018une sylviculture\nresponsable sur le plan environnemental et social.\nMais ce n\u2018est pas tout, de la for\u00eat certifi\u00e9e, en passant par\nles op\u00e9rations de transformation du bois, jusqu\u2018au produit\nfinal en rayon, le PEFC garantit une cha\u00eene de transformation\nparfaitement tra\u00e7able.<\/p>\n\n\n<div class=\"gb-button-wrapper gb-button-wrapper-b52ec6bd column-custom-margin\">\n\n<a class=\"gb-button gb-button-b94aa283 gb-button-text smooth-scroll button-border-none\" href=\"https:\/\/balteschwiler.ch\/wp-content\/uploads\/2023\/04\/Certificat-FSC\u00ae.pdf\" target=\"_blank\" rel=\"noopener noreferrer\">Certificat FSC\u00ae<\/a>\n\n<\/div>\n\n\n<div style=\"height:50px\" aria-hidden=\"true\" class=\"wp-block-spacer\"><\/div>\n<\/div>\n<\/div>\n\n<\/div><\/div>","protected":false},"excerpt":{"rendered":"<p>Le bois est l\u2019un des mat\u00e9riaux de construction les plus r\u00e9pandus qui existe. \u00c9prouv\u00e9 depuis des si\u00e8cles et confort\u00e9 par de nombreuses exp\u00e9riences, le bois vit actuellement une v\u00e9ritable renaissance &#8230; <a title=\"Certificats bois\" class=\"read-more\" href=\"https:\/\/balteschwiler.ch\/fr\/entreprise\/certificats-bois\/\" aria-label=\"En savoir plus sur Certificats bois\">Mehr<\/a><\/p>\n","protected":false},"author":1,"featured_media":0,"parent":5548,"menu_order":0,"comment_status":"closed","ping_status":"closed","template":"","meta":{"_acf_changed":false,"inline_featured_image":false,"_uag_custom_page_level_css":"","footnotes":""},"class_list":["post-5571","page","type-page","status-publish"],"acf":[],"yoast_head":"<!-- This site is optimized with the Yoast SEO plugin v27.6 - https:\/\/yoast.com\/product\/yoast-seo-wordpress\/ -->\n<title>Certificats bois - Balteschwiler AG<\/title>\n<meta name=\"robots\" content=\"index, follow, max-snippet:-1, max-image-preview:large, max-video-preview:-1\" \/>\n<link rel=\"canonical\" href=\"https:\/\/balteschwiler.ch\/fr\/entreprise\/certificats-bois\/\" \/>\n<meta property=\"og:locale\" content=\"fr_FR\" \/>\n<meta property=\"og:type\" content=\"article\" \/>\n<meta property=\"og:title\" content=\"Certificats bois - Balteschwiler AG\" \/>\n<meta property=\"og:description\" content=\"Le bois est l\u2019un des mat\u00e9riaux de construction les plus r\u00e9pandus qui existe. \u00c9prouv\u00e9 depuis des si\u00e8cles et confort\u00e9 par de nombreuses exp\u00e9riences, le bois vit actuellement une v\u00e9ritable renaissance ... Mehr\" \/>\n<meta property=\"og:url\" content=\"https:\/\/balteschwiler.ch\/fr\/entreprise\/certificats-bois\/\" \/>\n<meta property=\"og:site_name\" content=\"Balteschwiler AG\" \/>\n<meta property=\"article:publisher\" content=\"https:\/\/www.facebook.com\/balteschwiler\" \/>\n<meta property=\"article:modified_time\" content=\"2025-12-09T13:17:53+00:00\" \/>\n<meta property=\"og:image\" content=\"https:\/\/balteschwiler.ch\/wp-content\/uploads\/2025\/12\/VSH_Logo.jpg\" \/>\n\t<meta property=\"og:image:width\" content=\"2108\" \/>\n\t<meta property=\"og:image:height\" content=\"2392\" \/>\n\t<meta property=\"og:image:type\" content=\"image\/jpeg\" \/>\n<meta name=\"twitter:card\" content=\"summary_large_image\" \/>\n<meta name=\"twitter:label1\" content=\"Dur\u00e9e de lecture estim\u00e9e\" \/>\n\t<meta name=\"twitter:data1\" content=\"4 minutes\" \/>\n<script type=\"application\/ld+json\" class=\"yoast-schema-graph\">{\"@context\":\"https:\\\/\\\/schema.org\",\"@graph\":[{\"@type\":\"WebPage\",\"@id\":\"https:\\\/\\\/balteschwiler.ch\\\/fr\\\/entreprise\\\/certificats-bois\\\/\",\"url\":\"https:\\\/\\\/balteschwiler.ch\\\/fr\\\/entreprise\\\/certificats-bois\\\/\",\"name\":\"Certificats bois - Balteschwiler AG\",\"isPartOf\":{\"@id\":\"https:\\\/\\\/balteschwiler.ch\\\/#website\"},\"primaryImageOfPage\":{\"@id\":\"https:\\\/\\\/balteschwiler.ch\\\/fr\\\/entreprise\\\/certificats-bois\\\/#primaryimage\"},\"image\":{\"@id\":\"https:\\\/\\\/balteschwiler.ch\\\/fr\\\/entreprise\\\/certificats-bois\\\/#primaryimage\"},\"thumbnailUrl\":\"https:\\\/\\\/balteschwiler.ch\\\/wp-content\\\/uploads\\\/2025\\\/12\\\/VSH_Logo.jpg\",\"datePublished\":\"2022-09-15T08:02:33+00:00\",\"dateModified\":\"2025-12-09T13:17:53+00:00\",\"breadcrumb\":{\"@id\":\"https:\\\/\\\/balteschwiler.ch\\\/fr\\\/entreprise\\\/certificats-bois\\\/#breadcrumb\"},\"inLanguage\":\"fr-FR\",\"potentialAction\":[{\"@type\":\"ReadAction\",\"target\":[\"https:\\\/\\\/balteschwiler.ch\\\/fr\\\/entreprise\\\/certificats-bois\\\/\"]}]},{\"@type\":\"ImageObject\",\"inLanguage\":\"fr-FR\",\"@id\":\"https:\\\/\\\/balteschwiler.ch\\\/fr\\\/entreprise\\\/certificats-bois\\\/#primaryimage\",\"url\":\"https:\\\/\\\/balteschwiler.ch\\\/wp-content\\\/uploads\\\/2025\\\/12\\\/VSH_Logo.jpg\",\"contentUrl\":\"https:\\\/\\\/balteschwiler.ch\\\/wp-content\\\/uploads\\\/2025\\\/12\\\/VSH_Logo.jpg\"},{\"@type\":\"BreadcrumbList\",\"@id\":\"https:\\\/\\\/balteschwiler.ch\\\/fr\\\/entreprise\\\/certificats-bois\\\/#breadcrumb\",\"itemListElement\":[{\"@type\":\"ListItem\",\"position\":1,\"name\":\"Entreprise\",\"item\":\"https:\\\/\\\/balteschwiler.ch\\\/fr\\\/entreprise\\\/\"},{\"@type\":\"ListItem\",\"position\":2,\"name\":\"Certificats bois\"}]},{\"@type\":\"WebSite\",\"@id\":\"https:\\\/\\\/balteschwiler.ch\\\/#website\",\"url\":\"https:\\\/\\\/balteschwiler.ch\\\/\",\"name\":\"Balteschwiler AG\",\"description\":\"\",\"publisher\":{\"@id\":\"https:\\\/\\\/balteschwiler.ch\\\/#organization\"},\"potentialAction\":[{\"@type\":\"SearchAction\",\"target\":{\"@type\":\"EntryPoint\",\"urlTemplate\":\"https:\\\/\\\/balteschwiler.ch\\\/?s={search_term_string}\"},\"query-input\":{\"@type\":\"PropertyValueSpecification\",\"valueRequired\":true,\"valueName\":\"search_term_string\"}}],\"inLanguage\":\"fr-FR\"},{\"@type\":\"Organization\",\"@id\":\"https:\\\/\\\/balteschwiler.ch\\\/#organization\",\"name\":\"Balteschwiler AG\",\"url\":\"https:\\\/\\\/balteschwiler.ch\\\/\",\"logo\":{\"@type\":\"ImageObject\",\"inLanguage\":\"fr-FR\",\"@id\":\"https:\\\/\\\/balteschwiler.ch\\\/#\\\/schema\\\/logo\\\/image\\\/\",\"url\":\"https:\\\/\\\/balteschwiler.ch\\\/wp-content\\\/uploads\\\/2022\\\/09\\\/rz_BAL_Logo_d_rgb.png\",\"contentUrl\":\"https:\\\/\\\/balteschwiler.ch\\\/wp-content\\\/uploads\\\/2022\\\/09\\\/rz_BAL_Logo_d_rgb.png\",\"width\":1182,\"height\":224,\"caption\":\"Balteschwiler AG\"},\"image\":{\"@id\":\"https:\\\/\\\/balteschwiler.ch\\\/#\\\/schema\\\/logo\\\/image\\\/\"},\"sameAs\":[\"https:\\\/\\\/www.facebook.com\\\/balteschwiler\"]}]}<\/script>\n<!-- \/ Yoast SEO plugin. -->","yoast_head_json":{"title":"Certificats bois - Balteschwiler AG","robots":{"index":"index","follow":"follow","max-snippet":"max-snippet:-1","max-image-preview":"max-image-preview:large","max-video-preview":"max-video-preview:-1"},"canonical":"https:\/\/balteschwiler.ch\/fr\/entreprise\/certificats-bois\/","og_locale":"fr_FR","og_type":"article","og_title":"Certificats bois - Balteschwiler AG","og_description":"Le bois est l\u2019un des mat\u00e9riaux de construction les plus r\u00e9pandus qui existe. \u00c9prouv\u00e9 depuis des si\u00e8cles et confort\u00e9 par de nombreuses exp\u00e9riences, le bois vit actuellement une v\u00e9ritable renaissance ... Mehr","og_url":"https:\/\/balteschwiler.ch\/fr\/entreprise\/certificats-bois\/","og_site_name":"Balteschwiler AG","article_publisher":"https:\/\/www.facebook.com\/balteschwiler","article_modified_time":"2025-12-09T13:17:53+00:00","og_image":[{"width":2108,"height":2392,"url":"https:\/\/balteschwiler.ch\/wp-content\/uploads\/2025\/12\/VSH_Logo.jpg","type":"image\/jpeg"}],"twitter_card":"summary_large_image","twitter_misc":{"Dur\u00e9e de lecture estim\u00e9e":"4 minutes"},"schema":{"@context":"https:\/\/schema.org","@graph":[{"@type":"WebPage","@id":"https:\/\/balteschwiler.ch\/fr\/entreprise\/certificats-bois\/","url":"https:\/\/balteschwiler.ch\/fr\/entreprise\/certificats-bois\/","name":"Certificats bois - Balteschwiler AG","isPartOf":{"@id":"https:\/\/balteschwiler.ch\/#website"},"primaryImageOfPage":{"@id":"https:\/\/balteschwiler.ch\/fr\/entreprise\/certificats-bois\/#primaryimage"},"image":{"@id":"https:\/\/balteschwiler.ch\/fr\/entreprise\/certificats-bois\/#primaryimage"},"thumbnailUrl":"https:\/\/balteschwiler.ch\/wp-content\/uploads\/2025\/12\/VSH_Logo.jpg","datePublished":"2022-09-15T08:02:33+00:00","dateModified":"2025-12-09T13:17:53+00:00","breadcrumb":{"@id":"https:\/\/balteschwiler.ch\/fr\/entreprise\/certificats-bois\/#breadcrumb"},"inLanguage":"fr-FR","potentialAction":[{"@type":"ReadAction","target":["https:\/\/balteschwiler.ch\/fr\/entreprise\/certificats-bois\/"]}]},{"@type":"ImageObject","inLanguage":"fr-FR","@id":"https:\/\/balteschwiler.ch\/fr\/entreprise\/certificats-bois\/#primaryimage","url":"https:\/\/balteschwiler.ch\/wp-content\/uploads\/2025\/12\/VSH_Logo.jpg","contentUrl":"https:\/\/balteschwiler.ch\/wp-content\/uploads\/2025\/12\/VSH_Logo.jpg"},{"@type":"BreadcrumbList","@id":"https:\/\/balteschwiler.ch\/fr\/entreprise\/certificats-bois\/#breadcrumb","itemListElement":[{"@type":"ListItem","position":1,"name":"Entreprise","item":"https:\/\/balteschwiler.ch\/fr\/entreprise\/"},{"@type":"ListItem","position":2,"name":"Certificats bois"}]},{"@type":"WebSite","@id":"https:\/\/balteschwiler.ch\/#website","url":"https:\/\/balteschwiler.ch\/","name":"Balteschwiler AG","description":"","publisher":{"@id":"https:\/\/balteschwiler.ch\/#organization"},"potentialAction":[{"@type":"SearchAction","target":{"@type":"EntryPoint","urlTemplate":"https:\/\/balteschwiler.ch\/?s={search_term_string}"},"query-input":{"@type":"PropertyValueSpecification","valueRequired":true,"valueName":"search_term_string"}}],"inLanguage":"fr-FR"},{"@type":"Organization","@id":"https:\/\/balteschwiler.ch\/#organization","name":"Balteschwiler AG","url":"https:\/\/balteschwiler.ch\/","logo":{"@type":"ImageObject","inLanguage":"fr-FR","@id":"https:\/\/balteschwiler.ch\/#\/schema\/logo\/image\/","url":"https:\/\/balteschwiler.ch\/wp-content\/uploads\/2022\/09\/rz_BAL_Logo_d_rgb.png","contentUrl":"https:\/\/balteschwiler.ch\/wp-content\/uploads\/2022\/09\/rz_BAL_Logo_d_rgb.png","width":1182,"height":224,"caption":"Balteschwiler AG"},"image":{"@id":"https:\/\/balteschwiler.ch\/#\/schema\/logo\/image\/"},"sameAs":["https:\/\/www.facebook.com\/balteschwiler"]}]}},"uagb_featured_image_src":{"full":false,"thumbnail":false,"medium":false,"medium_large":false,"large":false,"1536x1536":false,"2048x2048":false,"gform-image-choice-sm":false,"gform-image-choice-md":false,"gform-image-choice-lg":false},"uagb_author_info":{"display_name":"Michael Sutter","author_link":"https:\/\/balteschwiler.ch\/fr\/author\/m-hoernlimannmichaelh-ch\/"},"uagb_comment_info":0,"uagb_excerpt":"Le bois est l\u2019un des mat\u00e9riaux de construction les plus r\u00e9pandus qui existe. \u00c9prouv\u00e9 depuis des si\u00e8cles et confort\u00e9 par de nombreuses exp\u00e9riences, le bois vit actuellement une v\u00e9ritable renaissance ... Mehr","_links":{"self":[{"href":"https:\/\/balteschwiler.ch\/fr\/wp-json\/wp\/v2\/pages\/5571","targetHints":{"allow":["GET"]}}],"collection":[{"href":"https:\/\/balteschwiler.ch\/fr\/wp-json\/wp\/v2\/pages"}],"about":[{"href":"https:\/\/balteschwiler.ch\/fr\/wp-json\/wp\/v2\/types\/page"}],"author":[{"embeddable":true,"href":"https:\/\/balteschwiler.ch\/fr\/wp-json\/wp\/v2\/users\/1"}],"replies":[{"embeddable":true,"href":"https:\/\/balteschwiler.ch\/fr\/wp-json\/wp\/v2\/comments?post=5571"}],"version-history":[{"count":7,"href":"https:\/\/balteschwiler.ch\/fr\/wp-json\/wp\/v2\/pages\/5571\/revisions"}],"predecessor-version":[{"id":23957,"href":"https:\/\/balteschwiler.ch\/fr\/wp-json\/wp\/v2\/pages\/5571\/revisions\/23957"}],"up":[{"embeddable":true,"href":"https:\/\/balteschwiler.ch\/fr\/wp-json\/wp\/v2\/pages\/5548"}],"wp:attachment":[{"href":"https:\/\/balteschwiler.ch\/fr\/wp-json\/wp\/v2\/media?parent=5571"}],"curies":[{"name":"wp","href":"https:\/\/api.w.org\/{rel}","templated":true}]}}