{"id":5591,"date":"2022-09-15T09:54:49","date_gmt":"2022-09-15T07:54:49","guid":{"rendered":"https:\/\/balteschwiler.ch\/actualites\/"},"modified":"2025-07-31T13:22:25","modified_gmt":"2025-07-31T11:22:25","slug":"actualites","status":"publish","type":"page","link":"https:\/\/balteschwiler.ch\/fr\/actualites\/","title":{"rendered":"Actualit\u00e9s"},"content":{"rendered":"<div class=\"gb-container gb-container-63836849\"><div class=\"gb-inside-container\">\n<div class=\"gb-container gb-container-7c36fc81 loadondesktop\"><div class=\"gb-inside-container\">\n<div class=\"gb-grid-wrapper gb-grid-wrapper-bc07d650\">\n<div class=\"gb-grid-column gb-grid-column-a88ae227\"><div class=\"gb-container gb-container-a88ae227\"><div class=\"gb-inside-container\">\n\n<h2 class=\"gb-headline gb-headline-3bd06d79 gb-headline-text\">Actualit\u00e9s<\/h2>\n\n<\/div><\/div><\/div>\n<\/div>\n<\/div><\/div>\n<\/div><\/div>\n\n<div class=\"gb-container gb-container-296cc19d loadonmobile\"><div class=\"gb-inside-container\">\n\n<h1 class=\"wp-block-heading\">Actualit\u00e9s<\/h1>\n\n<\/div><\/div>\n\n<div class=\"gb-container gb-container-60c86195\">\n\n<div class=\"wp-block-stackable-posts stk-block-posts stk--has-container stk-block stk-1570070 stk-entrance is-style-horizontal-2\" data-v=\"2\" data-block-id=\"1570070\"><style>.stk-1570070 {--stk-columns:1 !important;}.stk-1570070 .stk-block-posts__image-link:not(:empty){width:40% !important;}.stk-1570070-container{max-width:1300px !important;min-width:auto !important;margin-right:auto !important;margin-left:auto !important;}.stk-1570070 .stk-img-wrapper{height:100% !important;}.stk-1570070 .stk-block-posts__readmore{font-weight:bold !important;}<\/style><style class=\"stk-custom-css\">.stk-1570070.stk-block-posts a,.stk-1570070.stk-block-posts a:hover,.stk-1570070.stk-block-posts a:focus{text-decoration:none !important;box-shadow:none !important;border-bottom:none !important}.stk-1570070 .stk-posts__items .stk-post{display:flex !important;flex-direction:row !important;gap:2rem !important;align-items:center !important}.stk-1570070 .stk-posts__items .stk-post:nth-child(even){flex-direction:row-reverse !important}.stk-1570070 .stk-post__image,.stk-1570070 .stk-post__content{flex:1 1 50% !important}.stk-1570070 .stk-post__content{padding:0 2rem !important}@media (max-width:768px){.stk-1570070 .stk-posts__items .stk-post{flex-direction:column !important}.stk-1570070 .stk-post__image,.stk-1570070 .stk-post__content{flex:1 1 100% !important;padding:0 !important}}<\/style><div class=\"stk-inner-blocks stk-content-align stk-1570070-column\"><div class=\"stk-block-posts__items\"><div class=\"stk-block-posts__item\"><div class=\"stk-container stk-1570070-container stk-hover-parent\"><a href=\"https:\/\/balteschwiler.ch\/fr\/horaires-douverture-pendant-paques-lascension-et-la-pentecote\/\" class=\"stk-block-posts__image-link\"><figure class=\"stk-img-wrapper stk-image--shape-stretch\"><img loading=\"lazy\" decoding=\"async\" width=\"300\" height=\"200\" src=\"https:\/\/balteschwiler.ch\/wp-content\/uploads\/2026\/03\/Beitragsbilder-Ostern-klein-fr-300x200.jpg\" class=\"attachment-medium size-medium wp-post-image\" alt=\"\" srcset=\"https:\/\/balteschwiler.ch\/wp-content\/uploads\/2026\/03\/Beitragsbilder-Ostern-klein-fr-300x200.jpg 300w, https:\/\/balteschwiler.ch\/wp-content\/uploads\/2026\/03\/Beitragsbilder-Ostern-klein-fr.jpg 768w\" sizes=\"auto, (max-width: 300px) 100vw, 300px\" \/><\/figure><\/a><article class=\"stk-container-padding\"><aside class=\"stk-block-posts__meta stk-subtitle\"><time datetime=\"2026-04-01T11:16:49+02:00\">1 avril 2026<\/time><\/aside><h3 class=\"stk-block-posts__title\"><a href='https:\/\/balteschwiler.ch\/fr\/horaires-douverture-pendant-paques-lascension-et-la-pentecote\/'>Horaires d\u2019ouverture pendant P\u00e2ques, l\u2019Ascension et la Pentec\u00f4te<\/a><\/h3><div class=\"stk-block-posts__excerpt\"><p>Horaires d\u2019ouverture pendant P\u00e2ques, l\u2019Ascension et la Pentec\u00f4te Nous sommes ferm\u00e9s aux dates suivantes : Vendredi saint, 3 avril 2026Lundi de P\u00e2ques, 6 avril 2026Ascension, 14\u2026<\/p>\n<\/div><a class=\"stk-block-posts__readmore\" href=\"https:\/\/balteschwiler.ch\/fr\/horaires-douverture-pendant-paques-lascension-et-la-pentecote\/\">Mehr erfahren<\/a><\/article><\/div><\/div><div class=\"stk-block-posts__item\"><div class=\"stk-container stk-1570070-container stk-hover-parent\"><a href=\"https:\/\/balteschwiler.ch\/fr\/elements-modulaires-en-bois-pour-le-complexe-sportif-sportfabrique\/\" class=\"stk-block-posts__image-link\"><figure class=\"stk-img-wrapper stk-image--shape-stretch\"><img loading=\"lazy\" decoding=\"async\" width=\"300\" height=\"200\" src=\"https:\/\/balteschwiler.ch\/wp-content\/uploads\/2026\/03\/beitragsbild-multisporthalle-biel-300x200.jpg\" class=\"attachment-medium size-medium wp-post-image\" alt=\"\" srcset=\"https:\/\/balteschwiler.ch\/wp-content\/uploads\/2026\/03\/beitragsbild-multisporthalle-biel-300x200.jpg 300w, https:\/\/balteschwiler.ch\/wp-content\/uploads\/2026\/03\/beitragsbild-multisporthalle-biel-1024x683.jpg 1024w, https:\/\/balteschwiler.ch\/wp-content\/uploads\/2026\/03\/beitragsbild-multisporthalle-biel-768x512.jpg 768w, https:\/\/balteschwiler.ch\/wp-content\/uploads\/2026\/03\/beitragsbild-multisporthalle-biel.jpg 1200w\" sizes=\"auto, (max-width: 300px) 100vw, 300px\" \/><\/figure><\/a><article class=\"stk-container-padding\"><aside class=\"stk-block-posts__meta stk-subtitle\"><time datetime=\"2026-03-13T10:24:50+01:00\">13 mars 2026<\/time><\/aside><h3 class=\"stk-block-posts__title\"><a href='https:\/\/balteschwiler.ch\/fr\/elements-modulaires-en-bois-pour-le-complexe-sportif-sportfabrique\/'>\u00c9l\u00e9ments modulaires en bois pour le complexe sportif \u00abSportfabrique\u00bb<\/a><\/h3><div class=\"stk-block-posts__excerpt\"><p>Modules de cages d\u2019ascenseur en CLT pour les halles multisports de Bienne Avec les nouvelles halles multisports du quartier de Boujean \u00e0 Bienne, achev\u00e9es en 2025,\u2026<\/p>\n<\/div><a class=\"stk-block-posts__readmore\" href=\"https:\/\/balteschwiler.ch\/fr\/elements-modulaires-en-bois-pour-le-complexe-sportif-sportfabrique\/\">Mehr erfahren<\/a><\/article><\/div><\/div><div class=\"stk-block-posts__item\"><div class=\"stk-container stk-1570070-container stk-hover-parent\"><a href=\"https:\/\/balteschwiler.ch\/fr\/veraenderungen-im-team\/\" class=\"stk-block-posts__image-link\"><figure class=\"stk-img-wrapper stk-image--shape-stretch\"><img loading=\"lazy\" decoding=\"async\" width=\"300\" height=\"155\" src=\"https:\/\/balteschwiler.ch\/wp-content\/uploads\/2026\/03\/Screenshot-2026-03-03-154056-300x155.png\" class=\"attachment-medium size-medium wp-post-image\" alt=\"\" srcset=\"https:\/\/balteschwiler.ch\/wp-content\/uploads\/2026\/03\/Screenshot-2026-03-03-154056-300x155.png 300w, https:\/\/balteschwiler.ch\/wp-content\/uploads\/2026\/03\/Screenshot-2026-03-03-154056.png 657w\" sizes=\"auto, (max-width: 300px) 100vw, 300px\" \/><\/figure><\/a><article class=\"stk-container-padding\"><aside class=\"stk-block-posts__meta stk-subtitle\"><time datetime=\"2026-01-28T15:39:56+01:00\">28 janvier 2026<\/time><\/aside><h3 class=\"stk-block-posts__title\"><a href='https:\/\/balteschwiler.ch\/fr\/veraenderungen-im-team\/'>Du changement dans l&#039;\u00e9quipe!<\/a><\/h3><div class=\"stk-block-posts__excerpt\"><p>Du changement dans l&rsquo;\u00e9quipe! nous avons engag\u00e9 un nouveau responsable de production pour coordonner les activit\u00e9s du centre d&rsquo;usinage. Il apportera \u00e9galement une grande plus-value pour\u2026<\/p>\n<\/div><a class=\"stk-block-posts__readmore\" href=\"https:\/\/balteschwiler.ch\/fr\/veraenderungen-im-team\/\">Mehr erfahren<\/a><\/article><\/div><\/div><div class=\"stk-block-posts__item\"><div class=\"stk-container stk-1570070-container stk-hover-parent\"><a href=\"https:\/\/balteschwiler.ch\/fr\/facades-en-bois-suisse-apercu-des-projets-de-reference\/\" class=\"stk-block-posts__image-link\"><figure class=\"stk-img-wrapper stk-image--shape-stretch\"><img loading=\"lazy\" decoding=\"async\" width=\"300\" height=\"200\" src=\"https:\/\/balteschwiler.ch\/wp-content\/uploads\/2026\/01\/Beitragsbilder-klein-300x200.jpg\" class=\"attachment-medium size-medium wp-post-image\" alt=\"\" srcset=\"https:\/\/balteschwiler.ch\/wp-content\/uploads\/2026\/01\/Beitragsbilder-klein-300x200.jpg 300w, https:\/\/balteschwiler.ch\/wp-content\/uploads\/2026\/01\/Beitragsbilder-klein.jpg 768w\" sizes=\"auto, (max-width: 300px) 100vw, 300px\" \/><\/figure><\/a><article class=\"stk-container-padding\"><aside class=\"stk-block-posts__meta stk-subtitle\"><time datetime=\"2026-01-22T15:59:16+01:00\">22 janvier 2026<\/time><\/aside><h3 class=\"stk-block-posts__title\"><a href='https:\/\/balteschwiler.ch\/fr\/facades-en-bois-suisse-apercu-des-projets-de-reference\/'>Fa\u00e7ades en bois suisse \u2013 aper\u00e7u des projets de r\u00e9f\u00e9rence<\/a><\/h3><div class=\"stk-block-posts__excerpt\"><p>Fa\u00e7ades en bois suisse \u2013 aper\u00e7u des projets de r\u00e9f\u00e9rence Nous&nbsp;avons&nbsp;pu&nbsp;fournir&nbsp;des&nbsp;fa\u00e7ades&nbsp;en&nbsp;bois&nbsp;de haute&nbsp;qualit\u00e9&nbsp;issues&nbsp;de&nbsp;bois&nbsp;suisse&nbsp;pour&nbsp;divers&nbsp;projets,&nbsp;notamment&nbsp;des&nbsp;b\u00e2timents&nbsp;scolaires, des&nbsp;ensembles&nbsp;r\u00e9sidentiels&nbsp;et des&nbsp;constructions&nbsp;\u00e0&nbsp;usage&nbsp;mixte.&nbsp;Les&nbsp;r\u00e9f\u00e9rences&nbsp;d\u00e9sormais&nbsp;publi\u00e9es&nbsp;illustrent&nbsp;de&nbsp;mani\u00e8re&nbsp;exemplaire&nbsp;la&nbsp;polyvalence, la&nbsp;durabilit\u00e9&nbsp;et la&nbsp;force&nbsp;d\u2019expression&nbsp;du&nbsp;bois&nbsp;en tant&nbsp;que&nbsp;mat\u00e9riau&nbsp;de&nbsp;fa\u00e7ade.&nbsp; \u00c0\u202fD\u00f6ttingen,&nbsp;un&nbsp;jardin&nbsp;d\u2019enfants&nbsp;de&nbsp;six&nbsp;groupes&nbsp;a&nbsp;notamment&nbsp;\u00e9t\u00e9&nbsp;r\u00e9alis\u00e9&nbsp;dans&nbsp;le&nbsp;cadre&nbsp;du&nbsp;complexe&nbsp;scolaire&nbsp;Boge. Le&nbsp;bardage&nbsp;de&nbsp;fa\u00e7ade&nbsp;vertical&nbsp;en&nbsp;\u00e9pic\u00e9a&nbsp;suisse&nbsp;conf\u00e8re&nbsp;\u00e0 la&nbsp;construction&nbsp;hybride&nbsp;une&nbsp;apparence&nbsp;chaleureuse&nbsp;et robuste,&nbsp;tout&nbsp;en&nbsp;soulignant&nbsp;la&nbsp;structure&nbsp;architecturale&nbsp;claire&nbsp;du nouveau&nbsp;b\u00e2timent.&nbsp; Pour&nbsp;l\u2019immeuble&nbsp;r\u00e9sidentiel&nbsp;et&nbsp;commercial\u202f\u00ab&nbsp;Chr\u00fczacher&nbsp;I \u00bb\u202fsitu\u00e9&nbsp;sur&nbsp;la&nbsp;R\u00fctistrasse&nbsp;\u00e0\u202fRapperswil-Jona,&nbsp;une&nbsp;fa\u00e7ade&nbsp;ouverte en&nbsp;sapin&nbsp;blanc&nbsp;portant&nbsp;le&nbsp;label&nbsp;\u00ab Bois\u2026<\/p>\n<\/div><a class=\"stk-block-posts__readmore\" href=\"https:\/\/balteschwiler.ch\/fr\/facades-en-bois-suisse-apercu-des-projets-de-reference\/\">Mehr erfahren<\/a><\/article><\/div><\/div><div class=\"stk-block-posts__item\"><div class=\"stk-container stk-1570070-container stk-hover-parent\"><a href=\"https:\/\/balteschwiler.ch\/fr\/heures-douverture-pour-la-periode-de-noel-etde-nouvel-an-2025-2026\/\" class=\"stk-block-posts__image-link\"><figure class=\"stk-img-wrapper stk-image--shape-stretch\"><img loading=\"lazy\" decoding=\"async\" width=\"300\" height=\"200\" src=\"https:\/\/balteschwiler.ch\/wp-content\/uploads\/2025\/11\/Newsbeitrag-Weihnachten-fr-klein-300x200.jpg\" class=\"attachment-medium size-medium wp-post-image\" alt=\"\" srcset=\"https:\/\/balteschwiler.ch\/wp-content\/uploads\/2025\/11\/Newsbeitrag-Weihnachten-fr-klein-300x200.jpg 300w, https:\/\/balteschwiler.ch\/wp-content\/uploads\/2025\/11\/Newsbeitrag-Weihnachten-fr-klein.jpg 768w\" sizes=\"auto, (max-width: 300px) 100vw, 300px\" \/><\/figure><\/a><article class=\"stk-container-padding\"><aside class=\"stk-block-posts__meta stk-subtitle\"><time datetime=\"2025-12-12T07:37:33+01:00\">12 d\u00e9cembre 2025<\/time><\/aside><h3 class=\"stk-block-posts__title\"><a href='https:\/\/balteschwiler.ch\/fr\/heures-douverture-pour-la-periode-de-noel-etde-nouvel-an-2025-2026\/'>Heures d\u2019ouverture pour la p\u00e9riode de No\u00ebl etde nouvel an 2025\/2026<\/a><\/h3><div class=\"stk-block-posts__excerpt\"><p>Heures d\u2019ouverture pour la p\u00e9riode de No\u00ebl et de nouvel an 2025\/2026 Vous pouvez encore passer commande jusqu\u2019au 17 d\u00e9cembre 2025 \u00e0 12 h 00, le\u2026<\/p>\n<\/div><a class=\"stk-block-posts__readmore\" href=\"https:\/\/balteschwiler.ch\/fr\/heures-douverture-pour-la-periode-de-noel-etde-nouvel-an-2025-2026\/\">Mehr erfahren<\/a><\/article><\/div><\/div><div class=\"stk-block-posts__item\"><div class=\"stk-container stk-1570070-container stk-hover-parent\"><a href=\"https:\/\/balteschwiler.ch\/fr\/immeuble-residentiel-a-la-stampfenbachstrasse-zurich\/\" class=\"stk-block-posts__image-link\"><figure class=\"stk-img-wrapper stk-image--shape-stretch\"><img loading=\"lazy\" decoding=\"async\" width=\"300\" height=\"200\" src=\"https:\/\/balteschwiler.ch\/wp-content\/uploads\/2025\/11\/referenz-stampfenbachstrasse-zuerich-newsbeitrag-300x200.jpg\" class=\"attachment-medium size-medium wp-post-image\" alt=\"\" srcset=\"https:\/\/balteschwiler.ch\/wp-content\/uploads\/2025\/11\/referenz-stampfenbachstrasse-zuerich-newsbeitrag-300x200.jpg 300w, https:\/\/balteschwiler.ch\/wp-content\/uploads\/2025\/11\/referenz-stampfenbachstrasse-zuerich-newsbeitrag-1024x683.jpg 1024w, https:\/\/balteschwiler.ch\/wp-content\/uploads\/2025\/11\/referenz-stampfenbachstrasse-zuerich-newsbeitrag-768x512.jpg 768w, https:\/\/balteschwiler.ch\/wp-content\/uploads\/2025\/11\/referenz-stampfenbachstrasse-zuerich-newsbeitrag.jpg 1200w\" sizes=\"auto, (max-width: 300px) 100vw, 300px\" \/><\/figure><\/a><article class=\"stk-container-padding\"><aside class=\"stk-block-posts__meta stk-subtitle\"><time datetime=\"2025-12-09T14:10:38+01:00\">9 d\u00e9cembre 2025<\/time><\/aside><h3 class=\"stk-block-posts__title\"><a href='https:\/\/balteschwiler.ch\/fr\/immeuble-residentiel-a-la-stampfenbachstrasse-zurich\/'>Immeuble r\u00e9sidentiel \u00e0 la Stampfenbachstrasse, Zurich<\/a><\/h3><div class=\"stk-block-posts__excerpt\"><p>CLT apparent comme \u00e9l\u00e9ment architectural \u2013 Nouveau b\u00e2timent r\u00e9sidentiel \u00e0 la Stampfenbachstrasse, Zurich \u00c0 la Stampfenbachstrasse \u00e0 Zurich, un immeuble d\u2019habitation moderne en construction bois a\u2026<\/p>\n<\/div><a class=\"stk-block-posts__readmore\" href=\"https:\/\/balteschwiler.ch\/fr\/immeuble-residentiel-a-la-stampfenbachstrasse-zurich\/\">Mehr erfahren<\/a><\/article><\/div><\/div><\/div><div class=\"stk-inner-blocks\"><\/div><\/div><\/div>\n\n<\/div>\n\n\n<div style=\"height:100px\" aria-hidden=\"true\" class=\"wp-block-spacer\"><\/div>\n","protected":false},"excerpt":{"rendered":"<p>Actualit\u00e9s 1 avril 2026 Horaires d\u2019ouverture pendant P\u00e2ques, l\u2019Ascension et la Pentec\u00f4te Horaires d\u2019ouverture pendant P\u00e2ques, l\u2019Ascension et la Pentec\u00f4te Nous sommes ferm\u00e9s aux dates suivantes : Vendredi saint, 3 &#8230; <a title=\"Actualit\u00e9s\" class=\"read-more\" href=\"https:\/\/balteschwiler.ch\/fr\/actualites\/\" aria-label=\"En savoir plus sur Actualit\u00e9s\">Mehr<\/a><\/p>\n","protected":false},"author":1,"featured_media":0,"parent":0,"menu_order":0,"comment_status":"closed","ping_status":"closed","template":"","meta":{"_acf_changed":false,"inline_featured_image":false,"_uag_custom_page_level_css":"","footnotes":""},"class_list":["post-5591","page","type-page","status-publish"],"acf":[],"yoast_head":"<!-- This site is optimized with the Yoast SEO plugin v27.3 - https:\/\/yoast.com\/product\/yoast-seo-wordpress\/ -->\n<title>Actualit\u00e9s - Balteschwiler AG<\/title>\n<meta name=\"robots\" content=\"index, follow, max-snippet:-1, max-image-preview:large, max-video-preview:-1\" \/>\n<link rel=\"canonical\" href=\"https:\/\/balteschwiler.ch\/fr\/actualites\/\" \/>\n<meta property=\"og:locale\" content=\"fr_FR\" \/>\n<meta property=\"og:type\" content=\"article\" \/>\n<meta property=\"og:title\" content=\"Actualit\u00e9s - Balteschwiler AG\" \/>\n<meta property=\"og:description\" content=\"Actualit\u00e9s 1 avril 2026 Horaires d\u2019ouverture pendant P\u00e2ques, l\u2019Ascension et la Pentec\u00f4te Horaires d\u2019ouverture pendant P\u00e2ques, l\u2019Ascension et la Pentec\u00f4te Nous sommes ferm\u00e9s aux dates suivantes : Vendredi saint, 3 ... Mehr\" \/>\n<meta property=\"og:url\" content=\"https:\/\/balteschwiler.ch\/fr\/actualites\/\" \/>\n<meta property=\"og:site_name\" content=\"Balteschwiler AG\" \/>\n<meta property=\"article:publisher\" content=\"https:\/\/www.facebook.com\/balteschwiler\" \/>\n<meta property=\"article:modified_time\" content=\"2025-07-31T11:22:25+00:00\" \/>\n<meta name=\"twitter:card\" content=\"summary_large_image\" \/>\n<meta name=\"twitter:label1\" content=\"Dur\u00e9e de lecture estim\u00e9e\" \/>\n\t<meta name=\"twitter:data1\" content=\"1 minute\" \/>\n<script type=\"application\/ld+json\" class=\"yoast-schema-graph\">{\"@context\":\"https:\\\/\\\/schema.org\",\"@graph\":[{\"@type\":\"WebPage\",\"@id\":\"https:\\\/\\\/balteschwiler.ch\\\/fr\\\/actualites\\\/\",\"url\":\"https:\\\/\\\/balteschwiler.ch\\\/fr\\\/actualites\\\/\",\"name\":\"Actualit\u00e9s - Balteschwiler AG\",\"isPartOf\":{\"@id\":\"https:\\\/\\\/balteschwiler.ch\\\/#website\"},\"datePublished\":\"2022-09-15T07:54:49+00:00\",\"dateModified\":\"2025-07-31T11:22:25+00:00\",\"inLanguage\":\"fr-FR\",\"potentialAction\":[{\"@type\":\"ReadAction\",\"target\":[\"https:\\\/\\\/balteschwiler.ch\\\/fr\\\/actualites\\\/\"]}]},{\"@type\":\"WebSite\",\"@id\":\"https:\\\/\\\/balteschwiler.ch\\\/#website\",\"url\":\"https:\\\/\\\/balteschwiler.ch\\\/\",\"name\":\"Balteschwiler AG\",\"description\":\"\",\"publisher\":{\"@id\":\"https:\\\/\\\/balteschwiler.ch\\\/#organization\"},\"potentialAction\":[{\"@type\":\"SearchAction\",\"target\":{\"@type\":\"EntryPoint\",\"urlTemplate\":\"https:\\\/\\\/balteschwiler.ch\\\/?s={search_term_string}\"},\"query-input\":{\"@type\":\"PropertyValueSpecification\",\"valueRequired\":true,\"valueName\":\"search_term_string\"}}],\"inLanguage\":\"fr-FR\"},{\"@type\":\"Organization\",\"@id\":\"https:\\\/\\\/balteschwiler.ch\\\/#organization\",\"name\":\"Balteschwiler AG\",\"url\":\"https:\\\/\\\/balteschwiler.ch\\\/\",\"logo\":{\"@type\":\"ImageObject\",\"inLanguage\":\"fr-FR\",\"@id\":\"https:\\\/\\\/balteschwiler.ch\\\/#\\\/schema\\\/logo\\\/image\\\/\",\"url\":\"https:\\\/\\\/balteschwiler.ch\\\/wp-content\\\/uploads\\\/2022\\\/09\\\/rz_BAL_Logo_d_rgb.png\",\"contentUrl\":\"https:\\\/\\\/balteschwiler.ch\\\/wp-content\\\/uploads\\\/2022\\\/09\\\/rz_BAL_Logo_d_rgb.png\",\"width\":1182,\"height\":224,\"caption\":\"Balteschwiler AG\"},\"image\":{\"@id\":\"https:\\\/\\\/balteschwiler.ch\\\/#\\\/schema\\\/logo\\\/image\\\/\"},\"sameAs\":[\"https:\\\/\\\/www.facebook.com\\\/balteschwiler\"]}]}<\/script>\n<!-- \/ Yoast SEO plugin. -->","yoast_head_json":{"title":"Actualit\u00e9s - Balteschwiler AG","robots":{"index":"index","follow":"follow","max-snippet":"max-snippet:-1","max-image-preview":"max-image-preview:large","max-video-preview":"max-video-preview:-1"},"canonical":"https:\/\/balteschwiler.ch\/fr\/actualites\/","og_locale":"fr_FR","og_type":"article","og_title":"Actualit\u00e9s - Balteschwiler AG","og_description":"Actualit\u00e9s 1 avril 2026 Horaires d\u2019ouverture pendant P\u00e2ques, l\u2019Ascension et la Pentec\u00f4te Horaires d\u2019ouverture pendant P\u00e2ques, l\u2019Ascension et la Pentec\u00f4te Nous sommes ferm\u00e9s aux dates suivantes : Vendredi saint, 3 ... Mehr","og_url":"https:\/\/balteschwiler.ch\/fr\/actualites\/","og_site_name":"Balteschwiler AG","article_publisher":"https:\/\/www.facebook.com\/balteschwiler","article_modified_time":"2025-07-31T11:22:25+00:00","twitter_card":"summary_large_image","twitter_misc":{"Dur\u00e9e de lecture estim\u00e9e":"1 minute"},"schema":{"@context":"https:\/\/schema.org","@graph":[{"@type":"WebPage","@id":"https:\/\/balteschwiler.ch\/fr\/actualites\/","url":"https:\/\/balteschwiler.ch\/fr\/actualites\/","name":"Actualit\u00e9s - Balteschwiler AG","isPartOf":{"@id":"https:\/\/balteschwiler.ch\/#website"},"datePublished":"2022-09-15T07:54:49+00:00","dateModified":"2025-07-31T11:22:25+00:00","inLanguage":"fr-FR","potentialAction":[{"@type":"ReadAction","target":["https:\/\/balteschwiler.ch\/fr\/actualites\/"]}]},{"@type":"WebSite","@id":"https:\/\/balteschwiler.ch\/#website","url":"https:\/\/balteschwiler.ch\/","name":"Balteschwiler AG","description":"","publisher":{"@id":"https:\/\/balteschwiler.ch\/#organization"},"potentialAction":[{"@type":"SearchAction","target":{"@type":"EntryPoint","urlTemplate":"https:\/\/balteschwiler.ch\/?s={search_term_string}"},"query-input":{"@type":"PropertyValueSpecification","valueRequired":true,"valueName":"search_term_string"}}],"inLanguage":"fr-FR"},{"@type":"Organization","@id":"https:\/\/balteschwiler.ch\/#organization","name":"Balteschwiler AG","url":"https:\/\/balteschwiler.ch\/","logo":{"@type":"ImageObject","inLanguage":"fr-FR","@id":"https:\/\/balteschwiler.ch\/#\/schema\/logo\/image\/","url":"https:\/\/balteschwiler.ch\/wp-content\/uploads\/2022\/09\/rz_BAL_Logo_d_rgb.png","contentUrl":"https:\/\/balteschwiler.ch\/wp-content\/uploads\/2022\/09\/rz_BAL_Logo_d_rgb.png","width":1182,"height":224,"caption":"Balteschwiler AG"},"image":{"@id":"https:\/\/balteschwiler.ch\/#\/schema\/logo\/image\/"},"sameAs":["https:\/\/www.facebook.com\/balteschwiler"]}]}},"uagb_featured_image_src":{"full":false,"thumbnail":false,"medium":false,"medium_large":false,"large":false,"1536x1536":false,"2048x2048":false,"gform-image-choice-sm":false,"gform-image-choice-md":false,"gform-image-choice-lg":false},"uagb_author_info":{"display_name":"Michael Sutter","author_link":"https:\/\/balteschwiler.ch\/fr\/author\/m-hoernlimannmichaelh-ch\/"},"uagb_comment_info":0,"uagb_excerpt":"Actualit\u00e9s 1 avril 2026 Horaires d\u2019ouverture pendant P\u00e2ques, l\u2019Ascension et la Pentec\u00f4te Horaires d\u2019ouverture pendant P\u00e2ques, l\u2019Ascension et la Pentec\u00f4te Nous sommes ferm\u00e9s aux dates suivantes : Vendredi saint, 3 ... Mehr","_links":{"self":[{"href":"https:\/\/balteschwiler.ch\/fr\/wp-json\/wp\/v2\/pages\/5591","targetHints":{"allow":["GET"]}}],"collection":[{"href":"https:\/\/balteschwiler.ch\/fr\/wp-json\/wp\/v2\/pages"}],"about":[{"href":"https:\/\/balteschwiler.ch\/fr\/wp-json\/wp\/v2\/types\/page"}],"author":[{"embeddable":true,"href":"https:\/\/balteschwiler.ch\/fr\/wp-json\/wp\/v2\/users\/1"}],"replies":[{"embeddable":true,"href":"https:\/\/balteschwiler.ch\/fr\/wp-json\/wp\/v2\/comments?post=5591"}],"version-history":[{"count":18,"href":"https:\/\/balteschwiler.ch\/fr\/wp-json\/wp\/v2\/pages\/5591\/revisions"}],"predecessor-version":[{"id":12867,"href":"https:\/\/balteschwiler.ch\/fr\/wp-json\/wp\/v2\/pages\/5591\/revisions\/12867"}],"wp:attachment":[{"href":"https:\/\/balteschwiler.ch\/fr\/wp-json\/wp\/v2\/media?parent=5591"}],"curies":[{"name":"wp","href":"https:\/\/api.w.org\/{rel}","templated":true}]}}