{"id":5671,"date":"2022-09-15T09:48:46","date_gmt":"2022-09-15T07:48:46","guid":{"rendered":"https:\/\/balteschwiler.ch\/produits-de-construction-en-bois\/amenagement-interieur-en-bois\/"},"modified":"2024-03-28T16:03:15","modified_gmt":"2024-03-28T15:03:15","slug":"amenagement-interieur-en-bois","status":"publish","type":"page","link":"https:\/\/balteschwiler.ch\/fr\/produits-de-construction-en-bois\/amenagement-interieur-en-bois\/","title":{"rendered":"Am\u00e9nagement int\u00e9rieur en bois"},"content":{"rendered":"<div class=\"gb-container gb-container-6ec57639 loadondesktop keyvisual-innenausbau-holz\"><div class=\"gb-inside-container\">\n<div class=\"gb-grid-wrapper gb-grid-wrapper-d212ffc2\">\n<div class=\"gb-grid-column gb-grid-column-6290146c\"><div class=\"gb-container gb-container-6290146c\"><div class=\"gb-inside-container\">\n\n<h2 class=\"gb-headline gb-headline-ae3932be gb-headline-text\">Am\u00e9nagement int\u00e9rieur en bois<\/h2>\n\n<\/div><\/div><\/div>\n<\/div>\n<\/div><\/div>\n\n<div class=\"gb-container gb-container-fde21122\"><div class=\"gb-inside-container\">\n\n<figure class=\"wp-block-gallery has-nested-images columns-5 gallery-2icons has-base-3-background-color has-background wp-block-gallery-1 is-layout-flex wp-block-gallery-is-layout-flex\">\n<figure class=\"wp-block-image size-large teaser-icons-desktop\"><a href=\"https:\/\/balteschwiler.ch\/fr\/produits-de-construction-en-bois\/amenagement-interieur-en-bois\/lambris\/\"><img decoding=\"async\" data-id=\"6091\" src=\"https:\/\/balteschwiler.ch\/wp-content\/uploads\/2023\/04\/BAL-Icon_FR_Taefer-_Paneele.svg\" alt=\"\" class=\"wp-image-6091\"\/><\/a><\/figure>\n\n\n\n<figure class=\"wp-block-image size-large teaser-icons-desktop\"><img decoding=\"async\" data-id=\"6094\" src=\"https:\/\/balteschwiler.ch\/wp-content\/uploads\/2023\/04\/BAL-Icon_FR_Bodenbelaege.svg\" alt=\"\" class=\"wp-image-6094\"\/><\/figure>\n<\/figure>\n\n<\/div><\/div>\n\n<div class=\"gb-container gb-container-296cc19d loadonmobile\"><div class=\"gb-inside-container\">\n\n<h1 class=\"wp-block-heading\">Am\u00e9nagement int\u00e9rieur en bois <\/h1>\n\n\n\n<figure class=\"wp-block-image alignfull size-full\"><img loading=\"lazy\" decoding=\"async\" width=\"1500\" height=\"772\" src=\"https:\/\/balteschwiler.ch\/wp-content\/uploads\/2023\/04\/Innenausbau_Holz_Header_Teaser_v2.jpg\" alt=\"Am\u00e9nagement int\u00e9rieur bois Teaser\" class=\"wp-image-4672\" srcset=\"https:\/\/balteschwiler.ch\/wp-content\/uploads\/2023\/04\/Innenausbau_Holz_Header_Teaser_v2.jpg 1500w, https:\/\/balteschwiler.ch\/wp-content\/uploads\/2023\/04\/Innenausbau_Holz_Header_Teaser_v2-300x154.jpg 300w, https:\/\/balteschwiler.ch\/wp-content\/uploads\/2023\/04\/Innenausbau_Holz_Header_Teaser_v2-1024x527.jpg 1024w, https:\/\/balteschwiler.ch\/wp-content\/uploads\/2023\/04\/Innenausbau_Holz_Header_Teaser_v2-768x395.jpg 768w\" sizes=\"auto, (max-width: 1500px) 100vw, 1500px\" \/><\/figure>\n\n\n\n<p class=\"team-space has-medium-font-size\">Vous cherchez une solution pour un am\u00e9nagement int\u00e9rieur harmonieux en bois dans le cadre d&rsquo;une transformation ou d&rsquo;une nouvelle construction? Vous souhaitez mettre l&rsquo;accent sur un mat\u00e9riau naturel et durable qui s&rsquo;int\u00e8gre visuellement dans le concept global? L&rsquo;entreprise familiale Balteschwiler SA propose un large \u00e9ventail de solutions en bois pour l&rsquo;am\u00e9nagement int\u00e9rieur.<\/p>\n\n<\/div><\/div>\n\n<div class=\"gb-container gb-container-ce06048c loadondesktop\"><div class=\"gb-inside-container\">\n\n<p class=\"intro-text has-medium-font-size\">Vous cherchez une solution pour un am\u00e9nagement int\u00e9rieur harmonieux en bois dans le cadre d&rsquo;une transformation ou d&rsquo;une nouvelle construction? Vous souhaitez mettre l&rsquo;accent sur un mat\u00e9riau naturel et durable qui s&rsquo;int\u00e8gre visuellement dans le concept global? L&rsquo;entreprise familiale Balteschwiler SA propose un large \u00e9ventail de solutions en bois pour l&rsquo;am\u00e9nagement int\u00e9rieur.<\/p>\n\n<\/div><\/div>\n\n<div class=\"gb-container gb-container-c1702dd7 custom-container-beige\"><div class=\"gb-inside-container\">\n\n<h2 class=\"wp-block-heading\">Avantages du bois dans l&rsquo;am\u00e9nagement int\u00e9rieur: r\u00e9gulation de l&rsquo;humidit\u00e9, durabilit\u00e9, diversit\u00e9<\/h2>\n\n\n\n<p class=\"has-medium-font-size\">Dans l&rsquo;am\u00e9nagement int\u00e9rieur, le bois assure un climat ambiant agr\u00e9able et offre une grande marge de man\u0153uvre pour la cr\u00e9ation d&rsquo;une atmosph\u00e8re appropri\u00e9e. Gr\u00e2ce \u00e0 sa capacit\u00e9 hygroscopique et \u00e0 sa structure cellulaire, le bois extrait l&rsquo;humidit\u00e9 exc\u00e9dentaire de la pi\u00e8ce, la fixe et la restitue lorsque l&rsquo;humidit\u00e9 de l&rsquo;air est trop faible dans la pi\u00e8ce. <\/p>\n\n\n\n<p class=\"has-medium-font-size\">Que ce soit sous forme de lambris, de panneaux ou de rev\u00eatement de sol, le bois est non seulement polyvalent, mais aussi durable en tant que mati\u00e8re premi\u00e8re naturelle et renouvelable qui fixe le CO2. Avec le bon fournisseur, l&rsquo;am\u00e9nagement int\u00e9rieur en bois offre en outre de nombreuses options individuelles pour la r\u00e9alisation de souhaits particuliers. Avec son large \u00e9ventail d&rsquo;am\u00e9nagements int\u00e9rieurs en bois, Balteschwiler SA couvre aussi bien les possibilit\u00e9s de design modernes que classiques..<\/p>\n\n<\/div><\/div>\n\n<div class=\"gb-container gb-container-ff74ca42\"><div class=\"gb-inside-container\">\n\n<div class=\"wp-block-columns is-layout-flex wp-container-core-columns-is-layout-9d6595d7 wp-block-columns-is-layout-flex\">\n<div class=\"wp-block-column is-layout-flow wp-block-column-is-layout-flow\">\n<figure class=\"wp-block-image size-full\"><img loading=\"lazy\" decoding=\"async\" width=\"500\" height=\"470\" src=\"https:\/\/balteschwiler.ch\/wp-content\/uploads\/2023\/03\/Taefer_Paneele_Teaser.jpg\" alt=\"\" class=\"wp-image-4025\" srcset=\"https:\/\/balteschwiler.ch\/wp-content\/uploads\/2023\/03\/Taefer_Paneele_Teaser.jpg 500w, https:\/\/balteschwiler.ch\/wp-content\/uploads\/2023\/03\/Taefer_Paneele_Teaser-300x282.jpg 300w\" sizes=\"auto, (max-width: 500px) 100vw, 500px\" \/><\/figure>\n<\/div>\n\n\n\n<div class=\"wp-block-column is-layout-flow wp-block-column-is-layout-flow\">\n<h3 class=\"gb-headline gb-headline-366183b7 gb-headline-text column-custom-margin column-custom-margin top-column-title-space no-bottom-space-holzbauprodukte\"><strong>Lambris &amp; Panneaux<\/strong><\/h3>\n\n\n\n<p class=\"column-custom-margin font-size-small-custom column-custom-margin-right has-medium-font-size\">Qu&rsquo;il s&rsquo;agisse de lambris classiques ou de larges panneaux modernes \u00e0 trois couches : gr\u00e2ce \u00e0 nos multiples profils et traitements de surface, vous n&rsquo;avez pratiquement aucune limite dans la conception de vos rev\u00eatements int\u00e9rieurs et de vos plafonds. Nous produisons \u00e9galement des fabrications sp\u00e9ciales \u00e0 la demande du client, en petites quantit\u00e9s ou en grandes quantit\u00e9s reproductibles. Nous r\u00e9alisons vos souhaits sp\u00e9ciaux dans notre production \u00e0 l&rsquo;usine de rabotage de Laufenburg et dans notre propre atelier de peinture sp\u00e9cialis\u00e9 dans les couleurs du bois.<\/p>\n\n\n<div class=\"gb-button-wrapper gb-button-wrapper-7c34dbc8 column-custom-margin\">\n\n<a class=\"gb-button gb-button-b8c1b8eb gb-button-text smooth-scroll button-border-none\" href=\"https:\/\/balteschwiler.ch\/fr\/produits-de-construction-en-bois\/amenagement-interieur-en-bois\/lambris\/\">En savoir plus<\/a>\n\n\n\n<a class=\"gb-button gb-button-018db255 gb-button-text smooth-scroll button-border-none\" href=\"https:\/\/balteschwiler.ch\/wp-content\/uploads\/2023\/04\/taefer-bestseller-2025-fr-low.pdf\" target=\"_blank\" rel=\"noopener noreferrer\">Liste de prix et brochure <br>lambris &amp; panneaux<\/a>\n\n<\/div><\/div>\n<\/div>\n\n\n\n<div class=\"wp-block-columns is-layout-flex wp-container-core-columns-is-layout-9d6595d7 wp-block-columns-is-layout-flex\">\n<div class=\"wp-block-column has-base-3-background-color has-background is-layout-flow wp-block-column-is-layout-flow\">\n<h3 class=\"gb-headline gb-headline-5cfc019d gb-headline-text column-custom-margin column-custom-margin top-column-title-space no-bottom-space-holzbauprodukte\"><strong>Rev\u00eatements de sol<\/strong><\/h3>\n\n\n\n<p class=\"column-custom-margin font-size-small-custom column-custom-margin-right has-medium-font-size\">La diversit\u00e9 des rev\u00eatements de sol est grande. Nous vous proposons un assortiment s\u00e9lectionn\u00e9 de sols en bois v\u00e9ritable ou artificiels de haute qualit\u00e9 : parquet, Hywood, li\u00e8ge, vinyle et stratifi\u00e9. D\u00e9couvrez notre offre et prenez contact avec nous, nous vous conseillerons volontiers.<\/p>\n\n\n<div class=\"gb-button-wrapper gb-button-wrapper-2ba87d4a column-custom-margin\">\n\n<a class=\"gb-button gb-button-d74a7a25 gb-button-text smooth-scroll button-border-none\" href=\"https:\/\/balteschwiler.ch\/holzbau-produkte\/innenausbau-mit-holz\/bodenbelaege\/\">En savoir plus<\/a>\n\n\n\n<a class=\"gb-button gb-button-fad287e6 gb-button-text smooth-scroll button-border-none\" href=\"https:\/\/balteschwiler.ch\/wp-content\/uploads\/2023\/07\/231130_BAL_Innenausbau_Bestseller_2024-fr.pdf\" target=\"_blank\" rel=\"noopener noreferrer\">Liste de prix et brochure <br>sols<\/a>\n\n<\/div><\/div>\n\n\n\n<div class=\"wp-block-column has-base-3-background-color has-background is-layout-flow wp-block-column-is-layout-flow\">\n<figure class=\"wp-block-image size-full\"><img loading=\"lazy\" decoding=\"async\" width=\"500\" height=\"470\" src=\"https:\/\/balteschwiler.ch\/wp-content\/uploads\/2023\/03\/Bodenbelaege_Teaser.jpg\" alt=\"\" class=\"wp-image-4028\" srcset=\"https:\/\/balteschwiler.ch\/wp-content\/uploads\/2023\/03\/Bodenbelaege_Teaser.jpg 500w, https:\/\/balteschwiler.ch\/wp-content\/uploads\/2023\/03\/Bodenbelaege_Teaser-300x282.jpg 300w\" sizes=\"auto, (max-width: 500px) 100vw, 500px\" \/><\/figure>\n<\/div>\n<\/div>\n\n<\/div><\/div>\n\n<div class=\"gb-container gb-container-d0584ea1\"><div class=\"gb-inside-container\">\n\n<h2 class=\"wp-block-heading\">Essences de bois pour l&rsquo;am\u00e9nagement int\u00e9rieur<\/h2>\n\n\n\n<p class=\"has-medium-font-size\">Bois feuillus ou r\u00e9sineux pour l&rsquo;am\u00e9nagement int\u00e9rieur? Le choix du bois d\u00e9pend \u00e0 la fois de la mode et des pr\u00e9f\u00e9rences du moment, ainsi que de la nature et des propri\u00e9t\u00e9s des diff\u00e9rentes essences. Le bois de feuillus lourd, solide et dur convient particuli\u00e8rement bien aux sols en bois, comme les parquets en bois v\u00e9ritable, et \u00e0 la fabrication de meubles. Le bois de conif\u00e8res, plus l\u00e9ger, est quant \u00e0 lui principalement utilis\u00e9 comme mati\u00e8re premi\u00e8re pour la conception de parois et de plafonds, par exemple sous forme de lambris. <\/p>\n\n\n\n<p class=\"has-medium-font-size\">Les personnes qui accordent une importance particuli\u00e8re aux aspects \u00e9cologiques dans l&rsquo;am\u00e9nagement int\u00e9rieur se concentrent sur les essences de bois indig\u00e8nes et produites de mani\u00e8re durable comme l&rsquo;\u00e9pic\u00e9a, le m\u00e9l\u00e8ze, le h\u00eatre, le ch\u00eane et le fr\u00eane.<\/p>\n\n<\/div><\/div>\n\n<div class=\"gb-container gb-container-6f6771b4 loadondesktop\"><div class=\"gb-inside-container\">\n\n<h2 class=\"wp-block-heading\">Produits d&rsquo;am\u00e9nagement int\u00e9rieur de Balteschwiler SA<\/h2>\n\n\n\n<p class=\"has-medium-font-size\">Sols en bois v\u00e9ritable, rev\u00eatements muraux, panneaux \u00e0 trois couches et lambris, le bois dans l&rsquo;am\u00e9nagement int\u00e9rieur cr\u00e9e une ambiance particuli\u00e8re. Balteschwiler est votre partenaire pour la r\u00e9alisation de votre concept d&rsquo;am\u00e9nagement int\u00e9rieur. Nous proposons les produits d&rsquo;am\u00e9nagement int\u00e9rieur les plus divers, comme des rev\u00eatements de sol, des lambris, des panneaux en bois et des panneaux \u00e0 trois couches, selon les souhaits du client, pour un am\u00e9nagement int\u00e9rieur individuel et confortable. Nous produisons, transformons et commercialisons un grand nombre d&rsquo;essences de bois feuillus et r\u00e9sineux &#8211; de l&rsquo;\u00e9bauche au produit fini. <\/p>\n\n<\/div><\/div>","protected":false},"excerpt":{"rendered":"<p>Am\u00e9nagement int\u00e9rieur en bois Vous cherchez une solution pour un am\u00e9nagement int\u00e9rieur harmonieux en bois dans le cadre d&rsquo;une transformation ou d&rsquo;une nouvelle construction? Vous souhaitez mettre l&rsquo;accent sur un &#8230; <a title=\"Am\u00e9nagement int\u00e9rieur en bois\" class=\"read-more\" href=\"https:\/\/balteschwiler.ch\/fr\/produits-de-construction-en-bois\/amenagement-interieur-en-bois\/\" aria-label=\"En savoir plus sur Am\u00e9nagement int\u00e9rieur en bois\">Mehr<\/a><\/p>\n","protected":false},"author":1,"featured_media":0,"parent":5465,"menu_order":0,"comment_status":"closed","ping_status":"closed","template":"","meta":{"_acf_changed":false,"inline_featured_image":false,"_uag_custom_page_level_css":"","footnotes":""},"class_list":["post-5671","page","type-page","status-publish"],"acf":[],"yoast_head":"<!-- This site is optimized with the Yoast SEO plugin v27.6 - https:\/\/yoast.com\/product\/yoast-seo-wordpress\/ -->\n<title>Am\u00e9nagement int\u00e9rieur en bois: des produits de qualit\u00e9 pour un meilleur climat int\u00e9rieur<\/title>\n<meta name=\"description\" content=\"Un am\u00e9nagement int\u00e9rieur en bois n&#039;est pas seulement passionnant d&#039;un point de vue architectural, il pr\u00e9sente aussi d&#039;autres avantages. En savoir plus sur Balteschwiler SA.\" \/>\n<meta name=\"robots\" content=\"index, follow, max-snippet:-1, max-image-preview:large, max-video-preview:-1\" \/>\n<link rel=\"canonical\" href=\"https:\/\/balteschwiler.ch\/fr\/produits-de-construction-en-bois\/amenagement-interieur-en-bois\/\" \/>\n<meta property=\"og:locale\" content=\"fr_FR\" \/>\n<meta property=\"og:type\" content=\"article\" \/>\n<meta property=\"og:title\" content=\"Am\u00e9nagement int\u00e9rieur en bois: des produits de qualit\u00e9 pour un meilleur climat int\u00e9rieur\" \/>\n<meta property=\"og:description\" content=\"Un am\u00e9nagement int\u00e9rieur en bois n&#039;est pas seulement passionnant d&#039;un point de vue architectural, il pr\u00e9sente aussi d&#039;autres avantages. En savoir plus sur Balteschwiler SA.\" \/>\n<meta property=\"og:url\" content=\"https:\/\/balteschwiler.ch\/fr\/produits-de-construction-en-bois\/amenagement-interieur-en-bois\/\" \/>\n<meta property=\"og:site_name\" content=\"Balteschwiler AG\" \/>\n<meta property=\"article:publisher\" content=\"https:\/\/www.facebook.com\/balteschwiler\" \/>\n<meta property=\"article:modified_time\" content=\"2024-03-28T15:03:15+00:00\" \/>\n<meta property=\"og:image\" content=\"https:\/\/balteschwiler.ch\/wp-content\/uploads\/2023\/04\/BAL-Icon_FR_Taefer-_Paneele.svg\" \/>\n<meta name=\"twitter:card\" content=\"summary_large_image\" \/>\n<meta name=\"twitter:label1\" content=\"Dur\u00e9e de lecture estim\u00e9e\" \/>\n\t<meta name=\"twitter:data1\" content=\"5 minutes\" \/>\n<script type=\"application\/ld+json\" class=\"yoast-schema-graph\">{\"@context\":\"https:\\\/\\\/schema.org\",\"@graph\":[{\"@type\":\"WebPage\",\"@id\":\"https:\\\/\\\/balteschwiler.ch\\\/fr\\\/produits-de-construction-en-bois\\\/amenagement-interieur-en-bois\\\/\",\"url\":\"https:\\\/\\\/balteschwiler.ch\\\/fr\\\/produits-de-construction-en-bois\\\/amenagement-interieur-en-bois\\\/\",\"name\":\"Am\u00e9nagement int\u00e9rieur en bois: des produits de qualit\u00e9 pour un meilleur climat int\u00e9rieur\",\"isPartOf\":{\"@id\":\"https:\\\/\\\/balteschwiler.ch\\\/#website\"},\"primaryImageOfPage\":{\"@id\":\"https:\\\/\\\/balteschwiler.ch\\\/fr\\\/produits-de-construction-en-bois\\\/amenagement-interieur-en-bois\\\/#primaryimage\"},\"image\":{\"@id\":\"https:\\\/\\\/balteschwiler.ch\\\/fr\\\/produits-de-construction-en-bois\\\/amenagement-interieur-en-bois\\\/#primaryimage\"},\"thumbnailUrl\":\"https:\\\/\\\/balteschwiler.ch\\\/wp-content\\\/uploads\\\/2023\\\/04\\\/BAL-Icon_FR_Taefer-_Paneele.svg\",\"datePublished\":\"2022-09-15T07:48:46+00:00\",\"dateModified\":\"2024-03-28T15:03:15+00:00\",\"description\":\"Un am\u00e9nagement int\u00e9rieur en bois n'est pas seulement passionnant d'un point de vue architectural, il pr\u00e9sente aussi d'autres avantages. En savoir plus sur Balteschwiler SA.\",\"breadcrumb\":{\"@id\":\"https:\\\/\\\/balteschwiler.ch\\\/fr\\\/produits-de-construction-en-bois\\\/amenagement-interieur-en-bois\\\/#breadcrumb\"},\"inLanguage\":\"fr-FR\",\"potentialAction\":[{\"@type\":\"ReadAction\",\"target\":[\"https:\\\/\\\/balteschwiler.ch\\\/fr\\\/produits-de-construction-en-bois\\\/amenagement-interieur-en-bois\\\/\"]}]},{\"@type\":\"ImageObject\",\"inLanguage\":\"fr-FR\",\"@id\":\"https:\\\/\\\/balteschwiler.ch\\\/fr\\\/produits-de-construction-en-bois\\\/amenagement-interieur-en-bois\\\/#primaryimage\",\"url\":\"https:\\\/\\\/balteschwiler.ch\\\/wp-content\\\/uploads\\\/2023\\\/04\\\/BAL-Icon_FR_Taefer-_Paneele.svg\",\"contentUrl\":\"https:\\\/\\\/balteschwiler.ch\\\/wp-content\\\/uploads\\\/2023\\\/04\\\/BAL-Icon_FR_Taefer-_Paneele.svg\"},{\"@type\":\"BreadcrumbList\",\"@id\":\"https:\\\/\\\/balteschwiler.ch\\\/fr\\\/produits-de-construction-en-bois\\\/amenagement-interieur-en-bois\\\/#breadcrumb\",\"itemListElement\":[{\"@type\":\"ListItem\",\"position\":1,\"name\":\"Produits de construction en bois\",\"item\":\"https:\\\/\\\/balteschwiler.ch\\\/fr\\\/produits-de-construction-en-bois\\\/\"},{\"@type\":\"ListItem\",\"position\":2,\"name\":\"Am\u00e9nagement int\u00e9rieur en bois\"}]},{\"@type\":\"WebSite\",\"@id\":\"https:\\\/\\\/balteschwiler.ch\\\/#website\",\"url\":\"https:\\\/\\\/balteschwiler.ch\\\/\",\"name\":\"Balteschwiler AG\",\"description\":\"\",\"publisher\":{\"@id\":\"https:\\\/\\\/balteschwiler.ch\\\/#organization\"},\"potentialAction\":[{\"@type\":\"SearchAction\",\"target\":{\"@type\":\"EntryPoint\",\"urlTemplate\":\"https:\\\/\\\/balteschwiler.ch\\\/?s={search_term_string}\"},\"query-input\":{\"@type\":\"PropertyValueSpecification\",\"valueRequired\":true,\"valueName\":\"search_term_string\"}}],\"inLanguage\":\"fr-FR\"},{\"@type\":\"Organization\",\"@id\":\"https:\\\/\\\/balteschwiler.ch\\\/#organization\",\"name\":\"Balteschwiler AG\",\"url\":\"https:\\\/\\\/balteschwiler.ch\\\/\",\"logo\":{\"@type\":\"ImageObject\",\"inLanguage\":\"fr-FR\",\"@id\":\"https:\\\/\\\/balteschwiler.ch\\\/#\\\/schema\\\/logo\\\/image\\\/\",\"url\":\"https:\\\/\\\/balteschwiler.ch\\\/wp-content\\\/uploads\\\/2022\\\/09\\\/rz_BAL_Logo_d_rgb.png\",\"contentUrl\":\"https:\\\/\\\/balteschwiler.ch\\\/wp-content\\\/uploads\\\/2022\\\/09\\\/rz_BAL_Logo_d_rgb.png\",\"width\":1182,\"height\":224,\"caption\":\"Balteschwiler AG\"},\"image\":{\"@id\":\"https:\\\/\\\/balteschwiler.ch\\\/#\\\/schema\\\/logo\\\/image\\\/\"},\"sameAs\":[\"https:\\\/\\\/www.facebook.com\\\/balteschwiler\"]}]}<\/script>\n<!-- \/ Yoast SEO plugin. -->","yoast_head_json":{"title":"Am\u00e9nagement int\u00e9rieur en bois: des produits de qualit\u00e9 pour un meilleur climat int\u00e9rieur","description":"Un am\u00e9nagement int\u00e9rieur en bois n'est pas seulement passionnant d'un point de vue architectural, il pr\u00e9sente aussi d'autres avantages. En savoir plus sur Balteschwiler SA.","robots":{"index":"index","follow":"follow","max-snippet":"max-snippet:-1","max-image-preview":"max-image-preview:large","max-video-preview":"max-video-preview:-1"},"canonical":"https:\/\/balteschwiler.ch\/fr\/produits-de-construction-en-bois\/amenagement-interieur-en-bois\/","og_locale":"fr_FR","og_type":"article","og_title":"Am\u00e9nagement int\u00e9rieur en bois: des produits de qualit\u00e9 pour un meilleur climat int\u00e9rieur","og_description":"Un am\u00e9nagement int\u00e9rieur en bois n'est pas seulement passionnant d'un point de vue architectural, il pr\u00e9sente aussi d'autres avantages. En savoir plus sur Balteschwiler SA.","og_url":"https:\/\/balteschwiler.ch\/fr\/produits-de-construction-en-bois\/amenagement-interieur-en-bois\/","og_site_name":"Balteschwiler AG","article_publisher":"https:\/\/www.facebook.com\/balteschwiler","article_modified_time":"2024-03-28T15:03:15+00:00","og_image":[{"url":"https:\/\/balteschwiler.ch\/wp-content\/uploads\/2023\/04\/BAL-Icon_FR_Taefer-_Paneele.svg","type":"","width":"","height":""}],"twitter_card":"summary_large_image","twitter_misc":{"Dur\u00e9e de lecture estim\u00e9e":"5 minutes"},"schema":{"@context":"https:\/\/schema.org","@graph":[{"@type":"WebPage","@id":"https:\/\/balteschwiler.ch\/fr\/produits-de-construction-en-bois\/amenagement-interieur-en-bois\/","url":"https:\/\/balteschwiler.ch\/fr\/produits-de-construction-en-bois\/amenagement-interieur-en-bois\/","name":"Am\u00e9nagement int\u00e9rieur en bois: des produits de qualit\u00e9 pour un meilleur climat int\u00e9rieur","isPartOf":{"@id":"https:\/\/balteschwiler.ch\/#website"},"primaryImageOfPage":{"@id":"https:\/\/balteschwiler.ch\/fr\/produits-de-construction-en-bois\/amenagement-interieur-en-bois\/#primaryimage"},"image":{"@id":"https:\/\/balteschwiler.ch\/fr\/produits-de-construction-en-bois\/amenagement-interieur-en-bois\/#primaryimage"},"thumbnailUrl":"https:\/\/balteschwiler.ch\/wp-content\/uploads\/2023\/04\/BAL-Icon_FR_Taefer-_Paneele.svg","datePublished":"2022-09-15T07:48:46+00:00","dateModified":"2024-03-28T15:03:15+00:00","description":"Un am\u00e9nagement int\u00e9rieur en bois n'est pas seulement passionnant d'un point de vue architectural, il pr\u00e9sente aussi d'autres avantages. En savoir plus sur Balteschwiler SA.","breadcrumb":{"@id":"https:\/\/balteschwiler.ch\/fr\/produits-de-construction-en-bois\/amenagement-interieur-en-bois\/#breadcrumb"},"inLanguage":"fr-FR","potentialAction":[{"@type":"ReadAction","target":["https:\/\/balteschwiler.ch\/fr\/produits-de-construction-en-bois\/amenagement-interieur-en-bois\/"]}]},{"@type":"ImageObject","inLanguage":"fr-FR","@id":"https:\/\/balteschwiler.ch\/fr\/produits-de-construction-en-bois\/amenagement-interieur-en-bois\/#primaryimage","url":"https:\/\/balteschwiler.ch\/wp-content\/uploads\/2023\/04\/BAL-Icon_FR_Taefer-_Paneele.svg","contentUrl":"https:\/\/balteschwiler.ch\/wp-content\/uploads\/2023\/04\/BAL-Icon_FR_Taefer-_Paneele.svg"},{"@type":"BreadcrumbList","@id":"https:\/\/balteschwiler.ch\/fr\/produits-de-construction-en-bois\/amenagement-interieur-en-bois\/#breadcrumb","itemListElement":[{"@type":"ListItem","position":1,"name":"Produits de construction en bois","item":"https:\/\/balteschwiler.ch\/fr\/produits-de-construction-en-bois\/"},{"@type":"ListItem","position":2,"name":"Am\u00e9nagement int\u00e9rieur en bois"}]},{"@type":"WebSite","@id":"https:\/\/balteschwiler.ch\/#website","url":"https:\/\/balteschwiler.ch\/","name":"Balteschwiler AG","description":"","publisher":{"@id":"https:\/\/balteschwiler.ch\/#organization"},"potentialAction":[{"@type":"SearchAction","target":{"@type":"EntryPoint","urlTemplate":"https:\/\/balteschwiler.ch\/?s={search_term_string}"},"query-input":{"@type":"PropertyValueSpecification","valueRequired":true,"valueName":"search_term_string"}}],"inLanguage":"fr-FR"},{"@type":"Organization","@id":"https:\/\/balteschwiler.ch\/#organization","name":"Balteschwiler AG","url":"https:\/\/balteschwiler.ch\/","logo":{"@type":"ImageObject","inLanguage":"fr-FR","@id":"https:\/\/balteschwiler.ch\/#\/schema\/logo\/image\/","url":"https:\/\/balteschwiler.ch\/wp-content\/uploads\/2022\/09\/rz_BAL_Logo_d_rgb.png","contentUrl":"https:\/\/balteschwiler.ch\/wp-content\/uploads\/2022\/09\/rz_BAL_Logo_d_rgb.png","width":1182,"height":224,"caption":"Balteschwiler AG"},"image":{"@id":"https:\/\/balteschwiler.ch\/#\/schema\/logo\/image\/"},"sameAs":["https:\/\/www.facebook.com\/balteschwiler"]}]}},"uagb_featured_image_src":{"full":false,"thumbnail":false,"medium":false,"medium_large":false,"large":false,"1536x1536":false,"2048x2048":false,"gform-image-choice-sm":false,"gform-image-choice-md":false,"gform-image-choice-lg":false},"uagb_author_info":{"display_name":"Michael Sutter","author_link":"https:\/\/balteschwiler.ch\/fr\/author\/m-hoernlimannmichaelh-ch\/"},"uagb_comment_info":0,"uagb_excerpt":"Am\u00e9nagement int\u00e9rieur en bois Vous cherchez une solution pour un am\u00e9nagement int\u00e9rieur harmonieux en bois dans le cadre d&rsquo;une transformation ou d&rsquo;une nouvelle construction? Vous souhaitez mettre l&rsquo;accent sur un ... Mehr","_links":{"self":[{"href":"https:\/\/balteschwiler.ch\/fr\/wp-json\/wp\/v2\/pages\/5671","targetHints":{"allow":["GET"]}}],"collection":[{"href":"https:\/\/balteschwiler.ch\/fr\/wp-json\/wp\/v2\/pages"}],"about":[{"href":"https:\/\/balteschwiler.ch\/fr\/wp-json\/wp\/v2\/types\/page"}],"author":[{"embeddable":true,"href":"https:\/\/balteschwiler.ch\/fr\/wp-json\/wp\/v2\/users\/1"}],"replies":[{"embeddable":true,"href":"https:\/\/balteschwiler.ch\/fr\/wp-json\/wp\/v2\/comments?post=5671"}],"version-history":[{"count":26,"href":"https:\/\/balteschwiler.ch\/fr\/wp-json\/wp\/v2\/pages\/5671\/revisions"}],"predecessor-version":[{"id":9469,"href":"https:\/\/balteschwiler.ch\/fr\/wp-json\/wp\/v2\/pages\/5671\/revisions\/9469"}],"up":[{"embeddable":true,"href":"https:\/\/balteschwiler.ch\/fr\/wp-json\/wp\/v2\/pages\/5465"}],"wp:attachment":[{"href":"https:\/\/balteschwiler.ch\/fr\/wp-json\/wp\/v2\/media?parent=5671"}],"curies":[{"name":"wp","href":"https:\/\/api.w.org\/{rel}","templated":true}]}}