{"id":5723,"date":"2022-10-06T15:27:33","date_gmt":"2022-10-06T13:27:33","guid":{"rendered":"https:\/\/balteschwiler.ch\/produits-de-construction-en-bois\/materiaux-en-panneaux\/panneaux-trois-plis-autres-materiaux-en-panneaux\/"},"modified":"2025-03-11T16:46:52","modified_gmt":"2025-03-11T15:46:52","slug":"panneaux-trois-plis-autres-materiaux-en-panneaux","status":"publish","type":"page","link":"https:\/\/balteschwiler.ch\/fr\/produits-de-construction-en-bois\/materiaux-en-panneaux\/panneaux-trois-plis-autres-materiaux-en-panneaux\/","title":{"rendered":"Panneaux trois plis &#038; autres mat\u00e9riaux en panneaux"},"content":{"rendered":"<div class=\"gb-container gb-container-6ec57639 loadondesktop keyvisual-dreischichtplatten\"><div class=\"gb-inside-container\">\n<div class=\"gb-grid-wrapper gb-grid-wrapper-d212ffc2\">\n<div class=\"gb-grid-column gb-grid-column-6290146c\"><div class=\"gb-container gb-container-6290146c\"><div class=\"gb-inside-container\">\n\n<h2 class=\"gb-headline gb-headline-ae3932be gb-headline-text\">Panneaux trois plis &amp; autres mat\u00e9riaux en panneaux<\/h2>\n\n<\/div><\/div><\/div>\n<\/div>\n<\/div><\/div>\n\n<div class=\"gb-container gb-container-ce06048c loadondesktop\"><div class=\"gb-inside-container\">\n\n<p class=\"intro-text has-medium-font-size\">En tant que sp\u00e9cialiste des mat\u00e9riaux en panneaux, nous proposons, outre le bois lamell\u00e9-crois\u00e9 et le lamibois, un vaste assortiment d&rsquo;autres mat\u00e9riaux en panneaux : panneaux trois plis, panneaux en bois massif, OSB, panneaux en fibres-gypses, etc. Cette gamme est compl\u00e9t\u00e9e par nos diverses prestations de service, par exemple l&rsquo;usinage des panneaux ou le pr\u00e9montage de rev\u00eatements de protection incendie. Nous nous ferons un plaisir de vous conseiller sur les diff\u00e9rents mat\u00e9riaux et leurs propri\u00e9t\u00e9s sp\u00e9cifiques.<\/p>\n\n<\/div><\/div>\n\n<div class=\"gb-container gb-container-296cc19d loadonmobile\"><div class=\"gb-inside-container\">\n\n<h1 class=\"wp-block-heading\">Panneaux trois plis &amp; autres mat\u00e9riaux en panneaux<\/h1>\n\n\n\n<figure class=\"wp-block-image alignfull size-full\"><img loading=\"lazy\" decoding=\"async\" width=\"1500\" height=\"785\" src=\"https:\/\/balteschwiler.ch\/wp-content\/uploads\/2023\/04\/Dreischichtplatten_Header_Teaser_v2.jpg\" alt=\"Panneaux trois plis Header Teaser\" class=\"wp-image-5219\" srcset=\"https:\/\/balteschwiler.ch\/wp-content\/uploads\/2023\/04\/Dreischichtplatten_Header_Teaser_v2.jpg 1500w, https:\/\/balteschwiler.ch\/wp-content\/uploads\/2023\/04\/Dreischichtplatten_Header_Teaser_v2-300x157.jpg 300w, https:\/\/balteschwiler.ch\/wp-content\/uploads\/2023\/04\/Dreischichtplatten_Header_Teaser_v2-1024x536.jpg 1024w, https:\/\/balteschwiler.ch\/wp-content\/uploads\/2023\/04\/Dreischichtplatten_Header_Teaser_v2-768x402.jpg 768w\" sizes=\"auto, (max-width: 1500px) 100vw, 1500px\" \/><\/figure>\n\n\n\n<div style=\"height:50px\" aria-hidden=\"true\" class=\"wp-block-spacer\"><\/div>\n\n\n\n<p class=\"team-space has-medium-font-size\">En tant que sp\u00e9cialiste des mat\u00e9riaux en panneaux, nous proposons, outre le bois lamell\u00e9-crois\u00e9 et le lamibois, un vaste assortiment d&rsquo;autres mat\u00e9riaux en panneaux : panneaux trois plis, panneaux en bois massif, OSB, panneaux en fibres-gypses, etc. Cette gamme est compl\u00e9t\u00e9e par nos diverses prestations de service, par exemple l&rsquo;usinage des panneaux ou le pr\u00e9montage de rev\u00eatements de protection incendie. Nous nous ferons un plaisir de vous conseiller sur les diff\u00e9rents mat\u00e9riaux et leurs propri\u00e9t\u00e9s sp\u00e9cifiques.<\/p>\n\n<\/div><\/div>\n\n<div class=\"gb-container gb-container-ff74ca42\"><div class=\"gb-inside-container\">\n\n<figure class=\"wp-block-image size-large is-resized\"><img loading=\"lazy\" decoding=\"async\" width=\"1024\" height=\"489\" src=\"https:\/\/balteschwiler.ch\/wp-content\/uploads\/2023\/04\/dreischichtplatten-weitere-1-1024x489.jpg\" alt=\"Panneaux trois plis et autres mat\u00e9riaux en panneaux\" class=\"wp-image-5387\" style=\"width:1301px;height:621px\" srcset=\"https:\/\/balteschwiler.ch\/wp-content\/uploads\/2023\/04\/dreischichtplatten-weitere-1-1024x489.jpg 1024w, https:\/\/balteschwiler.ch\/wp-content\/uploads\/2023\/04\/dreischichtplatten-weitere-1-300x143.jpg 300w, https:\/\/balteschwiler.ch\/wp-content\/uploads\/2023\/04\/dreischichtplatten-weitere-1-768x367.jpg 768w, https:\/\/balteschwiler.ch\/wp-content\/uploads\/2023\/04\/dreischichtplatten-weitere-1.jpg 1500w\" sizes=\"auto, (max-width: 1024px) 100vw, 1024px\" \/><\/figure>\n\n<\/div><\/div>\n\n<div class=\"gb-container gb-container-5f5dd216\"><div class=\"gb-inside-container\">\n\n<h2 class=\"wp-block-heading\">Une grande vari\u00e9t\u00e9 de mat\u00e9riaux en panneaux pour la construction en bois<\/h2>\n\n\n\n<p class=\"has-medium-font-size\">Balteschwiler SA dispose d&rsquo;un stock de divers mat\u00e9riaux en panneaux pour la construction en bois et peut ainsi garantir une disponibilit\u00e9 rapide et un service de qualit\u00e9. D\u00e9couvrez les diff\u00e9rents mat\u00e9riaux en panneaux directement dans notre boutique en ligne:<\/p>\n\n\n\n<ul class=\"wp-block-list\">\n<li>Panneaux 3 plis en bois r\u00e9sineux<\/li>\n\n\n\n<li>Panneaux 1 couche en bois r\u00e9sineux<\/li>\n\n\n\n<li>Lamibois (LVL)<\/li>\n\n\n\n<li>Contreplaqu\u00e9<\/li>\n\n\n\n<li>OSB<\/li>\n\n\n\n<li>Fermacell<\/li>\n\n\n\n<li>HPL<\/li>\n<\/ul>\n\n<\/div><\/div>\n\n<div class=\"gb-container gb-container-c1702dd7 custom-container-blau\"><div class=\"gb-inside-container\">\n\n<p class=\"has-medium-font-size\">Nous nous chargeons \u00e9galement volontiers de la d\u00e9coupe ou du traitement ult\u00e9rieur de ces panneaux pour vous. N&rsquo;h\u00e9sitez pas \u00e0 prendre contact avec nous.<\/p>\n\n\n<div class=\"gb-button-wrapper gb-button-wrapper-b603e309\">\n\n<a class=\"gb-button gb-button-56d25594 gb-button-text smooth-scroll button-border-none button-weiss-custom\" href=\"https:\/\/balteschwiler.ch\/fr\/entreprise\/fr-kontakt\/\">Contact<\/a>\n\n<\/div>\n<\/div><\/div>","protected":false},"excerpt":{"rendered":"<p>En tant que sp\u00e9cialiste des mat\u00e9riaux en panneaux, nous proposons, outre le bois lamell\u00e9-crois\u00e9 et le lamibois, un vaste assortiment d&rsquo;autres mat\u00e9riaux en panneaux : panneaux trois plis, panneaux en &#8230; <a title=\"Panneaux trois plis &#038; autres mat\u00e9riaux en panneaux\" class=\"read-more\" href=\"https:\/\/balteschwiler.ch\/fr\/produits-de-construction-en-bois\/materiaux-en-panneaux\/panneaux-trois-plis-autres-materiaux-en-panneaux\/\" aria-label=\"En savoir plus sur Panneaux trois plis &#038; autres mat\u00e9riaux en panneaux\">Mehr<\/a><\/p>\n","protected":false},"author":1,"featured_media":0,"parent":5485,"menu_order":0,"comment_status":"closed","ping_status":"closed","template":"","meta":{"_acf_changed":false,"inline_featured_image":false,"_uag_custom_page_level_css":"","footnotes":""},"class_list":["post-5723","page","type-page","status-publish"],"acf":[],"yoast_head":"<!-- This site is optimized with the Yoast SEO plugin v27.3 - https:\/\/yoast.com\/product\/yoast-seo-wordpress\/ -->\n<title>Panneaux trois plis &amp; autres mat\u00e9riaux en panneaux - Balteschwiler AG<\/title>\n<meta name=\"robots\" content=\"index, follow, max-snippet:-1, max-image-preview:large, max-video-preview:-1\" \/>\n<link rel=\"canonical\" href=\"https:\/\/balteschwiler.ch\/fr\/produits-de-construction-en-bois\/materiaux-en-panneaux\/panneaux-trois-plis-autres-materiaux-en-panneaux\/\" \/>\n<meta property=\"og:locale\" content=\"fr_FR\" \/>\n<meta property=\"og:type\" content=\"article\" \/>\n<meta property=\"og:title\" content=\"Panneaux trois plis &amp; autres mat\u00e9riaux en panneaux - Balteschwiler AG\" \/>\n<meta property=\"og:description\" content=\"En tant que sp\u00e9cialiste des mat\u00e9riaux en panneaux, nous proposons, outre le bois lamell\u00e9-crois\u00e9 et le lamibois, un vaste assortiment d&rsquo;autres mat\u00e9riaux en panneaux : panneaux trois plis, panneaux en ... Mehr\" \/>\n<meta property=\"og:url\" content=\"https:\/\/balteschwiler.ch\/fr\/produits-de-construction-en-bois\/materiaux-en-panneaux\/panneaux-trois-plis-autres-materiaux-en-panneaux\/\" \/>\n<meta property=\"og:site_name\" content=\"Balteschwiler AG\" \/>\n<meta property=\"article:publisher\" content=\"https:\/\/www.facebook.com\/balteschwiler\" \/>\n<meta property=\"article:modified_time\" content=\"2025-03-11T15:46:52+00:00\" \/>\n<meta property=\"og:image\" content=\"https:\/\/balteschwiler.ch\/wp-content\/uploads\/2023\/04\/Dreischichtplatten_Header_Teaser_v2.jpg\" \/>\n\t<meta property=\"og:image:width\" content=\"1500\" \/>\n\t<meta property=\"og:image:height\" content=\"785\" \/>\n\t<meta property=\"og:image:type\" content=\"image\/jpeg\" \/>\n<meta name=\"twitter:card\" content=\"summary_large_image\" \/>\n<meta name=\"twitter:label1\" content=\"Dur\u00e9e de lecture estim\u00e9e\" \/>\n\t<meta name=\"twitter:data1\" content=\"2 minutes\" \/>\n<script type=\"application\/ld+json\" class=\"yoast-schema-graph\">{\"@context\":\"https:\\\/\\\/schema.org\",\"@graph\":[{\"@type\":\"WebPage\",\"@id\":\"https:\\\/\\\/balteschwiler.ch\\\/fr\\\/produits-de-construction-en-bois\\\/materiaux-en-panneaux\\\/panneaux-trois-plis-autres-materiaux-en-panneaux\\\/\",\"url\":\"https:\\\/\\\/balteschwiler.ch\\\/fr\\\/produits-de-construction-en-bois\\\/materiaux-en-panneaux\\\/panneaux-trois-plis-autres-materiaux-en-panneaux\\\/\",\"name\":\"Panneaux trois plis & autres mat\u00e9riaux en panneaux - Balteschwiler AG\",\"isPartOf\":{\"@id\":\"https:\\\/\\\/balteschwiler.ch\\\/#website\"},\"primaryImageOfPage\":{\"@id\":\"https:\\\/\\\/balteschwiler.ch\\\/fr\\\/produits-de-construction-en-bois\\\/materiaux-en-panneaux\\\/panneaux-trois-plis-autres-materiaux-en-panneaux\\\/#primaryimage\"},\"image\":{\"@id\":\"https:\\\/\\\/balteschwiler.ch\\\/fr\\\/produits-de-construction-en-bois\\\/materiaux-en-panneaux\\\/panneaux-trois-plis-autres-materiaux-en-panneaux\\\/#primaryimage\"},\"thumbnailUrl\":\"https:\\\/\\\/balteschwiler.ch\\\/wp-content\\\/uploads\\\/2023\\\/04\\\/Dreischichtplatten_Header_Teaser_v2.jpg\",\"datePublished\":\"2022-10-06T13:27:33+00:00\",\"dateModified\":\"2025-03-11T15:46:52+00:00\",\"breadcrumb\":{\"@id\":\"https:\\\/\\\/balteschwiler.ch\\\/fr\\\/produits-de-construction-en-bois\\\/materiaux-en-panneaux\\\/panneaux-trois-plis-autres-materiaux-en-panneaux\\\/#breadcrumb\"},\"inLanguage\":\"fr-FR\",\"potentialAction\":[{\"@type\":\"ReadAction\",\"target\":[\"https:\\\/\\\/balteschwiler.ch\\\/fr\\\/produits-de-construction-en-bois\\\/materiaux-en-panneaux\\\/panneaux-trois-plis-autres-materiaux-en-panneaux\\\/\"]}]},{\"@type\":\"ImageObject\",\"inLanguage\":\"fr-FR\",\"@id\":\"https:\\\/\\\/balteschwiler.ch\\\/fr\\\/produits-de-construction-en-bois\\\/materiaux-en-panneaux\\\/panneaux-trois-plis-autres-materiaux-en-panneaux\\\/#primaryimage\",\"url\":\"https:\\\/\\\/balteschwiler.ch\\\/wp-content\\\/uploads\\\/2023\\\/04\\\/Dreischichtplatten_Header_Teaser_v2.jpg\",\"contentUrl\":\"https:\\\/\\\/balteschwiler.ch\\\/wp-content\\\/uploads\\\/2023\\\/04\\\/Dreischichtplatten_Header_Teaser_v2.jpg\"},{\"@type\":\"BreadcrumbList\",\"@id\":\"https:\\\/\\\/balteschwiler.ch\\\/fr\\\/produits-de-construction-en-bois\\\/materiaux-en-panneaux\\\/panneaux-trois-plis-autres-materiaux-en-panneaux\\\/#breadcrumb\",\"itemListElement\":[{\"@type\":\"ListItem\",\"position\":1,\"name\":\"Produits de construction en bois\",\"item\":\"https:\\\/\\\/balteschwiler.ch\\\/fr\\\/produits-de-construction-en-bois\\\/\"},{\"@type\":\"ListItem\",\"position\":2,\"name\":\"Mat\u00e9riaux en panneaux\",\"item\":\"https:\\\/\\\/balteschwiler.ch\\\/fr\\\/produits-de-construction-en-bois\\\/materiaux-en-panneaux\\\/\"},{\"@type\":\"ListItem\",\"position\":3,\"name\":\"Panneaux trois plis &#038; autres mat\u00e9riaux en panneaux\"}]},{\"@type\":\"WebSite\",\"@id\":\"https:\\\/\\\/balteschwiler.ch\\\/#website\",\"url\":\"https:\\\/\\\/balteschwiler.ch\\\/\",\"name\":\"Balteschwiler AG\",\"description\":\"\",\"publisher\":{\"@id\":\"https:\\\/\\\/balteschwiler.ch\\\/#organization\"},\"potentialAction\":[{\"@type\":\"SearchAction\",\"target\":{\"@type\":\"EntryPoint\",\"urlTemplate\":\"https:\\\/\\\/balteschwiler.ch\\\/?s={search_term_string}\"},\"query-input\":{\"@type\":\"PropertyValueSpecification\",\"valueRequired\":true,\"valueName\":\"search_term_string\"}}],\"inLanguage\":\"fr-FR\"},{\"@type\":\"Organization\",\"@id\":\"https:\\\/\\\/balteschwiler.ch\\\/#organization\",\"name\":\"Balteschwiler AG\",\"url\":\"https:\\\/\\\/balteschwiler.ch\\\/\",\"logo\":{\"@type\":\"ImageObject\",\"inLanguage\":\"fr-FR\",\"@id\":\"https:\\\/\\\/balteschwiler.ch\\\/#\\\/schema\\\/logo\\\/image\\\/\",\"url\":\"https:\\\/\\\/balteschwiler.ch\\\/wp-content\\\/uploads\\\/2022\\\/09\\\/rz_BAL_Logo_d_rgb.png\",\"contentUrl\":\"https:\\\/\\\/balteschwiler.ch\\\/wp-content\\\/uploads\\\/2022\\\/09\\\/rz_BAL_Logo_d_rgb.png\",\"width\":1182,\"height\":224,\"caption\":\"Balteschwiler AG\"},\"image\":{\"@id\":\"https:\\\/\\\/balteschwiler.ch\\\/#\\\/schema\\\/logo\\\/image\\\/\"},\"sameAs\":[\"https:\\\/\\\/www.facebook.com\\\/balteschwiler\"]}]}<\/script>\n<!-- \/ Yoast SEO plugin. -->","yoast_head_json":{"title":"Panneaux trois plis & autres mat\u00e9riaux en panneaux - Balteschwiler AG","robots":{"index":"index","follow":"follow","max-snippet":"max-snippet:-1","max-image-preview":"max-image-preview:large","max-video-preview":"max-video-preview:-1"},"canonical":"https:\/\/balteschwiler.ch\/fr\/produits-de-construction-en-bois\/materiaux-en-panneaux\/panneaux-trois-plis-autres-materiaux-en-panneaux\/","og_locale":"fr_FR","og_type":"article","og_title":"Panneaux trois plis & autres mat\u00e9riaux en panneaux - Balteschwiler AG","og_description":"En tant que sp\u00e9cialiste des mat\u00e9riaux en panneaux, nous proposons, outre le bois lamell\u00e9-crois\u00e9 et le lamibois, un vaste assortiment d&rsquo;autres mat\u00e9riaux en panneaux : panneaux trois plis, panneaux en ... Mehr","og_url":"https:\/\/balteschwiler.ch\/fr\/produits-de-construction-en-bois\/materiaux-en-panneaux\/panneaux-trois-plis-autres-materiaux-en-panneaux\/","og_site_name":"Balteschwiler AG","article_publisher":"https:\/\/www.facebook.com\/balteschwiler","article_modified_time":"2025-03-11T15:46:52+00:00","og_image":[{"width":1500,"height":785,"url":"https:\/\/balteschwiler.ch\/wp-content\/uploads\/2023\/04\/Dreischichtplatten_Header_Teaser_v2.jpg","type":"image\/jpeg"}],"twitter_card":"summary_large_image","twitter_misc":{"Dur\u00e9e de lecture estim\u00e9e":"2 minutes"},"schema":{"@context":"https:\/\/schema.org","@graph":[{"@type":"WebPage","@id":"https:\/\/balteschwiler.ch\/fr\/produits-de-construction-en-bois\/materiaux-en-panneaux\/panneaux-trois-plis-autres-materiaux-en-panneaux\/","url":"https:\/\/balteschwiler.ch\/fr\/produits-de-construction-en-bois\/materiaux-en-panneaux\/panneaux-trois-plis-autres-materiaux-en-panneaux\/","name":"Panneaux trois plis & autres mat\u00e9riaux en panneaux - Balteschwiler AG","isPartOf":{"@id":"https:\/\/balteschwiler.ch\/#website"},"primaryImageOfPage":{"@id":"https:\/\/balteschwiler.ch\/fr\/produits-de-construction-en-bois\/materiaux-en-panneaux\/panneaux-trois-plis-autres-materiaux-en-panneaux\/#primaryimage"},"image":{"@id":"https:\/\/balteschwiler.ch\/fr\/produits-de-construction-en-bois\/materiaux-en-panneaux\/panneaux-trois-plis-autres-materiaux-en-panneaux\/#primaryimage"},"thumbnailUrl":"https:\/\/balteschwiler.ch\/wp-content\/uploads\/2023\/04\/Dreischichtplatten_Header_Teaser_v2.jpg","datePublished":"2022-10-06T13:27:33+00:00","dateModified":"2025-03-11T15:46:52+00:00","breadcrumb":{"@id":"https:\/\/balteschwiler.ch\/fr\/produits-de-construction-en-bois\/materiaux-en-panneaux\/panneaux-trois-plis-autres-materiaux-en-panneaux\/#breadcrumb"},"inLanguage":"fr-FR","potentialAction":[{"@type":"ReadAction","target":["https:\/\/balteschwiler.ch\/fr\/produits-de-construction-en-bois\/materiaux-en-panneaux\/panneaux-trois-plis-autres-materiaux-en-panneaux\/"]}]},{"@type":"ImageObject","inLanguage":"fr-FR","@id":"https:\/\/balteschwiler.ch\/fr\/produits-de-construction-en-bois\/materiaux-en-panneaux\/panneaux-trois-plis-autres-materiaux-en-panneaux\/#primaryimage","url":"https:\/\/balteschwiler.ch\/wp-content\/uploads\/2023\/04\/Dreischichtplatten_Header_Teaser_v2.jpg","contentUrl":"https:\/\/balteschwiler.ch\/wp-content\/uploads\/2023\/04\/Dreischichtplatten_Header_Teaser_v2.jpg"},{"@type":"BreadcrumbList","@id":"https:\/\/balteschwiler.ch\/fr\/produits-de-construction-en-bois\/materiaux-en-panneaux\/panneaux-trois-plis-autres-materiaux-en-panneaux\/#breadcrumb","itemListElement":[{"@type":"ListItem","position":1,"name":"Produits de construction en bois","item":"https:\/\/balteschwiler.ch\/fr\/produits-de-construction-en-bois\/"},{"@type":"ListItem","position":2,"name":"Mat\u00e9riaux en panneaux","item":"https:\/\/balteschwiler.ch\/fr\/produits-de-construction-en-bois\/materiaux-en-panneaux\/"},{"@type":"ListItem","position":3,"name":"Panneaux trois plis &#038; autres mat\u00e9riaux en panneaux"}]},{"@type":"WebSite","@id":"https:\/\/balteschwiler.ch\/#website","url":"https:\/\/balteschwiler.ch\/","name":"Balteschwiler AG","description":"","publisher":{"@id":"https:\/\/balteschwiler.ch\/#organization"},"potentialAction":[{"@type":"SearchAction","target":{"@type":"EntryPoint","urlTemplate":"https:\/\/balteschwiler.ch\/?s={search_term_string}"},"query-input":{"@type":"PropertyValueSpecification","valueRequired":true,"valueName":"search_term_string"}}],"inLanguage":"fr-FR"},{"@type":"Organization","@id":"https:\/\/balteschwiler.ch\/#organization","name":"Balteschwiler AG","url":"https:\/\/balteschwiler.ch\/","logo":{"@type":"ImageObject","inLanguage":"fr-FR","@id":"https:\/\/balteschwiler.ch\/#\/schema\/logo\/image\/","url":"https:\/\/balteschwiler.ch\/wp-content\/uploads\/2022\/09\/rz_BAL_Logo_d_rgb.png","contentUrl":"https:\/\/balteschwiler.ch\/wp-content\/uploads\/2022\/09\/rz_BAL_Logo_d_rgb.png","width":1182,"height":224,"caption":"Balteschwiler AG"},"image":{"@id":"https:\/\/balteschwiler.ch\/#\/schema\/logo\/image\/"},"sameAs":["https:\/\/www.facebook.com\/balteschwiler"]}]}},"uagb_featured_image_src":{"full":false,"thumbnail":false,"medium":false,"medium_large":false,"large":false,"1536x1536":false,"2048x2048":false,"gform-image-choice-sm":false,"gform-image-choice-md":false,"gform-image-choice-lg":false},"uagb_author_info":{"display_name":"Michael Sutter","author_link":"https:\/\/balteschwiler.ch\/fr\/author\/m-hoernlimannmichaelh-ch\/"},"uagb_comment_info":0,"uagb_excerpt":"En tant que sp\u00e9cialiste des mat\u00e9riaux en panneaux, nous proposons, outre le bois lamell\u00e9-crois\u00e9 et le lamibois, un vaste assortiment d&rsquo;autres mat\u00e9riaux en panneaux : panneaux trois plis, panneaux en ... Mehr","_links":{"self":[{"href":"https:\/\/balteschwiler.ch\/fr\/wp-json\/wp\/v2\/pages\/5723","targetHints":{"allow":["GET"]}}],"collection":[{"href":"https:\/\/balteschwiler.ch\/fr\/wp-json\/wp\/v2\/pages"}],"about":[{"href":"https:\/\/balteschwiler.ch\/fr\/wp-json\/wp\/v2\/types\/page"}],"author":[{"embeddable":true,"href":"https:\/\/balteschwiler.ch\/fr\/wp-json\/wp\/v2\/users\/1"}],"replies":[{"embeddable":true,"href":"https:\/\/balteschwiler.ch\/fr\/wp-json\/wp\/v2\/comments?post=5723"}],"version-history":[{"count":2,"href":"https:\/\/balteschwiler.ch\/fr\/wp-json\/wp\/v2\/pages\/5723\/revisions"}],"predecessor-version":[{"id":11562,"href":"https:\/\/balteschwiler.ch\/fr\/wp-json\/wp\/v2\/pages\/5723\/revisions\/11562"}],"up":[{"embeddable":true,"href":"https:\/\/balteschwiler.ch\/fr\/wp-json\/wp\/v2\/pages\/5485"}],"wp:attachment":[{"href":"https:\/\/balteschwiler.ch\/fr\/wp-json\/wp\/v2\/media?parent=5723"}],"curies":[{"name":"wp","href":"https:\/\/api.w.org\/{rel}","templated":true}]}}