{"id":5740,"date":"2023-02-21T10:08:55","date_gmt":"2023-02-21T09:08:55","guid":{"rendered":"https:\/\/balteschwiler.ch\/produits-de-construction-en-bois\/systemes-de-terrasses\/lames-de-terrasse\/bois-thermo-traite\/"},"modified":"2023-04-17T07:28:55","modified_gmt":"2023-04-17T05:28:55","slug":"bois-thermo-traite","status":"publish","type":"page","link":"https:\/\/balteschwiler.ch\/fr\/produits-de-construction-en-bois\/systemes-de-terrasses\/lames-de-terrasse\/bois-thermo-traite\/","title":{"rendered":"Bois thermo-trait\u00e9"},"content":{"rendered":"<div class=\"gb-container gb-container-6ec57639 loadondesktop keyvisual-thermoholz\"><div class=\"gb-inside-container\">\n<div class=\"gb-grid-wrapper gb-grid-wrapper-d212ffc2\">\n<div class=\"gb-grid-column gb-grid-column-6290146c\"><div class=\"gb-container gb-container-6290146c\"><div class=\"gb-inside-container\">\n\n<h1 class=\"gb-headline gb-headline-ae3932be gb-headline-text\">Le bois thermo-trait\u00e9 de Lunawood : un peu de nature pour la ville<\/h1>\n\n<\/div><\/div><\/div>\n<\/div>\n<\/div><\/div>\n\n<div class=\"gb-container gb-container-ce06048c loadondesktop\"><div class=\"gb-inside-container\">\n\n<p class=\"intro-text has-medium-font-size\">Le bois thermique durable de Lunawood cr\u00e9e un pont entre la vie urbaine et la nature. Les arbres issus de for\u00eats certifi\u00e9es PEFC, qui r\u00e9sistent depuis pr\u00e8s de 80 ans au rude climat du Nord, fournissent une mati\u00e8re premi\u00e8re de qualit\u00e9 sup\u00e9rieure qui durera des d\u00e9cennies.<\/p>\n\n<\/div><\/div>\n\n<div class=\"gb-container gb-container-fb3cce8b custom-container-gruen\"><div class=\"gb-inside-container\">\n\n<h2 class=\"wp-block-heading\">Bois durable des for\u00eats nordiques<\/h2>\n\n\n\n<p class=\"has-medium-font-size\"><strong>Dimensions stables<\/strong> <br>Stabilit\u00e9 dimensionnelle nettement am\u00e9lior\u00e9e. Lunawood conserve mieux sa forme d&rsquo;origine que le bois non trait\u00e9.<\/p>\n\n\n\n<p class=\"has-medium-font-size\"><strong>Entretien facile<\/strong> <br>Lunawood ne n\u00e9cessite aucun traitement de surface, quelle que soit la zone climatique. Non trait\u00e9, il prend avec le temps une belle patine gris argent\u00e9.<\/p>\n\n\n\n<p class=\"has-medium-font-size\"><strong>Adapt\u00e9 \u00e0 tous les climats<\/strong> <br>Lunawood a fait ses preuves dans les conditions climatiques les plus difficiles. Il n&rsquo;est pas affect\u00e9 par les variations de temp\u00e9rature et d&rsquo;humidit\u00e9.<\/p>\n\n\n\n<p class=\"has-medium-font-size\"><strong>Saine<\/strong> <br>Les surfaces d\u00e9coratives en Lunawood augmentent le confort et le bien-\u00eatre. L&rsquo;effet positif du bois sur l&rsquo;\u00e9tat physique et mental de l&rsquo;homme est ind\u00e9niable.<\/p>\n\n\n\n<p class=\"has-medium-font-size\"><strong>Qualit\u00e9 certifi\u00e9e<\/strong> <br>Proc\u00e9d\u00e9 de fabrication ThermoWood\u00ae brevet\u00e9 et non toxique. Un contr\u00f4le de qualit\u00e9 permanent et ind\u00e9pendant garantit une longue dur\u00e9e de vie.<\/p>\n\n\n\n<p class=\"has-medium-font-size\"><strong>Esth\u00e9tique<\/strong> <br>Le toucher, l&rsquo;aspect et l&rsquo;odeur sont \u00e0 la fois raffin\u00e9s et naturels.<\/p>\n\n\n\n<p class=\"has-medium-font-size\"><strong>Absolument durable<\/strong> <br>Mati\u00e8re premi\u00e8re nordique certifi\u00e9e provenant des for\u00eats de la r\u00e9gion. Lunawood est un puits de carbone et est recyclable \u00e0 100 %.<\/p>\n\n\n\n<p class=\"has-medium-font-size\"><strong>Organique<\/strong> <br>Un v\u00e9ritable produit naturel sans produits chimiques. Lunawood n&rsquo;\u00e9met pas de substances nocives dans l&rsquo;air ambiant et ne r\u00e9sine pas, m\u00eame \u00e0 des temp\u00e9ratures tr\u00e8s \u00e9lev\u00e9es.<\/p>\n\n<\/div><\/div>\n\n<div class=\"gb-container gb-container-a01a0f83 loadondesktop keyvisual-thermoholz-inhalt\"><div class=\"gb-inside-container\">\n<div class=\"gb-grid-wrapper gb-grid-wrapper-450533f4\">\n<div class=\"gb-grid-column gb-grid-column-0cc754b8\"><div class=\"gb-container gb-container-0cc754b8\"><div class=\"gb-inside-container\"><\/div><\/div><\/div>\n<\/div>\n<\/div><\/div>\n\n<div class=\"gb-container gb-container-c1702dd7\"><div class=\"gb-inside-container\">\n\n<h2 class=\"wp-block-heading\">Le proc\u00e9d\u00e9 de modification thermique<\/h2>\n\n\n\n<p class=\"has-medium-font-size\">Dans les usines de Lunawood en Finlande, les meilleurs pins et \u00e9pic\u00e9as de Scandinavie sont transform\u00e9s en bois thermique Lunawood, beau et durable. Le proc\u00e9d\u00e9 brevet\u00e9 consiste \u00e0 modifier thermiquement les propri\u00e9t\u00e9s physiques et chimiques du bois de mani\u00e8re permanente. <\/p>\n\n<\/div><\/div>\n\n<div class=\"gb-container gb-container-ff74ca42\"><div class=\"gb-inside-container\">\n\n<div class=\"wp-block-columns is-layout-flex wp-container-core-columns-is-layout-9d6595d7 wp-block-columns-is-layout-flex\">\n<div class=\"wp-block-column is-layout-flow wp-block-column-is-layout-flow\">\n<figure class=\"wp-block-image size-full\"><img loading=\"lazy\" decoding=\"async\" width=\"700\" height=\"609\" src=\"https:\/\/balteschwiler.ch\/wp-content\/uploads\/2023\/03\/Thermoholz_Waerme_Dampf.jpg\" alt=\"\" class=\"wp-image-3941\" srcset=\"https:\/\/balteschwiler.ch\/wp-content\/uploads\/2023\/03\/Thermoholz_Waerme_Dampf.jpg 700w, https:\/\/balteschwiler.ch\/wp-content\/uploads\/2023\/03\/Thermoholz_Waerme_Dampf-300x261.jpg 300w\" sizes=\"auto, (max-width: 700px) 100vw, 700px\" \/><\/figure>\n<\/div>\n\n\n\n<div class=\"wp-block-column is-layout-flow wp-block-column-is-layout-flow\">\n<h3 class=\"gb-headline gb-headline-366183b7 gb-headline-text column-custom-margin column-custom-margin top-column-title-space no-bottom-space-holzbauprodukte\"><strong>La force de la chaleur et de la vapeur<\/strong><\/h3>\n\n\n\n<p class=\"column-custom-margin font-size-small-custom column-custom-margin-right has-medium-font-size\">La modification thermique permet d&rsquo;am\u00e9liorer les propri\u00e9t\u00e9s du bois. Le proc\u00e9d\u00e9 utilise uniquement de la vapeur et de la chaleur, et renonce totalement aux produits chimiques.<\/p>\n\n\n\n<p class=\"column-custom-margin font-size-small-custom column-custom-margin-right has-medium-font-size\">Dans la chambre thermique, la temp\u00e9rature est progressivement augment\u00e9e jusqu&rsquo;\u00e0 212 \u00b0C. Ce processus peut durer jusqu&rsquo;\u00e0 110 heures. L&rsquo;eau est n\u00e9cessaire pour deux raisons : Elle emp\u00eache le bois de br\u00fbler \u00e0 cause des temp\u00e9ratures \u00e9lev\u00e9es du traitement thermique et elle est \u00e9galement utilis\u00e9e pour garantir la haute qualit\u00e9 du produit final. \u00c0 la fin du processus, de l&rsquo;humidit\u00e9 est ajout\u00e9e \u00e0 la chambre afin d&rsquo;\u00e9viter la formation de fissures et de garantir la longue dur\u00e9e de vie du produit. Apr\u00e8s la modification, la teneur en humidit\u00e9 du bois est d&rsquo;environ 4 \u00e0 7 %, ce qui conf\u00e8re aux produits en bois thermique une grande stabilit\u00e9 et une grande durabilit\u00e9.<\/p>\n<\/div>\n<\/div>\n\n\n\n<div class=\"wp-block-columns is-layout-flex wp-container-core-columns-is-layout-9d6595d7 wp-block-columns-is-layout-flex\">\n<div class=\"wp-block-column has-background is-layout-flow wp-block-column-is-layout-flow\" style=\"background-color:#b4beb4\">\n<h3 class=\"gb-headline gb-headline-5cfc019d gb-headline-text column-custom-margin column-custom-margin top-column-title-space no-bottom-space-holzbauprodukte\"><strong>Un contr\u00f4le de qualit\u00e9 rigoureux<\/strong><\/h3>\n\n\n\n<p class=\"column-custom-margin font-size-small-custom column-custom-margin-right has-medium-font-size\">Le proc\u00e9d\u00e9 de fabrication du bois thermique est brevet\u00e9 et la marque associ\u00e9e Thermowood\u00ae a \u00e9t\u00e9 introduite en Finlande \u00e0 la fin des ann\u00e9es 1990. La production est contr\u00f4l\u00e9e trois fois par an par un organisme externe. \u00c0 cela s&rsquo;ajoute leur propre contr\u00f4le de qualit\u00e9, au cours duquel dix \u00e9chantillons de chaque lot de four sont test\u00e9s. Le r\u00e9sultat de ces tests est contr\u00f4l\u00e9 plusieurs fois par an par un organisme externe.<\/p>\n<\/div>\n\n\n\n<div class=\"wp-block-column has-background is-layout-flow wp-block-column-is-layout-flow\" style=\"background-color:#b4beb4\">\n<figure class=\"wp-block-image size-full\"><img loading=\"lazy\" decoding=\"async\" width=\"700\" height=\"467\" src=\"https:\/\/balteschwiler.ch\/wp-content\/uploads\/2023\/03\/Thermoholz_Qualitaetskontrolle.jpg\" alt=\"\" class=\"wp-image-3944\" srcset=\"https:\/\/balteschwiler.ch\/wp-content\/uploads\/2023\/03\/Thermoholz_Qualitaetskontrolle.jpg 700w, https:\/\/balteschwiler.ch\/wp-content\/uploads\/2023\/03\/Thermoholz_Qualitaetskontrolle-300x200.jpg 300w\" sizes=\"auto, (max-width: 700px) 100vw, 700px\" \/><\/figure>\n<\/div>\n<\/div>\n\n<\/div><\/div>\n\n<div class=\"gb-container gb-container-38d9952a loadondesktop\"><div class=\"gb-inside-container\">\n\n<h2 class=\"wp-block-heading\">Optimal pour l&rsquo;utilisation en tant que lames de terrasse<\/h2>\n\n\n\n<p class=\"has-medium-font-size\">Gr\u00e2ce \u00e0 sa stabilit\u00e9 et \u00e0 sa durabilit\u00e9, le bois thermique de Lunawood  est parfaitement adapt\u00e9 \u00e0 la construction de terrasses. Le syst\u00e8me de fixation Profix permet un montage simple et assure un aspect propre et \u00e9l\u00e9gant gr\u00e2ce aux clips cach\u00e9s. Le bois thermique peut \u00e9galement \u00eatre viss\u00e9 de mani\u00e8re visible \u00e0 la sous-construction.<\/p>\n\n\n<div class=\"gb-button-wrapper gb-button-wrapper-0965b0e8\">\n\n<a class=\"gb-button gb-button-4ec7522b gb-button-text button-border-none\" href=\"https:\/\/balteschwiler.ch\/referenzen\/\">R\u00e9f\u00e9rences<\/a>\n\n\n\n<a class=\"gb-button gb-button-36889144 gb-button-text button-border-none\" href=\"https:\/\/balteschwiler.ch\/unternehmen\/downloads\/\">Documents techniques<\/a>\n\n<\/div>\n<\/div><\/div>\n\n<div class=\"gb-container gb-container-af24b0ea\"><div class=\"gb-inside-container\">\n<div class=\"gb-grid-wrapper gb-grid-wrapper-79aa8afc\">\n<div class=\"gb-grid-column gb-grid-column-52b8c5f0\"><div class=\"gb-container gb-container-52b8c5f0\"><div class=\"gb-inside-container\">\n\n<h2 class=\"wp-block-heading\">Plus d&rsquo;informations sur le bois thermo-trait\u00e9 <\/h2>\n\n\n\n<p class=\"has-medium-font-size\">Nous nous ferons un plaisir de vous conseiller sur les possibilit\u00e9s d&rsquo;utilisation, les propri\u00e9t\u00e9s et le montage du bois thermique. Prenez contact avec nous.<\/p>\n\n\n<div class=\"gb-button-wrapper gb-button-wrapper-1847dba3\">\n\n<a class=\"gb-button gb-button-1bc51337 gb-button-text button-border-none\" href=\"https:\/\/balteschwiler.ch\/fr\/entreprise\/fr-kontakt\/\">Contact<\/a>\n\n<\/div>\n\n\n<div style=\"height:50px\" aria-hidden=\"true\" class=\"wp-block-spacer\"><\/div>\n\n\n\n<p class=\"has-medium-font-size\">Vous trouverez \u00e9galement de plus amples informations sur le site web de <a href=\"https:\/\/lunawood.com\/fr\/?_gl=1*1f56d26*_up*MQ..*_ga*MTU4NDg2MzA3LjE2ODE2ODM5NzU.*_ga_YSDTMDP320*MTY4MTY4Mzk3NC4xLjAuMTY4MTY4Mzk3NC4wLjAuMA..\" target=\"_blank\" rel=\"noreferrer noopener\">Lunawood<\/a>.<\/p>\n\n<\/div><\/div><\/div>\n<\/div>\n<\/div><\/div>","protected":false},"excerpt":{"rendered":"<p>Le bois thermique durable de Lunawood cr\u00e9e un pont entre la vie urbaine et la nature. Les arbres issus de for\u00eats certifi\u00e9es PEFC, qui r\u00e9sistent depuis pr\u00e8s de 80 ans &#8230; <a title=\"Bois thermo-trait\u00e9\" class=\"read-more\" href=\"https:\/\/balteschwiler.ch\/fr\/produits-de-construction-en-bois\/systemes-de-terrasses\/lames-de-terrasse\/bois-thermo-traite\/\" aria-label=\"En savoir plus sur Bois thermo-trait\u00e9\">Mehr<\/a><\/p>\n","protected":false},"author":1,"featured_media":0,"parent":5475,"menu_order":0,"comment_status":"closed","ping_status":"closed","template":"","meta":{"_acf_changed":false,"inline_featured_image":false,"_uag_custom_page_level_css":"","footnotes":""},"class_list":["post-5740","page","type-page","status-publish"],"acf":[],"yoast_head":"<!-- This site is optimized with the Yoast SEO plugin v27.5 - https:\/\/yoast.com\/product\/yoast-seo-wordpress\/ -->\n<title>Le bois thermo-trait\u00e9 de Lunawood : un peu de nature pour la ville<\/title>\n<meta name=\"description\" content=\"Le bois thermique de Lunawood offre un aspect naturel et est extr\u00eamement durable et dimensionnellement stable, m\u00eame dans les conditions les plus difficiles.\" \/>\n<meta name=\"robots\" content=\"index, follow, max-snippet:-1, max-image-preview:large, max-video-preview:-1\" \/>\n<link rel=\"canonical\" href=\"https:\/\/balteschwiler.ch\/fr\/produits-de-construction-en-bois\/systemes-de-terrasses\/lames-de-terrasse\/bois-thermo-traite\/\" \/>\n<meta property=\"og:locale\" content=\"fr_FR\" \/>\n<meta property=\"og:type\" content=\"article\" \/>\n<meta property=\"og:title\" content=\"Le bois thermo-trait\u00e9 de Lunawood : un peu de nature pour la ville\" \/>\n<meta property=\"og:description\" content=\"Le bois thermique de Lunawood offre un aspect naturel et est extr\u00eamement durable et dimensionnellement stable, m\u00eame dans les conditions les plus difficiles.\" \/>\n<meta property=\"og:url\" content=\"https:\/\/balteschwiler.ch\/fr\/produits-de-construction-en-bois\/systemes-de-terrasses\/lames-de-terrasse\/bois-thermo-traite\/\" \/>\n<meta property=\"og:site_name\" content=\"Balteschwiler AG\" \/>\n<meta property=\"article:publisher\" content=\"https:\/\/www.facebook.com\/balteschwiler\" \/>\n<meta property=\"article:modified_time\" content=\"2023-04-17T05:28:55+00:00\" \/>\n<meta property=\"og:image\" content=\"https:\/\/balteschwiler.ch\/wp-content\/uploads\/2023\/03\/Thermoholz_Waerme_Dampf.jpg\" \/>\n<meta name=\"twitter:card\" content=\"summary_large_image\" \/>\n<meta name=\"twitter:label1\" content=\"Dur\u00e9e de lecture estim\u00e9e\" \/>\n\t<meta name=\"twitter:data1\" content=\"4 minutes\" \/>\n<script type=\"application\/ld+json\" class=\"yoast-schema-graph\">{\"@context\":\"https:\\\/\\\/schema.org\",\"@graph\":[{\"@type\":\"WebPage\",\"@id\":\"https:\\\/\\\/balteschwiler.ch\\\/fr\\\/produits-de-construction-en-bois\\\/systemes-de-terrasses\\\/lames-de-terrasse\\\/bois-thermo-traite\\\/\",\"url\":\"https:\\\/\\\/balteschwiler.ch\\\/fr\\\/produits-de-construction-en-bois\\\/systemes-de-terrasses\\\/lames-de-terrasse\\\/bois-thermo-traite\\\/\",\"name\":\"Le bois thermo-trait\u00e9 de Lunawood : un peu de nature pour la ville\",\"isPartOf\":{\"@id\":\"https:\\\/\\\/balteschwiler.ch\\\/#website\"},\"primaryImageOfPage\":{\"@id\":\"https:\\\/\\\/balteschwiler.ch\\\/fr\\\/produits-de-construction-en-bois\\\/systemes-de-terrasses\\\/lames-de-terrasse\\\/bois-thermo-traite\\\/#primaryimage\"},\"image\":{\"@id\":\"https:\\\/\\\/balteschwiler.ch\\\/fr\\\/produits-de-construction-en-bois\\\/systemes-de-terrasses\\\/lames-de-terrasse\\\/bois-thermo-traite\\\/#primaryimage\"},\"thumbnailUrl\":\"https:\\\/\\\/balteschwiler.ch\\\/wp-content\\\/uploads\\\/2023\\\/03\\\/Thermoholz_Waerme_Dampf.jpg\",\"datePublished\":\"2023-02-21T09:08:55+00:00\",\"dateModified\":\"2023-04-17T05:28:55+00:00\",\"description\":\"Le bois thermique de Lunawood offre un aspect naturel et est extr\u00eamement durable et dimensionnellement stable, m\u00eame dans les conditions les plus difficiles.\",\"breadcrumb\":{\"@id\":\"https:\\\/\\\/balteschwiler.ch\\\/fr\\\/produits-de-construction-en-bois\\\/systemes-de-terrasses\\\/lames-de-terrasse\\\/bois-thermo-traite\\\/#breadcrumb\"},\"inLanguage\":\"fr-FR\",\"potentialAction\":[{\"@type\":\"ReadAction\",\"target\":[\"https:\\\/\\\/balteschwiler.ch\\\/fr\\\/produits-de-construction-en-bois\\\/systemes-de-terrasses\\\/lames-de-terrasse\\\/bois-thermo-traite\\\/\"]}]},{\"@type\":\"ImageObject\",\"inLanguage\":\"fr-FR\",\"@id\":\"https:\\\/\\\/balteschwiler.ch\\\/fr\\\/produits-de-construction-en-bois\\\/systemes-de-terrasses\\\/lames-de-terrasse\\\/bois-thermo-traite\\\/#primaryimage\",\"url\":\"https:\\\/\\\/balteschwiler.ch\\\/wp-content\\\/uploads\\\/2023\\\/03\\\/Thermoholz_Waerme_Dampf.jpg\",\"contentUrl\":\"https:\\\/\\\/balteschwiler.ch\\\/wp-content\\\/uploads\\\/2023\\\/03\\\/Thermoholz_Waerme_Dampf.jpg\"},{\"@type\":\"BreadcrumbList\",\"@id\":\"https:\\\/\\\/balteschwiler.ch\\\/fr\\\/produits-de-construction-en-bois\\\/systemes-de-terrasses\\\/lames-de-terrasse\\\/bois-thermo-traite\\\/#breadcrumb\",\"itemListElement\":[{\"@type\":\"ListItem\",\"position\":1,\"name\":\"Produits de construction en bois\",\"item\":\"https:\\\/\\\/balteschwiler.ch\\\/fr\\\/produits-de-construction-en-bois\\\/\"},{\"@type\":\"ListItem\",\"position\":2,\"name\":\"Syst\u00e8mes de terrasses\",\"item\":\"https:\\\/\\\/balteschwiler.ch\\\/fr\\\/produits-de-construction-en-bois\\\/systemes-de-terrasses\\\/\"},{\"@type\":\"ListItem\",\"position\":3,\"name\":\"Lames de terrasse\",\"item\":\"https:\\\/\\\/balteschwiler.ch\\\/fr\\\/produits-de-construction-en-bois\\\/systemes-de-terrasses\\\/lames-de-terrasse\\\/\"},{\"@type\":\"ListItem\",\"position\":4,\"name\":\"Bois thermo-trait\u00e9\"}]},{\"@type\":\"WebSite\",\"@id\":\"https:\\\/\\\/balteschwiler.ch\\\/#website\",\"url\":\"https:\\\/\\\/balteschwiler.ch\\\/\",\"name\":\"Balteschwiler AG\",\"description\":\"\",\"publisher\":{\"@id\":\"https:\\\/\\\/balteschwiler.ch\\\/#organization\"},\"potentialAction\":[{\"@type\":\"SearchAction\",\"target\":{\"@type\":\"EntryPoint\",\"urlTemplate\":\"https:\\\/\\\/balteschwiler.ch\\\/?s={search_term_string}\"},\"query-input\":{\"@type\":\"PropertyValueSpecification\",\"valueRequired\":true,\"valueName\":\"search_term_string\"}}],\"inLanguage\":\"fr-FR\"},{\"@type\":\"Organization\",\"@id\":\"https:\\\/\\\/balteschwiler.ch\\\/#organization\",\"name\":\"Balteschwiler AG\",\"url\":\"https:\\\/\\\/balteschwiler.ch\\\/\",\"logo\":{\"@type\":\"ImageObject\",\"inLanguage\":\"fr-FR\",\"@id\":\"https:\\\/\\\/balteschwiler.ch\\\/#\\\/schema\\\/logo\\\/image\\\/\",\"url\":\"https:\\\/\\\/balteschwiler.ch\\\/wp-content\\\/uploads\\\/2022\\\/09\\\/rz_BAL_Logo_d_rgb.png\",\"contentUrl\":\"https:\\\/\\\/balteschwiler.ch\\\/wp-content\\\/uploads\\\/2022\\\/09\\\/rz_BAL_Logo_d_rgb.png\",\"width\":1182,\"height\":224,\"caption\":\"Balteschwiler AG\"},\"image\":{\"@id\":\"https:\\\/\\\/balteschwiler.ch\\\/#\\\/schema\\\/logo\\\/image\\\/\"},\"sameAs\":[\"https:\\\/\\\/www.facebook.com\\\/balteschwiler\"]}]}<\/script>\n<!-- \/ Yoast SEO plugin. -->","yoast_head_json":{"title":"Le bois thermo-trait\u00e9 de Lunawood : un peu de nature pour la ville","description":"Le bois thermique de Lunawood offre un aspect naturel et est extr\u00eamement durable et dimensionnellement stable, m\u00eame dans les conditions les plus difficiles.","robots":{"index":"index","follow":"follow","max-snippet":"max-snippet:-1","max-image-preview":"max-image-preview:large","max-video-preview":"max-video-preview:-1"},"canonical":"https:\/\/balteschwiler.ch\/fr\/produits-de-construction-en-bois\/systemes-de-terrasses\/lames-de-terrasse\/bois-thermo-traite\/","og_locale":"fr_FR","og_type":"article","og_title":"Le bois thermo-trait\u00e9 de Lunawood : un peu de nature pour la ville","og_description":"Le bois thermique de Lunawood offre un aspect naturel et est extr\u00eamement durable et dimensionnellement stable, m\u00eame dans les conditions les plus difficiles.","og_url":"https:\/\/balteschwiler.ch\/fr\/produits-de-construction-en-bois\/systemes-de-terrasses\/lames-de-terrasse\/bois-thermo-traite\/","og_site_name":"Balteschwiler AG","article_publisher":"https:\/\/www.facebook.com\/balteschwiler","article_modified_time":"2023-04-17T05:28:55+00:00","og_image":[{"url":"https:\/\/balteschwiler.ch\/wp-content\/uploads\/2023\/03\/Thermoholz_Waerme_Dampf.jpg","type":"","width":"","height":""}],"twitter_card":"summary_large_image","twitter_misc":{"Dur\u00e9e de lecture estim\u00e9e":"4 minutes"},"schema":{"@context":"https:\/\/schema.org","@graph":[{"@type":"WebPage","@id":"https:\/\/balteschwiler.ch\/fr\/produits-de-construction-en-bois\/systemes-de-terrasses\/lames-de-terrasse\/bois-thermo-traite\/","url":"https:\/\/balteschwiler.ch\/fr\/produits-de-construction-en-bois\/systemes-de-terrasses\/lames-de-terrasse\/bois-thermo-traite\/","name":"Le bois thermo-trait\u00e9 de Lunawood : un peu de nature pour la ville","isPartOf":{"@id":"https:\/\/balteschwiler.ch\/#website"},"primaryImageOfPage":{"@id":"https:\/\/balteschwiler.ch\/fr\/produits-de-construction-en-bois\/systemes-de-terrasses\/lames-de-terrasse\/bois-thermo-traite\/#primaryimage"},"image":{"@id":"https:\/\/balteschwiler.ch\/fr\/produits-de-construction-en-bois\/systemes-de-terrasses\/lames-de-terrasse\/bois-thermo-traite\/#primaryimage"},"thumbnailUrl":"https:\/\/balteschwiler.ch\/wp-content\/uploads\/2023\/03\/Thermoholz_Waerme_Dampf.jpg","datePublished":"2023-02-21T09:08:55+00:00","dateModified":"2023-04-17T05:28:55+00:00","description":"Le bois thermique de Lunawood offre un aspect naturel et est extr\u00eamement durable et dimensionnellement stable, m\u00eame dans les conditions les plus difficiles.","breadcrumb":{"@id":"https:\/\/balteschwiler.ch\/fr\/produits-de-construction-en-bois\/systemes-de-terrasses\/lames-de-terrasse\/bois-thermo-traite\/#breadcrumb"},"inLanguage":"fr-FR","potentialAction":[{"@type":"ReadAction","target":["https:\/\/balteschwiler.ch\/fr\/produits-de-construction-en-bois\/systemes-de-terrasses\/lames-de-terrasse\/bois-thermo-traite\/"]}]},{"@type":"ImageObject","inLanguage":"fr-FR","@id":"https:\/\/balteschwiler.ch\/fr\/produits-de-construction-en-bois\/systemes-de-terrasses\/lames-de-terrasse\/bois-thermo-traite\/#primaryimage","url":"https:\/\/balteschwiler.ch\/wp-content\/uploads\/2023\/03\/Thermoholz_Waerme_Dampf.jpg","contentUrl":"https:\/\/balteschwiler.ch\/wp-content\/uploads\/2023\/03\/Thermoholz_Waerme_Dampf.jpg"},{"@type":"BreadcrumbList","@id":"https:\/\/balteschwiler.ch\/fr\/produits-de-construction-en-bois\/systemes-de-terrasses\/lames-de-terrasse\/bois-thermo-traite\/#breadcrumb","itemListElement":[{"@type":"ListItem","position":1,"name":"Produits de construction en bois","item":"https:\/\/balteschwiler.ch\/fr\/produits-de-construction-en-bois\/"},{"@type":"ListItem","position":2,"name":"Syst\u00e8mes de terrasses","item":"https:\/\/balteschwiler.ch\/fr\/produits-de-construction-en-bois\/systemes-de-terrasses\/"},{"@type":"ListItem","position":3,"name":"Lames de terrasse","item":"https:\/\/balteschwiler.ch\/fr\/produits-de-construction-en-bois\/systemes-de-terrasses\/lames-de-terrasse\/"},{"@type":"ListItem","position":4,"name":"Bois thermo-trait\u00e9"}]},{"@type":"WebSite","@id":"https:\/\/balteschwiler.ch\/#website","url":"https:\/\/balteschwiler.ch\/","name":"Balteschwiler AG","description":"","publisher":{"@id":"https:\/\/balteschwiler.ch\/#organization"},"potentialAction":[{"@type":"SearchAction","target":{"@type":"EntryPoint","urlTemplate":"https:\/\/balteschwiler.ch\/?s={search_term_string}"},"query-input":{"@type":"PropertyValueSpecification","valueRequired":true,"valueName":"search_term_string"}}],"inLanguage":"fr-FR"},{"@type":"Organization","@id":"https:\/\/balteschwiler.ch\/#organization","name":"Balteschwiler AG","url":"https:\/\/balteschwiler.ch\/","logo":{"@type":"ImageObject","inLanguage":"fr-FR","@id":"https:\/\/balteschwiler.ch\/#\/schema\/logo\/image\/","url":"https:\/\/balteschwiler.ch\/wp-content\/uploads\/2022\/09\/rz_BAL_Logo_d_rgb.png","contentUrl":"https:\/\/balteschwiler.ch\/wp-content\/uploads\/2022\/09\/rz_BAL_Logo_d_rgb.png","width":1182,"height":224,"caption":"Balteschwiler AG"},"image":{"@id":"https:\/\/balteschwiler.ch\/#\/schema\/logo\/image\/"},"sameAs":["https:\/\/www.facebook.com\/balteschwiler"]}]}},"uagb_featured_image_src":{"full":false,"thumbnail":false,"medium":false,"medium_large":false,"large":false,"1536x1536":false,"2048x2048":false,"gform-image-choice-sm":false,"gform-image-choice-md":false,"gform-image-choice-lg":false},"uagb_author_info":{"display_name":"Michael Sutter","author_link":"https:\/\/balteschwiler.ch\/fr\/author\/m-hoernlimannmichaelh-ch\/"},"uagb_comment_info":0,"uagb_excerpt":"Le bois thermique durable de Lunawood cr\u00e9e un pont entre la vie urbaine et la nature. Les arbres issus de for\u00eats certifi\u00e9es PEFC, qui r\u00e9sistent depuis pr\u00e8s de 80 ans ... Mehr","_links":{"self":[{"href":"https:\/\/balteschwiler.ch\/fr\/wp-json\/wp\/v2\/pages\/5740","targetHints":{"allow":["GET"]}}],"collection":[{"href":"https:\/\/balteschwiler.ch\/fr\/wp-json\/wp\/v2\/pages"}],"about":[{"href":"https:\/\/balteschwiler.ch\/fr\/wp-json\/wp\/v2\/types\/page"}],"author":[{"embeddable":true,"href":"https:\/\/balteschwiler.ch\/fr\/wp-json\/wp\/v2\/users\/1"}],"replies":[{"embeddable":true,"href":"https:\/\/balteschwiler.ch\/fr\/wp-json\/wp\/v2\/comments?post=5740"}],"version-history":[{"count":6,"href":"https:\/\/balteschwiler.ch\/fr\/wp-json\/wp\/v2\/pages\/5740\/revisions"}],"predecessor-version":[{"id":5772,"href":"https:\/\/balteschwiler.ch\/fr\/wp-json\/wp\/v2\/pages\/5740\/revisions\/5772"}],"up":[{"embeddable":true,"href":"https:\/\/balteschwiler.ch\/fr\/wp-json\/wp\/v2\/pages\/5475"}],"wp:attachment":[{"href":"https:\/\/balteschwiler.ch\/fr\/wp-json\/wp\/v2\/media?parent=5740"}],"curies":[{"name":"wp","href":"https:\/\/api.w.org\/{rel}","templated":true}]}}