{"id":5746,"date":"2022-09-15T09:55:26","date_gmt":"2022-09-15T07:55:26","guid":{"rendered":"https:\/\/balteschwiler.ch\/actualites\/events\/"},"modified":"2023-04-17T00:34:35","modified_gmt":"2023-04-16T22:34:35","slug":"events","status":"publish","type":"page","link":"https:\/\/balteschwiler.ch\/fr\/actualites\/events\/","title":{"rendered":"Events"},"content":{"rendered":"<div class=\"gb-container gb-container-63836849\"><div class=\"gb-inside-container\">\n<div class=\"gb-container gb-container-7c36fc81 loadondesktop\"><div class=\"gb-inside-container\">\n<div class=\"gb-grid-wrapper gb-grid-wrapper-bc07d650\">\n<div class=\"gb-grid-column gb-grid-column-a88ae227\"><div class=\"gb-container gb-container-a88ae227\"><div class=\"gb-inside-container\">\n\n<h2 class=\"gb-headline gb-headline-3bd06d79 gb-headline-text\">Events<\/h2>\r\n\n<\/div><\/div><\/div>\n<\/div>\n<\/div><\/div>\n<\/div><\/div><div class=\"gb-container gb-container-ce06048c loadondesktop\"><div class=\"gb-inside-container\">\n\n<p class=\"intro-text has-medium-font-size\">Sie m\u00f6chten mehr \u00fcber unsere Dienstleistungen f\u00fcr Holzbauunternehmen erfahren? Unsere Produkte f\u00fcr den Holzbau, die Fassade, den Innenausbau oder die Terrasse genauer kennenlernen? Oder unser Werk in Laufenburg besichtigen? Dann besuchen Sie uns an einem Fachevent oder melden sich f\u00fcr eine Werksbesichtigung an \u2013 wir freuen uns!<\/p>\n\n<\/div><\/div><div class=\"gb-container gb-container-296cc19d loadonmobile\"><div class=\"gb-inside-container\">\n\n<h1 class=\"wp-block-heading\">Events<\/h1>\n\n\n\n<p class=\"team-space has-medium-font-size\">Sie m\u00f6chten mehr \u00fcber unsere Dienstleistungen f\u00fcr Holzbauunternehmen erfahren? Unsere Produkte f\u00fcr den Holzbau, die Fassade, den Innenausbau oder die Terrasse genauer kennenlernen? Oder unser Werk in Laufenburg besichtigen? Dann besuchen Sie uns an einem Fachevent oder melden sich f\u00fcr eine Werksbesichtigung an \u2013 wir freuen uns!<\/p>\n\n<\/div><\/div><div class=\"gb-container gb-container-ff74ca42\"><div class=\"gb-inside-container\">\n\n<div class=\"wp-block-columns is-layout-flex wp-container-core-columns-is-layout-9d6595d7 wp-block-columns-is-layout-flex\">\n<div class=\"wp-block-column has-background is-layout-flow wp-block-column-is-layout-flow\" style=\"background-color:#ced9e1\">\n<figure class=\"wp-block-image size-full\"><img loading=\"lazy\" decoding=\"async\" width=\"800\" height=\"533\" src=\"https:\/\/balteschwiler.ch\/wp-content\/uploads\/2023\/04\/Holzbautag_Biel_2023.png\" alt=\"\" class=\"wp-image-4866\" srcset=\"https:\/\/balteschwiler.ch\/wp-content\/uploads\/2023\/04\/Holzbautag_Biel_2023.png 800w, https:\/\/balteschwiler.ch\/wp-content\/uploads\/2023\/04\/Holzbautag_Biel_2023-300x200.png 300w, https:\/\/balteschwiler.ch\/wp-content\/uploads\/2023\/04\/Holzbautag_Biel_2023-768x512.png 768w\" sizes=\"auto, (max-width: 800px) 100vw, 800px\" \/><\/figure>\n<\/div>\n\n\n\n<div class=\"wp-block-column has-background is-layout-flow wp-block-column-is-layout-flow\" style=\"background-color:#ced9e1\">\n<h3 class=\"gb-headline gb-headline-366183b7 gb-headline-text column-custom-margin column-custom-margin top-column-title-space no-bottom-space-holzbauprodukte\">Holzbautag Biel 2023: Weiterbauen mit Holz: ressourcenschonend, werkstoffgerecht, kreislauff\u00e4hig<\/h3>\r\n\n\n\n<p class=\"column-custom-margin font-size-small-custom column-custom-margin-right has-medium-font-size\">Am Donnerstag, 11. Mai 2023 findet der 16. Holzbautag Biel zum Thema \u00abWeiterbauen mit Holz: ressourcenschonend, werkstoffgerecht, kreislauff\u00e4hig\u00bb statt. \u00bb. Dank innovativer Entwicklungen, hervorragender Konstruktions- und Materialeigenschaften sowie kompetenter und engagierter Unternehmen hat der Holzbau heute in der Schweizer Bauwirtschaft einen hohen Stellenwert. \u00a0Gleichwohl werden M\u00f6glichkeiten und Grenzen des Holzbaus laufend weiterentwickelt und verdeutlichen damit den Wunsch nach einer nachhaltigen Bauweise.<\/p>\n\n\n\n<p class=\"column-custom-margin font-size-small-custom column-custom-margin-right has-medium-font-size\">Wir sind als Ap\u00e9ro-Sponsor mit dabei und freuen uns auf Ihren Besuch bei uns am Stand Nr. 40.<\/p>\n\n\n<div class=\"gb-button-wrapper gb-button-wrapper-5be4539d column-custom-margin\">\n\n<a class=\"gb-button gb-button-63ff1bd1 gb-button-text smooth-scroll button-border-none\" href=\"https:\/\/www.bfh.ch\/ahb\/de\/aktuell\/veranstaltungen\/holzbautag\/\" target=\"_blank\" rel=\"noopener noreferrer\">Mehr erfahren<\/a>\r\n\n<\/div>\n\n\n<div style=\"height:30px\" aria-hidden=\"true\" class=\"wp-block-spacer\"><\/div>\n<\/div>\n<\/div>\n\n<\/div><\/div><div class=\"gb-container gb-container-96bcbf84\"><div class=\"gb-inside-container\">\n\n<h2 class=\"wp-block-heading\">Besichtigung unseres Werks in Laufenburg<\/h2>\n\n\n\n<p class=\"has-medium-font-size\">Wir begr\u00fcssen sehr gerne Unternehmen, Schulen und Verb\u00e4nde bei uns und f\u00fchren sie durch unser weitl\u00e4ufiges Werk in Laufenburg. Erfahren Sie mehr \u00fcber unser Abbundcenter, unser Hobelwerk, unsere Oberfl\u00e4chenbehandlungsanlagen und unsere Logistik-Infrastruktur. Gerne stellen wir Ihnen auch unser Schulungsraum zur Verf\u00fcgung, so dass Sie die Besichtigung mit einem internen Meeting kombinieren k\u00f6nnen. Nehmen Sie dazu einfach mit uns Kontakt auf.<\/p>\n\n\n\n<p><strong>Kontakt<\/strong><\/p>\n\n\n\n<div class=\"wp-block-columns loadondesktop bottom-space-team is-layout-flex wp-container-core-columns-is-layout-9d6595d7 wp-block-columns-is-layout-flex\">\n<div class=\"wp-block-column team-member-space is-layout-flow wp-block-column-is-layout-flow\"><style type=\"text\/css\">#eheg-block-eb3c9cd6-d77c-43bb-b329-f2c0335cb7b7 .imghvr-anim-color { opacity: 1; }#eheg-block-eb3c9cd6-d77c-43bb-b329-f2c0335cb7b7 .imghvr:hover .imghvr-anim-color { opacity: 1; }#eheg-block-eb3c9cd6-d77c-43bb-b329-f2c0335cb7b7 .imghvr, #eheg-block-eb3c9cd6-d77c-43bb-b329-f2c0335cb7b7 .imghvr img { transition: 0.45s; animation-duration: 0.45s; }#eheg-block-eb3c9cd6-d77c-43bb-b329-f2c0335cb7b7 .imghvr-overlay, #eheg-block-eb3c9cd6-d77c-43bb-b329-f2c0335cb7b7 .imghvr-anim-pseudo:before, #eheg-block-eb3c9cd6-d77c-43bb-b329-f2c0335cb7b7 .imghvr-anim-pseudo:after, #eheg-block-eb3c9cd6-d77c-43bb-b329-f2c0335cb7b7 .imghvr-anim-pseudo div:before, #eheg-block-eb3c9cd6-d77c-43bb-b329-f2c0335cb7b7 .imghvr-anim-pseudo div:after { transition-duration: 0.5s; animation-duration: 0.5s; }#eheg-block-eb3c9cd6-d77c-43bb-b329-f2c0335cb7b7 .imghvr:hover .imghvr-overlay, #eheg-block-eb3c9cd6-d77c-43bb-b329-f2c0335cb7b7 .imghvr:hover .imghvr-anim-pseudo:before, #eheg-block-eb3c9cd6-d77c-43bb-b329-f2c0335cb7b7 .imghvr:hover .imghvr-anim-pseudo:after, #eheg-block-eb3c9cd6-d77c-43bb-b329-f2c0335cb7b7 .imghvr:hover .imghvr-anim-pseudo div:before, #eheg-block-eb3c9cd6-d77c-43bb-b329-f2c0335cb7b7 .imghvr:hover .imghvr-anim-pseudo div:after { transition-duration: 0.5s; animation-duration: 0.5s; }#eheg-block-eb3c9cd6-d77c-43bb-b329-f2c0335cb7b7 .imghvr .imghvr-content-wrapper { justify-content: center; transition-duration: 0.35s; transition-delay: 0s; animation-duration: 0s; }#eheg-block-eb3c9cd6-d77c-43bb-b329-f2c0335cb7b7 .imghvr:hover .imghvr-content-wrapper { animation-duration: 0.35s; }#eheg-block-eb3c9cd6-d77c-43bb-b329-f2c0335cb7b7, #eheg-block-eb3c9cd6-d77c-43bb-b329-f2c0335cb7b7 .imghvr-wrapper, #eheg-block-eb3c9cd6-d77c-43bb-b329-f2c0335cb7b7 .col-row { height: 100%; }#eheg-block-eb3c9cd6-d77c-43bb-b329-f2c0335cb7b7 .imghvr-title {color: #fff; }#eheg-block-eb3c9cd6-d77c-43bb-b329-f2c0335cb7b7 .imghvr-subtitle {color: #fff; }#eheg-block-eb3c9cd6-d77c-43bb-b329-f2c0335cb7b7 .imghvr-content {color: #fff; }#eheg-block-eb3c9cd6-d77c-43bb-b329-f2c0335cb7b7 .imghvr-title {font-size:20px;font-weight:400;letter-spacing:0px;}#eheg-block-eb3c9cd6-d77c-43bb-b329-f2c0335cb7b7 .imghvr-subtitle {font-size:18px;font-weight:400;letter-spacing:0px;}#eheg-block-eb3c9cd6-d77c-43bb-b329-f2c0335cb7b7 .imghvr-content {font-weight:400;letter-spacing:0px;}#eheg-block-eb3c9cd6-d77c-43bb-b329-f2c0335cb7b7 .imghvr-button {color: #222; }#eheg-block-eb3c9cd6-d77c-43bb-b329-f2c0335cb7b7 .imghvr-button {background: #fff; }#eheg-block-eb3c9cd6-d77c-43bb-b329-f2c0335cb7b7 .imghvr-button {font-weight:400;letter-spacing:0px;}#eheg-block-eb3c9cd6-d77c-43bb-b329-f2c0335cb7b7 .imghvr-buttons-row .imghvr-button-wrapper {margin-right: 10px;}#eheg-block-eb3c9cd6-d77c-43bb-b329-f2c0335cb7b7 .imghvr-buttons-row .imghvr-button-wrapper:last-child {margin-right: 0;}#eheg-block-eb3c9cd6-d77c-43bb-b329-f2c0335cb7b7 .imghvr-buttons-column .imghvr-button-wrapper {margin-bottom: 10px;}#eheg-block-eb3c9cd6-d77c-43bb-b329-f2c0335cb7b7 .imghvr-buttons-column .imghvr-button-wrapper:last-child {margin-bottom: 0;}#eheg-block-eb3c9cd6-d77c-43bb-b329-f2c0335cb7b7 .imghvr-buttons-icon-left .imghvr-button i {margin-left: 0.3em; margin-right: 0.3em;}#eheg-block-eb3c9cd6-d77c-43bb-b329-f2c0335cb7b7 .imghvr-buttons-icon-right .imghvr-button i {margin-left: 0.3em;margin-right: 0.3em;}<\/style><div id=\"eheg-block-eb3c9cd6-d77c-43bb-b329-f2c0335cb7b7\"><div class=\"imghvr-wrapper\"><div class=\"imghvr\"><div class=\"imghvr-overlay imghvr-anim-fade-in imghvr-anim-single\"><div><\/div><\/div><div class=\"imghvr-content-wrapper imghvr-content-center imghvr-anim-fade-in\"><div class=\"imghvr-title imghvr-anim-fade-content imghvr-anim-fade-content-up ih-delay-zero\">J\u00f6rg Langheim<\/div><div class=\"imghvr-subtitle imghvr-anim-fade-content imghvr-anim-fade-content-up ih-delay-xs\">CEO<\/div><div class=\"imghvr-buttons imghvr-buttons-row imghvr-buttons-icon-left\"><div class=\"imghvr-button-wrapper imghvr-anim-fade-content imghvr-anim-fade-content-up ih-delay-sm\"><a href=\"mailto:joerg.langheim@balteschwiler.ch\" class=\"imghvr-button\"><i class=\"far fa-envelope\"><\/i><\/a><\/div><div class=\"imghvr-button-wrapper imghvr-anim-fade-content imghvr-anim-fade-content-up ih-delay-md\"><a href=\"tel:+41628694151\" class=\"imghvr-button\"><i class=\"fas fa-phone\"><\/i><\/a><\/div><\/div><\/div><img decoding=\"async\" src=\"https:\/\/balteschwiler.ch\/wp-content\/uploads\/2023\/03\/Joerg-Langheim-komp.jpg\" class=\"imghvr-anim-zoom-in\" alt=\"\"><\/div><\/div><\/div><\/div>\n\n\n\n<div class=\"wp-block-column team-member-space is-layout-flow wp-block-column-is-layout-flow\"><\/div>\n\n\n\n<div class=\"wp-block-column is-layout-flow wp-block-column-is-layout-flow\"><\/div>\n\n\n\n<div class=\"wp-block-column is-layout-flow wp-block-column-is-layout-flow\"><\/div>\n<\/div>\n\n\n\n<figure class=\"wp-block-image size-full loadonmobile\"><img loading=\"lazy\" decoding=\"async\" width=\"800\" height=\"600\" src=\"https:\/\/balteschwiler.ch\/wp-content\/uploads\/2023\/03\/Joerg-Langheim-komp.jpg\" alt=\"\" class=\"wp-image-3005\" srcset=\"https:\/\/balteschwiler.ch\/wp-content\/uploads\/2023\/03\/Joerg-Langheim-komp.jpg 800w, https:\/\/balteschwiler.ch\/wp-content\/uploads\/2023\/03\/Joerg-Langheim-komp-300x225.jpg 300w, https:\/\/balteschwiler.ch\/wp-content\/uploads\/2023\/03\/Joerg-Langheim-komp-768x576.jpg 768w\" sizes=\"auto, (max-width: 800px) 100vw, 800px\" \/><figcaption class=\"wp-element-caption\">J\u00f6rg Langheim<\/figcaption><\/figure>\n\n<\/div><\/div>","protected":false},"excerpt":{"rendered":"<p>Sie m\u00f6chten mehr \u00fcber unsere Dienstleistungen f\u00fcr Holzbauunternehmen erfahren? Unsere Produkte f\u00fcr den Holzbau, die Fassade, den Innenausbau oder die Terrasse genauer kennenlernen? Oder unser Werk in Laufenburg besichtigen? Dann &#8230; <a title=\"Events\" class=\"read-more\" href=\"https:\/\/balteschwiler.ch\/fr\/actualites\/events\/\" aria-label=\"En savoir plus sur Events\">Mehr<\/a><\/p>\n","protected":false},"author":1,"featured_media":0,"parent":5591,"menu_order":0,"comment_status":"closed","ping_status":"closed","template":"","meta":{"_acf_changed":false,"inline_featured_image":false,"_uag_custom_page_level_css":"","footnotes":""},"class_list":["post-5746","page","type-page","status-publish"],"acf":[],"yoast_head":"<!-- This site is optimized with the Yoast SEO plugin v27.3 - https:\/\/yoast.com\/product\/yoast-seo-wordpress\/ -->\n<title>Events - Balteschwiler AG<\/title>\n<meta name=\"robots\" content=\"index, follow, max-snippet:-1, max-image-preview:large, max-video-preview:-1\" \/>\n<link rel=\"canonical\" href=\"https:\/\/balteschwiler.ch\/fr\/actualites\/events\/\" \/>\n<meta property=\"og:locale\" content=\"fr_FR\" \/>\n<meta property=\"og:type\" content=\"article\" \/>\n<meta property=\"og:title\" content=\"Events - Balteschwiler AG\" \/>\n<meta property=\"og:description\" content=\"Sie m\u00f6chten mehr \u00fcber unsere Dienstleistungen f\u00fcr Holzbauunternehmen erfahren? Unsere Produkte f\u00fcr den Holzbau, die Fassade, den Innenausbau oder die Terrasse genauer kennenlernen? Oder unser Werk in Laufenburg besichtigen? Dann ... Mehr\" \/>\n<meta property=\"og:url\" content=\"https:\/\/balteschwiler.ch\/fr\/actualites\/events\/\" \/>\n<meta property=\"og:site_name\" content=\"Balteschwiler AG\" \/>\n<meta property=\"article:publisher\" content=\"https:\/\/www.facebook.com\/balteschwiler\" \/>\n<meta property=\"article:modified_time\" content=\"2023-04-16T22:34:35+00:00\" \/>\n<meta property=\"og:image\" content=\"https:\/\/balteschwiler.ch\/wp-content\/uploads\/2023\/04\/Holzbautag_Biel_2023.png\" \/>\n<meta name=\"twitter:card\" content=\"summary_large_image\" \/>\n<meta name=\"twitter:label1\" content=\"Dur\u00e9e de lecture estim\u00e9e\" \/>\n\t<meta name=\"twitter:data1\" content=\"1 minute\" \/>\n<script type=\"application\/ld+json\" class=\"yoast-schema-graph\">{\"@context\":\"https:\\\/\\\/schema.org\",\"@graph\":[{\"@type\":\"WebPage\",\"@id\":\"https:\\\/\\\/balteschwiler.ch\\\/fr\\\/actualites\\\/events\\\/\",\"url\":\"https:\\\/\\\/balteschwiler.ch\\\/fr\\\/actualites\\\/events\\\/\",\"name\":\"Events - Balteschwiler AG\",\"isPartOf\":{\"@id\":\"https:\\\/\\\/balteschwiler.ch\\\/#website\"},\"primaryImageOfPage\":{\"@id\":\"https:\\\/\\\/balteschwiler.ch\\\/fr\\\/actualites\\\/events\\\/#primaryimage\"},\"image\":{\"@id\":\"https:\\\/\\\/balteschwiler.ch\\\/fr\\\/actualites\\\/events\\\/#primaryimage\"},\"thumbnailUrl\":\"https:\\\/\\\/balteschwiler.ch\\\/wp-content\\\/uploads\\\/2023\\\/04\\\/Holzbautag_Biel_2023.png\",\"datePublished\":\"2022-09-15T07:55:26+00:00\",\"dateModified\":\"2023-04-16T22:34:35+00:00\",\"inLanguage\":\"fr-FR\",\"potentialAction\":[{\"@type\":\"ReadAction\",\"target\":[\"https:\\\/\\\/balteschwiler.ch\\\/fr\\\/actualites\\\/events\\\/\"]}]},{\"@type\":\"ImageObject\",\"inLanguage\":\"fr-FR\",\"@id\":\"https:\\\/\\\/balteschwiler.ch\\\/fr\\\/actualites\\\/events\\\/#primaryimage\",\"url\":\"https:\\\/\\\/balteschwiler.ch\\\/wp-content\\\/uploads\\\/2023\\\/04\\\/Holzbautag_Biel_2023.png\",\"contentUrl\":\"https:\\\/\\\/balteschwiler.ch\\\/wp-content\\\/uploads\\\/2023\\\/04\\\/Holzbautag_Biel_2023.png\"},{\"@type\":\"WebSite\",\"@id\":\"https:\\\/\\\/balteschwiler.ch\\\/#website\",\"url\":\"https:\\\/\\\/balteschwiler.ch\\\/\",\"name\":\"Balteschwiler AG\",\"description\":\"\",\"publisher\":{\"@id\":\"https:\\\/\\\/balteschwiler.ch\\\/#organization\"},\"potentialAction\":[{\"@type\":\"SearchAction\",\"target\":{\"@type\":\"EntryPoint\",\"urlTemplate\":\"https:\\\/\\\/balteschwiler.ch\\\/?s={search_term_string}\"},\"query-input\":{\"@type\":\"PropertyValueSpecification\",\"valueRequired\":true,\"valueName\":\"search_term_string\"}}],\"inLanguage\":\"fr-FR\"},{\"@type\":\"Organization\",\"@id\":\"https:\\\/\\\/balteschwiler.ch\\\/#organization\",\"name\":\"Balteschwiler AG\",\"url\":\"https:\\\/\\\/balteschwiler.ch\\\/\",\"logo\":{\"@type\":\"ImageObject\",\"inLanguage\":\"fr-FR\",\"@id\":\"https:\\\/\\\/balteschwiler.ch\\\/#\\\/schema\\\/logo\\\/image\\\/\",\"url\":\"https:\\\/\\\/balteschwiler.ch\\\/wp-content\\\/uploads\\\/2022\\\/09\\\/rz_BAL_Logo_d_rgb.png\",\"contentUrl\":\"https:\\\/\\\/balteschwiler.ch\\\/wp-content\\\/uploads\\\/2022\\\/09\\\/rz_BAL_Logo_d_rgb.png\",\"width\":1182,\"height\":224,\"caption\":\"Balteschwiler AG\"},\"image\":{\"@id\":\"https:\\\/\\\/balteschwiler.ch\\\/#\\\/schema\\\/logo\\\/image\\\/\"},\"sameAs\":[\"https:\\\/\\\/www.facebook.com\\\/balteschwiler\"]}]}<\/script>\n<!-- \/ Yoast SEO plugin. -->","yoast_head_json":{"title":"Events - Balteschwiler AG","robots":{"index":"index","follow":"follow","max-snippet":"max-snippet:-1","max-image-preview":"max-image-preview:large","max-video-preview":"max-video-preview:-1"},"canonical":"https:\/\/balteschwiler.ch\/fr\/actualites\/events\/","og_locale":"fr_FR","og_type":"article","og_title":"Events - Balteschwiler AG","og_description":"Sie m\u00f6chten mehr \u00fcber unsere Dienstleistungen f\u00fcr Holzbauunternehmen erfahren? Unsere Produkte f\u00fcr den Holzbau, die Fassade, den Innenausbau oder die Terrasse genauer kennenlernen? Oder unser Werk in Laufenburg besichtigen? Dann ... Mehr","og_url":"https:\/\/balteschwiler.ch\/fr\/actualites\/events\/","og_site_name":"Balteschwiler AG","article_publisher":"https:\/\/www.facebook.com\/balteschwiler","article_modified_time":"2023-04-16T22:34:35+00:00","og_image":[{"url":"https:\/\/balteschwiler.ch\/wp-content\/uploads\/2023\/04\/Holzbautag_Biel_2023.png","type":"","width":"","height":""}],"twitter_card":"summary_large_image","twitter_misc":{"Dur\u00e9e de lecture estim\u00e9e":"1 minute"},"schema":{"@context":"https:\/\/schema.org","@graph":[{"@type":"WebPage","@id":"https:\/\/balteschwiler.ch\/fr\/actualites\/events\/","url":"https:\/\/balteschwiler.ch\/fr\/actualites\/events\/","name":"Events - Balteschwiler AG","isPartOf":{"@id":"https:\/\/balteschwiler.ch\/#website"},"primaryImageOfPage":{"@id":"https:\/\/balteschwiler.ch\/fr\/actualites\/events\/#primaryimage"},"image":{"@id":"https:\/\/balteschwiler.ch\/fr\/actualites\/events\/#primaryimage"},"thumbnailUrl":"https:\/\/balteschwiler.ch\/wp-content\/uploads\/2023\/04\/Holzbautag_Biel_2023.png","datePublished":"2022-09-15T07:55:26+00:00","dateModified":"2023-04-16T22:34:35+00:00","inLanguage":"fr-FR","potentialAction":[{"@type":"ReadAction","target":["https:\/\/balteschwiler.ch\/fr\/actualites\/events\/"]}]},{"@type":"ImageObject","inLanguage":"fr-FR","@id":"https:\/\/balteschwiler.ch\/fr\/actualites\/events\/#primaryimage","url":"https:\/\/balteschwiler.ch\/wp-content\/uploads\/2023\/04\/Holzbautag_Biel_2023.png","contentUrl":"https:\/\/balteschwiler.ch\/wp-content\/uploads\/2023\/04\/Holzbautag_Biel_2023.png"},{"@type":"WebSite","@id":"https:\/\/balteschwiler.ch\/#website","url":"https:\/\/balteschwiler.ch\/","name":"Balteschwiler AG","description":"","publisher":{"@id":"https:\/\/balteschwiler.ch\/#organization"},"potentialAction":[{"@type":"SearchAction","target":{"@type":"EntryPoint","urlTemplate":"https:\/\/balteschwiler.ch\/?s={search_term_string}"},"query-input":{"@type":"PropertyValueSpecification","valueRequired":true,"valueName":"search_term_string"}}],"inLanguage":"fr-FR"},{"@type":"Organization","@id":"https:\/\/balteschwiler.ch\/#organization","name":"Balteschwiler AG","url":"https:\/\/balteschwiler.ch\/","logo":{"@type":"ImageObject","inLanguage":"fr-FR","@id":"https:\/\/balteschwiler.ch\/#\/schema\/logo\/image\/","url":"https:\/\/balteschwiler.ch\/wp-content\/uploads\/2022\/09\/rz_BAL_Logo_d_rgb.png","contentUrl":"https:\/\/balteschwiler.ch\/wp-content\/uploads\/2022\/09\/rz_BAL_Logo_d_rgb.png","width":1182,"height":224,"caption":"Balteschwiler AG"},"image":{"@id":"https:\/\/balteschwiler.ch\/#\/schema\/logo\/image\/"},"sameAs":["https:\/\/www.facebook.com\/balteschwiler"]}]}},"uagb_featured_image_src":{"full":false,"thumbnail":false,"medium":false,"medium_large":false,"large":false,"1536x1536":false,"2048x2048":false,"gform-image-choice-sm":false,"gform-image-choice-md":false,"gform-image-choice-lg":false},"uagb_author_info":{"display_name":"Michael Sutter","author_link":"https:\/\/balteschwiler.ch\/fr\/author\/m-hoernlimannmichaelh-ch\/"},"uagb_comment_info":0,"uagb_excerpt":"Sie m\u00f6chten mehr \u00fcber unsere Dienstleistungen f\u00fcr Holzbauunternehmen erfahren? Unsere Produkte f\u00fcr den Holzbau, die Fassade, den Innenausbau oder die Terrasse genauer kennenlernen? Oder unser Werk in Laufenburg besichtigen? Dann ... Mehr","_links":{"self":[{"href":"https:\/\/balteschwiler.ch\/fr\/wp-json\/wp\/v2\/pages\/5746","targetHints":{"allow":["GET"]}}],"collection":[{"href":"https:\/\/balteschwiler.ch\/fr\/wp-json\/wp\/v2\/pages"}],"about":[{"href":"https:\/\/balteschwiler.ch\/fr\/wp-json\/wp\/v2\/types\/page"}],"author":[{"embeddable":true,"href":"https:\/\/balteschwiler.ch\/fr\/wp-json\/wp\/v2\/users\/1"}],"replies":[{"embeddable":true,"href":"https:\/\/balteschwiler.ch\/fr\/wp-json\/wp\/v2\/comments?post=5746"}],"version-history":[{"count":2,"href":"https:\/\/balteschwiler.ch\/fr\/wp-json\/wp\/v2\/pages\/5746\/revisions"}],"predecessor-version":[{"id":5749,"href":"https:\/\/balteschwiler.ch\/fr\/wp-json\/wp\/v2\/pages\/5746\/revisions\/5749"}],"up":[{"embeddable":true,"href":"https:\/\/balteschwiler.ch\/fr\/wp-json\/wp\/v2\/pages\/5591"}],"wp:attachment":[{"href":"https:\/\/balteschwiler.ch\/fr\/wp-json\/wp\/v2\/media?parent=5746"}],"curies":[{"name":"wp","href":"https:\/\/api.w.org\/{rel}","templated":true}]}}