{"id":6986,"date":"2022-10-06T15:28:54","date_gmt":"2022-10-06T13:28:54","guid":{"rendered":"https:\/\/balteschwiler.ch\/produits-de-construction-en-bois\/amenagement-interieur-en-bois\/revetements-de-sol\/"},"modified":"2024-03-28T16:05:59","modified_gmt":"2024-03-28T15:05:59","slug":"revetements-de-sol","status":"publish","type":"page","link":"https:\/\/balteschwiler.ch\/fr\/produits-de-construction-en-bois\/amenagement-interieur-en-bois\/revetements-de-sol\/","title":{"rendered":"Rev\u00eatements de sol"},"content":{"rendered":"<div class=\"gb-container gb-container-6ec57639 loadondesktop keyvisual-bodenbelaege\"><div class=\"gb-inside-container\">\n<div class=\"gb-grid-wrapper gb-grid-wrapper-d212ffc2\">\n<div class=\"gb-grid-column gb-grid-column-6290146c\"><div class=\"gb-container gb-container-6290146c\"><div class=\"gb-inside-container\">\n\n<h2 class=\"gb-headline gb-headline-ae3932be gb-headline-text\">Rev\u00eatements de sol<\/h2>\n\n<\/div><\/div><\/div>\n<\/div>\n<\/div><\/div>\n\n<div class=\"gb-container gb-container-ce06048c loadondesktop\"><div class=\"gb-inside-container\">\n\n<p class=\"intro-text has-medium-font-size\">Les rev\u00eatements de sol en bois ou avec un aspect bois conf\u00e8rent \u00e0 chaque pi\u00e8ce ce petit plus. Nous proposons des produits s\u00e9lectionn\u00e9s et de haute qualit\u00e9 pour toutes les exigences.<\/p>\n\n\n<div class=\"gb-button-wrapper gb-button-wrapper-29e3d1bf column-custom-margin\">\n\n<a class=\"gb-button gb-button-5271d03d gb-button-text smooth-scroll button-border-none\" href=\"https:\/\/balteschwiler.ch\/wp-content\/uploads\/2023\/07\/231130_BAL_Innenausbau_Bestseller_2024-fr.pdf\" target=\"_blank\" rel=\"noopener noreferrer\">Liste de prix et brochure <br>sols<\/a>\n\n<\/div>\n<\/div><\/div>\n\n<div class=\"gb-container gb-container-296cc19d loadonmobile\"><div class=\"gb-inside-container\">\n\n<h1 class=\"wp-block-heading\">Rev\u00eatements de sol<\/h1>\n\n\n\n<figure class=\"wp-block-image alignfull size-full\"><img loading=\"lazy\" decoding=\"async\" width=\"1500\" height=\"781\" src=\"https:\/\/balteschwiler.ch\/wp-content\/uploads\/2023\/03\/Bodenbelaege_Header_Teaser.png\" alt=\"Rev\u00eatements de sol Header\" class=\"wp-image-4077\" srcset=\"https:\/\/balteschwiler.ch\/wp-content\/uploads\/2023\/03\/Bodenbelaege_Header_Teaser.png 1500w, https:\/\/balteschwiler.ch\/wp-content\/uploads\/2023\/03\/Bodenbelaege_Header_Teaser-300x156.png 300w, https:\/\/balteschwiler.ch\/wp-content\/uploads\/2023\/03\/Bodenbelaege_Header_Teaser-1024x533.png 1024w, https:\/\/balteschwiler.ch\/wp-content\/uploads\/2023\/03\/Bodenbelaege_Header_Teaser-768x400.png 768w\" sizes=\"auto, (max-width: 1500px) 100vw, 1500px\" \/><\/figure>\n\n\n\n<p class=\"team-space has-medium-font-size\">Les rev\u00eatements de sol en bois ou avec un aspect bois conf\u00e8rent \u00e0 chaque pi\u00e8ce ce petit plus. Nous proposons des produits s\u00e9lectionn\u00e9s et de haute qualit\u00e9 pour toutes les exigences.<\/p>\n\n<\/div><\/div>\n\n<div class=\"gb-container gb-container-c1702dd7 custom-container-beige\"><div class=\"gb-inside-container\">\n\n<h2 class=\"wp-block-heading\">Assortiment vari\u00e9 et de haute qualit\u00e9 pour le sol<\/h2>\n\n\n\n<p class=\"has-medium-font-size\">Parquet, Hywood, vinyle ou stratifi\u00e9 ? Bois v\u00e9ritable ou sol design ? La diversit\u00e9 des rev\u00eatements de sol est grande et chacun a ses avantages individuels et ses domaines d&rsquo;utilisation id\u00e9aux.  Nous vous aidons volontiers \u00e0 faire votre choix en fonction de vos pr\u00e9f\u00e9rences et de vos exigences.<\/p>\n\n<\/div><\/div>\n\n<div class=\"gb-container gb-container-ff74ca42\"><div class=\"gb-inside-container\">\n\n<div class=\"wp-block-columns is-layout-flex wp-container-core-columns-is-layout-9d6595d7 wp-block-columns-is-layout-flex\">\n<div class=\"wp-block-column has-background is-layout-flow wp-block-column-is-layout-flow\" style=\"background-color:#ddd7d5\">\n<h3 class=\"gb-headline gb-headline-077eca28 gb-headline-text column-custom-margin column-custom-margin top-column-title-space no-bottom-space-holzbauprodukte\"><strong>Parquet pour une atmosph\u00e8re d&rsquo;habitation naturelle et agr\u00e9able<\/strong><\/h3>\n\n\n\n<p class=\"column-custom-margin font-size-small-custom column-custom-margin-right has-medium-font-size\">Le parquet d\u00e9gage une chaleur naturelle, il est intemporel et durable. Le bois vit, respire et est unique par ses couleurs, sa structure et sa surface chaude. Il se distingue par son aspect individuel et naturel et conf\u00e8re \u00e0 chaque maison une ambiance confortable et noble. Les irr\u00e9gularit\u00e9s de la structure du bois font de chaque lame une pi\u00e8ce unique et conf\u00e8rent \u00e0 votre parquet ce petit quelque chose en plus. Un parquet se caract\u00e9rise en outre par sa robustesse et sa long\u00e9vit\u00e9 et contribue \u00e0 un climat int\u00e9rieur sain. <\/p>\n\n\n\n<p class=\"column-custom-margin font-size-small-custom column-custom-margin-right has-medium-font-size\"><strong>Surfaces <\/strong><br>Le bois poss\u00e8de naturellement un aspect individuel, ce qui fait l&rsquo;originalit\u00e9 d&rsquo;un parquet. Le traitement permet d&rsquo;influencer fortement l&rsquo;\u00e9tat de surface et donc l&rsquo;aspect, par exemple en le mettant en valeur. Le traitement \u00e0 l&rsquo;huile, par exemple, conf\u00e8re au bois une surface naturelle et mate avec une patine soyeuse. Gr\u00e2ce \u00e0 son toucher chaud et naturel, la sensation du parquet sous les pieds est in\u00e9gal\u00e9e.<\/p>\n\n\n\n<p class=\"column-custom-margin font-size-small-custom column-custom-margin-right has-medium-font-size\"><strong>Essences de bois<\/strong><br>La nature offre une grande vari\u00e9t\u00e9 d&rsquo;essences de bois. Chaque essence de bois poss\u00e8de son propre caract\u00e8re et des propri\u00e9t\u00e9s sp\u00e9cifiques. Le ch\u00eane s\u00e9duit par sa robustesse et est le cr\u00e9ateur de tendances par excellence. Cependant, le h\u00eatre, le fr\u00eane, l&rsquo;\u00e9rable, le cerisier, le noyer et le m\u00e9l\u00e8ze sont \u00e9galement des essences parfaitement adapt\u00e9es au parquet. Avec notre gamme de produits en stock, nous vous proposons des syst\u00e8mes de produits adapt\u00e9s et disponibles rapidement.<\/p>\n<\/div>\n\n\n\n<div class=\"wp-block-column has-background is-layout-flow wp-block-column-is-layout-flow\" style=\"background-color:#ddd7d5\">\n<figure class=\"wp-block-image size-full\"><img decoding=\"async\" src=\"https:\/\/balteschwiler.ch\/wp-content\/uploads\/2023\/03\/Parkett.jpg\" alt=\"Parquet\" class=\"wp-image-4082\"\/><\/figure>\n<\/div>\n<\/div>\n\n\n\n<div class=\"wp-block-columns is-layout-flex wp-container-core-columns-is-layout-9d6595d7 wp-block-columns-is-layout-flex\">\n<div class=\"wp-block-column is-layout-flow wp-block-column-is-layout-flow\">\n<figure class=\"wp-block-image size-full\"><img decoding=\"async\" src=\"https:\/\/balteschwiler.ch\/wp-content\/uploads\/2023\/03\/Hywood-Smart.jpg\" alt=\"Hywood-Smart\" class=\"wp-image-4085\"\/><\/figure>\n<\/div>\n\n\n\n<div class=\"wp-block-column is-layout-flow wp-block-column-is-layout-flow\">\n<h3 class=\"gb-headline gb-headline-366183b7 gb-headline-text column-custom-margin column-custom-margin top-column-title-space no-bottom-space-holzbauprodukte\"><strong>Hywood &#8211; Fait intelligemment<\/strong><\/h3>\n\n\n\n<p class=\"column-custom-margin font-size-small-custom column-custom-margin-right has-medium-font-size\">Il est en bois v\u00e9ritable, mais ce n&rsquo;est pas un parquet. Il est tr\u00e8s r\u00e9sistant, mais ce n&rsquo;est pas un sol design. Il combine le meilleur de deux mondes et en fait quelque chose de nouveau. C&rsquo;est exactement cela : Hywood, le sol hybride en bois v\u00e9ritable hautement r\u00e9sistant. Hywood vient du monde du bois, car il est en bois &#8211; de bout en bout. Il est authentique, il a de la valeur, il est naturellement beau. Et surtout, il est sensuel. Il a tout ce que l&rsquo;on peut attendre du bois. \n\n<\/p>\n\n\n\n<p class=\"column-custom-margin font-size-small-custom column-custom-margin-right has-medium-font-size\">Et pourtant, Hywood est nettement sup\u00e9rieur \u00e0 un sol en bois, car il utilise une combinaison de trois technologies &#8211; Wood-Powder, Nature Protec et Aqua Seal. Ensemble, elles le rendent tr\u00e8s r\u00e9sistant &#8211; \u00e0 l&rsquo;eau, aux rayures profondes, aux points de pression et \u00e0 la salet\u00e9. \n\n<\/p>\n\n\n\n<p class=\"column-custom-margin font-size-small-custom column-custom-margin-right has-medium-font-size\">Malgr\u00e9 sa sup\u00e9riorit\u00e9, Hywood reste fid\u00e8le \u00e0 lui-m\u00eame, car il est un v\u00e9ritable produit en bois &#8211; naturel, durable et sain pour l&rsquo;habitat.<\/p>\n<\/div>\n<\/div>\n\n\n\n<div class=\"wp-block-columns is-layout-flex wp-container-core-columns-is-layout-9d6595d7 wp-block-columns-is-layout-flex\">\n<div class=\"wp-block-column has-background is-layout-flow wp-block-column-is-layout-flow\" style=\"background-color:#cbc3bf\">\n<h3 class=\"gb-headline gb-headline-5cfc019d gb-headline-text column-custom-margin column-custom-margin top-column-title-space no-bottom-space-holzbauprodukte\"><strong>Le sol vinyle design est le sol sur lequel la vie peut se d\u00e9cha\u00eener<\/strong><\/h3>\n\n\n\n<p class=\"column-custom-margin font-size-small-custom column-custom-margin-right has-medium-font-size\">Contrairement aux sols vinyles traditionnels en PVC, nos produits ne contiennent pas de plastifiants contenant des phtalates nocifs. Pour rendre notre sol vinyle design \u00e9lastique, nous utilisons un plastifiant naturel et biosourc\u00e9 : Huile, obtenue \u00e0 partir de la f\u00e8ve de soja. Il r\u00e9pond ainsi \u00e0 tous les crit\u00e8res d&rsquo;un habitat \u00e0 faible \u00e9mission. <\/p>\n\n\n\n<p class=\"column-custom-margin font-size-small-custom column-custom-margin-right has-medium-font-size\">Sur notre sol vinyle design, vous marchez agr\u00e9ablement en silence et en douceur. Il n&rsquo;en est pas moins r\u00e9sistant. Sa nature robuste n&rsquo;est pas visible. Elle se cache dans le mat\u00e9riau et dans sa construction intelligente. Ce qui se passe sur lui n&rsquo;a pratiquement aucune importance. Il accepte l&rsquo;eau, la salet\u00e9 et les pattes de chien sans broncher. Il est facile \u00e0 entretenir et se nettoie en un clin d&rsquo;\u0153il. <\/p>\n<\/div>\n\n\n\n<div class=\"wp-block-column has-background is-layout-flow wp-block-column-is-layout-flow\" style=\"background-color:#cbc3bf\">\n<figure class=\"wp-block-image size-full\"><img decoding=\"async\" src=\"https:\/\/balteschwiler.ch\/wp-content\/uploads\/2023\/03\/Design_Vinylboden.jpg\" alt=\"Sol vinyle design\" class=\"wp-image-4088\"\/><\/figure>\n<\/div>\n<\/div>\n\n\n\n<div class=\"wp-block-columns is-layout-flex wp-container-core-columns-is-layout-9d6595d7 wp-block-columns-is-layout-flex\">\n<div class=\"wp-block-column has-background is-layout-flow wp-block-column-is-layout-flow\" style=\"background-color:#eeebea\">\n<figure class=\"wp-block-image size-full\"><img decoding=\"async\" src=\"https:\/\/balteschwiler.ch\/wp-content\/uploads\/2023\/03\/Laminat.jpg\" alt=\"Stratifi\u00e9\" class=\"wp-image-4091\"\/><\/figure>\n<\/div>\n\n\n\n<div class=\"wp-block-column has-background is-layout-flow wp-block-column-is-layout-flow\" style=\"background-color:#eeebea\">\n<h3 class=\"gb-headline gb-headline-bcb7f3af gb-headline-text column-custom-margin column-custom-margin top-column-title-space no-bottom-space-holzbauprodukte\"><strong>Stratifi\u00e9<\/strong><\/h3>\n\n\n\n<p class=\"column-custom-margin font-size-small-custom column-custom-margin-right has-medium-font-size\">Nos sols stratifi\u00e9s sont presque enti\u00e8rement compos\u00e9s de bois. Ils sont donc exempts de plastique et de composants nocifs comme les plastifiants et le chlore. Ils sont \u00e9cologiques et sains pour l&rsquo;habitat. Le label Blauer Engel et l&rsquo;Institut Eco le confirment. <\/p>\n\n\n\n<p class=\"column-custom-margin font-size-small-custom column-custom-margin-right has-medium-font-size\">Pour la fabrication, on utilise du bois issu d&rsquo;une gestion durable des for\u00eats. C&rsquo;est ainsi que na\u00eet l&rsquo;\u00e2me du sol stratifi\u00e9 &#8211; son panneau de support. <\/p>\n\n\n\n<p class=\"column-custom-margin font-size-small-custom column-custom-margin-right has-medium-font-size\">La surface de nos sols stratifi\u00e9s est robuste et peut encaisser les coups. Elle offre une tr\u00e8s bonne protection contre les rayures, la chaleur, les effets de la lumi\u00e8re et les bact\u00e9ries. Le sol reste beau et ne n\u00e9cessite que peu d&rsquo;entretien. <\/p>\n\n\n\n<p class=\"column-custom-margin font-size-small-custom column-custom-margin-right has-medium-font-size\">Les designs des d\u00e9cors, les structures des surfaces ainsi que les formats imitent \u00e0 s&rsquo;y m\u00e9prendre le bois.<\/p>\n<\/div>\n<\/div>\n\n<\/div><\/div>\n\n<div class=\"gb-container gb-container-d0584ea1\"><div class=\"gb-inside-container\">\n\n<h2 class=\"wp-block-heading\">R\u00e9f\u00e9rences<\/h2>\n\n\n\n<p class=\"has-medium-font-size\">Laissez-vous inspirer par nos r\u00e9f\u00e9rences de sols. Nous vous conseillons volontiers par t\u00e9l\u00e9phone ou dans notre exposition \u00e0 Laufenburg &#8211; prenez contact avec nous sans engagement.<\/p>\n\n\n<div class=\"gb-button-wrapper gb-button-wrapper-02040983\">\n\n<a class=\"gb-button gb-button-e8793502 gb-button-text button-border-none-vielfalt\" href=\"https:\/\/balteschwiler.ch\/referenzen\/\">En savoir plus<\/a>\n\n<\/div>\n<\/div><\/div>","protected":false},"excerpt":{"rendered":"<p>Les rev\u00eatements de sol en bois ou avec un aspect bois conf\u00e8rent \u00e0 chaque pi\u00e8ce ce petit plus. Nous proposons des produits s\u00e9lectionn\u00e9s et de haute qualit\u00e9 pour toutes les &#8230; <a title=\"Rev\u00eatements de sol\" class=\"read-more\" href=\"https:\/\/balteschwiler.ch\/fr\/produits-de-construction-en-bois\/amenagement-interieur-en-bois\/revetements-de-sol\/\" aria-label=\"En savoir plus sur Rev\u00eatements de sol\">Mehr<\/a><\/p>\n","protected":false},"author":1,"featured_media":0,"parent":5671,"menu_order":0,"comment_status":"closed","ping_status":"closed","template":"","meta":{"_acf_changed":false,"inline_featured_image":false,"_uag_custom_page_level_css":"","footnotes":""},"class_list":["post-6986","page","type-page","status-publish"],"acf":[],"yoast_head":"<!-- This site is optimized with the Yoast SEO plugin v27.5 - https:\/\/yoast.com\/product\/yoast-seo-wordpress\/ -->\n<title>Rev\u00eatements de sol - Balteschwiler AG<\/title>\n<meta name=\"robots\" content=\"index, follow, max-snippet:-1, max-image-preview:large, max-video-preview:-1\" \/>\n<link rel=\"canonical\" href=\"https:\/\/balteschwiler.ch\/fr\/produits-de-construction-en-bois\/amenagement-interieur-en-bois\/revetements-de-sol\/\" \/>\n<meta property=\"og:locale\" content=\"fr_FR\" \/>\n<meta property=\"og:type\" content=\"article\" \/>\n<meta property=\"og:title\" content=\"Rev\u00eatements de sol - Balteschwiler AG\" \/>\n<meta property=\"og:description\" content=\"Les rev\u00eatements de sol en bois ou avec un aspect bois conf\u00e8rent \u00e0 chaque pi\u00e8ce ce petit plus. Nous proposons des produits s\u00e9lectionn\u00e9s et de haute qualit\u00e9 pour toutes les ... Mehr\" \/>\n<meta property=\"og:url\" content=\"https:\/\/balteschwiler.ch\/fr\/produits-de-construction-en-bois\/amenagement-interieur-en-bois\/revetements-de-sol\/\" \/>\n<meta property=\"og:site_name\" content=\"Balteschwiler AG\" \/>\n<meta property=\"article:publisher\" content=\"https:\/\/www.facebook.com\/balteschwiler\" \/>\n<meta property=\"article:modified_time\" content=\"2024-03-28T15:05:59+00:00\" \/>\n<meta property=\"og:image\" content=\"https:\/\/balteschwiler.ch\/wp-content\/uploads\/2023\/03\/Bodenbelaege_Header_Teaser.png\" \/>\n<meta name=\"twitter:card\" content=\"summary_large_image\" \/>\n<meta name=\"twitter:label1\" content=\"Dur\u00e9e de lecture estim\u00e9e\" \/>\n\t<meta name=\"twitter:data1\" content=\"6 minutes\" \/>\n<script type=\"application\/ld+json\" class=\"yoast-schema-graph\">{\"@context\":\"https:\\\/\\\/schema.org\",\"@graph\":[{\"@type\":\"WebPage\",\"@id\":\"https:\\\/\\\/balteschwiler.ch\\\/fr\\\/produits-de-construction-en-bois\\\/amenagement-interieur-en-bois\\\/revetements-de-sol\\\/\",\"url\":\"https:\\\/\\\/balteschwiler.ch\\\/fr\\\/produits-de-construction-en-bois\\\/amenagement-interieur-en-bois\\\/revetements-de-sol\\\/\",\"name\":\"Rev\u00eatements de sol - Balteschwiler AG\",\"isPartOf\":{\"@id\":\"https:\\\/\\\/balteschwiler.ch\\\/#website\"},\"primaryImageOfPage\":{\"@id\":\"https:\\\/\\\/balteschwiler.ch\\\/fr\\\/produits-de-construction-en-bois\\\/amenagement-interieur-en-bois\\\/revetements-de-sol\\\/#primaryimage\"},\"image\":{\"@id\":\"https:\\\/\\\/balteschwiler.ch\\\/fr\\\/produits-de-construction-en-bois\\\/amenagement-interieur-en-bois\\\/revetements-de-sol\\\/#primaryimage\"},\"thumbnailUrl\":\"https:\\\/\\\/balteschwiler.ch\\\/wp-content\\\/uploads\\\/2023\\\/03\\\/Bodenbelaege_Header_Teaser.png\",\"datePublished\":\"2022-10-06T13:28:54+00:00\",\"dateModified\":\"2024-03-28T15:05:59+00:00\",\"breadcrumb\":{\"@id\":\"https:\\\/\\\/balteschwiler.ch\\\/fr\\\/produits-de-construction-en-bois\\\/amenagement-interieur-en-bois\\\/revetements-de-sol\\\/#breadcrumb\"},\"inLanguage\":\"fr-FR\",\"potentialAction\":[{\"@type\":\"ReadAction\",\"target\":[\"https:\\\/\\\/balteschwiler.ch\\\/fr\\\/produits-de-construction-en-bois\\\/amenagement-interieur-en-bois\\\/revetements-de-sol\\\/\"]}]},{\"@type\":\"ImageObject\",\"inLanguage\":\"fr-FR\",\"@id\":\"https:\\\/\\\/balteschwiler.ch\\\/fr\\\/produits-de-construction-en-bois\\\/amenagement-interieur-en-bois\\\/revetements-de-sol\\\/#primaryimage\",\"url\":\"https:\\\/\\\/balteschwiler.ch\\\/wp-content\\\/uploads\\\/2023\\\/03\\\/Bodenbelaege_Header_Teaser.png\",\"contentUrl\":\"https:\\\/\\\/balteschwiler.ch\\\/wp-content\\\/uploads\\\/2023\\\/03\\\/Bodenbelaege_Header_Teaser.png\"},{\"@type\":\"BreadcrumbList\",\"@id\":\"https:\\\/\\\/balteschwiler.ch\\\/fr\\\/produits-de-construction-en-bois\\\/amenagement-interieur-en-bois\\\/revetements-de-sol\\\/#breadcrumb\",\"itemListElement\":[{\"@type\":\"ListItem\",\"position\":1,\"name\":\"Produits de construction en bois\",\"item\":\"https:\\\/\\\/balteschwiler.ch\\\/fr\\\/produits-de-construction-en-bois\\\/\"},{\"@type\":\"ListItem\",\"position\":2,\"name\":\"Am\u00e9nagement int\u00e9rieur en bois\",\"item\":\"https:\\\/\\\/balteschwiler.ch\\\/fr\\\/produits-de-construction-en-bois\\\/amenagement-interieur-en-bois\\\/\"},{\"@type\":\"ListItem\",\"position\":3,\"name\":\"Rev\u00eatements de sol\"}]},{\"@type\":\"WebSite\",\"@id\":\"https:\\\/\\\/balteschwiler.ch\\\/#website\",\"url\":\"https:\\\/\\\/balteschwiler.ch\\\/\",\"name\":\"Balteschwiler AG\",\"description\":\"\",\"publisher\":{\"@id\":\"https:\\\/\\\/balteschwiler.ch\\\/#organization\"},\"potentialAction\":[{\"@type\":\"SearchAction\",\"target\":{\"@type\":\"EntryPoint\",\"urlTemplate\":\"https:\\\/\\\/balteschwiler.ch\\\/?s={search_term_string}\"},\"query-input\":{\"@type\":\"PropertyValueSpecification\",\"valueRequired\":true,\"valueName\":\"search_term_string\"}}],\"inLanguage\":\"fr-FR\"},{\"@type\":\"Organization\",\"@id\":\"https:\\\/\\\/balteschwiler.ch\\\/#organization\",\"name\":\"Balteschwiler AG\",\"url\":\"https:\\\/\\\/balteschwiler.ch\\\/\",\"logo\":{\"@type\":\"ImageObject\",\"inLanguage\":\"fr-FR\",\"@id\":\"https:\\\/\\\/balteschwiler.ch\\\/#\\\/schema\\\/logo\\\/image\\\/\",\"url\":\"https:\\\/\\\/balteschwiler.ch\\\/wp-content\\\/uploads\\\/2022\\\/09\\\/rz_BAL_Logo_d_rgb.png\",\"contentUrl\":\"https:\\\/\\\/balteschwiler.ch\\\/wp-content\\\/uploads\\\/2022\\\/09\\\/rz_BAL_Logo_d_rgb.png\",\"width\":1182,\"height\":224,\"caption\":\"Balteschwiler AG\"},\"image\":{\"@id\":\"https:\\\/\\\/balteschwiler.ch\\\/#\\\/schema\\\/logo\\\/image\\\/\"},\"sameAs\":[\"https:\\\/\\\/www.facebook.com\\\/balteschwiler\"]}]}<\/script>\n<!-- \/ Yoast SEO plugin. -->","yoast_head_json":{"title":"Rev\u00eatements de sol - Balteschwiler AG","robots":{"index":"index","follow":"follow","max-snippet":"max-snippet:-1","max-image-preview":"max-image-preview:large","max-video-preview":"max-video-preview:-1"},"canonical":"https:\/\/balteschwiler.ch\/fr\/produits-de-construction-en-bois\/amenagement-interieur-en-bois\/revetements-de-sol\/","og_locale":"fr_FR","og_type":"article","og_title":"Rev\u00eatements de sol - Balteschwiler AG","og_description":"Les rev\u00eatements de sol en bois ou avec un aspect bois conf\u00e8rent \u00e0 chaque pi\u00e8ce ce petit plus. Nous proposons des produits s\u00e9lectionn\u00e9s et de haute qualit\u00e9 pour toutes les ... Mehr","og_url":"https:\/\/balteschwiler.ch\/fr\/produits-de-construction-en-bois\/amenagement-interieur-en-bois\/revetements-de-sol\/","og_site_name":"Balteschwiler AG","article_publisher":"https:\/\/www.facebook.com\/balteschwiler","article_modified_time":"2024-03-28T15:05:59+00:00","og_image":[{"url":"https:\/\/balteschwiler.ch\/wp-content\/uploads\/2023\/03\/Bodenbelaege_Header_Teaser.png","type":"","width":"","height":""}],"twitter_card":"summary_large_image","twitter_misc":{"Dur\u00e9e de lecture estim\u00e9e":"6 minutes"},"schema":{"@context":"https:\/\/schema.org","@graph":[{"@type":"WebPage","@id":"https:\/\/balteschwiler.ch\/fr\/produits-de-construction-en-bois\/amenagement-interieur-en-bois\/revetements-de-sol\/","url":"https:\/\/balteschwiler.ch\/fr\/produits-de-construction-en-bois\/amenagement-interieur-en-bois\/revetements-de-sol\/","name":"Rev\u00eatements de sol - Balteschwiler AG","isPartOf":{"@id":"https:\/\/balteschwiler.ch\/#website"},"primaryImageOfPage":{"@id":"https:\/\/balteschwiler.ch\/fr\/produits-de-construction-en-bois\/amenagement-interieur-en-bois\/revetements-de-sol\/#primaryimage"},"image":{"@id":"https:\/\/balteschwiler.ch\/fr\/produits-de-construction-en-bois\/amenagement-interieur-en-bois\/revetements-de-sol\/#primaryimage"},"thumbnailUrl":"https:\/\/balteschwiler.ch\/wp-content\/uploads\/2023\/03\/Bodenbelaege_Header_Teaser.png","datePublished":"2022-10-06T13:28:54+00:00","dateModified":"2024-03-28T15:05:59+00:00","breadcrumb":{"@id":"https:\/\/balteschwiler.ch\/fr\/produits-de-construction-en-bois\/amenagement-interieur-en-bois\/revetements-de-sol\/#breadcrumb"},"inLanguage":"fr-FR","potentialAction":[{"@type":"ReadAction","target":["https:\/\/balteschwiler.ch\/fr\/produits-de-construction-en-bois\/amenagement-interieur-en-bois\/revetements-de-sol\/"]}]},{"@type":"ImageObject","inLanguage":"fr-FR","@id":"https:\/\/balteschwiler.ch\/fr\/produits-de-construction-en-bois\/amenagement-interieur-en-bois\/revetements-de-sol\/#primaryimage","url":"https:\/\/balteschwiler.ch\/wp-content\/uploads\/2023\/03\/Bodenbelaege_Header_Teaser.png","contentUrl":"https:\/\/balteschwiler.ch\/wp-content\/uploads\/2023\/03\/Bodenbelaege_Header_Teaser.png"},{"@type":"BreadcrumbList","@id":"https:\/\/balteschwiler.ch\/fr\/produits-de-construction-en-bois\/amenagement-interieur-en-bois\/revetements-de-sol\/#breadcrumb","itemListElement":[{"@type":"ListItem","position":1,"name":"Produits de construction en bois","item":"https:\/\/balteschwiler.ch\/fr\/produits-de-construction-en-bois\/"},{"@type":"ListItem","position":2,"name":"Am\u00e9nagement int\u00e9rieur en bois","item":"https:\/\/balteschwiler.ch\/fr\/produits-de-construction-en-bois\/amenagement-interieur-en-bois\/"},{"@type":"ListItem","position":3,"name":"Rev\u00eatements de sol"}]},{"@type":"WebSite","@id":"https:\/\/balteschwiler.ch\/#website","url":"https:\/\/balteschwiler.ch\/","name":"Balteschwiler AG","description":"","publisher":{"@id":"https:\/\/balteschwiler.ch\/#organization"},"potentialAction":[{"@type":"SearchAction","target":{"@type":"EntryPoint","urlTemplate":"https:\/\/balteschwiler.ch\/?s={search_term_string}"},"query-input":{"@type":"PropertyValueSpecification","valueRequired":true,"valueName":"search_term_string"}}],"inLanguage":"fr-FR"},{"@type":"Organization","@id":"https:\/\/balteschwiler.ch\/#organization","name":"Balteschwiler AG","url":"https:\/\/balteschwiler.ch\/","logo":{"@type":"ImageObject","inLanguage":"fr-FR","@id":"https:\/\/balteschwiler.ch\/#\/schema\/logo\/image\/","url":"https:\/\/balteschwiler.ch\/wp-content\/uploads\/2022\/09\/rz_BAL_Logo_d_rgb.png","contentUrl":"https:\/\/balteschwiler.ch\/wp-content\/uploads\/2022\/09\/rz_BAL_Logo_d_rgb.png","width":1182,"height":224,"caption":"Balteschwiler AG"},"image":{"@id":"https:\/\/balteschwiler.ch\/#\/schema\/logo\/image\/"},"sameAs":["https:\/\/www.facebook.com\/balteschwiler"]}]}},"uagb_featured_image_src":{"full":false,"thumbnail":false,"medium":false,"medium_large":false,"large":false,"1536x1536":false,"2048x2048":false,"gform-image-choice-sm":false,"gform-image-choice-md":false,"gform-image-choice-lg":false},"uagb_author_info":{"display_name":"Michael Sutter","author_link":"https:\/\/balteschwiler.ch\/fr\/author\/m-hoernlimannmichaelh-ch\/"},"uagb_comment_info":0,"uagb_excerpt":"Les rev\u00eatements de sol en bois ou avec un aspect bois conf\u00e8rent \u00e0 chaque pi\u00e8ce ce petit plus. Nous proposons des produits s\u00e9lectionn\u00e9s et de haute qualit\u00e9 pour toutes les ... Mehr","_links":{"self":[{"href":"https:\/\/balteschwiler.ch\/fr\/wp-json\/wp\/v2\/pages\/6986","targetHints":{"allow":["GET"]}}],"collection":[{"href":"https:\/\/balteschwiler.ch\/fr\/wp-json\/wp\/v2\/pages"}],"about":[{"href":"https:\/\/balteschwiler.ch\/fr\/wp-json\/wp\/v2\/types\/page"}],"author":[{"embeddable":true,"href":"https:\/\/balteschwiler.ch\/fr\/wp-json\/wp\/v2\/users\/1"}],"replies":[{"embeddable":true,"href":"https:\/\/balteschwiler.ch\/fr\/wp-json\/wp\/v2\/comments?post=6986"}],"version-history":[{"count":13,"href":"https:\/\/balteschwiler.ch\/fr\/wp-json\/wp\/v2\/pages\/6986\/revisions"}],"predecessor-version":[{"id":9473,"href":"https:\/\/balteschwiler.ch\/fr\/wp-json\/wp\/v2\/pages\/6986\/revisions\/9473"}],"up":[{"embeddable":true,"href":"https:\/\/balteschwiler.ch\/fr\/wp-json\/wp\/v2\/pages\/5671"}],"wp:attachment":[{"href":"https:\/\/balteschwiler.ch\/fr\/wp-json\/wp\/v2\/media?parent=6986"}],"curies":[{"name":"wp","href":"https:\/\/api.w.org\/{rel}","templated":true}]}}