{"id":8795,"date":"2023-12-04T16:01:18","date_gmt":"2023-12-04T15:01:18","guid":{"rendered":"https:\/\/balteschwiler.ch\/liftschacht-koppigen\/"},"modified":"2023-12-19T08:05:30","modified_gmt":"2023-12-19T07:05:30","slug":"liftschacht-koppigen","status":"publish","type":"page","link":"https:\/\/balteschwiler.ch\/fr\/references\/liftschacht-koppigen\/","title":{"rendered":"Cage d\u02bcascenseur Koppigen"},"content":{"rendered":"<div class=\"gb-container gb-container-6ec57639 loadondesktop\"><div class=\"gb-inside-container\">\n<div class=\"gb-grid-wrapper gb-grid-wrapper-d212ffc2\">\n<div class=\"gb-grid-column gb-grid-column-6290146c\"><div class=\"gb-container gb-container-6290146c\"><div class=\"gb-inside-container\">\n\n<p class=\"gb-headline gb-headline-a9091560 gb-headline-text\"><strong>Produits constructifs<\/strong><\/p>\n\n\n\n<h1 class=\"gb-headline gb-headline-ae3932be gb-headline-text\"><strong>Usinage &amp; pr\u00e9fabrication d\u02bcune cage d\u02bcascenseur avec connecteur GSA-K<\/strong> <\/h1>\n\n<\/div><\/div><\/div>\n<\/div>\n<\/div><\/div>\n\n<div class=\"gb-container gb-container-0f7de636\"><div class=\"gb-inside-container\">\n\n<div class=\"wp-block-uagb-slider uagb-block-fcd85a6a uagb-slider-container\"><div class=\"uagb-slides uagb-swiper\"><div class=\"swiper-wrapper\">\n<div class=\"wp-block-uagb-slider-child uagb-slider-child-wrap swiper-slide uagb-block-6bb11d49\"><div class=\"swiper-content\">\n<figure class=\"wp-block-image size-full\"><img loading=\"lazy\" decoding=\"async\" width=\"1000\" height=\"667\" src=\"https:\/\/balteschwiler.ch\/wp-content\/uploads\/2023\/12\/referenzen-konstruktiv-liftschacht-koppigen-5.jpg\" alt=\"\" class=\"wp-image-8729\" srcset=\"https:\/\/balteschwiler.ch\/wp-content\/uploads\/2023\/12\/referenzen-konstruktiv-liftschacht-koppigen-5.jpg 1000w, https:\/\/balteschwiler.ch\/wp-content\/uploads\/2023\/12\/referenzen-konstruktiv-liftschacht-koppigen-5-300x200.jpg 300w, https:\/\/balteschwiler.ch\/wp-content\/uploads\/2023\/12\/referenzen-konstruktiv-liftschacht-koppigen-5-768x512.jpg 768w, https:\/\/balteschwiler.ch\/wp-content\/uploads\/2023\/12\/referenzen-konstruktiv-liftschacht-koppigen-5-50x33.jpg 50w\" sizes=\"auto, (max-width: 1000px) 100vw, 1000px\" \/><\/figure>\n<\/div><\/div>\n\n\n\n<div class=\"wp-block-uagb-slider-child uagb-slider-child-wrap swiper-slide uagb-block-297ab518\"><div class=\"swiper-content\">\n<figure class=\"wp-block-image size-full\"><img loading=\"lazy\" decoding=\"async\" width=\"1000\" height=\"667\" src=\"https:\/\/balteschwiler.ch\/wp-content\/uploads\/2023\/12\/referenzen-konstruktiv-liftschacht-koppigen-6.jpg\" alt=\"\" class=\"wp-image-8731\" srcset=\"https:\/\/balteschwiler.ch\/wp-content\/uploads\/2023\/12\/referenzen-konstruktiv-liftschacht-koppigen-6.jpg 1000w, https:\/\/balteschwiler.ch\/wp-content\/uploads\/2023\/12\/referenzen-konstruktiv-liftschacht-koppigen-6-300x200.jpg 300w, https:\/\/balteschwiler.ch\/wp-content\/uploads\/2023\/12\/referenzen-konstruktiv-liftschacht-koppigen-6-768x512.jpg 768w, https:\/\/balteschwiler.ch\/wp-content\/uploads\/2023\/12\/referenzen-konstruktiv-liftschacht-koppigen-6-50x33.jpg 50w\" sizes=\"auto, (max-width: 1000px) 100vw, 1000px\" \/><\/figure>\n<\/div><\/div>\n\n\n\n<div class=\"wp-block-uagb-slider-child uagb-slider-child-wrap swiper-slide uagb-block-2128fd97\"><div class=\"swiper-content\">\n<figure class=\"wp-block-image size-full\"><img loading=\"lazy\" decoding=\"async\" width=\"1000\" height=\"667\" src=\"https:\/\/balteschwiler.ch\/wp-content\/uploads\/2023\/12\/referenzen-konstruktiv-liftschacht-koppigen-1.jpg\" alt=\"\" class=\"wp-image-8735\" srcset=\"https:\/\/balteschwiler.ch\/wp-content\/uploads\/2023\/12\/referenzen-konstruktiv-liftschacht-koppigen-1.jpg 1000w, https:\/\/balteschwiler.ch\/wp-content\/uploads\/2023\/12\/referenzen-konstruktiv-liftschacht-koppigen-1-300x200.jpg 300w, https:\/\/balteschwiler.ch\/wp-content\/uploads\/2023\/12\/referenzen-konstruktiv-liftschacht-koppigen-1-768x512.jpg 768w, https:\/\/balteschwiler.ch\/wp-content\/uploads\/2023\/12\/referenzen-konstruktiv-liftschacht-koppigen-1-50x33.jpg 50w\" sizes=\"auto, (max-width: 1000px) 100vw, 1000px\" \/><\/figure>\n<\/div><\/div>\n\n\n\n<div class=\"wp-block-uagb-slider-child uagb-slider-child-wrap swiper-slide uagb-block-d680947f\"><div class=\"swiper-content\">\n<figure class=\"wp-block-image size-full\"><img loading=\"lazy\" decoding=\"async\" width=\"1000\" height=\"667\" src=\"https:\/\/balteschwiler.ch\/wp-content\/uploads\/2023\/12\/referenzen-konstruktiv-liftschacht-koppigen-2.jpg\" alt=\"\" class=\"wp-image-8737\" srcset=\"https:\/\/balteschwiler.ch\/wp-content\/uploads\/2023\/12\/referenzen-konstruktiv-liftschacht-koppigen-2.jpg 1000w, https:\/\/balteschwiler.ch\/wp-content\/uploads\/2023\/12\/referenzen-konstruktiv-liftschacht-koppigen-2-300x200.jpg 300w, https:\/\/balteschwiler.ch\/wp-content\/uploads\/2023\/12\/referenzen-konstruktiv-liftschacht-koppigen-2-768x512.jpg 768w, https:\/\/balteschwiler.ch\/wp-content\/uploads\/2023\/12\/referenzen-konstruktiv-liftschacht-koppigen-2-50x33.jpg 50w\" sizes=\"auto, (max-width: 1000px) 100vw, 1000px\" \/><\/figure>\n<\/div><\/div>\n\n\n\n<div class=\"wp-block-uagb-slider-child uagb-slider-child-wrap swiper-slide uagb-block-2977e9fc\"><div class=\"swiper-content\">\n<figure class=\"wp-block-image size-full\"><img loading=\"lazy\" decoding=\"async\" width=\"1000\" height=\"667\" src=\"https:\/\/balteschwiler.ch\/wp-content\/uploads\/2023\/12\/referenzen-konstruktiv-liftschacht-koppigen-3.jpg\" alt=\"\" class=\"wp-image-8739\" srcset=\"https:\/\/balteschwiler.ch\/wp-content\/uploads\/2023\/12\/referenzen-konstruktiv-liftschacht-koppigen-3.jpg 1000w, https:\/\/balteschwiler.ch\/wp-content\/uploads\/2023\/12\/referenzen-konstruktiv-liftschacht-koppigen-3-300x200.jpg 300w, https:\/\/balteschwiler.ch\/wp-content\/uploads\/2023\/12\/referenzen-konstruktiv-liftschacht-koppigen-3-768x512.jpg 768w, https:\/\/balteschwiler.ch\/wp-content\/uploads\/2023\/12\/referenzen-konstruktiv-liftschacht-koppigen-3-50x33.jpg 50w\" sizes=\"auto, (max-width: 1000px) 100vw, 1000px\" \/><\/figure>\n<\/div><\/div>\n\n\n\n<div class=\"wp-block-uagb-slider-child uagb-slider-child-wrap swiper-slide uagb-block-04e6cb9b\"><div class=\"swiper-content\">\n<figure class=\"wp-block-image size-full\"><img loading=\"lazy\" decoding=\"async\" width=\"1000\" height=\"667\" src=\"https:\/\/balteschwiler.ch\/wp-content\/uploads\/2023\/12\/referenzen-konstruktiv-liftschacht-koppigen-4.jpg\" alt=\"\" class=\"wp-image-8727\" srcset=\"https:\/\/balteschwiler.ch\/wp-content\/uploads\/2023\/12\/referenzen-konstruktiv-liftschacht-koppigen-4.jpg 1000w, https:\/\/balteschwiler.ch\/wp-content\/uploads\/2023\/12\/referenzen-konstruktiv-liftschacht-koppigen-4-300x200.jpg 300w, https:\/\/balteschwiler.ch\/wp-content\/uploads\/2023\/12\/referenzen-konstruktiv-liftschacht-koppigen-4-768x512.jpg 768w, https:\/\/balteschwiler.ch\/wp-content\/uploads\/2023\/12\/referenzen-konstruktiv-liftschacht-koppigen-4-50x33.jpg 50w\" sizes=\"auto, (max-width: 1000px) 100vw, 1000px\" \/><\/figure>\n<\/div><\/div>\n<\/div><\/div><div class=\"swiper-button-prev\"><\/div><div class=\"swiper-button-next\"><\/div><\/div>\n\n\n\n<div style=\"height:50px\" aria-hidden=\"true\" class=\"wp-block-spacer\"><\/div>\n\n\n\n<div class=\"wp-block-columns is-layout-flex wp-container-core-columns-is-layout-9d6595d7 wp-block-columns-is-layout-flex\">\n<div class=\"wp-block-column is-layout-flow wp-block-column-is-layout-flow\" style=\"flex-basis:66.66%\">\n<hr class=\"wp-block-separator has-text-color has-contrast-color has-alpha-channel-opacity has-contrast-background-color has-background\"\/>\n\n\n\n<h2 class=\"wp-block-heading\">Lotissement Woodcakes \u00e0 Koppigen BE<\/h2>\n\n\n\n<p>Cinq immeubles d\u02bchabitation contemporains comprenantdes appartements en copropri\u00e9t\u00e9 de qualit\u00e9 sup\u00e9rieuresont construits \u00e0 Koppigen. Ces nouveaux b\u00e2timentssont r\u00e9alis\u00e9s en mettant l\u02bcaccent sur l\u02bc\u00e9cologieet la durabilit\u00e9 et utilisent des mat\u00e9riaux de constructionde qualit\u00e9 et respectueux de l\u02bcenvironnement. Pourle premier immeuble, Balteschwiler SA a pr\u00e9fabriqu\u00e9une cage d\u02bcascenseur en deux parties, qui a \u00e9t\u00e9 assembl\u00e9esur le chantier \u00e0 l\u02bcaide de connecteurs GSA-K. Lesconnecteurs GSA-K permettent de relier deux barres GSA de mani\u00e8re invisible, ce qui \u00e9vite de devoir r\u00e9parerles trous et les fentes pour obtenir la r\u00e9sistance au feun\u00e9cessaire. Les six barres GSA avec les connecteursGSA-K ont \u00e9t\u00e9 coll\u00e9es dans les ateliers de BalteschwilerSA. La cage d\u02bcascenseur elle-m\u00eame est compos\u00e9ede panneaux lamell\u00e9s-crois\u00e9s de 100 mm d\u02bc\u00e9paisseur (3couches), qui ont \u00e9t\u00e9 recouvertes de plaques de fibresgypse Fermacell de 18 mm. Gr\u00e2ce \u00e0 la pr\u00e9fabricationcompl\u00e8te en usine, \u00e0 la livraison juste \u00e0 temps sur lechantier et \u00e0 l\u02bcassemblage par embo\u00eetement GSA-K, lacage d\u02bcascenseur a \u00e9t\u00e9 mont\u00e9e en tr\u00e8s peu de temps.<\/p>\n\n\n<div class=\"gb-button-wrapper gb-button-wrapper-7c34dbc8\">\n\n<a class=\"gb-button gb-button-b8c1b8eb gb-button-text smooth-scroll button-border-none\" href=\"https:\/\/balteschwiler.ch\/wp-content\/uploads\/2023\/12\/2023_Liftschacht_GSA-K_Koppigen_Baumberger_Bau_FR.pdf\" target=\"_blank\" rel=\"noopener noreferrer\">Fiche de r\u00e9f\u00e9rence<\/a>\n\n<\/div><\/div>\n\n\n\n<div class=\"wp-block-column spalte-custom-space-left is-layout-flow wp-block-column-is-layout-flow\" style=\"flex-basis:33.33%\">\n<hr class=\"wp-block-separator has-text-color has-contrast-color has-alpha-channel-opacity has-contrast-background-color has-background\"\/>\n\n\n\n<p><strong>Ann\u00e9e de construction<\/strong><br>2023<\/p>\n\n\n\n<p><strong>Type de b\u00e2timent \/ usage <\/strong>Nouvelle construction de logements<\/p>\n\n\n\n<p><strong>Ma\u00eetre d\u02bcouvrage<\/strong><br>Baumberger Bau AG, Koppigen<\/p>\n\n\n\n<p><strong>Partenaire d\u02bcex\u00e9cution\/Client : <\/strong>Baumberger Bau AG, Koppigen<\/p>\n\n\n\n<p><strong>Produits et services Balteschwiler utilis\u00e9s <\/strong><br>Usinage CNC de panneaux lamell\u00e9s-crois\u00e9s &amp; pr\u00e9fabrication en usine des deux \u00e9l\u00e9ments de la cage d\u02bcascenseur, y compris le parement anti-feu, les tiges filet\u00e9es GSA et les connecteurs GSA-K. Livraison juste \u00e0 temps sur le chantier.<\/p>\n<\/div>\n<\/div>\n\n<\/div><\/div>\n\n\n<p><\/p>\n","protected":false},"excerpt":{"rendered":"<p>Lotissement Woodcakes \u00e0 Koppigen BE Cinq immeubles d\u02bchabitation contemporains comprenantdes appartements en copropri\u00e9t\u00e9 de qualit\u00e9 sup\u00e9rieuresont construits \u00e0 Koppigen. Ces nouveaux b\u00e2timentssont r\u00e9alis\u00e9s en mettant l\u02bcaccent sur l\u02bc\u00e9cologieet la durabilit\u00e9 &#8230; <a title=\"Cage d\u02bcascenseur Koppigen\" class=\"read-more\" href=\"https:\/\/balteschwiler.ch\/fr\/references\/liftschacht-koppigen\/\" aria-label=\"En savoir plus sur Cage d\u02bcascenseur Koppigen\">Mehr<\/a><\/p>\n","protected":false},"author":2,"featured_media":0,"parent":8941,"menu_order":0,"comment_status":"closed","ping_status":"closed","template":"","meta":{"_acf_changed":false,"inline_featured_image":false,"_uag_custom_page_level_css":"","footnotes":""},"class_list":["post-8795","page","type-page","status-publish"],"acf":[],"yoast_head":"<!-- This site is optimized with the Yoast SEO plugin v27.3 - https:\/\/yoast.com\/product\/yoast-seo-wordpress\/ -->\n<title>Cage d\u02bcascenseur Koppigen - Balteschwiler AG<\/title>\n<meta name=\"robots\" content=\"index, follow, max-snippet:-1, max-image-preview:large, max-video-preview:-1\" \/>\n<link rel=\"canonical\" href=\"https:\/\/balteschwiler.ch\/fr\/references\/liftschacht-koppigen\/\" \/>\n<meta property=\"og:locale\" content=\"fr_FR\" \/>\n<meta property=\"og:type\" content=\"article\" \/>\n<meta property=\"og:title\" content=\"Cage d\u02bcascenseur Koppigen - Balteschwiler AG\" \/>\n<meta property=\"og:description\" content=\"Lotissement Woodcakes \u00e0 Koppigen BE Cinq immeubles d\u02bchabitation contemporains comprenantdes appartements en copropri\u00e9t\u00e9 de qualit\u00e9 sup\u00e9rieuresont construits \u00e0 Koppigen. Ces nouveaux b\u00e2timentssont r\u00e9alis\u00e9s en mettant l\u02bcaccent sur l\u02bc\u00e9cologieet la durabilit\u00e9 ... Mehr\" \/>\n<meta property=\"og:url\" content=\"https:\/\/balteschwiler.ch\/fr\/references\/liftschacht-koppigen\/\" \/>\n<meta property=\"og:site_name\" content=\"Balteschwiler AG\" \/>\n<meta property=\"article:publisher\" content=\"https:\/\/www.facebook.com\/balteschwiler\" \/>\n<meta property=\"article:modified_time\" content=\"2023-12-19T07:05:30+00:00\" \/>\n<meta property=\"og:image\" content=\"https:\/\/balteschwiler.ch\/wp-content\/uploads\/2023\/12\/referenzen-konstruktiv-liftschacht-koppigen-5.jpg\" \/>\n<meta name=\"twitter:card\" content=\"summary_large_image\" \/>\n<meta name=\"twitter:label1\" content=\"Dur\u00e9e de lecture estim\u00e9e\" \/>\n\t<meta name=\"twitter:data1\" content=\"1 minute\" \/>\n<script type=\"application\/ld+json\" class=\"yoast-schema-graph\">{\"@context\":\"https:\\\/\\\/schema.org\",\"@graph\":[{\"@type\":\"WebPage\",\"@id\":\"https:\\\/\\\/balteschwiler.ch\\\/fr\\\/references\\\/liftschacht-koppigen\\\/\",\"url\":\"https:\\\/\\\/balteschwiler.ch\\\/fr\\\/references\\\/liftschacht-koppigen\\\/\",\"name\":\"Cage d\u02bcascenseur Koppigen - Balteschwiler AG\",\"isPartOf\":{\"@id\":\"https:\\\/\\\/balteschwiler.ch\\\/#website\"},\"primaryImageOfPage\":{\"@id\":\"https:\\\/\\\/balteschwiler.ch\\\/fr\\\/references\\\/liftschacht-koppigen\\\/#primaryimage\"},\"image\":{\"@id\":\"https:\\\/\\\/balteschwiler.ch\\\/fr\\\/references\\\/liftschacht-koppigen\\\/#primaryimage\"},\"thumbnailUrl\":\"https:\\\/\\\/balteschwiler.ch\\\/wp-content\\\/uploads\\\/2023\\\/12\\\/referenzen-konstruktiv-liftschacht-koppigen-5.jpg\",\"datePublished\":\"2023-12-04T15:01:18+00:00\",\"dateModified\":\"2023-12-19T07:05:30+00:00\",\"breadcrumb\":{\"@id\":\"https:\\\/\\\/balteschwiler.ch\\\/fr\\\/references\\\/liftschacht-koppigen\\\/#breadcrumb\"},\"inLanguage\":\"fr-FR\",\"potentialAction\":[{\"@type\":\"ReadAction\",\"target\":[\"https:\\\/\\\/balteschwiler.ch\\\/fr\\\/references\\\/liftschacht-koppigen\\\/\"]}]},{\"@type\":\"ImageObject\",\"inLanguage\":\"fr-FR\",\"@id\":\"https:\\\/\\\/balteschwiler.ch\\\/fr\\\/references\\\/liftschacht-koppigen\\\/#primaryimage\",\"url\":\"https:\\\/\\\/balteschwiler.ch\\\/wp-content\\\/uploads\\\/2023\\\/12\\\/referenzen-konstruktiv-liftschacht-koppigen-5.jpg\",\"contentUrl\":\"https:\\\/\\\/balteschwiler.ch\\\/wp-content\\\/uploads\\\/2023\\\/12\\\/referenzen-konstruktiv-liftschacht-koppigen-5.jpg\"},{\"@type\":\"BreadcrumbList\",\"@id\":\"https:\\\/\\\/balteschwiler.ch\\\/fr\\\/references\\\/liftschacht-koppigen\\\/#breadcrumb\",\"itemListElement\":[{\"@type\":\"ListItem\",\"position\":1,\"name\":\"R\u00e9f\u00e9rences\",\"item\":\"https:\\\/\\\/balteschwiler.ch\\\/fr\\\/references\\\/\"},{\"@type\":\"ListItem\",\"position\":2,\"name\":\"Cage d\u02bcascenseur Koppigen\"}]},{\"@type\":\"WebSite\",\"@id\":\"https:\\\/\\\/balteschwiler.ch\\\/#website\",\"url\":\"https:\\\/\\\/balteschwiler.ch\\\/\",\"name\":\"Balteschwiler AG\",\"description\":\"\",\"publisher\":{\"@id\":\"https:\\\/\\\/balteschwiler.ch\\\/#organization\"},\"potentialAction\":[{\"@type\":\"SearchAction\",\"target\":{\"@type\":\"EntryPoint\",\"urlTemplate\":\"https:\\\/\\\/balteschwiler.ch\\\/?s={search_term_string}\"},\"query-input\":{\"@type\":\"PropertyValueSpecification\",\"valueRequired\":true,\"valueName\":\"search_term_string\"}}],\"inLanguage\":\"fr-FR\"},{\"@type\":\"Organization\",\"@id\":\"https:\\\/\\\/balteschwiler.ch\\\/#organization\",\"name\":\"Balteschwiler AG\",\"url\":\"https:\\\/\\\/balteschwiler.ch\\\/\",\"logo\":{\"@type\":\"ImageObject\",\"inLanguage\":\"fr-FR\",\"@id\":\"https:\\\/\\\/balteschwiler.ch\\\/#\\\/schema\\\/logo\\\/image\\\/\",\"url\":\"https:\\\/\\\/balteschwiler.ch\\\/wp-content\\\/uploads\\\/2022\\\/09\\\/rz_BAL_Logo_d_rgb.png\",\"contentUrl\":\"https:\\\/\\\/balteschwiler.ch\\\/wp-content\\\/uploads\\\/2022\\\/09\\\/rz_BAL_Logo_d_rgb.png\",\"width\":1182,\"height\":224,\"caption\":\"Balteschwiler AG\"},\"image\":{\"@id\":\"https:\\\/\\\/balteschwiler.ch\\\/#\\\/schema\\\/logo\\\/image\\\/\"},\"sameAs\":[\"https:\\\/\\\/www.facebook.com\\\/balteschwiler\"]}]}<\/script>\n<!-- \/ Yoast SEO plugin. -->","yoast_head_json":{"title":"Cage d\u02bcascenseur Koppigen - Balteschwiler AG","robots":{"index":"index","follow":"follow","max-snippet":"max-snippet:-1","max-image-preview":"max-image-preview:large","max-video-preview":"max-video-preview:-1"},"canonical":"https:\/\/balteschwiler.ch\/fr\/references\/liftschacht-koppigen\/","og_locale":"fr_FR","og_type":"article","og_title":"Cage d\u02bcascenseur Koppigen - Balteschwiler AG","og_description":"Lotissement Woodcakes \u00e0 Koppigen BE Cinq immeubles d\u02bchabitation contemporains comprenantdes appartements en copropri\u00e9t\u00e9 de qualit\u00e9 sup\u00e9rieuresont construits \u00e0 Koppigen. Ces nouveaux b\u00e2timentssont r\u00e9alis\u00e9s en mettant l\u02bcaccent sur l\u02bc\u00e9cologieet la durabilit\u00e9 ... Mehr","og_url":"https:\/\/balteschwiler.ch\/fr\/references\/liftschacht-koppigen\/","og_site_name":"Balteschwiler AG","article_publisher":"https:\/\/www.facebook.com\/balteschwiler","article_modified_time":"2023-12-19T07:05:30+00:00","og_image":[{"url":"https:\/\/balteschwiler.ch\/wp-content\/uploads\/2023\/12\/referenzen-konstruktiv-liftschacht-koppigen-5.jpg","type":"","width":"","height":""}],"twitter_card":"summary_large_image","twitter_misc":{"Dur\u00e9e de lecture estim\u00e9e":"1 minute"},"schema":{"@context":"https:\/\/schema.org","@graph":[{"@type":"WebPage","@id":"https:\/\/balteschwiler.ch\/fr\/references\/liftschacht-koppigen\/","url":"https:\/\/balteschwiler.ch\/fr\/references\/liftschacht-koppigen\/","name":"Cage d\u02bcascenseur Koppigen - Balteschwiler AG","isPartOf":{"@id":"https:\/\/balteschwiler.ch\/#website"},"primaryImageOfPage":{"@id":"https:\/\/balteschwiler.ch\/fr\/references\/liftschacht-koppigen\/#primaryimage"},"image":{"@id":"https:\/\/balteschwiler.ch\/fr\/references\/liftschacht-koppigen\/#primaryimage"},"thumbnailUrl":"https:\/\/balteschwiler.ch\/wp-content\/uploads\/2023\/12\/referenzen-konstruktiv-liftschacht-koppigen-5.jpg","datePublished":"2023-12-04T15:01:18+00:00","dateModified":"2023-12-19T07:05:30+00:00","breadcrumb":{"@id":"https:\/\/balteschwiler.ch\/fr\/references\/liftschacht-koppigen\/#breadcrumb"},"inLanguage":"fr-FR","potentialAction":[{"@type":"ReadAction","target":["https:\/\/balteschwiler.ch\/fr\/references\/liftschacht-koppigen\/"]}]},{"@type":"ImageObject","inLanguage":"fr-FR","@id":"https:\/\/balteschwiler.ch\/fr\/references\/liftschacht-koppigen\/#primaryimage","url":"https:\/\/balteschwiler.ch\/wp-content\/uploads\/2023\/12\/referenzen-konstruktiv-liftschacht-koppigen-5.jpg","contentUrl":"https:\/\/balteschwiler.ch\/wp-content\/uploads\/2023\/12\/referenzen-konstruktiv-liftschacht-koppigen-5.jpg"},{"@type":"BreadcrumbList","@id":"https:\/\/balteschwiler.ch\/fr\/references\/liftschacht-koppigen\/#breadcrumb","itemListElement":[{"@type":"ListItem","position":1,"name":"R\u00e9f\u00e9rences","item":"https:\/\/balteschwiler.ch\/fr\/references\/"},{"@type":"ListItem","position":2,"name":"Cage d\u02bcascenseur Koppigen"}]},{"@type":"WebSite","@id":"https:\/\/balteschwiler.ch\/#website","url":"https:\/\/balteschwiler.ch\/","name":"Balteschwiler AG","description":"","publisher":{"@id":"https:\/\/balteschwiler.ch\/#organization"},"potentialAction":[{"@type":"SearchAction","target":{"@type":"EntryPoint","urlTemplate":"https:\/\/balteschwiler.ch\/?s={search_term_string}"},"query-input":{"@type":"PropertyValueSpecification","valueRequired":true,"valueName":"search_term_string"}}],"inLanguage":"fr-FR"},{"@type":"Organization","@id":"https:\/\/balteschwiler.ch\/#organization","name":"Balteschwiler AG","url":"https:\/\/balteschwiler.ch\/","logo":{"@type":"ImageObject","inLanguage":"fr-FR","@id":"https:\/\/balteschwiler.ch\/#\/schema\/logo\/image\/","url":"https:\/\/balteschwiler.ch\/wp-content\/uploads\/2022\/09\/rz_BAL_Logo_d_rgb.png","contentUrl":"https:\/\/balteschwiler.ch\/wp-content\/uploads\/2022\/09\/rz_BAL_Logo_d_rgb.png","width":1182,"height":224,"caption":"Balteschwiler AG"},"image":{"@id":"https:\/\/balteschwiler.ch\/#\/schema\/logo\/image\/"},"sameAs":["https:\/\/www.facebook.com\/balteschwiler"]}]}},"uagb_featured_image_src":{"full":false,"thumbnail":false,"medium":false,"medium_large":false,"large":false,"1536x1536":false,"2048x2048":false,"gform-image-choice-sm":false,"gform-image-choice-md":false,"gform-image-choice-lg":false},"uagb_author_info":{"display_name":"Balteschwiler Marketing","author_link":"https:\/\/balteschwiler.ch\/fr\/author\/infobalteschwiler-ch\/"},"uagb_comment_info":0,"uagb_excerpt":"Lotissement Woodcakes \u00e0 Koppigen BE Cinq immeubles d\u02bchabitation contemporains comprenantdes appartements en copropri\u00e9t\u00e9 de qualit\u00e9 sup\u00e9rieuresont construits \u00e0 Koppigen. Ces nouveaux b\u00e2timentssont r\u00e9alis\u00e9s en mettant l\u02bcaccent sur l\u02bc\u00e9cologieet la durabilit\u00e9 ... Mehr","_links":{"self":[{"href":"https:\/\/balteschwiler.ch\/fr\/wp-json\/wp\/v2\/pages\/8795","targetHints":{"allow":["GET"]}}],"collection":[{"href":"https:\/\/balteschwiler.ch\/fr\/wp-json\/wp\/v2\/pages"}],"about":[{"href":"https:\/\/balteschwiler.ch\/fr\/wp-json\/wp\/v2\/types\/page"}],"author":[{"embeddable":true,"href":"https:\/\/balteschwiler.ch\/fr\/wp-json\/wp\/v2\/users\/2"}],"replies":[{"embeddable":true,"href":"https:\/\/balteschwiler.ch\/fr\/wp-json\/wp\/v2\/comments?post=8795"}],"version-history":[{"count":3,"href":"https:\/\/balteschwiler.ch\/fr\/wp-json\/wp\/v2\/pages\/8795\/revisions"}],"predecessor-version":[{"id":9048,"href":"https:\/\/balteschwiler.ch\/fr\/wp-json\/wp\/v2\/pages\/8795\/revisions\/9048"}],"up":[{"embeddable":true,"href":"https:\/\/balteschwiler.ch\/fr\/wp-json\/wp\/v2\/pages\/8941"}],"wp:attachment":[{"href":"https:\/\/balteschwiler.ch\/fr\/wp-json\/wp\/v2\/media?parent=8795"}],"curies":[{"name":"wp","href":"https:\/\/api.w.org\/{rel}","templated":true}]}}