{"id":8799,"date":"2023-12-04T16:48:39","date_gmt":"2023-12-04T15:48:39","guid":{"rendered":"https:\/\/balteschwiler.ch\/bardage-de-facade-avec-lasure-de-pregrisonnement\/"},"modified":"2023-12-12T16:06:38","modified_gmt":"2023-12-12T15:06:38","slug":"bardage-de-facade-avec-lasure-de-pregrisonnement","status":"publish","type":"page","link":"https:\/\/balteschwiler.ch\/fr\/references\/bardage-de-facade-avec-lasure-de-pregrisonnement\/","title":{"rendered":"Bardage de fa\u00e7ade avec lasure de pr\u00e9grisonnement"},"content":{"rendered":"<div class=\"gb-container gb-container-6ec57639 loadondesktop\"><div class=\"gb-inside-container\">\n<div class=\"gb-grid-wrapper gb-grid-wrapper-d212ffc2\">\n<div class=\"gb-grid-column gb-grid-column-6290146c\"><div class=\"gb-container gb-container-6290146c\"><div class=\"gb-inside-container\">\n\n<p class=\"gb-headline gb-headline-a9091560 gb-headline-text\">Syst\u00e8mes de fa\u00e7ade<\/p>\n\n\n\n<h1 class=\"gb-headline gb-headline-ae3932be gb-headline-text\">Bardage de fa\u00e7ade en sapin blanc suisse avec lasure de pr\u00e9grisonnement<\/h1>\n\n<\/div><\/div><\/div>\n<\/div>\n<\/div><\/div>\n\n<div class=\"gb-container gb-container-0f7de636\"><div class=\"gb-inside-container\">\n\n<div class=\"wp-block-uagb-slider uagb-block-fcd85a6a uagb-slider-container\"><div class=\"uagb-slides uagb-swiper\"><div class=\"swiper-wrapper\">\n<div class=\"wp-block-uagb-slider-child uagb-slider-child-wrap swiper-slide uagb-block-73cf9880\"><div class=\"swiper-content\">\n<figure class=\"wp-block-image size-full\"><img loading=\"lazy\" decoding=\"async\" width=\"1000\" height=\"667\" src=\"https:\/\/balteschwiler.ch\/wp-content\/uploads\/2023\/12\/referenzen-fassaden-vorvergrauung-villa-bernadette-lyss-6.jpg\" alt=\"\" class=\"wp-image-8756\" srcset=\"https:\/\/balteschwiler.ch\/wp-content\/uploads\/2023\/12\/referenzen-fassaden-vorvergrauung-villa-bernadette-lyss-6.jpg 1000w, https:\/\/balteschwiler.ch\/wp-content\/uploads\/2023\/12\/referenzen-fassaden-vorvergrauung-villa-bernadette-lyss-6-300x200.jpg 300w, https:\/\/balteschwiler.ch\/wp-content\/uploads\/2023\/12\/referenzen-fassaden-vorvergrauung-villa-bernadette-lyss-6-768x512.jpg 768w, https:\/\/balteschwiler.ch\/wp-content\/uploads\/2023\/12\/referenzen-fassaden-vorvergrauung-villa-bernadette-lyss-6-50x33.jpg 50w\" sizes=\"auto, (max-width: 1000px) 100vw, 1000px\" \/><\/figure>\n<\/div><\/div>\n\n\n\n<div class=\"wp-block-uagb-slider-child uagb-slider-child-wrap swiper-slide uagb-block-297ab518\"><div class=\"swiper-content\">\n<figure class=\"wp-block-image size-full\"><img loading=\"lazy\" decoding=\"async\" width=\"1000\" height=\"667\" src=\"https:\/\/balteschwiler.ch\/wp-content\/uploads\/2023\/12\/referenzen-fassaden-vorvergrauung-villa-bernadette-lyss-7.jpg\" alt=\"\" class=\"wp-image-8758\" srcset=\"https:\/\/balteschwiler.ch\/wp-content\/uploads\/2023\/12\/referenzen-fassaden-vorvergrauung-villa-bernadette-lyss-7.jpg 1000w, https:\/\/balteschwiler.ch\/wp-content\/uploads\/2023\/12\/referenzen-fassaden-vorvergrauung-villa-bernadette-lyss-7-300x200.jpg 300w, https:\/\/balteschwiler.ch\/wp-content\/uploads\/2023\/12\/referenzen-fassaden-vorvergrauung-villa-bernadette-lyss-7-768x512.jpg 768w, https:\/\/balteschwiler.ch\/wp-content\/uploads\/2023\/12\/referenzen-fassaden-vorvergrauung-villa-bernadette-lyss-7-50x33.jpg 50w\" sizes=\"auto, (max-width: 1000px) 100vw, 1000px\" \/><\/figure>\n<\/div><\/div>\n\n\n\n<div class=\"wp-block-uagb-slider-child uagb-slider-child-wrap swiper-slide uagb-block-2128fd97\"><div class=\"swiper-content\">\n<figure class=\"wp-block-image size-full\"><img loading=\"lazy\" decoding=\"async\" width=\"1000\" height=\"667\" src=\"https:\/\/balteschwiler.ch\/wp-content\/uploads\/2023\/12\/referenzen-fassaden-vorvergrauung-villa-bernadette-lyss-5.jpg\" alt=\"\" class=\"wp-image-8754\" srcset=\"https:\/\/balteschwiler.ch\/wp-content\/uploads\/2023\/12\/referenzen-fassaden-vorvergrauung-villa-bernadette-lyss-5.jpg 1000w, https:\/\/balteschwiler.ch\/wp-content\/uploads\/2023\/12\/referenzen-fassaden-vorvergrauung-villa-bernadette-lyss-5-300x200.jpg 300w, https:\/\/balteschwiler.ch\/wp-content\/uploads\/2023\/12\/referenzen-fassaden-vorvergrauung-villa-bernadette-lyss-5-768x512.jpg 768w, https:\/\/balteschwiler.ch\/wp-content\/uploads\/2023\/12\/referenzen-fassaden-vorvergrauung-villa-bernadette-lyss-5-50x33.jpg 50w\" sizes=\"auto, (max-width: 1000px) 100vw, 1000px\" \/><\/figure>\n<\/div><\/div>\n\n\n\n<div class=\"wp-block-uagb-slider-child uagb-slider-child-wrap swiper-slide uagb-block-d680947f\"><div class=\"swiper-content\">\n<figure class=\"wp-block-image size-full\"><img loading=\"lazy\" decoding=\"async\" width=\"1000\" height=\"667\" src=\"https:\/\/balteschwiler.ch\/wp-content\/uploads\/2023\/12\/referenzen-fassaden-vorvergrauung-villa-bernadette-lyss-4.jpg\" alt=\"\" class=\"wp-image-8752\" srcset=\"https:\/\/balteschwiler.ch\/wp-content\/uploads\/2023\/12\/referenzen-fassaden-vorvergrauung-villa-bernadette-lyss-4.jpg 1000w, https:\/\/balteschwiler.ch\/wp-content\/uploads\/2023\/12\/referenzen-fassaden-vorvergrauung-villa-bernadette-lyss-4-300x200.jpg 300w, https:\/\/balteschwiler.ch\/wp-content\/uploads\/2023\/12\/referenzen-fassaden-vorvergrauung-villa-bernadette-lyss-4-768x512.jpg 768w, https:\/\/balteschwiler.ch\/wp-content\/uploads\/2023\/12\/referenzen-fassaden-vorvergrauung-villa-bernadette-lyss-4-50x33.jpg 50w\" sizes=\"auto, (max-width: 1000px) 100vw, 1000px\" \/><\/figure>\n<\/div><\/div>\n\n\n\n<div class=\"wp-block-uagb-slider-child uagb-slider-child-wrap swiper-slide uagb-block-2977e9fc\"><div class=\"swiper-content\">\n<figure class=\"wp-block-image size-full\"><img loading=\"lazy\" decoding=\"async\" width=\"1000\" height=\"667\" src=\"https:\/\/balteschwiler.ch\/wp-content\/uploads\/2023\/12\/referenzen-fassaden-vorvergrauung-villa-bernadette-lyss-3.jpg\" alt=\"\" class=\"wp-image-8750\" srcset=\"https:\/\/balteschwiler.ch\/wp-content\/uploads\/2023\/12\/referenzen-fassaden-vorvergrauung-villa-bernadette-lyss-3.jpg 1000w, https:\/\/balteschwiler.ch\/wp-content\/uploads\/2023\/12\/referenzen-fassaden-vorvergrauung-villa-bernadette-lyss-3-300x200.jpg 300w, https:\/\/balteschwiler.ch\/wp-content\/uploads\/2023\/12\/referenzen-fassaden-vorvergrauung-villa-bernadette-lyss-3-768x512.jpg 768w, https:\/\/balteschwiler.ch\/wp-content\/uploads\/2023\/12\/referenzen-fassaden-vorvergrauung-villa-bernadette-lyss-3-50x33.jpg 50w\" sizes=\"auto, (max-width: 1000px) 100vw, 1000px\" \/><\/figure>\n<\/div><\/div>\n\n\n\n<div class=\"wp-block-uagb-slider-child uagb-slider-child-wrap swiper-slide uagb-block-98aa80f5\"><div class=\"swiper-content\">\n<figure class=\"wp-block-image size-full\"><img loading=\"lazy\" decoding=\"async\" width=\"1000\" height=\"667\" src=\"https:\/\/balteschwiler.ch\/wp-content\/uploads\/2023\/12\/referenzen-fassaden-vorvergrauung-villa-bernadette-lyss-2.jpg\" alt=\"\" class=\"wp-image-8748\" srcset=\"https:\/\/balteschwiler.ch\/wp-content\/uploads\/2023\/12\/referenzen-fassaden-vorvergrauung-villa-bernadette-lyss-2.jpg 1000w, https:\/\/balteschwiler.ch\/wp-content\/uploads\/2023\/12\/referenzen-fassaden-vorvergrauung-villa-bernadette-lyss-2-300x200.jpg 300w, https:\/\/balteschwiler.ch\/wp-content\/uploads\/2023\/12\/referenzen-fassaden-vorvergrauung-villa-bernadette-lyss-2-768x512.jpg 768w, https:\/\/balteschwiler.ch\/wp-content\/uploads\/2023\/12\/referenzen-fassaden-vorvergrauung-villa-bernadette-lyss-2-50x33.jpg 50w\" sizes=\"auto, (max-width: 1000px) 100vw, 1000px\" \/><\/figure>\n<\/div><\/div>\n\n\n\n<div class=\"wp-block-uagb-slider-child uagb-slider-child-wrap swiper-slide uagb-block-0ee8654b\"><div class=\"swiper-content\">\n<figure class=\"wp-block-image size-full\"><img loading=\"lazy\" decoding=\"async\" width=\"1000\" height=\"667\" src=\"https:\/\/balteschwiler.ch\/wp-content\/uploads\/2023\/12\/referenzen-fassaden-vorvergrauung-villa-bernadette-lyss-1-.jpg\" alt=\"\" class=\"wp-image-8746\" srcset=\"https:\/\/balteschwiler.ch\/wp-content\/uploads\/2023\/12\/referenzen-fassaden-vorvergrauung-villa-bernadette-lyss-1-.jpg 1000w, https:\/\/balteschwiler.ch\/wp-content\/uploads\/2023\/12\/referenzen-fassaden-vorvergrauung-villa-bernadette-lyss-1--300x200.jpg 300w, https:\/\/balteschwiler.ch\/wp-content\/uploads\/2023\/12\/referenzen-fassaden-vorvergrauung-villa-bernadette-lyss-1--768x512.jpg 768w, https:\/\/balteschwiler.ch\/wp-content\/uploads\/2023\/12\/referenzen-fassaden-vorvergrauung-villa-bernadette-lyss-1--50x33.jpg 50w\" sizes=\"auto, (max-width: 1000px) 100vw, 1000px\" \/><\/figure>\n<\/div><\/div>\n<\/div><\/div><div class=\"swiper-button-prev\"><\/div><div class=\"swiper-button-next\"><\/div><\/div>\n\n\n\n<div style=\"height:50px\" aria-hidden=\"true\" class=\"wp-block-spacer\"><\/div>\n\n\n\n<div class=\"wp-block-columns is-layout-flex wp-container-core-columns-is-layout-9d6595d7 wp-block-columns-is-layout-flex\">\n<div class=\"wp-block-column is-layout-flow wp-block-column-is-layout-flow\" style=\"flex-basis:66.66%\">\n<hr class=\"wp-block-separator has-text-color has-contrast-color has-alpha-channel-opacity has-contrast-background-color has-background\"\/>\n\n\n\n<h2 class=\"wp-block-heading\">Villa Bernadette, Lyss<\/h2>\n\n\n\n<p>La Villa Bernadette accompagne les personnes \u00e2g\u00e9esdepuis plus de 30 ans. En 2021, l\u02bcentreprise familialea pu emm\u00e9nager dans deux nouveaux b\u00e2timents \u00e0Lyss. Pour la fa\u00e7ade, le choix s\u02bcest port\u00e9 sur un bardagevertical en sapin blanc suisse avec une surface brutede sciage. Il a \u00e9t\u00e9 r\u00e9alis\u00e9 en trois largeurs diff\u00e9rentes,impr\u00e9gn\u00e9 de mani\u00e8re incolore et trait\u00e9 sur toutesles faces avec une lasure \u00e0 effet. Ces lasures ditesde pr\u00e9grisonnement ou \u00e0 effet servent en premierlieu \u00e0 anticiper la couleur de la fa\u00e7ade en bois suiteaux intemp\u00e9ries naturelles. Il est donc important dechoisir une teinte qui corresponde le plus possibleau ton gris naturel de cette essence de bois. La VillaBernadette en est un bon exemple : m\u00eame apr\u00e8s troisans d\u02bcexposition aux intemp\u00e9ries, elle resplendit d\u02bcungris argent\u00e9 gracieux. Dans les endroits prot\u00e9g\u00e9s desintemp\u00e9ries, la lasure \u00e0 effet est encore bien visible,mais dans les zones plus expos\u00e9es aux intemp\u00e9ries, legrisonnement naturel, \u00e9galement tr\u00e8s beau, appara\u00eetd\u00e9j\u00e0. Gr\u00e2ce au choix judicieux des couleurs, les diff\u00e9rencessont \u00e0 peine perceptibles.<\/p>\n\n\n<div class=\"gb-button-wrapper gb-button-wrapper-7c34dbc8\">\n\n<a class=\"gb-button gb-button-b8c1b8eb gb-button-text\" href=\"https:\/\/balteschwiler.ch\/wp-content\/uploads\/2023\/12\/referenzen-fassaden-vorvergrauung-lyss-fr-low.pdf\" target=\"_blank\" rel=\"noopener noreferrer\">Fiche de r\u00e9f\u00e9rence<\/a>\n\n<\/div><\/div>\n\n\n\n<div class=\"wp-block-column spalte-custom-space-left is-layout-flow wp-block-column-is-layout-flow\" style=\"flex-basis:33.33%\">\n<hr class=\"wp-block-separator has-text-color has-contrast-color has-alpha-channel-opacity has-contrast-background-color has-background\"\/>\n\n\n\n<p><strong>Ann\u00e9e de construction<\/strong> <br>2021<\/p>\n\n\n\n<p><strong>Type de b\u00e2timent \/ usage <\/strong><br>2 nouvelles constructions<\/p>\n\n\n\n<p><strong>Ma\u00eetre d\u2018ouvrage <\/strong><br>Berberat-Witschi AG, Lyss<\/p>\n\n\n\n<p><strong>Architecture <\/strong><br>br\u00fcgger architekten ag, Thun<\/p>\n\n\n\n<p><strong>Partenaire d\u2018ex\u00e9cution <\/strong><br>Feldmann &amp; Co. AG, Lyss<\/p>\n\n\n\n<p><strong>Produits Balteschwiler utilis\u00e9s<\/strong>\r\nSapin blanc Label Bois Suisse, Profil : VSH.-Nr. 12, Chanfrein\r\nen V, Surface brute de sciage, Qualit\u00e9 : N1, peu de\r\nnoeuds, Dimensions : 26 x 90 mm, 26 x 120 mm, 26 x 140\r\nmm, Impr\u00e9gn\u00e9 incolore, 1 x trait\u00e9 sur toutes les faces\r\navec ArboGrey, Mica 050<\/p>\n\n\n\n<p><strong>Particularit\u00e9\r\n<\/strong>Panneau acoustique Silenzio mont\u00e9 sur chevrons<strong>\r\n<\/strong><\/p>\n<\/div>\n<\/div>\n\n<\/div><\/div>","protected":false},"excerpt":{"rendered":"<p>Villa Bernadette, Lyss La Villa Bernadette accompagne les personnes \u00e2g\u00e9esdepuis plus de 30 ans. En 2021, l\u02bcentreprise familialea pu emm\u00e9nager dans deux nouveaux b\u00e2timents \u00e0Lyss. Pour la fa\u00e7ade, le choix &#8230; <a title=\"Bardage de fa\u00e7ade avec lasure de pr\u00e9grisonnement\" class=\"read-more\" href=\"https:\/\/balteschwiler.ch\/fr\/references\/bardage-de-facade-avec-lasure-de-pregrisonnement\/\" aria-label=\"En savoir plus sur Bardage de fa\u00e7ade avec lasure de pr\u00e9grisonnement\">Mehr<\/a><\/p>\n","protected":false},"author":2,"featured_media":0,"parent":8941,"menu_order":0,"comment_status":"closed","ping_status":"closed","template":"","meta":{"_acf_changed":false,"inline_featured_image":false,"_uag_custom_page_level_css":"","footnotes":""},"class_list":["post-8799","page","type-page","status-publish"],"acf":[],"yoast_head":"<!-- This site is optimized with the Yoast SEO plugin v27.5 - https:\/\/yoast.com\/product\/yoast-seo-wordpress\/ -->\n<title>Bardage de fa\u00e7ade avec lasure de pr\u00e9grisonnement - Balteschwiler AG<\/title>\n<meta name=\"description\" content=\"La fa\u00e7ade de haute qualit\u00e9 en sapin blanc suisse conf\u00e8re au b\u00e2timent une enveloppe unique. Contactez-nous pour en savoir plus.\" \/>\n<meta name=\"robots\" content=\"index, follow, max-snippet:-1, max-image-preview:large, max-video-preview:-1\" \/>\n<link rel=\"canonical\" href=\"https:\/\/balteschwiler.ch\/fr\/bardage-de-facade-avec-lasure-de-pregrisonnement\/\" \/>\n<meta property=\"og:locale\" content=\"fr_FR\" \/>\n<meta property=\"og:type\" content=\"article\" \/>\n<meta property=\"og:title\" content=\"Bardage de fa\u00e7ade avec lasure de pr\u00e9grisonnement - Balteschwiler AG\" \/>\n<meta property=\"og:description\" content=\"La fa\u00e7ade de haute qualit\u00e9 en sapin blanc suisse conf\u00e8re au b\u00e2timent une enveloppe unique. Contactez-nous pour en savoir plus.\" \/>\n<meta property=\"og:url\" content=\"https:\/\/balteschwiler.ch\/fr\/bardage-de-facade-avec-lasure-de-pregrisonnement\/\" \/>\n<meta property=\"og:site_name\" content=\"Balteschwiler AG\" \/>\n<meta property=\"article:publisher\" content=\"https:\/\/www.facebook.com\/balteschwiler\" \/>\n<meta property=\"article:modified_time\" content=\"2023-12-12T15:06:38+00:00\" \/>\n<meta property=\"og:image\" content=\"https:\/\/balteschwiler.ch\/wp-content\/uploads\/2023\/12\/referenzen-fassaden-vorvergrauung-villa-bernadette-lyss-6.jpg\" \/>\n<meta name=\"twitter:card\" content=\"summary_large_image\" \/>\n<meta name=\"twitter:label1\" content=\"Dur\u00e9e de lecture estim\u00e9e\" \/>\n\t<meta name=\"twitter:data1\" content=\"3 minutes\" \/>\n<script type=\"application\/ld+json\" class=\"yoast-schema-graph\">{\"@context\":\"https:\\\/\\\/schema.org\",\"@graph\":[{\"@type\":\"WebPage\",\"@id\":\"https:\\\/\\\/balteschwiler.ch\\\/fr\\\/bardage-de-facade-avec-lasure-de-pregrisonnement\\\/\",\"url\":\"https:\\\/\\\/balteschwiler.ch\\\/fr\\\/bardage-de-facade-avec-lasure-de-pregrisonnement\\\/\",\"name\":\"Bardage de fa\u00e7ade avec lasure de pr\u00e9grisonnement - Balteschwiler AG\",\"isPartOf\":{\"@id\":\"https:\\\/\\\/balteschwiler.ch\\\/#website\"},\"primaryImageOfPage\":{\"@id\":\"https:\\\/\\\/balteschwiler.ch\\\/fr\\\/bardage-de-facade-avec-lasure-de-pregrisonnement\\\/#primaryimage\"},\"image\":{\"@id\":\"https:\\\/\\\/balteschwiler.ch\\\/fr\\\/bardage-de-facade-avec-lasure-de-pregrisonnement\\\/#primaryimage\"},\"thumbnailUrl\":\"https:\\\/\\\/balteschwiler.ch\\\/wp-content\\\/uploads\\\/2023\\\/12\\\/referenzen-fassaden-vorvergrauung-villa-bernadette-lyss-6.jpg\",\"datePublished\":\"2023-12-04T15:48:39+00:00\",\"dateModified\":\"2023-12-12T15:06:38+00:00\",\"description\":\"La fa\u00e7ade de haute qualit\u00e9 en sapin blanc suisse conf\u00e8re au b\u00e2timent une enveloppe unique. Contactez-nous pour en savoir plus.\",\"inLanguage\":\"fr-FR\",\"potentialAction\":[{\"@type\":\"ReadAction\",\"target\":[\"https:\\\/\\\/balteschwiler.ch\\\/fr\\\/bardage-de-facade-avec-lasure-de-pregrisonnement\\\/\"]}]},{\"@type\":\"ImageObject\",\"inLanguage\":\"fr-FR\",\"@id\":\"https:\\\/\\\/balteschwiler.ch\\\/fr\\\/bardage-de-facade-avec-lasure-de-pregrisonnement\\\/#primaryimage\",\"url\":\"https:\\\/\\\/balteschwiler.ch\\\/wp-content\\\/uploads\\\/2023\\\/12\\\/referenzen-fassaden-vorvergrauung-villa-bernadette-lyss-6.jpg\",\"contentUrl\":\"https:\\\/\\\/balteschwiler.ch\\\/wp-content\\\/uploads\\\/2023\\\/12\\\/referenzen-fassaden-vorvergrauung-villa-bernadette-lyss-6.jpg\"},{\"@type\":\"WebSite\",\"@id\":\"https:\\\/\\\/balteschwiler.ch\\\/#website\",\"url\":\"https:\\\/\\\/balteschwiler.ch\\\/\",\"name\":\"Balteschwiler AG\",\"description\":\"\",\"publisher\":{\"@id\":\"https:\\\/\\\/balteschwiler.ch\\\/#organization\"},\"potentialAction\":[{\"@type\":\"SearchAction\",\"target\":{\"@type\":\"EntryPoint\",\"urlTemplate\":\"https:\\\/\\\/balteschwiler.ch\\\/?s={search_term_string}\"},\"query-input\":{\"@type\":\"PropertyValueSpecification\",\"valueRequired\":true,\"valueName\":\"search_term_string\"}}],\"inLanguage\":\"fr-FR\"},{\"@type\":\"Organization\",\"@id\":\"https:\\\/\\\/balteschwiler.ch\\\/#organization\",\"name\":\"Balteschwiler AG\",\"url\":\"https:\\\/\\\/balteschwiler.ch\\\/\",\"logo\":{\"@type\":\"ImageObject\",\"inLanguage\":\"fr-FR\",\"@id\":\"https:\\\/\\\/balteschwiler.ch\\\/#\\\/schema\\\/logo\\\/image\\\/\",\"url\":\"https:\\\/\\\/balteschwiler.ch\\\/wp-content\\\/uploads\\\/2022\\\/09\\\/rz_BAL_Logo_d_rgb.png\",\"contentUrl\":\"https:\\\/\\\/balteschwiler.ch\\\/wp-content\\\/uploads\\\/2022\\\/09\\\/rz_BAL_Logo_d_rgb.png\",\"width\":1182,\"height\":224,\"caption\":\"Balteschwiler AG\"},\"image\":{\"@id\":\"https:\\\/\\\/balteschwiler.ch\\\/#\\\/schema\\\/logo\\\/image\\\/\"},\"sameAs\":[\"https:\\\/\\\/www.facebook.com\\\/balteschwiler\"]}]}<\/script>\n<!-- \/ Yoast SEO plugin. -->","yoast_head_json":{"title":"Bardage de fa\u00e7ade avec lasure de pr\u00e9grisonnement - Balteschwiler AG","description":"La fa\u00e7ade de haute qualit\u00e9 en sapin blanc suisse conf\u00e8re au b\u00e2timent une enveloppe unique. Contactez-nous pour en savoir plus.","robots":{"index":"index","follow":"follow","max-snippet":"max-snippet:-1","max-image-preview":"max-image-preview:large","max-video-preview":"max-video-preview:-1"},"canonical":"https:\/\/balteschwiler.ch\/fr\/bardage-de-facade-avec-lasure-de-pregrisonnement\/","og_locale":"fr_FR","og_type":"article","og_title":"Bardage de fa\u00e7ade avec lasure de pr\u00e9grisonnement - Balteschwiler AG","og_description":"La fa\u00e7ade de haute qualit\u00e9 en sapin blanc suisse conf\u00e8re au b\u00e2timent une enveloppe unique. Contactez-nous pour en savoir plus.","og_url":"https:\/\/balteschwiler.ch\/fr\/bardage-de-facade-avec-lasure-de-pregrisonnement\/","og_site_name":"Balteschwiler AG","article_publisher":"https:\/\/www.facebook.com\/balteschwiler","article_modified_time":"2023-12-12T15:06:38+00:00","og_image":[{"url":"https:\/\/balteschwiler.ch\/wp-content\/uploads\/2023\/12\/referenzen-fassaden-vorvergrauung-villa-bernadette-lyss-6.jpg","type":"","width":"","height":""}],"twitter_card":"summary_large_image","twitter_misc":{"Dur\u00e9e de lecture estim\u00e9e":"3 minutes"},"schema":{"@context":"https:\/\/schema.org","@graph":[{"@type":"WebPage","@id":"https:\/\/balteschwiler.ch\/fr\/bardage-de-facade-avec-lasure-de-pregrisonnement\/","url":"https:\/\/balteschwiler.ch\/fr\/bardage-de-facade-avec-lasure-de-pregrisonnement\/","name":"Bardage de fa\u00e7ade avec lasure de pr\u00e9grisonnement - Balteschwiler AG","isPartOf":{"@id":"https:\/\/balteschwiler.ch\/#website"},"primaryImageOfPage":{"@id":"https:\/\/balteschwiler.ch\/fr\/bardage-de-facade-avec-lasure-de-pregrisonnement\/#primaryimage"},"image":{"@id":"https:\/\/balteschwiler.ch\/fr\/bardage-de-facade-avec-lasure-de-pregrisonnement\/#primaryimage"},"thumbnailUrl":"https:\/\/balteschwiler.ch\/wp-content\/uploads\/2023\/12\/referenzen-fassaden-vorvergrauung-villa-bernadette-lyss-6.jpg","datePublished":"2023-12-04T15:48:39+00:00","dateModified":"2023-12-12T15:06:38+00:00","description":"La fa\u00e7ade de haute qualit\u00e9 en sapin blanc suisse conf\u00e8re au b\u00e2timent une enveloppe unique. Contactez-nous pour en savoir plus.","inLanguage":"fr-FR","potentialAction":[{"@type":"ReadAction","target":["https:\/\/balteschwiler.ch\/fr\/bardage-de-facade-avec-lasure-de-pregrisonnement\/"]}]},{"@type":"ImageObject","inLanguage":"fr-FR","@id":"https:\/\/balteschwiler.ch\/fr\/bardage-de-facade-avec-lasure-de-pregrisonnement\/#primaryimage","url":"https:\/\/balteschwiler.ch\/wp-content\/uploads\/2023\/12\/referenzen-fassaden-vorvergrauung-villa-bernadette-lyss-6.jpg","contentUrl":"https:\/\/balteschwiler.ch\/wp-content\/uploads\/2023\/12\/referenzen-fassaden-vorvergrauung-villa-bernadette-lyss-6.jpg"},{"@type":"WebSite","@id":"https:\/\/balteschwiler.ch\/#website","url":"https:\/\/balteschwiler.ch\/","name":"Balteschwiler AG","description":"","publisher":{"@id":"https:\/\/balteschwiler.ch\/#organization"},"potentialAction":[{"@type":"SearchAction","target":{"@type":"EntryPoint","urlTemplate":"https:\/\/balteschwiler.ch\/?s={search_term_string}"},"query-input":{"@type":"PropertyValueSpecification","valueRequired":true,"valueName":"search_term_string"}}],"inLanguage":"fr-FR"},{"@type":"Organization","@id":"https:\/\/balteschwiler.ch\/#organization","name":"Balteschwiler AG","url":"https:\/\/balteschwiler.ch\/","logo":{"@type":"ImageObject","inLanguage":"fr-FR","@id":"https:\/\/balteschwiler.ch\/#\/schema\/logo\/image\/","url":"https:\/\/balteschwiler.ch\/wp-content\/uploads\/2022\/09\/rz_BAL_Logo_d_rgb.png","contentUrl":"https:\/\/balteschwiler.ch\/wp-content\/uploads\/2022\/09\/rz_BAL_Logo_d_rgb.png","width":1182,"height":224,"caption":"Balteschwiler AG"},"image":{"@id":"https:\/\/balteschwiler.ch\/#\/schema\/logo\/image\/"},"sameAs":["https:\/\/www.facebook.com\/balteschwiler"]}]}},"uagb_featured_image_src":{"full":false,"thumbnail":false,"medium":false,"medium_large":false,"large":false,"1536x1536":false,"2048x2048":false,"gform-image-choice-sm":false,"gform-image-choice-md":false,"gform-image-choice-lg":false},"uagb_author_info":{"display_name":"Balteschwiler Marketing","author_link":"https:\/\/balteschwiler.ch\/fr\/author\/infobalteschwiler-ch\/"},"uagb_comment_info":0,"uagb_excerpt":"Villa Bernadette, Lyss La Villa Bernadette accompagne les personnes \u00e2g\u00e9esdepuis plus de 30 ans. En 2021, l\u02bcentreprise familialea pu emm\u00e9nager dans deux nouveaux b\u00e2timents \u00e0Lyss. Pour la fa\u00e7ade, le choix ... Mehr","_links":{"self":[{"href":"https:\/\/balteschwiler.ch\/fr\/wp-json\/wp\/v2\/pages\/8799","targetHints":{"allow":["GET"]}}],"collection":[{"href":"https:\/\/balteschwiler.ch\/fr\/wp-json\/wp\/v2\/pages"}],"about":[{"href":"https:\/\/balteschwiler.ch\/fr\/wp-json\/wp\/v2\/types\/page"}],"author":[{"embeddable":true,"href":"https:\/\/balteschwiler.ch\/fr\/wp-json\/wp\/v2\/users\/2"}],"replies":[{"embeddable":true,"href":"https:\/\/balteschwiler.ch\/fr\/wp-json\/wp\/v2\/comments?post=8799"}],"version-history":[{"count":2,"href":"https:\/\/balteschwiler.ch\/fr\/wp-json\/wp\/v2\/pages\/8799\/revisions"}],"predecessor-version":[{"id":8802,"href":"https:\/\/balteschwiler.ch\/fr\/wp-json\/wp\/v2\/pages\/8799\/revisions\/8802"}],"up":[{"embeddable":true,"href":"https:\/\/balteschwiler.ch\/fr\/wp-json\/wp\/v2\/pages\/8941"}],"wp:attachment":[{"href":"https:\/\/balteschwiler.ch\/fr\/wp-json\/wp\/v2\/media?parent=8799"}],"curies":[{"name":"wp","href":"https:\/\/api.w.org\/{rel}","templated":true}]}}