{"id":8812,"date":"2023-09-07T16:09:08","date_gmt":"2023-09-07T14:09:08","guid":{"rendered":"https:\/\/balteschwiler.ch\/holzbearbeitung-brettsperrholz\/"},"modified":"2024-08-12T14:26:19","modified_gmt":"2024-08-12T12:26:19","slug":"holzbearbeitung-brettsperrholz","status":"publish","type":"page","link":"https:\/\/balteschwiler.ch\/fr\/references\/holzbearbeitung-brettsperrholz\/","title":{"rendered":"Travail du bois bois lamell\u00e9-crois\u00e9"},"content":{"rendered":"<div class=\"gb-container gb-container-6ec57639 loadondesktop\"><div class=\"gb-inside-container\">\n<div class=\"gb-grid-wrapper gb-grid-wrapper-d212ffc2\">\n<div class=\"gb-grid-column gb-grid-column-6290146c\"><div class=\"gb-container gb-container-6290146c\"><div class=\"gb-inside-container\">\n\n<p class=\"gb-headline gb-headline-a9091560 gb-headline-text\"><strong>Produits constructifs<\/strong><\/p>\n\n\n\n<h1 class=\"gb-headline gb-headline-ae3932be gb-headline-text\">L\u2019usinage CNC &amp; <strong>Traitement ult\u00e9rieur<\/strong> de panneaux en bois massif<\/h1>\n\n<\/div><\/div><\/div>\n<\/div>\n<\/div><\/div>\n\n<div class=\"gb-container gb-container-0f7de636\"><div class=\"gb-inside-container\">\n\n<div class=\"wp-block-uagb-slider uagb-block-fcd85a6a uagb-slider-container\"><div class=\"uagb-slides uagb-swiper\"><div class=\"swiper-wrapper\">\n<div class=\"wp-block-uagb-slider-child uagb-slider-child-wrap swiper-slide uagb-block-6bb11d49\"><div class=\"swiper-content\">\n<figure class=\"wp-block-image size-full\"><img loading=\"lazy\" decoding=\"async\" width=\"1000\" height=\"668\" src=\"https:\/\/balteschwiler.ch\/wp-content\/uploads\/2023\/09\/referenzen-konstruktiv-brettsperrholz-schulhaus-1.jpg\" alt=\"W\u00e4nde und schraege Decke aus Brettsperrholz CLT von Balteschwiler AG in einem Schulhaus\" class=\"wp-image-7654\" srcset=\"https:\/\/balteschwiler.ch\/wp-content\/uploads\/2023\/09\/referenzen-konstruktiv-brettsperrholz-schulhaus-1.jpg 1000w, https:\/\/balteschwiler.ch\/wp-content\/uploads\/2023\/09\/referenzen-konstruktiv-brettsperrholz-schulhaus-1-300x200.jpg 300w, https:\/\/balteschwiler.ch\/wp-content\/uploads\/2023\/09\/referenzen-konstruktiv-brettsperrholz-schulhaus-1-768x513.jpg 768w\" sizes=\"auto, (max-width: 1000px) 100vw, 1000px\" \/><\/figure>\n<\/div><\/div>\n\n\n\n<div class=\"wp-block-uagb-slider-child uagb-slider-child-wrap swiper-slide uagb-block-297ab518\"><div class=\"swiper-content\">\n<figure class=\"wp-block-image size-full\"><img loading=\"lazy\" decoding=\"async\" width=\"1000\" height=\"667\" src=\"https:\/\/balteschwiler.ch\/wp-content\/uploads\/2023\/11\/referenzen-konstruktiv-schulhaus-grossafflotern-5.jpg\" alt=\"\" class=\"wp-image-8423\" srcset=\"https:\/\/balteschwiler.ch\/wp-content\/uploads\/2023\/11\/referenzen-konstruktiv-schulhaus-grossafflotern-5.jpg 1000w, https:\/\/balteschwiler.ch\/wp-content\/uploads\/2023\/11\/referenzen-konstruktiv-schulhaus-grossafflotern-5-300x200.jpg 300w, https:\/\/balteschwiler.ch\/wp-content\/uploads\/2023\/11\/referenzen-konstruktiv-schulhaus-grossafflotern-5-768x512.jpg 768w\" sizes=\"auto, (max-width: 1000px) 100vw, 1000px\" \/><\/figure>\n<\/div><\/div>\n\n\n\n<div class=\"wp-block-uagb-slider-child uagb-slider-child-wrap swiper-slide uagb-block-2128fd97\"><div class=\"swiper-content\">\n<figure class=\"wp-block-image size-full\"><img loading=\"lazy\" decoding=\"async\" width=\"1000\" height=\"667\" src=\"https:\/\/balteschwiler.ch\/wp-content\/uploads\/2023\/11\/referenzen-konstruktiv-schulhaus-grossafflotern-4.jpg\" alt=\"\" class=\"wp-image-8421\" srcset=\"https:\/\/balteschwiler.ch\/wp-content\/uploads\/2023\/11\/referenzen-konstruktiv-schulhaus-grossafflotern-4.jpg 1000w, https:\/\/balteschwiler.ch\/wp-content\/uploads\/2023\/11\/referenzen-konstruktiv-schulhaus-grossafflotern-4-300x200.jpg 300w, https:\/\/balteschwiler.ch\/wp-content\/uploads\/2023\/11\/referenzen-konstruktiv-schulhaus-grossafflotern-4-768x512.jpg 768w\" sizes=\"auto, (max-width: 1000px) 100vw, 1000px\" \/><\/figure>\n<\/div><\/div>\n\n\n\n<div class=\"wp-block-uagb-slider-child uagb-slider-child-wrap swiper-slide uagb-block-d680947f\"><div class=\"swiper-content\">\n<figure class=\"wp-block-image size-full\"><img loading=\"lazy\" decoding=\"async\" width=\"1000\" height=\"667\" src=\"https:\/\/balteschwiler.ch\/wp-content\/uploads\/2023\/11\/referenzen-konstruktiv-schulhaus-grossafflotern-3.jpg\" alt=\"\" class=\"wp-image-8419\" srcset=\"https:\/\/balteschwiler.ch\/wp-content\/uploads\/2023\/11\/referenzen-konstruktiv-schulhaus-grossafflotern-3.jpg 1000w, https:\/\/balteschwiler.ch\/wp-content\/uploads\/2023\/11\/referenzen-konstruktiv-schulhaus-grossafflotern-3-300x200.jpg 300w, https:\/\/balteschwiler.ch\/wp-content\/uploads\/2023\/11\/referenzen-konstruktiv-schulhaus-grossafflotern-3-768x512.jpg 768w\" sizes=\"auto, (max-width: 1000px) 100vw, 1000px\" \/><\/figure>\n<\/div><\/div>\n\n\n\n<div class=\"wp-block-uagb-slider-child uagb-slider-child-wrap swiper-slide uagb-block-2977e9fc\"><div class=\"swiper-content\">\n<figure class=\"wp-block-image size-full\"><img loading=\"lazy\" decoding=\"async\" width=\"1000\" height=\"667\" src=\"https:\/\/balteschwiler.ch\/wp-content\/uploads\/2023\/11\/referenzen-konstruktiv-schulhaus-grossafflotern-2.jpg\" alt=\"\" class=\"wp-image-8417\" srcset=\"https:\/\/balteschwiler.ch\/wp-content\/uploads\/2023\/11\/referenzen-konstruktiv-schulhaus-grossafflotern-2.jpg 1000w, https:\/\/balteschwiler.ch\/wp-content\/uploads\/2023\/11\/referenzen-konstruktiv-schulhaus-grossafflotern-2-300x200.jpg 300w, https:\/\/balteschwiler.ch\/wp-content\/uploads\/2023\/11\/referenzen-konstruktiv-schulhaus-grossafflotern-2-768x512.jpg 768w\" sizes=\"auto, (max-width: 1000px) 100vw, 1000px\" \/><\/figure>\n<\/div><\/div>\n\n\n\n<div class=\"wp-block-uagb-slider-child uagb-slider-child-wrap swiper-slide uagb-block-04e6cb9b\"><div class=\"swiper-content\">\n<figure class=\"wp-block-image size-full\"><img loading=\"lazy\" decoding=\"async\" width=\"1000\" height=\"667\" src=\"https:\/\/balteschwiler.ch\/wp-content\/uploads\/2023\/11\/referenzen-konstruktiv-schulhaus-grossafflotern-1.jpg\" alt=\"\" class=\"wp-image-8415\" srcset=\"https:\/\/balteschwiler.ch\/wp-content\/uploads\/2023\/11\/referenzen-konstruktiv-schulhaus-grossafflotern-1.jpg 1000w, https:\/\/balteschwiler.ch\/wp-content\/uploads\/2023\/11\/referenzen-konstruktiv-schulhaus-grossafflotern-1-300x200.jpg 300w, https:\/\/balteschwiler.ch\/wp-content\/uploads\/2023\/11\/referenzen-konstruktiv-schulhaus-grossafflotern-1-768x512.jpg 768w\" sizes=\"auto, (max-width: 1000px) 100vw, 1000px\" \/><\/figure>\n<\/div><\/div>\n<\/div><\/div><div class=\"swiper-button-prev\"><\/div><div class=\"swiper-button-next\"><\/div><\/div>\n\n\n\n<div style=\"height:50px\" aria-hidden=\"true\" class=\"wp-block-spacer\"><\/div>\n\n\n\n<div class=\"wp-block-columns is-layout-flex wp-container-core-columns-is-layout-9d6595d7 wp-block-columns-is-layout-flex\">\n<div class=\"wp-block-column is-layout-flow wp-block-column-is-layout-flow\" style=\"flex-basis:66.66%\">\n<hr class=\"wp-block-separator has-text-color has-contrast-color has-alpha-channel-opacity has-contrast-background-color has-background\"\/>\n\n\n\n<h2 class=\"wp-block-heading\">Nouvelle \u00e9cole \u00e0 Grossaffoltern, GLB<\/h2>\n\n\n\n<p class=\"has-medium-font-size\">Le complexe scolaire de Grossaffoltern a \u00e9t\u00e9 agrandipar la construction d\u203aun nouveau b\u00e2timent en boisd\u02bcun \u00e9tage avec des salles de classe pour le cycleprimaire. Le projet a \u00e9t\u00e9 con\u00e7u par Bienert KintatArchitekten et, afin de garantir une phase de constructionrapide, des \u00e9l\u00e9ments en bois pr\u00e9fabriqu\u00e9s ont \u00e9t\u00e9utilis\u00e9s &#8211; un avantage de la construction en bois entermes de rapidit\u00e9.Timbatec a r\u00e9alis\u00e9 les plans d\u02bcatelier et de montage dece nouveau b\u00e2timent et Balteschwiler SA a fabriqu\u00e9et livr\u00e9 un total de 631 \u00e9l\u00e9ments pr\u00e9fabriqu\u00e9s en boislamell\u00e9-crois\u00e9 (2410 m2), ce qui repr\u00e9sente environ350 m3 de CLT utilis\u00e9.La construction s\u02bcest d\u00e9roul\u00e9e en trois \u00e9tapes. Gr\u00e2ce\u00e0 la grande capacit\u00e9 de stockage de notre usine, les\u00e9l\u00e9ments ont pu \u00eatre pr\u00e9fabriqu\u00e9s et stock\u00e9s temporairementavant d\u02bc\u00eatre transport\u00e9s sur le chantier juste\u00e0 temps \u00e0 l\u02bcaide de plateaux interchangeables.Le syst\u00e8me innovant X-fix, qui permet d\u02bcassembler les\u00e9l\u00e9ments de plafond et de mur de mani\u00e8re simple,rapide et s\u00fbre, a \u00e9t\u00e9 utilis\u00e9 pour relier les \u00e9l\u00e9ments enbois lamell\u00e9-crois\u00e9.<\/p>\n\n\n<div class=\"gb-button-wrapper gb-button-wrapper-7c34dbc8\">\n\n<a class=\"gb-button gb-button-b8c1b8eb gb-button-text smooth-scroll button-border-none\" href=\"https:\/\/balteschwiler.ch\/wp-content\/uploads\/2023\/12\/23-referenzen-konstruktiv-schulhaus-grossaffoltern-fr-low.pdf\" target=\"_blank\" rel=\"noopener noreferrer\">Fiche de r\u00e9f\u00e9rence<\/a>\n\n<\/div><\/div>\n\n\n\n<div class=\"wp-block-column spalte-custom-space-left is-layout-flow wp-block-column-is-layout-flow\" style=\"flex-basis:33.33%\">\n<hr class=\"wp-block-separator has-text-color has-contrast-color has-alpha-channel-opacity has-contrast-background-color has-background\"\/>\n\n\n\n<p><strong>Ann\u00e9e de construction<\/strong><br>2023<\/p>\n\n\n\n<p><strong>Type de b\u00e2timent \/ usage:<\/strong><br>Nouveau b\u00e2timent scolaire<\/p>\n\n\n\n<p><strong>Ma\u00eetre d\u2018ouvragechaft <\/strong><br>Commune de Grossaffoltern, BE<\/p>\n\n\n\n<p><strong>Architecture<\/strong><br>Bienert Kintat Architekten<\/p>\n\n\n\n<p><strong>Partenaire d\u2018ex\u00e9cution<\/strong><br>GLB Genossenschaft Lyss, Timbatec, TS3<\/p>\n\n\n\n<p><strong>Produits et services Balteschwiler utilis\u00e9s<\/strong><br>2410m2 de panneaux en bois lamell\u00e9-crois\u00e9 (CLT)<br>Usinage et traitement ult\u00e9rieur des \u00e9l\u00e9ments en bois amell\u00e9-crois\u00e9 (CLT)<br>Stockage en usine et livraison juste \u00e0 temps sur le chantier en plusieurs \u00e9tapes<\/p>\n<\/div>\n<\/div>\n\n<\/div><\/div>","protected":false},"excerpt":{"rendered":"<p>Nouvelle \u00e9cole \u00e0 Grossaffoltern, GLB Le complexe scolaire de Grossaffoltern a \u00e9t\u00e9 agrandipar la construction d\u203aun nouveau b\u00e2timent en boisd\u02bcun \u00e9tage avec des salles de classe pour le cycleprimaire. Le &#8230; <a title=\"Travail du bois bois lamell\u00e9-crois\u00e9\" class=\"read-more\" href=\"https:\/\/balteschwiler.ch\/fr\/references\/holzbearbeitung-brettsperrholz\/\" aria-label=\"En savoir plus sur Travail du bois bois lamell\u00e9-crois\u00e9\">Mehr<\/a><\/p>\n","protected":false},"author":2,"featured_media":0,"parent":8941,"menu_order":0,"comment_status":"closed","ping_status":"closed","template":"","meta":{"_acf_changed":false,"inline_featured_image":false,"_uag_custom_page_level_css":"","footnotes":""},"class_list":["post-8812","page","type-page","status-publish"],"acf":[],"yoast_head":"<!-- This site is optimized with the Yoast SEO plugin v27.5 - https:\/\/yoast.com\/product\/yoast-seo-wordpress\/ -->\n<title>Travail du bois bois lamell\u00e9-crois\u00e9 - Balteschwiler AG<\/title>\n<meta name=\"description\" content=\"Wir sind spezialisiert auf die CNC-Bearbeitung von grossformatigen Massivholzplatten. Pr\u00e4zise Bearbeitung und Just-in-Time Lieferung.\" \/>\n<meta name=\"robots\" content=\"index, follow, max-snippet:-1, max-image-preview:large, max-video-preview:-1\" \/>\n<link rel=\"canonical\" href=\"https:\/\/balteschwiler.ch\/fr\/references\/holzbearbeitung-brettsperrholz\/\" \/>\n<meta property=\"og:locale\" content=\"fr_FR\" \/>\n<meta property=\"og:type\" content=\"article\" \/>\n<meta property=\"og:title\" content=\"Travail du bois bois lamell\u00e9-crois\u00e9 - Balteschwiler AG\" \/>\n<meta property=\"og:description\" content=\"Wir sind spezialisiert auf die CNC-Bearbeitung von grossformatigen Massivholzplatten. Pr\u00e4zise Bearbeitung und Just-in-Time Lieferung.\" \/>\n<meta property=\"og:url\" content=\"https:\/\/balteschwiler.ch\/fr\/references\/holzbearbeitung-brettsperrholz\/\" \/>\n<meta property=\"og:site_name\" content=\"Balteschwiler AG\" \/>\n<meta property=\"article:publisher\" content=\"https:\/\/www.facebook.com\/balteschwiler\" \/>\n<meta property=\"article:modified_time\" content=\"2024-08-12T12:26:19+00:00\" \/>\n<meta property=\"og:image\" content=\"https:\/\/balteschwiler.ch\/wp-content\/uploads\/2023\/09\/referenzen-konstruktiv-brettsperrholz-schulhaus-1.jpg\" \/>\n<meta name=\"twitter:card\" content=\"summary_large_image\" \/>\n<meta name=\"twitter:label1\" content=\"Dur\u00e9e de lecture estim\u00e9e\" \/>\n\t<meta name=\"twitter:data1\" content=\"3 minutes\" \/>\n<script type=\"application\/ld+json\" class=\"yoast-schema-graph\">{\"@context\":\"https:\\\/\\\/schema.org\",\"@graph\":[{\"@type\":\"WebPage\",\"@id\":\"https:\\\/\\\/balteschwiler.ch\\\/fr\\\/references\\\/holzbearbeitung-brettsperrholz\\\/\",\"url\":\"https:\\\/\\\/balteschwiler.ch\\\/fr\\\/references\\\/holzbearbeitung-brettsperrholz\\\/\",\"name\":\"Travail du bois bois lamell\u00e9-crois\u00e9 - Balteschwiler AG\",\"isPartOf\":{\"@id\":\"https:\\\/\\\/balteschwiler.ch\\\/#website\"},\"primaryImageOfPage\":{\"@id\":\"https:\\\/\\\/balteschwiler.ch\\\/fr\\\/references\\\/holzbearbeitung-brettsperrholz\\\/#primaryimage\"},\"image\":{\"@id\":\"https:\\\/\\\/balteschwiler.ch\\\/fr\\\/references\\\/holzbearbeitung-brettsperrholz\\\/#primaryimage\"},\"thumbnailUrl\":\"https:\\\/\\\/balteschwiler.ch\\\/wp-content\\\/uploads\\\/2023\\\/09\\\/referenzen-konstruktiv-brettsperrholz-schulhaus-1.jpg\",\"datePublished\":\"2023-09-07T14:09:08+00:00\",\"dateModified\":\"2024-08-12T12:26:19+00:00\",\"description\":\"Wir sind spezialisiert auf die CNC-Bearbeitung von grossformatigen Massivholzplatten. Pr\u00e4zise Bearbeitung und Just-in-Time Lieferung.\",\"breadcrumb\":{\"@id\":\"https:\\\/\\\/balteschwiler.ch\\\/fr\\\/references\\\/holzbearbeitung-brettsperrholz\\\/#breadcrumb\"},\"inLanguage\":\"fr-FR\",\"potentialAction\":[{\"@type\":\"ReadAction\",\"target\":[\"https:\\\/\\\/balteschwiler.ch\\\/fr\\\/references\\\/holzbearbeitung-brettsperrholz\\\/\"]}]},{\"@type\":\"ImageObject\",\"inLanguage\":\"fr-FR\",\"@id\":\"https:\\\/\\\/balteschwiler.ch\\\/fr\\\/references\\\/holzbearbeitung-brettsperrholz\\\/#primaryimage\",\"url\":\"https:\\\/\\\/balteschwiler.ch\\\/wp-content\\\/uploads\\\/2023\\\/09\\\/referenzen-konstruktiv-brettsperrholz-schulhaus-1.jpg\",\"contentUrl\":\"https:\\\/\\\/balteschwiler.ch\\\/wp-content\\\/uploads\\\/2023\\\/09\\\/referenzen-konstruktiv-brettsperrholz-schulhaus-1.jpg\"},{\"@type\":\"BreadcrumbList\",\"@id\":\"https:\\\/\\\/balteschwiler.ch\\\/fr\\\/references\\\/holzbearbeitung-brettsperrholz\\\/#breadcrumb\",\"itemListElement\":[{\"@type\":\"ListItem\",\"position\":1,\"name\":\"R\u00e9f\u00e9rences\",\"item\":\"https:\\\/\\\/balteschwiler.ch\\\/fr\\\/references\\\/\"},{\"@type\":\"ListItem\",\"position\":2,\"name\":\"Travail du bois bois lamell\u00e9-crois\u00e9\"}]},{\"@type\":\"WebSite\",\"@id\":\"https:\\\/\\\/balteschwiler.ch\\\/#website\",\"url\":\"https:\\\/\\\/balteschwiler.ch\\\/\",\"name\":\"Balteschwiler AG\",\"description\":\"\",\"publisher\":{\"@id\":\"https:\\\/\\\/balteschwiler.ch\\\/#organization\"},\"potentialAction\":[{\"@type\":\"SearchAction\",\"target\":{\"@type\":\"EntryPoint\",\"urlTemplate\":\"https:\\\/\\\/balteschwiler.ch\\\/?s={search_term_string}\"},\"query-input\":{\"@type\":\"PropertyValueSpecification\",\"valueRequired\":true,\"valueName\":\"search_term_string\"}}],\"inLanguage\":\"fr-FR\"},{\"@type\":\"Organization\",\"@id\":\"https:\\\/\\\/balteschwiler.ch\\\/#organization\",\"name\":\"Balteschwiler AG\",\"url\":\"https:\\\/\\\/balteschwiler.ch\\\/\",\"logo\":{\"@type\":\"ImageObject\",\"inLanguage\":\"fr-FR\",\"@id\":\"https:\\\/\\\/balteschwiler.ch\\\/#\\\/schema\\\/logo\\\/image\\\/\",\"url\":\"https:\\\/\\\/balteschwiler.ch\\\/wp-content\\\/uploads\\\/2022\\\/09\\\/rz_BAL_Logo_d_rgb.png\",\"contentUrl\":\"https:\\\/\\\/balteschwiler.ch\\\/wp-content\\\/uploads\\\/2022\\\/09\\\/rz_BAL_Logo_d_rgb.png\",\"width\":1182,\"height\":224,\"caption\":\"Balteschwiler AG\"},\"image\":{\"@id\":\"https:\\\/\\\/balteschwiler.ch\\\/#\\\/schema\\\/logo\\\/image\\\/\"},\"sameAs\":[\"https:\\\/\\\/www.facebook.com\\\/balteschwiler\"]}]}<\/script>\n<!-- \/ Yoast SEO plugin. -->","yoast_head_json":{"title":"Travail du bois bois lamell\u00e9-crois\u00e9 - Balteschwiler AG","description":"Wir sind spezialisiert auf die CNC-Bearbeitung von grossformatigen Massivholzplatten. Pr\u00e4zise Bearbeitung und Just-in-Time Lieferung.","robots":{"index":"index","follow":"follow","max-snippet":"max-snippet:-1","max-image-preview":"max-image-preview:large","max-video-preview":"max-video-preview:-1"},"canonical":"https:\/\/balteschwiler.ch\/fr\/references\/holzbearbeitung-brettsperrholz\/","og_locale":"fr_FR","og_type":"article","og_title":"Travail du bois bois lamell\u00e9-crois\u00e9 - Balteschwiler AG","og_description":"Wir sind spezialisiert auf die CNC-Bearbeitung von grossformatigen Massivholzplatten. Pr\u00e4zise Bearbeitung und Just-in-Time Lieferung.","og_url":"https:\/\/balteschwiler.ch\/fr\/references\/holzbearbeitung-brettsperrholz\/","og_site_name":"Balteschwiler AG","article_publisher":"https:\/\/www.facebook.com\/balteschwiler","article_modified_time":"2024-08-12T12:26:19+00:00","og_image":[{"url":"https:\/\/balteschwiler.ch\/wp-content\/uploads\/2023\/09\/referenzen-konstruktiv-brettsperrholz-schulhaus-1.jpg","type":"","width":"","height":""}],"twitter_card":"summary_large_image","twitter_misc":{"Dur\u00e9e de lecture estim\u00e9e":"3 minutes"},"schema":{"@context":"https:\/\/schema.org","@graph":[{"@type":"WebPage","@id":"https:\/\/balteschwiler.ch\/fr\/references\/holzbearbeitung-brettsperrholz\/","url":"https:\/\/balteschwiler.ch\/fr\/references\/holzbearbeitung-brettsperrholz\/","name":"Travail du bois bois lamell\u00e9-crois\u00e9 - Balteschwiler AG","isPartOf":{"@id":"https:\/\/balteschwiler.ch\/#website"},"primaryImageOfPage":{"@id":"https:\/\/balteschwiler.ch\/fr\/references\/holzbearbeitung-brettsperrholz\/#primaryimage"},"image":{"@id":"https:\/\/balteschwiler.ch\/fr\/references\/holzbearbeitung-brettsperrholz\/#primaryimage"},"thumbnailUrl":"https:\/\/balteschwiler.ch\/wp-content\/uploads\/2023\/09\/referenzen-konstruktiv-brettsperrholz-schulhaus-1.jpg","datePublished":"2023-09-07T14:09:08+00:00","dateModified":"2024-08-12T12:26:19+00:00","description":"Wir sind spezialisiert auf die CNC-Bearbeitung von grossformatigen Massivholzplatten. Pr\u00e4zise Bearbeitung und Just-in-Time Lieferung.","breadcrumb":{"@id":"https:\/\/balteschwiler.ch\/fr\/references\/holzbearbeitung-brettsperrholz\/#breadcrumb"},"inLanguage":"fr-FR","potentialAction":[{"@type":"ReadAction","target":["https:\/\/balteschwiler.ch\/fr\/references\/holzbearbeitung-brettsperrholz\/"]}]},{"@type":"ImageObject","inLanguage":"fr-FR","@id":"https:\/\/balteschwiler.ch\/fr\/references\/holzbearbeitung-brettsperrholz\/#primaryimage","url":"https:\/\/balteschwiler.ch\/wp-content\/uploads\/2023\/09\/referenzen-konstruktiv-brettsperrholz-schulhaus-1.jpg","contentUrl":"https:\/\/balteschwiler.ch\/wp-content\/uploads\/2023\/09\/referenzen-konstruktiv-brettsperrholz-schulhaus-1.jpg"},{"@type":"BreadcrumbList","@id":"https:\/\/balteschwiler.ch\/fr\/references\/holzbearbeitung-brettsperrholz\/#breadcrumb","itemListElement":[{"@type":"ListItem","position":1,"name":"R\u00e9f\u00e9rences","item":"https:\/\/balteschwiler.ch\/fr\/references\/"},{"@type":"ListItem","position":2,"name":"Travail du bois bois lamell\u00e9-crois\u00e9"}]},{"@type":"WebSite","@id":"https:\/\/balteschwiler.ch\/#website","url":"https:\/\/balteschwiler.ch\/","name":"Balteschwiler AG","description":"","publisher":{"@id":"https:\/\/balteschwiler.ch\/#organization"},"potentialAction":[{"@type":"SearchAction","target":{"@type":"EntryPoint","urlTemplate":"https:\/\/balteschwiler.ch\/?s={search_term_string}"},"query-input":{"@type":"PropertyValueSpecification","valueRequired":true,"valueName":"search_term_string"}}],"inLanguage":"fr-FR"},{"@type":"Organization","@id":"https:\/\/balteschwiler.ch\/#organization","name":"Balteschwiler AG","url":"https:\/\/balteschwiler.ch\/","logo":{"@type":"ImageObject","inLanguage":"fr-FR","@id":"https:\/\/balteschwiler.ch\/#\/schema\/logo\/image\/","url":"https:\/\/balteschwiler.ch\/wp-content\/uploads\/2022\/09\/rz_BAL_Logo_d_rgb.png","contentUrl":"https:\/\/balteschwiler.ch\/wp-content\/uploads\/2022\/09\/rz_BAL_Logo_d_rgb.png","width":1182,"height":224,"caption":"Balteschwiler AG"},"image":{"@id":"https:\/\/balteschwiler.ch\/#\/schema\/logo\/image\/"},"sameAs":["https:\/\/www.facebook.com\/balteschwiler"]}]}},"uagb_featured_image_src":{"full":false,"thumbnail":false,"medium":false,"medium_large":false,"large":false,"1536x1536":false,"2048x2048":false,"gform-image-choice-sm":false,"gform-image-choice-md":false,"gform-image-choice-lg":false},"uagb_author_info":{"display_name":"Balteschwiler Marketing","author_link":"https:\/\/balteschwiler.ch\/fr\/author\/infobalteschwiler-ch\/"},"uagb_comment_info":0,"uagb_excerpt":"Nouvelle \u00e9cole \u00e0 Grossaffoltern, GLB Le complexe scolaire de Grossaffoltern a \u00e9t\u00e9 agrandipar la construction d\u203aun nouveau b\u00e2timent en boisd\u02bcun \u00e9tage avec des salles de classe pour le cycleprimaire. Le ... Mehr","_links":{"self":[{"href":"https:\/\/balteschwiler.ch\/fr\/wp-json\/wp\/v2\/pages\/8812","targetHints":{"allow":["GET"]}}],"collection":[{"href":"https:\/\/balteschwiler.ch\/fr\/wp-json\/wp\/v2\/pages"}],"about":[{"href":"https:\/\/balteschwiler.ch\/fr\/wp-json\/wp\/v2\/types\/page"}],"author":[{"embeddable":true,"href":"https:\/\/balteschwiler.ch\/fr\/wp-json\/wp\/v2\/users\/2"}],"replies":[{"embeddable":true,"href":"https:\/\/balteschwiler.ch\/fr\/wp-json\/wp\/v2\/comments?post=8812"}],"version-history":[{"count":2,"href":"https:\/\/balteschwiler.ch\/fr\/wp-json\/wp\/v2\/pages\/8812\/revisions"}],"predecessor-version":[{"id":8817,"href":"https:\/\/balteschwiler.ch\/fr\/wp-json\/wp\/v2\/pages\/8812\/revisions\/8817"}],"up":[{"embeddable":true,"href":"https:\/\/balteschwiler.ch\/fr\/wp-json\/wp\/v2\/pages\/8941"}],"wp:attachment":[{"href":"https:\/\/balteschwiler.ch\/fr\/wp-json\/wp\/v2\/media?parent=8812"}],"curies":[{"name":"wp","href":"https:\/\/api.w.org\/{rel}","templated":true}]}}