{"id":8834,"date":"2023-04-21T13:37:24","date_gmt":"2023-04-21T11:37:24","guid":{"rendered":"https:\/\/balteschwiler.ch\/fasanenhof-frenkendorf\/"},"modified":"2025-05-06T13:44:39","modified_gmt":"2025-05-06T11:44:39","slug":"fasanenhof-frenkendorf","status":"publish","type":"page","link":"https:\/\/balteschwiler.ch\/fr\/references\/fasanenhof-frenkendorf\/","title":{"rendered":"Fasanenhof Frenkendorf"},"content":{"rendered":"<div class=\"gb-container gb-container-6ec57639 loadondesktop\"><div class=\"gb-inside-container\">\n<div class=\"gb-grid-wrapper gb-grid-wrapper-d212ffc2\">\n<div class=\"gb-grid-column gb-grid-column-6290146c\"><div class=\"gb-container gb-container-6290146c\"><div class=\"gb-inside-container\">\n\n<p class=\"gb-headline gb-headline-a9091560 gb-headline-text\"><strong>Produits constructifs<\/strong><\/p>\n\n\n\n<h1 class=\"gb-headline gb-headline-ae3932be gb-headline-text\"><strong>Structure porteuse en bois en lamell\u00e9crois\u00e9,y compris usinage, rev\u00eatementavec Fermacell et traitement avecprotection UV<\/strong><\/h1>\n\n<\/div><\/div><\/div>\n<\/div>\n<\/div><\/div>\n\n<div class=\"gb-container gb-container-0f7de636\"><div class=\"gb-inside-container\">\n\n<div class=\"wp-block-uagb-slider uagb-block-fcd85a6a uagb-slider-container\"><div class=\"uagb-slides uagb-swiper\"><div class=\"swiper-wrapper\">\n<div class=\"wp-block-uagb-slider-child uagb-slider-child-wrap swiper-slide uagb-block-6bb11d49\"><div class=\"swiper-content\">\n<figure class=\"wp-block-image size-full\"><img loading=\"lazy\" decoding=\"async\" width=\"1000\" height=\"667\" src=\"https:\/\/balteschwiler.ch\/wp-content\/uploads\/2023\/04\/Referenzen_Frenkendorf_Brettsperrholz.jpg\" alt=\"\" class=\"wp-image-6259\" srcset=\"https:\/\/balteschwiler.ch\/wp-content\/uploads\/2023\/04\/Referenzen_Frenkendorf_Brettsperrholz.jpg 1000w, https:\/\/balteschwiler.ch\/wp-content\/uploads\/2023\/04\/Referenzen_Frenkendorf_Brettsperrholz-300x200.jpg 300w, https:\/\/balteschwiler.ch\/wp-content\/uploads\/2023\/04\/Referenzen_Frenkendorf_Brettsperrholz-768x512.jpg 768w\" sizes=\"auto, (max-width: 1000px) 100vw, 1000px\" \/><\/figure>\n<\/div><\/div>\n\n\n\n<div class=\"wp-block-uagb-slider-child uagb-slider-child-wrap swiper-slide uagb-block-297ab518\"><div class=\"swiper-content\">\n<figure class=\"wp-block-image size-full\"><img loading=\"lazy\" decoding=\"async\" width=\"1000\" height=\"660\" src=\"https:\/\/balteschwiler.ch\/wp-content\/uploads\/2023\/11\/referenzen-konstruktiv-fasanenhof-frenkendorf-1.jpg\" alt=\"\" class=\"wp-image-8442\" srcset=\"https:\/\/balteschwiler.ch\/wp-content\/uploads\/2023\/11\/referenzen-konstruktiv-fasanenhof-frenkendorf-1.jpg 1000w, https:\/\/balteschwiler.ch\/wp-content\/uploads\/2023\/11\/referenzen-konstruktiv-fasanenhof-frenkendorf-1-300x198.jpg 300w, https:\/\/balteschwiler.ch\/wp-content\/uploads\/2023\/11\/referenzen-konstruktiv-fasanenhof-frenkendorf-1-768x507.jpg 768w\" sizes=\"auto, (max-width: 1000px) 100vw, 1000px\" \/><\/figure>\n<\/div><\/div>\n\n\n\n<div class=\"wp-block-uagb-slider-child uagb-slider-child-wrap swiper-slide uagb-block-2128fd97\"><div class=\"swiper-content\">\n<figure class=\"wp-block-image size-full\"><img loading=\"lazy\" decoding=\"async\" width=\"1000\" height=\"660\" src=\"https:\/\/balteschwiler.ch\/wp-content\/uploads\/2023\/11\/referenzen-konstruktiv-fasanenhof-frenkendorf-4.jpg\" alt=\"\" class=\"wp-image-8440\" srcset=\"https:\/\/balteschwiler.ch\/wp-content\/uploads\/2023\/11\/referenzen-konstruktiv-fasanenhof-frenkendorf-4.jpg 1000w, https:\/\/balteschwiler.ch\/wp-content\/uploads\/2023\/11\/referenzen-konstruktiv-fasanenhof-frenkendorf-4-300x198.jpg 300w, https:\/\/balteschwiler.ch\/wp-content\/uploads\/2023\/11\/referenzen-konstruktiv-fasanenhof-frenkendorf-4-768x507.jpg 768w\" sizes=\"auto, (max-width: 1000px) 100vw, 1000px\" \/><\/figure>\n<\/div><\/div>\n\n\n\n<div class=\"wp-block-uagb-slider-child uagb-slider-child-wrap swiper-slide uagb-block-d680947f\"><div class=\"swiper-content\">\n<figure class=\"wp-block-image size-full\"><img loading=\"lazy\" decoding=\"async\" width=\"1000\" height=\"660\" src=\"https:\/\/balteschwiler.ch\/wp-content\/uploads\/2023\/11\/referenzen-konstruktiv-fasanenhof-frenkendorf-3.jpg\" alt=\"\" class=\"wp-image-8438\" srcset=\"https:\/\/balteschwiler.ch\/wp-content\/uploads\/2023\/11\/referenzen-konstruktiv-fasanenhof-frenkendorf-3.jpg 1000w, https:\/\/balteschwiler.ch\/wp-content\/uploads\/2023\/11\/referenzen-konstruktiv-fasanenhof-frenkendorf-3-300x198.jpg 300w, https:\/\/balteschwiler.ch\/wp-content\/uploads\/2023\/11\/referenzen-konstruktiv-fasanenhof-frenkendorf-3-768x507.jpg 768w\" sizes=\"auto, (max-width: 1000px) 100vw, 1000px\" \/><\/figure>\n<\/div><\/div>\n\n\n\n<div class=\"wp-block-uagb-slider-child uagb-slider-child-wrap swiper-slide uagb-block-2977e9fc\"><div class=\"swiper-content\">\n<figure class=\"wp-block-image size-full\"><img loading=\"lazy\" decoding=\"async\" width=\"1000\" height=\"660\" src=\"https:\/\/balteschwiler.ch\/wp-content\/uploads\/2023\/11\/referenzen-konstruktiv-fasanenhof-frenkendorf-2.jpg\" alt=\"\" class=\"wp-image-8436\" srcset=\"https:\/\/balteschwiler.ch\/wp-content\/uploads\/2023\/11\/referenzen-konstruktiv-fasanenhof-frenkendorf-2.jpg 1000w, https:\/\/balteschwiler.ch\/wp-content\/uploads\/2023\/11\/referenzen-konstruktiv-fasanenhof-frenkendorf-2-300x198.jpg 300w, https:\/\/balteschwiler.ch\/wp-content\/uploads\/2023\/11\/referenzen-konstruktiv-fasanenhof-frenkendorf-2-768x507.jpg 768w\" sizes=\"auto, (max-width: 1000px) 100vw, 1000px\" \/><\/figure>\n<\/div><\/div>\n<\/div><\/div><div class=\"swiper-button-prev\"><\/div><div class=\"swiper-button-next\"><\/div><\/div>\n\n\n\n<div style=\"height:50px\" aria-hidden=\"true\" class=\"wp-block-spacer\"><\/div>\n\n\n\n<div class=\"wp-block-columns is-layout-flex wp-container-core-columns-is-layout-9d6595d7 wp-block-columns-is-layout-flex\">\n<div class=\"wp-block-column is-layout-flow wp-block-column-is-layout-flow\" style=\"flex-basis:66.66%\">\n<hr class=\"wp-block-separator has-text-color has-contrast-color has-alpha-channel-opacity has-contrast-background-color has-background\"\/>\n\n\n\n<h2 class=\"wp-block-heading\"><strong>Nouvelle construction : immeuble d&rsquo;habitation Fasanenhof<\/strong><\/h2>\n\n\n\n<p>In Frenkendorf entstand das erste vierst\u00f6ckige Mehrfamilienhausmit einer St\u00fctzen-Platten-Konstruktion ausHolz. Das statische Prinzip des Minergie-P zertifiziertenGeb\u00e4udes \u00e4hnelt also der Statik eines in Beton geplantenProjekts, besteht jedoch aus 582 m3 nachhaltigemHolz. Diese neue Konstruktionsweise wird durchdie Technologien von TS3 und X-fix erm\u00f6glicht. Mit derTS3-Technologie ist es erstmalig gelungen, Brettsperrholzplattenstirnseitig miteinander zu verbinden. DasHolz-Holz-Verbindungsmittel X-fix unterst\u00fctzt dieseneue Bauweise, in dem es die Brettsperrholzplatten vorder Verklebung mit der TS3-Technologie durch einfachesEinschlagen schub- und zugfest verbindet.Balteschwiler hat die Entwicklung dieser neuen Technologieneng begleitet und f\u00fcr das Projekt in Frenkendorfdie erforderlichen Massivholzplatten geliefert. DasBrettsperrholz f\u00fcr die Deckenelemente und Aussenw\u00e4ndewurde im Werk in Laufenburg abgebundenund mit den n\u00f6tigen Bearbeitungen versehen. Zudemwurde ein Teil der Elemente mit Fermacell beplanktrespektive mit einem UV-Schutz behandelt, so dass sieauf der Baustelle nur noch montiert werden mussten.<\/p>\n\n\n<div class=\"gb-button-wrapper gb-button-wrapper-7c34dbc8\">\n\n<a class=\"gb-button gb-button-b8c1b8eb gb-button-text smooth-scroll button-border-none\" href=\"https:\/\/balteschwiler.ch\/wp-content\/uploads\/2023\/12\/20-referenzen-konstruktiv-fasanenhof-frenkendorf-fr-low.pdf\" target=\"_blank\" rel=\"noopener noreferrer\">Fiche de r\u00e9f\u00e9rence<\/a>\n\n<\/div><\/div>\n\n\n\n<div class=\"wp-block-column spalte-custom-space-left is-layout-flow wp-block-column-is-layout-flow\" style=\"flex-basis:33.33%\">\n<hr class=\"wp-block-separator has-text-color has-contrast-color has-alpha-channel-opacity has-contrast-background-color has-background\"\/>\n\n\n\n<p><strong>Ann\u00e9e de construction<\/strong><br>2020<\/p>\n\n\n\n<p><strong>Type de b\u00e2timent \/ usage<\/strong><br>Neubau Mehrfamilienhaus<\/p>\n\n\n\n<p><strong>Ma\u00eetre d\u2018ouvrage &amp; Architecture<\/strong><br>Scherer Architekten AG, Liestal<\/p>\n\n\n\n<p><strong>Partenaire d\u2018ex\u00e9cution<\/strong><br>Stamm Bau AG, Arlesheim<\/p>\n\n\n\n<p><strong>Eingesetzte BaProduits Balteschwiler utilis\u00e9s<\/strong><br>\u00c9l\u00e9ments de plafond encapsul\u00e9s: 31 m2 de bois lamell\u00e9-crois\u00e9 CLT 240 mm NVI, y compris usinage &amp; encapsulation avec Fermacell 18 mm<br>\u00c9l\u00e9ments de plafond: 1810 m2 CLT 240mm VI (qualit\u00e9 visible d\u02bcun c\u00f4t\u00e9, ponc\u00e9), y compris usinage et traitement de la face visible avec protection UV<br>Murs ext\u00e9rieurs: 409 m2 de bois lamell\u00e9-crois\u00e9 CLT 120 mm NVI, y compris usinage et rev\u00eatement des deux c\u00f4t\u00e9s avec 2 x 15 mm de Fermacell<br>Murs int\u00e9rieurs: 443 m2 Panneau 3-plis \u00e9pic\u00e9a 42mm, y compris usinage<br><\/p>\n<\/div>\n<\/div>\n\n<\/div><\/div>","protected":false},"excerpt":{"rendered":"<p>Nouvelle construction : immeuble d&rsquo;habitation Fasanenhof In Frenkendorf entstand das erste vierst\u00f6ckige Mehrfamilienhausmit einer St\u00fctzen-Platten-Konstruktion ausHolz. Das statische Prinzip des Minergie-P zertifiziertenGeb\u00e4udes \u00e4hnelt also der Statik eines in Beton geplantenProjekts, &#8230; <a title=\"Fasanenhof Frenkendorf\" class=\"read-more\" href=\"https:\/\/balteschwiler.ch\/fr\/references\/fasanenhof-frenkendorf\/\" aria-label=\"En savoir plus sur Fasanenhof Frenkendorf\">Mehr<\/a><\/p>\n","protected":false},"author":2,"featured_media":0,"parent":8941,"menu_order":0,"comment_status":"closed","ping_status":"closed","template":"","meta":{"_acf_changed":false,"inline_featured_image":false,"_uag_custom_page_level_css":"","footnotes":""},"class_list":["post-8834","page","type-page","status-publish"],"acf":[],"yoast_head":"<!-- This site is optimized with the Yoast SEO plugin v27.5 - https:\/\/yoast.com\/product\/yoast-seo-wordpress\/ -->\n<title>Fasanenhof Frenkendorf - Balteschwiler AG<\/title>\n<meta name=\"robots\" content=\"index, follow, max-snippet:-1, max-image-preview:large, max-video-preview:-1\" \/>\n<link rel=\"canonical\" href=\"https:\/\/balteschwiler.ch\/fr\/references\/fasanenhof-frenkendorf\/\" \/>\n<meta property=\"og:locale\" content=\"fr_FR\" \/>\n<meta property=\"og:type\" content=\"article\" \/>\n<meta property=\"og:title\" content=\"Fasanenhof Frenkendorf - Balteschwiler AG\" \/>\n<meta property=\"og:description\" content=\"Nouvelle construction : immeuble d&rsquo;habitation Fasanenhof In Frenkendorf entstand das erste vierst\u00f6ckige Mehrfamilienhausmit einer St\u00fctzen-Platten-Konstruktion ausHolz. Das statische Prinzip des Minergie-P zertifiziertenGeb\u00e4udes \u00e4hnelt also der Statik eines in Beton geplantenProjekts, ... Mehr\" \/>\n<meta property=\"og:url\" content=\"https:\/\/balteschwiler.ch\/fr\/references\/fasanenhof-frenkendorf\/\" \/>\n<meta property=\"og:site_name\" content=\"Balteschwiler AG\" \/>\n<meta property=\"article:publisher\" content=\"https:\/\/www.facebook.com\/balteschwiler\" \/>\n<meta property=\"article:modified_time\" content=\"2025-05-06T11:44:39+00:00\" \/>\n<meta property=\"og:image\" content=\"https:\/\/balteschwiler.ch\/wp-content\/uploads\/2023\/04\/Referenzen_Frenkendorf_Brettsperrholz.jpg\" \/>\n\t<meta property=\"og:image:width\" content=\"1000\" \/>\n\t<meta property=\"og:image:height\" content=\"667\" \/>\n\t<meta property=\"og:image:type\" content=\"image\/jpeg\" \/>\n<meta name=\"twitter:card\" content=\"summary_large_image\" \/>\n<meta name=\"twitter:label1\" content=\"Dur\u00e9e de lecture estim\u00e9e\" \/>\n\t<meta name=\"twitter:data1\" content=\"3 minutes\" \/>\n<script type=\"application\/ld+json\" class=\"yoast-schema-graph\">{\"@context\":\"https:\\\/\\\/schema.org\",\"@graph\":[{\"@type\":\"WebPage\",\"@id\":\"https:\\\/\\\/balteschwiler.ch\\\/fr\\\/references\\\/fasanenhof-frenkendorf\\\/\",\"url\":\"https:\\\/\\\/balteschwiler.ch\\\/fr\\\/references\\\/fasanenhof-frenkendorf\\\/\",\"name\":\"Fasanenhof Frenkendorf - Balteschwiler AG\",\"isPartOf\":{\"@id\":\"https:\\\/\\\/balteschwiler.ch\\\/#website\"},\"primaryImageOfPage\":{\"@id\":\"https:\\\/\\\/balteschwiler.ch\\\/fr\\\/references\\\/fasanenhof-frenkendorf\\\/#primaryimage\"},\"image\":{\"@id\":\"https:\\\/\\\/balteschwiler.ch\\\/fr\\\/references\\\/fasanenhof-frenkendorf\\\/#primaryimage\"},\"thumbnailUrl\":\"https:\\\/\\\/balteschwiler.ch\\\/wp-content\\\/uploads\\\/2023\\\/04\\\/Referenzen_Frenkendorf_Brettsperrholz.jpg\",\"datePublished\":\"2023-04-21T11:37:24+00:00\",\"dateModified\":\"2025-05-06T11:44:39+00:00\",\"breadcrumb\":{\"@id\":\"https:\\\/\\\/balteschwiler.ch\\\/fr\\\/references\\\/fasanenhof-frenkendorf\\\/#breadcrumb\"},\"inLanguage\":\"fr-FR\",\"potentialAction\":[{\"@type\":\"ReadAction\",\"target\":[\"https:\\\/\\\/balteschwiler.ch\\\/fr\\\/references\\\/fasanenhof-frenkendorf\\\/\"]}]},{\"@type\":\"ImageObject\",\"inLanguage\":\"fr-FR\",\"@id\":\"https:\\\/\\\/balteschwiler.ch\\\/fr\\\/references\\\/fasanenhof-frenkendorf\\\/#primaryimage\",\"url\":\"https:\\\/\\\/balteschwiler.ch\\\/wp-content\\\/uploads\\\/2023\\\/04\\\/Referenzen_Frenkendorf_Brettsperrholz.jpg\",\"contentUrl\":\"https:\\\/\\\/balteschwiler.ch\\\/wp-content\\\/uploads\\\/2023\\\/04\\\/Referenzen_Frenkendorf_Brettsperrholz.jpg\"},{\"@type\":\"BreadcrumbList\",\"@id\":\"https:\\\/\\\/balteschwiler.ch\\\/fr\\\/references\\\/fasanenhof-frenkendorf\\\/#breadcrumb\",\"itemListElement\":[{\"@type\":\"ListItem\",\"position\":1,\"name\":\"R\u00e9f\u00e9rences\",\"item\":\"https:\\\/\\\/balteschwiler.ch\\\/fr\\\/references\\\/\"},{\"@type\":\"ListItem\",\"position\":2,\"name\":\"Fasanenhof Frenkendorf\"}]},{\"@type\":\"WebSite\",\"@id\":\"https:\\\/\\\/balteschwiler.ch\\\/#website\",\"url\":\"https:\\\/\\\/balteschwiler.ch\\\/\",\"name\":\"Balteschwiler AG\",\"description\":\"\",\"publisher\":{\"@id\":\"https:\\\/\\\/balteschwiler.ch\\\/#organization\"},\"potentialAction\":[{\"@type\":\"SearchAction\",\"target\":{\"@type\":\"EntryPoint\",\"urlTemplate\":\"https:\\\/\\\/balteschwiler.ch\\\/?s={search_term_string}\"},\"query-input\":{\"@type\":\"PropertyValueSpecification\",\"valueRequired\":true,\"valueName\":\"search_term_string\"}}],\"inLanguage\":\"fr-FR\"},{\"@type\":\"Organization\",\"@id\":\"https:\\\/\\\/balteschwiler.ch\\\/#organization\",\"name\":\"Balteschwiler AG\",\"url\":\"https:\\\/\\\/balteschwiler.ch\\\/\",\"logo\":{\"@type\":\"ImageObject\",\"inLanguage\":\"fr-FR\",\"@id\":\"https:\\\/\\\/balteschwiler.ch\\\/#\\\/schema\\\/logo\\\/image\\\/\",\"url\":\"https:\\\/\\\/balteschwiler.ch\\\/wp-content\\\/uploads\\\/2022\\\/09\\\/rz_BAL_Logo_d_rgb.png\",\"contentUrl\":\"https:\\\/\\\/balteschwiler.ch\\\/wp-content\\\/uploads\\\/2022\\\/09\\\/rz_BAL_Logo_d_rgb.png\",\"width\":1182,\"height\":224,\"caption\":\"Balteschwiler AG\"},\"image\":{\"@id\":\"https:\\\/\\\/balteschwiler.ch\\\/#\\\/schema\\\/logo\\\/image\\\/\"},\"sameAs\":[\"https:\\\/\\\/www.facebook.com\\\/balteschwiler\"]}]}<\/script>\n<!-- \/ Yoast SEO plugin. -->","yoast_head_json":{"title":"Fasanenhof Frenkendorf - Balteschwiler AG","robots":{"index":"index","follow":"follow","max-snippet":"max-snippet:-1","max-image-preview":"max-image-preview:large","max-video-preview":"max-video-preview:-1"},"canonical":"https:\/\/balteschwiler.ch\/fr\/references\/fasanenhof-frenkendorf\/","og_locale":"fr_FR","og_type":"article","og_title":"Fasanenhof Frenkendorf - Balteschwiler AG","og_description":"Nouvelle construction : immeuble d&rsquo;habitation Fasanenhof In Frenkendorf entstand das erste vierst\u00f6ckige Mehrfamilienhausmit einer St\u00fctzen-Platten-Konstruktion ausHolz. Das statische Prinzip des Minergie-P zertifiziertenGeb\u00e4udes \u00e4hnelt also der Statik eines in Beton geplantenProjekts, ... Mehr","og_url":"https:\/\/balteschwiler.ch\/fr\/references\/fasanenhof-frenkendorf\/","og_site_name":"Balteschwiler AG","article_publisher":"https:\/\/www.facebook.com\/balteschwiler","article_modified_time":"2025-05-06T11:44:39+00:00","og_image":[{"width":1000,"height":667,"url":"https:\/\/balteschwiler.ch\/wp-content\/uploads\/2023\/04\/Referenzen_Frenkendorf_Brettsperrholz.jpg","type":"image\/jpeg"}],"twitter_card":"summary_large_image","twitter_misc":{"Dur\u00e9e de lecture estim\u00e9e":"3 minutes"},"schema":{"@context":"https:\/\/schema.org","@graph":[{"@type":"WebPage","@id":"https:\/\/balteschwiler.ch\/fr\/references\/fasanenhof-frenkendorf\/","url":"https:\/\/balteschwiler.ch\/fr\/references\/fasanenhof-frenkendorf\/","name":"Fasanenhof Frenkendorf - Balteschwiler AG","isPartOf":{"@id":"https:\/\/balteschwiler.ch\/#website"},"primaryImageOfPage":{"@id":"https:\/\/balteschwiler.ch\/fr\/references\/fasanenhof-frenkendorf\/#primaryimage"},"image":{"@id":"https:\/\/balteschwiler.ch\/fr\/references\/fasanenhof-frenkendorf\/#primaryimage"},"thumbnailUrl":"https:\/\/balteschwiler.ch\/wp-content\/uploads\/2023\/04\/Referenzen_Frenkendorf_Brettsperrholz.jpg","datePublished":"2023-04-21T11:37:24+00:00","dateModified":"2025-05-06T11:44:39+00:00","breadcrumb":{"@id":"https:\/\/balteschwiler.ch\/fr\/references\/fasanenhof-frenkendorf\/#breadcrumb"},"inLanguage":"fr-FR","potentialAction":[{"@type":"ReadAction","target":["https:\/\/balteschwiler.ch\/fr\/references\/fasanenhof-frenkendorf\/"]}]},{"@type":"ImageObject","inLanguage":"fr-FR","@id":"https:\/\/balteschwiler.ch\/fr\/references\/fasanenhof-frenkendorf\/#primaryimage","url":"https:\/\/balteschwiler.ch\/wp-content\/uploads\/2023\/04\/Referenzen_Frenkendorf_Brettsperrholz.jpg","contentUrl":"https:\/\/balteschwiler.ch\/wp-content\/uploads\/2023\/04\/Referenzen_Frenkendorf_Brettsperrholz.jpg"},{"@type":"BreadcrumbList","@id":"https:\/\/balteschwiler.ch\/fr\/references\/fasanenhof-frenkendorf\/#breadcrumb","itemListElement":[{"@type":"ListItem","position":1,"name":"R\u00e9f\u00e9rences","item":"https:\/\/balteschwiler.ch\/fr\/references\/"},{"@type":"ListItem","position":2,"name":"Fasanenhof Frenkendorf"}]},{"@type":"WebSite","@id":"https:\/\/balteschwiler.ch\/#website","url":"https:\/\/balteschwiler.ch\/","name":"Balteschwiler AG","description":"","publisher":{"@id":"https:\/\/balteschwiler.ch\/#organization"},"potentialAction":[{"@type":"SearchAction","target":{"@type":"EntryPoint","urlTemplate":"https:\/\/balteschwiler.ch\/?s={search_term_string}"},"query-input":{"@type":"PropertyValueSpecification","valueRequired":true,"valueName":"search_term_string"}}],"inLanguage":"fr-FR"},{"@type":"Organization","@id":"https:\/\/balteschwiler.ch\/#organization","name":"Balteschwiler AG","url":"https:\/\/balteschwiler.ch\/","logo":{"@type":"ImageObject","inLanguage":"fr-FR","@id":"https:\/\/balteschwiler.ch\/#\/schema\/logo\/image\/","url":"https:\/\/balteschwiler.ch\/wp-content\/uploads\/2022\/09\/rz_BAL_Logo_d_rgb.png","contentUrl":"https:\/\/balteschwiler.ch\/wp-content\/uploads\/2022\/09\/rz_BAL_Logo_d_rgb.png","width":1182,"height":224,"caption":"Balteschwiler AG"},"image":{"@id":"https:\/\/balteschwiler.ch\/#\/schema\/logo\/image\/"},"sameAs":["https:\/\/www.facebook.com\/balteschwiler"]}]}},"uagb_featured_image_src":{"full":false,"thumbnail":false,"medium":false,"medium_large":false,"large":false,"1536x1536":false,"2048x2048":false,"gform-image-choice-sm":false,"gform-image-choice-md":false,"gform-image-choice-lg":false},"uagb_author_info":{"display_name":"Balteschwiler Marketing","author_link":"https:\/\/balteschwiler.ch\/fr\/author\/infobalteschwiler-ch\/"},"uagb_comment_info":0,"uagb_excerpt":"Nouvelle construction : immeuble d&rsquo;habitation Fasanenhof In Frenkendorf entstand das erste vierst\u00f6ckige Mehrfamilienhausmit einer St\u00fctzen-Platten-Konstruktion ausHolz. Das statische Prinzip des Minergie-P zertifiziertenGeb\u00e4udes \u00e4hnelt also der Statik eines in Beton geplantenProjekts, ... Mehr","_links":{"self":[{"href":"https:\/\/balteschwiler.ch\/fr\/wp-json\/wp\/v2\/pages\/8834","targetHints":{"allow":["GET"]}}],"collection":[{"href":"https:\/\/balteschwiler.ch\/fr\/wp-json\/wp\/v2\/pages"}],"about":[{"href":"https:\/\/balteschwiler.ch\/fr\/wp-json\/wp\/v2\/types\/page"}],"author":[{"embeddable":true,"href":"https:\/\/balteschwiler.ch\/fr\/wp-json\/wp\/v2\/users\/2"}],"replies":[{"embeddable":true,"href":"https:\/\/balteschwiler.ch\/fr\/wp-json\/wp\/v2\/comments?post=8834"}],"version-history":[{"count":3,"href":"https:\/\/balteschwiler.ch\/fr\/wp-json\/wp\/v2\/pages\/8834\/revisions"}],"predecessor-version":[{"id":12075,"href":"https:\/\/balteschwiler.ch\/fr\/wp-json\/wp\/v2\/pages\/8834\/revisions\/12075"}],"up":[{"embeddable":true,"href":"https:\/\/balteschwiler.ch\/fr\/wp-json\/wp\/v2\/pages\/8941"}],"wp:attachment":[{"href":"https:\/\/balteschwiler.ch\/fr\/wp-json\/wp\/v2\/media?parent=8834"}],"curies":[{"name":"wp","href":"https:\/\/api.w.org\/{rel}","templated":true}]}}