{"id":8853,"date":"2023-04-09T09:52:52","date_gmt":"2023-04-09T07:52:52","guid":{"rendered":"https:\/\/balteschwiler.ch\/weisstanne-tiga\/"},"modified":"2025-05-06T13:50:31","modified_gmt":"2025-05-06T11:50:31","slug":"weisstanne-tiga","status":"publish","type":"page","link":"https:\/\/balteschwiler.ch\/fr\/references\/weisstanne-tiga\/","title":{"rendered":"Sapin blanc Tiga"},"content":{"rendered":"<div class=\"gb-container gb-container-6ec57639 loadondesktop\"><div class=\"gb-inside-container\">\n<div class=\"gb-grid-wrapper gb-grid-wrapper-d212ffc2\">\n<div class=\"gb-grid-column gb-grid-column-6290146c\"><div class=\"gb-container gb-container-6290146c\"><div class=\"gb-inside-container\">\n\n<p class=\"gb-headline gb-headline-a9091560 gb-headline-text\"><strong>Syst\u00e8mes de fa\u00e7ade<\/strong><\/p>\n\n\n\n<h1 class=\"gb-headline gb-headline-ae3932be gb-headline-text\"><strong>Fa\u00e7ade en sapin blanc suisse, syst\u00e8me de fa\u00e7ade BL-Tiga<\/strong><\/h1>\n\n<\/div><\/div><\/div>\n<\/div>\n<\/div><\/div>\n\n<div class=\"gb-container gb-container-0f7de636\"><div class=\"gb-inside-container\">\n\n<div class=\"wp-block-uagb-slider uagb-block-fcd85a6a uagb-slider-container\"><div class=\"uagb-slides uagb-swiper\"><div class=\"swiper-wrapper\">\n<div class=\"wp-block-uagb-slider-child uagb-slider-child-wrap swiper-slide uagb-block-6bb11d49\"><div class=\"swiper-content\">\n<figure class=\"wp-block-image size-full\"><img loading=\"lazy\" decoding=\"async\" width=\"1000\" height=\"667\" src=\"https:\/\/balteschwiler.ch\/wp-content\/uploads\/2023\/03\/Weisstanne_Tiga_Buochs.jpg\" alt=\"\" class=\"wp-image-4497\" srcset=\"https:\/\/balteschwiler.ch\/wp-content\/uploads\/2023\/03\/Weisstanne_Tiga_Buochs.jpg 1000w, https:\/\/balteschwiler.ch\/wp-content\/uploads\/2023\/03\/Weisstanne_Tiga_Buochs-300x200.jpg 300w, https:\/\/balteschwiler.ch\/wp-content\/uploads\/2023\/03\/Weisstanne_Tiga_Buochs-768x512.jpg 768w\" sizes=\"auto, (max-width: 1000px) 100vw, 1000px\" \/><\/figure>\n<\/div><\/div>\n\n\n\n<div class=\"wp-block-uagb-slider-child uagb-slider-child-wrap swiper-slide uagb-block-e0fd9285\"><div class=\"swiper-content\">\n<figure class=\"wp-block-image size-full\"><img loading=\"lazy\" decoding=\"async\" width=\"2560\" height=\"1714\" src=\"https:\/\/balteschwiler.ch\/wp-content\/uploads\/2023\/11\/DSC_0115-scaled.jpg\" alt=\"\" class=\"wp-image-8525\" srcset=\"https:\/\/balteschwiler.ch\/wp-content\/uploads\/2023\/11\/DSC_0115-scaled.jpg 2560w, https:\/\/balteschwiler.ch\/wp-content\/uploads\/2023\/11\/DSC_0115-300x201.jpg 300w, https:\/\/balteschwiler.ch\/wp-content\/uploads\/2023\/11\/DSC_0115-1024x685.jpg 1024w, https:\/\/balteschwiler.ch\/wp-content\/uploads\/2023\/11\/DSC_0115-768x514.jpg 768w, https:\/\/balteschwiler.ch\/wp-content\/uploads\/2023\/11\/DSC_0115-50x33.jpg 50w, https:\/\/balteschwiler.ch\/wp-content\/uploads\/2023\/11\/DSC_0115-1600x1071.jpg 1600w, https:\/\/balteschwiler.ch\/wp-content\/uploads\/2023\/11\/DSC_0115-1536x1028.jpg 1536w, https:\/\/balteschwiler.ch\/wp-content\/uploads\/2023\/11\/DSC_0115-2048x1371.jpg 2048w\" sizes=\"auto, (max-width: 2560px) 100vw, 2560px\" \/><\/figure>\n<\/div><\/div>\n\n\n\n<div class=\"wp-block-uagb-slider-child uagb-slider-child-wrap swiper-slide uagb-block-297ab518\"><div class=\"swiper-content\">\n<figure class=\"wp-block-image size-full\"><img loading=\"lazy\" decoding=\"async\" width=\"1000\" height=\"660\" src=\"https:\/\/balteschwiler.ch\/wp-content\/uploads\/2023\/11\/referenzen-fassaden-buochs4.jpg\" alt=\"\" class=\"wp-image-8523\" srcset=\"https:\/\/balteschwiler.ch\/wp-content\/uploads\/2023\/11\/referenzen-fassaden-buochs4.jpg 1000w, https:\/\/balteschwiler.ch\/wp-content\/uploads\/2023\/11\/referenzen-fassaden-buochs4-300x198.jpg 300w, https:\/\/balteschwiler.ch\/wp-content\/uploads\/2023\/11\/referenzen-fassaden-buochs4-768x507.jpg 768w, https:\/\/balteschwiler.ch\/wp-content\/uploads\/2023\/11\/referenzen-fassaden-buochs4-50x33.jpg 50w\" sizes=\"auto, (max-width: 1000px) 100vw, 1000px\" \/><\/figure>\n<\/div><\/div>\n\n\n\n<div class=\"wp-block-uagb-slider-child uagb-slider-child-wrap swiper-slide uagb-block-2128fd97\"><div class=\"swiper-content\">\n<figure class=\"wp-block-image size-full\"><img loading=\"lazy\" decoding=\"async\" width=\"1000\" height=\"660\" src=\"https:\/\/balteschwiler.ch\/wp-content\/uploads\/2023\/11\/referenzen-fassaden-buochs3.jpg\" alt=\"\" class=\"wp-image-8521\" srcset=\"https:\/\/balteschwiler.ch\/wp-content\/uploads\/2023\/11\/referenzen-fassaden-buochs3.jpg 1000w, https:\/\/balteschwiler.ch\/wp-content\/uploads\/2023\/11\/referenzen-fassaden-buochs3-300x198.jpg 300w, https:\/\/balteschwiler.ch\/wp-content\/uploads\/2023\/11\/referenzen-fassaden-buochs3-768x507.jpg 768w, https:\/\/balteschwiler.ch\/wp-content\/uploads\/2023\/11\/referenzen-fassaden-buochs3-50x33.jpg 50w\" sizes=\"auto, (max-width: 1000px) 100vw, 1000px\" \/><\/figure>\n<\/div><\/div>\n\n\n\n<div class=\"wp-block-uagb-slider-child uagb-slider-child-wrap swiper-slide uagb-block-d680947f\"><div class=\"swiper-content\">\n<figure class=\"wp-block-image size-full\"><img loading=\"lazy\" decoding=\"async\" width=\"1000\" height=\"660\" src=\"https:\/\/balteschwiler.ch\/wp-content\/uploads\/2023\/11\/referenzen-fassaden-buochs1.jpg\" alt=\"\" class=\"wp-image-8517\" srcset=\"https:\/\/balteschwiler.ch\/wp-content\/uploads\/2023\/11\/referenzen-fassaden-buochs1.jpg 1000w, https:\/\/balteschwiler.ch\/wp-content\/uploads\/2023\/11\/referenzen-fassaden-buochs1-300x198.jpg 300w, https:\/\/balteschwiler.ch\/wp-content\/uploads\/2023\/11\/referenzen-fassaden-buochs1-768x507.jpg 768w, https:\/\/balteschwiler.ch\/wp-content\/uploads\/2023\/11\/referenzen-fassaden-buochs1-50x33.jpg 50w\" sizes=\"auto, (max-width: 1000px) 100vw, 1000px\" \/><\/figure>\n<\/div><\/div>\n\n\n\n<div class=\"wp-block-uagb-slider-child uagb-slider-child-wrap swiper-slide uagb-block-2977e9fc\"><div class=\"swiper-content\">\n<figure class=\"wp-block-image size-full\"><img loading=\"lazy\" decoding=\"async\" width=\"1000\" height=\"660\" src=\"https:\/\/balteschwiler.ch\/wp-content\/uploads\/2023\/11\/referenzen-fassaden-buochs5.jpg\" alt=\"\" class=\"wp-image-8515\" srcset=\"https:\/\/balteschwiler.ch\/wp-content\/uploads\/2023\/11\/referenzen-fassaden-buochs5.jpg 1000w, https:\/\/balteschwiler.ch\/wp-content\/uploads\/2023\/11\/referenzen-fassaden-buochs5-300x198.jpg 300w, https:\/\/balteschwiler.ch\/wp-content\/uploads\/2023\/11\/referenzen-fassaden-buochs5-768x507.jpg 768w, https:\/\/balteschwiler.ch\/wp-content\/uploads\/2023\/11\/referenzen-fassaden-buochs5-50x33.jpg 50w\" sizes=\"auto, (max-width: 1000px) 100vw, 1000px\" \/><\/figure>\n<\/div><\/div>\n<\/div><\/div><div class=\"swiper-button-prev\"><\/div><div class=\"swiper-button-next\"><\/div><\/div>\n\n\n\n<div style=\"height:50px\" aria-hidden=\"true\" class=\"wp-block-spacer\"><\/div>\n\n\n\n<div class=\"wp-block-columns is-layout-flex wp-container-core-columns-is-layout-9d6595d7 wp-block-columns-is-layout-flex\">\n<div class=\"wp-block-column is-layout-flow wp-block-column-is-layout-flow\" style=\"flex-basis:66.66%\">\n<hr class=\"wp-block-separator has-text-color has-contrast-color has-alpha-channel-opacity has-contrast-background-color has-background\"\/>\n\n\n\n<h2 class=\"wp-block-heading\">Construction d`une villa \u00e0 Buochs<\/h2>\n\n\n\n<p class=\"has-medium-font-size\">Une maison individuelle avec une vue magnifique surle lac et les montagnes a \u00e9t\u00e9 construite sur un siteunique \u00e0 Buochs. Pour l\u02bcensemble du projet, le ma\u00eetred\u02bcouvrage a accord\u00e9 une grande importance \u00e0 uneconception moderne et au choix de mat\u00e9riaux de qualit\u00e9. Pour la fa\u00e7ade, le choix s\u02bcest port\u00e9 sur le syst\u00e8mede fa\u00e7ade Tiga de Balteschwiler. Le connecteur defa\u00e7ade brevet\u00e9 Tiga permet une fixation invisible dubardage de fa\u00e7ade et assure, avec le profil rhombo\u00efdal,un effet de profondeur en 3D. Outre les avantagesoptiques, ce syst\u00e8me prot\u00e8ge \u00e9galement la fa\u00e7ade demani\u00e8re optimale contre les intemp\u00e9ries, car il n\u02bcestpas n\u00e9cessaire de traverser le bois en surface avecdes vis. Le bardage de fa\u00e7ade a \u00e9t\u00e9 fabriqu\u00e9 en sapinblanc suisse et, apr\u00e8s avoir re\u00e7u une couche de fond,a \u00e9t\u00e9 trait\u00e9 deux fois avec une lasure \u00e0 l\u02bchuile aqueuse.Celle-ci conf\u00e8re au bois une couleur \u00e9l\u00e9gante et leprot\u00e8ge contre la putr\u00e9faction, le bleuissement et lamoisissure.<\/p>\n\n\n<div class=\"gb-button-wrapper gb-button-wrapper-7c34dbc8\">\n\n<a class=\"gb-button gb-button-b8c1b8eb gb-button-text smooth-scroll button-border-none\" href=\"https:\/\/balteschwiler.ch\/wp-content\/uploads\/2023\/12\/20-referenzen-konstruktiv-tiga-buochs-fr-low.pdf\" target=\"_blank\" rel=\"noopener noreferrer\">Fiche de r\u00e9f\u00e9rence<\/a>\n\n<\/div><\/div>\n\n\n\n<div class=\"wp-block-column spalte-custom-space-left is-layout-flow wp-block-column-is-layout-flow\" style=\"flex-basis:33.33%\">\n<hr class=\"wp-block-separator has-text-color has-contrast-color has-alpha-channel-opacity has-contrast-background-color has-background\"\/>\n\n\n\n<p><strong>Ann\u00e9e de construction<\/strong><br>2020<\/p>\n\n\n\n<p><strong>Type de b\u00e2timent \/ usage<br><\/strong>Construction d\u02bcune villa<\/p>\n\n\n\n<p><strong>Ma\u00eetre d&rsquo;ouvrage<br><\/strong>Priv\u00e9<\/p>\n\n\n\n<p><strong>Architecture<\/strong><br>Waser Architekten GmbH, Buochs<\/p>\n\n\n\n<p><strong>Partenaire d&rsquo;ex\u00e9cution<\/strong><br>Holzbau Engelberg AG, Engelberg<\/p>\n\n\n\n<p><strong>Produits Balteschwiler utilis\u00e9s<br><\/strong>Syst\u00e8me de fa\u00e7ade BL-Tiga: Bardage de fa\u00e7ade en sapinblanc Label Bois Suisse, qualit\u00e9 N1 peu de noeuds,dimensions 21 x 88 mm, ar\u00eates arrondies<br>Couche de fond: 1 couche d\u02bcArbezol Hydro-GrundierungBP Plus (appr\u00eat aqueux incolore pour bois aveceffet pr\u00e9ventif contre les champignons destructeurs dubois (pourriture), le bleuissement et les moisissures)<br>Traitement: Traitement double Arbezol Aqualin ProFG-L 2, teinte Metrik<br>Services de Balteschwiler:<br>Conseil, syst\u00e8me pour fa\u00e7ades, rabotage &amp; traitementdu bardage de fa\u00e7ade<\/p>\n<\/div>\n<\/div>\n\n<\/div><\/div>","protected":false},"excerpt":{"rendered":"<p>Construction d`une villa \u00e0 Buochs Une maison individuelle avec une vue magnifique surle lac et les montagnes a \u00e9t\u00e9 construite sur un siteunique \u00e0 Buochs. Pour l\u02bcensemble du projet, le &#8230; <a title=\"Sapin blanc Tiga\" class=\"read-more\" href=\"https:\/\/balteschwiler.ch\/fr\/references\/weisstanne-tiga\/\" aria-label=\"En savoir plus sur Sapin blanc Tiga\">Mehr<\/a><\/p>\n","protected":false},"author":1,"featured_media":0,"parent":8941,"menu_order":0,"comment_status":"closed","ping_status":"closed","template":"","meta":{"_acf_changed":false,"inline_featured_image":false,"_uag_custom_page_level_css":"","footnotes":""},"class_list":["post-8853","page","type-page","status-publish"],"acf":[],"yoast_head":"<!-- This site is optimized with the Yoast SEO plugin v27.4 - https:\/\/yoast.com\/product\/yoast-seo-wordpress\/ -->\n<title>Sapin blanc Tiga - Balteschwiler AG<\/title>\n<meta name=\"robots\" content=\"index, follow, max-snippet:-1, max-image-preview:large, max-video-preview:-1\" \/>\n<link rel=\"canonical\" href=\"https:\/\/balteschwiler.ch\/fr\/references\/weisstanne-tiga\/\" \/>\n<meta property=\"og:locale\" content=\"fr_FR\" \/>\n<meta property=\"og:type\" content=\"article\" \/>\n<meta property=\"og:title\" content=\"Sapin blanc Tiga - Balteschwiler AG\" \/>\n<meta property=\"og:description\" content=\"Construction d`une villa \u00e0 Buochs Une maison individuelle avec une vue magnifique surle lac et les montagnes a \u00e9t\u00e9 construite sur un siteunique \u00e0 Buochs. Pour l\u02bcensemble du projet, le ... Mehr\" \/>\n<meta property=\"og:url\" content=\"https:\/\/balteschwiler.ch\/fr\/references\/weisstanne-tiga\/\" \/>\n<meta property=\"og:site_name\" content=\"Balteschwiler AG\" \/>\n<meta property=\"article:publisher\" content=\"https:\/\/www.facebook.com\/balteschwiler\" \/>\n<meta property=\"article:modified_time\" content=\"2025-05-06T11:50:31+00:00\" \/>\n<meta property=\"og:image\" content=\"https:\/\/balteschwiler.ch\/wp-content\/uploads\/2023\/03\/Weisstanne_Tiga_Buochs.jpg\" \/>\n\t<meta property=\"og:image:width\" content=\"1000\" \/>\n\t<meta property=\"og:image:height\" content=\"667\" \/>\n\t<meta property=\"og:image:type\" content=\"image\/jpeg\" \/>\n<meta name=\"twitter:card\" content=\"summary_large_image\" \/>\n<meta name=\"twitter:label1\" content=\"Dur\u00e9e de lecture estim\u00e9e\" \/>\n\t<meta name=\"twitter:data1\" content=\"3 minutes\" \/>\n<script type=\"application\/ld+json\" class=\"yoast-schema-graph\">{\"@context\":\"https:\\\/\\\/schema.org\",\"@graph\":[{\"@type\":\"WebPage\",\"@id\":\"https:\\\/\\\/balteschwiler.ch\\\/fr\\\/references\\\/weisstanne-tiga\\\/\",\"url\":\"https:\\\/\\\/balteschwiler.ch\\\/fr\\\/references\\\/weisstanne-tiga\\\/\",\"name\":\"Sapin blanc Tiga - Balteschwiler AG\",\"isPartOf\":{\"@id\":\"https:\\\/\\\/balteschwiler.ch\\\/#website\"},\"primaryImageOfPage\":{\"@id\":\"https:\\\/\\\/balteschwiler.ch\\\/fr\\\/references\\\/weisstanne-tiga\\\/#primaryimage\"},\"image\":{\"@id\":\"https:\\\/\\\/balteschwiler.ch\\\/fr\\\/references\\\/weisstanne-tiga\\\/#primaryimage\"},\"thumbnailUrl\":\"https:\\\/\\\/balteschwiler.ch\\\/wp-content\\\/uploads\\\/2023\\\/03\\\/Weisstanne_Tiga_Buochs.jpg\",\"datePublished\":\"2023-04-09T07:52:52+00:00\",\"dateModified\":\"2025-05-06T11:50:31+00:00\",\"breadcrumb\":{\"@id\":\"https:\\\/\\\/balteschwiler.ch\\\/fr\\\/references\\\/weisstanne-tiga\\\/#breadcrumb\"},\"inLanguage\":\"fr-FR\",\"potentialAction\":[{\"@type\":\"ReadAction\",\"target\":[\"https:\\\/\\\/balteschwiler.ch\\\/fr\\\/references\\\/weisstanne-tiga\\\/\"]}]},{\"@type\":\"ImageObject\",\"inLanguage\":\"fr-FR\",\"@id\":\"https:\\\/\\\/balteschwiler.ch\\\/fr\\\/references\\\/weisstanne-tiga\\\/#primaryimage\",\"url\":\"https:\\\/\\\/balteschwiler.ch\\\/wp-content\\\/uploads\\\/2023\\\/03\\\/Weisstanne_Tiga_Buochs.jpg\",\"contentUrl\":\"https:\\\/\\\/balteschwiler.ch\\\/wp-content\\\/uploads\\\/2023\\\/03\\\/Weisstanne_Tiga_Buochs.jpg\"},{\"@type\":\"BreadcrumbList\",\"@id\":\"https:\\\/\\\/balteschwiler.ch\\\/fr\\\/references\\\/weisstanne-tiga\\\/#breadcrumb\",\"itemListElement\":[{\"@type\":\"ListItem\",\"position\":1,\"name\":\"R\u00e9f\u00e9rences\",\"item\":\"https:\\\/\\\/balteschwiler.ch\\\/fr\\\/references\\\/\"},{\"@type\":\"ListItem\",\"position\":2,\"name\":\"Sapin blanc Tiga\"}]},{\"@type\":\"WebSite\",\"@id\":\"https:\\\/\\\/balteschwiler.ch\\\/#website\",\"url\":\"https:\\\/\\\/balteschwiler.ch\\\/\",\"name\":\"Balteschwiler AG\",\"description\":\"\",\"publisher\":{\"@id\":\"https:\\\/\\\/balteschwiler.ch\\\/#organization\"},\"potentialAction\":[{\"@type\":\"SearchAction\",\"target\":{\"@type\":\"EntryPoint\",\"urlTemplate\":\"https:\\\/\\\/balteschwiler.ch\\\/?s={search_term_string}\"},\"query-input\":{\"@type\":\"PropertyValueSpecification\",\"valueRequired\":true,\"valueName\":\"search_term_string\"}}],\"inLanguage\":\"fr-FR\"},{\"@type\":\"Organization\",\"@id\":\"https:\\\/\\\/balteschwiler.ch\\\/#organization\",\"name\":\"Balteschwiler AG\",\"url\":\"https:\\\/\\\/balteschwiler.ch\\\/\",\"logo\":{\"@type\":\"ImageObject\",\"inLanguage\":\"fr-FR\",\"@id\":\"https:\\\/\\\/balteschwiler.ch\\\/#\\\/schema\\\/logo\\\/image\\\/\",\"url\":\"https:\\\/\\\/balteschwiler.ch\\\/wp-content\\\/uploads\\\/2022\\\/09\\\/rz_BAL_Logo_d_rgb.png\",\"contentUrl\":\"https:\\\/\\\/balteschwiler.ch\\\/wp-content\\\/uploads\\\/2022\\\/09\\\/rz_BAL_Logo_d_rgb.png\",\"width\":1182,\"height\":224,\"caption\":\"Balteschwiler AG\"},\"image\":{\"@id\":\"https:\\\/\\\/balteschwiler.ch\\\/#\\\/schema\\\/logo\\\/image\\\/\"},\"sameAs\":[\"https:\\\/\\\/www.facebook.com\\\/balteschwiler\"]}]}<\/script>\n<!-- \/ Yoast SEO plugin. -->","yoast_head_json":{"title":"Sapin blanc Tiga - Balteschwiler AG","robots":{"index":"index","follow":"follow","max-snippet":"max-snippet:-1","max-image-preview":"max-image-preview:large","max-video-preview":"max-video-preview:-1"},"canonical":"https:\/\/balteschwiler.ch\/fr\/references\/weisstanne-tiga\/","og_locale":"fr_FR","og_type":"article","og_title":"Sapin blanc Tiga - Balteschwiler AG","og_description":"Construction d`une villa \u00e0 Buochs Une maison individuelle avec une vue magnifique surle lac et les montagnes a \u00e9t\u00e9 construite sur un siteunique \u00e0 Buochs. Pour l\u02bcensemble du projet, le ... Mehr","og_url":"https:\/\/balteschwiler.ch\/fr\/references\/weisstanne-tiga\/","og_site_name":"Balteschwiler AG","article_publisher":"https:\/\/www.facebook.com\/balteschwiler","article_modified_time":"2025-05-06T11:50:31+00:00","og_image":[{"width":1000,"height":667,"url":"https:\/\/balteschwiler.ch\/wp-content\/uploads\/2023\/03\/Weisstanne_Tiga_Buochs.jpg","type":"image\/jpeg"}],"twitter_card":"summary_large_image","twitter_misc":{"Dur\u00e9e de lecture estim\u00e9e":"3 minutes"},"schema":{"@context":"https:\/\/schema.org","@graph":[{"@type":"WebPage","@id":"https:\/\/balteschwiler.ch\/fr\/references\/weisstanne-tiga\/","url":"https:\/\/balteschwiler.ch\/fr\/references\/weisstanne-tiga\/","name":"Sapin blanc Tiga - Balteschwiler AG","isPartOf":{"@id":"https:\/\/balteschwiler.ch\/#website"},"primaryImageOfPage":{"@id":"https:\/\/balteschwiler.ch\/fr\/references\/weisstanne-tiga\/#primaryimage"},"image":{"@id":"https:\/\/balteschwiler.ch\/fr\/references\/weisstanne-tiga\/#primaryimage"},"thumbnailUrl":"https:\/\/balteschwiler.ch\/wp-content\/uploads\/2023\/03\/Weisstanne_Tiga_Buochs.jpg","datePublished":"2023-04-09T07:52:52+00:00","dateModified":"2025-05-06T11:50:31+00:00","breadcrumb":{"@id":"https:\/\/balteschwiler.ch\/fr\/references\/weisstanne-tiga\/#breadcrumb"},"inLanguage":"fr-FR","potentialAction":[{"@type":"ReadAction","target":["https:\/\/balteschwiler.ch\/fr\/references\/weisstanne-tiga\/"]}]},{"@type":"ImageObject","inLanguage":"fr-FR","@id":"https:\/\/balteschwiler.ch\/fr\/references\/weisstanne-tiga\/#primaryimage","url":"https:\/\/balteschwiler.ch\/wp-content\/uploads\/2023\/03\/Weisstanne_Tiga_Buochs.jpg","contentUrl":"https:\/\/balteschwiler.ch\/wp-content\/uploads\/2023\/03\/Weisstanne_Tiga_Buochs.jpg"},{"@type":"BreadcrumbList","@id":"https:\/\/balteschwiler.ch\/fr\/references\/weisstanne-tiga\/#breadcrumb","itemListElement":[{"@type":"ListItem","position":1,"name":"R\u00e9f\u00e9rences","item":"https:\/\/balteschwiler.ch\/fr\/references\/"},{"@type":"ListItem","position":2,"name":"Sapin blanc Tiga"}]},{"@type":"WebSite","@id":"https:\/\/balteschwiler.ch\/#website","url":"https:\/\/balteschwiler.ch\/","name":"Balteschwiler AG","description":"","publisher":{"@id":"https:\/\/balteschwiler.ch\/#organization"},"potentialAction":[{"@type":"SearchAction","target":{"@type":"EntryPoint","urlTemplate":"https:\/\/balteschwiler.ch\/?s={search_term_string}"},"query-input":{"@type":"PropertyValueSpecification","valueRequired":true,"valueName":"search_term_string"}}],"inLanguage":"fr-FR"},{"@type":"Organization","@id":"https:\/\/balteschwiler.ch\/#organization","name":"Balteschwiler AG","url":"https:\/\/balteschwiler.ch\/","logo":{"@type":"ImageObject","inLanguage":"fr-FR","@id":"https:\/\/balteschwiler.ch\/#\/schema\/logo\/image\/","url":"https:\/\/balteschwiler.ch\/wp-content\/uploads\/2022\/09\/rz_BAL_Logo_d_rgb.png","contentUrl":"https:\/\/balteschwiler.ch\/wp-content\/uploads\/2022\/09\/rz_BAL_Logo_d_rgb.png","width":1182,"height":224,"caption":"Balteschwiler AG"},"image":{"@id":"https:\/\/balteschwiler.ch\/#\/schema\/logo\/image\/"},"sameAs":["https:\/\/www.facebook.com\/balteschwiler"]}]}},"uagb_featured_image_src":{"full":false,"thumbnail":false,"medium":false,"medium_large":false,"large":false,"1536x1536":false,"2048x2048":false,"gform-image-choice-sm":false,"gform-image-choice-md":false,"gform-image-choice-lg":false},"uagb_author_info":{"display_name":"Michael Sutter","author_link":"https:\/\/balteschwiler.ch\/fr\/author\/m-hoernlimannmichaelh-ch\/"},"uagb_comment_info":0,"uagb_excerpt":"Construction d`une villa \u00e0 Buochs Une maison individuelle avec une vue magnifique surle lac et les montagnes a \u00e9t\u00e9 construite sur un siteunique \u00e0 Buochs. Pour l\u02bcensemble du projet, le ... Mehr","_links":{"self":[{"href":"https:\/\/balteschwiler.ch\/fr\/wp-json\/wp\/v2\/pages\/8853","targetHints":{"allow":["GET"]}}],"collection":[{"href":"https:\/\/balteschwiler.ch\/fr\/wp-json\/wp\/v2\/pages"}],"about":[{"href":"https:\/\/balteschwiler.ch\/fr\/wp-json\/wp\/v2\/types\/page"}],"author":[{"embeddable":true,"href":"https:\/\/balteschwiler.ch\/fr\/wp-json\/wp\/v2\/users\/1"}],"replies":[{"embeddable":true,"href":"https:\/\/balteschwiler.ch\/fr\/wp-json\/wp\/v2\/comments?post=8853"}],"version-history":[{"count":5,"href":"https:\/\/balteschwiler.ch\/fr\/wp-json\/wp\/v2\/pages\/8853\/revisions"}],"predecessor-version":[{"id":12078,"href":"https:\/\/balteschwiler.ch\/fr\/wp-json\/wp\/v2\/pages\/8853\/revisions\/12078"}],"up":[{"embeddable":true,"href":"https:\/\/balteschwiler.ch\/fr\/wp-json\/wp\/v2\/pages\/8941"}],"wp:attachment":[{"href":"https:\/\/balteschwiler.ch\/fr\/wp-json\/wp\/v2\/media?parent=8853"}],"curies":[{"name":"wp","href":"https:\/\/api.w.org\/{rel}","templated":true}]}}