{"id":8890,"date":"2023-09-07T14:44:47","date_gmt":"2023-09-07T12:44:47","guid":{"rendered":"https:\/\/balteschwiler.ch\/holzfassade-ch-weisstanne\/"},"modified":"2025-05-06T13:57:01","modified_gmt":"2025-05-06T11:57:01","slug":"holzfassade-ch-weisstanne","status":"publish","type":"page","link":"https:\/\/balteschwiler.ch\/fr\/references\/holzfassade-ch-weisstanne\/","title":{"rendered":"Fa\u00e7ade en sapin blanc suisse"},"content":{"rendered":"<div class=\"gb-container gb-container-6ec57639 loadondesktop\"><div class=\"gb-inside-container\">\n<div class=\"gb-grid-wrapper gb-grid-wrapper-d212ffc2\">\n<div class=\"gb-grid-column gb-grid-column-6290146c\"><div class=\"gb-container gb-container-6290146c\"><div class=\"gb-inside-container\">\n\n<p class=\"gb-headline gb-headline-a9091560 gb-headline-text\"><strong>Syst\u00e8mes de fa\u00e7ades<\/strong><\/p>\n\n\n\n<h1 class=\"gb-headline gb-headline-ae3932be gb-headline-text\"><strong>Fa\u00e7ade en sapin blanc suisse<\/strong>, Perlcolor brun fonc\u00e9 m\u00e9tallique<\/h1>\n\n<\/div><\/div><\/div>\n<\/div>\n<\/div><\/div>\n\n<div class=\"gb-container gb-container-0f7de636\"><div class=\"gb-inside-container\">\n\n<div class=\"wp-block-uagb-slider uagb-block-fcd85a6a uagb-slider-container\"><div class=\"uagb-slides uagb-swiper\"><div class=\"swiper-wrapper\">\n<div class=\"wp-block-uagb-slider-child uagb-slider-child-wrap swiper-slide uagb-block-6bb11d49\"><div class=\"swiper-content\">\n<figure class=\"wp-block-image size-full\"><img loading=\"lazy\" decoding=\"async\" width=\"1000\" height=\"668\" src=\"https:\/\/balteschwiler.ch\/wp-content\/uploads\/2023\/09\/referenzen-fassade-weisstanne-kantonsspital-1.jpg\" alt=\"Fassadensystem aus Weisstanne und Leibungen aus Dreischichtplatten von Balteschwiler AG\" class=\"wp-image-7643\" srcset=\"https:\/\/balteschwiler.ch\/wp-content\/uploads\/2023\/09\/referenzen-fassade-weisstanne-kantonsspital-1.jpg 1000w, https:\/\/balteschwiler.ch\/wp-content\/uploads\/2023\/09\/referenzen-fassade-weisstanne-kantonsspital-1-300x200.jpg 300w, https:\/\/balteschwiler.ch\/wp-content\/uploads\/2023\/09\/referenzen-fassade-weisstanne-kantonsspital-1-768x513.jpg 768w\" sizes=\"auto, (max-width: 1000px) 100vw, 1000px\" \/><\/figure>\n<\/div><\/div>\n\n\n\n<div class=\"wp-block-uagb-slider-child uagb-slider-child-wrap swiper-slide uagb-block-297ab518\"><div class=\"swiper-content\">\n<figure class=\"wp-block-image size-full\"><img loading=\"lazy\" decoding=\"async\" width=\"1000\" height=\"668\" src=\"https:\/\/balteschwiler.ch\/wp-content\/uploads\/2023\/11\/referenzen-fassaden-therapiezentrum-aarau-3.jpg\" alt=\"\" class=\"wp-image-8592\" srcset=\"https:\/\/balteschwiler.ch\/wp-content\/uploads\/2023\/11\/referenzen-fassaden-therapiezentrum-aarau-3.jpg 1000w, https:\/\/balteschwiler.ch\/wp-content\/uploads\/2023\/11\/referenzen-fassaden-therapiezentrum-aarau-3-300x200.jpg 300w, https:\/\/balteschwiler.ch\/wp-content\/uploads\/2023\/11\/referenzen-fassaden-therapiezentrum-aarau-3-768x513.jpg 768w, https:\/\/balteschwiler.ch\/wp-content\/uploads\/2023\/11\/referenzen-fassaden-therapiezentrum-aarau-3-50x33.jpg 50w\" sizes=\"auto, (max-width: 1000px) 100vw, 1000px\" \/><\/figure>\n<\/div><\/div>\n\n\n\n<div class=\"wp-block-uagb-slider-child uagb-slider-child-wrap swiper-slide uagb-block-2128fd97\"><div class=\"swiper-content\">\n<figure class=\"wp-block-image size-full\"><img loading=\"lazy\" decoding=\"async\" width=\"1000\" height=\"667\" src=\"https:\/\/balteschwiler.ch\/wp-content\/uploads\/2023\/11\/referenzen-fassaden-therapiezentrum-aarau-1.jpg\" alt=\"\" class=\"wp-image-8594\" srcset=\"https:\/\/balteschwiler.ch\/wp-content\/uploads\/2023\/11\/referenzen-fassaden-therapiezentrum-aarau-1.jpg 1000w, https:\/\/balteschwiler.ch\/wp-content\/uploads\/2023\/11\/referenzen-fassaden-therapiezentrum-aarau-1-300x200.jpg 300w, https:\/\/balteschwiler.ch\/wp-content\/uploads\/2023\/11\/referenzen-fassaden-therapiezentrum-aarau-1-768x512.jpg 768w, https:\/\/balteschwiler.ch\/wp-content\/uploads\/2023\/11\/referenzen-fassaden-therapiezentrum-aarau-1-50x33.jpg 50w\" sizes=\"auto, (max-width: 1000px) 100vw, 1000px\" \/><\/figure>\n<\/div><\/div>\n\n\n\n<div class=\"wp-block-uagb-slider-child uagb-slider-child-wrap swiper-slide uagb-block-d680947f\"><div class=\"swiper-content\">\n<figure class=\"wp-block-image size-full\"><img loading=\"lazy\" decoding=\"async\" width=\"1000\" height=\"667\" src=\"https:\/\/balteschwiler.ch\/wp-content\/uploads\/2023\/11\/referenzen-fassaden-therapiezentrum-aarau-2.jpg\" alt=\"\" class=\"wp-image-8596\" srcset=\"https:\/\/balteschwiler.ch\/wp-content\/uploads\/2023\/11\/referenzen-fassaden-therapiezentrum-aarau-2.jpg 1000w, https:\/\/balteschwiler.ch\/wp-content\/uploads\/2023\/11\/referenzen-fassaden-therapiezentrum-aarau-2-300x200.jpg 300w, https:\/\/balteschwiler.ch\/wp-content\/uploads\/2023\/11\/referenzen-fassaden-therapiezentrum-aarau-2-768x512.jpg 768w, https:\/\/balteschwiler.ch\/wp-content\/uploads\/2023\/11\/referenzen-fassaden-therapiezentrum-aarau-2-50x33.jpg 50w\" sizes=\"auto, (max-width: 1000px) 100vw, 1000px\" \/><\/figure>\n<\/div><\/div>\n\n\n\n<div class=\"wp-block-uagb-slider-child uagb-slider-child-wrap swiper-slide uagb-block-2977e9fc\"><div class=\"swiper-content\">\n<figure class=\"wp-block-image size-full\"><img loading=\"lazy\" decoding=\"async\" width=\"1000\" height=\"667\" src=\"https:\/\/balteschwiler.ch\/wp-content\/uploads\/2023\/11\/referenzen-fassaden-therapiezentrum-aarau-4.jpg\" alt=\"\" class=\"wp-image-8598\" srcset=\"https:\/\/balteschwiler.ch\/wp-content\/uploads\/2023\/11\/referenzen-fassaden-therapiezentrum-aarau-4.jpg 1000w, https:\/\/balteschwiler.ch\/wp-content\/uploads\/2023\/11\/referenzen-fassaden-therapiezentrum-aarau-4-300x200.jpg 300w, https:\/\/balteschwiler.ch\/wp-content\/uploads\/2023\/11\/referenzen-fassaden-therapiezentrum-aarau-4-768x512.jpg 768w, https:\/\/balteschwiler.ch\/wp-content\/uploads\/2023\/11\/referenzen-fassaden-therapiezentrum-aarau-4-50x33.jpg 50w\" sizes=\"auto, (max-width: 1000px) 100vw, 1000px\" \/><\/figure>\n<\/div><\/div>\n<\/div><\/div><div class=\"swiper-button-prev\"><\/div><div class=\"swiper-button-next\"><\/div><\/div>\n\n\n\n<div style=\"height:50px\" aria-hidden=\"true\" class=\"wp-block-spacer\"><\/div>\n\n\n\n<div class=\"wp-block-columns is-layout-flex wp-container-core-columns-is-layout-9d6595d7 wp-block-columns-is-layout-flex\">\n<div class=\"wp-block-column is-layout-flow wp-block-column-is-layout-flow\" style=\"flex-basis:66.66%\">\n<hr class=\"wp-block-separator has-text-color has-contrast-color has-alpha-channel-opacity has-contrast-background-color has-background\"\/>\n\n\n\n<h2 class=\"wp-block-heading\"><strong>Nouvelle construction du centre de th\u00e9rapie de l&rsquo;h\u00f4pital cantonal d&rsquo;Aarau<\/strong><\/h2>\n\n\n\n<p>Le nouveau centre de th\u00e9rapie de l\u02bch\u00f4pital cantonald\u02bcAarau r\u00e9unit la physioth\u00e9rapie et l\u02bcergoth\u00e9rapie pourenfants et adultes. Les mat\u00e9riaux utilis\u00e9s pour le nouveaub\u00e2timent ont \u00e9t\u00e9 \u00e9galement combin\u00e9s : le ma\u00eetred\u02bcouvrage a opt\u00e9 pour une construction hybride. Lastructure porteuse du b\u00e2timent de trois \u00e9tages est enb\u00e9ton, les murs ext\u00e9rieurs ont \u00e9t\u00e9 r\u00e9alis\u00e9s en bois avecdes \u00e9l\u00e9ments de fa\u00e7ade pr\u00e9fabriqu\u00e9s. Gr\u00e2ce \u00e0 cettecombinaison de mat\u00e9riaux, les th\u00e9rapeutes ainsi queles patients, petits et grands, ont pu emm\u00e9nager dansle b\u00e2timent apr\u00e8s une courte p\u00e9riode de construction.La conception de la fa\u00e7ade en bois ventil\u00e9e parl\u02bcarri\u00e8re, fabriqu\u00e9e par l\u02bcentreprise Balteschwiler, conf\u00e8reau b\u00e2timent un caract\u00e8re unique : les transitionsentre les \u00e9tages sont soulign\u00e9es par des bandeauxd\u02bc\u00e9tage marqu\u00e9es et les embrasures de fen\u00eatre sontutilis\u00e9es pour la structuration verticale. Le bardagede fa\u00e7ade avec assemblage rain\u00e9-cr\u00eat\u00e9 a \u00e9t\u00e9 fabriqu\u00e9en sapin blanc suisse, puis impr\u00e9gn\u00e9 de brun et trait\u00e9deux fois avec Perlcolor brun fonc\u00e9 m\u00e9tallis\u00e9. Les bandeauxd\u02bc\u00e9tage sont en \u00e9pic\u00e9a et pour les embrasuresmarquantes, des panneaux trois plis ont \u00e9t\u00e9 utilis\u00e9s,doubl\u00e9s en fa\u00e7ade par des lattes de bois massif.<strong><\/strong><\/p>\n\n\n<div class=\"gb-button-wrapper gb-button-wrapper-7c34dbc8\">\n\n<a class=\"gb-button gb-button-b8c1b8eb gb-button-text smooth-scroll button-border-none\" href=\"https:\/\/balteschwiler.ch\/wp-content\/uploads\/2023\/12\/21-referenzen-fassaden-kantonsspital-aarau-fr-low.pdf\" target=\"_blank\" rel=\"noopener noreferrer\">Fiche de r\u00e9f\u00e9rence<\/a>\n\n<\/div><\/div>\n\n\n\n<div class=\"wp-block-column spalte-custom-space-left is-layout-flow wp-block-column-is-layout-flow\" style=\"flex-basis:33.33%\">\n<hr class=\"wp-block-separator has-text-color has-contrast-color has-alpha-channel-opacity has-contrast-background-color has-background\"\/>\n\n\n\n<p><strong>Ann\u00e9e de construction<\/strong><br>2019<\/p>\n\n\n\n<p><strong>Type de b\u00e2timent \/ usage<\/strong><br>Nouvelle construction, centre de th\u00e9rapie<\/p>\n\n\n\n<p><strong>Ma\u00eetre d&rsquo;ouvrage<\/strong><br>H\u00f4pital cantonal, Aarau<\/p>\n\n\n\n<p><strong>Architecte: <\/strong><br>Kim Strebel Architekten, Aarau<\/p>\n\n\n\n<p><strong>Partenaire d&rsquo;ex\u00e9cution<\/strong><br>Husner AG Holzbau, Frick<\/p>\n\n\n\n<p><strong>Produits Balteschwiler utilis\u00e9s<\/strong><br>Fa\u00e7ade: Sapin blanc suisse (Label Bois Suisse), KDSBrun, trait\u00e9 2x avec Perlcolor brun fonc\u00e9 m\u00e9tallique<br>Bandeaux d<strong>\u02bc<\/strong>\u00e9tages: \u00e9pic\u00e9a nordique et indig\u00e8ne<br>Embrasures: Panneaux trois plis, doublage frontal avecdes lattes en bois massif<\/p>\n<\/div>\n<\/div>\n\n<\/div><\/div>","protected":false},"excerpt":{"rendered":"<p>Nouvelle construction du centre de th\u00e9rapie de l&rsquo;h\u00f4pital cantonal d&rsquo;Aarau Le nouveau centre de th\u00e9rapie de l\u02bch\u00f4pital cantonald\u02bcAarau r\u00e9unit la physioth\u00e9rapie et l\u02bcergoth\u00e9rapie pourenfants et adultes. Les mat\u00e9riaux utilis\u00e9s pour &#8230; <a title=\"Fa\u00e7ade en sapin blanc suisse\" class=\"read-more\" href=\"https:\/\/balteschwiler.ch\/fr\/references\/holzfassade-ch-weisstanne\/\" aria-label=\"En savoir plus sur Fa\u00e7ade en sapin blanc suisse\">Mehr<\/a><\/p>\n","protected":false},"author":2,"featured_media":0,"parent":8941,"menu_order":0,"comment_status":"closed","ping_status":"closed","template":"","meta":{"_acf_changed":false,"inline_featured_image":false,"_uag_custom_page_level_css":"","footnotes":""},"class_list":["post-8890","page","type-page","status-publish"],"acf":[],"yoast_head":"<!-- This site is optimized with the Yoast SEO plugin v27.3 - https:\/\/yoast.com\/product\/yoast-seo-wordpress\/ -->\n<title>Fa\u00e7ade en sapin blanc suisse - Balteschwiler AG<\/title>\n<meta name=\"description\" content=\"Entdecken Sie das vielf\u00e4ltige Holzfassadensortiment von Balteschwiler AG. Unser Angebot umfasst langlebige L\u00f6sungen f\u00fcr Ihre Fassaden.\" \/>\n<meta name=\"robots\" content=\"index, follow, max-snippet:-1, max-image-preview:large, max-video-preview:-1\" \/>\n<link rel=\"canonical\" href=\"https:\/\/balteschwiler.ch\/fr\/references\/holzfassade-ch-weisstanne\/\" \/>\n<meta property=\"og:locale\" content=\"fr_FR\" \/>\n<meta property=\"og:type\" content=\"article\" \/>\n<meta property=\"og:title\" content=\"Fa\u00e7ade en sapin blanc suisse - Balteschwiler AG\" \/>\n<meta property=\"og:description\" content=\"Entdecken Sie das vielf\u00e4ltige Holzfassadensortiment von Balteschwiler AG. Unser Angebot umfasst langlebige L\u00f6sungen f\u00fcr Ihre Fassaden.\" \/>\n<meta property=\"og:url\" content=\"https:\/\/balteschwiler.ch\/fr\/references\/holzfassade-ch-weisstanne\/\" \/>\n<meta property=\"og:site_name\" content=\"Balteschwiler AG\" \/>\n<meta property=\"article:publisher\" content=\"https:\/\/www.facebook.com\/balteschwiler\" \/>\n<meta property=\"article:modified_time\" content=\"2025-05-06T11:57:01+00:00\" \/>\n<meta property=\"og:image\" content=\"https:\/\/balteschwiler.ch\/wp-content\/uploads\/2023\/09\/referenzen-fassade-weisstanne-kantonsspital-1.jpg\" \/>\n\t<meta property=\"og:image:width\" content=\"1000\" \/>\n\t<meta property=\"og:image:height\" content=\"668\" \/>\n\t<meta property=\"og:image:type\" content=\"image\/jpeg\" \/>\n<meta name=\"twitter:card\" content=\"summary_large_image\" \/>\n<script type=\"application\/ld+json\" class=\"yoast-schema-graph\">{\"@context\":\"https:\\\/\\\/schema.org\",\"@graph\":[{\"@type\":\"WebPage\",\"@id\":\"https:\\\/\\\/balteschwiler.ch\\\/fr\\\/references\\\/holzfassade-ch-weisstanne\\\/\",\"url\":\"https:\\\/\\\/balteschwiler.ch\\\/fr\\\/references\\\/holzfassade-ch-weisstanne\\\/\",\"name\":\"Fa\u00e7ade en sapin blanc suisse - Balteschwiler AG\",\"isPartOf\":{\"@id\":\"https:\\\/\\\/balteschwiler.ch\\\/#website\"},\"primaryImageOfPage\":{\"@id\":\"https:\\\/\\\/balteschwiler.ch\\\/fr\\\/references\\\/holzfassade-ch-weisstanne\\\/#primaryimage\"},\"image\":{\"@id\":\"https:\\\/\\\/balteschwiler.ch\\\/fr\\\/references\\\/holzfassade-ch-weisstanne\\\/#primaryimage\"},\"thumbnailUrl\":\"https:\\\/\\\/balteschwiler.ch\\\/wp-content\\\/uploads\\\/2023\\\/09\\\/referenzen-fassade-weisstanne-kantonsspital-1.jpg\",\"datePublished\":\"2023-09-07T12:44:47+00:00\",\"dateModified\":\"2025-05-06T11:57:01+00:00\",\"description\":\"Entdecken Sie das vielf\u00e4ltige Holzfassadensortiment von Balteschwiler AG. Unser Angebot umfasst langlebige L\u00f6sungen f\u00fcr Ihre Fassaden.\",\"breadcrumb\":{\"@id\":\"https:\\\/\\\/balteschwiler.ch\\\/fr\\\/references\\\/holzfassade-ch-weisstanne\\\/#breadcrumb\"},\"inLanguage\":\"fr-FR\",\"potentialAction\":[{\"@type\":\"ReadAction\",\"target\":[\"https:\\\/\\\/balteschwiler.ch\\\/fr\\\/references\\\/holzfassade-ch-weisstanne\\\/\"]}]},{\"@type\":\"ImageObject\",\"inLanguage\":\"fr-FR\",\"@id\":\"https:\\\/\\\/balteschwiler.ch\\\/fr\\\/references\\\/holzfassade-ch-weisstanne\\\/#primaryimage\",\"url\":\"https:\\\/\\\/balteschwiler.ch\\\/wp-content\\\/uploads\\\/2023\\\/09\\\/referenzen-fassade-weisstanne-kantonsspital-1.jpg\",\"contentUrl\":\"https:\\\/\\\/balteschwiler.ch\\\/wp-content\\\/uploads\\\/2023\\\/09\\\/referenzen-fassade-weisstanne-kantonsspital-1.jpg\"},{\"@type\":\"BreadcrumbList\",\"@id\":\"https:\\\/\\\/balteschwiler.ch\\\/fr\\\/references\\\/holzfassade-ch-weisstanne\\\/#breadcrumb\",\"itemListElement\":[{\"@type\":\"ListItem\",\"position\":1,\"name\":\"R\u00e9f\u00e9rences\",\"item\":\"https:\\\/\\\/balteschwiler.ch\\\/fr\\\/references\\\/\"},{\"@type\":\"ListItem\",\"position\":2,\"name\":\"Fa\u00e7ade en sapin blanc suisse\"}]},{\"@type\":\"WebSite\",\"@id\":\"https:\\\/\\\/balteschwiler.ch\\\/#website\",\"url\":\"https:\\\/\\\/balteschwiler.ch\\\/\",\"name\":\"Balteschwiler AG\",\"description\":\"\",\"publisher\":{\"@id\":\"https:\\\/\\\/balteschwiler.ch\\\/#organization\"},\"potentialAction\":[{\"@type\":\"SearchAction\",\"target\":{\"@type\":\"EntryPoint\",\"urlTemplate\":\"https:\\\/\\\/balteschwiler.ch\\\/?s={search_term_string}\"},\"query-input\":{\"@type\":\"PropertyValueSpecification\",\"valueRequired\":true,\"valueName\":\"search_term_string\"}}],\"inLanguage\":\"fr-FR\"},{\"@type\":\"Organization\",\"@id\":\"https:\\\/\\\/balteschwiler.ch\\\/#organization\",\"name\":\"Balteschwiler AG\",\"url\":\"https:\\\/\\\/balteschwiler.ch\\\/\",\"logo\":{\"@type\":\"ImageObject\",\"inLanguage\":\"fr-FR\",\"@id\":\"https:\\\/\\\/balteschwiler.ch\\\/#\\\/schema\\\/logo\\\/image\\\/\",\"url\":\"https:\\\/\\\/balteschwiler.ch\\\/wp-content\\\/uploads\\\/2022\\\/09\\\/rz_BAL_Logo_d_rgb.png\",\"contentUrl\":\"https:\\\/\\\/balteschwiler.ch\\\/wp-content\\\/uploads\\\/2022\\\/09\\\/rz_BAL_Logo_d_rgb.png\",\"width\":1182,\"height\":224,\"caption\":\"Balteschwiler AG\"},\"image\":{\"@id\":\"https:\\\/\\\/balteschwiler.ch\\\/#\\\/schema\\\/logo\\\/image\\\/\"},\"sameAs\":[\"https:\\\/\\\/www.facebook.com\\\/balteschwiler\"]}]}<\/script>\n<!-- \/ Yoast SEO plugin. -->","yoast_head_json":{"title":"Fa\u00e7ade en sapin blanc suisse - Balteschwiler AG","description":"Entdecken Sie das vielf\u00e4ltige Holzfassadensortiment von Balteschwiler AG. Unser Angebot umfasst langlebige L\u00f6sungen f\u00fcr Ihre Fassaden.","robots":{"index":"index","follow":"follow","max-snippet":"max-snippet:-1","max-image-preview":"max-image-preview:large","max-video-preview":"max-video-preview:-1"},"canonical":"https:\/\/balteschwiler.ch\/fr\/references\/holzfassade-ch-weisstanne\/","og_locale":"fr_FR","og_type":"article","og_title":"Fa\u00e7ade en sapin blanc suisse - Balteschwiler AG","og_description":"Entdecken Sie das vielf\u00e4ltige Holzfassadensortiment von Balteschwiler AG. Unser Angebot umfasst langlebige L\u00f6sungen f\u00fcr Ihre Fassaden.","og_url":"https:\/\/balteschwiler.ch\/fr\/references\/holzfassade-ch-weisstanne\/","og_site_name":"Balteschwiler AG","article_publisher":"https:\/\/www.facebook.com\/balteschwiler","article_modified_time":"2025-05-06T11:57:01+00:00","og_image":[{"width":1000,"height":668,"url":"https:\/\/balteschwiler.ch\/wp-content\/uploads\/2023\/09\/referenzen-fassade-weisstanne-kantonsspital-1.jpg","type":"image\/jpeg"}],"twitter_card":"summary_large_image","schema":{"@context":"https:\/\/schema.org","@graph":[{"@type":"WebPage","@id":"https:\/\/balteschwiler.ch\/fr\/references\/holzfassade-ch-weisstanne\/","url":"https:\/\/balteschwiler.ch\/fr\/references\/holzfassade-ch-weisstanne\/","name":"Fa\u00e7ade en sapin blanc suisse - Balteschwiler AG","isPartOf":{"@id":"https:\/\/balteschwiler.ch\/#website"},"primaryImageOfPage":{"@id":"https:\/\/balteschwiler.ch\/fr\/references\/holzfassade-ch-weisstanne\/#primaryimage"},"image":{"@id":"https:\/\/balteschwiler.ch\/fr\/references\/holzfassade-ch-weisstanne\/#primaryimage"},"thumbnailUrl":"https:\/\/balteschwiler.ch\/wp-content\/uploads\/2023\/09\/referenzen-fassade-weisstanne-kantonsspital-1.jpg","datePublished":"2023-09-07T12:44:47+00:00","dateModified":"2025-05-06T11:57:01+00:00","description":"Entdecken Sie das vielf\u00e4ltige Holzfassadensortiment von Balteschwiler AG. Unser Angebot umfasst langlebige L\u00f6sungen f\u00fcr Ihre Fassaden.","breadcrumb":{"@id":"https:\/\/balteschwiler.ch\/fr\/references\/holzfassade-ch-weisstanne\/#breadcrumb"},"inLanguage":"fr-FR","potentialAction":[{"@type":"ReadAction","target":["https:\/\/balteschwiler.ch\/fr\/references\/holzfassade-ch-weisstanne\/"]}]},{"@type":"ImageObject","inLanguage":"fr-FR","@id":"https:\/\/balteschwiler.ch\/fr\/references\/holzfassade-ch-weisstanne\/#primaryimage","url":"https:\/\/balteschwiler.ch\/wp-content\/uploads\/2023\/09\/referenzen-fassade-weisstanne-kantonsspital-1.jpg","contentUrl":"https:\/\/balteschwiler.ch\/wp-content\/uploads\/2023\/09\/referenzen-fassade-weisstanne-kantonsspital-1.jpg"},{"@type":"BreadcrumbList","@id":"https:\/\/balteschwiler.ch\/fr\/references\/holzfassade-ch-weisstanne\/#breadcrumb","itemListElement":[{"@type":"ListItem","position":1,"name":"R\u00e9f\u00e9rences","item":"https:\/\/balteschwiler.ch\/fr\/references\/"},{"@type":"ListItem","position":2,"name":"Fa\u00e7ade en sapin blanc suisse"}]},{"@type":"WebSite","@id":"https:\/\/balteschwiler.ch\/#website","url":"https:\/\/balteschwiler.ch\/","name":"Balteschwiler AG","description":"","publisher":{"@id":"https:\/\/balteschwiler.ch\/#organization"},"potentialAction":[{"@type":"SearchAction","target":{"@type":"EntryPoint","urlTemplate":"https:\/\/balteschwiler.ch\/?s={search_term_string}"},"query-input":{"@type":"PropertyValueSpecification","valueRequired":true,"valueName":"search_term_string"}}],"inLanguage":"fr-FR"},{"@type":"Organization","@id":"https:\/\/balteschwiler.ch\/#organization","name":"Balteschwiler AG","url":"https:\/\/balteschwiler.ch\/","logo":{"@type":"ImageObject","inLanguage":"fr-FR","@id":"https:\/\/balteschwiler.ch\/#\/schema\/logo\/image\/","url":"https:\/\/balteschwiler.ch\/wp-content\/uploads\/2022\/09\/rz_BAL_Logo_d_rgb.png","contentUrl":"https:\/\/balteschwiler.ch\/wp-content\/uploads\/2022\/09\/rz_BAL_Logo_d_rgb.png","width":1182,"height":224,"caption":"Balteschwiler AG"},"image":{"@id":"https:\/\/balteschwiler.ch\/#\/schema\/logo\/image\/"},"sameAs":["https:\/\/www.facebook.com\/balteschwiler"]}]}},"uagb_featured_image_src":{"full":false,"thumbnail":false,"medium":false,"medium_large":false,"large":false,"1536x1536":false,"2048x2048":false,"gform-image-choice-sm":false,"gform-image-choice-md":false,"gform-image-choice-lg":false},"uagb_author_info":{"display_name":"Balteschwiler Marketing","author_link":"https:\/\/balteschwiler.ch\/fr\/author\/infobalteschwiler-ch\/"},"uagb_comment_info":0,"uagb_excerpt":"Nouvelle construction du centre de th\u00e9rapie de l&rsquo;h\u00f4pital cantonal d&rsquo;Aarau Le nouveau centre de th\u00e9rapie de l\u02bch\u00f4pital cantonald\u02bcAarau r\u00e9unit la physioth\u00e9rapie et l\u02bcergoth\u00e9rapie pourenfants et adultes. Les mat\u00e9riaux utilis\u00e9s pour ... Mehr","_links":{"self":[{"href":"https:\/\/balteschwiler.ch\/fr\/wp-json\/wp\/v2\/pages\/8890","targetHints":{"allow":["GET"]}}],"collection":[{"href":"https:\/\/balteschwiler.ch\/fr\/wp-json\/wp\/v2\/pages"}],"about":[{"href":"https:\/\/balteschwiler.ch\/fr\/wp-json\/wp\/v2\/types\/page"}],"author":[{"embeddable":true,"href":"https:\/\/balteschwiler.ch\/fr\/wp-json\/wp\/v2\/users\/2"}],"replies":[{"embeddable":true,"href":"https:\/\/balteschwiler.ch\/fr\/wp-json\/wp\/v2\/comments?post=8890"}],"version-history":[{"count":3,"href":"https:\/\/balteschwiler.ch\/fr\/wp-json\/wp\/v2\/pages\/8890\/revisions"}],"predecessor-version":[{"id":12091,"href":"https:\/\/balteschwiler.ch\/fr\/wp-json\/wp\/v2\/pages\/8890\/revisions\/12091"}],"up":[{"embeddable":true,"href":"https:\/\/balteschwiler.ch\/fr\/wp-json\/wp\/v2\/pages\/8941"}],"wp:attachment":[{"href":"https:\/\/balteschwiler.ch\/fr\/wp-json\/wp\/v2\/media?parent=8890"}],"curies":[{"name":"wp","href":"https:\/\/api.w.org\/{rel}","templated":true}]}}