{"id":8896,"date":"2023-04-09T09:57:09","date_gmt":"2023-04-09T07:57:09","guid":{"rendered":"https:\/\/balteschwiler.ch\/big-size-4s-wuennewil\/"},"modified":"2025-05-06T13:53:07","modified_gmt":"2025-05-06T11:53:07","slug":"big-size-4s-wuennewil","status":"publish","type":"page","link":"https:\/\/balteschwiler.ch\/fr\/references\/big-size-4s-wuennewil\/","title":{"rendered":"Big Size 4S Wuennewil"},"content":{"rendered":"<div class=\"gb-container gb-container-6ec57639 loadondesktop\"><div class=\"gb-inside-container\">\n<div class=\"gb-grid-wrapper gb-grid-wrapper-d212ffc2\">\n<div class=\"gb-grid-column gb-grid-column-6290146c\"><div class=\"gb-container gb-container-6290146c\"><div class=\"gb-inside-container\">\n\n<p class=\"gb-headline gb-headline-a9091560 gb-headline-text\"><strong>Am\u00e9nagement int\u00e9rieur<\/strong><\/p>\n\n\n\n<h1 class=\"gb-headline gb-headline-ae3932be gb-headline-text\">Panneaux Big Size 4S, nuance Zermatt<\/h1>\n\n<\/div><\/div><\/div>\n<\/div>\n<\/div><\/div>\n\n<div class=\"gb-container gb-container-0f7de636\"><div class=\"gb-inside-container\">\n\n<div class=\"wp-block-uagb-slider uagb-block-fcd85a6a uagb-slider-container\"><div class=\"uagb-slides uagb-swiper\"><div class=\"swiper-wrapper\">\n<div class=\"wp-block-uagb-slider-child uagb-slider-child-wrap swiper-slide uagb-block-6bb11d49\"><div class=\"swiper-content\">\n<figure class=\"wp-block-image size-full\"><img loading=\"lazy\" decoding=\"async\" width=\"1000\" height=\"667\" src=\"https:\/\/balteschwiler.ch\/wp-content\/uploads\/2023\/03\/Big_Size_4S_Zermatt.jpg\" alt=\"\" class=\"wp-image-4512\" srcset=\"https:\/\/balteschwiler.ch\/wp-content\/uploads\/2023\/03\/Big_Size_4S_Zermatt.jpg 1000w, https:\/\/balteschwiler.ch\/wp-content\/uploads\/2023\/03\/Big_Size_4S_Zermatt-300x200.jpg 300w, https:\/\/balteschwiler.ch\/wp-content\/uploads\/2023\/03\/Big_Size_4S_Zermatt-768x512.jpg 768w\" sizes=\"auto, (max-width: 1000px) 100vw, 1000px\" \/><\/figure>\n<\/div><\/div>\n\n\n\n<div class=\"wp-block-uagb-slider-child uagb-slider-child-wrap swiper-slide uagb-block-297ab518\"><div class=\"swiper-content\">\n<figure class=\"wp-block-image size-full\"><img loading=\"lazy\" decoding=\"async\" width=\"1000\" height=\"667\" src=\"https:\/\/balteschwiler.ch\/wp-content\/uploads\/2023\/11\/referenzen-innenausbau-EFH-wuennewil-4.jpg\" alt=\"\" class=\"wp-image-8609\" srcset=\"https:\/\/balteschwiler.ch\/wp-content\/uploads\/2023\/11\/referenzen-innenausbau-EFH-wuennewil-4.jpg 1000w, https:\/\/balteschwiler.ch\/wp-content\/uploads\/2023\/11\/referenzen-innenausbau-EFH-wuennewil-4-300x200.jpg 300w, https:\/\/balteschwiler.ch\/wp-content\/uploads\/2023\/11\/referenzen-innenausbau-EFH-wuennewil-4-768x512.jpg 768w, https:\/\/balteschwiler.ch\/wp-content\/uploads\/2023\/11\/referenzen-innenausbau-EFH-wuennewil-4-50x33.jpg 50w\" sizes=\"auto, (max-width: 1000px) 100vw, 1000px\" \/><\/figure>\n<\/div><\/div>\n\n\n\n<div class=\"wp-block-uagb-slider-child uagb-slider-child-wrap swiper-slide uagb-block-2128fd97\"><div class=\"swiper-content\">\n<figure class=\"wp-block-image size-full\"><img loading=\"lazy\" decoding=\"async\" width=\"1000\" height=\"667\" src=\"https:\/\/balteschwiler.ch\/wp-content\/uploads\/2023\/11\/referenzen-innenausbau-EFH-wuennewil-3.jpg\" alt=\"\" class=\"wp-image-8607\" srcset=\"https:\/\/balteschwiler.ch\/wp-content\/uploads\/2023\/11\/referenzen-innenausbau-EFH-wuennewil-3.jpg 1000w, https:\/\/balteschwiler.ch\/wp-content\/uploads\/2023\/11\/referenzen-innenausbau-EFH-wuennewil-3-300x200.jpg 300w, https:\/\/balteschwiler.ch\/wp-content\/uploads\/2023\/11\/referenzen-innenausbau-EFH-wuennewil-3-768x512.jpg 768w, https:\/\/balteschwiler.ch\/wp-content\/uploads\/2023\/11\/referenzen-innenausbau-EFH-wuennewil-3-50x33.jpg 50w\" sizes=\"auto, (max-width: 1000px) 100vw, 1000px\" \/><\/figure>\n<\/div><\/div>\n\n\n\n<div class=\"wp-block-uagb-slider-child uagb-slider-child-wrap swiper-slide uagb-block-d680947f\"><div class=\"swiper-content\">\n<figure class=\"wp-block-image size-full\"><img loading=\"lazy\" decoding=\"async\" width=\"1000\" height=\"667\" src=\"https:\/\/balteschwiler.ch\/wp-content\/uploads\/2023\/11\/referenzen-innenausbau-EFH-wuennewil-2.jpg\" alt=\"\" class=\"wp-image-8605\" srcset=\"https:\/\/balteschwiler.ch\/wp-content\/uploads\/2023\/11\/referenzen-innenausbau-EFH-wuennewil-2.jpg 1000w, https:\/\/balteschwiler.ch\/wp-content\/uploads\/2023\/11\/referenzen-innenausbau-EFH-wuennewil-2-300x200.jpg 300w, https:\/\/balteschwiler.ch\/wp-content\/uploads\/2023\/11\/referenzen-innenausbau-EFH-wuennewil-2-768x512.jpg 768w, https:\/\/balteschwiler.ch\/wp-content\/uploads\/2023\/11\/referenzen-innenausbau-EFH-wuennewil-2-50x33.jpg 50w\" sizes=\"auto, (max-width: 1000px) 100vw, 1000px\" \/><\/figure>\n<\/div><\/div>\n\n\n\n<div class=\"wp-block-uagb-slider-child uagb-slider-child-wrap swiper-slide uagb-block-2977e9fc\"><div class=\"swiper-content\">\n<figure class=\"wp-block-image size-full\"><img loading=\"lazy\" decoding=\"async\" width=\"1000\" height=\"667\" src=\"https:\/\/balteschwiler.ch\/wp-content\/uploads\/2023\/11\/referenzen-innenausbau-EFH-wuennewil-1.jpg\" alt=\"\" class=\"wp-image-8603\" srcset=\"https:\/\/balteschwiler.ch\/wp-content\/uploads\/2023\/11\/referenzen-innenausbau-EFH-wuennewil-1.jpg 1000w, https:\/\/balteschwiler.ch\/wp-content\/uploads\/2023\/11\/referenzen-innenausbau-EFH-wuennewil-1-300x200.jpg 300w, https:\/\/balteschwiler.ch\/wp-content\/uploads\/2023\/11\/referenzen-innenausbau-EFH-wuennewil-1-768x512.jpg 768w, https:\/\/balteschwiler.ch\/wp-content\/uploads\/2023\/11\/referenzen-innenausbau-EFH-wuennewil-1-50x33.jpg 50w\" sizes=\"auto, (max-width: 1000px) 100vw, 1000px\" \/><\/figure>\n<\/div><\/div>\n\n\n\n<div class=\"wp-block-uagb-slider-child uagb-slider-child-wrap swiper-slide uagb-block-28756862\"><div class=\"swiper-content\">\n<figure class=\"wp-block-image size-full\"><img loading=\"lazy\" decoding=\"async\" width=\"1000\" height=\"667\" src=\"https:\/\/balteschwiler.ch\/wp-content\/uploads\/2023\/11\/referenzen-innenausbau-EFH-wuennewil-5.jpg\" alt=\"\" class=\"wp-image-8611\" srcset=\"https:\/\/balteschwiler.ch\/wp-content\/uploads\/2023\/11\/referenzen-innenausbau-EFH-wuennewil-5.jpg 1000w, https:\/\/balteschwiler.ch\/wp-content\/uploads\/2023\/11\/referenzen-innenausbau-EFH-wuennewil-5-300x200.jpg 300w, https:\/\/balteschwiler.ch\/wp-content\/uploads\/2023\/11\/referenzen-innenausbau-EFH-wuennewil-5-768x512.jpg 768w, https:\/\/balteschwiler.ch\/wp-content\/uploads\/2023\/11\/referenzen-innenausbau-EFH-wuennewil-5-50x33.jpg 50w\" sizes=\"auto, (max-width: 1000px) 100vw, 1000px\" \/><\/figure>\n<\/div><\/div>\n<\/div><\/div><div class=\"swiper-button-prev\"><\/div><div class=\"swiper-button-next\"><\/div><\/div>\n\n\n\n<div style=\"height:50px\" aria-hidden=\"true\" class=\"wp-block-spacer\"><\/div>\n\n\n\n<div class=\"wp-block-columns is-layout-flex wp-container-core-columns-is-layout-9d6595d7 wp-block-columns-is-layout-flex\">\n<div class=\"wp-block-column is-layout-flow wp-block-column-is-layout-flow\" style=\"flex-basis:66.66%\">\n<hr class=\"wp-block-separator has-text-color has-contrast-color has-alpha-channel-opacity has-contrast-background-color has-background\"\/>\n\n\n\n<h2 class=\"wp-block-heading\"><strong>Construction d\u2018une maison multifamiliale \u00e0 W\u00fcnnewil<\/strong><\/h2>\n\n\n\n<p>Afin de mettre en valeur le charme de la maison multifamiliale,le ma\u00eetre d\u2019ouvrage a pleinement mis\u00e9 sur lebois en tant que mat\u00e9riau de construction. Dans cetteoptique, les plafonds ont \u00e9t\u00e9 rev\u00eatus des panneaux Big Size 4S destin\u00e9s \u00e0 l\u2019am\u00e9nagement int\u00e9rieur. Il s\u2019agitde panneaux \u00e0 trois plis en \u00e9pic\u00e9a indig\u00e8ne qui sontrain\u00e9s et cr\u00eat\u00e9s sur les 4 c\u00f4t\u00e9s pour permettre unepose en continu avec peu de chutes et donc peu ded\u00e9chets.Les panneaux Big Size 4S pr\u00e9sentent de nombreuxavantages: Par exemple, ils contribuent \u00e0 cr\u00e9er unclimat ambiant sain car les panneaux \u00e0 trois plis et leurcouche de finition \u00e0 base aqueuse sont conformesaux exigences du standard Minergie-ECO. De plus, lespanneaux Big Size 4S s\u2019inscrivent dans l\u2019air du tempset dans la tendance aux produits durables en bois. Comme l\u2019\u00e9pic\u00e9a utilis\u00e9 provient de for\u00eats indig\u00e8nes quisont certifi\u00e9es PEFC, les distances de transport sontnettement plus courtes que celles li\u00e9es \u00e0 l\u2019approvisionnementen \u00e9pic\u00e9a du Nord. L\u2019apparence naturelle typique des panneaux conf\u00e8re\u00e0 chaque pi\u00e8ce un aspect magnifique, et les qualit\u00e9spropres au bois cr\u00e9ent une agr\u00e9able ambiance debien-\u00eatre.<\/p>\n\n\n<div class=\"gb-button-wrapper gb-button-wrapper-7c34dbc8\">\n\n<a class=\"gb-button gb-button-b8c1b8eb gb-button-text smooth-scroll button-border-none\" href=\"https:\/\/balteschwiler.ch\/wp-content\/uploads\/2023\/12\/21-referenzen-innenausbau-bigsize-wuennewil-fr-low.pdf\" target=\"_blank\" rel=\"noopener noreferrer\">Fiche de r\u00e9f\u00e9rence<\/a>\n\n<\/div><\/div>\n\n\n\n<div class=\"wp-block-column spalte-custom-space-left is-layout-flow wp-block-column-is-layout-flow\" style=\"flex-basis:33.33%\">\n<hr class=\"wp-block-separator has-text-color has-contrast-color has-alpha-channel-opacity has-contrast-background-color has-background\"\/>\n\n\n\n<p><strong>Ann\u00e9e de construction &nbsp;<\/strong><br>2021<\/p>\n\n\n\n<p><strong>Type de b\u00e2timent \/ Utilisation <\/strong>Nouvelle maison multifamiliale <\/p>\n\n\n\n<p><strong>Ma\u00eetre d\u2019ouvrage <\/strong><br>Familie Schaller, W\u00fcnnewil<\/p>\n\n\n\n<p><strong>Partenaires de la mise en oeuvre <\/strong>Bauweise Holzbau AG, 3280 Morat <\/p>\n\n\n\n<p><strong>Produits Balteschwiler utilis\u00e9s <\/strong>Panneau Big Size 4S: <br>\u00c9pic\u00e9a indig\u00e8ne B\/C, rain\u00e9 et cr\u00eat\u00e9sur les 4 c\u00f4t\u00e9s, chanfrein\u00e9, surface ponc\u00e9e et trait\u00e9eavec deux couches de la nuance Zermatt,dimensions 4975 x 310 x 19mm<\/p>\n<\/div>\n<\/div>\n\n<\/div><\/div>","protected":false},"excerpt":{"rendered":"<p>Construction d\u2018une maison multifamiliale \u00e0 W\u00fcnnewil Afin de mettre en valeur le charme de la maison multifamiliale,le ma\u00eetre d\u2019ouvrage a pleinement mis\u00e9 sur lebois en tant que mat\u00e9riau de construction. &#8230; <a title=\"Big Size 4S Wuennewil\" class=\"read-more\" href=\"https:\/\/balteschwiler.ch\/fr\/references\/big-size-4s-wuennewil\/\" aria-label=\"En savoir plus sur Big Size 4S Wuennewil\">Mehr<\/a><\/p>\n","protected":false},"author":1,"featured_media":0,"parent":8941,"menu_order":0,"comment_status":"closed","ping_status":"closed","template":"","meta":{"_acf_changed":false,"inline_featured_image":false,"_uag_custom_page_level_css":"","footnotes":""},"class_list":["post-8896","page","type-page","status-publish"],"acf":[],"yoast_head":"<!-- This site is optimized with the Yoast SEO plugin v27.5 - https:\/\/yoast.com\/product\/yoast-seo-wordpress\/ -->\n<title>Big Size 4S Wuennewil - Balteschwiler AG<\/title>\n<meta name=\"robots\" content=\"index, follow, max-snippet:-1, max-image-preview:large, max-video-preview:-1\" \/>\n<link rel=\"canonical\" href=\"https:\/\/balteschwiler.ch\/fr\/references\/big-size-4s-wuennewil\/\" \/>\n<meta property=\"og:locale\" content=\"fr_FR\" \/>\n<meta property=\"og:type\" content=\"article\" \/>\n<meta property=\"og:title\" content=\"Big Size 4S Wuennewil - Balteschwiler AG\" \/>\n<meta property=\"og:description\" content=\"Construction d\u2018une maison multifamiliale \u00e0 W\u00fcnnewil Afin de mettre en valeur le charme de la maison multifamiliale,le ma\u00eetre d\u2019ouvrage a pleinement mis\u00e9 sur lebois en tant que mat\u00e9riau de construction. ... Mehr\" \/>\n<meta property=\"og:url\" content=\"https:\/\/balteschwiler.ch\/fr\/references\/big-size-4s-wuennewil\/\" \/>\n<meta property=\"og:site_name\" content=\"Balteschwiler AG\" \/>\n<meta property=\"article:publisher\" content=\"https:\/\/www.facebook.com\/balteschwiler\" \/>\n<meta property=\"article:modified_time\" content=\"2025-05-06T11:53:07+00:00\" \/>\n<meta property=\"og:image\" content=\"https:\/\/balteschwiler.ch\/wp-content\/uploads\/2023\/03\/Big_Size_4S_Zermatt.jpg\" \/>\n\t<meta property=\"og:image:width\" content=\"1000\" \/>\n\t<meta property=\"og:image:height\" content=\"667\" \/>\n\t<meta property=\"og:image:type\" content=\"image\/jpeg\" \/>\n<meta name=\"twitter:card\" content=\"summary_large_image\" \/>\n<meta name=\"twitter:label1\" content=\"Dur\u00e9e de lecture estim\u00e9e\" \/>\n\t<meta name=\"twitter:data1\" content=\"3 minutes\" \/>\n<script type=\"application\/ld+json\" class=\"yoast-schema-graph\">{\"@context\":\"https:\\\/\\\/schema.org\",\"@graph\":[{\"@type\":\"WebPage\",\"@id\":\"https:\\\/\\\/balteschwiler.ch\\\/fr\\\/references\\\/big-size-4s-wuennewil\\\/\",\"url\":\"https:\\\/\\\/balteschwiler.ch\\\/fr\\\/references\\\/big-size-4s-wuennewil\\\/\",\"name\":\"Big Size 4S Wuennewil - Balteschwiler AG\",\"isPartOf\":{\"@id\":\"https:\\\/\\\/balteschwiler.ch\\\/#website\"},\"primaryImageOfPage\":{\"@id\":\"https:\\\/\\\/balteschwiler.ch\\\/fr\\\/references\\\/big-size-4s-wuennewil\\\/#primaryimage\"},\"image\":{\"@id\":\"https:\\\/\\\/balteschwiler.ch\\\/fr\\\/references\\\/big-size-4s-wuennewil\\\/#primaryimage\"},\"thumbnailUrl\":\"https:\\\/\\\/balteschwiler.ch\\\/wp-content\\\/uploads\\\/2023\\\/03\\\/Big_Size_4S_Zermatt.jpg\",\"datePublished\":\"2023-04-09T07:57:09+00:00\",\"dateModified\":\"2025-05-06T11:53:07+00:00\",\"breadcrumb\":{\"@id\":\"https:\\\/\\\/balteschwiler.ch\\\/fr\\\/references\\\/big-size-4s-wuennewil\\\/#breadcrumb\"},\"inLanguage\":\"fr-FR\",\"potentialAction\":[{\"@type\":\"ReadAction\",\"target\":[\"https:\\\/\\\/balteschwiler.ch\\\/fr\\\/references\\\/big-size-4s-wuennewil\\\/\"]}]},{\"@type\":\"ImageObject\",\"inLanguage\":\"fr-FR\",\"@id\":\"https:\\\/\\\/balteschwiler.ch\\\/fr\\\/references\\\/big-size-4s-wuennewil\\\/#primaryimage\",\"url\":\"https:\\\/\\\/balteschwiler.ch\\\/wp-content\\\/uploads\\\/2023\\\/03\\\/Big_Size_4S_Zermatt.jpg\",\"contentUrl\":\"https:\\\/\\\/balteschwiler.ch\\\/wp-content\\\/uploads\\\/2023\\\/03\\\/Big_Size_4S_Zermatt.jpg\"},{\"@type\":\"BreadcrumbList\",\"@id\":\"https:\\\/\\\/balteschwiler.ch\\\/fr\\\/references\\\/big-size-4s-wuennewil\\\/#breadcrumb\",\"itemListElement\":[{\"@type\":\"ListItem\",\"position\":1,\"name\":\"R\u00e9f\u00e9rences\",\"item\":\"https:\\\/\\\/balteschwiler.ch\\\/fr\\\/references\\\/\"},{\"@type\":\"ListItem\",\"position\":2,\"name\":\"Big Size 4S Wuennewil\"}]},{\"@type\":\"WebSite\",\"@id\":\"https:\\\/\\\/balteschwiler.ch\\\/#website\",\"url\":\"https:\\\/\\\/balteschwiler.ch\\\/\",\"name\":\"Balteschwiler AG\",\"description\":\"\",\"publisher\":{\"@id\":\"https:\\\/\\\/balteschwiler.ch\\\/#organization\"},\"potentialAction\":[{\"@type\":\"SearchAction\",\"target\":{\"@type\":\"EntryPoint\",\"urlTemplate\":\"https:\\\/\\\/balteschwiler.ch\\\/?s={search_term_string}\"},\"query-input\":{\"@type\":\"PropertyValueSpecification\",\"valueRequired\":true,\"valueName\":\"search_term_string\"}}],\"inLanguage\":\"fr-FR\"},{\"@type\":\"Organization\",\"@id\":\"https:\\\/\\\/balteschwiler.ch\\\/#organization\",\"name\":\"Balteschwiler AG\",\"url\":\"https:\\\/\\\/balteschwiler.ch\\\/\",\"logo\":{\"@type\":\"ImageObject\",\"inLanguage\":\"fr-FR\",\"@id\":\"https:\\\/\\\/balteschwiler.ch\\\/#\\\/schema\\\/logo\\\/image\\\/\",\"url\":\"https:\\\/\\\/balteschwiler.ch\\\/wp-content\\\/uploads\\\/2022\\\/09\\\/rz_BAL_Logo_d_rgb.png\",\"contentUrl\":\"https:\\\/\\\/balteschwiler.ch\\\/wp-content\\\/uploads\\\/2022\\\/09\\\/rz_BAL_Logo_d_rgb.png\",\"width\":1182,\"height\":224,\"caption\":\"Balteschwiler AG\"},\"image\":{\"@id\":\"https:\\\/\\\/balteschwiler.ch\\\/#\\\/schema\\\/logo\\\/image\\\/\"},\"sameAs\":[\"https:\\\/\\\/www.facebook.com\\\/balteschwiler\"]}]}<\/script>\n<!-- \/ Yoast SEO plugin. -->","yoast_head_json":{"title":"Big Size 4S Wuennewil - Balteschwiler AG","robots":{"index":"index","follow":"follow","max-snippet":"max-snippet:-1","max-image-preview":"max-image-preview:large","max-video-preview":"max-video-preview:-1"},"canonical":"https:\/\/balteschwiler.ch\/fr\/references\/big-size-4s-wuennewil\/","og_locale":"fr_FR","og_type":"article","og_title":"Big Size 4S Wuennewil - Balteschwiler AG","og_description":"Construction d\u2018une maison multifamiliale \u00e0 W\u00fcnnewil Afin de mettre en valeur le charme de la maison multifamiliale,le ma\u00eetre d\u2019ouvrage a pleinement mis\u00e9 sur lebois en tant que mat\u00e9riau de construction. ... Mehr","og_url":"https:\/\/balteschwiler.ch\/fr\/references\/big-size-4s-wuennewil\/","og_site_name":"Balteschwiler AG","article_publisher":"https:\/\/www.facebook.com\/balteschwiler","article_modified_time":"2025-05-06T11:53:07+00:00","og_image":[{"width":1000,"height":667,"url":"https:\/\/balteschwiler.ch\/wp-content\/uploads\/2023\/03\/Big_Size_4S_Zermatt.jpg","type":"image\/jpeg"}],"twitter_card":"summary_large_image","twitter_misc":{"Dur\u00e9e de lecture estim\u00e9e":"3 minutes"},"schema":{"@context":"https:\/\/schema.org","@graph":[{"@type":"WebPage","@id":"https:\/\/balteschwiler.ch\/fr\/references\/big-size-4s-wuennewil\/","url":"https:\/\/balteschwiler.ch\/fr\/references\/big-size-4s-wuennewil\/","name":"Big Size 4S Wuennewil - Balteschwiler AG","isPartOf":{"@id":"https:\/\/balteschwiler.ch\/#website"},"primaryImageOfPage":{"@id":"https:\/\/balteschwiler.ch\/fr\/references\/big-size-4s-wuennewil\/#primaryimage"},"image":{"@id":"https:\/\/balteschwiler.ch\/fr\/references\/big-size-4s-wuennewil\/#primaryimage"},"thumbnailUrl":"https:\/\/balteschwiler.ch\/wp-content\/uploads\/2023\/03\/Big_Size_4S_Zermatt.jpg","datePublished":"2023-04-09T07:57:09+00:00","dateModified":"2025-05-06T11:53:07+00:00","breadcrumb":{"@id":"https:\/\/balteschwiler.ch\/fr\/references\/big-size-4s-wuennewil\/#breadcrumb"},"inLanguage":"fr-FR","potentialAction":[{"@type":"ReadAction","target":["https:\/\/balteschwiler.ch\/fr\/references\/big-size-4s-wuennewil\/"]}]},{"@type":"ImageObject","inLanguage":"fr-FR","@id":"https:\/\/balteschwiler.ch\/fr\/references\/big-size-4s-wuennewil\/#primaryimage","url":"https:\/\/balteschwiler.ch\/wp-content\/uploads\/2023\/03\/Big_Size_4S_Zermatt.jpg","contentUrl":"https:\/\/balteschwiler.ch\/wp-content\/uploads\/2023\/03\/Big_Size_4S_Zermatt.jpg"},{"@type":"BreadcrumbList","@id":"https:\/\/balteschwiler.ch\/fr\/references\/big-size-4s-wuennewil\/#breadcrumb","itemListElement":[{"@type":"ListItem","position":1,"name":"R\u00e9f\u00e9rences","item":"https:\/\/balteschwiler.ch\/fr\/references\/"},{"@type":"ListItem","position":2,"name":"Big Size 4S Wuennewil"}]},{"@type":"WebSite","@id":"https:\/\/balteschwiler.ch\/#website","url":"https:\/\/balteschwiler.ch\/","name":"Balteschwiler AG","description":"","publisher":{"@id":"https:\/\/balteschwiler.ch\/#organization"},"potentialAction":[{"@type":"SearchAction","target":{"@type":"EntryPoint","urlTemplate":"https:\/\/balteschwiler.ch\/?s={search_term_string}"},"query-input":{"@type":"PropertyValueSpecification","valueRequired":true,"valueName":"search_term_string"}}],"inLanguage":"fr-FR"},{"@type":"Organization","@id":"https:\/\/balteschwiler.ch\/#organization","name":"Balteschwiler AG","url":"https:\/\/balteschwiler.ch\/","logo":{"@type":"ImageObject","inLanguage":"fr-FR","@id":"https:\/\/balteschwiler.ch\/#\/schema\/logo\/image\/","url":"https:\/\/balteschwiler.ch\/wp-content\/uploads\/2022\/09\/rz_BAL_Logo_d_rgb.png","contentUrl":"https:\/\/balteschwiler.ch\/wp-content\/uploads\/2022\/09\/rz_BAL_Logo_d_rgb.png","width":1182,"height":224,"caption":"Balteschwiler AG"},"image":{"@id":"https:\/\/balteschwiler.ch\/#\/schema\/logo\/image\/"},"sameAs":["https:\/\/www.facebook.com\/balteschwiler"]}]}},"uagb_featured_image_src":{"full":false,"thumbnail":false,"medium":false,"medium_large":false,"large":false,"1536x1536":false,"2048x2048":false,"gform-image-choice-sm":false,"gform-image-choice-md":false,"gform-image-choice-lg":false},"uagb_author_info":{"display_name":"Michael Sutter","author_link":"https:\/\/balteschwiler.ch\/fr\/author\/m-hoernlimannmichaelh-ch\/"},"uagb_comment_info":0,"uagb_excerpt":"Construction d\u2018une maison multifamiliale \u00e0 W\u00fcnnewil Afin de mettre en valeur le charme de la maison multifamiliale,le ma\u00eetre d\u2019ouvrage a pleinement mis\u00e9 sur lebois en tant que mat\u00e9riau de construction. ... Mehr","_links":{"self":[{"href":"https:\/\/balteschwiler.ch\/fr\/wp-json\/wp\/v2\/pages\/8896","targetHints":{"allow":["GET"]}}],"collection":[{"href":"https:\/\/balteschwiler.ch\/fr\/wp-json\/wp\/v2\/pages"}],"about":[{"href":"https:\/\/balteschwiler.ch\/fr\/wp-json\/wp\/v2\/types\/page"}],"author":[{"embeddable":true,"href":"https:\/\/balteschwiler.ch\/fr\/wp-json\/wp\/v2\/users\/1"}],"replies":[{"embeddable":true,"href":"https:\/\/balteschwiler.ch\/fr\/wp-json\/wp\/v2\/comments?post=8896"}],"version-history":[{"count":3,"href":"https:\/\/balteschwiler.ch\/fr\/wp-json\/wp\/v2\/pages\/8896\/revisions"}],"predecessor-version":[{"id":12083,"href":"https:\/\/balteschwiler.ch\/fr\/wp-json\/wp\/v2\/pages\/8896\/revisions\/12083"}],"up":[{"embeddable":true,"href":"https:\/\/balteschwiler.ch\/fr\/wp-json\/wp\/v2\/pages\/8941"}],"wp:attachment":[{"href":"https:\/\/balteschwiler.ch\/fr\/wp-json\/wp\/v2\/media?parent=8896"}],"curies":[{"name":"wp","href":"https:\/\/api.w.org\/{rel}","templated":true}]}}