{"id":8913,"date":"2023-03-30T09:15:30","date_gmt":"2023-03-30T07:15:30","guid":{"rendered":"https:\/\/balteschwiler.ch\/tafer-nordische-fichte-glattkantbretter\/"},"modified":"2025-05-06T13:57:10","modified_gmt":"2025-05-06T11:57:10","slug":"tafer-nordische-fichte-glattkantbretter","status":"publish","type":"page","link":"https:\/\/balteschwiler.ch\/fr\/references\/tafer-nordische-fichte-glattkantbretter\/","title":{"rendered":"Lambris en \u00e9pic\u00e9a nordique, planches \u00e0 bords lisses"},"content":{"rendered":"<div class=\"gb-container gb-container-6ec57639 loadondesktop\"><div class=\"gb-inside-container\">\n<div class=\"gb-grid-wrapper gb-grid-wrapper-d212ffc2\">\n<div class=\"gb-grid-column gb-grid-column-6290146c\"><div class=\"gb-container gb-container-6290146c\"><div class=\"gb-inside-container\">\n\n<p class=\"gb-headline gb-headline-a9091560 gb-headline-text\"><strong><strong>Am\u00e9nagement int\u00e9rieur<\/strong><\/strong><\/p>\n\n\n\n<h1 class=\"gb-headline gb-headline-ae3932be gb-headline-text\">Lambris en \u00e9pic\u00e9a nordique, planches \u00e0 bords lisses<\/h1>\n\n<\/div><\/div><\/div>\n<\/div>\n<\/div><\/div>\n\n<div class=\"gb-container gb-container-0f7de636\"><div class=\"gb-inside-container\">\n\n<div class=\"wp-block-uagb-slider uagb-block-04a39e15 uagb-slider-container\"><div class=\"uagb-slides uagb-swiper\"><div class=\"swiper-wrapper\">\n<div class=\"wp-block-uagb-slider-child uagb-slider-child-wrap swiper-slide uagb-block-981ef13d\"><div class=\"swiper-content\">\n<figure class=\"wp-block-image size-full\"><img loading=\"lazy\" decoding=\"async\" width=\"1000\" height=\"667\" src=\"https:\/\/balteschwiler.ch\/wp-content\/uploads\/2023\/08\/referenzen-innenausbau-taefer-niederbuchsiten-1.jpg\" alt=\"\" class=\"wp-image-7462\" srcset=\"https:\/\/balteschwiler.ch\/wp-content\/uploads\/2023\/08\/referenzen-innenausbau-taefer-niederbuchsiten-1.jpg 1000w, https:\/\/balteschwiler.ch\/wp-content\/uploads\/2023\/08\/referenzen-innenausbau-taefer-niederbuchsiten-1-300x200.jpg 300w, https:\/\/balteschwiler.ch\/wp-content\/uploads\/2023\/08\/referenzen-innenausbau-taefer-niederbuchsiten-1-768x512.jpg 768w\" sizes=\"auto, (max-width: 1000px) 100vw, 1000px\" \/><\/figure>\n<\/div><\/div>\n\n\n\n<div class=\"wp-block-uagb-slider-child uagb-slider-child-wrap swiper-slide uagb-block-b0239be7\"><div class=\"swiper-content\">\n<figure class=\"wp-block-image size-full\"><img loading=\"lazy\" decoding=\"async\" width=\"1000\" height=\"667\" src=\"https:\/\/balteschwiler.ch\/wp-content\/uploads\/2023\/08\/referenzen-innenausbau-taefer-niederbuchsiten-4.jpg\" alt=\"\" class=\"wp-image-7468\" srcset=\"https:\/\/balteschwiler.ch\/wp-content\/uploads\/2023\/08\/referenzen-innenausbau-taefer-niederbuchsiten-4.jpg 1000w, https:\/\/balteschwiler.ch\/wp-content\/uploads\/2023\/08\/referenzen-innenausbau-taefer-niederbuchsiten-4-300x200.jpg 300w, https:\/\/balteschwiler.ch\/wp-content\/uploads\/2023\/08\/referenzen-innenausbau-taefer-niederbuchsiten-4-768x512.jpg 768w\" sizes=\"auto, (max-width: 1000px) 100vw, 1000px\" \/><\/figure>\n<\/div><\/div>\n\n\n\n<div class=\"wp-block-uagb-slider-child uagb-slider-child-wrap swiper-slide uagb-block-8a9a054f\"><div class=\"swiper-content\">\n<figure class=\"wp-block-image size-full\"><img loading=\"lazy\" decoding=\"async\" width=\"1000\" height=\"667\" src=\"https:\/\/balteschwiler.ch\/wp-content\/uploads\/2023\/08\/referenzen-innenausbau-taefer-niederbuchsiten-5.jpg\" alt=\"\" class=\"wp-image-7470\" srcset=\"https:\/\/balteschwiler.ch\/wp-content\/uploads\/2023\/08\/referenzen-innenausbau-taefer-niederbuchsiten-5.jpg 1000w, https:\/\/balteschwiler.ch\/wp-content\/uploads\/2023\/08\/referenzen-innenausbau-taefer-niederbuchsiten-5-300x200.jpg 300w, https:\/\/balteschwiler.ch\/wp-content\/uploads\/2023\/08\/referenzen-innenausbau-taefer-niederbuchsiten-5-768x512.jpg 768w\" sizes=\"auto, (max-width: 1000px) 100vw, 1000px\" \/><\/figure>\n<\/div><\/div>\n\n\n\n<div class=\"wp-block-uagb-slider-child uagb-slider-child-wrap swiper-slide uagb-block-812dfb0d\"><div class=\"swiper-content\">\n<figure class=\"wp-block-image size-full\"><img loading=\"lazy\" decoding=\"async\" width=\"1000\" height=\"667\" src=\"https:\/\/balteschwiler.ch\/wp-content\/uploads\/2023\/08\/referenzen-innenausbau-taefer-niederbuchsiten-6.jpg\" alt=\"\" class=\"wp-image-7472\" srcset=\"https:\/\/balteschwiler.ch\/wp-content\/uploads\/2023\/08\/referenzen-innenausbau-taefer-niederbuchsiten-6.jpg 1000w, https:\/\/balteschwiler.ch\/wp-content\/uploads\/2023\/08\/referenzen-innenausbau-taefer-niederbuchsiten-6-300x200.jpg 300w, https:\/\/balteschwiler.ch\/wp-content\/uploads\/2023\/08\/referenzen-innenausbau-taefer-niederbuchsiten-6-768x512.jpg 768w\" sizes=\"auto, (max-width: 1000px) 100vw, 1000px\" \/><\/figure>\n<\/div><\/div>\n\n\n\n<div class=\"wp-block-uagb-slider-child uagb-slider-child-wrap swiper-slide uagb-block-281f16ae\"><div class=\"swiper-content\">\n<figure class=\"wp-block-image size-full\"><img loading=\"lazy\" decoding=\"async\" width=\"1000\" height=\"667\" src=\"https:\/\/balteschwiler.ch\/wp-content\/uploads\/2023\/08\/referenzen-innenausbau-taefer-niederbuchsiten-2.jpg\" alt=\"\" class=\"wp-image-7474\" srcset=\"https:\/\/balteschwiler.ch\/wp-content\/uploads\/2023\/08\/referenzen-innenausbau-taefer-niederbuchsiten-2.jpg 1000w, https:\/\/balteschwiler.ch\/wp-content\/uploads\/2023\/08\/referenzen-innenausbau-taefer-niederbuchsiten-2-300x200.jpg 300w, https:\/\/balteschwiler.ch\/wp-content\/uploads\/2023\/08\/referenzen-innenausbau-taefer-niederbuchsiten-2-768x512.jpg 768w\" sizes=\"auto, (max-width: 1000px) 100vw, 1000px\" \/><\/figure>\n<\/div><\/div>\n\n\n\n<div class=\"wp-block-uagb-slider-child uagb-slider-child-wrap swiper-slide uagb-block-df2af9c8\"><div class=\"swiper-content\">\n<figure class=\"wp-block-image size-full\"><img loading=\"lazy\" decoding=\"async\" width=\"1000\" height=\"667\" src=\"https:\/\/balteschwiler.ch\/wp-content\/uploads\/2023\/08\/referenzen-innenausbau-taefer-niederbuchsiten-3.jpg\" alt=\"\" class=\"wp-image-7476\" srcset=\"https:\/\/balteschwiler.ch\/wp-content\/uploads\/2023\/08\/referenzen-innenausbau-taefer-niederbuchsiten-3.jpg 1000w, https:\/\/balteschwiler.ch\/wp-content\/uploads\/2023\/08\/referenzen-innenausbau-taefer-niederbuchsiten-3-300x200.jpg 300w, https:\/\/balteschwiler.ch\/wp-content\/uploads\/2023\/08\/referenzen-innenausbau-taefer-niederbuchsiten-3-768x512.jpg 768w\" sizes=\"auto, (max-width: 1000px) 100vw, 1000px\" \/><\/figure>\n<\/div><\/div>\n<\/div><\/div><div class=\"swiper-button-prev\"><\/div><div class=\"swiper-button-next\"><\/div><\/div>\n\n\n\n<div style=\"height:50px\" aria-hidden=\"true\" class=\"wp-block-spacer\"><\/div>\n\n\n\n<div class=\"wp-block-columns is-layout-flex wp-container-core-columns-is-layout-9d6595d7 wp-block-columns-is-layout-flex\">\n<div class=\"wp-block-column is-layout-flow wp-block-column-is-layout-flow\" style=\"flex-basis:66.66%\">\n<hr class=\"wp-block-separator has-text-color has-contrast-color has-alpha-channel-opacity has-contrast-background-color has-background\"\/>\n\n\n\n<h2 class=\"wp-block-heading\">\u00c9cole de Niederbuchsiten<\/h2>\n\n\n\n<p>Le b\u00e2timent scolaire de Niederbuchsiten, dans lecanton de Soleure, avait pris de l\u02bc\u00e2ge et \u00e9tait devenutrop petit. L\u02bcassembl\u00e9e communale a accord\u00e9 5,5 millions de francs en 2019 pour la r\u00e9novation etl\u02bcagrandissement. Pour les nouvelles constructions etl\u02bcam\u00e9nagement int\u00e9rieur, le ma\u00eetre d\u02bcouvrage a majoritairementmis\u00e9 sur le bois. Ce n\u02bcest pas un hasard sile bois est de plus en plus utilis\u00e9 pour l\u02bcam\u00e9nagementint\u00e9rieur des b\u00e2timents publics. Le climat int\u00e9rieurdes b\u00e2timents en bois est souvent per\u00e7u comme plusagr\u00e9able, plus \u00abchaud\u00bb. Cela s\u02bcexplique d\u02bcune part parl\u02bcexcellente isolation thermique du bois, mais aussi parses propri\u00e9t\u00e9s hygroscopiques. Les lambris en boispeuvent contribuer \u00e0 r\u00e9guler le climat int\u00e9rieur, carils peuvent absorber l\u02bchumidit\u00e9, mais aussi la lib\u00e9rer.Balteschwiler a fabriqu\u00e9 environ 1200 m2 de lambrisen \u00e9pic\u00e9a certifi\u00e9s PEFC pour l\u02bc\u00e9cole de Niederbuchsiten.L\u02bcentreprise de construction en bois charg\u00e9ede l\u02bcex\u00e9cution a transform\u00e9 ces lambris en plafondsacoustiques derri\u00e8re lesquels se trouve un absorbeurde bruit. Non seulement le climat int\u00e9rieur, mais aussile niveau sonore devraient ainsi se situer \u00e0 l\u02bcavenirdans des conditions agr\u00e9ables dans l\u02bcensemble dub\u00e2timent scolaire.<\/p>\n\n\n\n<p class=\"has-medium-font-size\">.<\/p>\n\n\n<div class=\"gb-button-wrapper gb-button-wrapper-7c34dbc8\">\n\n<a class=\"gb-button gb-button-b8c1b8eb gb-button-text smooth-scroll button-border-none\" href=\"https:\/\/balteschwiler.ch\/wp-content\/uploads\/2023\/08\/21-referenzen-innenausbau-schulhaus-niederbuchsiten-fr-low.pdf\" target=\"_blank\" rel=\"noopener noreferrer\">Fiche de r\u00e9f\u00e9rence<\/a>\n\n<\/div><\/div>\n\n\n\n<div class=\"wp-block-column spalte-custom-space-left is-layout-flow wp-block-column-is-layout-flow\" style=\"flex-basis:33.33%\">\n<hr class=\"wp-block-separator has-text-color has-contrast-color has-alpha-channel-opacity has-contrast-background-color has-background\"\/>\n\n\n\n<p><strong>Ann\u00e9e de construction<\/strong><br>2021 <\/p>\n\n\n\n<p><strong>Type de b\u00e2timent \/ usage <\/strong>Nouvelle construction, \u00e9cole <\/p>\n\n\n\n<p><strong>Ma\u00eetre d\u2018ouvrage <\/strong><br>Commune de Niederbuchsiten <\/p>\n\n\n\n<p><strong>Architecture <\/strong><br>H-O Oegerli Markus Architekt en SIAAG, Olten <\/p>\n\n\n\n<p><strong>Partenaire d\u2018ex\u00e9cution <\/strong>Meier + Brunner AG, Laupersdorf <\/p>\n\n\n\n<p><strong>Produits et services Balteschwiler utilis\u00e9s<\/strong><br>Lambris en\u00e9pic\u00e9a nordique, planches \u00e0 bords lisses (profil VSH n\u00b061), rabot\u00e9es &amp; ponc\u00e9es, trait\u00e9es avec Cristal-UV<\/p>\n<\/div>\n<\/div>\n\n<\/div><\/div>\n\n\n<p><\/p>\n","protected":false},"excerpt":{"rendered":"<p>\u00c9cole de Niederbuchsiten Le b\u00e2timent scolaire de Niederbuchsiten, dans lecanton de Soleure, avait pris de l\u02bc\u00e2ge et \u00e9tait devenutrop petit. L\u02bcassembl\u00e9e communale a accord\u00e9 5,5 millions de francs en 2019 &#8230; <a title=\"Lambris en \u00e9pic\u00e9a nordique, planches \u00e0 bords lisses\" class=\"read-more\" href=\"https:\/\/balteschwiler.ch\/fr\/references\/tafer-nordische-fichte-glattkantbretter\/\" aria-label=\"En savoir plus sur Lambris en \u00e9pic\u00e9a nordique, planches \u00e0 bords lisses\">Mehr<\/a><\/p>\n","protected":false},"author":2,"featured_media":0,"parent":8941,"menu_order":0,"comment_status":"closed","ping_status":"closed","template":"","meta":{"_acf_changed":false,"inline_featured_image":false,"_uag_custom_page_level_css":"","footnotes":""},"class_list":["post-8913","page","type-page","status-publish"],"acf":[],"yoast_head":"<!-- This site is optimized with the Yoast SEO plugin v27.3 - https:\/\/yoast.com\/product\/yoast-seo-wordpress\/ -->\n<title>Lambris en \u00e9pic\u00e9a nordique, planches \u00e0 bords lisses - Balteschwiler AG<\/title>\n<meta name=\"robots\" content=\"index, follow, max-snippet:-1, max-image-preview:large, max-video-preview:-1\" \/>\n<link rel=\"canonical\" href=\"https:\/\/balteschwiler.ch\/fr\/references\/tafer-nordische-fichte-glattkantbretter\/\" \/>\n<meta property=\"og:locale\" content=\"fr_FR\" \/>\n<meta property=\"og:type\" content=\"article\" \/>\n<meta property=\"og:title\" content=\"Lambris en \u00e9pic\u00e9a nordique, planches \u00e0 bords lisses - Balteschwiler AG\" \/>\n<meta property=\"og:description\" content=\"\u00c9cole de Niederbuchsiten Le b\u00e2timent scolaire de Niederbuchsiten, dans lecanton de Soleure, avait pris de l\u02bc\u00e2ge et \u00e9tait devenutrop petit. L\u02bcassembl\u00e9e communale a accord\u00e9 5,5 millions de francs en 2019 ... Mehr\" \/>\n<meta property=\"og:url\" content=\"https:\/\/balteschwiler.ch\/fr\/references\/tafer-nordische-fichte-glattkantbretter\/\" \/>\n<meta property=\"og:site_name\" content=\"Balteschwiler AG\" \/>\n<meta property=\"article:publisher\" content=\"https:\/\/www.facebook.com\/balteschwiler\" \/>\n<meta property=\"article:modified_time\" content=\"2025-05-06T11:57:10+00:00\" \/>\n<meta property=\"og:image\" content=\"https:\/\/balteschwiler.ch\/wp-content\/uploads\/2023\/08\/referenzen-innenausbau-taefer-niederbuchsiten-1.jpg\" \/>\n\t<meta property=\"og:image:width\" content=\"1000\" \/>\n\t<meta property=\"og:image:height\" content=\"667\" \/>\n\t<meta property=\"og:image:type\" content=\"image\/jpeg\" \/>\n<meta name=\"twitter:card\" content=\"summary_large_image\" \/>\n<meta name=\"twitter:label1\" content=\"Dur\u00e9e de lecture estim\u00e9e\" \/>\n\t<meta name=\"twitter:data1\" content=\"3 minutes\" \/>\n<script type=\"application\/ld+json\" class=\"yoast-schema-graph\">{\"@context\":\"https:\\\/\\\/schema.org\",\"@graph\":[{\"@type\":\"WebPage\",\"@id\":\"https:\\\/\\\/balteschwiler.ch\\\/fr\\\/references\\\/tafer-nordische-fichte-glattkantbretter\\\/\",\"url\":\"https:\\\/\\\/balteschwiler.ch\\\/fr\\\/references\\\/tafer-nordische-fichte-glattkantbretter\\\/\",\"name\":\"Lambris en \u00e9pic\u00e9a nordique, planches \u00e0 bords lisses - Balteschwiler AG\",\"isPartOf\":{\"@id\":\"https:\\\/\\\/balteschwiler.ch\\\/#website\"},\"primaryImageOfPage\":{\"@id\":\"https:\\\/\\\/balteschwiler.ch\\\/fr\\\/references\\\/tafer-nordische-fichte-glattkantbretter\\\/#primaryimage\"},\"image\":{\"@id\":\"https:\\\/\\\/balteschwiler.ch\\\/fr\\\/references\\\/tafer-nordische-fichte-glattkantbretter\\\/#primaryimage\"},\"thumbnailUrl\":\"https:\\\/\\\/balteschwiler.ch\\\/wp-content\\\/uploads\\\/2023\\\/08\\\/referenzen-innenausbau-taefer-niederbuchsiten-1.jpg\",\"datePublished\":\"2023-03-30T07:15:30+00:00\",\"dateModified\":\"2025-05-06T11:57:10+00:00\",\"breadcrumb\":{\"@id\":\"https:\\\/\\\/balteschwiler.ch\\\/fr\\\/references\\\/tafer-nordische-fichte-glattkantbretter\\\/#breadcrumb\"},\"inLanguage\":\"fr-FR\",\"potentialAction\":[{\"@type\":\"ReadAction\",\"target\":[\"https:\\\/\\\/balteschwiler.ch\\\/fr\\\/references\\\/tafer-nordische-fichte-glattkantbretter\\\/\"]}]},{\"@type\":\"ImageObject\",\"inLanguage\":\"fr-FR\",\"@id\":\"https:\\\/\\\/balteschwiler.ch\\\/fr\\\/references\\\/tafer-nordische-fichte-glattkantbretter\\\/#primaryimage\",\"url\":\"https:\\\/\\\/balteschwiler.ch\\\/wp-content\\\/uploads\\\/2023\\\/08\\\/referenzen-innenausbau-taefer-niederbuchsiten-1.jpg\",\"contentUrl\":\"https:\\\/\\\/balteschwiler.ch\\\/wp-content\\\/uploads\\\/2023\\\/08\\\/referenzen-innenausbau-taefer-niederbuchsiten-1.jpg\"},{\"@type\":\"BreadcrumbList\",\"@id\":\"https:\\\/\\\/balteschwiler.ch\\\/fr\\\/references\\\/tafer-nordische-fichte-glattkantbretter\\\/#breadcrumb\",\"itemListElement\":[{\"@type\":\"ListItem\",\"position\":1,\"name\":\"R\u00e9f\u00e9rences\",\"item\":\"https:\\\/\\\/balteschwiler.ch\\\/fr\\\/references\\\/\"},{\"@type\":\"ListItem\",\"position\":2,\"name\":\"Lambris en \u00e9pic\u00e9a nordique, planches \u00e0 bords lisses\"}]},{\"@type\":\"WebSite\",\"@id\":\"https:\\\/\\\/balteschwiler.ch\\\/#website\",\"url\":\"https:\\\/\\\/balteschwiler.ch\\\/\",\"name\":\"Balteschwiler AG\",\"description\":\"\",\"publisher\":{\"@id\":\"https:\\\/\\\/balteschwiler.ch\\\/#organization\"},\"potentialAction\":[{\"@type\":\"SearchAction\",\"target\":{\"@type\":\"EntryPoint\",\"urlTemplate\":\"https:\\\/\\\/balteschwiler.ch\\\/?s={search_term_string}\"},\"query-input\":{\"@type\":\"PropertyValueSpecification\",\"valueRequired\":true,\"valueName\":\"search_term_string\"}}],\"inLanguage\":\"fr-FR\"},{\"@type\":\"Organization\",\"@id\":\"https:\\\/\\\/balteschwiler.ch\\\/#organization\",\"name\":\"Balteschwiler AG\",\"url\":\"https:\\\/\\\/balteschwiler.ch\\\/\",\"logo\":{\"@type\":\"ImageObject\",\"inLanguage\":\"fr-FR\",\"@id\":\"https:\\\/\\\/balteschwiler.ch\\\/#\\\/schema\\\/logo\\\/image\\\/\",\"url\":\"https:\\\/\\\/balteschwiler.ch\\\/wp-content\\\/uploads\\\/2022\\\/09\\\/rz_BAL_Logo_d_rgb.png\",\"contentUrl\":\"https:\\\/\\\/balteschwiler.ch\\\/wp-content\\\/uploads\\\/2022\\\/09\\\/rz_BAL_Logo_d_rgb.png\",\"width\":1182,\"height\":224,\"caption\":\"Balteschwiler AG\"},\"image\":{\"@id\":\"https:\\\/\\\/balteschwiler.ch\\\/#\\\/schema\\\/logo\\\/image\\\/\"},\"sameAs\":[\"https:\\\/\\\/www.facebook.com\\\/balteschwiler\"]}]}<\/script>\n<!-- \/ Yoast SEO plugin. -->","yoast_head_json":{"title":"Lambris en \u00e9pic\u00e9a nordique, planches \u00e0 bords lisses - Balteschwiler AG","robots":{"index":"index","follow":"follow","max-snippet":"max-snippet:-1","max-image-preview":"max-image-preview:large","max-video-preview":"max-video-preview:-1"},"canonical":"https:\/\/balteschwiler.ch\/fr\/references\/tafer-nordische-fichte-glattkantbretter\/","og_locale":"fr_FR","og_type":"article","og_title":"Lambris en \u00e9pic\u00e9a nordique, planches \u00e0 bords lisses - Balteschwiler AG","og_description":"\u00c9cole de Niederbuchsiten Le b\u00e2timent scolaire de Niederbuchsiten, dans lecanton de Soleure, avait pris de l\u02bc\u00e2ge et \u00e9tait devenutrop petit. L\u02bcassembl\u00e9e communale a accord\u00e9 5,5 millions de francs en 2019 ... Mehr","og_url":"https:\/\/balteschwiler.ch\/fr\/references\/tafer-nordische-fichte-glattkantbretter\/","og_site_name":"Balteschwiler AG","article_publisher":"https:\/\/www.facebook.com\/balteschwiler","article_modified_time":"2025-05-06T11:57:10+00:00","og_image":[{"width":1000,"height":667,"url":"https:\/\/balteschwiler.ch\/wp-content\/uploads\/2023\/08\/referenzen-innenausbau-taefer-niederbuchsiten-1.jpg","type":"image\/jpeg"}],"twitter_card":"summary_large_image","twitter_misc":{"Dur\u00e9e de lecture estim\u00e9e":"3 minutes"},"schema":{"@context":"https:\/\/schema.org","@graph":[{"@type":"WebPage","@id":"https:\/\/balteschwiler.ch\/fr\/references\/tafer-nordische-fichte-glattkantbretter\/","url":"https:\/\/balteschwiler.ch\/fr\/references\/tafer-nordische-fichte-glattkantbretter\/","name":"Lambris en \u00e9pic\u00e9a nordique, planches \u00e0 bords lisses - Balteschwiler AG","isPartOf":{"@id":"https:\/\/balteschwiler.ch\/#website"},"primaryImageOfPage":{"@id":"https:\/\/balteschwiler.ch\/fr\/references\/tafer-nordische-fichte-glattkantbretter\/#primaryimage"},"image":{"@id":"https:\/\/balteschwiler.ch\/fr\/references\/tafer-nordische-fichte-glattkantbretter\/#primaryimage"},"thumbnailUrl":"https:\/\/balteschwiler.ch\/wp-content\/uploads\/2023\/08\/referenzen-innenausbau-taefer-niederbuchsiten-1.jpg","datePublished":"2023-03-30T07:15:30+00:00","dateModified":"2025-05-06T11:57:10+00:00","breadcrumb":{"@id":"https:\/\/balteschwiler.ch\/fr\/references\/tafer-nordische-fichte-glattkantbretter\/#breadcrumb"},"inLanguage":"fr-FR","potentialAction":[{"@type":"ReadAction","target":["https:\/\/balteschwiler.ch\/fr\/references\/tafer-nordische-fichte-glattkantbretter\/"]}]},{"@type":"ImageObject","inLanguage":"fr-FR","@id":"https:\/\/balteschwiler.ch\/fr\/references\/tafer-nordische-fichte-glattkantbretter\/#primaryimage","url":"https:\/\/balteschwiler.ch\/wp-content\/uploads\/2023\/08\/referenzen-innenausbau-taefer-niederbuchsiten-1.jpg","contentUrl":"https:\/\/balteschwiler.ch\/wp-content\/uploads\/2023\/08\/referenzen-innenausbau-taefer-niederbuchsiten-1.jpg"},{"@type":"BreadcrumbList","@id":"https:\/\/balteschwiler.ch\/fr\/references\/tafer-nordische-fichte-glattkantbretter\/#breadcrumb","itemListElement":[{"@type":"ListItem","position":1,"name":"R\u00e9f\u00e9rences","item":"https:\/\/balteschwiler.ch\/fr\/references\/"},{"@type":"ListItem","position":2,"name":"Lambris en \u00e9pic\u00e9a nordique, planches \u00e0 bords lisses"}]},{"@type":"WebSite","@id":"https:\/\/balteschwiler.ch\/#website","url":"https:\/\/balteschwiler.ch\/","name":"Balteschwiler AG","description":"","publisher":{"@id":"https:\/\/balteschwiler.ch\/#organization"},"potentialAction":[{"@type":"SearchAction","target":{"@type":"EntryPoint","urlTemplate":"https:\/\/balteschwiler.ch\/?s={search_term_string}"},"query-input":{"@type":"PropertyValueSpecification","valueRequired":true,"valueName":"search_term_string"}}],"inLanguage":"fr-FR"},{"@type":"Organization","@id":"https:\/\/balteschwiler.ch\/#organization","name":"Balteschwiler AG","url":"https:\/\/balteschwiler.ch\/","logo":{"@type":"ImageObject","inLanguage":"fr-FR","@id":"https:\/\/balteschwiler.ch\/#\/schema\/logo\/image\/","url":"https:\/\/balteschwiler.ch\/wp-content\/uploads\/2022\/09\/rz_BAL_Logo_d_rgb.png","contentUrl":"https:\/\/balteschwiler.ch\/wp-content\/uploads\/2022\/09\/rz_BAL_Logo_d_rgb.png","width":1182,"height":224,"caption":"Balteschwiler AG"},"image":{"@id":"https:\/\/balteschwiler.ch\/#\/schema\/logo\/image\/"},"sameAs":["https:\/\/www.facebook.com\/balteschwiler"]}]}},"uagb_featured_image_src":{"full":false,"thumbnail":false,"medium":false,"medium_large":false,"large":false,"1536x1536":false,"2048x2048":false,"gform-image-choice-sm":false,"gform-image-choice-md":false,"gform-image-choice-lg":false},"uagb_author_info":{"display_name":"Balteschwiler Marketing","author_link":"https:\/\/balteschwiler.ch\/fr\/author\/infobalteschwiler-ch\/"},"uagb_comment_info":0,"uagb_excerpt":"\u00c9cole de Niederbuchsiten Le b\u00e2timent scolaire de Niederbuchsiten, dans lecanton de Soleure, avait pris de l\u02bc\u00e2ge et \u00e9tait devenutrop petit. L\u02bcassembl\u00e9e communale a accord\u00e9 5,5 millions de francs en 2019 ... Mehr","_links":{"self":[{"href":"https:\/\/balteschwiler.ch\/fr\/wp-json\/wp\/v2\/pages\/8913","targetHints":{"allow":["GET"]}}],"collection":[{"href":"https:\/\/balteschwiler.ch\/fr\/wp-json\/wp\/v2\/pages"}],"about":[{"href":"https:\/\/balteschwiler.ch\/fr\/wp-json\/wp\/v2\/types\/page"}],"author":[{"embeddable":true,"href":"https:\/\/balteschwiler.ch\/fr\/wp-json\/wp\/v2\/users\/2"}],"replies":[{"embeddable":true,"href":"https:\/\/balteschwiler.ch\/fr\/wp-json\/wp\/v2\/comments?post=8913"}],"version-history":[{"count":4,"href":"https:\/\/balteschwiler.ch\/fr\/wp-json\/wp\/v2\/pages\/8913\/revisions"}],"predecessor-version":[{"id":12092,"href":"https:\/\/balteschwiler.ch\/fr\/wp-json\/wp\/v2\/pages\/8913\/revisions\/12092"}],"up":[{"embeddable":true,"href":"https:\/\/balteschwiler.ch\/fr\/wp-json\/wp\/v2\/pages\/8941"}],"wp:attachment":[{"href":"https:\/\/balteschwiler.ch\/fr\/wp-json\/wp\/v2\/media?parent=8913"}],"curies":[{"name":"wp","href":"https:\/\/api.w.org\/{rel}","templated":true}]}}