{"id":8923,"date":"2023-04-09T09:59:16","date_gmt":"2023-04-09T07:59:16","guid":{"rendered":"https:\/\/balteschwiler.ch\/kebony-grunen\/"},"modified":"2025-05-06T13:54:37","modified_gmt":"2025-05-06T11:54:37","slug":"kebony-grunen","status":"publish","type":"page","link":"https:\/\/balteschwiler.ch\/fr\/references\/kebony-grunen\/","title":{"rendered":"Kebony Gr\u00fcnen"},"content":{"rendered":"<div class=\"gb-container gb-container-6ec57639 loadondesktop\"><div class=\"gb-inside-container\">\n<div class=\"gb-grid-wrapper gb-grid-wrapper-d212ffc2\">\n<div class=\"gb-grid-column gb-grid-column-6290146c\"><div class=\"gb-container gb-container-6290146c\"><div class=\"gb-inside-container\">\n\n<p class=\"gb-headline gb-headline-a9091560 gb-headline-text\"><strong>Syst\u00e8mes de terrasses<\/strong><\/p>\n\n\n\n<h1 class=\"gb-headline gb-headline-ae3932be gb-headline-text\">Terrasse en Kebony Character<\/h1>\n\n<\/div><\/div><\/div>\n<\/div>\n<\/div><\/div>\n\n<div class=\"gb-container gb-container-0f7de636\"><div class=\"gb-inside-container\">\n\n<div class=\"wp-block-uagb-slider uagb-block-aae27797 uagb-slider-container\"><div class=\"uagb-slides uagb-swiper\"><div class=\"swiper-wrapper\">\n<div class=\"wp-block-uagb-slider-child uagb-slider-child-wrap swiper-slide uagb-block-69073915\"><div class=\"swiper-content\">\n<figure class=\"wp-block-image size-full\"><img loading=\"lazy\" decoding=\"async\" width=\"1000\" height=\"667\" src=\"https:\/\/balteschwiler.ch\/wp-content\/uploads\/2023\/03\/Kebony_Gruenen.jpg\" alt=\"\" class=\"wp-image-4521\" srcset=\"https:\/\/balteschwiler.ch\/wp-content\/uploads\/2023\/03\/Kebony_Gruenen.jpg 1000w, https:\/\/balteschwiler.ch\/wp-content\/uploads\/2023\/03\/Kebony_Gruenen-300x200.jpg 300w, https:\/\/balteschwiler.ch\/wp-content\/uploads\/2023\/03\/Kebony_Gruenen-768x512.jpg 768w\" sizes=\"auto, (max-width: 1000px) 100vw, 1000px\" \/><\/figure>\n<\/div><\/div>\n\n\n\n<div class=\"wp-block-uagb-slider-child uagb-slider-child-wrap swiper-slide uagb-block-b9e96476\"><div class=\"swiper-content\">\n<figure class=\"wp-block-image size-full\"><img loading=\"lazy\" decoding=\"async\" width=\"1000\" height=\"667\" src=\"https:\/\/balteschwiler.ch\/wp-content\/uploads\/2023\/09\/terrasse-gruenen-6.jpg\" alt=\"\" class=\"wp-image-7698\" srcset=\"https:\/\/balteschwiler.ch\/wp-content\/uploads\/2023\/09\/terrasse-gruenen-6.jpg 1000w, https:\/\/balteschwiler.ch\/wp-content\/uploads\/2023\/09\/terrasse-gruenen-6-300x200.jpg 300w, https:\/\/balteschwiler.ch\/wp-content\/uploads\/2023\/09\/terrasse-gruenen-6-768x512.jpg 768w\" sizes=\"auto, (max-width: 1000px) 100vw, 1000px\" \/><\/figure>\n<\/div><\/div>\n\n\n\n<div class=\"wp-block-uagb-slider-child uagb-slider-child-wrap swiper-slide uagb-block-c9b94d0e\"><div class=\"swiper-content\">\n<figure class=\"wp-block-image size-full\"><img loading=\"lazy\" decoding=\"async\" width=\"1000\" height=\"667\" src=\"https:\/\/balteschwiler.ch\/wp-content\/uploads\/2023\/09\/terrasse-gruenen-4.jpg\" alt=\"\" class=\"wp-image-7694\" srcset=\"https:\/\/balteschwiler.ch\/wp-content\/uploads\/2023\/09\/terrasse-gruenen-4.jpg 1000w, https:\/\/balteschwiler.ch\/wp-content\/uploads\/2023\/09\/terrasse-gruenen-4-300x200.jpg 300w, https:\/\/balteschwiler.ch\/wp-content\/uploads\/2023\/09\/terrasse-gruenen-4-768x512.jpg 768w\" sizes=\"auto, (max-width: 1000px) 100vw, 1000px\" \/><\/figure>\n<\/div><\/div>\n\n\n\n<div class=\"wp-block-uagb-slider-child uagb-slider-child-wrap swiper-slide uagb-block-6767d3c9\"><div class=\"swiper-content\">\n<figure class=\"wp-block-image size-full\"><img loading=\"lazy\" decoding=\"async\" width=\"1000\" height=\"667\" src=\"https:\/\/balteschwiler.ch\/wp-content\/uploads\/2023\/09\/terrasse-gruenen-3.jpg\" alt=\"\" class=\"wp-image-7692\" srcset=\"https:\/\/balteschwiler.ch\/wp-content\/uploads\/2023\/09\/terrasse-gruenen-3.jpg 1000w, https:\/\/balteschwiler.ch\/wp-content\/uploads\/2023\/09\/terrasse-gruenen-3-300x200.jpg 300w, https:\/\/balteschwiler.ch\/wp-content\/uploads\/2023\/09\/terrasse-gruenen-3-768x512.jpg 768w\" sizes=\"auto, (max-width: 1000px) 100vw, 1000px\" \/><\/figure>\n<\/div><\/div>\n\n\n\n<div class=\"wp-block-uagb-slider-child uagb-slider-child-wrap swiper-slide uagb-block-13a1b524\"><div class=\"swiper-content\">\n<figure class=\"wp-block-image size-full\"><img loading=\"lazy\" decoding=\"async\" width=\"1000\" height=\"667\" src=\"https:\/\/balteschwiler.ch\/wp-content\/uploads\/2023\/09\/terrasse-gruenen-5.jpg\" alt=\"\" class=\"wp-image-7696\" srcset=\"https:\/\/balteschwiler.ch\/wp-content\/uploads\/2023\/09\/terrasse-gruenen-5.jpg 1000w, https:\/\/balteschwiler.ch\/wp-content\/uploads\/2023\/09\/terrasse-gruenen-5-300x200.jpg 300w, https:\/\/balteschwiler.ch\/wp-content\/uploads\/2023\/09\/terrasse-gruenen-5-768x512.jpg 768w\" sizes=\"auto, (max-width: 1000px) 100vw, 1000px\" \/><\/figure>\n<\/div><\/div>\n<\/div><\/div><div class=\"swiper-button-prev\"><\/div><div class=\"swiper-button-next\"><\/div><\/div>\n\n\n\n<div style=\"height:50px\" aria-hidden=\"true\" class=\"wp-block-spacer\"><\/div>\n\n\n\n<div class=\"wp-block-columns is-layout-flex wp-container-core-columns-is-layout-9d6595d7 wp-block-columns-is-layout-flex\">\n<div class=\"wp-block-column is-layout-flow wp-block-column-is-layout-flow\" style=\"flex-basis:66.66%\">\n<hr class=\"wp-block-separator has-text-color has-contrast-color has-alpha-channel-opacity has-contrast-background-color has-background\"\/>\n\n\n\n<h2 class=\"wp-block-heading\">Werk14, Gr\u00fcnen<\/h2>\n\n\n\n<p>Le site de werk14 AG \u00e0 Gr\u00fcnen a \u00e9t\u00e9 enti\u00e8rement r\u00e9nov\u00e9en plusieurs \u00e9tapes en 2018\/2019. Les 500 m2 debureaux et les 5000 m2 de surface de production ontensuite brill\u00e9 d\u02bcun nouvel \u00e9clat. La terrasse, qui offreaux collaborateurs un formidable espace de d\u00e9tenteles jours de beau temps, a \u00e9galement \u00e9t\u00e9 un \u00e9l\u00e9mentcentral de la r\u00e9novation.<br><br>Le ma\u00eetre d\u02bcouvrage a opt\u00e9 pour une terrasse enKebony Character. Le Kebony est un bois naturelqui poss\u00e8de des propri\u00e9t\u00e9s \u00e9tonnantes gr\u00e2ce \u00e0 sontraitement avec un liquide biologique selon la technologiebrevet\u00e9e Kebony. Le bois durable et tendre esttransform\u00e9 en bois haute performance, une v\u00e9ritablealternative aux bois durs tropicaux. Il r\u00e9siste \u00e0 lapourriture et aux champignons ainsi qu\u02bcaux autresmicro-organismes qui d\u00e9truisent le bois, pr\u00e9sente uneexcellente stabilit\u00e9, une longue dur\u00e9e de vie et est tr\u00e8sfacile \u00e0 entretenir. Il est donc id\u00e9al pour toutes les applicationsen ext\u00e9rieur. L\u02bcaspect naturel et fin s\u00e9duit aud\u00e9but par sa couleur brun fonc\u00e9 et laisse place avec letemps, sous l\u02bceffet du soleil et de la pluie, \u00e0 une patinenaturelle gris argent\u00e9.<br><br>La terrasse de werk14 AG montre \u00e0 quel point Kebonyse d\u00e9veloppe de mani\u00e8re belle et naturelle au fildes ans. Les lames Kebony sont en excellent \u00e9tat etpr\u00e9sentent une superbe patine argent\u00e9e. Pour le plusgrand plaisir de werk14 AG.<\/p>\n\n\n\n<blockquote class=\"wp-block-quote is-layout-flow wp-block-quote-is-layout-flow\">\n<p><em>\u00abLes lames deterrasse Kebony nous ont convaincus, car elles sonttr\u00e8s durables et faciles \u00e0 entretenir et s<\/em><strong>\u02bc<\/strong><em>int\u00e8grent parailleurs parfaitement au langage architectural denotre b\u00e2timent d<\/em><strong>\u02bc<\/strong><em>entreprise. Notre terrasse a maintenantplus de trois ans et nos attentes ont \u00e9t\u00e9 absolumentsatisfaites jusqu<\/em><strong>\u02bc<\/strong><em>\u00e0 pr\u00e9sent, tout particuli\u00e8rementen ce qui concerne la stabilit\u00e9 de la forme sousles diff\u00e9rentes influences climatiques\u00bb.<\/em><\/p>\n<cite>Thomas Germann, directeur de werk14<\/cite><\/blockquote>\n\n\n<div class=\"gb-button-wrapper gb-button-wrapper-7c34dbc8\">\n\n<a class=\"gb-button gb-button-b8c1b8eb gb-button-text smooth-scroll button-border-none\" href=\"https:\/\/balteschwiler.ch\/wp-content\/uploads\/2023\/12\/19-referenzen-terrassen-kebony-character-gruenen-fr-low.pdf\" target=\"_blank\" rel=\"noopener noreferrer\">Fiche de r\u00e9f\u00e9rence<\/a>\n\n<\/div><\/div>\n\n\n\n<div class=\"wp-block-column spalte-custom-space-left is-layout-flow wp-block-column-is-layout-flow\" style=\"flex-basis:33.33%\">\n<hr class=\"wp-block-separator has-text-color has-contrast-color has-alpha-channel-opacity has-contrast-background-color has-background\"\/>\n\n\n\n<p><strong>Ann\u00e9e de construction <\/strong><br>2019 <\/p>\n\n\n\n<p><strong>Prise de photos<\/strong><br>2019, 2020 et 2022 <\/p>\n\n\n\n<p><strong>Type de b\u00e2timent \/ usage <\/strong>B\u00e2timent commercial <\/p>\n\n\n\n<p><strong>Ma\u00eetre d&rsquo;ouvrage <\/strong><br>werk 14 AG <\/p>\n\n\n\n<p><strong>Partenaire d&rsquo;ex\u00e9cution <\/strong><br>Iseli &amp; Trachsel AG <\/p>\n\n\n\n<p><strong>Produits Balteschwiler utilis\u00e9s <\/strong>Kebony Character, y compris sous-construction Kebonyet mat\u00e9riel de fixation pour montage invisible<\/p>\n<\/div>\n<\/div>\n\n<\/div><\/div>","protected":false},"excerpt":{"rendered":"<p>Werk14, Gr\u00fcnen Le site de werk14 AG \u00e0 Gr\u00fcnen a \u00e9t\u00e9 enti\u00e8rement r\u00e9nov\u00e9en plusieurs \u00e9tapes en 2018\/2019. Les 500 m2 debureaux et les 5000 m2 de surface de production ontensuite &#8230; <a title=\"Kebony Gr\u00fcnen\" class=\"read-more\" href=\"https:\/\/balteschwiler.ch\/fr\/references\/kebony-grunen\/\" aria-label=\"En savoir plus sur Kebony Gr\u00fcnen\">Mehr<\/a><\/p>\n","protected":false},"author":1,"featured_media":0,"parent":8941,"menu_order":0,"comment_status":"closed","ping_status":"closed","template":"","meta":{"_acf_changed":false,"inline_featured_image":false,"_uag_custom_page_level_css":"","footnotes":""},"class_list":["post-8923","page","type-page","status-publish"],"acf":[],"yoast_head":"<!-- This site is optimized with the Yoast SEO plugin v27.5 - https:\/\/yoast.com\/product\/yoast-seo-wordpress\/ -->\n<title>Kebony Gr\u00fcnen - Balteschwiler AG<\/title>\n<meta name=\"robots\" content=\"index, follow, max-snippet:-1, max-image-preview:large, max-video-preview:-1\" \/>\n<link rel=\"canonical\" href=\"https:\/\/balteschwiler.ch\/fr\/references\/kebony-grunen\/\" \/>\n<meta property=\"og:locale\" content=\"fr_FR\" \/>\n<meta property=\"og:type\" content=\"article\" \/>\n<meta property=\"og:title\" content=\"Kebony Gr\u00fcnen - Balteschwiler AG\" \/>\n<meta property=\"og:description\" content=\"Werk14, Gr\u00fcnen Le site de werk14 AG \u00e0 Gr\u00fcnen a \u00e9t\u00e9 enti\u00e8rement r\u00e9nov\u00e9en plusieurs \u00e9tapes en 2018\/2019. Les 500 m2 debureaux et les 5000 m2 de surface de production ontensuite ... Mehr\" \/>\n<meta property=\"og:url\" content=\"https:\/\/balteschwiler.ch\/fr\/references\/kebony-grunen\/\" \/>\n<meta property=\"og:site_name\" content=\"Balteschwiler AG\" \/>\n<meta property=\"article:publisher\" content=\"https:\/\/www.facebook.com\/balteschwiler\" \/>\n<meta property=\"article:modified_time\" content=\"2025-05-06T11:54:37+00:00\" \/>\n<meta property=\"og:image\" content=\"https:\/\/balteschwiler.ch\/wp-content\/uploads\/2023\/03\/Kebony_Gruenen.jpg\" \/>\n\t<meta property=\"og:image:width\" content=\"1000\" \/>\n\t<meta property=\"og:image:height\" content=\"667\" \/>\n\t<meta property=\"og:image:type\" content=\"image\/jpeg\" \/>\n<meta name=\"twitter:card\" content=\"summary_large_image\" \/>\n<meta name=\"twitter:label1\" content=\"Dur\u00e9e de lecture estim\u00e9e\" \/>\n\t<meta name=\"twitter:data1\" content=\"3 minutes\" \/>\n<script type=\"application\/ld+json\" class=\"yoast-schema-graph\">{\"@context\":\"https:\\\/\\\/schema.org\",\"@graph\":[{\"@type\":\"WebPage\",\"@id\":\"https:\\\/\\\/balteschwiler.ch\\\/fr\\\/references\\\/kebony-grunen\\\/\",\"url\":\"https:\\\/\\\/balteschwiler.ch\\\/fr\\\/references\\\/kebony-grunen\\\/\",\"name\":\"Kebony Gr\u00fcnen - Balteschwiler AG\",\"isPartOf\":{\"@id\":\"https:\\\/\\\/balteschwiler.ch\\\/#website\"},\"primaryImageOfPage\":{\"@id\":\"https:\\\/\\\/balteschwiler.ch\\\/fr\\\/references\\\/kebony-grunen\\\/#primaryimage\"},\"image\":{\"@id\":\"https:\\\/\\\/balteschwiler.ch\\\/fr\\\/references\\\/kebony-grunen\\\/#primaryimage\"},\"thumbnailUrl\":\"https:\\\/\\\/balteschwiler.ch\\\/wp-content\\\/uploads\\\/2023\\\/03\\\/Kebony_Gruenen.jpg\",\"datePublished\":\"2023-04-09T07:59:16+00:00\",\"dateModified\":\"2025-05-06T11:54:37+00:00\",\"breadcrumb\":{\"@id\":\"https:\\\/\\\/balteschwiler.ch\\\/fr\\\/references\\\/kebony-grunen\\\/#breadcrumb\"},\"inLanguage\":\"fr-FR\",\"potentialAction\":[{\"@type\":\"ReadAction\",\"target\":[\"https:\\\/\\\/balteschwiler.ch\\\/fr\\\/references\\\/kebony-grunen\\\/\"]}]},{\"@type\":\"ImageObject\",\"inLanguage\":\"fr-FR\",\"@id\":\"https:\\\/\\\/balteschwiler.ch\\\/fr\\\/references\\\/kebony-grunen\\\/#primaryimage\",\"url\":\"https:\\\/\\\/balteschwiler.ch\\\/wp-content\\\/uploads\\\/2023\\\/03\\\/Kebony_Gruenen.jpg\",\"contentUrl\":\"https:\\\/\\\/balteschwiler.ch\\\/wp-content\\\/uploads\\\/2023\\\/03\\\/Kebony_Gruenen.jpg\"},{\"@type\":\"BreadcrumbList\",\"@id\":\"https:\\\/\\\/balteschwiler.ch\\\/fr\\\/references\\\/kebony-grunen\\\/#breadcrumb\",\"itemListElement\":[{\"@type\":\"ListItem\",\"position\":1,\"name\":\"R\u00e9f\u00e9rences\",\"item\":\"https:\\\/\\\/balteschwiler.ch\\\/fr\\\/references\\\/\"},{\"@type\":\"ListItem\",\"position\":2,\"name\":\"Kebony Gr\u00fcnen\"}]},{\"@type\":\"WebSite\",\"@id\":\"https:\\\/\\\/balteschwiler.ch\\\/#website\",\"url\":\"https:\\\/\\\/balteschwiler.ch\\\/\",\"name\":\"Balteschwiler AG\",\"description\":\"\",\"publisher\":{\"@id\":\"https:\\\/\\\/balteschwiler.ch\\\/#organization\"},\"potentialAction\":[{\"@type\":\"SearchAction\",\"target\":{\"@type\":\"EntryPoint\",\"urlTemplate\":\"https:\\\/\\\/balteschwiler.ch\\\/?s={search_term_string}\"},\"query-input\":{\"@type\":\"PropertyValueSpecification\",\"valueRequired\":true,\"valueName\":\"search_term_string\"}}],\"inLanguage\":\"fr-FR\"},{\"@type\":\"Organization\",\"@id\":\"https:\\\/\\\/balteschwiler.ch\\\/#organization\",\"name\":\"Balteschwiler AG\",\"url\":\"https:\\\/\\\/balteschwiler.ch\\\/\",\"logo\":{\"@type\":\"ImageObject\",\"inLanguage\":\"fr-FR\",\"@id\":\"https:\\\/\\\/balteschwiler.ch\\\/#\\\/schema\\\/logo\\\/image\\\/\",\"url\":\"https:\\\/\\\/balteschwiler.ch\\\/wp-content\\\/uploads\\\/2022\\\/09\\\/rz_BAL_Logo_d_rgb.png\",\"contentUrl\":\"https:\\\/\\\/balteschwiler.ch\\\/wp-content\\\/uploads\\\/2022\\\/09\\\/rz_BAL_Logo_d_rgb.png\",\"width\":1182,\"height\":224,\"caption\":\"Balteschwiler AG\"},\"image\":{\"@id\":\"https:\\\/\\\/balteschwiler.ch\\\/#\\\/schema\\\/logo\\\/image\\\/\"},\"sameAs\":[\"https:\\\/\\\/www.facebook.com\\\/balteschwiler\"]}]}<\/script>\n<!-- \/ Yoast SEO plugin. -->","yoast_head_json":{"title":"Kebony Gr\u00fcnen - Balteschwiler AG","robots":{"index":"index","follow":"follow","max-snippet":"max-snippet:-1","max-image-preview":"max-image-preview:large","max-video-preview":"max-video-preview:-1"},"canonical":"https:\/\/balteschwiler.ch\/fr\/references\/kebony-grunen\/","og_locale":"fr_FR","og_type":"article","og_title":"Kebony Gr\u00fcnen - Balteschwiler AG","og_description":"Werk14, Gr\u00fcnen Le site de werk14 AG \u00e0 Gr\u00fcnen a \u00e9t\u00e9 enti\u00e8rement r\u00e9nov\u00e9en plusieurs \u00e9tapes en 2018\/2019. Les 500 m2 debureaux et les 5000 m2 de surface de production ontensuite ... Mehr","og_url":"https:\/\/balteschwiler.ch\/fr\/references\/kebony-grunen\/","og_site_name":"Balteschwiler AG","article_publisher":"https:\/\/www.facebook.com\/balteschwiler","article_modified_time":"2025-05-06T11:54:37+00:00","og_image":[{"width":1000,"height":667,"url":"https:\/\/balteschwiler.ch\/wp-content\/uploads\/2023\/03\/Kebony_Gruenen.jpg","type":"image\/jpeg"}],"twitter_card":"summary_large_image","twitter_misc":{"Dur\u00e9e de lecture estim\u00e9e":"3 minutes"},"schema":{"@context":"https:\/\/schema.org","@graph":[{"@type":"WebPage","@id":"https:\/\/balteschwiler.ch\/fr\/references\/kebony-grunen\/","url":"https:\/\/balteschwiler.ch\/fr\/references\/kebony-grunen\/","name":"Kebony Gr\u00fcnen - Balteschwiler AG","isPartOf":{"@id":"https:\/\/balteschwiler.ch\/#website"},"primaryImageOfPage":{"@id":"https:\/\/balteschwiler.ch\/fr\/references\/kebony-grunen\/#primaryimage"},"image":{"@id":"https:\/\/balteschwiler.ch\/fr\/references\/kebony-grunen\/#primaryimage"},"thumbnailUrl":"https:\/\/balteschwiler.ch\/wp-content\/uploads\/2023\/03\/Kebony_Gruenen.jpg","datePublished":"2023-04-09T07:59:16+00:00","dateModified":"2025-05-06T11:54:37+00:00","breadcrumb":{"@id":"https:\/\/balteschwiler.ch\/fr\/references\/kebony-grunen\/#breadcrumb"},"inLanguage":"fr-FR","potentialAction":[{"@type":"ReadAction","target":["https:\/\/balteschwiler.ch\/fr\/references\/kebony-grunen\/"]}]},{"@type":"ImageObject","inLanguage":"fr-FR","@id":"https:\/\/balteschwiler.ch\/fr\/references\/kebony-grunen\/#primaryimage","url":"https:\/\/balteschwiler.ch\/wp-content\/uploads\/2023\/03\/Kebony_Gruenen.jpg","contentUrl":"https:\/\/balteschwiler.ch\/wp-content\/uploads\/2023\/03\/Kebony_Gruenen.jpg"},{"@type":"BreadcrumbList","@id":"https:\/\/balteschwiler.ch\/fr\/references\/kebony-grunen\/#breadcrumb","itemListElement":[{"@type":"ListItem","position":1,"name":"R\u00e9f\u00e9rences","item":"https:\/\/balteschwiler.ch\/fr\/references\/"},{"@type":"ListItem","position":2,"name":"Kebony Gr\u00fcnen"}]},{"@type":"WebSite","@id":"https:\/\/balteschwiler.ch\/#website","url":"https:\/\/balteschwiler.ch\/","name":"Balteschwiler AG","description":"","publisher":{"@id":"https:\/\/balteschwiler.ch\/#organization"},"potentialAction":[{"@type":"SearchAction","target":{"@type":"EntryPoint","urlTemplate":"https:\/\/balteschwiler.ch\/?s={search_term_string}"},"query-input":{"@type":"PropertyValueSpecification","valueRequired":true,"valueName":"search_term_string"}}],"inLanguage":"fr-FR"},{"@type":"Organization","@id":"https:\/\/balteschwiler.ch\/#organization","name":"Balteschwiler AG","url":"https:\/\/balteschwiler.ch\/","logo":{"@type":"ImageObject","inLanguage":"fr-FR","@id":"https:\/\/balteschwiler.ch\/#\/schema\/logo\/image\/","url":"https:\/\/balteschwiler.ch\/wp-content\/uploads\/2022\/09\/rz_BAL_Logo_d_rgb.png","contentUrl":"https:\/\/balteschwiler.ch\/wp-content\/uploads\/2022\/09\/rz_BAL_Logo_d_rgb.png","width":1182,"height":224,"caption":"Balteschwiler AG"},"image":{"@id":"https:\/\/balteschwiler.ch\/#\/schema\/logo\/image\/"},"sameAs":["https:\/\/www.facebook.com\/balteschwiler"]}]}},"uagb_featured_image_src":{"full":false,"thumbnail":false,"medium":false,"medium_large":false,"large":false,"1536x1536":false,"2048x2048":false,"gform-image-choice-sm":false,"gform-image-choice-md":false,"gform-image-choice-lg":false},"uagb_author_info":{"display_name":"Michael Sutter","author_link":"https:\/\/balteschwiler.ch\/fr\/author\/m-hoernlimannmichaelh-ch\/"},"uagb_comment_info":0,"uagb_excerpt":"Werk14, Gr\u00fcnen Le site de werk14 AG \u00e0 Gr\u00fcnen a \u00e9t\u00e9 enti\u00e8rement r\u00e9nov\u00e9en plusieurs \u00e9tapes en 2018\/2019. Les 500 m2 debureaux et les 5000 m2 de surface de production ontensuite ... Mehr","_links":{"self":[{"href":"https:\/\/balteschwiler.ch\/fr\/wp-json\/wp\/v2\/pages\/8923","targetHints":{"allow":["GET"]}}],"collection":[{"href":"https:\/\/balteschwiler.ch\/fr\/wp-json\/wp\/v2\/pages"}],"about":[{"href":"https:\/\/balteschwiler.ch\/fr\/wp-json\/wp\/v2\/types\/page"}],"author":[{"embeddable":true,"href":"https:\/\/balteschwiler.ch\/fr\/wp-json\/wp\/v2\/users\/1"}],"replies":[{"embeddable":true,"href":"https:\/\/balteschwiler.ch\/fr\/wp-json\/wp\/v2\/comments?post=8923"}],"version-history":[{"count":4,"href":"https:\/\/balteschwiler.ch\/fr\/wp-json\/wp\/v2\/pages\/8923\/revisions"}],"predecessor-version":[{"id":12086,"href":"https:\/\/balteschwiler.ch\/fr\/wp-json\/wp\/v2\/pages\/8923\/revisions\/12086"}],"up":[{"embeddable":true,"href":"https:\/\/balteschwiler.ch\/fr\/wp-json\/wp\/v2\/pages\/8941"}],"wp:attachment":[{"href":"https:\/\/balteschwiler.ch\/fr\/wp-json\/wp\/v2\/media?parent=8923"}],"curies":[{"name":"wp","href":"https:\/\/api.w.org\/{rel}","templated":true}]}}