{"id":8927,"date":"2023-04-09T09:59:57","date_gmt":"2023-04-09T07:59:57","guid":{"rendered":"https:\/\/balteschwiler.ch\/kebony-ingenbohl\/"},"modified":"2025-05-06T13:55:07","modified_gmt":"2025-05-06T11:55:07","slug":"kebony-ingenbohl","status":"publish","type":"page","link":"https:\/\/balteschwiler.ch\/fr\/references\/kebony-ingenbohl\/","title":{"rendered":"Kebony Ingenbohl"},"content":{"rendered":"<div class=\"gb-container gb-container-6ec57639 loadondesktop\"><div class=\"gb-inside-container\">\n<div class=\"gb-grid-wrapper gb-grid-wrapper-d212ffc2\">\n<div class=\"gb-grid-column gb-grid-column-6290146c\"><div class=\"gb-container gb-container-6290146c\"><div class=\"gb-inside-container\">\n\n<p class=\"gb-headline gb-headline-a9091560 gb-headline-text\"><strong><strong>Syst\u00e8mes de terrasses<\/strong><\/strong><\/p>\n\n\n\n<h1 class=\"gb-headline gb-headline-ae3932be gb-headline-text\">Kebony Clear: Aires de repos, bancs et pontons<\/h1>\n\n<\/div><\/div><\/div>\n<\/div>\n<\/div><\/div>\n\n<div class=\"gb-container gb-container-0f7de636\"><div class=\"gb-inside-container\">\n\n<div class=\"wp-block-uagb-slider uagb-block-fcd85a6a uagb-slider-container\"><div class=\"uagb-slides uagb-swiper\"><div class=\"swiper-wrapper\">\n<div class=\"wp-block-uagb-slider-child uagb-slider-child-wrap swiper-slide uagb-block-6bb11d49\"><div class=\"swiper-content\">\n<figure class=\"wp-block-image size-full\"><img loading=\"lazy\" decoding=\"async\" width=\"1000\" height=\"667\" src=\"https:\/\/balteschwiler.ch\/wp-content\/uploads\/2023\/05\/Kebony_Clear_Strandbad.jpg\" alt=\"\" class=\"wp-image-6332\" srcset=\"https:\/\/balteschwiler.ch\/wp-content\/uploads\/2023\/05\/Kebony_Clear_Strandbad.jpg 1000w, https:\/\/balteschwiler.ch\/wp-content\/uploads\/2023\/05\/Kebony_Clear_Strandbad-300x200.jpg 300w, https:\/\/balteschwiler.ch\/wp-content\/uploads\/2023\/05\/Kebony_Clear_Strandbad-768x512.jpg 768w\" sizes=\"auto, (max-width: 1000px) 100vw, 1000px\" \/><\/figure>\n<\/div><\/div>\n\n\n\n<div class=\"wp-block-uagb-slider-child uagb-slider-child-wrap swiper-slide uagb-block-297ab518\"><div class=\"swiper-content\">\n<figure class=\"wp-block-image size-full\"><img loading=\"lazy\" decoding=\"async\" width=\"1000\" height=\"667\" src=\"https:\/\/balteschwiler.ch\/wp-content\/uploads\/2023\/11\/referenzen-terrassen-strandbad-ingebohl-1.jpg\" alt=\"\" class=\"wp-image-8650\" srcset=\"https:\/\/balteschwiler.ch\/wp-content\/uploads\/2023\/11\/referenzen-terrassen-strandbad-ingebohl-1.jpg 1000w, https:\/\/balteschwiler.ch\/wp-content\/uploads\/2023\/11\/referenzen-terrassen-strandbad-ingebohl-1-300x200.jpg 300w, https:\/\/balteschwiler.ch\/wp-content\/uploads\/2023\/11\/referenzen-terrassen-strandbad-ingebohl-1-768x512.jpg 768w, https:\/\/balteschwiler.ch\/wp-content\/uploads\/2023\/11\/referenzen-terrassen-strandbad-ingebohl-1-50x33.jpg 50w\" sizes=\"auto, (max-width: 1000px) 100vw, 1000px\" \/><\/figure>\n<\/div><\/div>\n\n\n\n<div class=\"wp-block-uagb-slider-child uagb-slider-child-wrap swiper-slide uagb-block-2128fd97\"><div class=\"swiper-content\">\n<figure class=\"wp-block-image size-full\"><img loading=\"lazy\" decoding=\"async\" width=\"1000\" height=\"667\" src=\"https:\/\/balteschwiler.ch\/wp-content\/uploads\/2023\/11\/referenzen-terrassen-strandbad-ingebohl-2.jpg\" alt=\"\" class=\"wp-image-8652\" srcset=\"https:\/\/balteschwiler.ch\/wp-content\/uploads\/2023\/11\/referenzen-terrassen-strandbad-ingebohl-2.jpg 1000w, https:\/\/balteschwiler.ch\/wp-content\/uploads\/2023\/11\/referenzen-terrassen-strandbad-ingebohl-2-300x200.jpg 300w, https:\/\/balteschwiler.ch\/wp-content\/uploads\/2023\/11\/referenzen-terrassen-strandbad-ingebohl-2-768x512.jpg 768w, https:\/\/balteschwiler.ch\/wp-content\/uploads\/2023\/11\/referenzen-terrassen-strandbad-ingebohl-2-50x33.jpg 50w\" sizes=\"auto, (max-width: 1000px) 100vw, 1000px\" \/><\/figure>\n<\/div><\/div>\n\n\n\n<div class=\"wp-block-uagb-slider-child uagb-slider-child-wrap swiper-slide uagb-block-d680947f\"><div class=\"swiper-content\">\n<figure class=\"wp-block-image size-full\"><img loading=\"lazy\" decoding=\"async\" width=\"1000\" height=\"667\" src=\"https:\/\/balteschwiler.ch\/wp-content\/uploads\/2023\/11\/referenzen-terrassen-strandbad-ingebohl-3.jpg\" alt=\"\" class=\"wp-image-8654\" srcset=\"https:\/\/balteschwiler.ch\/wp-content\/uploads\/2023\/11\/referenzen-terrassen-strandbad-ingebohl-3.jpg 1000w, https:\/\/balteschwiler.ch\/wp-content\/uploads\/2023\/11\/referenzen-terrassen-strandbad-ingebohl-3-300x200.jpg 300w, https:\/\/balteschwiler.ch\/wp-content\/uploads\/2023\/11\/referenzen-terrassen-strandbad-ingebohl-3-768x512.jpg 768w, https:\/\/balteschwiler.ch\/wp-content\/uploads\/2023\/11\/referenzen-terrassen-strandbad-ingebohl-3-50x33.jpg 50w\" sizes=\"auto, (max-width: 1000px) 100vw, 1000px\" \/><\/figure>\n<\/div><\/div>\n\n\n\n<div class=\"wp-block-uagb-slider-child uagb-slider-child-wrap swiper-slide uagb-block-2977e9fc\"><div class=\"swiper-content\">\n<figure class=\"wp-block-image size-full\"><img loading=\"lazy\" decoding=\"async\" width=\"1000\" height=\"668\" src=\"https:\/\/balteschwiler.ch\/wp-content\/uploads\/2023\/11\/referenzen-terrassen-strandbad-ingebohl-4.jpg\" alt=\"\" class=\"wp-image-8656\" srcset=\"https:\/\/balteschwiler.ch\/wp-content\/uploads\/2023\/11\/referenzen-terrassen-strandbad-ingebohl-4.jpg 1000w, https:\/\/balteschwiler.ch\/wp-content\/uploads\/2023\/11\/referenzen-terrassen-strandbad-ingebohl-4-300x200.jpg 300w, https:\/\/balteschwiler.ch\/wp-content\/uploads\/2023\/11\/referenzen-terrassen-strandbad-ingebohl-4-768x513.jpg 768w, https:\/\/balteschwiler.ch\/wp-content\/uploads\/2023\/11\/referenzen-terrassen-strandbad-ingebohl-4-50x33.jpg 50w\" sizes=\"auto, (max-width: 1000px) 100vw, 1000px\" \/><\/figure>\n<\/div><\/div>\n\n\n\n<div class=\"wp-block-uagb-slider-child uagb-slider-child-wrap swiper-slide uagb-block-e2fa5dfe\"><div class=\"swiper-content\">\n<figure class=\"wp-block-image size-full\"><img loading=\"lazy\" decoding=\"async\" width=\"1000\" height=\"667\" src=\"https:\/\/balteschwiler.ch\/wp-content\/uploads\/2023\/11\/referenzen-terrassen-strandbad-ingebohl-5.jpg\" alt=\"\" class=\"wp-image-8658\" srcset=\"https:\/\/balteschwiler.ch\/wp-content\/uploads\/2023\/11\/referenzen-terrassen-strandbad-ingebohl-5.jpg 1000w, https:\/\/balteschwiler.ch\/wp-content\/uploads\/2023\/11\/referenzen-terrassen-strandbad-ingebohl-5-300x200.jpg 300w, https:\/\/balteschwiler.ch\/wp-content\/uploads\/2023\/11\/referenzen-terrassen-strandbad-ingebohl-5-768x512.jpg 768w, https:\/\/balteschwiler.ch\/wp-content\/uploads\/2023\/11\/referenzen-terrassen-strandbad-ingebohl-5-50x33.jpg 50w\" sizes=\"auto, (max-width: 1000px) 100vw, 1000px\" \/><\/figure>\n<\/div><\/div>\n<\/div><\/div><div class=\"swiper-button-prev\"><\/div><div class=\"swiper-button-next\"><\/div><\/div>\n\n\n\n<div style=\"height:50px\" aria-hidden=\"true\" class=\"wp-block-spacer\"><\/div>\n\n\n\n<div class=\"wp-block-columns is-layout-flex wp-container-core-columns-is-layout-9d6595d7 wp-block-columns-is-layout-flex\">\n<div class=\"wp-block-column is-layout-flow wp-block-column-is-layout-flow\" style=\"flex-basis:66.66%\">\n<hr class=\"wp-block-separator has-text-color has-contrast-color has-alpha-channel-opacity has-contrast-background-color has-background\"\/>\n\n\n\n<h2 class=\"wp-block-heading\">Plage Hopfr\u00e4ben \u00e0 Ingenbohl, SZ<\/h2>\n\n\n\n<p>La magnifique plage de Hopfr\u00e4ben se trouve dans lecanton de Schwyz, directement au bord du lac desQuatre-Cantons. En 2021, la plage a \u00e9t\u00e9 r\u00e9nov\u00e9e. Leprojet a \u00e9t\u00e9 attribu\u00e9 \u00e0 l\u2018entreprise Steiner Architektur GmbH et les travaux de bois ont \u00e9t\u00e9 r\u00e9alis\u00e9s par Dettling Holzbau AG.<br>Pour la r\u00e9alisation des aires de repos, des bancs et despontons, le ma\u00eetre d\u2018ouvrage a fait confiance \u00e0 Kebony Clear. Kebony est un bois v\u00e9ritable de haute qualit\u00e9qui, gr\u00e2ce au traitement avec un liquide biologique, estparticuli\u00e8rement durable et r\u00e9sistant aux intemp\u00e9ries. Kebony est donc id\u00e9al pour les terrasses, les promenades,les passerelles et les meubles d\u2018ext\u00e9rieur.<\/p>\n\n\n<div class=\"gb-button-wrapper gb-button-wrapper-7c34dbc8\">\n\n<a class=\"gb-button gb-button-b8c1b8eb gb-button-text smooth-scroll button-border-none\" href=\"https:\/\/balteschwiler.ch\/wp-content\/uploads\/2023\/12\/21-referenzen-terrassen-kebony-clear-strandbad-fr-low.pdf\" target=\"_blank\" rel=\"noopener noreferrer\">Fiche de r\u00e9f\u00e9rence<\/a>\n\n<\/div><\/div>\n\n\n\n<div class=\"wp-block-column spalte-custom-space-left is-layout-flow wp-block-column-is-layout-flow\" style=\"flex-basis:33.33%\">\n<hr class=\"wp-block-separator has-text-color has-contrast-color has-alpha-channel-opacity has-contrast-background-color has-background\"\/>\n\n\n\n<p><strong>Ann\u00e9e de construction<\/strong><br><strong> <\/strong>2021<\/p>\n\n\n\n<p><strong>Type de b\u00e2timent \/ usage<\/strong><br>R\u00e9novation de la plage<\/p>\n\n\n\n<p><strong>Ma\u00eetre d\u2018ouvrage<\/strong><br>Commune d\u2018Ingenbohl<\/p>\n\n\n\n<p><strong>Architecture<\/strong><br><strong> <\/strong>Steiner Architektur GmbH, Brunnen<\/p>\n\n\n\n<p><strong>Partenaire d\u2018ex\u00e9cution<\/strong><br>Dettling Holzbau AG,Brunnen<\/p>\n\n\n\n<p><strong>Produits et services Balteschwiler utilis\u00e9s<\/strong><br>Kebony Clear<\/p>\n<\/div>\n<\/div>\n\n<\/div><\/div>","protected":false},"excerpt":{"rendered":"<p>Plage Hopfr\u00e4ben \u00e0 Ingenbohl, SZ La magnifique plage de Hopfr\u00e4ben se trouve dans lecanton de Schwyz, directement au bord du lac desQuatre-Cantons. En 2021, la plage a \u00e9t\u00e9 r\u00e9nov\u00e9e. Leprojet &#8230; <a title=\"Kebony Ingenbohl\" class=\"read-more\" href=\"https:\/\/balteschwiler.ch\/fr\/references\/kebony-ingenbohl\/\" aria-label=\"En savoir plus sur Kebony Ingenbohl\">Mehr<\/a><\/p>\n","protected":false},"author":1,"featured_media":0,"parent":8941,"menu_order":0,"comment_status":"closed","ping_status":"closed","template":"","meta":{"_acf_changed":false,"inline_featured_image":false,"_uag_custom_page_level_css":"","footnotes":""},"class_list":["post-8927","page","type-page","status-publish"],"acf":[],"yoast_head":"<!-- This site is optimized with the Yoast SEO plugin v27.4 - https:\/\/yoast.com\/product\/yoast-seo-wordpress\/ -->\n<title>Kebony Ingenbohl - Balteschwiler AG<\/title>\n<meta name=\"robots\" content=\"index, follow, max-snippet:-1, max-image-preview:large, max-video-preview:-1\" \/>\n<link rel=\"canonical\" href=\"https:\/\/balteschwiler.ch\/fr\/references\/kebony-ingenbohl\/\" \/>\n<meta property=\"og:locale\" content=\"fr_FR\" \/>\n<meta property=\"og:type\" content=\"article\" \/>\n<meta property=\"og:title\" content=\"Kebony Ingenbohl - Balteschwiler AG\" \/>\n<meta property=\"og:description\" content=\"Plage Hopfr\u00e4ben \u00e0 Ingenbohl, SZ La magnifique plage de Hopfr\u00e4ben se trouve dans lecanton de Schwyz, directement au bord du lac desQuatre-Cantons. En 2021, la plage a \u00e9t\u00e9 r\u00e9nov\u00e9e. Leprojet ... Mehr\" \/>\n<meta property=\"og:url\" content=\"https:\/\/balteschwiler.ch\/fr\/references\/kebony-ingenbohl\/\" \/>\n<meta property=\"og:site_name\" content=\"Balteschwiler AG\" \/>\n<meta property=\"article:publisher\" content=\"https:\/\/www.facebook.com\/balteschwiler\" \/>\n<meta property=\"article:modified_time\" content=\"2025-05-06T11:55:07+00:00\" \/>\n<meta property=\"og:image\" content=\"https:\/\/balteschwiler.ch\/wp-content\/uploads\/2023\/05\/Kebony_Clear_Strandbad.jpg\" \/>\n\t<meta property=\"og:image:width\" content=\"1000\" \/>\n\t<meta property=\"og:image:height\" content=\"667\" \/>\n\t<meta property=\"og:image:type\" content=\"image\/jpeg\" \/>\n<meta name=\"twitter:card\" content=\"summary_large_image\" \/>\n<script type=\"application\/ld+json\" class=\"yoast-schema-graph\">{\"@context\":\"https:\\\/\\\/schema.org\",\"@graph\":[{\"@type\":\"WebPage\",\"@id\":\"https:\\\/\\\/balteschwiler.ch\\\/fr\\\/references\\\/kebony-ingenbohl\\\/\",\"url\":\"https:\\\/\\\/balteschwiler.ch\\\/fr\\\/references\\\/kebony-ingenbohl\\\/\",\"name\":\"Kebony Ingenbohl - Balteschwiler AG\",\"isPartOf\":{\"@id\":\"https:\\\/\\\/balteschwiler.ch\\\/#website\"},\"primaryImageOfPage\":{\"@id\":\"https:\\\/\\\/balteschwiler.ch\\\/fr\\\/references\\\/kebony-ingenbohl\\\/#primaryimage\"},\"image\":{\"@id\":\"https:\\\/\\\/balteschwiler.ch\\\/fr\\\/references\\\/kebony-ingenbohl\\\/#primaryimage\"},\"thumbnailUrl\":\"https:\\\/\\\/balteschwiler.ch\\\/wp-content\\\/uploads\\\/2023\\\/05\\\/Kebony_Clear_Strandbad.jpg\",\"datePublished\":\"2023-04-09T07:59:57+00:00\",\"dateModified\":\"2025-05-06T11:55:07+00:00\",\"breadcrumb\":{\"@id\":\"https:\\\/\\\/balteschwiler.ch\\\/fr\\\/references\\\/kebony-ingenbohl\\\/#breadcrumb\"},\"inLanguage\":\"fr-FR\",\"potentialAction\":[{\"@type\":\"ReadAction\",\"target\":[\"https:\\\/\\\/balteschwiler.ch\\\/fr\\\/references\\\/kebony-ingenbohl\\\/\"]}]},{\"@type\":\"ImageObject\",\"inLanguage\":\"fr-FR\",\"@id\":\"https:\\\/\\\/balteschwiler.ch\\\/fr\\\/references\\\/kebony-ingenbohl\\\/#primaryimage\",\"url\":\"https:\\\/\\\/balteschwiler.ch\\\/wp-content\\\/uploads\\\/2023\\\/05\\\/Kebony_Clear_Strandbad.jpg\",\"contentUrl\":\"https:\\\/\\\/balteschwiler.ch\\\/wp-content\\\/uploads\\\/2023\\\/05\\\/Kebony_Clear_Strandbad.jpg\"},{\"@type\":\"BreadcrumbList\",\"@id\":\"https:\\\/\\\/balteschwiler.ch\\\/fr\\\/references\\\/kebony-ingenbohl\\\/#breadcrumb\",\"itemListElement\":[{\"@type\":\"ListItem\",\"position\":1,\"name\":\"R\u00e9f\u00e9rences\",\"item\":\"https:\\\/\\\/balteschwiler.ch\\\/fr\\\/references\\\/\"},{\"@type\":\"ListItem\",\"position\":2,\"name\":\"Kebony Ingenbohl\"}]},{\"@type\":\"WebSite\",\"@id\":\"https:\\\/\\\/balteschwiler.ch\\\/#website\",\"url\":\"https:\\\/\\\/balteschwiler.ch\\\/\",\"name\":\"Balteschwiler AG\",\"description\":\"\",\"publisher\":{\"@id\":\"https:\\\/\\\/balteschwiler.ch\\\/#organization\"},\"potentialAction\":[{\"@type\":\"SearchAction\",\"target\":{\"@type\":\"EntryPoint\",\"urlTemplate\":\"https:\\\/\\\/balteschwiler.ch\\\/?s={search_term_string}\"},\"query-input\":{\"@type\":\"PropertyValueSpecification\",\"valueRequired\":true,\"valueName\":\"search_term_string\"}}],\"inLanguage\":\"fr-FR\"},{\"@type\":\"Organization\",\"@id\":\"https:\\\/\\\/balteschwiler.ch\\\/#organization\",\"name\":\"Balteschwiler AG\",\"url\":\"https:\\\/\\\/balteschwiler.ch\\\/\",\"logo\":{\"@type\":\"ImageObject\",\"inLanguage\":\"fr-FR\",\"@id\":\"https:\\\/\\\/balteschwiler.ch\\\/#\\\/schema\\\/logo\\\/image\\\/\",\"url\":\"https:\\\/\\\/balteschwiler.ch\\\/wp-content\\\/uploads\\\/2022\\\/09\\\/rz_BAL_Logo_d_rgb.png\",\"contentUrl\":\"https:\\\/\\\/balteschwiler.ch\\\/wp-content\\\/uploads\\\/2022\\\/09\\\/rz_BAL_Logo_d_rgb.png\",\"width\":1182,\"height\":224,\"caption\":\"Balteschwiler AG\"},\"image\":{\"@id\":\"https:\\\/\\\/balteschwiler.ch\\\/#\\\/schema\\\/logo\\\/image\\\/\"},\"sameAs\":[\"https:\\\/\\\/www.facebook.com\\\/balteschwiler\"]}]}<\/script>\n<!-- \/ Yoast SEO plugin. -->","yoast_head_json":{"title":"Kebony Ingenbohl - Balteschwiler AG","robots":{"index":"index","follow":"follow","max-snippet":"max-snippet:-1","max-image-preview":"max-image-preview:large","max-video-preview":"max-video-preview:-1"},"canonical":"https:\/\/balteschwiler.ch\/fr\/references\/kebony-ingenbohl\/","og_locale":"fr_FR","og_type":"article","og_title":"Kebony Ingenbohl - Balteschwiler AG","og_description":"Plage Hopfr\u00e4ben \u00e0 Ingenbohl, SZ La magnifique plage de Hopfr\u00e4ben se trouve dans lecanton de Schwyz, directement au bord du lac desQuatre-Cantons. En 2021, la plage a \u00e9t\u00e9 r\u00e9nov\u00e9e. Leprojet ... Mehr","og_url":"https:\/\/balteschwiler.ch\/fr\/references\/kebony-ingenbohl\/","og_site_name":"Balteschwiler AG","article_publisher":"https:\/\/www.facebook.com\/balteschwiler","article_modified_time":"2025-05-06T11:55:07+00:00","og_image":[{"width":1000,"height":667,"url":"https:\/\/balteschwiler.ch\/wp-content\/uploads\/2023\/05\/Kebony_Clear_Strandbad.jpg","type":"image\/jpeg"}],"twitter_card":"summary_large_image","schema":{"@context":"https:\/\/schema.org","@graph":[{"@type":"WebPage","@id":"https:\/\/balteschwiler.ch\/fr\/references\/kebony-ingenbohl\/","url":"https:\/\/balteschwiler.ch\/fr\/references\/kebony-ingenbohl\/","name":"Kebony Ingenbohl - Balteschwiler AG","isPartOf":{"@id":"https:\/\/balteschwiler.ch\/#website"},"primaryImageOfPage":{"@id":"https:\/\/balteschwiler.ch\/fr\/references\/kebony-ingenbohl\/#primaryimage"},"image":{"@id":"https:\/\/balteschwiler.ch\/fr\/references\/kebony-ingenbohl\/#primaryimage"},"thumbnailUrl":"https:\/\/balteschwiler.ch\/wp-content\/uploads\/2023\/05\/Kebony_Clear_Strandbad.jpg","datePublished":"2023-04-09T07:59:57+00:00","dateModified":"2025-05-06T11:55:07+00:00","breadcrumb":{"@id":"https:\/\/balteschwiler.ch\/fr\/references\/kebony-ingenbohl\/#breadcrumb"},"inLanguage":"fr-FR","potentialAction":[{"@type":"ReadAction","target":["https:\/\/balteschwiler.ch\/fr\/references\/kebony-ingenbohl\/"]}]},{"@type":"ImageObject","inLanguage":"fr-FR","@id":"https:\/\/balteschwiler.ch\/fr\/references\/kebony-ingenbohl\/#primaryimage","url":"https:\/\/balteschwiler.ch\/wp-content\/uploads\/2023\/05\/Kebony_Clear_Strandbad.jpg","contentUrl":"https:\/\/balteschwiler.ch\/wp-content\/uploads\/2023\/05\/Kebony_Clear_Strandbad.jpg"},{"@type":"BreadcrumbList","@id":"https:\/\/balteschwiler.ch\/fr\/references\/kebony-ingenbohl\/#breadcrumb","itemListElement":[{"@type":"ListItem","position":1,"name":"R\u00e9f\u00e9rences","item":"https:\/\/balteschwiler.ch\/fr\/references\/"},{"@type":"ListItem","position":2,"name":"Kebony Ingenbohl"}]},{"@type":"WebSite","@id":"https:\/\/balteschwiler.ch\/#website","url":"https:\/\/balteschwiler.ch\/","name":"Balteschwiler AG","description":"","publisher":{"@id":"https:\/\/balteschwiler.ch\/#organization"},"potentialAction":[{"@type":"SearchAction","target":{"@type":"EntryPoint","urlTemplate":"https:\/\/balteschwiler.ch\/?s={search_term_string}"},"query-input":{"@type":"PropertyValueSpecification","valueRequired":true,"valueName":"search_term_string"}}],"inLanguage":"fr-FR"},{"@type":"Organization","@id":"https:\/\/balteschwiler.ch\/#organization","name":"Balteschwiler AG","url":"https:\/\/balteschwiler.ch\/","logo":{"@type":"ImageObject","inLanguage":"fr-FR","@id":"https:\/\/balteschwiler.ch\/#\/schema\/logo\/image\/","url":"https:\/\/balteschwiler.ch\/wp-content\/uploads\/2022\/09\/rz_BAL_Logo_d_rgb.png","contentUrl":"https:\/\/balteschwiler.ch\/wp-content\/uploads\/2022\/09\/rz_BAL_Logo_d_rgb.png","width":1182,"height":224,"caption":"Balteschwiler AG"},"image":{"@id":"https:\/\/balteschwiler.ch\/#\/schema\/logo\/image\/"},"sameAs":["https:\/\/www.facebook.com\/balteschwiler"]}]}},"uagb_featured_image_src":{"full":false,"thumbnail":false,"medium":false,"medium_large":false,"large":false,"1536x1536":false,"2048x2048":false,"gform-image-choice-sm":false,"gform-image-choice-md":false,"gform-image-choice-lg":false},"uagb_author_info":{"display_name":"Michael Sutter","author_link":"https:\/\/balteschwiler.ch\/fr\/author\/m-hoernlimannmichaelh-ch\/"},"uagb_comment_info":0,"uagb_excerpt":"Plage Hopfr\u00e4ben \u00e0 Ingenbohl, SZ La magnifique plage de Hopfr\u00e4ben se trouve dans lecanton de Schwyz, directement au bord du lac desQuatre-Cantons. En 2021, la plage a \u00e9t\u00e9 r\u00e9nov\u00e9e. Leprojet ... Mehr","_links":{"self":[{"href":"https:\/\/balteschwiler.ch\/fr\/wp-json\/wp\/v2\/pages\/8927","targetHints":{"allow":["GET"]}}],"collection":[{"href":"https:\/\/balteschwiler.ch\/fr\/wp-json\/wp\/v2\/pages"}],"about":[{"href":"https:\/\/balteschwiler.ch\/fr\/wp-json\/wp\/v2\/types\/page"}],"author":[{"embeddable":true,"href":"https:\/\/balteschwiler.ch\/fr\/wp-json\/wp\/v2\/users\/1"}],"replies":[{"embeddable":true,"href":"https:\/\/balteschwiler.ch\/fr\/wp-json\/wp\/v2\/comments?post=8927"}],"version-history":[{"count":4,"href":"https:\/\/balteschwiler.ch\/fr\/wp-json\/wp\/v2\/pages\/8927\/revisions"}],"predecessor-version":[{"id":12087,"href":"https:\/\/balteschwiler.ch\/fr\/wp-json\/wp\/v2\/pages\/8927\/revisions\/12087"}],"up":[{"embeddable":true,"href":"https:\/\/balteschwiler.ch\/fr\/wp-json\/wp\/v2\/pages\/8941"}],"wp:attachment":[{"href":"https:\/\/balteschwiler.ch\/fr\/wp-json\/wp\/v2\/media?parent=8927"}],"curies":[{"name":"wp","href":"https:\/\/api.w.org\/{rel}","templated":true}]}}