{"id":8931,"date":"2023-04-21T13:23:38","date_gmt":"2023-04-21T11:23:38","guid":{"rendered":"https:\/\/balteschwiler.ch\/kebony-clear\/"},"modified":"2025-05-06T13:55:41","modified_gmt":"2025-05-06T11:55:41","slug":"kebony-clear","status":"publish","type":"page","link":"https:\/\/balteschwiler.ch\/fr\/references\/kebony-clear\/","title":{"rendered":"Kebony Clear"},"content":{"rendered":"<div class=\"gb-container gb-container-6ec57639 loadondesktop\"><div class=\"gb-inside-container\">\n<div class=\"gb-grid-wrapper gb-grid-wrapper-d212ffc2\">\n<div class=\"gb-grid-column gb-grid-column-6290146c\"><div class=\"gb-container gb-container-6290146c\"><div class=\"gb-inside-container\">\n\n<p class=\"gb-headline gb-headline-a9091560 gb-headline-text\"><strong><strong>Syst\u00e8mes de terrasses<\/strong><\/strong><\/p>\n\n\n\n<h1 class=\"gb-headline gb-headline-ae3932be gb-headline-text\">Kebony Clear: L&rsquo;alternative durable au bois tropical<\/h1>\n\n<\/div><\/div><\/div>\n<\/div>\n<\/div><\/div>\n\n<div class=\"gb-container gb-container-0f7de636\"><div class=\"gb-inside-container\">\n\n<div class=\"wp-block-uagb-slider uagb-block-f6ac98ce uagb-slider-container\"><div class=\"uagb-slides uagb-swiper\"><div class=\"swiper-wrapper\">\n<div class=\"wp-block-uagb-slider-child uagb-slider-child-wrap swiper-slide uagb-block-c8d7a5c4\"><div class=\"swiper-content\">\n<figure class=\"wp-block-image size-full\"><img loading=\"lazy\" decoding=\"async\" width=\"1000\" height=\"667\" src=\"https:\/\/balteschwiler.ch\/wp-content\/uploads\/2023\/09\/terrasse-aarau-6.jpg\" alt=\"\" class=\"wp-image-7678\" srcset=\"https:\/\/balteschwiler.ch\/wp-content\/uploads\/2023\/09\/terrasse-aarau-6.jpg 1000w, https:\/\/balteschwiler.ch\/wp-content\/uploads\/2023\/09\/terrasse-aarau-6-300x200.jpg 300w, https:\/\/balteschwiler.ch\/wp-content\/uploads\/2023\/09\/terrasse-aarau-6-768x512.jpg 768w\" sizes=\"auto, (max-width: 1000px) 100vw, 1000px\" \/><\/figure>\n<\/div><\/div>\n\n\n\n<div class=\"wp-block-uagb-slider-child uagb-slider-child-wrap swiper-slide uagb-block-e1d6130a\"><div class=\"swiper-content\">\n<figure class=\"wp-block-image size-full\"><img loading=\"lazy\" decoding=\"async\" width=\"1000\" height=\"667\" src=\"https:\/\/balteschwiler.ch\/wp-content\/uploads\/2023\/09\/terrasse-aarau-1.jpg\" alt=\"\" class=\"wp-image-7680\" srcset=\"https:\/\/balteschwiler.ch\/wp-content\/uploads\/2023\/09\/terrasse-aarau-1.jpg 1000w, https:\/\/balteschwiler.ch\/wp-content\/uploads\/2023\/09\/terrasse-aarau-1-300x200.jpg 300w, https:\/\/balteschwiler.ch\/wp-content\/uploads\/2023\/09\/terrasse-aarau-1-768x512.jpg 768w\" sizes=\"auto, (max-width: 1000px) 100vw, 1000px\" \/><\/figure>\n<\/div><\/div>\n\n\n\n<div class=\"wp-block-uagb-slider-child uagb-slider-child-wrap swiper-slide uagb-block-0484a448\"><div class=\"swiper-content\">\n<figure class=\"wp-block-image size-full\"><img loading=\"lazy\" decoding=\"async\" width=\"1000\" height=\"667\" src=\"https:\/\/balteschwiler.ch\/wp-content\/uploads\/2023\/09\/terrasse-aarau-2.jpg\" alt=\"\" class=\"wp-image-7682\" srcset=\"https:\/\/balteschwiler.ch\/wp-content\/uploads\/2023\/09\/terrasse-aarau-2.jpg 1000w, https:\/\/balteschwiler.ch\/wp-content\/uploads\/2023\/09\/terrasse-aarau-2-300x200.jpg 300w, https:\/\/balteschwiler.ch\/wp-content\/uploads\/2023\/09\/terrasse-aarau-2-768x512.jpg 768w\" sizes=\"auto, (max-width: 1000px) 100vw, 1000px\" \/><\/figure>\n<\/div><\/div>\n\n\n\n<div class=\"wp-block-uagb-slider-child uagb-slider-child-wrap swiper-slide uagb-block-7f2e7957\"><div class=\"swiper-content\">\n<figure class=\"wp-block-image size-full\"><img loading=\"lazy\" decoding=\"async\" width=\"1000\" height=\"667\" src=\"https:\/\/balteschwiler.ch\/wp-content\/uploads\/2023\/09\/terrasse-aarau-5.jpg\" alt=\"\" class=\"wp-image-7676\" srcset=\"https:\/\/balteschwiler.ch\/wp-content\/uploads\/2023\/09\/terrasse-aarau-5.jpg 1000w, https:\/\/balteschwiler.ch\/wp-content\/uploads\/2023\/09\/terrasse-aarau-5-300x200.jpg 300w, https:\/\/balteschwiler.ch\/wp-content\/uploads\/2023\/09\/terrasse-aarau-5-768x512.jpg 768w\" sizes=\"auto, (max-width: 1000px) 100vw, 1000px\" \/><\/figure>\n<\/div><\/div>\n\n\n\n<div class=\"wp-block-uagb-slider-child uagb-slider-child-wrap swiper-slide uagb-block-4975e1a5\"><div class=\"swiper-content\">\n<figure class=\"wp-block-image size-full\"><img loading=\"lazy\" decoding=\"async\" width=\"1000\" height=\"667\" src=\"https:\/\/balteschwiler.ch\/wp-content\/uploads\/2023\/09\/terrasse-aarau-4.jpg\" alt=\"\" class=\"wp-image-7674\" srcset=\"https:\/\/balteschwiler.ch\/wp-content\/uploads\/2023\/09\/terrasse-aarau-4.jpg 1000w, https:\/\/balteschwiler.ch\/wp-content\/uploads\/2023\/09\/terrasse-aarau-4-300x200.jpg 300w, https:\/\/balteschwiler.ch\/wp-content\/uploads\/2023\/09\/terrasse-aarau-4-768x512.jpg 768w\" sizes=\"auto, (max-width: 1000px) 100vw, 1000px\" \/><\/figure>\n<\/div><\/div>\n\n\n\n<div class=\"wp-block-uagb-slider-child uagb-slider-child-wrap swiper-slide uagb-block-ccc32a6f\"><div class=\"swiper-content\">\n<figure class=\"wp-block-image size-full\"><img loading=\"lazy\" decoding=\"async\" width=\"1000\" height=\"667\" src=\"https:\/\/balteschwiler.ch\/wp-content\/uploads\/2023\/09\/terrasse-aarau-3.jpg\" alt=\"\" class=\"wp-image-7672\" srcset=\"https:\/\/balteschwiler.ch\/wp-content\/uploads\/2023\/09\/terrasse-aarau-3.jpg 1000w, https:\/\/balteschwiler.ch\/wp-content\/uploads\/2023\/09\/terrasse-aarau-3-300x200.jpg 300w, https:\/\/balteschwiler.ch\/wp-content\/uploads\/2023\/09\/terrasse-aarau-3-768x512.jpg 768w\" sizes=\"auto, (max-width: 1000px) 100vw, 1000px\" \/><\/figure>\n<\/div><\/div>\n<\/div><\/div><div class=\"swiper-button-prev\"><\/div><div class=\"swiper-button-next\"><\/div><\/div>\n\n\n\n<div style=\"height:50px\" aria-hidden=\"true\" class=\"wp-block-spacer\"><\/div>\n\n\n\n<div class=\"wp-block-columns is-layout-flex wp-container-core-columns-is-layout-9d6595d7 wp-block-columns-is-layout-flex\">\n<div class=\"wp-block-column is-layout-flow wp-block-column-is-layout-flow\" style=\"flex-basis:66.66%\">\n<hr class=\"wp-block-separator has-text-color has-contrast-color has-alpha-channel-opacity has-contrast-background-color has-background\"\/>\n\n\n\n<h2 class=\"wp-block-heading\">Maison individuelle dans le canton d\u02bcArgovie<\/h2>\n\n\n\n<p>Le ma\u00eetre d\u02bcouvrage aime les choses sans fioritures, confortables et vertes, c\u02bcest pourquoi le salon, la terrasse, la pelouse et la piscine se fondent sans transition. Ce qui semble si simple est en fait techniquementtr\u00e8s complexe. Par exemple, les lames de terrassechoisies \u00e0 l\u02bcorigine n\u02bcont pas r\u00e9sist\u00e9 au contact permanentavec l\u02bceau au bord de la piscine \u00e0 d\u00e9bordement. Le Kebony a \u00e9t\u00e9 choisi pour les remplacer, car ce boisest tr\u00e8s r\u00e9sistant, m\u00eame dans des conditions aussidifficiles, et constitue une alternative durable au boistropical. Le Kebony est un bois v\u00e9ritable \u00e9cologique etde haute qualit\u00e9 dont les propri\u00e9t\u00e9s sont am\u00e9lior\u00e9esgr\u00e2ce \u00e0 un proc\u00e9d\u00e9 de production brevet\u00e9 et respectueuxde l\u02bcenvironnement, de sorte qu\u02bcelles sont comparables\u00e0 celles des bois tropicaux. Il est tr\u00e8s stable, n\u00e9cessite peu d\u02bcentretien et acquiert avec le tempsune \u00e9l\u00e9gante patine gris argent\u00e9. Le ma\u00eetre d\u02bcouvrage est satisfait : \u00abLe Kebony secomporte comme le teck et y ressemble. Il grisonnenaturellement, ce qui lui donne un aspect moderne ettr\u00e8s attrayant. Contrairement au teck, il ne pr\u00e9senteaucun risque \u00e9cologique, car il n\u02bcest pas fabriqu\u00e9 \u00e0partir de bois tropical, mais de bois cultiv\u00e9 de mani\u00e8reresponsable\u00bb. Son exp\u00e9rience jusqu\u02bc\u00e0 pr\u00e9sent est tout \u00e0 faitpositive : \u00abIl faut bien s\u00fbr le nettoyer une fois par an,mais les mousses et les lichens s\u02bcenl\u00e8vent facilement,car les plantes ne peuvent pas s\u02bcaccrocher aussi fortementdans le bois modifi\u00e9\u00bb. Ce qui am\u00e8ne le propri\u00e9tairede la maison \u00e0 un r\u00e9sum\u00e9 r\u00e9jouissant: \u00abVraimentun bon mat\u00e9riau.\u00bb<\/p>\n\n\n<div class=\"gb-button-wrapper gb-button-wrapper-7c34dbc8\">\n\n<a class=\"gb-button gb-button-b8c1b8eb gb-button-text smooth-scroll button-border-none\" href=\"https:\/\/balteschwiler.ch\/wp-content\/uploads\/2023\/12\/21-referenzen-terrassen-kebony-clear-aargau-fr-low.pdf\" target=\"_blank\" rel=\"noopener noreferrer\">Fiche de r\u00e9f\u00e9rence<\/a>\n\n<\/div><\/div>\n\n\n\n<div class=\"wp-block-column spalte-custom-space-left is-layout-flow wp-block-column-is-layout-flow\" style=\"flex-basis:33.33%\">\n<hr class=\"wp-block-separator has-text-color has-contrast-color has-alpha-channel-opacity has-contrast-background-color has-background\"\/>\n\n\n\n<p><strong>Ann\u00e9e de construction<\/strong><br><strong> <\/strong>2021<\/p>\n\n\n\n<p><strong>Type de b\u00e2timent \/ usage:<\/strong><br>Maison individuelle<\/p>\n\n\n\n<p><strong>Produits et services Balteschwiler utilis\u00e9s<\/strong><br>Kebony Clear, fix\u00e9 de mani\u00e8re invisible avec des clipsRASK sur la sous-construction Alu IsoStep TWIXTClick.<\/p>\n<\/div>\n<\/div>\n\n<\/div><\/div>","protected":false},"excerpt":{"rendered":"<p>Maison individuelle dans le canton d\u02bcArgovie Le ma\u00eetre d\u02bcouvrage aime les choses sans fioritures, confortables et vertes, c\u02bcest pourquoi le salon, la terrasse, la pelouse et la piscine se fondent &#8230; <a title=\"Kebony Clear\" class=\"read-more\" href=\"https:\/\/balteschwiler.ch\/fr\/references\/kebony-clear\/\" aria-label=\"En savoir plus sur Kebony Clear\">Mehr<\/a><\/p>\n","protected":false},"author":2,"featured_media":0,"parent":8941,"menu_order":0,"comment_status":"closed","ping_status":"closed","template":"","meta":{"_acf_changed":false,"inline_featured_image":false,"_uag_custom_page_level_css":"","footnotes":""},"class_list":["post-8931","page","type-page","status-publish"],"acf":[],"yoast_head":"<!-- This site is optimized with the Yoast SEO plugin v27.5 - https:\/\/yoast.com\/product\/yoast-seo-wordpress\/ -->\n<title>Kebony Clear - Balteschwiler AG<\/title>\n<meta name=\"robots\" content=\"index, follow, max-snippet:-1, max-image-preview:large, max-video-preview:-1\" \/>\n<link rel=\"canonical\" href=\"https:\/\/balteschwiler.ch\/fr\/references\/kebony-clear\/\" \/>\n<meta property=\"og:locale\" content=\"fr_FR\" \/>\n<meta property=\"og:type\" content=\"article\" \/>\n<meta property=\"og:title\" content=\"Kebony Clear - Balteschwiler AG\" \/>\n<meta property=\"og:description\" content=\"Maison individuelle dans le canton d\u02bcArgovie Le ma\u00eetre d\u02bcouvrage aime les choses sans fioritures, confortables et vertes, c\u02bcest pourquoi le salon, la terrasse, la pelouse et la piscine se fondent ... Mehr\" \/>\n<meta property=\"og:url\" content=\"https:\/\/balteschwiler.ch\/fr\/references\/kebony-clear\/\" \/>\n<meta property=\"og:site_name\" content=\"Balteschwiler AG\" \/>\n<meta property=\"article:publisher\" content=\"https:\/\/www.facebook.com\/balteschwiler\" \/>\n<meta property=\"article:modified_time\" content=\"2025-05-06T11:55:41+00:00\" \/>\n<meta property=\"og:image\" content=\"https:\/\/balteschwiler.ch\/wp-content\/uploads\/2023\/09\/terrasse-aarau-6.jpg\" \/>\n\t<meta property=\"og:image:width\" content=\"1000\" \/>\n\t<meta property=\"og:image:height\" content=\"667\" \/>\n\t<meta property=\"og:image:type\" content=\"image\/jpeg\" \/>\n<meta name=\"twitter:card\" content=\"summary_large_image\" \/>\n<meta name=\"twitter:label1\" content=\"Dur\u00e9e de lecture estim\u00e9e\" \/>\n\t<meta name=\"twitter:data1\" content=\"3 minutes\" \/>\n<script type=\"application\/ld+json\" class=\"yoast-schema-graph\">{\"@context\":\"https:\\\/\\\/schema.org\",\"@graph\":[{\"@type\":\"WebPage\",\"@id\":\"https:\\\/\\\/balteschwiler.ch\\\/fr\\\/references\\\/kebony-clear\\\/\",\"url\":\"https:\\\/\\\/balteschwiler.ch\\\/fr\\\/references\\\/kebony-clear\\\/\",\"name\":\"Kebony Clear - Balteschwiler AG\",\"isPartOf\":{\"@id\":\"https:\\\/\\\/balteschwiler.ch\\\/#website\"},\"primaryImageOfPage\":{\"@id\":\"https:\\\/\\\/balteschwiler.ch\\\/fr\\\/references\\\/kebony-clear\\\/#primaryimage\"},\"image\":{\"@id\":\"https:\\\/\\\/balteschwiler.ch\\\/fr\\\/references\\\/kebony-clear\\\/#primaryimage\"},\"thumbnailUrl\":\"https:\\\/\\\/balteschwiler.ch\\\/wp-content\\\/uploads\\\/2023\\\/09\\\/terrasse-aarau-6.jpg\",\"datePublished\":\"2023-04-21T11:23:38+00:00\",\"dateModified\":\"2025-05-06T11:55:41+00:00\",\"breadcrumb\":{\"@id\":\"https:\\\/\\\/balteschwiler.ch\\\/fr\\\/references\\\/kebony-clear\\\/#breadcrumb\"},\"inLanguage\":\"fr-FR\",\"potentialAction\":[{\"@type\":\"ReadAction\",\"target\":[\"https:\\\/\\\/balteschwiler.ch\\\/fr\\\/references\\\/kebony-clear\\\/\"]}]},{\"@type\":\"ImageObject\",\"inLanguage\":\"fr-FR\",\"@id\":\"https:\\\/\\\/balteschwiler.ch\\\/fr\\\/references\\\/kebony-clear\\\/#primaryimage\",\"url\":\"https:\\\/\\\/balteschwiler.ch\\\/wp-content\\\/uploads\\\/2023\\\/09\\\/terrasse-aarau-6.jpg\",\"contentUrl\":\"https:\\\/\\\/balteschwiler.ch\\\/wp-content\\\/uploads\\\/2023\\\/09\\\/terrasse-aarau-6.jpg\"},{\"@type\":\"BreadcrumbList\",\"@id\":\"https:\\\/\\\/balteschwiler.ch\\\/fr\\\/references\\\/kebony-clear\\\/#breadcrumb\",\"itemListElement\":[{\"@type\":\"ListItem\",\"position\":1,\"name\":\"R\u00e9f\u00e9rences\",\"item\":\"https:\\\/\\\/balteschwiler.ch\\\/fr\\\/references\\\/\"},{\"@type\":\"ListItem\",\"position\":2,\"name\":\"Kebony Clear\"}]},{\"@type\":\"WebSite\",\"@id\":\"https:\\\/\\\/balteschwiler.ch\\\/#website\",\"url\":\"https:\\\/\\\/balteschwiler.ch\\\/\",\"name\":\"Balteschwiler AG\",\"description\":\"\",\"publisher\":{\"@id\":\"https:\\\/\\\/balteschwiler.ch\\\/#organization\"},\"potentialAction\":[{\"@type\":\"SearchAction\",\"target\":{\"@type\":\"EntryPoint\",\"urlTemplate\":\"https:\\\/\\\/balteschwiler.ch\\\/?s={search_term_string}\"},\"query-input\":{\"@type\":\"PropertyValueSpecification\",\"valueRequired\":true,\"valueName\":\"search_term_string\"}}],\"inLanguage\":\"fr-FR\"},{\"@type\":\"Organization\",\"@id\":\"https:\\\/\\\/balteschwiler.ch\\\/#organization\",\"name\":\"Balteschwiler AG\",\"url\":\"https:\\\/\\\/balteschwiler.ch\\\/\",\"logo\":{\"@type\":\"ImageObject\",\"inLanguage\":\"fr-FR\",\"@id\":\"https:\\\/\\\/balteschwiler.ch\\\/#\\\/schema\\\/logo\\\/image\\\/\",\"url\":\"https:\\\/\\\/balteschwiler.ch\\\/wp-content\\\/uploads\\\/2022\\\/09\\\/rz_BAL_Logo_d_rgb.png\",\"contentUrl\":\"https:\\\/\\\/balteschwiler.ch\\\/wp-content\\\/uploads\\\/2022\\\/09\\\/rz_BAL_Logo_d_rgb.png\",\"width\":1182,\"height\":224,\"caption\":\"Balteschwiler AG\"},\"image\":{\"@id\":\"https:\\\/\\\/balteschwiler.ch\\\/#\\\/schema\\\/logo\\\/image\\\/\"},\"sameAs\":[\"https:\\\/\\\/www.facebook.com\\\/balteschwiler\"]}]}<\/script>\n<!-- \/ Yoast SEO plugin. -->","yoast_head_json":{"title":"Kebony Clear - Balteschwiler AG","robots":{"index":"index","follow":"follow","max-snippet":"max-snippet:-1","max-image-preview":"max-image-preview:large","max-video-preview":"max-video-preview:-1"},"canonical":"https:\/\/balteschwiler.ch\/fr\/references\/kebony-clear\/","og_locale":"fr_FR","og_type":"article","og_title":"Kebony Clear - Balteschwiler AG","og_description":"Maison individuelle dans le canton d\u02bcArgovie Le ma\u00eetre d\u02bcouvrage aime les choses sans fioritures, confortables et vertes, c\u02bcest pourquoi le salon, la terrasse, la pelouse et la piscine se fondent ... Mehr","og_url":"https:\/\/balteschwiler.ch\/fr\/references\/kebony-clear\/","og_site_name":"Balteschwiler AG","article_publisher":"https:\/\/www.facebook.com\/balteschwiler","article_modified_time":"2025-05-06T11:55:41+00:00","og_image":[{"width":1000,"height":667,"url":"https:\/\/balteschwiler.ch\/wp-content\/uploads\/2023\/09\/terrasse-aarau-6.jpg","type":"image\/jpeg"}],"twitter_card":"summary_large_image","twitter_misc":{"Dur\u00e9e de lecture estim\u00e9e":"3 minutes"},"schema":{"@context":"https:\/\/schema.org","@graph":[{"@type":"WebPage","@id":"https:\/\/balteschwiler.ch\/fr\/references\/kebony-clear\/","url":"https:\/\/balteschwiler.ch\/fr\/references\/kebony-clear\/","name":"Kebony Clear - Balteschwiler AG","isPartOf":{"@id":"https:\/\/balteschwiler.ch\/#website"},"primaryImageOfPage":{"@id":"https:\/\/balteschwiler.ch\/fr\/references\/kebony-clear\/#primaryimage"},"image":{"@id":"https:\/\/balteschwiler.ch\/fr\/references\/kebony-clear\/#primaryimage"},"thumbnailUrl":"https:\/\/balteschwiler.ch\/wp-content\/uploads\/2023\/09\/terrasse-aarau-6.jpg","datePublished":"2023-04-21T11:23:38+00:00","dateModified":"2025-05-06T11:55:41+00:00","breadcrumb":{"@id":"https:\/\/balteschwiler.ch\/fr\/references\/kebony-clear\/#breadcrumb"},"inLanguage":"fr-FR","potentialAction":[{"@type":"ReadAction","target":["https:\/\/balteschwiler.ch\/fr\/references\/kebony-clear\/"]}]},{"@type":"ImageObject","inLanguage":"fr-FR","@id":"https:\/\/balteschwiler.ch\/fr\/references\/kebony-clear\/#primaryimage","url":"https:\/\/balteschwiler.ch\/wp-content\/uploads\/2023\/09\/terrasse-aarau-6.jpg","contentUrl":"https:\/\/balteschwiler.ch\/wp-content\/uploads\/2023\/09\/terrasse-aarau-6.jpg"},{"@type":"BreadcrumbList","@id":"https:\/\/balteschwiler.ch\/fr\/references\/kebony-clear\/#breadcrumb","itemListElement":[{"@type":"ListItem","position":1,"name":"R\u00e9f\u00e9rences","item":"https:\/\/balteschwiler.ch\/fr\/references\/"},{"@type":"ListItem","position":2,"name":"Kebony Clear"}]},{"@type":"WebSite","@id":"https:\/\/balteschwiler.ch\/#website","url":"https:\/\/balteschwiler.ch\/","name":"Balteschwiler AG","description":"","publisher":{"@id":"https:\/\/balteschwiler.ch\/#organization"},"potentialAction":[{"@type":"SearchAction","target":{"@type":"EntryPoint","urlTemplate":"https:\/\/balteschwiler.ch\/?s={search_term_string}"},"query-input":{"@type":"PropertyValueSpecification","valueRequired":true,"valueName":"search_term_string"}}],"inLanguage":"fr-FR"},{"@type":"Organization","@id":"https:\/\/balteschwiler.ch\/#organization","name":"Balteschwiler AG","url":"https:\/\/balteschwiler.ch\/","logo":{"@type":"ImageObject","inLanguage":"fr-FR","@id":"https:\/\/balteschwiler.ch\/#\/schema\/logo\/image\/","url":"https:\/\/balteschwiler.ch\/wp-content\/uploads\/2022\/09\/rz_BAL_Logo_d_rgb.png","contentUrl":"https:\/\/balteschwiler.ch\/wp-content\/uploads\/2022\/09\/rz_BAL_Logo_d_rgb.png","width":1182,"height":224,"caption":"Balteschwiler AG"},"image":{"@id":"https:\/\/balteschwiler.ch\/#\/schema\/logo\/image\/"},"sameAs":["https:\/\/www.facebook.com\/balteschwiler"]}]}},"uagb_featured_image_src":{"full":false,"thumbnail":false,"medium":false,"medium_large":false,"large":false,"1536x1536":false,"2048x2048":false,"gform-image-choice-sm":false,"gform-image-choice-md":false,"gform-image-choice-lg":false},"uagb_author_info":{"display_name":"Balteschwiler Marketing","author_link":"https:\/\/balteschwiler.ch\/fr\/author\/infobalteschwiler-ch\/"},"uagb_comment_info":0,"uagb_excerpt":"Maison individuelle dans le canton d\u02bcArgovie Le ma\u00eetre d\u02bcouvrage aime les choses sans fioritures, confortables et vertes, c\u02bcest pourquoi le salon, la terrasse, la pelouse et la piscine se fondent ... Mehr","_links":{"self":[{"href":"https:\/\/balteschwiler.ch\/fr\/wp-json\/wp\/v2\/pages\/8931","targetHints":{"allow":["GET"]}}],"collection":[{"href":"https:\/\/balteschwiler.ch\/fr\/wp-json\/wp\/v2\/pages"}],"about":[{"href":"https:\/\/balteschwiler.ch\/fr\/wp-json\/wp\/v2\/types\/page"}],"author":[{"embeddable":true,"href":"https:\/\/balteschwiler.ch\/fr\/wp-json\/wp\/v2\/users\/2"}],"replies":[{"embeddable":true,"href":"https:\/\/balteschwiler.ch\/fr\/wp-json\/wp\/v2\/comments?post=8931"}],"version-history":[{"count":4,"href":"https:\/\/balteschwiler.ch\/fr\/wp-json\/wp\/v2\/pages\/8931\/revisions"}],"predecessor-version":[{"id":12088,"href":"https:\/\/balteschwiler.ch\/fr\/wp-json\/wp\/v2\/pages\/8931\/revisions\/12088"}],"up":[{"embeddable":true,"href":"https:\/\/balteschwiler.ch\/fr\/wp-json\/wp\/v2\/pages\/8941"}],"wp:attachment":[{"href":"https:\/\/balteschwiler.ch\/fr\/wp-json\/wp\/v2\/media?parent=8931"}],"curies":[{"name":"wp","href":"https:\/\/api.w.org\/{rel}","templated":true}]}}