{"id":8936,"date":"2023-06-23T14:05:19","date_gmt":"2023-06-23T12:05:19","guid":{"rendered":"https:\/\/balteschwiler.ch\/kebony-clear-utzenstorf\/"},"modified":"2025-05-06T13:56:08","modified_gmt":"2025-05-06T11:56:08","slug":"kebony-clear-utzenstorf","status":"publish","type":"page","link":"https:\/\/balteschwiler.ch\/fr\/references\/kebony-clear-utzenstorf\/","title":{"rendered":"Kebony Clear Utzenstorf"},"content":{"rendered":"<div class=\"gb-container gb-container-6ec57639 loadondesktop\"><div class=\"gb-inside-container\">\n<div class=\"gb-grid-wrapper gb-grid-wrapper-d212ffc2\">\n<div class=\"gb-grid-column gb-grid-column-6290146c\"><div class=\"gb-container gb-container-6290146c\"><div class=\"gb-inside-container\">\n\n<p class=\"gb-headline gb-headline-a9091560 gb-headline-text\"><strong><strong>Syst\u00e8mes de terrasses<\/strong><\/strong><\/p>\n\n\n\n<h1 class=\"gb-headline gb-headline-ae3932be gb-headline-text\">Kebony Clear: Maison individuelle avec \u00e9tang \u00e0 ko\u00efs<\/h1>\n\n<\/div><\/div><\/div>\n<\/div>\n<\/div><\/div>\n\n<div class=\"gb-container gb-container-0f7de636\"><div class=\"gb-inside-container\">\n\n<div class=\"wp-block-uagb-slider uagb-block-fcd85a6a uagb-slider-container\"><div class=\"uagb-slides uagb-swiper\"><div class=\"swiper-wrapper\">\n<div class=\"wp-block-uagb-slider-child uagb-slider-child-wrap swiper-slide uagb-block-6bb11d49\"><div class=\"swiper-content\">\n<figure class=\"wp-block-image size-full\"><img loading=\"lazy\" decoding=\"async\" width=\"1000\" height=\"667\" src=\"https:\/\/balteschwiler.ch\/wp-content\/uploads\/2023\/06\/Referenz-Koi-Teich-Web.jpg\" alt=\"Kebony Clear Terrassenboden verlegt mit geschweiftem Rand um einen Koi Teich\" class=\"wp-image-6670\" srcset=\"https:\/\/balteschwiler.ch\/wp-content\/uploads\/2023\/06\/Referenz-Koi-Teich-Web.jpg 1000w, https:\/\/balteschwiler.ch\/wp-content\/uploads\/2023\/06\/Referenz-Koi-Teich-Web-300x200.jpg 300w, https:\/\/balteschwiler.ch\/wp-content\/uploads\/2023\/06\/Referenz-Koi-Teich-Web-768x512.jpg 768w\" sizes=\"auto, (max-width: 1000px) 100vw, 1000px\" \/><\/figure>\n<\/div><\/div>\n\n\n\n<div class=\"wp-block-uagb-slider-child uagb-slider-child-wrap swiper-slide uagb-block-297ab518\"><div class=\"swiper-content\">\n<figure class=\"wp-block-image size-full\"><img loading=\"lazy\" decoding=\"async\" width=\"1000\" height=\"667\" src=\"https:\/\/balteschwiler.ch\/wp-content\/uploads\/2023\/11\/referenzen-terrassen-koiteich-utzenstord-1.jpg\" alt=\"koi-teich mit kebony clear terrassendielen\" class=\"wp-image-8662\" srcset=\"https:\/\/balteschwiler.ch\/wp-content\/uploads\/2023\/11\/referenzen-terrassen-koiteich-utzenstord-1.jpg 1000w, https:\/\/balteschwiler.ch\/wp-content\/uploads\/2023\/11\/referenzen-terrassen-koiteich-utzenstord-1-300x200.jpg 300w, https:\/\/balteschwiler.ch\/wp-content\/uploads\/2023\/11\/referenzen-terrassen-koiteich-utzenstord-1-768x512.jpg 768w, https:\/\/balteschwiler.ch\/wp-content\/uploads\/2023\/11\/referenzen-terrassen-koiteich-utzenstord-1-50x33.jpg 50w\" sizes=\"auto, (max-width: 1000px) 100vw, 1000px\" \/><\/figure>\n<\/div><\/div>\n\n\n\n<div class=\"wp-block-uagb-slider-child uagb-slider-child-wrap swiper-slide uagb-block-2128fd97\"><div class=\"swiper-content\">\n<figure class=\"wp-block-image size-full\"><img loading=\"lazy\" decoding=\"async\" width=\"1000\" height=\"667\" src=\"https:\/\/balteschwiler.ch\/wp-content\/uploads\/2023\/11\/referenzen-terrassen-koiteich-utzenstord-2.jpg\" alt=\"koi-teich mit kebony clear terrassendielen\" class=\"wp-image-8664\" srcset=\"https:\/\/balteschwiler.ch\/wp-content\/uploads\/2023\/11\/referenzen-terrassen-koiteich-utzenstord-2.jpg 1000w, https:\/\/balteschwiler.ch\/wp-content\/uploads\/2023\/11\/referenzen-terrassen-koiteich-utzenstord-2-300x200.jpg 300w, https:\/\/balteschwiler.ch\/wp-content\/uploads\/2023\/11\/referenzen-terrassen-koiteich-utzenstord-2-768x512.jpg 768w, https:\/\/balteschwiler.ch\/wp-content\/uploads\/2023\/11\/referenzen-terrassen-koiteich-utzenstord-2-50x33.jpg 50w\" sizes=\"auto, (max-width: 1000px) 100vw, 1000px\" \/><\/figure>\n<\/div><\/div>\n\n\n\n<div class=\"wp-block-uagb-slider-child uagb-slider-child-wrap swiper-slide uagb-block-d680947f\"><div class=\"swiper-content\">\n<figure class=\"wp-block-image size-full\"><img loading=\"lazy\" decoding=\"async\" width=\"1000\" height=\"667\" src=\"https:\/\/balteschwiler.ch\/wp-content\/uploads\/2023\/11\/referenzen-terrassen-koiteich-utzenstord-3.jpg\" alt=\"koi-teich mit kebony clear terrassendielen\" class=\"wp-image-8666\" srcset=\"https:\/\/balteschwiler.ch\/wp-content\/uploads\/2023\/11\/referenzen-terrassen-koiteich-utzenstord-3.jpg 1000w, https:\/\/balteschwiler.ch\/wp-content\/uploads\/2023\/11\/referenzen-terrassen-koiteich-utzenstord-3-300x200.jpg 300w, https:\/\/balteschwiler.ch\/wp-content\/uploads\/2023\/11\/referenzen-terrassen-koiteich-utzenstord-3-768x512.jpg 768w, https:\/\/balteschwiler.ch\/wp-content\/uploads\/2023\/11\/referenzen-terrassen-koiteich-utzenstord-3-50x33.jpg 50w\" sizes=\"auto, (max-width: 1000px) 100vw, 1000px\" \/><\/figure>\n<\/div><\/div>\n\n\n\n<div class=\"wp-block-uagb-slider-child uagb-slider-child-wrap swiper-slide uagb-block-2977e9fc\"><div class=\"swiper-content\">\n<figure class=\"wp-block-image size-full\"><img loading=\"lazy\" decoding=\"async\" width=\"1000\" height=\"667\" src=\"https:\/\/balteschwiler.ch\/wp-content\/uploads\/2023\/11\/referenzen-terrassen-koiteich-utzenstord-4.jpg\" alt=\"koi-teich mit kebony clear terrassendielen\" class=\"wp-image-8668\" srcset=\"https:\/\/balteschwiler.ch\/wp-content\/uploads\/2023\/11\/referenzen-terrassen-koiteich-utzenstord-4.jpg 1000w, https:\/\/balteschwiler.ch\/wp-content\/uploads\/2023\/11\/referenzen-terrassen-koiteich-utzenstord-4-300x200.jpg 300w, https:\/\/balteschwiler.ch\/wp-content\/uploads\/2023\/11\/referenzen-terrassen-koiteich-utzenstord-4-768x512.jpg 768w, https:\/\/balteschwiler.ch\/wp-content\/uploads\/2023\/11\/referenzen-terrassen-koiteich-utzenstord-4-50x33.jpg 50w\" sizes=\"auto, (max-width: 1000px) 100vw, 1000px\" \/><\/figure>\n<\/div><\/div>\n\n\n\n<div class=\"wp-block-uagb-slider-child uagb-slider-child-wrap swiper-slide uagb-block-ff635d85\"><div class=\"swiper-content\">\n<figure class=\"wp-block-image size-full\"><img loading=\"lazy\" decoding=\"async\" width=\"1000\" height=\"667\" src=\"https:\/\/balteschwiler.ch\/wp-content\/uploads\/2023\/11\/referenzen-terrassen-koiteich-utzenstord-5.jpg\" alt=\"koi-teich mit kebony clear terrassendielen\" class=\"wp-image-8670\" srcset=\"https:\/\/balteschwiler.ch\/wp-content\/uploads\/2023\/11\/referenzen-terrassen-koiteich-utzenstord-5.jpg 1000w, https:\/\/balteschwiler.ch\/wp-content\/uploads\/2023\/11\/referenzen-terrassen-koiteich-utzenstord-5-300x200.jpg 300w, https:\/\/balteschwiler.ch\/wp-content\/uploads\/2023\/11\/referenzen-terrassen-koiteich-utzenstord-5-768x512.jpg 768w, https:\/\/balteschwiler.ch\/wp-content\/uploads\/2023\/11\/referenzen-terrassen-koiteich-utzenstord-5-50x33.jpg 50w\" sizes=\"auto, (max-width: 1000px) 100vw, 1000px\" \/><\/figure>\n<\/div><\/div>\n\n\n\n<div class=\"wp-block-uagb-slider-child uagb-slider-child-wrap swiper-slide uagb-block-7e9c14e2\"><div class=\"swiper-content\">\n<figure class=\"wp-block-image size-full\"><img loading=\"lazy\" decoding=\"async\" width=\"1000\" height=\"667\" src=\"https:\/\/balteschwiler.ch\/wp-content\/uploads\/2023\/11\/referenzen-terrassen-koiteich-utzenstord-6.jpg\" alt=\"koi-teich mit kebony clear terrassendielen\" class=\"wp-image-8672\" srcset=\"https:\/\/balteschwiler.ch\/wp-content\/uploads\/2023\/11\/referenzen-terrassen-koiteich-utzenstord-6.jpg 1000w, https:\/\/balteschwiler.ch\/wp-content\/uploads\/2023\/11\/referenzen-terrassen-koiteich-utzenstord-6-300x200.jpg 300w, https:\/\/balteschwiler.ch\/wp-content\/uploads\/2023\/11\/referenzen-terrassen-koiteich-utzenstord-6-768x512.jpg 768w, https:\/\/balteschwiler.ch\/wp-content\/uploads\/2023\/11\/referenzen-terrassen-koiteich-utzenstord-6-50x33.jpg 50w\" sizes=\"auto, (max-width: 1000px) 100vw, 1000px\" \/><\/figure>\n<\/div><\/div>\n\n\n\n<div class=\"wp-block-uagb-slider-child uagb-slider-child-wrap swiper-slide uagb-block-1ac9c7c9\"><div class=\"swiper-content\">\n<figure class=\"wp-block-image size-full\"><img loading=\"lazy\" decoding=\"async\" width=\"1000\" height=\"667\" src=\"https:\/\/balteschwiler.ch\/wp-content\/uploads\/2023\/11\/referenzen-terrassen-koiteich-utzenstord-7.jpg\" alt=\"koi-teich mit kebony clear terrassendielen\" class=\"wp-image-8674\" srcset=\"https:\/\/balteschwiler.ch\/wp-content\/uploads\/2023\/11\/referenzen-terrassen-koiteich-utzenstord-7.jpg 1000w, https:\/\/balteschwiler.ch\/wp-content\/uploads\/2023\/11\/referenzen-terrassen-koiteich-utzenstord-7-300x200.jpg 300w, https:\/\/balteschwiler.ch\/wp-content\/uploads\/2023\/11\/referenzen-terrassen-koiteich-utzenstord-7-768x512.jpg 768w, https:\/\/balteschwiler.ch\/wp-content\/uploads\/2023\/11\/referenzen-terrassen-koiteich-utzenstord-7-50x33.jpg 50w\" sizes=\"auto, (max-width: 1000px) 100vw, 1000px\" \/><\/figure>\n<\/div><\/div>\n<\/div><\/div><div class=\"swiper-button-prev\"><\/div><div class=\"swiper-button-next\"><\/div><\/div>\n\n\n\n<div style=\"height:50px\" aria-hidden=\"true\" class=\"wp-block-spacer\"><\/div>\n\n\n\n<div class=\"wp-block-columns is-layout-flex wp-container-core-columns-is-layout-9d6595d7 wp-block-columns-is-layout-flex\">\n<div class=\"wp-block-column is-layout-flow wp-block-column-is-layout-flow\" style=\"flex-basis:66.66%\">\n<hr class=\"wp-block-separator has-text-color has-contrast-color has-alpha-channel-opacity has-contrast-background-color has-background\"\/>\n\n\n\n<h2 class=\"wp-block-heading\">Maison individuelle avec \u00e9tang \u00e0 ko\u00efs, Utzenstorf<\/h2>\n\n\n\n<p>Pour transformer la zone situ\u00e9e entre la maison familialeet l\u02bc\u00e9tang de ko\u00ef\/piscine en un lieu de d\u00e9tenteoptimal, le ma\u00eetre d\u02bcouvrage a opt\u00e9 pour des lames deterrasse Kebony Clear. La veinure naturelle des lamesde terrasse et les transitions d\u00e9lib\u00e9r\u00e9ment con\u00e7uesavec l\u02bcenvironnement adjacent conf\u00e8rent \u00e0 la terrasseun aspect unique. Les multiples propri\u00e9t\u00e9s positives des lames de terrasse Kebony Clear sont parfaitement mises en valeurdans ce projet: une caract\u00e9ristique cl\u00e9 du bois modifi\u00e9est sa r\u00e9sistance \u00e0 l\u02bchumidit\u00e9. La facilit\u00e9 d\u02bcusinage deslames de terrasse Kebony Clear permet de les poserselon des formes libres individuelles sans traitementult\u00e9rieur fastidieux des surfaces coup\u00e9es. Le proc\u00e9d\u00e9brevet\u00e9 de modification du bois rend Kebony Clearparticuli\u00e8rement r\u00e9sistant \u00e0 la pourriture, aux champignonset autres micro-organismes qui d\u00e9truisent lebois, ce qui en fait un choix durable et p\u00e9renne.Les avantages esth\u00e9tiques de ces lames de terrassesont \u00e9galement une particularit\u00e9 : au fil du temps, lebois d\u00e9veloppe une patine gris argent\u00e9 qui soulignele charme du rev\u00eatement de terrasse naturel sans enalt\u00e9rer les propri\u00e9t\u00e9s techniques. Kebony Clear s\u02bcint\u00e8gre parfaitement et de mani\u00e8re flexibledans tout type d\u02bcam\u00e9nagement de jardin sophistiqu\u00e9. C\u02bcest le choix id\u00e9al pour tous les sols de terrassequi doivent non seulement \u00eatre durables, mais aussi\u00e9cologiques et esth\u00e9tiques.<\/p>\n\n\n<div class=\"gb-button-wrapper gb-button-wrapper-7c34dbc8\">\n\n<a class=\"gb-button gb-button-b8c1b8eb gb-button-text smooth-scroll button-border-none\" href=\"https:\/\/balteschwiler.ch\/wp-content\/uploads\/2023\/12\/22-referenzen-terrassen-kebony-clear-utzenstorf-fr-low.pdf\" target=\"_blank\" rel=\"noopener noreferrer\">Fiche de r\u00e9f\u00e9rence<\/a>\n\n<\/div><\/div>\n\n\n\n<div class=\"wp-block-column spalte-custom-space-left is-layout-flow wp-block-column-is-layout-flow\" style=\"flex-basis:33.33%\">\n<hr class=\"wp-block-separator has-text-color has-contrast-color has-alpha-channel-opacity has-contrast-background-color has-background\"\/>\n\n\n\n<p><strong>Ann\u00e9e de construction<\/strong><br>2021\/2022<br><\/p>\n\n\n\n<p><strong>Type de b\u00e2timent \/ usage<\/strong><br>Maison individuelle<\/p>\n\n\n\n<p><strong>Ma\u00eetre d\u2018ouvrage<\/strong><br>Daniel F\u00e4ssler<\/p>\n\n\n\n<p><strong>Architecture<\/strong><br>Traumteiche <\/p>\n\n\n\n<p><strong>Partenaire d\u2018ex\u00e9cution<\/strong><br>Traumteiche by Hydro Remund GmbH, G\u00fcmmenen<br><\/p>\n\n\n\n<p><strong>Produits et services Balteschwiler utilis\u00e9s<\/strong><br>Kebony Clear<\/p>\n<\/div>\n<\/div>\n\n<\/div><\/div>","protected":false},"excerpt":{"rendered":"<p>Maison individuelle avec \u00e9tang \u00e0 ko\u00efs, Utzenstorf Pour transformer la zone situ\u00e9e entre la maison familialeet l\u02bc\u00e9tang de ko\u00ef\/piscine en un lieu de d\u00e9tenteoptimal, le ma\u00eetre d\u02bcouvrage a opt\u00e9 pour &#8230; <a title=\"Kebony Clear Utzenstorf\" class=\"read-more\" href=\"https:\/\/balteschwiler.ch\/fr\/references\/kebony-clear-utzenstorf\/\" aria-label=\"En savoir plus sur Kebony Clear Utzenstorf\">Mehr<\/a><\/p>\n","protected":false},"author":2,"featured_media":0,"parent":8941,"menu_order":0,"comment_status":"closed","ping_status":"closed","template":"","meta":{"_acf_changed":false,"inline_featured_image":false,"_uag_custom_page_level_css":"","footnotes":""},"class_list":["post-8936","page","type-page","status-publish"],"acf":[],"yoast_head":"<!-- This site is optimized with the Yoast SEO plugin v27.5 - https:\/\/yoast.com\/product\/yoast-seo-wordpress\/ -->\n<title>Kebony Clear Utzenstorf - Balteschwiler AG<\/title>\n<meta name=\"robots\" content=\"index, follow, max-snippet:-1, max-image-preview:large, max-video-preview:-1\" \/>\n<link rel=\"canonical\" href=\"https:\/\/balteschwiler.ch\/fr\/references\/kebony-clear-utzenstorf\/\" \/>\n<meta property=\"og:locale\" content=\"fr_FR\" \/>\n<meta property=\"og:type\" content=\"article\" \/>\n<meta property=\"og:title\" content=\"Kebony Clear Utzenstorf - Balteschwiler AG\" \/>\n<meta property=\"og:description\" content=\"Maison individuelle avec \u00e9tang \u00e0 ko\u00efs, Utzenstorf Pour transformer la zone situ\u00e9e entre la maison familialeet l\u02bc\u00e9tang de ko\u00ef\/piscine en un lieu de d\u00e9tenteoptimal, le ma\u00eetre d\u02bcouvrage a opt\u00e9 pour ... Mehr\" \/>\n<meta property=\"og:url\" content=\"https:\/\/balteschwiler.ch\/fr\/references\/kebony-clear-utzenstorf\/\" \/>\n<meta property=\"og:site_name\" content=\"Balteschwiler AG\" \/>\n<meta property=\"article:publisher\" content=\"https:\/\/www.facebook.com\/balteschwiler\" \/>\n<meta property=\"article:modified_time\" content=\"2025-05-06T11:56:08+00:00\" \/>\n<meta property=\"og:image\" content=\"https:\/\/balteschwiler.ch\/wp-content\/uploads\/2023\/06\/Referenz-Koi-Teich-Web.jpg\" \/>\n\t<meta property=\"og:image:width\" content=\"1000\" \/>\n\t<meta property=\"og:image:height\" content=\"667\" \/>\n\t<meta property=\"og:image:type\" content=\"image\/jpeg\" \/>\n<meta name=\"twitter:card\" content=\"summary_large_image\" \/>\n<meta name=\"twitter:label1\" content=\"Dur\u00e9e de lecture estim\u00e9e\" \/>\n\t<meta name=\"twitter:data1\" content=\"3 minutes\" \/>\n<script type=\"application\/ld+json\" class=\"yoast-schema-graph\">{\"@context\":\"https:\\\/\\\/schema.org\",\"@graph\":[{\"@type\":\"WebPage\",\"@id\":\"https:\\\/\\\/balteschwiler.ch\\\/fr\\\/references\\\/kebony-clear-utzenstorf\\\/\",\"url\":\"https:\\\/\\\/balteschwiler.ch\\\/fr\\\/references\\\/kebony-clear-utzenstorf\\\/\",\"name\":\"Kebony Clear Utzenstorf - Balteschwiler AG\",\"isPartOf\":{\"@id\":\"https:\\\/\\\/balteschwiler.ch\\\/#website\"},\"primaryImageOfPage\":{\"@id\":\"https:\\\/\\\/balteschwiler.ch\\\/fr\\\/references\\\/kebony-clear-utzenstorf\\\/#primaryimage\"},\"image\":{\"@id\":\"https:\\\/\\\/balteschwiler.ch\\\/fr\\\/references\\\/kebony-clear-utzenstorf\\\/#primaryimage\"},\"thumbnailUrl\":\"https:\\\/\\\/balteschwiler.ch\\\/wp-content\\\/uploads\\\/2023\\\/06\\\/Referenz-Koi-Teich-Web.jpg\",\"datePublished\":\"2023-06-23T12:05:19+00:00\",\"dateModified\":\"2025-05-06T11:56:08+00:00\",\"breadcrumb\":{\"@id\":\"https:\\\/\\\/balteschwiler.ch\\\/fr\\\/references\\\/kebony-clear-utzenstorf\\\/#breadcrumb\"},\"inLanguage\":\"fr-FR\",\"potentialAction\":[{\"@type\":\"ReadAction\",\"target\":[\"https:\\\/\\\/balteschwiler.ch\\\/fr\\\/references\\\/kebony-clear-utzenstorf\\\/\"]}]},{\"@type\":\"ImageObject\",\"inLanguage\":\"fr-FR\",\"@id\":\"https:\\\/\\\/balteschwiler.ch\\\/fr\\\/references\\\/kebony-clear-utzenstorf\\\/#primaryimage\",\"url\":\"https:\\\/\\\/balteschwiler.ch\\\/wp-content\\\/uploads\\\/2023\\\/06\\\/Referenz-Koi-Teich-Web.jpg\",\"contentUrl\":\"https:\\\/\\\/balteschwiler.ch\\\/wp-content\\\/uploads\\\/2023\\\/06\\\/Referenz-Koi-Teich-Web.jpg\"},{\"@type\":\"BreadcrumbList\",\"@id\":\"https:\\\/\\\/balteschwiler.ch\\\/fr\\\/references\\\/kebony-clear-utzenstorf\\\/#breadcrumb\",\"itemListElement\":[{\"@type\":\"ListItem\",\"position\":1,\"name\":\"R\u00e9f\u00e9rences\",\"item\":\"https:\\\/\\\/balteschwiler.ch\\\/fr\\\/references\\\/\"},{\"@type\":\"ListItem\",\"position\":2,\"name\":\"Kebony Clear Utzenstorf\"}]},{\"@type\":\"WebSite\",\"@id\":\"https:\\\/\\\/balteschwiler.ch\\\/#website\",\"url\":\"https:\\\/\\\/balteschwiler.ch\\\/\",\"name\":\"Balteschwiler AG\",\"description\":\"\",\"publisher\":{\"@id\":\"https:\\\/\\\/balteschwiler.ch\\\/#organization\"},\"potentialAction\":[{\"@type\":\"SearchAction\",\"target\":{\"@type\":\"EntryPoint\",\"urlTemplate\":\"https:\\\/\\\/balteschwiler.ch\\\/?s={search_term_string}\"},\"query-input\":{\"@type\":\"PropertyValueSpecification\",\"valueRequired\":true,\"valueName\":\"search_term_string\"}}],\"inLanguage\":\"fr-FR\"},{\"@type\":\"Organization\",\"@id\":\"https:\\\/\\\/balteschwiler.ch\\\/#organization\",\"name\":\"Balteschwiler AG\",\"url\":\"https:\\\/\\\/balteschwiler.ch\\\/\",\"logo\":{\"@type\":\"ImageObject\",\"inLanguage\":\"fr-FR\",\"@id\":\"https:\\\/\\\/balteschwiler.ch\\\/#\\\/schema\\\/logo\\\/image\\\/\",\"url\":\"https:\\\/\\\/balteschwiler.ch\\\/wp-content\\\/uploads\\\/2022\\\/09\\\/rz_BAL_Logo_d_rgb.png\",\"contentUrl\":\"https:\\\/\\\/balteschwiler.ch\\\/wp-content\\\/uploads\\\/2022\\\/09\\\/rz_BAL_Logo_d_rgb.png\",\"width\":1182,\"height\":224,\"caption\":\"Balteschwiler AG\"},\"image\":{\"@id\":\"https:\\\/\\\/balteschwiler.ch\\\/#\\\/schema\\\/logo\\\/image\\\/\"},\"sameAs\":[\"https:\\\/\\\/www.facebook.com\\\/balteschwiler\"]}]}<\/script>\n<!-- \/ Yoast SEO plugin. -->","yoast_head_json":{"title":"Kebony Clear Utzenstorf - Balteschwiler AG","robots":{"index":"index","follow":"follow","max-snippet":"max-snippet:-1","max-image-preview":"max-image-preview:large","max-video-preview":"max-video-preview:-1"},"canonical":"https:\/\/balteschwiler.ch\/fr\/references\/kebony-clear-utzenstorf\/","og_locale":"fr_FR","og_type":"article","og_title":"Kebony Clear Utzenstorf - Balteschwiler AG","og_description":"Maison individuelle avec \u00e9tang \u00e0 ko\u00efs, Utzenstorf Pour transformer la zone situ\u00e9e entre la maison familialeet l\u02bc\u00e9tang de ko\u00ef\/piscine en un lieu de d\u00e9tenteoptimal, le ma\u00eetre d\u02bcouvrage a opt\u00e9 pour ... Mehr","og_url":"https:\/\/balteschwiler.ch\/fr\/references\/kebony-clear-utzenstorf\/","og_site_name":"Balteschwiler AG","article_publisher":"https:\/\/www.facebook.com\/balteschwiler","article_modified_time":"2025-05-06T11:56:08+00:00","og_image":[{"width":1000,"height":667,"url":"https:\/\/balteschwiler.ch\/wp-content\/uploads\/2023\/06\/Referenz-Koi-Teich-Web.jpg","type":"image\/jpeg"}],"twitter_card":"summary_large_image","twitter_misc":{"Dur\u00e9e de lecture estim\u00e9e":"3 minutes"},"schema":{"@context":"https:\/\/schema.org","@graph":[{"@type":"WebPage","@id":"https:\/\/balteschwiler.ch\/fr\/references\/kebony-clear-utzenstorf\/","url":"https:\/\/balteschwiler.ch\/fr\/references\/kebony-clear-utzenstorf\/","name":"Kebony Clear Utzenstorf - Balteschwiler AG","isPartOf":{"@id":"https:\/\/balteschwiler.ch\/#website"},"primaryImageOfPage":{"@id":"https:\/\/balteschwiler.ch\/fr\/references\/kebony-clear-utzenstorf\/#primaryimage"},"image":{"@id":"https:\/\/balteschwiler.ch\/fr\/references\/kebony-clear-utzenstorf\/#primaryimage"},"thumbnailUrl":"https:\/\/balteschwiler.ch\/wp-content\/uploads\/2023\/06\/Referenz-Koi-Teich-Web.jpg","datePublished":"2023-06-23T12:05:19+00:00","dateModified":"2025-05-06T11:56:08+00:00","breadcrumb":{"@id":"https:\/\/balteschwiler.ch\/fr\/references\/kebony-clear-utzenstorf\/#breadcrumb"},"inLanguage":"fr-FR","potentialAction":[{"@type":"ReadAction","target":["https:\/\/balteschwiler.ch\/fr\/references\/kebony-clear-utzenstorf\/"]}]},{"@type":"ImageObject","inLanguage":"fr-FR","@id":"https:\/\/balteschwiler.ch\/fr\/references\/kebony-clear-utzenstorf\/#primaryimage","url":"https:\/\/balteschwiler.ch\/wp-content\/uploads\/2023\/06\/Referenz-Koi-Teich-Web.jpg","contentUrl":"https:\/\/balteschwiler.ch\/wp-content\/uploads\/2023\/06\/Referenz-Koi-Teich-Web.jpg"},{"@type":"BreadcrumbList","@id":"https:\/\/balteschwiler.ch\/fr\/references\/kebony-clear-utzenstorf\/#breadcrumb","itemListElement":[{"@type":"ListItem","position":1,"name":"R\u00e9f\u00e9rences","item":"https:\/\/balteschwiler.ch\/fr\/references\/"},{"@type":"ListItem","position":2,"name":"Kebony Clear Utzenstorf"}]},{"@type":"WebSite","@id":"https:\/\/balteschwiler.ch\/#website","url":"https:\/\/balteschwiler.ch\/","name":"Balteschwiler AG","description":"","publisher":{"@id":"https:\/\/balteschwiler.ch\/#organization"},"potentialAction":[{"@type":"SearchAction","target":{"@type":"EntryPoint","urlTemplate":"https:\/\/balteschwiler.ch\/?s={search_term_string}"},"query-input":{"@type":"PropertyValueSpecification","valueRequired":true,"valueName":"search_term_string"}}],"inLanguage":"fr-FR"},{"@type":"Organization","@id":"https:\/\/balteschwiler.ch\/#organization","name":"Balteschwiler AG","url":"https:\/\/balteschwiler.ch\/","logo":{"@type":"ImageObject","inLanguage":"fr-FR","@id":"https:\/\/balteschwiler.ch\/#\/schema\/logo\/image\/","url":"https:\/\/balteschwiler.ch\/wp-content\/uploads\/2022\/09\/rz_BAL_Logo_d_rgb.png","contentUrl":"https:\/\/balteschwiler.ch\/wp-content\/uploads\/2022\/09\/rz_BAL_Logo_d_rgb.png","width":1182,"height":224,"caption":"Balteschwiler AG"},"image":{"@id":"https:\/\/balteschwiler.ch\/#\/schema\/logo\/image\/"},"sameAs":["https:\/\/www.facebook.com\/balteschwiler"]}]}},"uagb_featured_image_src":{"full":false,"thumbnail":false,"medium":false,"medium_large":false,"large":false,"1536x1536":false,"2048x2048":false,"gform-image-choice-sm":false,"gform-image-choice-md":false,"gform-image-choice-lg":false},"uagb_author_info":{"display_name":"Balteschwiler Marketing","author_link":"https:\/\/balteschwiler.ch\/fr\/author\/infobalteschwiler-ch\/"},"uagb_comment_info":0,"uagb_excerpt":"Maison individuelle avec \u00e9tang \u00e0 ko\u00efs, Utzenstorf Pour transformer la zone situ\u00e9e entre la maison familialeet l\u02bc\u00e9tang de ko\u00ef\/piscine en un lieu de d\u00e9tenteoptimal, le ma\u00eetre d\u02bcouvrage a opt\u00e9 pour ... Mehr","_links":{"self":[{"href":"https:\/\/balteschwiler.ch\/fr\/wp-json\/wp\/v2\/pages\/8936","targetHints":{"allow":["GET"]}}],"collection":[{"href":"https:\/\/balteschwiler.ch\/fr\/wp-json\/wp\/v2\/pages"}],"about":[{"href":"https:\/\/balteschwiler.ch\/fr\/wp-json\/wp\/v2\/types\/page"}],"author":[{"embeddable":true,"href":"https:\/\/balteschwiler.ch\/fr\/wp-json\/wp\/v2\/users\/2"}],"replies":[{"embeddable":true,"href":"https:\/\/balteschwiler.ch\/fr\/wp-json\/wp\/v2\/comments?post=8936"}],"version-history":[{"count":5,"href":"https:\/\/balteschwiler.ch\/fr\/wp-json\/wp\/v2\/pages\/8936\/revisions"}],"predecessor-version":[{"id":12089,"href":"https:\/\/balteschwiler.ch\/fr\/wp-json\/wp\/v2\/pages\/8936\/revisions\/12089"}],"up":[{"embeddable":true,"href":"https:\/\/balteschwiler.ch\/fr\/wp-json\/wp\/v2\/pages\/8941"}],"wp:attachment":[{"href":"https:\/\/balteschwiler.ch\/fr\/wp-json\/wp\/v2\/media?parent=8936"}],"curies":[{"name":"wp","href":"https:\/\/api.w.org\/{rel}","templated":true}]}}