{"id":9037,"date":"2023-11-09T15:09:28","date_gmt":"2023-11-09T14:09:28","guid":{"rendered":"https:\/\/balteschwiler.ch\/references\/bruckenkorper\/"},"modified":"2023-12-18T16:06:40","modified_gmt":"2023-12-18T15:06:40","slug":"bruckenkorper","status":"publish","type":"page","link":"https:\/\/balteschwiler.ch\/fr\/references\/bruckenkorper\/","title":{"rendered":"Corps de pont"},"content":{"rendered":"<div class=\"gb-container gb-container-6ec57639 loadondesktop\"><div class=\"gb-inside-container\">\n<div class=\"gb-grid-wrapper gb-grid-wrapper-d212ffc2\">\n<div class=\"gb-grid-column gb-grid-column-6290146c\"><div class=\"gb-container gb-container-6290146c\"><div class=\"gb-inside-container\">\n\n<p class=\"gb-headline gb-headline-a9091560 gb-headline-text\"><strong>Produits constructifs<\/strong><\/p>\n\n\n\n<h1 class=\"gb-headline gb-headline-ae3932be gb-headline-text\"><strong>Usinage CNC &amp; traitement de corps de pont<\/strong><\/h1>\n\n<\/div><\/div><\/div>\n<\/div>\n<\/div><\/div>\n\n<div class=\"gb-container gb-container-0f7de636\"><div class=\"gb-inside-container\">\n\n<div class=\"wp-block-uagb-slider uagb-block-fcd85a6a uagb-slider-container\"><div class=\"uagb-slides uagb-swiper\"><div class=\"swiper-wrapper\">\n<div class=\"wp-block-uagb-slider-child uagb-slider-child-wrap swiper-slide uagb-block-6bb11d49\"><div class=\"swiper-content\">\n<figure class=\"wp-block-image size-full\"><img loading=\"lazy\" decoding=\"async\" width=\"1000\" height=\"668\" src=\"https:\/\/balteschwiler.ch\/wp-content\/uploads\/2023\/11\/Steg-Seeblickweg_Harrer-Ingenieure-GmbH.png\" alt=\"\" class=\"wp-image-8375\" srcset=\"https:\/\/balteschwiler.ch\/wp-content\/uploads\/2023\/11\/Steg-Seeblickweg_Harrer-Ingenieure-GmbH.png 1000w, https:\/\/balteschwiler.ch\/wp-content\/uploads\/2023\/11\/Steg-Seeblickweg_Harrer-Ingenieure-GmbH-300x200.png 300w, https:\/\/balteschwiler.ch\/wp-content\/uploads\/2023\/11\/Steg-Seeblickweg_Harrer-Ingenieure-GmbH-768x513.png 768w\" sizes=\"auto, (max-width: 1000px) 100vw, 1000px\" \/><\/figure>\n<\/div><\/div>\n\n\n\n<div class=\"wp-block-uagb-slider-child uagb-slider-child-wrap swiper-slide uagb-block-73cf9880\"><div class=\"swiper-content\">\n<figure class=\"wp-block-image size-full\"><img loading=\"lazy\" decoding=\"async\" width=\"1000\" height=\"660\" src=\"https:\/\/balteschwiler.ch\/wp-content\/uploads\/2023\/11\/referenzen-konstruktiv-bruecke-stuttgart-4.jpg\" alt=\"\" class=\"wp-image-8331\" srcset=\"https:\/\/balteschwiler.ch\/wp-content\/uploads\/2023\/11\/referenzen-konstruktiv-bruecke-stuttgart-4.jpg 1000w, https:\/\/balteschwiler.ch\/wp-content\/uploads\/2023\/11\/referenzen-konstruktiv-bruecke-stuttgart-4-300x198.jpg 300w, https:\/\/balteschwiler.ch\/wp-content\/uploads\/2023\/11\/referenzen-konstruktiv-bruecke-stuttgart-4-768x507.jpg 768w\" sizes=\"auto, (max-width: 1000px) 100vw, 1000px\" \/><\/figure>\n<\/div><\/div>\n\n\n\n<div class=\"wp-block-uagb-slider-child uagb-slider-child-wrap swiper-slide uagb-block-297ab518\"><div class=\"swiper-content\">\n<figure class=\"wp-block-image size-full\"><img loading=\"lazy\" decoding=\"async\" width=\"1000\" height=\"667\" src=\"https:\/\/balteschwiler.ch\/wp-content\/uploads\/2023\/11\/referenzen-konstruktiv-bruecke-stuttgart-3.jpg\" alt=\"\" class=\"wp-image-8329\" srcset=\"https:\/\/balteschwiler.ch\/wp-content\/uploads\/2023\/11\/referenzen-konstruktiv-bruecke-stuttgart-3.jpg 1000w, https:\/\/balteschwiler.ch\/wp-content\/uploads\/2023\/11\/referenzen-konstruktiv-bruecke-stuttgart-3-300x200.jpg 300w, https:\/\/balteschwiler.ch\/wp-content\/uploads\/2023\/11\/referenzen-konstruktiv-bruecke-stuttgart-3-768x512.jpg 768w\" sizes=\"auto, (max-width: 1000px) 100vw, 1000px\" \/><\/figure>\n<\/div><\/div>\n\n\n\n<div class=\"wp-block-uagb-slider-child uagb-slider-child-wrap swiper-slide uagb-block-2128fd97\"><div class=\"swiper-content\">\n<figure class=\"wp-block-image size-full\"><img loading=\"lazy\" decoding=\"async\" width=\"1000\" height=\"667\" src=\"https:\/\/balteschwiler.ch\/wp-content\/uploads\/2023\/11\/referenzen-konstruktiv-bruecke-stuttgart-2.jpg\" alt=\"\" class=\"wp-image-8327\" srcset=\"https:\/\/balteschwiler.ch\/wp-content\/uploads\/2023\/11\/referenzen-konstruktiv-bruecke-stuttgart-2.jpg 1000w, https:\/\/balteschwiler.ch\/wp-content\/uploads\/2023\/11\/referenzen-konstruktiv-bruecke-stuttgart-2-300x200.jpg 300w, https:\/\/balteschwiler.ch\/wp-content\/uploads\/2023\/11\/referenzen-konstruktiv-bruecke-stuttgart-2-768x512.jpg 768w\" sizes=\"auto, (max-width: 1000px) 100vw, 1000px\" \/><\/figure>\n<\/div><\/div>\n\n\n\n<div class=\"wp-block-uagb-slider-child uagb-slider-child-wrap swiper-slide uagb-block-d680947f\"><div class=\"swiper-content\">\n<figure class=\"wp-block-image size-full\"><img loading=\"lazy\" decoding=\"async\" width=\"1000\" height=\"660\" src=\"https:\/\/balteschwiler.ch\/wp-content\/uploads\/2023\/11\/referenzen-konstruktiv-bruecke-stuttgart-1.jpg\" alt=\"\" class=\"wp-image-8325\" srcset=\"https:\/\/balteschwiler.ch\/wp-content\/uploads\/2023\/11\/referenzen-konstruktiv-bruecke-stuttgart-1.jpg 1000w, https:\/\/balteschwiler.ch\/wp-content\/uploads\/2023\/11\/referenzen-konstruktiv-bruecke-stuttgart-1-300x198.jpg 300w, https:\/\/balteschwiler.ch\/wp-content\/uploads\/2023\/11\/referenzen-konstruktiv-bruecke-stuttgart-1-768x507.jpg 768w\" sizes=\"auto, (max-width: 1000px) 100vw, 1000px\" \/><\/figure>\n<\/div><\/div>\n\n\n\n<div class=\"wp-block-uagb-slider-child uagb-slider-child-wrap swiper-slide uagb-block-2977e9fc\"><div class=\"swiper-content\">\n<figure class=\"wp-block-image size-full\"><img loading=\"lazy\" decoding=\"async\" width=\"1000\" height=\"667\" src=\"https:\/\/balteschwiler.ch\/wp-content\/uploads\/2023\/11\/referenzen-konstruktiv-bruecke-stuttgart-7.jpg\" alt=\"\" class=\"wp-image-8323\" srcset=\"https:\/\/balteschwiler.ch\/wp-content\/uploads\/2023\/11\/referenzen-konstruktiv-bruecke-stuttgart-7.jpg 1000w, https:\/\/balteschwiler.ch\/wp-content\/uploads\/2023\/11\/referenzen-konstruktiv-bruecke-stuttgart-7-300x200.jpg 300w, https:\/\/balteschwiler.ch\/wp-content\/uploads\/2023\/11\/referenzen-konstruktiv-bruecke-stuttgart-7-768x512.jpg 768w\" sizes=\"auto, (max-width: 1000px) 100vw, 1000px\" \/><\/figure>\n<\/div><\/div>\n\n\n\n<div class=\"wp-block-uagb-slider-child uagb-slider-child-wrap swiper-slide uagb-block-04e6cb9b\"><div class=\"swiper-content\">\n<figure class=\"wp-block-image size-full\"><img loading=\"lazy\" decoding=\"async\" width=\"1000\" height=\"667\" src=\"https:\/\/balteschwiler.ch\/wp-content\/uploads\/2023\/11\/referenzen-konstruktiv-bruecke-stuttgart-6.jpg\" alt=\"\" class=\"wp-image-8321\" srcset=\"https:\/\/balteschwiler.ch\/wp-content\/uploads\/2023\/11\/referenzen-konstruktiv-bruecke-stuttgart-6.jpg 1000w, https:\/\/balteschwiler.ch\/wp-content\/uploads\/2023\/11\/referenzen-konstruktiv-bruecke-stuttgart-6-300x200.jpg 300w, https:\/\/balteschwiler.ch\/wp-content\/uploads\/2023\/11\/referenzen-konstruktiv-bruecke-stuttgart-6-768x512.jpg 768w\" sizes=\"auto, (max-width: 1000px) 100vw, 1000px\" \/><\/figure>\n<\/div><\/div>\n\n\n\n<div class=\"wp-block-uagb-slider-child uagb-slider-child-wrap swiper-slide uagb-block-c5622320\"><div class=\"swiper-content\">\n<figure class=\"wp-block-image size-full\"><img loading=\"lazy\" decoding=\"async\" width=\"1000\" height=\"667\" src=\"https:\/\/balteschwiler.ch\/wp-content\/uploads\/2023\/11\/referenzen-konstruktiv-bruecke-stuttgart-5.jpg\" alt=\"\" class=\"wp-image-8319\" srcset=\"https:\/\/balteschwiler.ch\/wp-content\/uploads\/2023\/11\/referenzen-konstruktiv-bruecke-stuttgart-5.jpg 1000w, https:\/\/balteschwiler.ch\/wp-content\/uploads\/2023\/11\/referenzen-konstruktiv-bruecke-stuttgart-5-300x200.jpg 300w, https:\/\/balteschwiler.ch\/wp-content\/uploads\/2023\/11\/referenzen-konstruktiv-bruecke-stuttgart-5-768x512.jpg 768w\" sizes=\"auto, (max-width: 1000px) 100vw, 1000px\" \/><\/figure>\n<\/div><\/div>\n<\/div><\/div><div class=\"swiper-button-prev\"><\/div><div class=\"swiper-button-next\"><\/div><\/div>\n\n\n\n<div style=\"height:50px\" aria-hidden=\"true\" class=\"wp-block-spacer\"><\/div>\n\n\n\n<div class=\"wp-block-columns is-layout-flex wp-container-core-columns-is-layout-9d6595d7 wp-block-columns-is-layout-flex\">\n<div class=\"wp-block-column is-layout-flow wp-block-column-is-layout-flow\" style=\"flex-basis:66.66%\">\n<hr class=\"wp-block-separator has-text-color has-contrast-color has-alpha-channel-opacity has-contrast-background-color has-background\"\/>\n\n\n\n<h2 class=\"wp-block-heading\">Pont pour pi\u00e9tons et cyclistes Seeblickweg, Stuttgart<\/h2>\n\n\n\n<p class=\"has-medium-font-size\"> <\/p>\n\n\n\n<p><strong>Pont innovant \u00e0 forme libre \u00e0 Stuttgart<\/strong><br><br>Stuttgart emprunte de nouvelles voies dans la cons\u00adtruction de ponts : de mani\u00e8re innovante, le bois et le b\u00e9ton sont utilis\u00e9s en combinaison pour le pont de 70 m\u00e8tres de long pour pi\u00e9tons et cyclistes \u00abSeeblick\u00adweg\u00bb. Gr\u00e2ce \u00e0 notre installation CNC TechnoWood ultramoderne, nous avons fabriqu\u00e9 les deux corps de pont de forme libre en collaboration avec la soci\u00e9t\u00e9 Ing. Holzleimbau Wiedmann. Les dimensions des corps de pont sont impressionnan\u00adtes : <strong>24 m de long, 2,22 m de large, 0,7 m de haut et un poids de pr\u00e8s de 16 tonnes chacun<\/strong>. Il s&rsquo;agit du premier pont de Stuttgart r\u00e9alis\u00e9 en combinant le bois et le b\u00e9ton carbone, un mat\u00e9riau de construction innovant. Dans ce dernier, des nattes en fibres de carbone rem\u00adplacent l&rsquo;armature classique en acier. L&rsquo;\u00e9paisseur des \u00e9l\u00e9ments et le poids propre de la construction peuvent ainsi \u00eatre consid\u00e9rablement r\u00e9duits. Si les corps de ponts sont impressionnants, leur fabri\u00adcation a \u00e9galement \u00e9t\u00e9 un d\u00e9fi. \u00c0 l&rsquo;aide de plusieurs mod\u00e8les 3D dessin\u00e9s par la soci\u00e9t\u00e9 Design-to-Pro\u00adduction GmbH, nous avons cr\u00e9\u00e9 les donn\u00e9es pour les machines dans Lignocam et effectu\u00e9 les usinages avec la plus grande pr\u00e9cision. De plus, nous nous sommes charg\u00e9s du traitement de surface, de la mise en place d&rsquo;une protection pour la dur\u00e9e de la construction et du vissage de ferrures additionnelles pour le cisaillement.<\/p>\n\n\n<div class=\"gb-button-wrapper gb-button-wrapper-7c34dbc8\">\n\n<a class=\"gb-button gb-button-b8c1b8eb gb-button-text smooth-scroll button-border-none\" href=\"https:\/\/balteschwiler.ch\/wp-content\/uploads\/2023\/12\/Rohbau_2022_Steg-Seeblickweg-Stuttgart_FR.pdf\" target=\"_blank\" rel=\"noopener noreferrer\">Fiche de r\u00e9f\u00e9rence<\/a>\n\n<\/div><\/div>\n\n\n\n<div class=\"wp-block-column spalte-custom-space-left is-layout-flow wp-block-column-is-layout-flow\" style=\"flex-basis:33.33%\">\n<hr class=\"wp-block-separator has-text-color has-contrast-color has-alpha-channel-opacity has-contrast-background-color has-background\"\/>\n\n\n\n<p><strong>Ann\u00e9e de construction<\/strong> <br>2023<\/p>\n\n\n\n<p><strong>Ma\u00eetre d\u02bcouvrage<\/strong> Landeshauptstadt Stuttgart, Tech\u00adnisches Referat, Tiefbauamt<\/p>\n\n\n\n<p><strong>Planification de la construction du pont<\/strong><br>Harrer Ingenieure GmbH, Ostfildern-Nellingen<\/p>\n\n\n\n<p><strong>Ex\u00e9cution des travaux <\/strong><br>Wolff &amp; M\u00fcller Ingenieurbau GmbH, Stuttgart<\/p>\n\n\n\n<p><strong>Fabrication du bois lamell\u00e9-coll\u00e9<\/strong><br>Ing. Holzleimbau Wiedmann, Rheinfelden-Minseln<\/p>\n\n\n\n<p><strong>Prestations de Balteschwiler SA<\/strong><br>Usinage CNC des deux corps de pont de forme libre, traitement de toutes les faces avec LIGNOPRO\u00ae BSH-Varnish &amp; rev\u00eatement de la face sup\u00e9rieure avec de la r\u00e9sine \u00e9poxy, mise en place de bandes de film pour la protection pendant la construction et vissage de vis suppl\u00e9mentaires sur la surface du pont pour le cisaille\u00adment.<\/p>\n<\/div>\n<\/div>\n\n\n\n<div style=\"height:100px\" aria-hidden=\"true\" class=\"wp-block-spacer\"><\/div>\n\n\n\n<figure class=\"wp-block-embed is-type-video is-provider-youtube wp-block-embed-youtube wp-embed-aspect-16-9 wp-has-aspect-ratio\"><div class=\"wp-block-embed__wrapper\">\n<iframe loading=\"lazy\" hcb-fetch-image-from=\"https:\/\/youtu.be\/P9YCOHPGu6A\" title=\"Fussg\u00e4nger- und Radbr\u00fccke Seeblickweg: Meisterhafter BSH-Abbund von Balteschwiler in der Schweiz\" width=\"1200\" height=\"675\" src=\"https:\/\/www.youtube.com\/embed\/P9YCOHPGu6A?feature=oembed\" frameborder=\"0\" allow=\"accelerometer; autoplay; clipboard-write; encrypted-media; gyroscope; picture-in-picture; web-share\" allowfullscreen><\/iframe>\n<\/div><\/figure>\n\n<\/div><\/div>","protected":false},"excerpt":{"rendered":"<p>Pont pour pi\u00e9tons et cyclistes Seeblickweg, Stuttgart Pont innovant \u00e0 forme libre \u00e0 Stuttgart Stuttgart emprunte de nouvelles voies dans la cons\u00adtruction de ponts : de mani\u00e8re innovante, le bois &#8230; <a title=\"Corps de pont\" class=\"read-more\" href=\"https:\/\/balteschwiler.ch\/fr\/references\/bruckenkorper\/\" aria-label=\"En savoir plus sur Corps de pont\">Mehr<\/a><\/p>\n","protected":false},"author":2,"featured_media":0,"parent":8941,"menu_order":0,"comment_status":"closed","ping_status":"closed","template":"","meta":{"_acf_changed":false,"inline_featured_image":false,"_uag_custom_page_level_css":"","footnotes":""},"class_list":["post-9037","page","type-page","status-publish"],"acf":[],"yoast_head":"<!-- This site is optimized with the Yoast SEO plugin v27.3 - https:\/\/yoast.com\/product\/yoast-seo-wordpress\/ -->\n<title>Corps de pont - Balteschwiler AG<\/title>\n<meta name=\"robots\" content=\"index, follow, max-snippet:-1, max-image-preview:large, max-video-preview:-1\" \/>\n<link rel=\"canonical\" href=\"https:\/\/balteschwiler.ch\/fr\/references\/bruckenkorper\/\" \/>\n<meta property=\"og:locale\" content=\"fr_FR\" \/>\n<meta property=\"og:type\" content=\"article\" \/>\n<meta property=\"og:title\" content=\"Corps de pont - Balteschwiler AG\" \/>\n<meta property=\"og:description\" content=\"Pont pour pi\u00e9tons et cyclistes Seeblickweg, Stuttgart Pont innovant \u00e0 forme libre \u00e0 Stuttgart Stuttgart emprunte de nouvelles voies dans la cons\u00adtruction de ponts : de mani\u00e8re innovante, le bois ... Mehr\" \/>\n<meta property=\"og:url\" content=\"https:\/\/balteschwiler.ch\/fr\/references\/bruckenkorper\/\" \/>\n<meta property=\"og:site_name\" content=\"Balteschwiler AG\" \/>\n<meta property=\"article:publisher\" content=\"https:\/\/www.facebook.com\/balteschwiler\" \/>\n<meta property=\"article:modified_time\" content=\"2023-12-18T15:06:40+00:00\" \/>\n<meta property=\"og:image\" content=\"https:\/\/balteschwiler.ch\/wp-content\/uploads\/2023\/11\/Steg-Seeblickweg_Harrer-Ingenieure-GmbH.png\" \/>\n<meta name=\"twitter:card\" content=\"summary_large_image\" \/>\n<meta name=\"twitter:label1\" content=\"Dur\u00e9e de lecture estim\u00e9e\" \/>\n\t<meta name=\"twitter:data1\" content=\"4 minutes\" \/>\n<script type=\"application\/ld+json\" class=\"yoast-schema-graph\">{\"@context\":\"https:\\\/\\\/schema.org\",\"@graph\":[{\"@type\":\"WebPage\",\"@id\":\"https:\\\/\\\/balteschwiler.ch\\\/fr\\\/references\\\/bruckenkorper\\\/\",\"url\":\"https:\\\/\\\/balteschwiler.ch\\\/fr\\\/references\\\/bruckenkorper\\\/\",\"name\":\"Corps de pont - Balteschwiler AG\",\"isPartOf\":{\"@id\":\"https:\\\/\\\/balteschwiler.ch\\\/#website\"},\"primaryImageOfPage\":{\"@id\":\"https:\\\/\\\/balteschwiler.ch\\\/fr\\\/references\\\/bruckenkorper\\\/#primaryimage\"},\"image\":{\"@id\":\"https:\\\/\\\/balteschwiler.ch\\\/fr\\\/references\\\/bruckenkorper\\\/#primaryimage\"},\"thumbnailUrl\":\"https:\\\/\\\/balteschwiler.ch\\\/wp-content\\\/uploads\\\/2023\\\/11\\\/Steg-Seeblickweg_Harrer-Ingenieure-GmbH.png\",\"datePublished\":\"2023-11-09T14:09:28+00:00\",\"dateModified\":\"2023-12-18T15:06:40+00:00\",\"breadcrumb\":{\"@id\":\"https:\\\/\\\/balteschwiler.ch\\\/fr\\\/references\\\/bruckenkorper\\\/#breadcrumb\"},\"inLanguage\":\"fr-FR\",\"potentialAction\":[{\"@type\":\"ReadAction\",\"target\":[\"https:\\\/\\\/balteschwiler.ch\\\/fr\\\/references\\\/bruckenkorper\\\/\"]}]},{\"@type\":\"ImageObject\",\"inLanguage\":\"fr-FR\",\"@id\":\"https:\\\/\\\/balteschwiler.ch\\\/fr\\\/references\\\/bruckenkorper\\\/#primaryimage\",\"url\":\"https:\\\/\\\/balteschwiler.ch\\\/wp-content\\\/uploads\\\/2023\\\/11\\\/Steg-Seeblickweg_Harrer-Ingenieure-GmbH.png\",\"contentUrl\":\"https:\\\/\\\/balteschwiler.ch\\\/wp-content\\\/uploads\\\/2023\\\/11\\\/Steg-Seeblickweg_Harrer-Ingenieure-GmbH.png\"},{\"@type\":\"BreadcrumbList\",\"@id\":\"https:\\\/\\\/balteschwiler.ch\\\/fr\\\/references\\\/bruckenkorper\\\/#breadcrumb\",\"itemListElement\":[{\"@type\":\"ListItem\",\"position\":1,\"name\":\"R\u00e9f\u00e9rences\",\"item\":\"https:\\\/\\\/balteschwiler.ch\\\/fr\\\/references\\\/\"},{\"@type\":\"ListItem\",\"position\":2,\"name\":\"Corps de pont\"}]},{\"@type\":\"WebSite\",\"@id\":\"https:\\\/\\\/balteschwiler.ch\\\/#website\",\"url\":\"https:\\\/\\\/balteschwiler.ch\\\/\",\"name\":\"Balteschwiler AG\",\"description\":\"\",\"publisher\":{\"@id\":\"https:\\\/\\\/balteschwiler.ch\\\/#organization\"},\"potentialAction\":[{\"@type\":\"SearchAction\",\"target\":{\"@type\":\"EntryPoint\",\"urlTemplate\":\"https:\\\/\\\/balteschwiler.ch\\\/?s={search_term_string}\"},\"query-input\":{\"@type\":\"PropertyValueSpecification\",\"valueRequired\":true,\"valueName\":\"search_term_string\"}}],\"inLanguage\":\"fr-FR\"},{\"@type\":\"Organization\",\"@id\":\"https:\\\/\\\/balteschwiler.ch\\\/#organization\",\"name\":\"Balteschwiler AG\",\"url\":\"https:\\\/\\\/balteschwiler.ch\\\/\",\"logo\":{\"@type\":\"ImageObject\",\"inLanguage\":\"fr-FR\",\"@id\":\"https:\\\/\\\/balteschwiler.ch\\\/#\\\/schema\\\/logo\\\/image\\\/\",\"url\":\"https:\\\/\\\/balteschwiler.ch\\\/wp-content\\\/uploads\\\/2022\\\/09\\\/rz_BAL_Logo_d_rgb.png\",\"contentUrl\":\"https:\\\/\\\/balteschwiler.ch\\\/wp-content\\\/uploads\\\/2022\\\/09\\\/rz_BAL_Logo_d_rgb.png\",\"width\":1182,\"height\":224,\"caption\":\"Balteschwiler AG\"},\"image\":{\"@id\":\"https:\\\/\\\/balteschwiler.ch\\\/#\\\/schema\\\/logo\\\/image\\\/\"},\"sameAs\":[\"https:\\\/\\\/www.facebook.com\\\/balteschwiler\"]}]}<\/script>\n<!-- \/ Yoast SEO plugin. -->","yoast_head_json":{"title":"Corps de pont - Balteschwiler AG","robots":{"index":"index","follow":"follow","max-snippet":"max-snippet:-1","max-image-preview":"max-image-preview:large","max-video-preview":"max-video-preview:-1"},"canonical":"https:\/\/balteschwiler.ch\/fr\/references\/bruckenkorper\/","og_locale":"fr_FR","og_type":"article","og_title":"Corps de pont - Balteschwiler AG","og_description":"Pont pour pi\u00e9tons et cyclistes Seeblickweg, Stuttgart Pont innovant \u00e0 forme libre \u00e0 Stuttgart Stuttgart emprunte de nouvelles voies dans la cons\u00adtruction de ponts : de mani\u00e8re innovante, le bois ... Mehr","og_url":"https:\/\/balteschwiler.ch\/fr\/references\/bruckenkorper\/","og_site_name":"Balteschwiler AG","article_publisher":"https:\/\/www.facebook.com\/balteschwiler","article_modified_time":"2023-12-18T15:06:40+00:00","og_image":[{"url":"https:\/\/balteschwiler.ch\/wp-content\/uploads\/2023\/11\/Steg-Seeblickweg_Harrer-Ingenieure-GmbH.png","type":"","width":"","height":""}],"twitter_card":"summary_large_image","twitter_misc":{"Dur\u00e9e de lecture estim\u00e9e":"4 minutes"},"schema":{"@context":"https:\/\/schema.org","@graph":[{"@type":"WebPage","@id":"https:\/\/balteschwiler.ch\/fr\/references\/bruckenkorper\/","url":"https:\/\/balteschwiler.ch\/fr\/references\/bruckenkorper\/","name":"Corps de pont - Balteschwiler AG","isPartOf":{"@id":"https:\/\/balteschwiler.ch\/#website"},"primaryImageOfPage":{"@id":"https:\/\/balteschwiler.ch\/fr\/references\/bruckenkorper\/#primaryimage"},"image":{"@id":"https:\/\/balteschwiler.ch\/fr\/references\/bruckenkorper\/#primaryimage"},"thumbnailUrl":"https:\/\/balteschwiler.ch\/wp-content\/uploads\/2023\/11\/Steg-Seeblickweg_Harrer-Ingenieure-GmbH.png","datePublished":"2023-11-09T14:09:28+00:00","dateModified":"2023-12-18T15:06:40+00:00","breadcrumb":{"@id":"https:\/\/balteschwiler.ch\/fr\/references\/bruckenkorper\/#breadcrumb"},"inLanguage":"fr-FR","potentialAction":[{"@type":"ReadAction","target":["https:\/\/balteschwiler.ch\/fr\/references\/bruckenkorper\/"]}]},{"@type":"ImageObject","inLanguage":"fr-FR","@id":"https:\/\/balteschwiler.ch\/fr\/references\/bruckenkorper\/#primaryimage","url":"https:\/\/balteschwiler.ch\/wp-content\/uploads\/2023\/11\/Steg-Seeblickweg_Harrer-Ingenieure-GmbH.png","contentUrl":"https:\/\/balteschwiler.ch\/wp-content\/uploads\/2023\/11\/Steg-Seeblickweg_Harrer-Ingenieure-GmbH.png"},{"@type":"BreadcrumbList","@id":"https:\/\/balteschwiler.ch\/fr\/references\/bruckenkorper\/#breadcrumb","itemListElement":[{"@type":"ListItem","position":1,"name":"R\u00e9f\u00e9rences","item":"https:\/\/balteschwiler.ch\/fr\/references\/"},{"@type":"ListItem","position":2,"name":"Corps de pont"}]},{"@type":"WebSite","@id":"https:\/\/balteschwiler.ch\/#website","url":"https:\/\/balteschwiler.ch\/","name":"Balteschwiler AG","description":"","publisher":{"@id":"https:\/\/balteschwiler.ch\/#organization"},"potentialAction":[{"@type":"SearchAction","target":{"@type":"EntryPoint","urlTemplate":"https:\/\/balteschwiler.ch\/?s={search_term_string}"},"query-input":{"@type":"PropertyValueSpecification","valueRequired":true,"valueName":"search_term_string"}}],"inLanguage":"fr-FR"},{"@type":"Organization","@id":"https:\/\/balteschwiler.ch\/#organization","name":"Balteschwiler AG","url":"https:\/\/balteschwiler.ch\/","logo":{"@type":"ImageObject","inLanguage":"fr-FR","@id":"https:\/\/balteschwiler.ch\/#\/schema\/logo\/image\/","url":"https:\/\/balteschwiler.ch\/wp-content\/uploads\/2022\/09\/rz_BAL_Logo_d_rgb.png","contentUrl":"https:\/\/balteschwiler.ch\/wp-content\/uploads\/2022\/09\/rz_BAL_Logo_d_rgb.png","width":1182,"height":224,"caption":"Balteschwiler AG"},"image":{"@id":"https:\/\/balteschwiler.ch\/#\/schema\/logo\/image\/"},"sameAs":["https:\/\/www.facebook.com\/balteschwiler"]}]}},"uagb_featured_image_src":{"full":false,"thumbnail":false,"medium":false,"medium_large":false,"large":false,"1536x1536":false,"2048x2048":false,"gform-image-choice-sm":false,"gform-image-choice-md":false,"gform-image-choice-lg":false},"uagb_author_info":{"display_name":"Balteschwiler Marketing","author_link":"https:\/\/balteschwiler.ch\/fr\/author\/infobalteschwiler-ch\/"},"uagb_comment_info":0,"uagb_excerpt":"Pont pour pi\u00e9tons et cyclistes Seeblickweg, Stuttgart Pont innovant \u00e0 forme libre \u00e0 Stuttgart Stuttgart emprunte de nouvelles voies dans la cons\u00adtruction de ponts : de mani\u00e8re innovante, le bois ... Mehr","_links":{"self":[{"href":"https:\/\/balteschwiler.ch\/fr\/wp-json\/wp\/v2\/pages\/9037","targetHints":{"allow":["GET"]}}],"collection":[{"href":"https:\/\/balteschwiler.ch\/fr\/wp-json\/wp\/v2\/pages"}],"about":[{"href":"https:\/\/balteschwiler.ch\/fr\/wp-json\/wp\/v2\/types\/page"}],"author":[{"embeddable":true,"href":"https:\/\/balteschwiler.ch\/fr\/wp-json\/wp\/v2\/users\/2"}],"replies":[{"embeddable":true,"href":"https:\/\/balteschwiler.ch\/fr\/wp-json\/wp\/v2\/comments?post=9037"}],"version-history":[{"count":4,"href":"https:\/\/balteschwiler.ch\/fr\/wp-json\/wp\/v2\/pages\/9037\/revisions"}],"predecessor-version":[{"id":9044,"href":"https:\/\/balteschwiler.ch\/fr\/wp-json\/wp\/v2\/pages\/9037\/revisions\/9044"}],"up":[{"embeddable":true,"href":"https:\/\/balteschwiler.ch\/fr\/wp-json\/wp\/v2\/pages\/8941"}],"wp:attachment":[{"href":"https:\/\/balteschwiler.ch\/fr\/wp-json\/wp\/v2\/media?parent=9037"}],"curies":[{"name":"wp","href":"https:\/\/api.w.org\/{rel}","templated":true}]}}