{"id":9257,"date":"2024-01-23T11:52:00","date_gmt":"2024-01-23T10:52:00","guid":{"rendered":"https:\/\/balteschwiler.ch\/?page_id=9257"},"modified":"2024-02-22T14:35:36","modified_gmt":"2024-02-22T13:35:36","slug":"usinage-de-lamibois","status":"publish","type":"page","link":"https:\/\/balteschwiler.ch\/fr\/references\/usinage-de-lamibois\/","title":{"rendered":"Usinage de lamibois Wisdome Stockholm"},"content":{"rendered":"<div class=\"gb-container gb-container-6ec57639 loadondesktop\"><div class=\"gb-inside-container\">\n<div class=\"gb-grid-wrapper gb-grid-wrapper-d212ffc2\">\n<div class=\"gb-grid-column gb-grid-column-6290146c\"><div class=\"gb-container gb-container-6290146c\"><div class=\"gb-inside-container\">\n\n<p class=\"gb-headline gb-headline-a9091560 gb-headline-text\"><strong>Projet de r\u00e9f\u00e9rence<\/strong><\/p>\n\n\n\n<h1 class=\"gb-headline gb-headline-ae3932be gb-headline-text\">Lamibois pour le toit de forme libre du mus\u00e9e technique de Stockholm<\/h1>\n\n<\/div><\/div><\/div>\n<\/div>\n<\/div><\/div>\n\n<div class=\"gb-container gb-container-0f7de636\"><div class=\"gb-inside-container\">\n\n<div class=\"wp-block-uagb-slider uagb-block-fcd85a6a uagb-slider-container\"><div class=\"uagb-slides uagb-swiper\"><div class=\"swiper-wrapper\">\n<div class=\"wp-block-uagb-slider-child uagb-slider-child-wrap swiper-slide uagb-block-73cf9880\"><div class=\"swiper-content\">\n<figure class=\"wp-block-image size-full\"><img loading=\"lazy\" decoding=\"async\" width=\"1000\" height=\"667\" src=\"https:\/\/balteschwiler.ch\/wp-content\/uploads\/2024\/01\/referenz-konstruktiv-wisdome-stockholm-low-3-1.jpg\" alt=\"\" class=\"wp-image-9278\" srcset=\"https:\/\/balteschwiler.ch\/wp-content\/uploads\/2024\/01\/referenz-konstruktiv-wisdome-stockholm-low-3-1.jpg 1000w, https:\/\/balteschwiler.ch\/wp-content\/uploads\/2024\/01\/referenz-konstruktiv-wisdome-stockholm-low-3-1-300x200.jpg 300w, https:\/\/balteschwiler.ch\/wp-content\/uploads\/2024\/01\/referenz-konstruktiv-wisdome-stockholm-low-3-1-768x512.jpg 768w, https:\/\/balteschwiler.ch\/wp-content\/uploads\/2024\/01\/referenz-konstruktiv-wisdome-stockholm-low-3-1-50x33.jpg 50w\" sizes=\"auto, (max-width: 1000px) 100vw, 1000px\" \/><\/figure>\n<\/div><\/div>\n\n\n\n<div class=\"wp-block-uagb-slider-child uagb-slider-child-wrap swiper-slide uagb-block-297ab518\"><div class=\"swiper-content\">\n<figure class=\"wp-block-image size-full\"><img loading=\"lazy\" decoding=\"async\" width=\"1000\" height=\"667\" src=\"https:\/\/balteschwiler.ch\/wp-content\/uploads\/2024\/01\/referenz-konstruktiv-wisdome-stockholm-low-4.jpg\" alt=\"\" class=\"wp-image-9280\" srcset=\"https:\/\/balteschwiler.ch\/wp-content\/uploads\/2024\/01\/referenz-konstruktiv-wisdome-stockholm-low-4.jpg 1000w, https:\/\/balteschwiler.ch\/wp-content\/uploads\/2024\/01\/referenz-konstruktiv-wisdome-stockholm-low-4-300x200.jpg 300w, https:\/\/balteschwiler.ch\/wp-content\/uploads\/2024\/01\/referenz-konstruktiv-wisdome-stockholm-low-4-768x512.jpg 768w, https:\/\/balteschwiler.ch\/wp-content\/uploads\/2024\/01\/referenz-konstruktiv-wisdome-stockholm-low-4-50x33.jpg 50w\" sizes=\"auto, (max-width: 1000px) 100vw, 1000px\" \/><\/figure>\n<\/div><\/div>\n\n\n\n<div class=\"wp-block-uagb-slider-child uagb-slider-child-wrap swiper-slide uagb-block-2128fd97\"><div class=\"swiper-content\">\n<figure class=\"wp-block-image size-full\"><img loading=\"lazy\" decoding=\"async\" width=\"1000\" height=\"668\" src=\"https:\/\/balteschwiler.ch\/wp-content\/uploads\/2024\/01\/referenz-konstruktiv-wisdome-stockholm-low-5-1.jpg\" alt=\"\" class=\"wp-image-9282\" srcset=\"https:\/\/balteschwiler.ch\/wp-content\/uploads\/2024\/01\/referenz-konstruktiv-wisdome-stockholm-low-5-1.jpg 1000w, https:\/\/balteschwiler.ch\/wp-content\/uploads\/2024\/01\/referenz-konstruktiv-wisdome-stockholm-low-5-1-300x200.jpg 300w, https:\/\/balteschwiler.ch\/wp-content\/uploads\/2024\/01\/referenz-konstruktiv-wisdome-stockholm-low-5-1-768x513.jpg 768w, https:\/\/balteschwiler.ch\/wp-content\/uploads\/2024\/01\/referenz-konstruktiv-wisdome-stockholm-low-5-1-50x33.jpg 50w\" sizes=\"auto, (max-width: 1000px) 100vw, 1000px\" \/><\/figure>\n<\/div><\/div>\n\n\n\n<div class=\"wp-block-uagb-slider-child uagb-slider-child-wrap swiper-slide uagb-block-d680947f\"><div class=\"swiper-content\">\n<figure class=\"wp-block-image size-full\"><img loading=\"lazy\" decoding=\"async\" width=\"1000\" height=\"668\" src=\"https:\/\/balteschwiler.ch\/wp-content\/uploads\/2024\/01\/referenz-konstruktiv-wisdome-stockholm-1-low-1.jpg\" alt=\"\" class=\"wp-image-9284\" srcset=\"https:\/\/balteschwiler.ch\/wp-content\/uploads\/2024\/01\/referenz-konstruktiv-wisdome-stockholm-1-low-1.jpg 1000w, https:\/\/balteschwiler.ch\/wp-content\/uploads\/2024\/01\/referenz-konstruktiv-wisdome-stockholm-1-low-1-300x200.jpg 300w, https:\/\/balteschwiler.ch\/wp-content\/uploads\/2024\/01\/referenz-konstruktiv-wisdome-stockholm-1-low-1-768x513.jpg 768w, https:\/\/balteschwiler.ch\/wp-content\/uploads\/2024\/01\/referenz-konstruktiv-wisdome-stockholm-1-low-1-50x33.jpg 50w\" sizes=\"auto, (max-width: 1000px) 100vw, 1000px\" \/><\/figure>\n<\/div><\/div>\n\n\n\n<div class=\"wp-block-uagb-slider-child uagb-slider-child-wrap swiper-slide uagb-block-2977e9fc\"><div class=\"swiper-content\">\n<figure class=\"wp-block-image size-full\"><img loading=\"lazy\" decoding=\"async\" width=\"1000\" height=\"667\" src=\"https:\/\/balteschwiler.ch\/wp-content\/uploads\/2024\/01\/referenz-konstruktiv-wisdome-stockholm-2-low-1.jpg\" alt=\"\" class=\"wp-image-9286\" srcset=\"https:\/\/balteschwiler.ch\/wp-content\/uploads\/2024\/01\/referenz-konstruktiv-wisdome-stockholm-2-low-1.jpg 1000w, https:\/\/balteschwiler.ch\/wp-content\/uploads\/2024\/01\/referenz-konstruktiv-wisdome-stockholm-2-low-1-300x200.jpg 300w, https:\/\/balteschwiler.ch\/wp-content\/uploads\/2024\/01\/referenz-konstruktiv-wisdome-stockholm-2-low-1-768x512.jpg 768w, https:\/\/balteschwiler.ch\/wp-content\/uploads\/2024\/01\/referenz-konstruktiv-wisdome-stockholm-2-low-1-50x33.jpg 50w\" sizes=\"auto, (max-width: 1000px) 100vw, 1000px\" \/><\/figure>\n<\/div><\/div>\n\n\n\n<div class=\"wp-block-uagb-slider-child uagb-slider-child-wrap swiper-slide uagb-block-692daf65\"><div class=\"swiper-content\">\n<figure class=\"wp-block-image size-full\"><img loading=\"lazy\" decoding=\"async\" width=\"1000\" height=\"667\" src=\"https:\/\/balteschwiler.ch\/wp-content\/uploads\/2024\/01\/referenz-konstruktiv-wisdome-stockholm-low-1.jpg\" alt=\"\" class=\"wp-image-9276\" srcset=\"https:\/\/balteschwiler.ch\/wp-content\/uploads\/2024\/01\/referenz-konstruktiv-wisdome-stockholm-low-1.jpg 1000w, https:\/\/balteschwiler.ch\/wp-content\/uploads\/2024\/01\/referenz-konstruktiv-wisdome-stockholm-low-1-300x200.jpg 300w, https:\/\/balteschwiler.ch\/wp-content\/uploads\/2024\/01\/referenz-konstruktiv-wisdome-stockholm-low-1-768x512.jpg 768w, https:\/\/balteschwiler.ch\/wp-content\/uploads\/2024\/01\/referenz-konstruktiv-wisdome-stockholm-low-1-50x33.jpg 50w\" sizes=\"auto, (max-width: 1000px) 100vw, 1000px\" \/><\/figure>\n<\/div><\/div>\n<\/div><\/div><div class=\"swiper-button-prev\"><\/div><div class=\"swiper-button-next\"><\/div><\/div>\n\n\n\n<div style=\"height:50px\" aria-hidden=\"true\" class=\"wp-block-spacer\"><\/div>\n\n\n\n<div class=\"wp-block-columns is-layout-flex wp-container-core-columns-is-layout-9d6595d7 wp-block-columns-is-layout-flex\">\n<div class=\"wp-block-column is-layout-flow wp-block-column-is-layout-flow\" style=\"flex-basis:66.66%\">\n<hr class=\"wp-block-separator has-text-color has-contrast-color has-alpha-channel-opacity has-contrast-background-color has-background\"\/>\n\n\n\n<h2 class=\"wp-block-heading\">Lamibois pour le toit de forme libre du mus\u00e9e technique de Stockholm<\/h2>\n\n\n\n<p class=\"has-medium-font-size\">Wisdome Stockholm &#8211; un projet de construction en bois exceptionnel \u00e0 bien des \u00e9gards. Le b\u00e2timent du mus\u00e9e technique de Stockholm comprend un th\u00e9\u00e2tre en d\u00f4me avec un cin\u00e9ma en 3D pour des projections \u00e0 360 degr\u00e9s et vise \u00e0 promouvoir l&rsquo;int\u00e9r\u00eat pour la science et la technologie, en particulier chez les jeunes. Le bureau d&rsquo;architectes su\u00e9dois Elding Oscarson, en collaboration avec l&rsquo;ing\u00e9nieur civil Florian Kosche, est responsable de cette impressionnante conception. Le toit de forme libre est compos\u00e9 de cinq couches de bandes de panneaux LVL qui forment un motif \u00e0 carreaux ondulant et couvrent une port\u00e9e de 48 m\u00e8tres \u2013 sans aucun pilier porteur. Blumer-Lehmann a \u00e9t\u00e9 charg\u00e9 du d\u00e9veloppement, de la production et du montage de la structure en bois de forme libre complexe. Pour l&rsquo;usinage des quelque vingt kilom\u00e8tres de bandes de panneaux LVL, Blumer-Lehmann a fait appel au soutien de Balteschwiler SA. Nous avons frais\u00e9 les arches n\u00e9cessaires dans les panneaux bruts en lamibois de Stora Enso et les avons fa\u00e7onn\u00e9s avec les contours et les trous n\u00e9cessaires \u00e0 l&rsquo;assemblage par chevilles et tenons. Il s&rsquo;agissait d&rsquo;environ 5000 pi\u00e8ces individuelles avec des angles et des inclinaisons diff\u00e9rents. Pour un traitement ult\u00e9rieur sans probl\u00e8me, nous avons empil\u00e9 toutes les pi\u00e8ces individuelles selon l&rsquo;ordre pr\u00e9d\u00e9fini, les avons clairement \u00e9tiquet\u00e9es et pr\u00e9par\u00e9es pour le transport.<\/p>\n\n\n<div class=\"gb-button-wrapper gb-button-wrapper-7c34dbc8\">\n\n<a class=\"gb-button gb-button-b8c1b8eb gb-button-text smooth-scroll button-border-none\" href=\"https:\/\/balteschwiler.ch\/wp-content\/uploads\/2024\/02\/23-referenzen-konstruktiv-lvl-blumer-lehmann-wisdome-fr-low.pdf\" target=\"_blank\" rel=\"noopener noreferrer\">Fiche de r\u00e9f\u00e9rence<\/a>\n\n<\/div><\/div>\n\n\n\n<div class=\"wp-block-column spalte-custom-space-left is-layout-flow wp-block-column-is-layout-flow\" style=\"flex-basis:33.33%\">\n<hr class=\"wp-block-separator has-text-color has-contrast-color has-alpha-channel-opacity has-contrast-background-color has-background\"\/>\n\n\n\n<p><strong>Ann\u00e9e de construction<\/strong><br>2022-2023<\/p>\n\n\n\n<p><strong>Type de b\u00e2timent \/ usage<br><\/strong>Mus\u00e9e<\/p>\n\n\n\n<p><strong>Ma\u00eetre d\u02bcouvrage<br><\/strong>Tekniska Museet Stockholm<\/p>\n\n\n\n<p><strong>Partenaire d\u02bcex\u00e9cution\/Client<\/strong><br>Blumer-Lehman<\/p>\n\n\n\n<p><strong>Services Balteschwiler utilis\u00e9s <\/strong><br>Usinage CNC de bandes de lamibois (LVL), y compris<br>tous les fraisages et per\u00e7ages, empilage selon un ordre<br>pr\u00e9d\u00e9fini, \u00e9tiquetage de toutes les pi\u00e8ces individuelles<br>et de tous les paquets<\/p>\n<\/div>\n<\/div>\n\n<\/div><\/div>","protected":false},"excerpt":{"rendered":"<p>Lamibois pour le toit de forme libre du mus\u00e9e technique de Stockholm Wisdome Stockholm &#8211; un projet de construction en bois exceptionnel \u00e0 bien des \u00e9gards. Le b\u00e2timent du mus\u00e9e &#8230; <a title=\"Usinage de lamibois Wisdome Stockholm\" class=\"read-more\" href=\"https:\/\/balteschwiler.ch\/fr\/references\/usinage-de-lamibois\/\" aria-label=\"En savoir plus sur Usinage de lamibois Wisdome Stockholm\">Mehr<\/a><\/p>\n","protected":false},"author":2,"featured_media":0,"parent":8941,"menu_order":0,"comment_status":"closed","ping_status":"closed","template":"","meta":{"_acf_changed":false,"inline_featured_image":false,"_uag_custom_page_level_css":"","footnotes":""},"class_list":["post-9257","page","type-page","status-publish"],"acf":[],"yoast_head":"<!-- This site is optimized with the Yoast SEO plugin v27.5 - https:\/\/yoast.com\/product\/yoast-seo-wordpress\/ -->\n<title>Usinage de lamibois Wisdome Stockholm - Balteschwiler AG<\/title>\n<meta name=\"robots\" content=\"index, follow, max-snippet:-1, max-image-preview:large, max-video-preview:-1\" \/>\n<link rel=\"canonical\" href=\"https:\/\/balteschwiler.ch\/fr\/references\/usinage-de-lamibois\/\" \/>\n<meta property=\"og:locale\" content=\"fr_FR\" \/>\n<meta property=\"og:type\" content=\"article\" \/>\n<meta property=\"og:title\" content=\"Usinage de lamibois Wisdome Stockholm - Balteschwiler AG\" \/>\n<meta property=\"og:description\" content=\"Lamibois pour le toit de forme libre du mus\u00e9e technique de Stockholm Wisdome Stockholm &#8211; un projet de construction en bois exceptionnel \u00e0 bien des \u00e9gards. Le b\u00e2timent du mus\u00e9e ... Mehr\" \/>\n<meta property=\"og:url\" content=\"https:\/\/balteschwiler.ch\/fr\/references\/usinage-de-lamibois\/\" \/>\n<meta property=\"og:site_name\" content=\"Balteschwiler AG\" \/>\n<meta property=\"article:publisher\" content=\"https:\/\/www.facebook.com\/balteschwiler\" \/>\n<meta property=\"article:modified_time\" content=\"2024-02-22T13:35:36+00:00\" \/>\n<meta property=\"og:image\" content=\"https:\/\/balteschwiler.ch\/wp-content\/uploads\/2024\/01\/referenz-konstruktiv-wisdome-stockholm-low-3-1.jpg\" \/>\n<meta name=\"twitter:card\" content=\"summary_large_image\" \/>\n<meta name=\"twitter:label1\" content=\"Dur\u00e9e de lecture estim\u00e9e\" \/>\n\t<meta name=\"twitter:data1\" content=\"3 minutes\" \/>\n<script type=\"application\/ld+json\" class=\"yoast-schema-graph\">{\"@context\":\"https:\\\/\\\/schema.org\",\"@graph\":[{\"@type\":\"WebPage\",\"@id\":\"https:\\\/\\\/balteschwiler.ch\\\/fr\\\/references\\\/usinage-de-lamibois\\\/\",\"url\":\"https:\\\/\\\/balteschwiler.ch\\\/fr\\\/references\\\/usinage-de-lamibois\\\/\",\"name\":\"Usinage de lamibois Wisdome Stockholm - Balteschwiler AG\",\"isPartOf\":{\"@id\":\"https:\\\/\\\/balteschwiler.ch\\\/#website\"},\"primaryImageOfPage\":{\"@id\":\"https:\\\/\\\/balteschwiler.ch\\\/fr\\\/references\\\/usinage-de-lamibois\\\/#primaryimage\"},\"image\":{\"@id\":\"https:\\\/\\\/balteschwiler.ch\\\/fr\\\/references\\\/usinage-de-lamibois\\\/#primaryimage\"},\"thumbnailUrl\":\"https:\\\/\\\/balteschwiler.ch\\\/wp-content\\\/uploads\\\/2024\\\/01\\\/referenz-konstruktiv-wisdome-stockholm-low-3-1.jpg\",\"datePublished\":\"2024-01-23T10:52:00+00:00\",\"dateModified\":\"2024-02-22T13:35:36+00:00\",\"breadcrumb\":{\"@id\":\"https:\\\/\\\/balteschwiler.ch\\\/fr\\\/references\\\/usinage-de-lamibois\\\/#breadcrumb\"},\"inLanguage\":\"fr-FR\",\"potentialAction\":[{\"@type\":\"ReadAction\",\"target\":[\"https:\\\/\\\/balteschwiler.ch\\\/fr\\\/references\\\/usinage-de-lamibois\\\/\"]}]},{\"@type\":\"ImageObject\",\"inLanguage\":\"fr-FR\",\"@id\":\"https:\\\/\\\/balteschwiler.ch\\\/fr\\\/references\\\/usinage-de-lamibois\\\/#primaryimage\",\"url\":\"https:\\\/\\\/balteschwiler.ch\\\/wp-content\\\/uploads\\\/2024\\\/01\\\/referenz-konstruktiv-wisdome-stockholm-low-3-1.jpg\",\"contentUrl\":\"https:\\\/\\\/balteschwiler.ch\\\/wp-content\\\/uploads\\\/2024\\\/01\\\/referenz-konstruktiv-wisdome-stockholm-low-3-1.jpg\"},{\"@type\":\"BreadcrumbList\",\"@id\":\"https:\\\/\\\/balteschwiler.ch\\\/fr\\\/references\\\/usinage-de-lamibois\\\/#breadcrumb\",\"itemListElement\":[{\"@type\":\"ListItem\",\"position\":1,\"name\":\"R\u00e9f\u00e9rences\",\"item\":\"https:\\\/\\\/balteschwiler.ch\\\/fr\\\/references\\\/\"},{\"@type\":\"ListItem\",\"position\":2,\"name\":\"Usinage de lamibois Wisdome Stockholm\"}]},{\"@type\":\"WebSite\",\"@id\":\"https:\\\/\\\/balteschwiler.ch\\\/#website\",\"url\":\"https:\\\/\\\/balteschwiler.ch\\\/\",\"name\":\"Balteschwiler AG\",\"description\":\"\",\"publisher\":{\"@id\":\"https:\\\/\\\/balteschwiler.ch\\\/#organization\"},\"potentialAction\":[{\"@type\":\"SearchAction\",\"target\":{\"@type\":\"EntryPoint\",\"urlTemplate\":\"https:\\\/\\\/balteschwiler.ch\\\/?s={search_term_string}\"},\"query-input\":{\"@type\":\"PropertyValueSpecification\",\"valueRequired\":true,\"valueName\":\"search_term_string\"}}],\"inLanguage\":\"fr-FR\"},{\"@type\":\"Organization\",\"@id\":\"https:\\\/\\\/balteschwiler.ch\\\/#organization\",\"name\":\"Balteschwiler AG\",\"url\":\"https:\\\/\\\/balteschwiler.ch\\\/\",\"logo\":{\"@type\":\"ImageObject\",\"inLanguage\":\"fr-FR\",\"@id\":\"https:\\\/\\\/balteschwiler.ch\\\/#\\\/schema\\\/logo\\\/image\\\/\",\"url\":\"https:\\\/\\\/balteschwiler.ch\\\/wp-content\\\/uploads\\\/2022\\\/09\\\/rz_BAL_Logo_d_rgb.png\",\"contentUrl\":\"https:\\\/\\\/balteschwiler.ch\\\/wp-content\\\/uploads\\\/2022\\\/09\\\/rz_BAL_Logo_d_rgb.png\",\"width\":1182,\"height\":224,\"caption\":\"Balteschwiler AG\"},\"image\":{\"@id\":\"https:\\\/\\\/balteschwiler.ch\\\/#\\\/schema\\\/logo\\\/image\\\/\"},\"sameAs\":[\"https:\\\/\\\/www.facebook.com\\\/balteschwiler\"]}]}<\/script>\n<!-- \/ Yoast SEO plugin. -->","yoast_head_json":{"title":"Usinage de lamibois Wisdome Stockholm - Balteschwiler AG","robots":{"index":"index","follow":"follow","max-snippet":"max-snippet:-1","max-image-preview":"max-image-preview:large","max-video-preview":"max-video-preview:-1"},"canonical":"https:\/\/balteschwiler.ch\/fr\/references\/usinage-de-lamibois\/","og_locale":"fr_FR","og_type":"article","og_title":"Usinage de lamibois Wisdome Stockholm - Balteschwiler AG","og_description":"Lamibois pour le toit de forme libre du mus\u00e9e technique de Stockholm Wisdome Stockholm &#8211; un projet de construction en bois exceptionnel \u00e0 bien des \u00e9gards. Le b\u00e2timent du mus\u00e9e ... Mehr","og_url":"https:\/\/balteschwiler.ch\/fr\/references\/usinage-de-lamibois\/","og_site_name":"Balteschwiler AG","article_publisher":"https:\/\/www.facebook.com\/balteschwiler","article_modified_time":"2024-02-22T13:35:36+00:00","og_image":[{"url":"https:\/\/balteschwiler.ch\/wp-content\/uploads\/2024\/01\/referenz-konstruktiv-wisdome-stockholm-low-3-1.jpg","type":"","width":"","height":""}],"twitter_card":"summary_large_image","twitter_misc":{"Dur\u00e9e de lecture estim\u00e9e":"3 minutes"},"schema":{"@context":"https:\/\/schema.org","@graph":[{"@type":"WebPage","@id":"https:\/\/balteschwiler.ch\/fr\/references\/usinage-de-lamibois\/","url":"https:\/\/balteschwiler.ch\/fr\/references\/usinage-de-lamibois\/","name":"Usinage de lamibois Wisdome Stockholm - Balteschwiler AG","isPartOf":{"@id":"https:\/\/balteschwiler.ch\/#website"},"primaryImageOfPage":{"@id":"https:\/\/balteschwiler.ch\/fr\/references\/usinage-de-lamibois\/#primaryimage"},"image":{"@id":"https:\/\/balteschwiler.ch\/fr\/references\/usinage-de-lamibois\/#primaryimage"},"thumbnailUrl":"https:\/\/balteschwiler.ch\/wp-content\/uploads\/2024\/01\/referenz-konstruktiv-wisdome-stockholm-low-3-1.jpg","datePublished":"2024-01-23T10:52:00+00:00","dateModified":"2024-02-22T13:35:36+00:00","breadcrumb":{"@id":"https:\/\/balteschwiler.ch\/fr\/references\/usinage-de-lamibois\/#breadcrumb"},"inLanguage":"fr-FR","potentialAction":[{"@type":"ReadAction","target":["https:\/\/balteschwiler.ch\/fr\/references\/usinage-de-lamibois\/"]}]},{"@type":"ImageObject","inLanguage":"fr-FR","@id":"https:\/\/balteschwiler.ch\/fr\/references\/usinage-de-lamibois\/#primaryimage","url":"https:\/\/balteschwiler.ch\/wp-content\/uploads\/2024\/01\/referenz-konstruktiv-wisdome-stockholm-low-3-1.jpg","contentUrl":"https:\/\/balteschwiler.ch\/wp-content\/uploads\/2024\/01\/referenz-konstruktiv-wisdome-stockholm-low-3-1.jpg"},{"@type":"BreadcrumbList","@id":"https:\/\/balteschwiler.ch\/fr\/references\/usinage-de-lamibois\/#breadcrumb","itemListElement":[{"@type":"ListItem","position":1,"name":"R\u00e9f\u00e9rences","item":"https:\/\/balteschwiler.ch\/fr\/references\/"},{"@type":"ListItem","position":2,"name":"Usinage de lamibois Wisdome Stockholm"}]},{"@type":"WebSite","@id":"https:\/\/balteschwiler.ch\/#website","url":"https:\/\/balteschwiler.ch\/","name":"Balteschwiler AG","description":"","publisher":{"@id":"https:\/\/balteschwiler.ch\/#organization"},"potentialAction":[{"@type":"SearchAction","target":{"@type":"EntryPoint","urlTemplate":"https:\/\/balteschwiler.ch\/?s={search_term_string}"},"query-input":{"@type":"PropertyValueSpecification","valueRequired":true,"valueName":"search_term_string"}}],"inLanguage":"fr-FR"},{"@type":"Organization","@id":"https:\/\/balteschwiler.ch\/#organization","name":"Balteschwiler AG","url":"https:\/\/balteschwiler.ch\/","logo":{"@type":"ImageObject","inLanguage":"fr-FR","@id":"https:\/\/balteschwiler.ch\/#\/schema\/logo\/image\/","url":"https:\/\/balteschwiler.ch\/wp-content\/uploads\/2022\/09\/rz_BAL_Logo_d_rgb.png","contentUrl":"https:\/\/balteschwiler.ch\/wp-content\/uploads\/2022\/09\/rz_BAL_Logo_d_rgb.png","width":1182,"height":224,"caption":"Balteschwiler AG"},"image":{"@id":"https:\/\/balteschwiler.ch\/#\/schema\/logo\/image\/"},"sameAs":["https:\/\/www.facebook.com\/balteschwiler"]}]}},"uagb_featured_image_src":{"full":false,"thumbnail":false,"medium":false,"medium_large":false,"large":false,"1536x1536":false,"2048x2048":false,"gform-image-choice-sm":false,"gform-image-choice-md":false,"gform-image-choice-lg":false},"uagb_author_info":{"display_name":"Balteschwiler Marketing","author_link":"https:\/\/balteschwiler.ch\/fr\/author\/infobalteschwiler-ch\/"},"uagb_comment_info":0,"uagb_excerpt":"Lamibois pour le toit de forme libre du mus\u00e9e technique de Stockholm Wisdome Stockholm &#8211; un projet de construction en bois exceptionnel \u00e0 bien des \u00e9gards. Le b\u00e2timent du mus\u00e9e ... Mehr","_links":{"self":[{"href":"https:\/\/balteschwiler.ch\/fr\/wp-json\/wp\/v2\/pages\/9257","targetHints":{"allow":["GET"]}}],"collection":[{"href":"https:\/\/balteschwiler.ch\/fr\/wp-json\/wp\/v2\/pages"}],"about":[{"href":"https:\/\/balteschwiler.ch\/fr\/wp-json\/wp\/v2\/types\/page"}],"author":[{"embeddable":true,"href":"https:\/\/balteschwiler.ch\/fr\/wp-json\/wp\/v2\/users\/2"}],"replies":[{"embeddable":true,"href":"https:\/\/balteschwiler.ch\/fr\/wp-json\/wp\/v2\/comments?post=9257"}],"version-history":[{"count":2,"href":"https:\/\/balteschwiler.ch\/fr\/wp-json\/wp\/v2\/pages\/9257\/revisions"}],"predecessor-version":[{"id":9379,"href":"https:\/\/balteschwiler.ch\/fr\/wp-json\/wp\/v2\/pages\/9257\/revisions\/9379"}],"up":[{"embeddable":true,"href":"https:\/\/balteschwiler.ch\/fr\/wp-json\/wp\/v2\/pages\/8941"}],"wp:attachment":[{"href":"https:\/\/balteschwiler.ch\/fr\/wp-json\/wp\/v2\/media?parent=9257"}],"curies":[{"name":"wp","href":"https:\/\/api.w.org\/{rel}","templated":true}]}}